{"id":55909,"date":"2026-04-15T10:08:58","date_gmt":"2026-04-15T08:08:58","guid":{"rendered":"https:\/\/ironsky.pl\/sklep\/produkt\/hub-ugreen-cm511-5w1-usb-c-hdmi-3x-usb-3-0-sd-szary\/"},"modified":"2026-04-15T10:46:23","modified_gmt":"2026-04-15T08:46:23","slug":"hub-ugreen-cm511-5w1-usb-c-hdmi-3x-usb-3-0-sd-szary","status":"publish","type":"product","link":"https:\/\/ironsky.pl\/sklep\/produkt\/hub-ugreen-cm511-5w1-usb-c-hdmi-3x-usb-3-0-sd-szary\/","title":{"rendered":"Hub UGREEN CM511 5w1 USB-C HDMI 3x USB 3.0 SD (szary)"},"content":{"rendered":"<h3>Adapter 5w1 UGREEN CM511<\/h3>\n<p>Zwi\u0119ksz mo\u017cliwo\u015bci swojego komputera lub laptopa. Wielofunkcyjny adapter UGREEN CM511 oferuje a\u017c 6 przydatnych port\u00f3w &#8211; 3 porty USB3.0, port HDMI oraz gniazda na karty SD i micro SD. Urz\u0105dzenie pozwala wy\u015bwietla\u0107 doskona\u0142ej jako\u015bci obraz 4K i umo\u017cliwia przesy\u0142anie plik\u00f3w z pr\u0119dko\u015bci\u0105 do 5 Gbps. Wyr\u00f3\u017cnia je tak\u017ce uniwersalna kompatybilno\u015b\u0107, kompaktowy rozmiar i solidna konstrukcja.<\/p>\n<p><img decoding=\"async\" src=\"https:\/\/b2b.innpro.pl\/data\/include\/cms\/012UGREEN\/60383\/6.jpg?v=1637912289390\"><\/p>\n<h3>Fantastyczna jako\u015b\u0107 obrazu<\/h3>\n<p>Ogl\u0105daj filmy na du\u017cym ekranie i nie przegap \u017cadnego, najmniejszego nawet szczeg\u00f3\u0142u. Adapter zosta\u0142 wyposa\u017cony w port HDMI, kt\u00f3ry umo\u017cliwia wy\u015bwietlanie obrazu 4K \/ 60 Hz. Bogata, \u017cywa kolorystyka i zachwycaj\u0105ce bogactwo detali pozwol\u0105 Ci jeszcze bardziej zanurzy\u0107 si\u0119 w \u015bwiecie ulubionego tytu\u0142u!<\/p>\n<p><img decoding=\"async\" src=\"https:\/\/b2b.innpro.pl\/data\/include\/cms\/012UGREEN\/60383\/5.jpg?v=1637912289390\"><\/p>\n<h3>Wygodnie korzystaj z kart pami\u0119ci<\/h3>\n<p>Tw\u00f3j laptop nie ma gniazda na karty pami\u0119ci? \u017baden problem! Adapter CM511 oferuje a\u017c 2 &#8211; jedno na kart\u0119 SD, a drugie na micro SD. Umo\u017cliwia te\u017c jednoczesny odczyt i zapis danych z pr\u0119dko\u015bci\u0105 nawet 104 MB\/s. Z UGREEN u\u0142atwisz sobie prac\u0119 i zaoszcz\u0119dzisz czas!<\/p>\n<p><img decoding=\"async\" src=\"https:\/\/b2b.innpro.pl\/data\/include\/cms\/012UGREEN\/60383\/4.jpg?v=1637912289390\"><\/p>\n<h3>Przesy\u0142aj pliki w mgnieniu oka<\/h3>\n<p>Ju\u017c nie musisz traci\u0107 cennego czasu na czekanie, a\u017c Twoje pliki zostan\u0105 przes\u0142ane. Adapter umo\u017cliwia transmisj\u0119 danych z pr\u0119dko\u015bci\u0105 nawet 5 Gbps. Teraz wszystkie wa\u017cne zdj\u0119cia, filmy, dokumenty czy piosenki w mgnieniu oka znajd\u0105 si\u0119 w docelowym miejscu.<\/p>\n<p><img decoding=\"async\" src=\"https:\/\/b2b.innpro.pl\/data\/include\/cms\/012UGREEN\/60383\/3.jpg?v=1637912289390\"><\/p>\n<h3>Szeroka kompatybilno\u015b\u0107<\/h3>\n<p>Adapter jest kompatybilny z wi\u0119kszo\u015bci\u0105 popularnych urz\u0105dze\u0144. Z powodzeniem pod\u0142\u0105czysz go na przyk\u0142ad do komputera, laptopa, tabletu i smartfona. Wsp\u00f3\u0142pracuje z systemami iOS, Windows i Chrome OS. Problemy z kompatybilno\u015bci\u0105 zostan\u0105 tylko przykrym wspomnieniem!<\/p>\n<p><img decoding=\"async\" src=\"https:\/\/b2b.innpro.pl\/data\/include\/cms\/012UGREEN\/60383\/2.jpg?v=1637912289390\"><\/p>\n<h3>Przeno\u015bny<\/h3>\n<p>Korzystaj z funkcjonalno\u015bci adaptera nie tylko w domu, ale te\u017c na przyk\u0142ad w pracy lub na wakacjach. Urz\u0105dzenie jest niezwykle lekkie i kompaktowe jego wymiary wynosz\u0105 oko\u0142o 114 x 33 x 12 mm. Bez problemu zmie\u015bcisz je w torbie lub plecaku i zabierzesz ze sob\u0105 wsz\u0119dzie, gdzie b\u0119dzie Ci potrzebne!<\/p>\n<p><img decoding=\"async\" src=\"https:\/\/b2b.innpro.pl\/data\/include\/cms\/012UGREEN\/60383\/1.jpg?v=1637912289390\"><\/p>\n<div class=\"table-wrapper\">\n<table>\n<tbody>\n<tr>\n<th>Producent<\/th>\n<td>UGREEN<\/td>\n<\/tr>\n<tr>\n<th>Model<\/th>\n<td>CM5111<\/td>\n<\/tr>\n<tr>\n<th>Wymiary<\/th>\n<td>Ok. 114 x 33 x 12 mm<\/td>\n<\/tr>\n<tr>\n<th>Porty<\/th>\n<td>3x USB3.0, HDMI, gniazdo na kart\u0119 SD, gniazdo na kart\u0119 micro SD<\/td>\n<\/tr>\n<tr>\n<th>Kolor<\/th>\n<td>Szary<\/td>\n<\/tr>\n<tr>\n<th>Pr\u0119dko\u015b\u0107 transmisji<\/th>\n<td>Do 5 Gbps<\/td>\n<\/tr>\n<tr>\n<th>Pr\u0119dko\u015b\u0107 odczytu \/ zapisu z karty pami\u0119ci<\/th>\n<td>Do 104 MB\/s<\/td>\n<\/tr>\n<tr>\n<th>Rozdzielczo\u015b\u0107<\/th>\n<td>4K \/ 60 Hz<\/td>\n<\/tr>\n<\/tbody>\n<\/table>\n<\/div>\n","protected":false},"excerpt":{"rendered":"<p>Adapter 5w1 UGREEN CM511 Zwi\u0119ksz mo\u017cliwo\u015bci swojego komputera lub laptopa. Wielofunkcyjny adapter UGREEN CM511 oferuje a\u017c 6 przydatnych port\u00f3w &#8211;<\/p>\n","protected":false},"featured_media":41550,"comment_status":"closed","ping_status":"open","template":"","meta":{"_acf_changed":false},"product_brand":[],"product_cat":[5929,5934],"product_tag":[],"class_list":{"0":"post-55909","1":"product","2":"type-product","3":"status-publish","4":"has-post-thumbnail","6":"product_cat-akcesoria-it","7":"product_cat-huby","8":"pa_okres-gwarancji-5757","9":"pa_producent-ugreen","11":"first","12":"outofstock","13":"taxable","14":"shipping-taxable","15":"purchasable","16":"product-type-simple"},"acf":[],"yoast_head":"<!-- This site is optimized with the Yoast SEO plugin v27.2 - https:\/\/yoast.com\/product\/yoast-seo-wordpress\/ -->\n<title>Hub UGREEN CM511 5w1 USB-C HDMI 3x USB 3.0 SD (szary) - IRONSKY.PL Sklep z Dronami<\/title>\n<meta name=\"description\" content=\"Hub UGREEN CM511 5w1 USB-C HDMI 3x USB 3.0 SD (szary) - \u2705 sklep z dronami i fachowym doradztwem. \u2705 Tutaj kupisz produkty DJI, Yuneec, Parrot, Syma i wiele innych, a tak\u017ce kursy i licencje na operatora drona.\" \/>\n<meta name=\"robots\" content=\"index, follow, max-snippet:-1, max-image-preview:large, max-video-preview:-1\" \/>\n<link rel=\"canonical\" href=\"https:\/\/ironsky.pl\/sklep\/produkt\/hub-ugreen-cm511-5w1-usb-c-hdmi-3x-usb-3-0-sd-szary\/\" \/>\n<meta property=\"og:locale\" content=\"pl_PL\" \/>\n<meta property=\"og:type\" content=\"article\" \/>\n<meta property=\"og:title\" content=\"Hub UGREEN CM511 5w1 USB-C HDMI 3x USB 3.0 SD (szary) - IRONSKY.PL Sklep z Dronami\" \/>\n<meta property=\"og:description\" content=\"Hub UGREEN CM511 5w1 USB-C HDMI 3x USB 3.0 SD (szary) - \u2705 sklep z dronami i fachowym doradztwem. \u2705 Tutaj kupisz produkty DJI, Yuneec, Parrot, Syma i wiele innych, a tak\u017ce kursy i licencje na operatora drona.\" \/>\n<meta property=\"og:url\" content=\"https:\/\/ironsky.pl\/sklep\/produkt\/hub-ugreen-cm511-5w1-usb-c-hdmi-3x-usb-3-0-sd-szary\/\" \/>\n<meta property=\"og:site_name\" content=\"IRONSKY.PL Sklep z Dronami\" \/>\n<meta property=\"article:modified_time\" content=\"2026-04-15T08:46:23+00:00\" \/>\n<meta property=\"og:image\" content=\"https:\/\/ironsky.pl\/sklep\/wp-content\/uploads\/2025\/06\/22192_1.jpg\" \/>\n\t<meta property=\"og:image:width\" content=\"800\" \/>\n\t<meta property=\"og:image:height\" content=\"800\" \/>\n\t<meta property=\"og:image:type\" content=\"image\/jpeg\" \/>\n<meta name=\"twitter:card\" content=\"summary_large_image\" \/>\n<meta name=\"twitter:label1\" content=\"Szacowany czas czytania\" \/>\n\t<meta name=\"twitter:data1\" content=\"2 minuty\" \/>\n<script type=\"application\/ld+json\" class=\"yoast-schema-graph\">{\"@context\":\"https:\/\/schema.org\",\"@graph\":[{\"@type\":\"WebPage\",\"@id\":\"https:\/\/ironsky.pl\/sklep\/produkt\/hub-ugreen-cm511-5w1-usb-c-hdmi-3x-usb-3-0-sd-szary\/\",\"url\":\"https:\/\/ironsky.pl\/sklep\/produkt\/hub-ugreen-cm511-5w1-usb-c-hdmi-3x-usb-3-0-sd-szary\/\",\"name\":\"Hub UGREEN CM511 5w1 USB-C HDMI 3x USB 3.0 SD (szary) - IRONSKY.PL Sklep z Dronami\",\"isPartOf\":{\"@id\":\"https:\/\/ironsky.pl\/sklep\/#website\"},\"primaryImageOfPage\":{\"@id\":\"https:\/\/ironsky.pl\/sklep\/produkt\/hub-ugreen-cm511-5w1-usb-c-hdmi-3x-usb-3-0-sd-szary\/#primaryimage\"},\"image\":{\"@id\":\"https:\/\/ironsky.pl\/sklep\/produkt\/hub-ugreen-cm511-5w1-usb-c-hdmi-3x-usb-3-0-sd-szary\/#primaryimage\"},\"thumbnailUrl\":\"https:\/\/ironsky.pl\/sklep\/wp-content\/uploads\/2025\/06\/22192_1.jpg\",\"datePublished\":\"2026-04-15T08:08:58+00:00\",\"dateModified\":\"2026-04-15T08:46:23+00:00\",\"description\":\"Hub UGREEN CM511 5w1 USB-C HDMI 3x USB 3.0 SD (szary) - \u2705 sklep z dronami i fachowym doradztwem. \u2705 Tutaj kupisz produkty DJI, Yuneec, Parrot, Syma i wiele innych, a tak\u017ce kursy i licencje na operatora drona.\",\"breadcrumb\":{\"@id\":\"https:\/\/ironsky.pl\/sklep\/produkt\/hub-ugreen-cm511-5w1-usb-c-hdmi-3x-usb-3-0-sd-szary\/#breadcrumb\"},\"inLanguage\":\"pl-PL\",\"potentialAction\":[{\"@type\":\"ReadAction\",\"target\":[\"https:\/\/ironsky.pl\/sklep\/produkt\/hub-ugreen-cm511-5w1-usb-c-hdmi-3x-usb-3-0-sd-szary\/\"]}]},{\"@type\":\"ImageObject\",\"inLanguage\":\"pl-PL\",\"@id\":\"https:\/\/ironsky.pl\/sklep\/produkt\/hub-ugreen-cm511-5w1-usb-c-hdmi-3x-usb-3-0-sd-szary\/#primaryimage\",\"url\":\"https:\/\/ironsky.pl\/sklep\/wp-content\/uploads\/2025\/06\/22192_1.jpg\",\"contentUrl\":\"https:\/\/ironsky.pl\/sklep\/wp-content\/uploads\/2025\/06\/22192_1.jpg\",\"width\":800,\"height\":800},{\"@type\":\"BreadcrumbList\",\"@id\":\"https:\/\/ironsky.pl\/sklep\/produkt\/hub-ugreen-cm511-5w1-usb-c-hdmi-3x-usb-3-0-sd-szary\/#breadcrumb\",\"itemListElement\":[{\"@type\":\"ListItem\",\"position\":1,\"name\":\"Strona g\u0142\u00f3wna\",\"item\":\"https:\/\/ironsky.pl\/sklep\/\"},{\"@type\":\"ListItem\",\"position\":2,\"name\":\"Wszystkie produkty\",\"item\":\"https:\/\/ironsky.pl\/sklep\/produkty\/\"},{\"@type\":\"ListItem\",\"position\":3,\"name\":\"Hub UGREEN CM511 5w1 USB-C HDMI 3x USB 3.0 SD (szary)\"}]},{\"@type\":\"WebSite\",\"@id\":\"https:\/\/ironsky.pl\/sklep\/#website\",\"url\":\"https:\/\/ironsky.pl\/sklep\/\",\"name\":\"IRONSKY.PL Sklep z Dronami\",\"description\":\"IRONSKY.PL Sklep z Dronami\",\"potentialAction\":[{\"@type\":\"SearchAction\",\"target\":{\"@type\":\"EntryPoint\",\"urlTemplate\":\"https:\/\/ironsky.pl\/sklep\/?s={search_term_string}\"},\"query-input\":{\"@type\":\"PropertyValueSpecification\",\"valueRequired\":true,\"valueName\":\"search_term_string\"}}],\"inLanguage\":\"pl-PL\"}]}<\/script>\n<!-- \/ Yoast SEO plugin. -->","yoast_head_json":{"title":"Hub UGREEN CM511 5w1 USB-C HDMI 3x USB 3.0 SD (szary) - IRONSKY.PL Sklep z Dronami","description":"Hub UGREEN CM511 5w1 USB-C HDMI 3x USB 3.0 SD (szary) - \u2705 sklep z dronami i fachowym doradztwem. \u2705 Tutaj kupisz produkty DJI, Yuneec, Parrot, Syma i wiele innych, a tak\u017ce kursy i licencje na operatora drona.","robots":{"index":"index","follow":"follow","max-snippet":"max-snippet:-1","max-image-preview":"max-image-preview:large","max-video-preview":"max-video-preview:-1"},"canonical":"https:\/\/ironsky.pl\/sklep\/produkt\/hub-ugreen-cm511-5w1-usb-c-hdmi-3x-usb-3-0-sd-szary\/","og_locale":"pl_PL","og_type":"article","og_title":"Hub UGREEN CM511 5w1 USB-C HDMI 3x USB 3.0 SD (szary) - IRONSKY.PL Sklep z Dronami","og_description":"Hub UGREEN CM511 5w1 USB-C HDMI 3x USB 3.0 SD (szary) - \u2705 sklep z dronami i fachowym doradztwem. \u2705 Tutaj kupisz produkty DJI, Yuneec, Parrot, Syma i wiele innych, a tak\u017ce kursy i licencje na operatora drona.","og_url":"https:\/\/ironsky.pl\/sklep\/produkt\/hub-ugreen-cm511-5w1-usb-c-hdmi-3x-usb-3-0-sd-szary\/","og_site_name":"IRONSKY.PL Sklep z Dronami","article_modified_time":"2026-04-15T08:46:23+00:00","og_image":[{"width":800,"height":800,"url":"https:\/\/ironsky.pl\/sklep\/wp-content\/uploads\/2025\/06\/22192_1.jpg","type":"image\/jpeg"}],"twitter_card":"summary_large_image","twitter_misc":{"Szacowany czas czytania":"2 minuty"},"schema":{"@context":"https:\/\/schema.org","@graph":[{"@type":"WebPage","@id":"https:\/\/ironsky.pl\/sklep\/produkt\/hub-ugreen-cm511-5w1-usb-c-hdmi-3x-usb-3-0-sd-szary\/","url":"https:\/\/ironsky.pl\/sklep\/produkt\/hub-ugreen-cm511-5w1-usb-c-hdmi-3x-usb-3-0-sd-szary\/","name":"Hub UGREEN CM511 5w1 USB-C HDMI 3x USB 3.0 SD (szary) - IRONSKY.PL Sklep z Dronami","isPartOf":{"@id":"https:\/\/ironsky.pl\/sklep\/#website"},"primaryImageOfPage":{"@id":"https:\/\/ironsky.pl\/sklep\/produkt\/hub-ugreen-cm511-5w1-usb-c-hdmi-3x-usb-3-0-sd-szary\/#primaryimage"},"image":{"@id":"https:\/\/ironsky.pl\/sklep\/produkt\/hub-ugreen-cm511-5w1-usb-c-hdmi-3x-usb-3-0-sd-szary\/#primaryimage"},"thumbnailUrl":"https:\/\/ironsky.pl\/sklep\/wp-content\/uploads\/2025\/06\/22192_1.jpg","datePublished":"2026-04-15T08:08:58+00:00","dateModified":"2026-04-15T08:46:23+00:00","description":"Hub UGREEN CM511 5w1 USB-C HDMI 3x USB 3.0 SD (szary) - \u2705 sklep z dronami i fachowym doradztwem. \u2705 Tutaj kupisz produkty DJI, Yuneec, Parrot, Syma i wiele innych, a tak\u017ce kursy i licencje na operatora drona.","breadcrumb":{"@id":"https:\/\/ironsky.pl\/sklep\/produkt\/hub-ugreen-cm511-5w1-usb-c-hdmi-3x-usb-3-0-sd-szary\/#breadcrumb"},"inLanguage":"pl-PL","potentialAction":[{"@type":"ReadAction","target":["https:\/\/ironsky.pl\/sklep\/produkt\/hub-ugreen-cm511-5w1-usb-c-hdmi-3x-usb-3-0-sd-szary\/"]}]},{"@type":"ImageObject","inLanguage":"pl-PL","@id":"https:\/\/ironsky.pl\/sklep\/produkt\/hub-ugreen-cm511-5w1-usb-c-hdmi-3x-usb-3-0-sd-szary\/#primaryimage","url":"https:\/\/ironsky.pl\/sklep\/wp-content\/uploads\/2025\/06\/22192_1.jpg","contentUrl":"https:\/\/ironsky.pl\/sklep\/wp-content\/uploads\/2025\/06\/22192_1.jpg","width":800,"height":800},{"@type":"BreadcrumbList","@id":"https:\/\/ironsky.pl\/sklep\/produkt\/hub-ugreen-cm511-5w1-usb-c-hdmi-3x-usb-3-0-sd-szary\/#breadcrumb","itemListElement":[{"@type":"ListItem","position":1,"name":"Strona g\u0142\u00f3wna","item":"https:\/\/ironsky.pl\/sklep\/"},{"@type":"ListItem","position":2,"name":"Wszystkie produkty","item":"https:\/\/ironsky.pl\/sklep\/produkty\/"},{"@type":"ListItem","position":3,"name":"Hub UGREEN CM511 5w1 USB-C HDMI 3x USB 3.0 SD (szary)"}]},{"@type":"WebSite","@id":"https:\/\/ironsky.pl\/sklep\/#website","url":"https:\/\/ironsky.pl\/sklep\/","name":"IRONSKY.PL Sklep z Dronami","description":"IRONSKY.PL Sklep z Dronami","potentialAction":[{"@type":"SearchAction","target":{"@type":"EntryPoint","urlTemplate":"https:\/\/ironsky.pl\/sklep\/?s={search_term_string}"},"query-input":{"@type":"PropertyValueSpecification","valueRequired":true,"valueName":"search_term_string"}}],"inLanguage":"pl-PL"}]}},"_links":{"self":[{"href":"https:\/\/ironsky.pl\/sklep\/wp-json\/wp\/v2\/product\/55909","targetHints":{"allow":["GET"]}}],"collection":[{"href":"https:\/\/ironsky.pl\/sklep\/wp-json\/wp\/v2\/product"}],"about":[{"href":"https:\/\/ironsky.pl\/sklep\/wp-json\/wp\/v2\/types\/product"}],"replies":[{"embeddable":true,"href":"https:\/\/ironsky.pl\/sklep\/wp-json\/wp\/v2\/comments?post=55909"}],"wp:featuredmedia":[{"embeddable":true,"href":"https:\/\/ironsky.pl\/sklep\/wp-json\/wp\/v2\/media\/41550"}],"wp:attachment":[{"href":"https:\/\/ironsky.pl\/sklep\/wp-json\/wp\/v2\/media?parent=55909"}],"wp:term":[{"taxonomy":"product_brand","embeddable":true,"href":"https:\/\/ironsky.pl\/sklep\/wp-json\/wp\/v2\/product_brand?post=55909"},{"taxonomy":"product_cat","embeddable":true,"href":"https:\/\/ironsky.pl\/sklep\/wp-json\/wp\/v2\/product_cat?post=55909"},{"taxonomy":"product_tag","embeddable":true,"href":"https:\/\/ironsky.pl\/sklep\/wp-json\/wp\/v2\/product_tag?post=55909"}],"curies":[{"name":"wp","href":"https:\/\/api.w.org\/{rel}","templated":true}]}}