{"id":55905,"date":"2026-04-15T10:08:58","date_gmt":"2026-04-15T08:08:58","guid":{"rendered":"https:\/\/ironsky.pl\/sklep\/produkt\/reflektor-chengzhi-gl60-plus-dji-skyport\/"},"modified":"2026-04-15T10:09:22","modified_gmt":"2026-04-15T08:09:22","slug":"reflektor-chengzhi-gl60-plus-dji-skyport","status":"publish","type":"product","link":"https:\/\/ironsky.pl\/sklep\/produkt\/reflektor-chengzhi-gl60-plus-dji-skyport\/","title":{"rendered":"Reflektor CHENGZHI GL60 Plus DJI SkyPort"},"content":{"rendered":"<h3>O\u015bwietlenie GL60 Plus<\/h3>\n<p>O\u015bwietlenie GL60 Plus posiada cztery grupy element\u00f3w optycznych, ka\u017cda grupa sk\u0142ada si\u0119 z czterech soczewek, emituj\u0105cych jasny s\u0142up \u015bwiat\u0142a o k\u0105cie zaledwie 15 stopni i nat\u0119\u017ceniu 24lux. Wydajno\u015b\u0107 \u015bwietlna si\u0119gaj\u0105ca 150m i efektywny obszar o\u015bwietleniowy wynosz\u0105cy a\u017c 1225 m2 sprawiaj\u0105, \u017ce misje nocne s\u0105 jeszcze bardziej bezpieczne. Konstrukcja urz\u0105dzenia jest bardzo lekka, masa nie przekracza 750g, a moc znamionowa wynosi a\u017c 120W. Dzi\u0119ki interfejsowi DJI Skyport v2.0 o\u015bwietlenie jest kompatybilne z dronem Matrice 300 RTK oraz Matrice M200v2 umo\u017cliwiaj\u0105c przeprowadzanie wymagaj\u0105cych misji nocnych takich jak: patrolowanie ulic, obserwacje obiekt\u00f3w, zapobieganie kradzie\u017cy surowc\u00f3w z wagon\u00f3w kolejowych, inspekcje linii energetycznych, misje poszukiwawczo ratownicze, i wiele innych.<\/p>\n<p><img decoding=\"async\" src=\"https:\/\/b2b.innpro.pl\/data\/include\/cms\/enterprise\/Oswietlenie-GL60-Plus\/front.jpg\" alt=\"enterprise\/Oswietlenie-GL60-Plus\/front\"><\/p>\n<h3>Multimedia<\/h3>\n<p><video muted loop controls style=\"width: 100%; height: auto\"><source src=\"\/data\/include\/cms\/enterprise\/Oswietlenie-GL60-Plus\/video.mp4\" type=\"video\/mp4\" \/><\/video><\/p>\n<h3>Najwa\u017cniejsze cechy<\/h3>\n<ul>\n<li>moc maksymalna 120W \u2013 oko\u0142o 8000 lumen\u00f3w (13400 lumen\u00f3w po doprowadzeniu zasilania 24V z portu OSDK)<\/li>\n<li>Indeks odporno\u015bci IP55<\/li>\n<li>4 grupy element\u00f3w optycznych, ka\u017cda grupa posiada 4 soczewki<\/li>\n<li>strumie\u0144 \u015bwiat\u0142a nie przekraczaj\u0105cy 15 stopni<\/li>\n<\/ul>\n<h3>Zawarto\u015b\u0107 zestawu<\/h3>\n<ul>\n<li>O\u015bwietlenie GL60 Plus<\/li>\n<li>Walizka transportowa<\/li>\n<\/ul>\n<div class=\"table-wrapper\">\n<table>\n<tbody>\n<tr>\n<th>Model<\/th>\n<td>GL60 Plus<\/td>\n<\/tr>\n<tr>\n<th>Interfejs<\/th>\n<td>DJI SkyPort V2.0<\/td>\n<\/tr>\n<tr>\n<th>Masa<\/th>\n<td>750 g<\/td>\n<\/tr>\n<tr>\n<th>Wymiary<\/th>\n<td>126 x 131 x 167 mm<\/td>\n<\/tr>\n<tr>\n<th>Pole widzenia (FOV)<\/th>\n<td>15\u00b0<\/td>\n<\/tr>\n<tr>\n<th>Napi\u0119cie<\/th>\n<td>PSDK 17 V + OSDK 24 V<br \/>PSDK 17 V<\/td>\n<\/tr>\n<tr>\n<th>Moc ca\u0142kowita<\/th>\n<td>128 W (PSDK 17V + OSDK 24V) <br \/>68 W (PSDK 17V)<\/td>\n<\/tr>\n<tr>\n<th>Moc o\u015bwietlenia LED<\/th>\n<td>120 W (PSDK 17V + OSDK 24V) <br \/>60 W (PSDK 17V)<\/td>\n<\/tr>\n<tr>\n<th>Ilo\u015b\u0107 lumen\u00f3w<\/th>\n<td>13400 lm \u00b1 3% (PSDK 17V + OSDK 24V) <br \/>8000 lm \u00b1 3% (PSDK 17V)<\/td>\n<\/tr>\n<tr>\n<th>Efektywno\u015b\u0107 \u015bwietlna<\/th>\n<td>111.67lm\/W (PSDK 17V + OSDK 24V)<br \/>133.33lm\/W (PSDK 17V)<\/td>\n<\/tr>\n<tr>\n<th>\u015arednica o\u015bwietlanego obszaru<\/th>\n<td>13.2 m (dystans: 50 m)<br \/>26.4 m (dystans: 100 m)<br \/>39.5 m (dystans: 150 m)<\/td>\n<\/tr>\n<tr>\n<th>Obszar pomiarowy<\/th>\n<td>136 m\u00b2 (dystans: 50 m)<br \/>544 m\u00b2 (dystans: 100 m)<br \/>1225 m\u00b2 (dystans: 150 m)<\/td>\n<\/tr>\n<tr>\n<th>Efektywno\u015b\u0107 \u015bwiecenia <\/th>\n<td>85 Lux (Napi\u0119cie: PSDK 17 V + OSDK 24V; Dystans: 50m)<br \/>24 Lux (Napi\u0119cie: PSDK 17 V + OSDK 24V\uff1bDystans\uff1a100m)<br \/>11 Lux (Napi\u0119cie: PSDK 17 V + OSDK 24V\uff1bDystans\uff1a150m)<br \/>45 Lux (Napi\u0119cie: PSDK 17 V; Dystans: 50m)<br \/>12 Lux (Napi\u0119cie: PSDK 17 V; Dystans\uff1a100m)<br \/>6 Lux (Napi\u0119cie: PSDK 17 V; Dystans\uff1a150m)<\/td>\n<\/tr>\n<tr>\n<th>Rodzaje funkcji <\/th>\n<td>Tryb normalny: 120 W (PSDK 17 V + OSDK 24 V); 60 W (PSDK 17 V)<br \/>Tryb rozb\u0142ysku: 120 W (PSDK 17 V + OSDK 24 V); 60 W (PSDK 17 V)<br \/>Tryb Auto follow<br \/>Regulacja jasno\u015bci<br \/>Regulacja k\u0105ta nachylenia<\/td>\n<\/tr>\n<tr>\n<th>Zakres obrotu gimbala <\/th>\n<td>O\u015b Pitch: -110~+30\u00b0;<br \/>K\u0105t poziomy: \u00b1200\u00b0<\/td>\n<\/tr>\n<tr>\n<th>Zakres regulacji po\u0142o\u017cenia gimbal <\/th>\n<td>O\u015b Pitch: -110.3~+40\u00b0; K\u0105t poziomy: 360\u00b0; O\u015b Roll: -90 ~ 60\u00b0<\/td>\n<\/tr>\n<tr>\n<th>Temperatura pracy <\/th>\n<td>-20~+50\u00b0C<\/td>\n<\/tr>\n<\/tbody>\n<\/table>\n<\/div>\n","protected":false},"excerpt":{"rendered":"<p>O\u015bwietlenie GL60 Plus O\u015bwietlenie GL60 Plus posiada cztery grupy element\u00f3w optycznych, ka\u017cda grupa sk\u0142ada si\u0119 z czterech soczewek, emituj\u0105cych jasny<\/p>\n","protected":false},"featured_media":55906,"comment_status":"closed","ping_status":"open","template":"","meta":{"_acf_changed":false},"product_brand":[],"product_cat":[1088,1105,6188],"product_tag":[],"class_list":{"0":"post-55905","1":"product","2":"type-product","3":"status-publish","4":"has-post-thumbnail","6":"product_cat-drony","7":"product_cat-przemyslowe","8":"product_cat-inne-urzadzenia","9":"pa_producent-chengzhi","11":"first","12":"outofstock","13":"taxable","14":"shipping-taxable","15":"purchasable","16":"product-type-simple"},"acf":[],"yoast_head":"<!-- This site is optimized with the Yoast SEO plugin v27.2 - https:\/\/yoast.com\/product\/yoast-seo-wordpress\/ -->\n<title>Reflektor CHENGZHI GL60 Plus DJI SkyPort - IRONSKY.PL Sklep z Dronami<\/title>\n<meta name=\"description\" content=\"Reflektor CHENGZHI GL60 Plus DJI SkyPort - \u2705 sklep z dronami i fachowym doradztwem. \u2705 Tutaj kupisz produkty DJI, Yuneec, Parrot, Syma i wiele innych, a tak\u017ce kursy i licencje na operatora drona.\" \/>\n<meta name=\"robots\" content=\"index, follow, max-snippet:-1, max-image-preview:large, max-video-preview:-1\" \/>\n<link rel=\"canonical\" href=\"https:\/\/ironsky.pl\/sklep\/produkt\/reflektor-chengzhi-gl60-plus-dji-skyport\/\" \/>\n<meta property=\"og:locale\" content=\"pl_PL\" \/>\n<meta property=\"og:type\" content=\"article\" \/>\n<meta property=\"og:title\" content=\"Reflektor CHENGZHI GL60 Plus DJI SkyPort - IRONSKY.PL Sklep z Dronami\" \/>\n<meta property=\"og:description\" content=\"Reflektor CHENGZHI GL60 Plus DJI SkyPort - \u2705 sklep z dronami i fachowym doradztwem. \u2705 Tutaj kupisz produkty DJI, Yuneec, Parrot, Syma i wiele innych, a tak\u017ce kursy i licencje na operatora drona.\" \/>\n<meta property=\"og:url\" content=\"https:\/\/ironsky.pl\/sklep\/produkt\/reflektor-chengzhi-gl60-plus-dji-skyport\/\" \/>\n<meta property=\"og:site_name\" content=\"IRONSKY.PL Sklep z Dronami\" \/>\n<meta property=\"article:modified_time\" content=\"2026-04-15T08:09:22+00:00\" \/>\n<meta property=\"og:image\" content=\"https:\/\/ironsky.pl\/sklep\/wp-content\/uploads\/2026\/04\/22180_1.webp\" \/>\n\t<meta property=\"og:image:width\" content=\"800\" \/>\n\t<meta property=\"og:image:height\" content=\"800\" \/>\n\t<meta property=\"og:image:type\" content=\"image\/webp\" \/>\n<meta name=\"twitter:card\" content=\"summary_large_image\" \/>\n<meta name=\"twitter:label1\" content=\"Szacowany czas czytania\" \/>\n\t<meta name=\"twitter:data1\" content=\"2 minuty\" \/>\n<script type=\"application\/ld+json\" class=\"yoast-schema-graph\">{\"@context\":\"https:\/\/schema.org\",\"@graph\":[{\"@type\":\"WebPage\",\"@id\":\"https:\/\/ironsky.pl\/sklep\/produkt\/reflektor-chengzhi-gl60-plus-dji-skyport\/\",\"url\":\"https:\/\/ironsky.pl\/sklep\/produkt\/reflektor-chengzhi-gl60-plus-dji-skyport\/\",\"name\":\"Reflektor CHENGZHI GL60 Plus DJI SkyPort - IRONSKY.PL Sklep z Dronami\",\"isPartOf\":{\"@id\":\"https:\/\/ironsky.pl\/sklep\/#website\"},\"primaryImageOfPage\":{\"@id\":\"https:\/\/ironsky.pl\/sklep\/produkt\/reflektor-chengzhi-gl60-plus-dji-skyport\/#primaryimage\"},\"image\":{\"@id\":\"https:\/\/ironsky.pl\/sklep\/produkt\/reflektor-chengzhi-gl60-plus-dji-skyport\/#primaryimage\"},\"thumbnailUrl\":\"https:\/\/ironsky.pl\/sklep\/wp-content\/uploads\/2026\/04\/22180_1.webp\",\"datePublished\":\"2026-04-15T08:08:58+00:00\",\"dateModified\":\"2026-04-15T08:09:22+00:00\",\"description\":\"Reflektor CHENGZHI GL60 Plus DJI SkyPort - \u2705 sklep z dronami i fachowym doradztwem. \u2705 Tutaj kupisz produkty DJI, Yuneec, Parrot, Syma i wiele innych, a tak\u017ce kursy i licencje na operatora drona.\",\"breadcrumb\":{\"@id\":\"https:\/\/ironsky.pl\/sklep\/produkt\/reflektor-chengzhi-gl60-plus-dji-skyport\/#breadcrumb\"},\"inLanguage\":\"pl-PL\",\"potentialAction\":[{\"@type\":\"ReadAction\",\"target\":[\"https:\/\/ironsky.pl\/sklep\/produkt\/reflektor-chengzhi-gl60-plus-dji-skyport\/\"]}]},{\"@type\":\"ImageObject\",\"inLanguage\":\"pl-PL\",\"@id\":\"https:\/\/ironsky.pl\/sklep\/produkt\/reflektor-chengzhi-gl60-plus-dji-skyport\/#primaryimage\",\"url\":\"https:\/\/ironsky.pl\/sklep\/wp-content\/uploads\/2026\/04\/22180_1.webp\",\"contentUrl\":\"https:\/\/ironsky.pl\/sklep\/wp-content\/uploads\/2026\/04\/22180_1.webp\",\"width\":800,\"height\":800},{\"@type\":\"BreadcrumbList\",\"@id\":\"https:\/\/ironsky.pl\/sklep\/produkt\/reflektor-chengzhi-gl60-plus-dji-skyport\/#breadcrumb\",\"itemListElement\":[{\"@type\":\"ListItem\",\"position\":1,\"name\":\"Strona g\u0142\u00f3wna\",\"item\":\"https:\/\/ironsky.pl\/sklep\/\"},{\"@type\":\"ListItem\",\"position\":2,\"name\":\"Wszystkie produkty\",\"item\":\"https:\/\/ironsky.pl\/sklep\/produkty\/\"},{\"@type\":\"ListItem\",\"position\":3,\"name\":\"Reflektor CHENGZHI GL60 Plus DJI SkyPort\"}]},{\"@type\":\"WebSite\",\"@id\":\"https:\/\/ironsky.pl\/sklep\/#website\",\"url\":\"https:\/\/ironsky.pl\/sklep\/\",\"name\":\"IRONSKY.PL Sklep z Dronami\",\"description\":\"IRONSKY.PL Sklep z Dronami\",\"potentialAction\":[{\"@type\":\"SearchAction\",\"target\":{\"@type\":\"EntryPoint\",\"urlTemplate\":\"https:\/\/ironsky.pl\/sklep\/?s={search_term_string}\"},\"query-input\":{\"@type\":\"PropertyValueSpecification\",\"valueRequired\":true,\"valueName\":\"search_term_string\"}}],\"inLanguage\":\"pl-PL\"}]}<\/script>\n<!-- \/ Yoast SEO plugin. -->","yoast_head_json":{"title":"Reflektor CHENGZHI GL60 Plus DJI SkyPort - IRONSKY.PL Sklep z Dronami","description":"Reflektor CHENGZHI GL60 Plus DJI SkyPort - \u2705 sklep z dronami i fachowym doradztwem. \u2705 Tutaj kupisz produkty DJI, Yuneec, Parrot, Syma i wiele innych, a tak\u017ce kursy i licencje na operatora drona.","robots":{"index":"index","follow":"follow","max-snippet":"max-snippet:-1","max-image-preview":"max-image-preview:large","max-video-preview":"max-video-preview:-1"},"canonical":"https:\/\/ironsky.pl\/sklep\/produkt\/reflektor-chengzhi-gl60-plus-dji-skyport\/","og_locale":"pl_PL","og_type":"article","og_title":"Reflektor CHENGZHI GL60 Plus DJI SkyPort - IRONSKY.PL Sklep z Dronami","og_description":"Reflektor CHENGZHI GL60 Plus DJI SkyPort - \u2705 sklep z dronami i fachowym doradztwem. \u2705 Tutaj kupisz produkty DJI, Yuneec, Parrot, Syma i wiele innych, a tak\u017ce kursy i licencje na operatora drona.","og_url":"https:\/\/ironsky.pl\/sklep\/produkt\/reflektor-chengzhi-gl60-plus-dji-skyport\/","og_site_name":"IRONSKY.PL Sklep z Dronami","article_modified_time":"2026-04-15T08:09:22+00:00","og_image":[{"width":800,"height":800,"url":"https:\/\/ironsky.pl\/sklep\/wp-content\/uploads\/2026\/04\/22180_1.webp","type":"image\/webp"}],"twitter_card":"summary_large_image","twitter_misc":{"Szacowany czas czytania":"2 minuty"},"schema":{"@context":"https:\/\/schema.org","@graph":[{"@type":"WebPage","@id":"https:\/\/ironsky.pl\/sklep\/produkt\/reflektor-chengzhi-gl60-plus-dji-skyport\/","url":"https:\/\/ironsky.pl\/sklep\/produkt\/reflektor-chengzhi-gl60-plus-dji-skyport\/","name":"Reflektor CHENGZHI GL60 Plus DJI SkyPort - IRONSKY.PL Sklep z Dronami","isPartOf":{"@id":"https:\/\/ironsky.pl\/sklep\/#website"},"primaryImageOfPage":{"@id":"https:\/\/ironsky.pl\/sklep\/produkt\/reflektor-chengzhi-gl60-plus-dji-skyport\/#primaryimage"},"image":{"@id":"https:\/\/ironsky.pl\/sklep\/produkt\/reflektor-chengzhi-gl60-plus-dji-skyport\/#primaryimage"},"thumbnailUrl":"https:\/\/ironsky.pl\/sklep\/wp-content\/uploads\/2026\/04\/22180_1.webp","datePublished":"2026-04-15T08:08:58+00:00","dateModified":"2026-04-15T08:09:22+00:00","description":"Reflektor CHENGZHI GL60 Plus DJI SkyPort - \u2705 sklep z dronami i fachowym doradztwem. \u2705 Tutaj kupisz produkty DJI, Yuneec, Parrot, Syma i wiele innych, a tak\u017ce kursy i licencje na operatora drona.","breadcrumb":{"@id":"https:\/\/ironsky.pl\/sklep\/produkt\/reflektor-chengzhi-gl60-plus-dji-skyport\/#breadcrumb"},"inLanguage":"pl-PL","potentialAction":[{"@type":"ReadAction","target":["https:\/\/ironsky.pl\/sklep\/produkt\/reflektor-chengzhi-gl60-plus-dji-skyport\/"]}]},{"@type":"ImageObject","inLanguage":"pl-PL","@id":"https:\/\/ironsky.pl\/sklep\/produkt\/reflektor-chengzhi-gl60-plus-dji-skyport\/#primaryimage","url":"https:\/\/ironsky.pl\/sklep\/wp-content\/uploads\/2026\/04\/22180_1.webp","contentUrl":"https:\/\/ironsky.pl\/sklep\/wp-content\/uploads\/2026\/04\/22180_1.webp","width":800,"height":800},{"@type":"BreadcrumbList","@id":"https:\/\/ironsky.pl\/sklep\/produkt\/reflektor-chengzhi-gl60-plus-dji-skyport\/#breadcrumb","itemListElement":[{"@type":"ListItem","position":1,"name":"Strona g\u0142\u00f3wna","item":"https:\/\/ironsky.pl\/sklep\/"},{"@type":"ListItem","position":2,"name":"Wszystkie produkty","item":"https:\/\/ironsky.pl\/sklep\/produkty\/"},{"@type":"ListItem","position":3,"name":"Reflektor CHENGZHI GL60 Plus DJI SkyPort"}]},{"@type":"WebSite","@id":"https:\/\/ironsky.pl\/sklep\/#website","url":"https:\/\/ironsky.pl\/sklep\/","name":"IRONSKY.PL Sklep z Dronami","description":"IRONSKY.PL Sklep z Dronami","potentialAction":[{"@type":"SearchAction","target":{"@type":"EntryPoint","urlTemplate":"https:\/\/ironsky.pl\/sklep\/?s={search_term_string}"},"query-input":{"@type":"PropertyValueSpecification","valueRequired":true,"valueName":"search_term_string"}}],"inLanguage":"pl-PL"}]}},"_links":{"self":[{"href":"https:\/\/ironsky.pl\/sklep\/wp-json\/wp\/v2\/product\/55905","targetHints":{"allow":["GET"]}}],"collection":[{"href":"https:\/\/ironsky.pl\/sklep\/wp-json\/wp\/v2\/product"}],"about":[{"href":"https:\/\/ironsky.pl\/sklep\/wp-json\/wp\/v2\/types\/product"}],"replies":[{"embeddable":true,"href":"https:\/\/ironsky.pl\/sklep\/wp-json\/wp\/v2\/comments?post=55905"}],"wp:featuredmedia":[{"embeddable":true,"href":"https:\/\/ironsky.pl\/sklep\/wp-json\/wp\/v2\/media\/55906"}],"wp:attachment":[{"href":"https:\/\/ironsky.pl\/sklep\/wp-json\/wp\/v2\/media?parent=55905"}],"wp:term":[{"taxonomy":"product_brand","embeddable":true,"href":"https:\/\/ironsky.pl\/sklep\/wp-json\/wp\/v2\/product_brand?post=55905"},{"taxonomy":"product_cat","embeddable":true,"href":"https:\/\/ironsky.pl\/sklep\/wp-json\/wp\/v2\/product_cat?post=55905"},{"taxonomy":"product_tag","embeddable":true,"href":"https:\/\/ironsky.pl\/sklep\/wp-json\/wp\/v2\/product_tag?post=55905"}],"curies":[{"name":"wp","href":"https:\/\/api.w.org\/{rel}","templated":true}]}}