{"id":55872,"date":"2026-04-15T10:08:58","date_gmt":"2026-04-15T08:08:58","guid":{"rendered":"https:\/\/ironsky.pl\/sklep\/produkt\/latarka-superfire-g21-650lm-usb\/"},"modified":"2026-04-15T10:08:59","modified_gmt":"2026-04-15T08:08:59","slug":"latarka-superfire-g21-650lm-usb","status":"publish","type":"product","link":"https:\/\/ironsky.pl\/sklep\/produkt\/latarka-superfire-g21-650lm-usb\/","title":{"rendered":"Latarka SUPERFIRE G21 650lm USB"},"content":{"rendered":"<h3>Latarka warsztatowa Superfire G21, 650lm, USB<\/h3>\n<p>Latarka od Superfire sprawdzi si\u0119 w niemal ka\u017cdej sytuacji. Lekka, kompaktowa &#8211; nie zajmie wiele miejsca, a przechowasz j\u0105 nawet w kieszeni. Panel COB (Chip on Board, technologia monta\u017cu diod LED \u2013 Light Emitting Diode, dioda emituj\u0105ca \u015bwiat\u0142o \u2013 na wsp\u00f3lnej p\u0142ytce) o\u015bwietla du\u017cy obszar, cechuje si\u0119 d\u0142ug\u0105 \u017cywotno\u015bci\u0105 i dobrym odprowadzaniem ciep\u0142a. Dodatkowo jej przemy\u015blana konstrukcja pozwala na korzystanie w r\u00f3\u017cnych warunkach. Latark\u0119 na\u0142adujesz za pomoc\u0105 smartfona, powerbanku, itp. Co wi\u0119cej, posiada interfejs \u0142adowania i roz\u0142adowywania, dzi\u0119ki czemu mo\u017ce pracowa\u0107 nawet w trakcie \u0142adowania. Mo\u017ce te\u017c s\u0142u\u017cy\u0107 jako awaryjny powerbank \u2013 dzi\u0119ki funkcji \u201eplug and play\u201d wystarczy pod\u0142\u0105czy\u0107 urz\u0105dzenie.<\/p>\n<p>\n<img decoding=\"async\" src=\"https:\/\/assets.innpro.pl\/14069\/17559\/5.jpg\" border=\"0\" alt=\"R\u0119ka trzyma kompaktow\u0105 latark\u0119 z prostok\u0105tnym panelem \u015bwietlnym i pomara\u0144czowo-czarn\u0105 obudow\u0105\" \/>\n<\/p>\n<h3>R\u00f3\u017cne scenariusze zastosowania<\/h3>\n<p>Latark\u0119 G21 wykorzystasz w wielu sytuacjach, na przyk\u0142ad, na campingu, w warsztacie, czy w domu, kiedy zabraknie pr\u0105du. Ponadto posiada haczyk, otw\u00f3r na gw\u00f3\u017ad\u017a, specjalny uchwyt oraz magnes. Zosta\u0142a te\u017c wyposa\u017cona w tyln\u0105 ramk\u0119 wspieraj\u0105c\u0105 (back support frame), kt\u00f3ra daje kolejn\u0105 opcj\u0119 stabilnego ustawienia latarki. Dzi\u0119ki wielu mo\u017cliwo\u015bciom monta\u017cu mo\u017cesz jej u\u017cywa\u0107 na r\u00f3\u017cne sposoby i korzysta\u0107 z niej tak, jak chcesz.<\/p>\n<p>\n<img decoding=\"async\" src=\"https:\/\/assets.innpro.pl\/14069\/17559\/2.jpg\" border=\"0\" alt=\"Cztery zdj\u0119cia pokazuj\u0105ce r\u00f3\u017cne zastosowania latarki, w tym biwak, o\u015bwietlenie p\u00f3\u0142ek, napraw\u0119 samochodu i prac\u0119 przy komputerze\" \/>\n<\/p>\n<h3>Panel COB<\/h3>\n<p>\u015awiat\u0142o COB to charakterystyczna odmiana LED. Charakteryzuje si\u0119 du\u017c\u0105 powierzchni\u0105 \u015bwiecenia, d\u0142ugim czasem dzia\u0142ania oraz prawid\u0142owym rozpraszaniem ciep\u0142a. W rezultacie spradzi si\u0119 w s\u0142abo o\u015bwietlonych pomieszczeniach.<\/p>\n<p>\n<img decoding=\"async\" src=\"https:\/\/assets.innpro.pl\/14069\/17559\/6.jpg\" border=\"0\" alt=\"Latarka emituje jasne \u015bwiat\u0142o w kszta\u0142cie sto\u017cka na ciemnym tle\" \/>\n<\/p>\n<h3>Monitoruj zu\u017cycie akumulatora<\/h3>\n<p>Lampa posiada inteligentne wska\u017aniki, kt\u00f3re sygnalizuj\u0105 poziom zu\u017cycia akumulatora. Dzi\u0119ki temu w ka\u017cdej chwili mo\u017cesz sprawdzi\u0107 poziom na\u0142adowania urz\u0105dzenia i na czas odnowisz jego energi\u0119.\u00a0Osobna zielona dioda informuje natomiast o statusie \u0142adowania \u2013 miga podczas uzupe\u0142niania energii i \u015bwieci ci\u0105g\u0142ym \u015bwiat\u0142em, gdy akumulator jest ju\u017c w pe\u0142ni na\u0142adowany.<\/p>\n<p>\n<img decoding=\"async\" src=\"https:\/\/assets.innpro.pl\/14069\/17559\/4.jpg\" border=\"0\" alt=\"Latarka z pomara\u0144czowo-czarn\u0105 obudow\u0105 stoi pod k\u0105tem na ciemnej powierzchni\" \/>\n<\/p>\n<div class=\"table-wrapper\">\n<p>\u00a0<\/p>\n<h3><\/h3>\n<table>\n<tbody>\n<tr>\n<th>Producent <\/th>\n<td>Superfire<\/td>\n<\/tr>\n<tr>\n<th>Model <\/th>\n<td>G21<\/td>\n<\/tr>\n<tr>\n<th>Moc <\/th>\n<td>10W<\/td>\n<\/tr>\n<tr>\n<th>Materia\u0142 <\/th>\n<td>PC (Polycarbonate, poliw\u0119glan) + ABS (Polycarbonate + Acrylonitrile Butadiene Styrene, tworzywo sztuczne o wysokiej wytrzyma\u0142o\u015bci)<\/td>\n<\/tr>\n<tr>\n<th>Jasno\u015b\u0107 <\/th>\n<td>650lm<\/td>\n<\/tr>\n<tr>\n<th>Bateria <\/th>\n<td>1800mAh<\/td>\n<\/tr>\n<tr>\n<th>Waga <\/th>\n<td>180g<\/td>\n<\/tr>\n<tr>\n<th>Wymiary <\/th>\n<td>110*65*34mm<\/td>\n<\/tr>\n<tr>\n<th>Czas \u0142adowania <\/th>\n<td>5,5h<\/td>\n<\/tr>\n<tr>\n<th>Czas dzia\u0142ania <\/th>\n<td>8h<\/td>\n<\/tr>\n<tr>\n<th>Ochrona przed wod\u0105 <\/th>\n<td>IP43 (Ingress Protection 43, stopie\u0144 ochrony przed cia\u0142ami sta\u0142ymi i wod\u0105)<\/td>\n<\/tr>\n<tr>\n<th>Tryby <\/th>\n<td>wysoki poziom jasno\u015bci, niski poziom jasno\u015bci, stroboskop (cykliczne prze\u0142\u0105czanie: strong, weak, strobe, off)<\/td>\n<\/tr>\n<\/tbody>\n<\/table>\n<\/div>\n","protected":false},"excerpt":{"rendered":"<p>Latarka warsztatowa Superfire G21, 650lm, USB Latarka od Superfire sprawdzi si\u0119 w niemal ka\u017cdej sytuacji. Lekka, kompaktowa &#8211; nie zajmie<\/p>\n","protected":false},"featured_media":41540,"comment_status":"closed","ping_status":"open","template":"","meta":{"_acf_changed":false},"product_brand":[],"product_cat":[5938,5941,5937],"product_tag":[],"class_list":{"0":"post-55872","1":"product","2":"type-product","3":"status-publish","4":"has-post-thumbnail","6":"product_cat-latarki","7":"product_cat-warsztatowe","8":"product_cat-outdoor","9":"pa_okres-gwarancji-5754","10":"pa_producent-superfire","12":"first","13":"outofstock","14":"taxable","15":"shipping-taxable","16":"purchasable","17":"product-type-simple"},"acf":[],"yoast_head":"<!-- This site is optimized with the Yoast SEO plugin v27.2 - https:\/\/yoast.com\/product\/yoast-seo-wordpress\/ -->\n<title>Latarka SUPERFIRE G21 650lm USB - IRONSKY.PL Sklep z Dronami<\/title>\n<meta name=\"description\" content=\"Latarka SUPERFIRE G21 650lm USB - \u2705 sklep z dronami i fachowym doradztwem. \u2705 Tutaj kupisz produkty DJI, Yuneec, Parrot, Syma i wiele innych, a tak\u017ce kursy i licencje na operatora drona.\" \/>\n<meta name=\"robots\" content=\"index, follow, max-snippet:-1, max-image-preview:large, max-video-preview:-1\" \/>\n<link rel=\"canonical\" href=\"https:\/\/ironsky.pl\/sklep\/produkt\/latarka-superfire-g21-650lm-usb\/\" \/>\n<meta property=\"og:locale\" content=\"pl_PL\" \/>\n<meta property=\"og:type\" content=\"article\" \/>\n<meta property=\"og:title\" content=\"Latarka SUPERFIRE G21 650lm USB - IRONSKY.PL Sklep z Dronami\" \/>\n<meta property=\"og:description\" content=\"Latarka SUPERFIRE G21 650lm USB - \u2705 sklep z dronami i fachowym doradztwem. \u2705 Tutaj kupisz produkty DJI, Yuneec, Parrot, Syma i wiele innych, a tak\u017ce kursy i licencje na operatora drona.\" \/>\n<meta property=\"og:url\" content=\"https:\/\/ironsky.pl\/sklep\/produkt\/latarka-superfire-g21-650lm-usb\/\" \/>\n<meta property=\"og:site_name\" content=\"IRONSKY.PL Sklep z Dronami\" \/>\n<meta property=\"article:modified_time\" content=\"2026-04-15T08:08:59+00:00\" \/>\n<meta property=\"og:image\" content=\"https:\/\/ironsky.pl\/sklep\/wp-content\/uploads\/2025\/06\/21937_3.jpg\" \/>\n\t<meta property=\"og:image:width\" content=\"800\" \/>\n\t<meta property=\"og:image:height\" content=\"800\" \/>\n\t<meta property=\"og:image:type\" content=\"image\/jpeg\" \/>\n<meta name=\"twitter:card\" content=\"summary_large_image\" \/>\n<meta name=\"twitter:label1\" content=\"Szacowany czas czytania\" \/>\n\t<meta name=\"twitter:data1\" content=\"2 minuty\" \/>\n<script type=\"application\/ld+json\" class=\"yoast-schema-graph\">{\"@context\":\"https:\/\/schema.org\",\"@graph\":[{\"@type\":\"WebPage\",\"@id\":\"https:\/\/ironsky.pl\/sklep\/produkt\/latarka-superfire-g21-650lm-usb\/\",\"url\":\"https:\/\/ironsky.pl\/sklep\/produkt\/latarka-superfire-g21-650lm-usb\/\",\"name\":\"Latarka SUPERFIRE G21 650lm USB - IRONSKY.PL Sklep z Dronami\",\"isPartOf\":{\"@id\":\"https:\/\/ironsky.pl\/sklep\/#website\"},\"primaryImageOfPage\":{\"@id\":\"https:\/\/ironsky.pl\/sklep\/produkt\/latarka-superfire-g21-650lm-usb\/#primaryimage\"},\"image\":{\"@id\":\"https:\/\/ironsky.pl\/sklep\/produkt\/latarka-superfire-g21-650lm-usb\/#primaryimage\"},\"thumbnailUrl\":\"https:\/\/ironsky.pl\/sklep\/wp-content\/uploads\/2025\/06\/21937_3.jpg\",\"datePublished\":\"2026-04-15T08:08:58+00:00\",\"dateModified\":\"2026-04-15T08:08:59+00:00\",\"description\":\"Latarka SUPERFIRE G21 650lm USB - \u2705 sklep z dronami i fachowym doradztwem. \u2705 Tutaj kupisz produkty DJI, Yuneec, Parrot, Syma i wiele innych, a tak\u017ce kursy i licencje na operatora drona.\",\"breadcrumb\":{\"@id\":\"https:\/\/ironsky.pl\/sklep\/produkt\/latarka-superfire-g21-650lm-usb\/#breadcrumb\"},\"inLanguage\":\"pl-PL\",\"potentialAction\":[{\"@type\":\"ReadAction\",\"target\":[\"https:\/\/ironsky.pl\/sklep\/produkt\/latarka-superfire-g21-650lm-usb\/\"]}]},{\"@type\":\"ImageObject\",\"inLanguage\":\"pl-PL\",\"@id\":\"https:\/\/ironsky.pl\/sklep\/produkt\/latarka-superfire-g21-650lm-usb\/#primaryimage\",\"url\":\"https:\/\/ironsky.pl\/sklep\/wp-content\/uploads\/2025\/06\/21937_3.jpg\",\"contentUrl\":\"https:\/\/ironsky.pl\/sklep\/wp-content\/uploads\/2025\/06\/21937_3.jpg\",\"width\":800,\"height\":800},{\"@type\":\"BreadcrumbList\",\"@id\":\"https:\/\/ironsky.pl\/sklep\/produkt\/latarka-superfire-g21-650lm-usb\/#breadcrumb\",\"itemListElement\":[{\"@type\":\"ListItem\",\"position\":1,\"name\":\"Strona g\u0142\u00f3wna\",\"item\":\"https:\/\/ironsky.pl\/sklep\/\"},{\"@type\":\"ListItem\",\"position\":2,\"name\":\"Wszystkie produkty\",\"item\":\"https:\/\/ironsky.pl\/sklep\/produkty\/\"},{\"@type\":\"ListItem\",\"position\":3,\"name\":\"Latarka SUPERFIRE G21 650lm USB\"}]},{\"@type\":\"WebSite\",\"@id\":\"https:\/\/ironsky.pl\/sklep\/#website\",\"url\":\"https:\/\/ironsky.pl\/sklep\/\",\"name\":\"IRONSKY.PL Sklep z Dronami\",\"description\":\"IRONSKY.PL Sklep z Dronami\",\"potentialAction\":[{\"@type\":\"SearchAction\",\"target\":{\"@type\":\"EntryPoint\",\"urlTemplate\":\"https:\/\/ironsky.pl\/sklep\/?s={search_term_string}\"},\"query-input\":{\"@type\":\"PropertyValueSpecification\",\"valueRequired\":true,\"valueName\":\"search_term_string\"}}],\"inLanguage\":\"pl-PL\"}]}<\/script>\n<!-- \/ Yoast SEO plugin. -->","yoast_head_json":{"title":"Latarka SUPERFIRE G21 650lm USB - IRONSKY.PL Sklep z Dronami","description":"Latarka SUPERFIRE G21 650lm USB - \u2705 sklep z dronami i fachowym doradztwem. \u2705 Tutaj kupisz produkty DJI, Yuneec, Parrot, Syma i wiele innych, a tak\u017ce kursy i licencje na operatora drona.","robots":{"index":"index","follow":"follow","max-snippet":"max-snippet:-1","max-image-preview":"max-image-preview:large","max-video-preview":"max-video-preview:-1"},"canonical":"https:\/\/ironsky.pl\/sklep\/produkt\/latarka-superfire-g21-650lm-usb\/","og_locale":"pl_PL","og_type":"article","og_title":"Latarka SUPERFIRE G21 650lm USB - IRONSKY.PL Sklep z Dronami","og_description":"Latarka SUPERFIRE G21 650lm USB - \u2705 sklep z dronami i fachowym doradztwem. \u2705 Tutaj kupisz produkty DJI, Yuneec, Parrot, Syma i wiele innych, a tak\u017ce kursy i licencje na operatora drona.","og_url":"https:\/\/ironsky.pl\/sklep\/produkt\/latarka-superfire-g21-650lm-usb\/","og_site_name":"IRONSKY.PL Sklep z Dronami","article_modified_time":"2026-04-15T08:08:59+00:00","og_image":[{"width":800,"height":800,"url":"https:\/\/ironsky.pl\/sklep\/wp-content\/uploads\/2025\/06\/21937_3.jpg","type":"image\/jpeg"}],"twitter_card":"summary_large_image","twitter_misc":{"Szacowany czas czytania":"2 minuty"},"schema":{"@context":"https:\/\/schema.org","@graph":[{"@type":"WebPage","@id":"https:\/\/ironsky.pl\/sklep\/produkt\/latarka-superfire-g21-650lm-usb\/","url":"https:\/\/ironsky.pl\/sklep\/produkt\/latarka-superfire-g21-650lm-usb\/","name":"Latarka SUPERFIRE G21 650lm USB - IRONSKY.PL Sklep z Dronami","isPartOf":{"@id":"https:\/\/ironsky.pl\/sklep\/#website"},"primaryImageOfPage":{"@id":"https:\/\/ironsky.pl\/sklep\/produkt\/latarka-superfire-g21-650lm-usb\/#primaryimage"},"image":{"@id":"https:\/\/ironsky.pl\/sklep\/produkt\/latarka-superfire-g21-650lm-usb\/#primaryimage"},"thumbnailUrl":"https:\/\/ironsky.pl\/sklep\/wp-content\/uploads\/2025\/06\/21937_3.jpg","datePublished":"2026-04-15T08:08:58+00:00","dateModified":"2026-04-15T08:08:59+00:00","description":"Latarka SUPERFIRE G21 650lm USB - \u2705 sklep z dronami i fachowym doradztwem. \u2705 Tutaj kupisz produkty DJI, Yuneec, Parrot, Syma i wiele innych, a tak\u017ce kursy i licencje na operatora drona.","breadcrumb":{"@id":"https:\/\/ironsky.pl\/sklep\/produkt\/latarka-superfire-g21-650lm-usb\/#breadcrumb"},"inLanguage":"pl-PL","potentialAction":[{"@type":"ReadAction","target":["https:\/\/ironsky.pl\/sklep\/produkt\/latarka-superfire-g21-650lm-usb\/"]}]},{"@type":"ImageObject","inLanguage":"pl-PL","@id":"https:\/\/ironsky.pl\/sklep\/produkt\/latarka-superfire-g21-650lm-usb\/#primaryimage","url":"https:\/\/ironsky.pl\/sklep\/wp-content\/uploads\/2025\/06\/21937_3.jpg","contentUrl":"https:\/\/ironsky.pl\/sklep\/wp-content\/uploads\/2025\/06\/21937_3.jpg","width":800,"height":800},{"@type":"BreadcrumbList","@id":"https:\/\/ironsky.pl\/sklep\/produkt\/latarka-superfire-g21-650lm-usb\/#breadcrumb","itemListElement":[{"@type":"ListItem","position":1,"name":"Strona g\u0142\u00f3wna","item":"https:\/\/ironsky.pl\/sklep\/"},{"@type":"ListItem","position":2,"name":"Wszystkie produkty","item":"https:\/\/ironsky.pl\/sklep\/produkty\/"},{"@type":"ListItem","position":3,"name":"Latarka SUPERFIRE G21 650lm USB"}]},{"@type":"WebSite","@id":"https:\/\/ironsky.pl\/sklep\/#website","url":"https:\/\/ironsky.pl\/sklep\/","name":"IRONSKY.PL Sklep z Dronami","description":"IRONSKY.PL Sklep z Dronami","potentialAction":[{"@type":"SearchAction","target":{"@type":"EntryPoint","urlTemplate":"https:\/\/ironsky.pl\/sklep\/?s={search_term_string}"},"query-input":{"@type":"PropertyValueSpecification","valueRequired":true,"valueName":"search_term_string"}}],"inLanguage":"pl-PL"}]}},"_links":{"self":[{"href":"https:\/\/ironsky.pl\/sklep\/wp-json\/wp\/v2\/product\/55872","targetHints":{"allow":["GET"]}}],"collection":[{"href":"https:\/\/ironsky.pl\/sklep\/wp-json\/wp\/v2\/product"}],"about":[{"href":"https:\/\/ironsky.pl\/sklep\/wp-json\/wp\/v2\/types\/product"}],"replies":[{"embeddable":true,"href":"https:\/\/ironsky.pl\/sklep\/wp-json\/wp\/v2\/comments?post=55872"}],"wp:featuredmedia":[{"embeddable":true,"href":"https:\/\/ironsky.pl\/sklep\/wp-json\/wp\/v2\/media\/41540"}],"wp:attachment":[{"href":"https:\/\/ironsky.pl\/sklep\/wp-json\/wp\/v2\/media?parent=55872"}],"wp:term":[{"taxonomy":"product_brand","embeddable":true,"href":"https:\/\/ironsky.pl\/sklep\/wp-json\/wp\/v2\/product_brand?post=55872"},{"taxonomy":"product_cat","embeddable":true,"href":"https:\/\/ironsky.pl\/sklep\/wp-json\/wp\/v2\/product_cat?post=55872"},{"taxonomy":"product_tag","embeddable":true,"href":"https:\/\/ironsky.pl\/sklep\/wp-json\/wp\/v2\/product_tag?post=55872"}],"curies":[{"name":"wp","href":"https:\/\/api.w.org\/{rel}","templated":true}]}}