{"id":55871,"date":"2026-04-15T10:08:58","date_gmt":"2026-04-15T08:08:58","guid":{"rendered":"https:\/\/ironsky.pl\/sklep\/produkt\/latarka-uv-superfire-uv06-395nm-2\/"},"modified":"2026-04-15T10:08:58","modified_gmt":"2026-04-15T08:08:58","slug":"latarka-uv-superfire-uv06-395nm-2","status":"publish","type":"product","link":"https:\/\/ironsky.pl\/sklep\/produkt\/latarka-uv-superfire-uv06-395nm-2\/","title":{"rendered":"Latarka UV SUPERFIRE UV06 395nm"},"content":{"rendered":"<h3>Latarka UV Superfire UV06<\/h3>\n<p>Latarka marki Superfire to praktyczne akcesorium, kt\u00f3re wykorzystasz na co dzie\u0144. Za jej pomoc\u0105 zobaczysz niewidoczne dla oka \u015blady, na przyk\u0142ad, plamy z jedzenia na dywanie, znajduj\u0105ce si\u0119 na materacu roztocza, itp. Pozwoli te\u017c stwierdzi\u0107 oryginalno\u015b\u0107 dokument\u00f3w i banknot\u00f3w. Jest odporna na dzia\u0142anie czynnik\u00f3w zewn\u0119trznych i upadki do 1 m. Latarka zasilana jest 6 bateriami AA (brak w zestawie).<\/p>\n<p><img decoding=\"async\" src=\"https:\/\/b2b.innpro.pl\/data\/include\/cms\/01Superfire\/UV06\/1.jpg\" border=\"0\" alt=\"01Superfire\/UV06\/1\" \/><\/p>\n<h3>Sprawdzi si\u0119 na co dzie\u0144<\/h3>\n<p>UV06 wykorzystuje \u015bwiat\u0142o UV, za pomoc\u0105 kt\u00f3rego mo\u017cesz zobaczy\u0107 niewidoczne dla oka \u015blady, na przyk\u0142ad, plamy z jedzenia, \u015blady moczu zwierz\u0105t na dywanie i innych tkaninach. Latarka wykrywa te\u017c znajduj\u0105ce si\u0119 na po\u015bcieli roztocza oraz fa\u0142szywe dokumenty, na przyk\u0142ad, dow\u00f3d to\u017csamo\u015bci, czy banknoty. Wyposa\u017cona w 100 koralik\u00f3w LED dostarcza wi\u0119cej \u015bwiat\u0142a, a d\u0142ugo\u015b\u0107 fali wynosi 395 nm.<\/p>\n<p><img decoding=\"async\" src=\"https:\/\/b2b.innpro.pl\/data\/include\/cms\/01Superfire\/UV06\/7.jpg\" border=\"0\" alt=\"01Superfire\/UV06\/7\" \/><\/p>\n<h3>Wytrzyma\u0142a i wodoodporna<\/h3>\n<p>Latarka Superfire zosta\u0142a wykonana ze stopu aluminium, dzi\u0119ki czemu jest odporna na uszkodzenia i upadki z wysoko\u015bci 1 m. Mo\u017cesz z niej korzysta\u0107 na zewn\u0105trz, chroni j\u0105 odporno\u015b\u0107 na wod\u0119, wilgo\u0107 oraz silny wiatr. Ergonomiczna konstrukcja UV06 zapewnia wygod\u0119 u\u017cytkowania, a antypo\u015blizgowe wyko\u0144czenie gwarantuje stabilno\u015b\u0107.<\/p>\n<p><img decoding=\"async\" src=\"https:\/\/b2b.innpro.pl\/data\/include\/cms\/01Superfire\/UV06\/6.jpg\" border=\"0\" alt=\"01Superfire\/UV06\/6\" \/><\/p>\n<div class=\"table-wrapper\">\n<table>\n<tbody>\n<tr>\n<th>Producent<\/th>\n<td>Superfire<\/td>\n<\/tr>\n<tr>\n<th>Model<\/th>\n<td>UV06<\/td>\n<\/tr>\n<tr>\n<th>Napi\u0119cie<\/th>\n<td>9V<\/td>\n<\/tr>\n<tr>\n<th>Materia\u0142<\/th>\n<td>stop aluminium<\/td>\n<\/tr>\n<tr>\n<th>Waga<\/th>\n<td>276g<\/td>\n<\/tr>\n<tr>\n<th>Ochrona przed wod\u0105<\/th>\n<td>IP46<\/td>\n<\/tr>\n<tr>\n<th>Wymiary<\/th>\n<td>191 x 78 x 38 mm<\/td>\n<\/tr>\n<tr>\n<th>D\u0142ugo\u015b\u0107 fali<\/th>\n<td>395 nm<\/td>\n<\/tr>\n<tr>\n<th>Odporno\u015b\u0107 na upadki<\/th>\n<td>do 1 m<\/td>\n<\/tr>\n<tr>\n<th>Zasilanie<\/th>\n<td>baterie: 6xAA<\/td>\n<\/tr>\n<tr>\n<th>Kolor<\/th>\n<td>czarny<\/td>\n<\/tr>\n<\/tbody>\n<\/table>\n<\/div>\n","protected":false},"excerpt":{"rendered":"<p>Latarka UV Superfire UV06 Latarka marki Superfire to praktyczne akcesorium, kt\u00f3re wykorzystasz na co dzie\u0144. Za jej pomoc\u0105 zobaczysz niewidoczne<\/p>\n","protected":false},"featured_media":41537,"comment_status":"closed","ping_status":"open","template":"","meta":{"_acf_changed":false},"product_brand":[],"product_cat":[5938,5948,5937],"product_tag":[],"class_list":{"0":"post-55871","1":"product","2":"type-product","3":"status-publish","4":"has-post-thumbnail","6":"product_cat-latarki","7":"product_cat-uv","8":"product_cat-outdoor","9":"pa_okres-gwarancji-5754","10":"pa_producent-superfire","12":"first","13":"outofstock","14":"taxable","15":"shipping-taxable","16":"purchasable","17":"product-type-simple"},"acf":[],"yoast_head":"<!-- This site is optimized with the Yoast SEO plugin v27.2 - https:\/\/yoast.com\/product\/yoast-seo-wordpress\/ -->\n<title>Latarka UV SUPERFIRE UV06 395nm - IRONSKY.PL Sklep z Dronami<\/title>\n<meta name=\"description\" content=\"Latarka UV SUPERFIRE UV06 395nm - \u2705 sklep z dronami i fachowym doradztwem. \u2705 Tutaj kupisz produkty DJI, Yuneec, Parrot, Syma i wiele innych, a tak\u017ce kursy i licencje na operatora drona.\" \/>\n<meta name=\"robots\" content=\"index, follow, max-snippet:-1, max-image-preview:large, max-video-preview:-1\" \/>\n<link rel=\"canonical\" href=\"https:\/\/ironsky.pl\/sklep\/produkt\/latarka-uv-superfire-uv06-395nm-2\/\" \/>\n<meta property=\"og:locale\" content=\"pl_PL\" \/>\n<meta property=\"og:type\" content=\"article\" \/>\n<meta property=\"og:title\" content=\"Latarka UV SUPERFIRE UV06 395nm - IRONSKY.PL Sklep z Dronami\" \/>\n<meta property=\"og:description\" content=\"Latarka UV SUPERFIRE UV06 395nm - \u2705 sklep z dronami i fachowym doradztwem. \u2705 Tutaj kupisz produkty DJI, Yuneec, Parrot, Syma i wiele innych, a tak\u017ce kursy i licencje na operatora drona.\" \/>\n<meta property=\"og:url\" content=\"https:\/\/ironsky.pl\/sklep\/produkt\/latarka-uv-superfire-uv06-395nm-2\/\" \/>\n<meta property=\"og:site_name\" content=\"IRONSKY.PL Sklep z Dronami\" \/>\n<meta property=\"og:image\" content=\"https:\/\/ironsky.pl\/sklep\/wp-content\/uploads\/2025\/06\/21936_1.jpg\" \/>\n\t<meta property=\"og:image:width\" content=\"800\" \/>\n\t<meta property=\"og:image:height\" content=\"800\" \/>\n\t<meta property=\"og:image:type\" content=\"image\/jpeg\" \/>\n<meta name=\"twitter:card\" content=\"summary_large_image\" \/>\n<meta name=\"twitter:label1\" content=\"Szacowany czas czytania\" \/>\n\t<meta name=\"twitter:data1\" content=\"1 minuta\" \/>\n<script type=\"application\/ld+json\" class=\"yoast-schema-graph\">{\"@context\":\"https:\/\/schema.org\",\"@graph\":[{\"@type\":\"WebPage\",\"@id\":\"https:\/\/ironsky.pl\/sklep\/produkt\/latarka-uv-superfire-uv06-395nm-2\/\",\"url\":\"https:\/\/ironsky.pl\/sklep\/produkt\/latarka-uv-superfire-uv06-395nm-2\/\",\"name\":\"Latarka UV SUPERFIRE UV06 395nm - IRONSKY.PL Sklep z Dronami\",\"isPartOf\":{\"@id\":\"https:\/\/ironsky.pl\/sklep\/#website\"},\"primaryImageOfPage\":{\"@id\":\"https:\/\/ironsky.pl\/sklep\/produkt\/latarka-uv-superfire-uv06-395nm-2\/#primaryimage\"},\"image\":{\"@id\":\"https:\/\/ironsky.pl\/sklep\/produkt\/latarka-uv-superfire-uv06-395nm-2\/#primaryimage\"},\"thumbnailUrl\":\"https:\/\/ironsky.pl\/sklep\/wp-content\/uploads\/2025\/06\/21936_1.jpg\",\"datePublished\":\"2026-04-15T08:08:58+00:00\",\"description\":\"Latarka UV SUPERFIRE UV06 395nm - \u2705 sklep z dronami i fachowym doradztwem. \u2705 Tutaj kupisz produkty DJI, Yuneec, Parrot, Syma i wiele innych, a tak\u017ce kursy i licencje na operatora drona.\",\"breadcrumb\":{\"@id\":\"https:\/\/ironsky.pl\/sklep\/produkt\/latarka-uv-superfire-uv06-395nm-2\/#breadcrumb\"},\"inLanguage\":\"pl-PL\",\"potentialAction\":[{\"@type\":\"ReadAction\",\"target\":[\"https:\/\/ironsky.pl\/sklep\/produkt\/latarka-uv-superfire-uv06-395nm-2\/\"]}]},{\"@type\":\"ImageObject\",\"inLanguage\":\"pl-PL\",\"@id\":\"https:\/\/ironsky.pl\/sklep\/produkt\/latarka-uv-superfire-uv06-395nm-2\/#primaryimage\",\"url\":\"https:\/\/ironsky.pl\/sklep\/wp-content\/uploads\/2025\/06\/21936_1.jpg\",\"contentUrl\":\"https:\/\/ironsky.pl\/sklep\/wp-content\/uploads\/2025\/06\/21936_1.jpg\",\"width\":800,\"height\":800},{\"@type\":\"BreadcrumbList\",\"@id\":\"https:\/\/ironsky.pl\/sklep\/produkt\/latarka-uv-superfire-uv06-395nm-2\/#breadcrumb\",\"itemListElement\":[{\"@type\":\"ListItem\",\"position\":1,\"name\":\"Strona g\u0142\u00f3wna\",\"item\":\"https:\/\/ironsky.pl\/sklep\/\"},{\"@type\":\"ListItem\",\"position\":2,\"name\":\"Wszystkie produkty\",\"item\":\"https:\/\/ironsky.pl\/sklep\/produkty\/\"},{\"@type\":\"ListItem\",\"position\":3,\"name\":\"Latarka UV SUPERFIRE UV06 395nm\"}]},{\"@type\":\"WebSite\",\"@id\":\"https:\/\/ironsky.pl\/sklep\/#website\",\"url\":\"https:\/\/ironsky.pl\/sklep\/\",\"name\":\"IRONSKY.PL Sklep z Dronami\",\"description\":\"IRONSKY.PL Sklep z Dronami\",\"potentialAction\":[{\"@type\":\"SearchAction\",\"target\":{\"@type\":\"EntryPoint\",\"urlTemplate\":\"https:\/\/ironsky.pl\/sklep\/?s={search_term_string}\"},\"query-input\":{\"@type\":\"PropertyValueSpecification\",\"valueRequired\":true,\"valueName\":\"search_term_string\"}}],\"inLanguage\":\"pl-PL\"}]}<\/script>\n<!-- \/ Yoast SEO plugin. -->","yoast_head_json":{"title":"Latarka UV SUPERFIRE UV06 395nm - IRONSKY.PL Sklep z Dronami","description":"Latarka UV SUPERFIRE UV06 395nm - \u2705 sklep z dronami i fachowym doradztwem. \u2705 Tutaj kupisz produkty DJI, Yuneec, Parrot, Syma i wiele innych, a tak\u017ce kursy i licencje na operatora drona.","robots":{"index":"index","follow":"follow","max-snippet":"max-snippet:-1","max-image-preview":"max-image-preview:large","max-video-preview":"max-video-preview:-1"},"canonical":"https:\/\/ironsky.pl\/sklep\/produkt\/latarka-uv-superfire-uv06-395nm-2\/","og_locale":"pl_PL","og_type":"article","og_title":"Latarka UV SUPERFIRE UV06 395nm - IRONSKY.PL Sklep z Dronami","og_description":"Latarka UV SUPERFIRE UV06 395nm - \u2705 sklep z dronami i fachowym doradztwem. \u2705 Tutaj kupisz produkty DJI, Yuneec, Parrot, Syma i wiele innych, a tak\u017ce kursy i licencje na operatora drona.","og_url":"https:\/\/ironsky.pl\/sklep\/produkt\/latarka-uv-superfire-uv06-395nm-2\/","og_site_name":"IRONSKY.PL Sklep z Dronami","og_image":[{"width":800,"height":800,"url":"https:\/\/ironsky.pl\/sklep\/wp-content\/uploads\/2025\/06\/21936_1.jpg","type":"image\/jpeg"}],"twitter_card":"summary_large_image","twitter_misc":{"Szacowany czas czytania":"1 minuta"},"schema":{"@context":"https:\/\/schema.org","@graph":[{"@type":"WebPage","@id":"https:\/\/ironsky.pl\/sklep\/produkt\/latarka-uv-superfire-uv06-395nm-2\/","url":"https:\/\/ironsky.pl\/sklep\/produkt\/latarka-uv-superfire-uv06-395nm-2\/","name":"Latarka UV SUPERFIRE UV06 395nm - IRONSKY.PL Sklep z Dronami","isPartOf":{"@id":"https:\/\/ironsky.pl\/sklep\/#website"},"primaryImageOfPage":{"@id":"https:\/\/ironsky.pl\/sklep\/produkt\/latarka-uv-superfire-uv06-395nm-2\/#primaryimage"},"image":{"@id":"https:\/\/ironsky.pl\/sklep\/produkt\/latarka-uv-superfire-uv06-395nm-2\/#primaryimage"},"thumbnailUrl":"https:\/\/ironsky.pl\/sklep\/wp-content\/uploads\/2025\/06\/21936_1.jpg","datePublished":"2026-04-15T08:08:58+00:00","description":"Latarka UV SUPERFIRE UV06 395nm - \u2705 sklep z dronami i fachowym doradztwem. \u2705 Tutaj kupisz produkty DJI, Yuneec, Parrot, Syma i wiele innych, a tak\u017ce kursy i licencje na operatora drona.","breadcrumb":{"@id":"https:\/\/ironsky.pl\/sklep\/produkt\/latarka-uv-superfire-uv06-395nm-2\/#breadcrumb"},"inLanguage":"pl-PL","potentialAction":[{"@type":"ReadAction","target":["https:\/\/ironsky.pl\/sklep\/produkt\/latarka-uv-superfire-uv06-395nm-2\/"]}]},{"@type":"ImageObject","inLanguage":"pl-PL","@id":"https:\/\/ironsky.pl\/sklep\/produkt\/latarka-uv-superfire-uv06-395nm-2\/#primaryimage","url":"https:\/\/ironsky.pl\/sklep\/wp-content\/uploads\/2025\/06\/21936_1.jpg","contentUrl":"https:\/\/ironsky.pl\/sklep\/wp-content\/uploads\/2025\/06\/21936_1.jpg","width":800,"height":800},{"@type":"BreadcrumbList","@id":"https:\/\/ironsky.pl\/sklep\/produkt\/latarka-uv-superfire-uv06-395nm-2\/#breadcrumb","itemListElement":[{"@type":"ListItem","position":1,"name":"Strona g\u0142\u00f3wna","item":"https:\/\/ironsky.pl\/sklep\/"},{"@type":"ListItem","position":2,"name":"Wszystkie produkty","item":"https:\/\/ironsky.pl\/sklep\/produkty\/"},{"@type":"ListItem","position":3,"name":"Latarka UV SUPERFIRE UV06 395nm"}]},{"@type":"WebSite","@id":"https:\/\/ironsky.pl\/sklep\/#website","url":"https:\/\/ironsky.pl\/sklep\/","name":"IRONSKY.PL Sklep z Dronami","description":"IRONSKY.PL Sklep z Dronami","potentialAction":[{"@type":"SearchAction","target":{"@type":"EntryPoint","urlTemplate":"https:\/\/ironsky.pl\/sklep\/?s={search_term_string}"},"query-input":{"@type":"PropertyValueSpecification","valueRequired":true,"valueName":"search_term_string"}}],"inLanguage":"pl-PL"}]}},"_links":{"self":[{"href":"https:\/\/ironsky.pl\/sklep\/wp-json\/wp\/v2\/product\/55871","targetHints":{"allow":["GET"]}}],"collection":[{"href":"https:\/\/ironsky.pl\/sklep\/wp-json\/wp\/v2\/product"}],"about":[{"href":"https:\/\/ironsky.pl\/sklep\/wp-json\/wp\/v2\/types\/product"}],"replies":[{"embeddable":true,"href":"https:\/\/ironsky.pl\/sklep\/wp-json\/wp\/v2\/comments?post=55871"}],"wp:featuredmedia":[{"embeddable":true,"href":"https:\/\/ironsky.pl\/sklep\/wp-json\/wp\/v2\/media\/41537"}],"wp:attachment":[{"href":"https:\/\/ironsky.pl\/sklep\/wp-json\/wp\/v2\/media?parent=55871"}],"wp:term":[{"taxonomy":"product_brand","embeddable":true,"href":"https:\/\/ironsky.pl\/sklep\/wp-json\/wp\/v2\/product_brand?post=55871"},{"taxonomy":"product_cat","embeddable":true,"href":"https:\/\/ironsky.pl\/sklep\/wp-json\/wp\/v2\/product_cat?post=55871"},{"taxonomy":"product_tag","embeddable":true,"href":"https:\/\/ironsky.pl\/sklep\/wp-json\/wp\/v2\/product_tag?post=55871"}],"curies":[{"name":"wp","href":"https:\/\/api.w.org\/{rel}","templated":true}]}}