{"id":55870,"date":"2026-04-15T10:08:27","date_gmt":"2026-04-15T08:08:27","guid":{"rendered":"https:\/\/ironsky.pl\/sklep\/produkt\/latarka-czolowa-superfire-hl55-strumien-swietlny-150lm-usb-c\/"},"modified":"2026-04-15T10:46:18","modified_gmt":"2026-04-15T08:46:18","slug":"latarka-czolowa-superfire-hl55-strumien-swietlny-150lm-usb-c","status":"publish","type":"product","link":"https:\/\/ironsky.pl\/sklep\/produkt\/latarka-czolowa-superfire-hl55-strumien-swietlny-150lm-usb-c\/","title":{"rendered":"Latarka czo\u0142owa SUPERFIRE HL55 strumie\u0144 \u015bwietlny 150lm USB-C"},"content":{"rendered":"<h3>Latarka czo\u0142owa Superfire HL55, 150 lm, USB-C, 4 tryby, 270 m<\/h3>\n<p>Praktyczna czo\u0142\u00f3wka marki Superfire przyda Ci si\u0119 w wielu r\u00f3\u017cnych sytuacjach. Jest idealna podczas g\u00f3rskich w\u0119dr\u00f3wek, camping\u00f3w, czy wieczornych spacer\u00f3w z psem. Ma kompaktowe wymiary i nisk\u0105 wag\u0119, dzi\u0119ki czemu jest \u0142atwa do przenoszenia i zawsze mo\u017cesz mie\u0107 j\u0105 pod r\u0119k\u0105. Posiada cztery tryby pracy. Wyr\u00f3\u017cnia si\u0119 te\u017c du\u017cym zasi\u0119giem \u015bwiecenia. Dobre skupienie \u015bwiat\u0142a oraz wysoka jasno\u015b\u0107 sprawiaj\u0105, \u017ce \u015bwietnie sprawdza si\u0119 zar\u00f3wno w terenie, jak i podczas codziennych aktywno\u015bci. Jest r\u00f3wnie\u017c odporna na wod\u0119, wi\u0119c mo\u017cesz z niej korzysta\u0107 podczas trudnych warunk\u00f3w pogodowych. Wyposa\u017cona w funkcj\u0119 regulacji, pozwoli Ci dostosowa\u0107 k\u0105t \u015bwiecenia do w\u0142asnych potrzeb.<\/p>\n<p>\n<img decoding=\"async\" src=\"https:\/\/assets.innpro.pl\/14135\/17631\/3.jpg\" border=\"0\" alt=\"Czo\u0142\u00f3wka z du\u017cym reflektorem i paskiem z napisem SUPERFIRE na ciemnym tle\" \/>\n<\/p>\n<h3>Dostosuj jej dzia\u0142anie do w\u0142asnych potrzeb<\/h3>\n<p>Latarka posiada r\u00f3\u017cne tryby \u015bwiecenia \u2013 w tym wysoki, \u015bredni, niski, stroboskop oraz SOS, dzi\u0119ki czemu mo\u017cesz wybiera\u0107 je w zale\u017cno\u015bci od potrzeb. Ponadto uchwyt latarki wyposa\u017cono w praktyczn\u0105 regulacj\u0119 w zakresie od 0\u00b0 do 90\u00b0, dzi\u0119ki czemu mo\u017cesz decydowa\u0107, pod jakim k\u0105tem powinno pada\u0107 \u015bwiat\u0142o. Regulacji podlega te\u017c pasek HL55, wi\u0119c dopasujesz j\u0105 idealnie do siebie dla jak najwi\u0119kszej wygody.<\/p>\n<p>\n<img decoding=\"async\" src=\"https:\/\/assets.innpro.pl\/14135\/17631\/2.jpg\" border=\"0\" alt=\"M\u0119\u017cczyzna w jaskini nosz\u0105cy latark\u0119 czo\u0142ow\u0105, ubrany w zielon\u0105 kurtk\u0119 i pomara\u0144czowy plecak\" \/>\n<\/p>\n<h3>Solidna i praktyczna konstrukcja<\/h3>\n<p>Czo\u0142\u00f3wka posiada ochron\u0119 przed wod\u0105 na poziomie IP43, dzi\u0119ki czemu mo\u017cesz korzysta\u0107 z niej podczas deszczu bez obaw o jej uszkodzenie. Materia\u0142y, z kt\u00f3rych zosta\u0142a wykonana, s\u0105 trwa\u0142e i wytrzyma\u0142e na r\u00f3\u017cne warunki atmosferyczne. HL55 wyposa\u017cono tak\u017ce w port USB-C (Universal Serial Bus typu C, uniwersalne z\u0142\u0105cze do przesy\u0142ania danych i zasilania), kt\u00f3ry obs\u0142uguje \u0142adowanie z r\u00f3\u017cnych urz\u0105dze\u0144 \u2013 mo\u017cesz pod\u0142\u0105czy\u0107 j\u0105 do klasycznej \u0142adowarki, powerbanku czy komputera.<\/p>\n<p>\n<img decoding=\"async\" src=\"https:\/\/assets.innpro.pl\/14135\/17631\/7.jpg\" border=\"0\" alt=\"Latarka czo\u0142owa le\u017c\u0105ca na mokrej powierzchni, o\u015bwietlona i ochlapywana przez wod\u0119 w czasie deszczu\" \/>\n<\/p>\n<h3>Du\u017cy zasi\u0119g \u015bwiecenia<\/h3>\n<p>Zasi\u0119g latarki si\u0119ga a\u017c 270 metr\u00f3w, dzi\u0119ki czemu mo\u017ce by\u0107 Twoim niezawodnym asystentem podczas r\u00f3\u017cnego rodzaju nocnych wypraw.\u00a0Z powodzeniem wykorzystasz j\u0105 r\u00f3wnie\u017c podczas jazdy na rowerze, campingu, czy naprawy samochodu.\u00a0<\/p>\n<p>\n<img decoding=\"async\" src=\"https:\/\/assets.innpro.pl\/14135\/17631\/4.jpg\" border=\"0\" alt=\"Cztery sceny nocne pokazuj\u0105ce ludzi u\u017cywaj\u0105cych latarek czo\u0142owych podczas jazdy na rowerze, biwakowania, biegania i naprawy samochodu\" \/>\n<\/p>\n<h3>W zestawie<\/h3>\n<ul class=\"list-disc pl-5\">\n<li>latarka<\/li>\n<li>kabel USB (Universal Serial Bus, uniwersalne z\u0142\u0105cze do przesy\u0142ania danych i zasilania)<\/li>\n<\/ul>\n<div class=\"table-wrapper\">\n<p>\u00a0<\/p>\n<h3><\/h3>\n<table>\n<tbody>\n<tr>\n<th>Producent<\/th>\n<td>Superfire<\/td>\n<\/tr>\n<tr>\n<th>Model <\/th>\n<td>HL55<\/td>\n<\/tr>\n<tr>\n<th>Kolor <\/th>\n<td>czarny<\/td>\n<\/tr>\n<tr>\n<th>Wymiary <\/th>\n<td>67 x 79 x 60 mm<\/td>\n<\/tr>\n<tr>\n<th>Waga <\/th>\n<td>118g<\/td>\n<\/tr>\n<tr>\n<th>Moc <\/th>\n<td>3W<\/td>\n<\/tr>\n<tr>\n<th>Napi\u0119cie <\/th>\n<td>3.7V<\/td>\n<\/tr>\n<tr>\n<th>Ochrona przed wod\u0105 <\/th>\n<td>IP43<\/td>\n<\/tr>\n<tr>\n<th>Zasilanie  <\/th>\n<td>akumulator 18650<\/td>\n<\/tr>\n<tr>\n<th>Czas dzia\u0142ania <\/th>\n<td>oko\u0142o 2.5h<\/td>\n<\/tr>\n<tr>\n<th>Czas \u0142adowania <\/th>\n<td>oko\u0142o 2h<\/td>\n<\/tr>\n<tr>\n<th>Port \u0142adowania <\/th>\n<td>USB-C<\/td>\n<\/tr>\n<tr>\n<th>Tryby <\/th>\n<td>wysoki poziom jasno\u015bci, niski poziom jasno\u015bci, stroboskop, SOS<\/td>\n<\/tr>\n<tr>\n<th>Pojemno\u015b\u0107 akumulatora <\/th>\n<td>800 mAh <\/td>\n<\/tr>\n<tr>\n<th>Materia\u0142 <\/th>\n<td>ABS<\/td>\n<\/tr>\n<tr>\n<th>Odporno\u015b\u0107 na upadki <\/th>\n<td>do 1 m<\/td>\n<\/tr>\n<tr>\n<th>Zasi\u0119g \u015bwiecenia <\/th>\n<td>270 m<\/td>\n<\/tr>\n<\/tbody>\n<\/table>\n<\/div>\n","protected":false},"excerpt":{"rendered":"<p>Latarka czo\u0142owa Superfire HL55, 150 lm, USB-C, 4 tryby, 270 m Praktyczna czo\u0142\u00f3wka marki Superfire przyda Ci si\u0119 w wielu<\/p>\n","protected":false},"featured_media":41534,"comment_status":"closed","ping_status":"open","template":"","meta":{"_acf_changed":false},"product_brand":[],"product_cat":[5938,5940,5937],"product_tag":[],"class_list":{"0":"post-55870","1":"product","2":"type-product","3":"status-publish","4":"has-post-thumbnail","6":"product_cat-latarki","7":"product_cat-czolowe","8":"product_cat-outdoor","9":"pa_okres-gwarancji-5754","10":"pa_producent-superfire","12":"first","13":"outofstock","14":"taxable","15":"shipping-taxable","16":"purchasable","17":"product-type-simple"},"acf":[],"yoast_head":"<!-- This site is optimized with the Yoast SEO plugin v27.2 - https:\/\/yoast.com\/product\/yoast-seo-wordpress\/ -->\n<title>Latarka czo\u0142owa SUPERFIRE HL55 strumie\u0144 \u015bwietlny 150lm USB-C - IRONSKY.PL Sklep z Dronami<\/title>\n<meta name=\"description\" content=\"Latarka czo\u0142owa SUPERFIRE HL55 strumie\u0144 \u015bwietlny 150lm USB-C - \u2705 sklep z dronami i fachowym doradztwem. \u2705 Tutaj kupisz produkty DJI, Yuneec, Parrot, Syma i wiele innych, a tak\u017ce kursy i licencje na operatora drona.\" \/>\n<meta name=\"robots\" content=\"index, follow, max-snippet:-1, max-image-preview:large, max-video-preview:-1\" \/>\n<link rel=\"canonical\" href=\"https:\/\/ironsky.pl\/sklep\/produkt\/latarka-czolowa-superfire-hl55-strumien-swietlny-150lm-usb-c\/\" \/>\n<meta property=\"og:locale\" content=\"pl_PL\" \/>\n<meta property=\"og:type\" content=\"article\" \/>\n<meta property=\"og:title\" content=\"Latarka czo\u0142owa SUPERFIRE HL55 strumie\u0144 \u015bwietlny 150lm USB-C - IRONSKY.PL Sklep z Dronami\" \/>\n<meta property=\"og:description\" content=\"Latarka czo\u0142owa SUPERFIRE HL55 strumie\u0144 \u015bwietlny 150lm USB-C - \u2705 sklep z dronami i fachowym doradztwem. \u2705 Tutaj kupisz produkty DJI, Yuneec, Parrot, Syma i wiele innych, a tak\u017ce kursy i licencje na operatora drona.\" \/>\n<meta property=\"og:url\" content=\"https:\/\/ironsky.pl\/sklep\/produkt\/latarka-czolowa-superfire-hl55-strumien-swietlny-150lm-usb-c\/\" \/>\n<meta property=\"og:site_name\" content=\"IRONSKY.PL Sklep z Dronami\" \/>\n<meta property=\"article:modified_time\" content=\"2026-04-15T08:46:18+00:00\" \/>\n<meta property=\"og:image\" content=\"https:\/\/ironsky.pl\/sklep\/wp-content\/uploads\/2025\/06\/21933_1.jpg\" \/>\n\t<meta property=\"og:image:width\" content=\"800\" \/>\n\t<meta property=\"og:image:height\" content=\"800\" \/>\n\t<meta property=\"og:image:type\" content=\"image\/jpeg\" \/>\n<meta name=\"twitter:card\" content=\"summary_large_image\" \/>\n<meta name=\"twitter:label1\" content=\"Szacowany czas czytania\" \/>\n\t<meta name=\"twitter:data1\" content=\"2 minuty\" \/>\n<script type=\"application\/ld+json\" class=\"yoast-schema-graph\">{\"@context\":\"https:\/\/schema.org\",\"@graph\":[{\"@type\":\"WebPage\",\"@id\":\"https:\/\/ironsky.pl\/sklep\/produkt\/latarka-czolowa-superfire-hl55-strumien-swietlny-150lm-usb-c\/\",\"url\":\"https:\/\/ironsky.pl\/sklep\/produkt\/latarka-czolowa-superfire-hl55-strumien-swietlny-150lm-usb-c\/\",\"name\":\"Latarka czo\u0142owa SUPERFIRE HL55 strumie\u0144 \u015bwietlny 150lm USB-C - IRONSKY.PL Sklep z Dronami\",\"isPartOf\":{\"@id\":\"https:\/\/ironsky.pl\/sklep\/#website\"},\"primaryImageOfPage\":{\"@id\":\"https:\/\/ironsky.pl\/sklep\/produkt\/latarka-czolowa-superfire-hl55-strumien-swietlny-150lm-usb-c\/#primaryimage\"},\"image\":{\"@id\":\"https:\/\/ironsky.pl\/sklep\/produkt\/latarka-czolowa-superfire-hl55-strumien-swietlny-150lm-usb-c\/#primaryimage\"},\"thumbnailUrl\":\"https:\/\/ironsky.pl\/sklep\/wp-content\/uploads\/2025\/06\/21933_1.jpg\",\"datePublished\":\"2026-04-15T08:08:27+00:00\",\"dateModified\":\"2026-04-15T08:46:18+00:00\",\"description\":\"Latarka czo\u0142owa SUPERFIRE HL55 strumie\u0144 \u015bwietlny 150lm USB-C - \u2705 sklep z dronami i fachowym doradztwem. \u2705 Tutaj kupisz produkty DJI, Yuneec, Parrot, Syma i wiele innych, a tak\u017ce kursy i licencje na operatora drona.\",\"breadcrumb\":{\"@id\":\"https:\/\/ironsky.pl\/sklep\/produkt\/latarka-czolowa-superfire-hl55-strumien-swietlny-150lm-usb-c\/#breadcrumb\"},\"inLanguage\":\"pl-PL\",\"potentialAction\":[{\"@type\":\"ReadAction\",\"target\":[\"https:\/\/ironsky.pl\/sklep\/produkt\/latarka-czolowa-superfire-hl55-strumien-swietlny-150lm-usb-c\/\"]}]},{\"@type\":\"ImageObject\",\"inLanguage\":\"pl-PL\",\"@id\":\"https:\/\/ironsky.pl\/sklep\/produkt\/latarka-czolowa-superfire-hl55-strumien-swietlny-150lm-usb-c\/#primaryimage\",\"url\":\"https:\/\/ironsky.pl\/sklep\/wp-content\/uploads\/2025\/06\/21933_1.jpg\",\"contentUrl\":\"https:\/\/ironsky.pl\/sklep\/wp-content\/uploads\/2025\/06\/21933_1.jpg\",\"width\":800,\"height\":800},{\"@type\":\"BreadcrumbList\",\"@id\":\"https:\/\/ironsky.pl\/sklep\/produkt\/latarka-czolowa-superfire-hl55-strumien-swietlny-150lm-usb-c\/#breadcrumb\",\"itemListElement\":[{\"@type\":\"ListItem\",\"position\":1,\"name\":\"Strona g\u0142\u00f3wna\",\"item\":\"https:\/\/ironsky.pl\/sklep\/\"},{\"@type\":\"ListItem\",\"position\":2,\"name\":\"Wszystkie produkty\",\"item\":\"https:\/\/ironsky.pl\/sklep\/produkty\/\"},{\"@type\":\"ListItem\",\"position\":3,\"name\":\"Latarka czo\u0142owa SUPERFIRE HL55 strumie\u0144 \u015bwietlny 150lm USB-C\"}]},{\"@type\":\"WebSite\",\"@id\":\"https:\/\/ironsky.pl\/sklep\/#website\",\"url\":\"https:\/\/ironsky.pl\/sklep\/\",\"name\":\"IRONSKY.PL Sklep z Dronami\",\"description\":\"IRONSKY.PL Sklep z Dronami\",\"potentialAction\":[{\"@type\":\"SearchAction\",\"target\":{\"@type\":\"EntryPoint\",\"urlTemplate\":\"https:\/\/ironsky.pl\/sklep\/?s={search_term_string}\"},\"query-input\":{\"@type\":\"PropertyValueSpecification\",\"valueRequired\":true,\"valueName\":\"search_term_string\"}}],\"inLanguage\":\"pl-PL\"}]}<\/script>\n<!-- \/ Yoast SEO plugin. -->","yoast_head_json":{"title":"Latarka czo\u0142owa SUPERFIRE HL55 strumie\u0144 \u015bwietlny 150lm USB-C - IRONSKY.PL Sklep z Dronami","description":"Latarka czo\u0142owa SUPERFIRE HL55 strumie\u0144 \u015bwietlny 150lm USB-C - \u2705 sklep z dronami i fachowym doradztwem. \u2705 Tutaj kupisz produkty DJI, Yuneec, Parrot, Syma i wiele innych, a tak\u017ce kursy i licencje na operatora drona.","robots":{"index":"index","follow":"follow","max-snippet":"max-snippet:-1","max-image-preview":"max-image-preview:large","max-video-preview":"max-video-preview:-1"},"canonical":"https:\/\/ironsky.pl\/sklep\/produkt\/latarka-czolowa-superfire-hl55-strumien-swietlny-150lm-usb-c\/","og_locale":"pl_PL","og_type":"article","og_title":"Latarka czo\u0142owa SUPERFIRE HL55 strumie\u0144 \u015bwietlny 150lm USB-C - IRONSKY.PL Sklep z Dronami","og_description":"Latarka czo\u0142owa SUPERFIRE HL55 strumie\u0144 \u015bwietlny 150lm USB-C - \u2705 sklep z dronami i fachowym doradztwem. \u2705 Tutaj kupisz produkty DJI, Yuneec, Parrot, Syma i wiele innych, a tak\u017ce kursy i licencje na operatora drona.","og_url":"https:\/\/ironsky.pl\/sklep\/produkt\/latarka-czolowa-superfire-hl55-strumien-swietlny-150lm-usb-c\/","og_site_name":"IRONSKY.PL Sklep z Dronami","article_modified_time":"2026-04-15T08:46:18+00:00","og_image":[{"width":800,"height":800,"url":"https:\/\/ironsky.pl\/sklep\/wp-content\/uploads\/2025\/06\/21933_1.jpg","type":"image\/jpeg"}],"twitter_card":"summary_large_image","twitter_misc":{"Szacowany czas czytania":"2 minuty"},"schema":{"@context":"https:\/\/schema.org","@graph":[{"@type":"WebPage","@id":"https:\/\/ironsky.pl\/sklep\/produkt\/latarka-czolowa-superfire-hl55-strumien-swietlny-150lm-usb-c\/","url":"https:\/\/ironsky.pl\/sklep\/produkt\/latarka-czolowa-superfire-hl55-strumien-swietlny-150lm-usb-c\/","name":"Latarka czo\u0142owa SUPERFIRE HL55 strumie\u0144 \u015bwietlny 150lm USB-C - IRONSKY.PL Sklep z Dronami","isPartOf":{"@id":"https:\/\/ironsky.pl\/sklep\/#website"},"primaryImageOfPage":{"@id":"https:\/\/ironsky.pl\/sklep\/produkt\/latarka-czolowa-superfire-hl55-strumien-swietlny-150lm-usb-c\/#primaryimage"},"image":{"@id":"https:\/\/ironsky.pl\/sklep\/produkt\/latarka-czolowa-superfire-hl55-strumien-swietlny-150lm-usb-c\/#primaryimage"},"thumbnailUrl":"https:\/\/ironsky.pl\/sklep\/wp-content\/uploads\/2025\/06\/21933_1.jpg","datePublished":"2026-04-15T08:08:27+00:00","dateModified":"2026-04-15T08:46:18+00:00","description":"Latarka czo\u0142owa SUPERFIRE HL55 strumie\u0144 \u015bwietlny 150lm USB-C - \u2705 sklep z dronami i fachowym doradztwem. \u2705 Tutaj kupisz produkty DJI, Yuneec, Parrot, Syma i wiele innych, a tak\u017ce kursy i licencje na operatora drona.","breadcrumb":{"@id":"https:\/\/ironsky.pl\/sklep\/produkt\/latarka-czolowa-superfire-hl55-strumien-swietlny-150lm-usb-c\/#breadcrumb"},"inLanguage":"pl-PL","potentialAction":[{"@type":"ReadAction","target":["https:\/\/ironsky.pl\/sklep\/produkt\/latarka-czolowa-superfire-hl55-strumien-swietlny-150lm-usb-c\/"]}]},{"@type":"ImageObject","inLanguage":"pl-PL","@id":"https:\/\/ironsky.pl\/sklep\/produkt\/latarka-czolowa-superfire-hl55-strumien-swietlny-150lm-usb-c\/#primaryimage","url":"https:\/\/ironsky.pl\/sklep\/wp-content\/uploads\/2025\/06\/21933_1.jpg","contentUrl":"https:\/\/ironsky.pl\/sklep\/wp-content\/uploads\/2025\/06\/21933_1.jpg","width":800,"height":800},{"@type":"BreadcrumbList","@id":"https:\/\/ironsky.pl\/sklep\/produkt\/latarka-czolowa-superfire-hl55-strumien-swietlny-150lm-usb-c\/#breadcrumb","itemListElement":[{"@type":"ListItem","position":1,"name":"Strona g\u0142\u00f3wna","item":"https:\/\/ironsky.pl\/sklep\/"},{"@type":"ListItem","position":2,"name":"Wszystkie produkty","item":"https:\/\/ironsky.pl\/sklep\/produkty\/"},{"@type":"ListItem","position":3,"name":"Latarka czo\u0142owa SUPERFIRE HL55 strumie\u0144 \u015bwietlny 150lm USB-C"}]},{"@type":"WebSite","@id":"https:\/\/ironsky.pl\/sklep\/#website","url":"https:\/\/ironsky.pl\/sklep\/","name":"IRONSKY.PL Sklep z Dronami","description":"IRONSKY.PL Sklep z Dronami","potentialAction":[{"@type":"SearchAction","target":{"@type":"EntryPoint","urlTemplate":"https:\/\/ironsky.pl\/sklep\/?s={search_term_string}"},"query-input":{"@type":"PropertyValueSpecification","valueRequired":true,"valueName":"search_term_string"}}],"inLanguage":"pl-PL"}]}},"_links":{"self":[{"href":"https:\/\/ironsky.pl\/sklep\/wp-json\/wp\/v2\/product\/55870","targetHints":{"allow":["GET"]}}],"collection":[{"href":"https:\/\/ironsky.pl\/sklep\/wp-json\/wp\/v2\/product"}],"about":[{"href":"https:\/\/ironsky.pl\/sklep\/wp-json\/wp\/v2\/types\/product"}],"replies":[{"embeddable":true,"href":"https:\/\/ironsky.pl\/sklep\/wp-json\/wp\/v2\/comments?post=55870"}],"wp:featuredmedia":[{"embeddable":true,"href":"https:\/\/ironsky.pl\/sklep\/wp-json\/wp\/v2\/media\/41534"}],"wp:attachment":[{"href":"https:\/\/ironsky.pl\/sklep\/wp-json\/wp\/v2\/media?parent=55870"}],"wp:term":[{"taxonomy":"product_brand","embeddable":true,"href":"https:\/\/ironsky.pl\/sklep\/wp-json\/wp\/v2\/product_brand?post=55870"},{"taxonomy":"product_cat","embeddable":true,"href":"https:\/\/ironsky.pl\/sklep\/wp-json\/wp\/v2\/product_cat?post=55870"},{"taxonomy":"product_tag","embeddable":true,"href":"https:\/\/ironsky.pl\/sklep\/wp-json\/wp\/v2\/product_tag?post=55870"}],"curies":[{"name":"wp","href":"https:\/\/api.w.org\/{rel}","templated":true}]}}