{"id":55867,"date":"2026-04-15T10:08:27","date_gmt":"2026-04-15T08:08:27","guid":{"rendered":"https:\/\/ironsky.pl\/sklep\/produkt\/torba-na-laptopa-ugreen-lp437-do-159-szara\/"},"modified":"2026-04-15T10:46:16","modified_gmt":"2026-04-15T08:46:16","slug":"torba-na-laptopa-ugreen-lp437-do-159-szara","status":"publish","type":"product","link":"https:\/\/ironsky.pl\/sklep\/produkt\/torba-na-laptopa-ugreen-lp437-do-159-szara\/","title":{"rendered":"Torba na laptopa UGREEN LP437 do 15,9&#8243; (szara)"},"content":{"rendered":"<h3>Torba na laptopa do 15,9&#8221; UGREEN LP437<\/h3>\n<p>Transport laptopa nigdy nie by\u0142 prostszy. Torba marki UGREEN zosta\u0142a wykonana z wysokiej klasy materia\u0142\u00f3w, kt\u00f3re ochroni\u0105 Twoje urz\u0105dzenie przed uszkodzeniem. Wygodny uchwyt u\u0142atwia jej przenoszenie, a kilka kieszeni i przegr\u00f3dek umo\u017cliwia przechowywanie innych niewielkich przedmiot\u00f3w. Produkt pasuje do wi\u0119kszo\u015bci laptop\u00f3w o przek\u0105tnej do 15,9&#8221;.<\/p>\n<p><img decoding=\"async\" src=\"https:\/\/b2b.innpro.pl\/data\/include\/cms\/012UGREEN\/LP437\/6.jpg?v=1637330323475\"><\/p>\n<h3>3-warstwowa ochrona<\/h3>\n<p>Ju\u017c nie musisz si\u0119 obawia\u0107 o bezpiecze\u0144stwo swojego laptopa w trakcie transportu. Torba UGREEN LP437 zapewni mu niezawodn\u0105, 3-warstwow\u0105 ochron\u0119! W jej wn\u0119trzu znajduje si\u0119 wysokiej klasy aksamit. Pianka PE zabezpiecza urz\u0105dzenie przed wstrz\u0105sami. Zewn\u0119trzna warstwa torby zosta\u0142a wykonana z poliestru typu Oxford 900D, kt\u00f3ry jest odporny na rozerwanie i inne uszkodzenia. Niestraszne mu nawet przypadkowe zachlapanie!<\/p>\n<p><img decoding=\"async\" src=\"https:\/\/b2b.innpro.pl\/data\/include\/cms\/012UGREEN\/LP437\/5.jpg?v=1637330323475\"><\/p>\n<h3>Zaskakuj\u0105co pojemna<\/h3>\n<p>Bez najmniejszego nawet problemu zmie\u015bcisz w torbie nie tylko laptopa, ale te\u017c inne przydatne przedmioty. Wiele kieszeni i przegr\u00f3dek pozwala na wygodny transport i przechowywanie smartfona, myszy komputerowej, kart pami\u0119ci, s\u0142uchawek, kluczy, powerbank\u00f3w, kabli i nie tylko!<\/p>\n<p><img decoding=\"async\" src=\"https:\/\/b2b.innpro.pl\/data\/include\/cms\/012UGREEN\/LP437\/4.jpg?v=1637330323475\"><\/p>\n<h3>Stworzona dla Twojego laptopa<\/h3>\n<p>Wymiary torby wynosz\u0105 400 x 275 x 60 mm. To oznacza, \u017ce z powodzeniem schowasz w niej swojego laptopa o przek\u0105tnej do nawet 15,9&#8221;. LP437 pasuje do modeli takich jak na przyk\u0142ad MacBook Pro 16&#8221; \/ 15&#8221;, Asus Zenbook 15, Dell XPS 15 i HP Envy 14.<\/p>\n<p><img decoding=\"async\" src=\"https:\/\/b2b.innpro.pl\/data\/include\/cms\/012UGREEN\/LP437\/2.jpg?v=1637330323475\"><\/p>\n<h3>\u0141atwe przenoszenie<\/h3>\n<p>Aby u\u0142atwi\u0107 Ci przenoszenie torby, wyposa\u017cono j\u0105 w wygodny uchwyt. Jest on niezwykle wytrzyma\u0142y i odporny na rozerwanie. Przez jaki\u015b czas nie b\u0119dzie Ci potrzebny? W ka\u017cdej chwili mo\u017cesz po prostu go schowa\u0107! Wszystko to sprawia, \u017ce torba doskonale sprawdzi si\u0119 w podr\u00f3\u017cy, w pracy czy na uczelni.<\/p>\n<p><img decoding=\"async\" src=\"https:\/\/b2b.innpro.pl\/data\/include\/cms\/012UGREEN\/LP437\/1.jpg?v=1637330323475\"><\/p>\n<div class=\"table-wrapper\">\n<table>\n<tbody>\n<tr>\n<th>Producent<\/th>\n<td>UGREEN<\/td>\n<\/tr>\n<tr>\n<th>Model<\/th>\n<td>LP437<\/td>\n<\/tr>\n<tr>\n<th>Wymiary<\/th>\n<td>400 x 275 x 60 mm<\/td>\n<\/tr>\n<tr>\n<th>Przek\u0105tna kompatybilnych laptop\u00f3w<\/th>\n<td>Do 15,9&#8221;<\/td>\n<\/tr>\n<tr>\n<th>Materia\u0142<\/th>\n<td>Poliester Oxford 900D, PE, aksamit<\/td>\n<\/tr>\n<tr>\n<th>Kolor<\/th>\n<td>Szary<\/td>\n<\/tr>\n<\/tbody>\n<\/table>\n<\/div>\n","protected":false},"excerpt":{"rendered":"<p>Torba na laptopa do 15,9&#8221; UGREEN LP437 Transport laptopa nigdy nie by\u0142 prostszy. Torba marki UGREEN zosta\u0142a wykonana z wysokiej<\/p>\n","protected":false},"featured_media":41526,"comment_status":"closed","ping_status":"open","template":"","meta":{"_acf_changed":false},"product_brand":[],"product_cat":[5929,5955],"product_tag":[],"class_list":{"0":"post-55867","1":"product","2":"type-product","3":"status-publish","4":"has-post-thumbnail","6":"product_cat-akcesoria-it","7":"product_cat-przenoszenie","8":"pa_okres-gwarancji-5757","9":"pa_producent-ugreen","11":"first","12":"outofstock","13":"taxable","14":"shipping-taxable","15":"purchasable","16":"product-type-simple"},"acf":[],"yoast_head":"<!-- This site is optimized with the Yoast SEO plugin v27.2 - https:\/\/yoast.com\/product\/yoast-seo-wordpress\/ -->\n<title>Torba na laptopa UGREEN LP437 do 15,9&quot; (szara) - IRONSKY.PL Sklep z Dronami<\/title>\n<meta name=\"description\" content=\"Torba na laptopa UGREEN LP437 do 15,9&quot; (szara) - \u2705 sklep z dronami i fachowym doradztwem. \u2705 Tutaj kupisz produkty DJI, Yuneec, Parrot, Syma i wiele innych, a tak\u017ce kursy i licencje na operatora drona.\" \/>\n<meta name=\"robots\" content=\"index, follow, max-snippet:-1, max-image-preview:large, max-video-preview:-1\" \/>\n<link rel=\"canonical\" href=\"https:\/\/ironsky.pl\/sklep\/produkt\/torba-na-laptopa-ugreen-lp437-do-159-szara\/\" \/>\n<meta property=\"og:locale\" content=\"pl_PL\" \/>\n<meta property=\"og:type\" content=\"article\" \/>\n<meta property=\"og:title\" content=\"Torba na laptopa UGREEN LP437 do 15,9&quot; (szara) - IRONSKY.PL Sklep z Dronami\" \/>\n<meta property=\"og:description\" content=\"Torba na laptopa UGREEN LP437 do 15,9&quot; (szara) - \u2705 sklep z dronami i fachowym doradztwem. \u2705 Tutaj kupisz produkty DJI, Yuneec, Parrot, Syma i wiele innych, a tak\u017ce kursy i licencje na operatora drona.\" \/>\n<meta property=\"og:url\" content=\"https:\/\/ironsky.pl\/sklep\/produkt\/torba-na-laptopa-ugreen-lp437-do-159-szara\/\" \/>\n<meta property=\"og:site_name\" content=\"IRONSKY.PL Sklep z Dronami\" \/>\n<meta property=\"article:modified_time\" content=\"2026-04-15T08:46:16+00:00\" \/>\n<meta property=\"og:image\" content=\"https:\/\/ironsky.pl\/sklep\/wp-content\/uploads\/2025\/06\/21860_1.jpg\" \/>\n\t<meta property=\"og:image:width\" content=\"800\" \/>\n\t<meta property=\"og:image:height\" content=\"800\" \/>\n\t<meta property=\"og:image:type\" content=\"image\/jpeg\" \/>\n<meta name=\"twitter:card\" content=\"summary_large_image\" \/>\n<meta name=\"twitter:label1\" content=\"Szacowany czas czytania\" \/>\n\t<meta name=\"twitter:data1\" content=\"2 minuty\" \/>\n<script type=\"application\/ld+json\" class=\"yoast-schema-graph\">{\"@context\":\"https:\/\/schema.org\",\"@graph\":[{\"@type\":\"WebPage\",\"@id\":\"https:\/\/ironsky.pl\/sklep\/produkt\/torba-na-laptopa-ugreen-lp437-do-159-szara\/\",\"url\":\"https:\/\/ironsky.pl\/sklep\/produkt\/torba-na-laptopa-ugreen-lp437-do-159-szara\/\",\"name\":\"Torba na laptopa UGREEN LP437 do 15,9\\\" (szara) - IRONSKY.PL Sklep z Dronami\",\"isPartOf\":{\"@id\":\"https:\/\/ironsky.pl\/sklep\/#website\"},\"primaryImageOfPage\":{\"@id\":\"https:\/\/ironsky.pl\/sklep\/produkt\/torba-na-laptopa-ugreen-lp437-do-159-szara\/#primaryimage\"},\"image\":{\"@id\":\"https:\/\/ironsky.pl\/sklep\/produkt\/torba-na-laptopa-ugreen-lp437-do-159-szara\/#primaryimage\"},\"thumbnailUrl\":\"https:\/\/ironsky.pl\/sklep\/wp-content\/uploads\/2025\/06\/21860_1.jpg\",\"datePublished\":\"2026-04-15T08:08:27+00:00\",\"dateModified\":\"2026-04-15T08:46:16+00:00\",\"description\":\"Torba na laptopa UGREEN LP437 do 15,9\\\" (szara) - \u2705 sklep z dronami i fachowym doradztwem. \u2705 Tutaj kupisz produkty DJI, Yuneec, Parrot, Syma i wiele innych, a tak\u017ce kursy i licencje na operatora drona.\",\"breadcrumb\":{\"@id\":\"https:\/\/ironsky.pl\/sklep\/produkt\/torba-na-laptopa-ugreen-lp437-do-159-szara\/#breadcrumb\"},\"inLanguage\":\"pl-PL\",\"potentialAction\":[{\"@type\":\"ReadAction\",\"target\":[\"https:\/\/ironsky.pl\/sklep\/produkt\/torba-na-laptopa-ugreen-lp437-do-159-szara\/\"]}]},{\"@type\":\"ImageObject\",\"inLanguage\":\"pl-PL\",\"@id\":\"https:\/\/ironsky.pl\/sklep\/produkt\/torba-na-laptopa-ugreen-lp437-do-159-szara\/#primaryimage\",\"url\":\"https:\/\/ironsky.pl\/sklep\/wp-content\/uploads\/2025\/06\/21860_1.jpg\",\"contentUrl\":\"https:\/\/ironsky.pl\/sklep\/wp-content\/uploads\/2025\/06\/21860_1.jpg\",\"width\":800,\"height\":800},{\"@type\":\"BreadcrumbList\",\"@id\":\"https:\/\/ironsky.pl\/sklep\/produkt\/torba-na-laptopa-ugreen-lp437-do-159-szara\/#breadcrumb\",\"itemListElement\":[{\"@type\":\"ListItem\",\"position\":1,\"name\":\"Strona g\u0142\u00f3wna\",\"item\":\"https:\/\/ironsky.pl\/sklep\/\"},{\"@type\":\"ListItem\",\"position\":2,\"name\":\"Wszystkie produkty\",\"item\":\"https:\/\/ironsky.pl\/sklep\/produkty\/\"},{\"@type\":\"ListItem\",\"position\":3,\"name\":\"Torba na laptopa UGREEN LP437 do 15,9&#8243; (szara)\"}]},{\"@type\":\"WebSite\",\"@id\":\"https:\/\/ironsky.pl\/sklep\/#website\",\"url\":\"https:\/\/ironsky.pl\/sklep\/\",\"name\":\"IRONSKY.PL Sklep z Dronami\",\"description\":\"IRONSKY.PL Sklep z Dronami\",\"potentialAction\":[{\"@type\":\"SearchAction\",\"target\":{\"@type\":\"EntryPoint\",\"urlTemplate\":\"https:\/\/ironsky.pl\/sklep\/?s={search_term_string}\"},\"query-input\":{\"@type\":\"PropertyValueSpecification\",\"valueRequired\":true,\"valueName\":\"search_term_string\"}}],\"inLanguage\":\"pl-PL\"}]}<\/script>\n<!-- \/ Yoast SEO plugin. -->","yoast_head_json":{"title":"Torba na laptopa UGREEN LP437 do 15,9\" (szara) - IRONSKY.PL Sklep z Dronami","description":"Torba na laptopa UGREEN LP437 do 15,9\" (szara) - \u2705 sklep z dronami i fachowym doradztwem. \u2705 Tutaj kupisz produkty DJI, Yuneec, Parrot, Syma i wiele innych, a tak\u017ce kursy i licencje na operatora drona.","robots":{"index":"index","follow":"follow","max-snippet":"max-snippet:-1","max-image-preview":"max-image-preview:large","max-video-preview":"max-video-preview:-1"},"canonical":"https:\/\/ironsky.pl\/sklep\/produkt\/torba-na-laptopa-ugreen-lp437-do-159-szara\/","og_locale":"pl_PL","og_type":"article","og_title":"Torba na laptopa UGREEN LP437 do 15,9\" (szara) - IRONSKY.PL Sklep z Dronami","og_description":"Torba na laptopa UGREEN LP437 do 15,9\" (szara) - \u2705 sklep z dronami i fachowym doradztwem. \u2705 Tutaj kupisz produkty DJI, Yuneec, Parrot, Syma i wiele innych, a tak\u017ce kursy i licencje na operatora drona.","og_url":"https:\/\/ironsky.pl\/sklep\/produkt\/torba-na-laptopa-ugreen-lp437-do-159-szara\/","og_site_name":"IRONSKY.PL Sklep z Dronami","article_modified_time":"2026-04-15T08:46:16+00:00","og_image":[{"width":800,"height":800,"url":"https:\/\/ironsky.pl\/sklep\/wp-content\/uploads\/2025\/06\/21860_1.jpg","type":"image\/jpeg"}],"twitter_card":"summary_large_image","twitter_misc":{"Szacowany czas czytania":"2 minuty"},"schema":{"@context":"https:\/\/schema.org","@graph":[{"@type":"WebPage","@id":"https:\/\/ironsky.pl\/sklep\/produkt\/torba-na-laptopa-ugreen-lp437-do-159-szara\/","url":"https:\/\/ironsky.pl\/sklep\/produkt\/torba-na-laptopa-ugreen-lp437-do-159-szara\/","name":"Torba na laptopa UGREEN LP437 do 15,9\" (szara) - IRONSKY.PL Sklep z Dronami","isPartOf":{"@id":"https:\/\/ironsky.pl\/sklep\/#website"},"primaryImageOfPage":{"@id":"https:\/\/ironsky.pl\/sklep\/produkt\/torba-na-laptopa-ugreen-lp437-do-159-szara\/#primaryimage"},"image":{"@id":"https:\/\/ironsky.pl\/sklep\/produkt\/torba-na-laptopa-ugreen-lp437-do-159-szara\/#primaryimage"},"thumbnailUrl":"https:\/\/ironsky.pl\/sklep\/wp-content\/uploads\/2025\/06\/21860_1.jpg","datePublished":"2026-04-15T08:08:27+00:00","dateModified":"2026-04-15T08:46:16+00:00","description":"Torba na laptopa UGREEN LP437 do 15,9\" (szara) - \u2705 sklep z dronami i fachowym doradztwem. \u2705 Tutaj kupisz produkty DJI, Yuneec, Parrot, Syma i wiele innych, a tak\u017ce kursy i licencje na operatora drona.","breadcrumb":{"@id":"https:\/\/ironsky.pl\/sklep\/produkt\/torba-na-laptopa-ugreen-lp437-do-159-szara\/#breadcrumb"},"inLanguage":"pl-PL","potentialAction":[{"@type":"ReadAction","target":["https:\/\/ironsky.pl\/sklep\/produkt\/torba-na-laptopa-ugreen-lp437-do-159-szara\/"]}]},{"@type":"ImageObject","inLanguage":"pl-PL","@id":"https:\/\/ironsky.pl\/sklep\/produkt\/torba-na-laptopa-ugreen-lp437-do-159-szara\/#primaryimage","url":"https:\/\/ironsky.pl\/sklep\/wp-content\/uploads\/2025\/06\/21860_1.jpg","contentUrl":"https:\/\/ironsky.pl\/sklep\/wp-content\/uploads\/2025\/06\/21860_1.jpg","width":800,"height":800},{"@type":"BreadcrumbList","@id":"https:\/\/ironsky.pl\/sklep\/produkt\/torba-na-laptopa-ugreen-lp437-do-159-szara\/#breadcrumb","itemListElement":[{"@type":"ListItem","position":1,"name":"Strona g\u0142\u00f3wna","item":"https:\/\/ironsky.pl\/sklep\/"},{"@type":"ListItem","position":2,"name":"Wszystkie produkty","item":"https:\/\/ironsky.pl\/sklep\/produkty\/"},{"@type":"ListItem","position":3,"name":"Torba na laptopa UGREEN LP437 do 15,9&#8243; (szara)"}]},{"@type":"WebSite","@id":"https:\/\/ironsky.pl\/sklep\/#website","url":"https:\/\/ironsky.pl\/sklep\/","name":"IRONSKY.PL Sklep z Dronami","description":"IRONSKY.PL Sklep z Dronami","potentialAction":[{"@type":"SearchAction","target":{"@type":"EntryPoint","urlTemplate":"https:\/\/ironsky.pl\/sklep\/?s={search_term_string}"},"query-input":{"@type":"PropertyValueSpecification","valueRequired":true,"valueName":"search_term_string"}}],"inLanguage":"pl-PL"}]}},"_links":{"self":[{"href":"https:\/\/ironsky.pl\/sklep\/wp-json\/wp\/v2\/product\/55867","targetHints":{"allow":["GET"]}}],"collection":[{"href":"https:\/\/ironsky.pl\/sklep\/wp-json\/wp\/v2\/product"}],"about":[{"href":"https:\/\/ironsky.pl\/sklep\/wp-json\/wp\/v2\/types\/product"}],"replies":[{"embeddable":true,"href":"https:\/\/ironsky.pl\/sklep\/wp-json\/wp\/v2\/comments?post=55867"}],"wp:featuredmedia":[{"embeddable":true,"href":"https:\/\/ironsky.pl\/sklep\/wp-json\/wp\/v2\/media\/41526"}],"wp:attachment":[{"href":"https:\/\/ironsky.pl\/sklep\/wp-json\/wp\/v2\/media?parent=55867"}],"wp:term":[{"taxonomy":"product_brand","embeddable":true,"href":"https:\/\/ironsky.pl\/sklep\/wp-json\/wp\/v2\/product_brand?post=55867"},{"taxonomy":"product_cat","embeddable":true,"href":"https:\/\/ironsky.pl\/sklep\/wp-json\/wp\/v2\/product_cat?post=55867"},{"taxonomy":"product_tag","embeddable":true,"href":"https:\/\/ironsky.pl\/sklep\/wp-json\/wp\/v2\/product_tag?post=55867"}],"curies":[{"name":"wp","href":"https:\/\/api.w.org\/{rel}","templated":true}]}}