{"id":55865,"date":"2026-04-15T10:08:27","date_gmt":"2026-04-15T08:08:27","guid":{"rendered":"https:\/\/ironsky.pl\/sklep\/produkt\/adapter-ugreen-us157-micro-usb-usb-c-czarny\/"},"modified":"2026-04-15T10:08:50","modified_gmt":"2026-04-15T08:08:50","slug":"adapter-ugreen-us157-micro-usb-usb-c-czarny","status":"publish","type":"product","link":"https:\/\/ironsky.pl\/sklep\/produkt\/adapter-ugreen-us157-micro-usb-usb-c-czarny\/","title":{"rendered":"Adapter UGREEN US157 micro USB-USB-C (czarny)"},"content":{"rendered":"<h3>Adapter micro USB do USB-C<\/h3>\n<p>Adapter Ugreen o niewielkich wymiarach z pewno\u015bci\u0105 u\u0142atwi codzienne korzystanie ze sprz\u0119t\u00f3w oraz sprawdzi si\u0119 zar\u00f3wno w domu, jak i w pracy, czy w szkole. Dzi\u0119ki standardowi USB OTG mo\u017cesz zapomnie\u0107 o problemach z kompatybilno\u015bci\u0105 i sprawnie pod\u0142\u0105cza\u0107 wi\u0119kszo\u015b\u0107 mobilnych akcesori\u00f3w. Co wi\u0119cej, wykorzystuje r\u00f3wnie\u017c technologi\u0119 szybkiego \u0142adowania oraz synchronizacji danych.<\/p>\n<p><img decoding=\"async\" src=\"https:\/\/b2b.innpro.pl\/data\/include\/cms\/012UGREEN\/US157\/9.jpg?v=1635323719908\"><\/p>\n<h3>Innowacyjne zastosowania<\/h3>\n<p>US157 jest gwarancj\u0105 niezwykle szybkiego \u0142adowania, a tak\u017ce b\u0142yskawicznego przesy\u0142u danych. Pe\u0142ne na\u0142adowanie Xiaomi 5 trwa jedynie oko\u0142o 1,5, natomiast transfer potrafi osi\u0105gn\u0105\u0107 nawet 500 M w ci\u0105gu 1 minuty. Funkcjonalny adapter umo\u017cliwia natychmiastow\u0105 transmisj\u0119 plik\u00f3w oraz \u0142adowanie urz\u0105dzenia w tym samym czasie. Co wi\u0119cej, inteligentny chip w po\u0142\u0105czeniu z rezystorem 51 k w pe\u0142ni minimalizuj\u0105 wszelkie uszkodzenia i chroni\u0105 przed przeci\u0105\u017ceniem.<\/p>\n<p><img decoding=\"async\" src=\"https:\/\/b2b.innpro.pl\/data\/include\/cms\/012UGREEN\/US157\/1.jpg?v=1635323719908\"><\/p>\n<h3>Liczne udogodnienia<\/h3>\n<p>Ciesz si\u0119 z mo\u017cliwo\u015bci pracy i rozrywki w ka\u017cdym miejscu. Model US157 zosta\u0142 wyposa\u017cony w funkcj\u0119 USB OTG w celu zapewnienia szerokiej gamy po\u0142\u0105cze\u0144 z wi\u0119kszo\u015bci\u0105 dost\u0119pnych obecnie sprz\u0119t\u00f3w. Pod\u0142\u0105cz telefon do konsoli i zrelaksuj si\u0119 z ulubion\u0105 gr\u0105. Bez problemu mo\u017cesz przesy\u0142a\u0107 zdj\u0119cia, czy podpi\u0105\u0107 smartfon do myszy lub klawiatury i wykonywa\u0107 cz\u0119\u015b\u0107 zaplanowanych obowi\u0105zk\u00f3w gdzie tylko chcesz.<\/p>\n<p><img decoding=\"async\" src=\"https:\/\/b2b.innpro.pl\/data\/include\/cms\/012UGREEN\/US157\/7.jpg?v=1635323719908\"><\/p>\n<h3>Cenna uniwersalno\u015b\u0107<\/h3>\n<p>Adapter Ugreen jest kompatybilny ze z\u0142\u0105czem USB typu C, przez co w prosty spos\u00f3b mo\u017cesz po\u0142\u0105czy\u0107 si\u0119 mi\u0119dzy innymi z r\u00f3\u017cnorodnymi smartfonami, tabletami i notebookami. Interfejs micro USB obs\u0142uguje sterowniki flash, przew\u00f3d micro USB oraz kabel OTG. Przygotuj si\u0119 na ka\u017cd\u0105 zaskakuj\u0105c\u0105 sytuacj\u0119 i zaskocz wszystkich praktycznym rozwi\u0105zaniem.<\/p>\n<p><img decoding=\"async\" src=\"https:\/\/b2b.innpro.pl\/data\/include\/cms\/012UGREEN\/US157\/6.jpg?v=1635323719908\"><\/p>\n<h3>Przemy\u015blany design<\/h3>\n<p>Kompaktowa konstrukcja US157 odpowiada za wyj\u0105tkowo \u0142atwe przechowywanie i bezproblemowy transport. Lekka waga nie obci\u0105\u017ca plecaka, torby na laptopa, czy nawet kieszeni w kurtce. Staranne wykonanie razem z wytrzyma\u0142ym materia\u0142em sprawi\u0105, \u017ce adapter marki Ugreen pos\u0142u\u017cy Ci przez d\u0142ugi czas. Dopasuj go do reszty urz\u0105dze\u0144 wybieraj\u0105c odpowiedni odcie\u0144 spo\u015br\u00f3d klasycznych wariant\u00f3w kolorystycznych.<\/p>\n<p><img decoding=\"async\" src=\"https:\/\/b2b.innpro.pl\/data\/include\/cms\/012UGREEN\/US157\/2.jpg?v=1635323719908\"><\/p>\n<div class=\"table-wrapper\">\n<table>\n<tbody>\n<tr>\n<th>Producent<\/th>\n<td>Ugreen<\/td>\n<\/tr>\n<tr>\n<th>Model<\/th>\n<td>US157<\/td>\n<\/tr>\n<tr>\n<th>Funkcja OTG<\/th>\n<td>Obs\u0142ugiwana<\/td>\n<\/tr>\n<tr>\n<th>Transfer danych<\/th>\n<td>Obs\u0142ugiwany<\/td>\n<\/tr>\n<tr>\n<th>Szybkie \u0142adowanie<\/th>\n<td>Obs\u0142ugiwane<\/td>\n<\/tr>\n<tr>\n<th>Z\u0142\u0105cze<\/th>\n<td>480 Mbps<\/td>\n<\/tr>\n<tr>\n<th>Obudowa<\/th>\n<td>ABS<\/td>\n<\/tr>\n<\/tbody>\n<\/table>\n<\/div>\n","protected":false},"excerpt":{"rendered":"<p>Adapter micro USB do USB-C Adapter Ugreen o niewielkich wymiarach z pewno\u015bci\u0105 u\u0142atwi codzienne korzystanie ze sprz\u0119t\u00f3w oraz sprawdzi si\u0119<\/p>\n","protected":false},"featured_media":41521,"comment_status":"closed","ping_status":"open","template":"","meta":{"_acf_changed":false},"product_brand":[],"product_cat":[5930,5929],"product_tag":[],"class_list":{"0":"post-55865","1":"product","2":"type-product","3":"status-publish","4":"has-post-thumbnail","6":"product_cat-adaptery-przejsciowki-konwertery","7":"product_cat-akcesoria-it","8":"pa_okres-gwarancji-5757","9":"pa_producent-ugreen","11":"first","12":"outofstock","13":"taxable","14":"shipping-taxable","15":"purchasable","16":"product-type-simple"},"acf":[],"yoast_head":"<!-- This site is optimized with the Yoast SEO plugin v27.2 - https:\/\/yoast.com\/product\/yoast-seo-wordpress\/ -->\n<title>Adapter UGREEN US157 micro USB-USB-C (czarny) - IRONSKY.PL Sklep z Dronami<\/title>\n<meta name=\"description\" content=\"Adapter UGREEN US157 micro USB-USB-C (czarny) - \u2705 sklep z dronami i fachowym doradztwem. \u2705 Tutaj kupisz produkty DJI, Yuneec, Parrot, Syma i wiele innych, a tak\u017ce kursy i licencje na operatora drona.\" \/>\n<meta name=\"robots\" content=\"index, follow, max-snippet:-1, max-image-preview:large, max-video-preview:-1\" \/>\n<link rel=\"canonical\" href=\"https:\/\/ironsky.pl\/sklep\/produkt\/adapter-ugreen-us157-micro-usb-usb-c-czarny\/\" \/>\n<meta property=\"og:locale\" content=\"pl_PL\" \/>\n<meta property=\"og:type\" content=\"article\" \/>\n<meta property=\"og:title\" content=\"Adapter UGREEN US157 micro USB-USB-C (czarny) - IRONSKY.PL Sklep z Dronami\" \/>\n<meta property=\"og:description\" content=\"Adapter UGREEN US157 micro USB-USB-C (czarny) - \u2705 sklep z dronami i fachowym doradztwem. \u2705 Tutaj kupisz produkty DJI, Yuneec, Parrot, Syma i wiele innych, a tak\u017ce kursy i licencje na operatora drona.\" \/>\n<meta property=\"og:url\" content=\"https:\/\/ironsky.pl\/sklep\/produkt\/adapter-ugreen-us157-micro-usb-usb-c-czarny\/\" \/>\n<meta property=\"og:site_name\" content=\"IRONSKY.PL Sklep z Dronami\" \/>\n<meta property=\"article:modified_time\" content=\"2026-04-15T08:08:50+00:00\" \/>\n<meta property=\"og:image\" content=\"https:\/\/ironsky.pl\/sklep\/wp-content\/uploads\/2025\/06\/21840_1.jpg\" \/>\n\t<meta property=\"og:image:width\" content=\"800\" \/>\n\t<meta property=\"og:image:height\" content=\"800\" \/>\n\t<meta property=\"og:image:type\" content=\"image\/jpeg\" \/>\n<meta name=\"twitter:card\" content=\"summary_large_image\" \/>\n<meta name=\"twitter:label1\" content=\"Szacowany czas czytania\" \/>\n\t<meta name=\"twitter:data1\" content=\"2 minuty\" \/>\n<script type=\"application\/ld+json\" class=\"yoast-schema-graph\">{\"@context\":\"https:\/\/schema.org\",\"@graph\":[{\"@type\":\"WebPage\",\"@id\":\"https:\/\/ironsky.pl\/sklep\/produkt\/adapter-ugreen-us157-micro-usb-usb-c-czarny\/\",\"url\":\"https:\/\/ironsky.pl\/sklep\/produkt\/adapter-ugreen-us157-micro-usb-usb-c-czarny\/\",\"name\":\"Adapter UGREEN US157 micro USB-USB-C (czarny) - IRONSKY.PL Sklep z Dronami\",\"isPartOf\":{\"@id\":\"https:\/\/ironsky.pl\/sklep\/#website\"},\"primaryImageOfPage\":{\"@id\":\"https:\/\/ironsky.pl\/sklep\/produkt\/adapter-ugreen-us157-micro-usb-usb-c-czarny\/#primaryimage\"},\"image\":{\"@id\":\"https:\/\/ironsky.pl\/sklep\/produkt\/adapter-ugreen-us157-micro-usb-usb-c-czarny\/#primaryimage\"},\"thumbnailUrl\":\"https:\/\/ironsky.pl\/sklep\/wp-content\/uploads\/2025\/06\/21840_1.jpg\",\"datePublished\":\"2026-04-15T08:08:27+00:00\",\"dateModified\":\"2026-04-15T08:08:50+00:00\",\"description\":\"Adapter UGREEN US157 micro USB-USB-C (czarny) - \u2705 sklep z dronami i fachowym doradztwem. \u2705 Tutaj kupisz produkty DJI, Yuneec, Parrot, Syma i wiele innych, a tak\u017ce kursy i licencje na operatora drona.\",\"breadcrumb\":{\"@id\":\"https:\/\/ironsky.pl\/sklep\/produkt\/adapter-ugreen-us157-micro-usb-usb-c-czarny\/#breadcrumb\"},\"inLanguage\":\"pl-PL\",\"potentialAction\":[{\"@type\":\"ReadAction\",\"target\":[\"https:\/\/ironsky.pl\/sklep\/produkt\/adapter-ugreen-us157-micro-usb-usb-c-czarny\/\"]}]},{\"@type\":\"ImageObject\",\"inLanguage\":\"pl-PL\",\"@id\":\"https:\/\/ironsky.pl\/sklep\/produkt\/adapter-ugreen-us157-micro-usb-usb-c-czarny\/#primaryimage\",\"url\":\"https:\/\/ironsky.pl\/sklep\/wp-content\/uploads\/2025\/06\/21840_1.jpg\",\"contentUrl\":\"https:\/\/ironsky.pl\/sklep\/wp-content\/uploads\/2025\/06\/21840_1.jpg\",\"width\":800,\"height\":800},{\"@type\":\"BreadcrumbList\",\"@id\":\"https:\/\/ironsky.pl\/sklep\/produkt\/adapter-ugreen-us157-micro-usb-usb-c-czarny\/#breadcrumb\",\"itemListElement\":[{\"@type\":\"ListItem\",\"position\":1,\"name\":\"Strona g\u0142\u00f3wna\",\"item\":\"https:\/\/ironsky.pl\/sklep\/\"},{\"@type\":\"ListItem\",\"position\":2,\"name\":\"Wszystkie produkty\",\"item\":\"https:\/\/ironsky.pl\/sklep\/produkty\/\"},{\"@type\":\"ListItem\",\"position\":3,\"name\":\"Adapter UGREEN US157 micro USB-USB-C (czarny)\"}]},{\"@type\":\"WebSite\",\"@id\":\"https:\/\/ironsky.pl\/sklep\/#website\",\"url\":\"https:\/\/ironsky.pl\/sklep\/\",\"name\":\"IRONSKY.PL Sklep z Dronami\",\"description\":\"IRONSKY.PL Sklep z Dronami\",\"potentialAction\":[{\"@type\":\"SearchAction\",\"target\":{\"@type\":\"EntryPoint\",\"urlTemplate\":\"https:\/\/ironsky.pl\/sklep\/?s={search_term_string}\"},\"query-input\":{\"@type\":\"PropertyValueSpecification\",\"valueRequired\":true,\"valueName\":\"search_term_string\"}}],\"inLanguage\":\"pl-PL\"}]}<\/script>\n<!-- \/ Yoast SEO plugin. -->","yoast_head_json":{"title":"Adapter UGREEN US157 micro USB-USB-C (czarny) - IRONSKY.PL Sklep z Dronami","description":"Adapter UGREEN US157 micro USB-USB-C (czarny) - \u2705 sklep z dronami i fachowym doradztwem. \u2705 Tutaj kupisz produkty DJI, Yuneec, Parrot, Syma i wiele innych, a tak\u017ce kursy i licencje na operatora drona.","robots":{"index":"index","follow":"follow","max-snippet":"max-snippet:-1","max-image-preview":"max-image-preview:large","max-video-preview":"max-video-preview:-1"},"canonical":"https:\/\/ironsky.pl\/sklep\/produkt\/adapter-ugreen-us157-micro-usb-usb-c-czarny\/","og_locale":"pl_PL","og_type":"article","og_title":"Adapter UGREEN US157 micro USB-USB-C (czarny) - IRONSKY.PL Sklep z Dronami","og_description":"Adapter UGREEN US157 micro USB-USB-C (czarny) - \u2705 sklep z dronami i fachowym doradztwem. \u2705 Tutaj kupisz produkty DJI, Yuneec, Parrot, Syma i wiele innych, a tak\u017ce kursy i licencje na operatora drona.","og_url":"https:\/\/ironsky.pl\/sklep\/produkt\/adapter-ugreen-us157-micro-usb-usb-c-czarny\/","og_site_name":"IRONSKY.PL Sklep z Dronami","article_modified_time":"2026-04-15T08:08:50+00:00","og_image":[{"width":800,"height":800,"url":"https:\/\/ironsky.pl\/sklep\/wp-content\/uploads\/2025\/06\/21840_1.jpg","type":"image\/jpeg"}],"twitter_card":"summary_large_image","twitter_misc":{"Szacowany czas czytania":"2 minuty"},"schema":{"@context":"https:\/\/schema.org","@graph":[{"@type":"WebPage","@id":"https:\/\/ironsky.pl\/sklep\/produkt\/adapter-ugreen-us157-micro-usb-usb-c-czarny\/","url":"https:\/\/ironsky.pl\/sklep\/produkt\/adapter-ugreen-us157-micro-usb-usb-c-czarny\/","name":"Adapter UGREEN US157 micro USB-USB-C (czarny) - IRONSKY.PL Sklep z Dronami","isPartOf":{"@id":"https:\/\/ironsky.pl\/sklep\/#website"},"primaryImageOfPage":{"@id":"https:\/\/ironsky.pl\/sklep\/produkt\/adapter-ugreen-us157-micro-usb-usb-c-czarny\/#primaryimage"},"image":{"@id":"https:\/\/ironsky.pl\/sklep\/produkt\/adapter-ugreen-us157-micro-usb-usb-c-czarny\/#primaryimage"},"thumbnailUrl":"https:\/\/ironsky.pl\/sklep\/wp-content\/uploads\/2025\/06\/21840_1.jpg","datePublished":"2026-04-15T08:08:27+00:00","dateModified":"2026-04-15T08:08:50+00:00","description":"Adapter UGREEN US157 micro USB-USB-C (czarny) - \u2705 sklep z dronami i fachowym doradztwem. \u2705 Tutaj kupisz produkty DJI, Yuneec, Parrot, Syma i wiele innych, a tak\u017ce kursy i licencje na operatora drona.","breadcrumb":{"@id":"https:\/\/ironsky.pl\/sklep\/produkt\/adapter-ugreen-us157-micro-usb-usb-c-czarny\/#breadcrumb"},"inLanguage":"pl-PL","potentialAction":[{"@type":"ReadAction","target":["https:\/\/ironsky.pl\/sklep\/produkt\/adapter-ugreen-us157-micro-usb-usb-c-czarny\/"]}]},{"@type":"ImageObject","inLanguage":"pl-PL","@id":"https:\/\/ironsky.pl\/sklep\/produkt\/adapter-ugreen-us157-micro-usb-usb-c-czarny\/#primaryimage","url":"https:\/\/ironsky.pl\/sklep\/wp-content\/uploads\/2025\/06\/21840_1.jpg","contentUrl":"https:\/\/ironsky.pl\/sklep\/wp-content\/uploads\/2025\/06\/21840_1.jpg","width":800,"height":800},{"@type":"BreadcrumbList","@id":"https:\/\/ironsky.pl\/sklep\/produkt\/adapter-ugreen-us157-micro-usb-usb-c-czarny\/#breadcrumb","itemListElement":[{"@type":"ListItem","position":1,"name":"Strona g\u0142\u00f3wna","item":"https:\/\/ironsky.pl\/sklep\/"},{"@type":"ListItem","position":2,"name":"Wszystkie produkty","item":"https:\/\/ironsky.pl\/sklep\/produkty\/"},{"@type":"ListItem","position":3,"name":"Adapter UGREEN US157 micro USB-USB-C (czarny)"}]},{"@type":"WebSite","@id":"https:\/\/ironsky.pl\/sklep\/#website","url":"https:\/\/ironsky.pl\/sklep\/","name":"IRONSKY.PL Sklep z Dronami","description":"IRONSKY.PL Sklep z Dronami","potentialAction":[{"@type":"SearchAction","target":{"@type":"EntryPoint","urlTemplate":"https:\/\/ironsky.pl\/sklep\/?s={search_term_string}"},"query-input":{"@type":"PropertyValueSpecification","valueRequired":true,"valueName":"search_term_string"}}],"inLanguage":"pl-PL"}]}},"_links":{"self":[{"href":"https:\/\/ironsky.pl\/sklep\/wp-json\/wp\/v2\/product\/55865","targetHints":{"allow":["GET"]}}],"collection":[{"href":"https:\/\/ironsky.pl\/sklep\/wp-json\/wp\/v2\/product"}],"about":[{"href":"https:\/\/ironsky.pl\/sklep\/wp-json\/wp\/v2\/types\/product"}],"replies":[{"embeddable":true,"href":"https:\/\/ironsky.pl\/sklep\/wp-json\/wp\/v2\/comments?post=55865"}],"wp:featuredmedia":[{"embeddable":true,"href":"https:\/\/ironsky.pl\/sklep\/wp-json\/wp\/v2\/media\/41521"}],"wp:attachment":[{"href":"https:\/\/ironsky.pl\/sklep\/wp-json\/wp\/v2\/media?parent=55865"}],"wp:term":[{"taxonomy":"product_brand","embeddable":true,"href":"https:\/\/ironsky.pl\/sklep\/wp-json\/wp\/v2\/product_brand?post=55865"},{"taxonomy":"product_cat","embeddable":true,"href":"https:\/\/ironsky.pl\/sklep\/wp-json\/wp\/v2\/product_cat?post=55865"},{"taxonomy":"product_tag","embeddable":true,"href":"https:\/\/ironsky.pl\/sklep\/wp-json\/wp\/v2\/product_tag?post=55865"}],"curies":[{"name":"wp","href":"https:\/\/api.w.org\/{rel}","templated":true}]}}