{"id":55856,"date":"2026-04-15T10:08:27","date_gmt":"2026-04-15T08:08:27","guid":{"rendered":"https:\/\/ironsky.pl\/sklep\/produkt\/stacja-zasilania-ecoflow-delta-pro-3600wh\/"},"modified":"2026-04-15T10:08:46","modified_gmt":"2026-04-15T08:08:46","slug":"stacja-zasilania-ecoflow-delta-pro-3600wh","status":"publish","type":"product","link":"https:\/\/ironsky.pl\/sklep\/produkt\/stacja-zasilania-ecoflow-delta-pro-3600wh\/","title":{"rendered":"Stacja zasilania ECOFLOW DELTA Pro 3600Wh"},"content":{"rendered":"<h3>Przeno\u015bna stacja zasilania EcoFlow DELTA Pro &#8211; wydajne i uniwersalne centrum \u0142adowania<\/h3>\n<p>Przedstawiamy pierwszy na \u015bwiecie przeno\u015bny akumulator domowy z rozszerzalnym ekosystemem do tworzenia domowego centrum zasilania, inteligentnego zarz\u0105dzania energi\u0105, obni\u017cania rachunk\u00f3w za energi\u0119 i nie tylko. EcoFlow DELTA Pro o pojemno\u015bci 3600 Wh to kolejny krok w technologii przeno\u015bnego zasilania, oferuj\u0105cy bezpiecze\u0144stwo i niezale\u017cno\u015b\u0107 energetyczn\u0105, gdziekolwiek jeste\u015b.<\/p>\n<p><img decoding=\"async\" src=\"https:\/\/b2b.innpro.pl\/data\/include\/cms\/ECOFLOW\/Delta-PRO\/7.jpg?v=1638540118010\"><\/p>\n<h3>Energia elektryczna w ka\u017cdej sytuacji<\/h3>\n<p>Od awarii zasilania po ekstremalne przerwy w dostawie pr\u0105du, kt\u00f3re trwaj\u0105 przez wiele dni, DELTA Pro zapewnia 3600 Wh pojemno\u015bci, kt\u00f3r\u0105 mo\u017cna rozszerzy\u0107 do nawet 25 kWh \u2013 wystarczy pod\u0142\u0105czy\u0107 do niej dodatkowe urz\u0105dzenia EcoFlow, na przyk\u0142ad wi\u0119cej stacji. Dzi\u0119ki temu jeste\u015b przygotowany na ka\u017cd\u0105 sytuacj\u0119. To najwy\u017cszy standard w bran\u017cy.<\/p>\n<p><img decoding=\"async\" src=\"https:\/\/b2b.innpro.pl\/data\/include\/cms\/ECOFLOW\/Delta-PRO\/18.jpg?v=1638540118010\"><\/p>\n<h3>Pod\u0142\u0105cz praktycznie wszystkie urz\u0105dzenia elektryczne<\/h3>\n<p>Pojedyncza jednostka DELTA Pro ma moc wyj\u015bciow\u0105 3600W AC, kt\u00f3r\u0105 mo\u017cna zwi\u0119kszy\u0107 do 4500W dzi\u0119ki technologii X-Boost. Zasil 99,99% urz\u0105dze\u0144 wymagaj\u0105cych du\u017cej mocy w domu, na zewn\u0105trz lub w pracy. Mo\u017cesz nawet po\u0142\u0105czy\u0107 dwa urz\u0105dzenia DELTA Pro w par\u0119, aby uzyska\u0107 moc 7200W.<\/p>\n<p><img decoding=\"async\" src=\"https:\/\/b2b.innpro.pl\/data\/include\/cms\/ECOFLOW\/Delta-PRO\/6.jpg?v=1638540118010\"><\/p>\n<h3>Najszybciej \u0142aduj\u0105ca si\u0119 przeno\u015bna stacja zasilania na \u015bwiecie<\/h3>\n<p>Technologia MultiCharge zapewnia rekordowe pr\u0119dko\u015bci przy 6500W. Aby osi\u0105gn\u0105\u0107 6500W, mo\u017cna wybra\u0107 jedn\u0105 z kilku dost\u0119pnych metod \u0142adowania.<\/p>\n<p><img decoding=\"async\" src=\"https:\/\/b2b.innpro.pl\/data\/include\/cms\/ECOFLOW\/Delta-PRO\/16.jpg?v=1638540118010\"><\/p>\n<h3>Pe\u0142ne na\u0142adowanie w 1,9 godziny<\/h3>\n<p>Technologia \u0142adowania X-Stream firmy EcoFlow jest nie tylko szybka, ale te\u017c bezpieczna. System zarz\u0105dzania akumulatorem zapewnia bezpiecze\u0144stwo i d\u0142ugowieczno\u015b\u0107 ogniw, a pe\u0142ne na\u0142adowanie DELTA Pro ze standardowego gniazdka elektrycznego trwa oko\u0142o 1,9 godziny.<\/p>\n<p><img decoding=\"async\" src=\"https:\/\/b2b.innpro.pl\/data\/include\/cms\/ECOFLOW\/Delta-PRO\/19.jpg?v=1638540118010\"><\/p>\n<h3>Na\u0142aduj si\u0119 praktycznie wsz\u0119dzie<\/h3>\n<p>Po raz pierwszy w historii mo\u017cesz \u0142adowa\u0107 si\u0119 na stacji EV na ca\u0142ym \u015bwiecie. Ta wyj\u0105tkowa metoda \u0142adowania umo\u017cliwia szybkie \u0142adowanie do 3000W w mgnieniu oka.<\/p>\n<p><img decoding=\"async\" src=\"https:\/\/b2b.innpro.pl\/data\/include\/cms\/ECOFLOW\/Delta-PRO\/1.jpg?v=1638540118010\"><\/p>\n<h3>Postaw na zielon\u0105 energi\u0119 dzi\u0119ki \u0142adowaniu energi\u0105 s\u0142oneczn\u0105 o mocy 1600 W<\/h3>\n<p>Zestaw produkt\u00f3w solarnych firmy EcoFlow zapewnia op\u0142acalne \u017ar\u00f3d\u0142o energii odnawialnej, dzi\u0119ki kt\u00f3remu mo\u017cna utrzyma\u0107 zasilanie. Energi\u0119 s\u0142oneczn\u0105 mo\u017cna wykorzysta\u0107 do na\u0142adowania DELTA Pro w ci\u0105gu zaledwie 2,8 \u2013 5,6 godziny. DELTA Pro ma szeroki zakres napi\u0119cia od 11 do 150 V, co czyni j\u0105 kompatybiln\u0105 z wi\u0119kszo\u015bci\u0105 paneli s\u0142onecznych innych firm ze z\u0142\u0105czami MC4. A kiedy pogoda staje si\u0119 nieprzewidywalna, inteligentny system \u015bledzenia punktu maksymalnej mocy (MPPT) automatycznie dostosowuje si\u0119, maksymalizuj\u0105c generowanie energii s\u0142onecznej o ka\u017cdej porze dnia.<\/p>\n<p><img decoding=\"async\" src=\"https:\/\/b2b.innpro.pl\/data\/include\/cms\/ECOFLOW\/Delta-PRO\/20.jpg?v=1638540118010\"><\/p>\n<h3>Awaryjne zasilanie dzi\u0119ki inteligentnemu agregatowi pr\u0105dotw\u00f3rczemu EcoFlow<\/h3>\n<p>Inteligentny agregat pr\u0105dotw\u00f3rczy EcoFlow idealnie integruje si\u0119 z ekosystemem DELTA Pro. Uruchamia si\u0119 on automatycznie, gdy poziom na\u0142adowania Twojej DELTA Pro jest niski, \u0142aduje ponownie DELTA Pro i samodzielnie ko\u0144czy prac\u0119 silnika, gdy DELTA Pro osi\u0105gnie pe\u0142ne na\u0142adowanie. W por\u00f3wnaniu z tradycyjnymi rozwi\u0105zaniami, inteligentny generator EcoFlow zapewnia mniejsze straty energii, szybsze \u0142adowanie i wy\u017csz\u0105 wydajno\u015b\u0107.<\/p>\n<p><img decoding=\"async\" src=\"https:\/\/b2b.innpro.pl\/data\/include\/cms\/ECOFLOW\/Delta-PRO\/21.jpg?v=1638540118010\"><\/p>\n<h3>Akumulator, kt\u00f3ry zapewni sprawno\u015b\u0107 wiele lat<\/h3>\n<p>DELTA Pro jest wyposa\u017cona w ca\u0142kowicie nowy akumulator LFP o \u017cywotno\u015bci 6500 cykli, co oznacza, \u017ce mo\u017cesz u\u017cywa\u0107 DELTA Pro przez wiele lat, zanim Twoje urz\u0105dzenie osi\u0105gnie 50% oryginalnej pojemno\u015bci. System zarz\u0105dzania akumulatorem EcoFlow zapewnia analiz\u0119 i regulacj\u0119 napi\u0119cia, pr\u0105du i temperatury w czasie rzeczywistym. Ten unikalny mechanizm ochrony sprawia, \u017ce DELTA Pro jest niewiarygodnie bezpiecznym i wydajnym akumulatorem do zastosowa\u0144 domowych.<\/p>\n<p><img decoding=\"async\" src=\"https:\/\/b2b.innpro.pl\/data\/include\/cms\/ECOFLOW\/Delta-PRO\/15.jpg?v=1638540118010\"><\/p>\n<h3>Kontrola i monitorowanie na wiele sposob\u00f3w<\/h3>\n<p>Kontroluj DELTA Pro za pomoc\u0105 samego urz\u0105dzenia, pilota zdalnego sterowania lub odblokuj mn\u00f3stwo mo\u017cliwo\u015bci personalizacji za pomoc\u0105 aplikacji EcoFlow. W aplikacji mo\u017cna uzyska\u0107 dost\u0119p do ustawie\u0144 zasilania, takich jak poziomy \u0142adowania i roz\u0142adowywania, pr\u0119dko\u015bci \u0142adowania pr\u0105dem zmiennym, sterowanie inteligentnym agregatem pr\u0105dotw\u00f3rczym i wiele innych.<\/p>\n<p><img decoding=\"async\" src=\"https:\/\/b2b.innpro.pl\/data\/include\/cms\/ECOFLOW\/Delta-PRO\/2.jpg?v=1638540118010\"><\/p>\n<h3>Pierwszy na \u015bwiecie przeno\u015bny ekosystem domowych stacji zasilania<\/h3>\n<p>Ekosystem DELTA Pro zapewnia zasilanie podczas przerw w dostawie pr\u0105du, mo\u017cliwo\u015b\u0107 dostosowania energii przez ca\u0142\u0105 dob\u0119, rozbudow\u0119 o kolejne stacje zasilania oraz ni\u017csze rachunki za energi\u0119. Jak to wszystko osi\u0105gn\u0105\u0107? Dzi\u0119ki mo\u017cliwo\u015bci wyboru dodatkowych akumulator\u00f3w, inteligentnych agregat\u00f3w pr\u0105dotw\u00f3rczych, tracker\u00f3w s\u0142onecznych, turbin wiatrowych, paneli dla inteligentnych dom\u00f3w i nie tylko. Ekosystem DELTA Pro mo\u017cna dostosowa\u0107 do swoich potrzeb \u2013 od zasilania awaryjnego po obni\u017cenie rachunk\u00f3w z pr\u0105d, a wszystko to dzi\u0119ki ekologicznym alternatywom.<\/p>\n<p><img decoding=\"async\" src=\"https:\/\/b2b.innpro.pl\/data\/include\/cms\/ECOFLOW\/Delta-PRO\/8.jpg?v=1638540118010\"><\/p>\n<h3>Przedstawiamy panel Smart Home &#8211; inteligentna centrala EcoFlow<\/h3>\n<p>Nowa inteligentna centrala domowa EcoFlow Smart Home Panel jest sercem ekosystemu zasilania domowego DELTA Pro. Integruje ona do dw\u00f3ch jednostek DELTA Pro z 10 obwodami domowymi. Ka\u017cda stacja zasilania DELTA Pro mo\u017ce by\u0107 po\u0142\u0105czona z dodatkowymi akumulatorami, panelami s\u0142onecznymi lub inteligentnymi agregatami pr\u0105dotw\u00f3rczymi, zapewniaj\u0105c nieprzerwane zasilanie podczas przerw w dostawie pr\u0105du, inteligentne zarz\u0105dzanie energi\u0105 dla najwa\u017cniejszych odbiornik\u00f3w oraz ni\u017csze rachunki za energi\u0119.<\/p>\n<p><img decoding=\"async\" src=\"https:\/\/b2b.innpro.pl\/data\/include\/cms\/ECOFLOW\/Delta-PRO\/14.jpg?v=1638540118010\"><\/p>\n<h3>Domowe zasilanie awaryjne bez przerwy<\/h3>\n<p>B\u0142yskawiczny czas prze\u0142\u0105czania wynosz\u0105cy 20 ms sprawia, \u017ce DELTA Pro i centrala domowa Smart Home Panel mog\u0105 zapewni\u0107 zasilanie podczas przerwy w dostawie pr\u0105du. Przez ca\u0142y czas aplikacja EcoFlow zapewnia Ci dost\u0119p do informacji, umo\u017cliwiaj\u0105c wyb\u00f3r i modyfikacj\u0119 priorytet\u00f3w urz\u0105dze\u0144.<\/p>\n<p><img decoding=\"async\" src=\"https:\/\/b2b.innpro.pl\/data\/include\/cms\/ECOFLOW\/Delta-PRO\/5.jpg?v=1638540118010\"><\/p>\n<h3>Niezale\u017cno\u015b\u0107 i wygoda podczas wycieczek kamperem<\/h3>\n<p>Dzi\u0119ki stacji zasilania DELTA Pro mo\u017cesz wybra\u0107 si\u0119 w podr\u00f3\u017c gdziekolwiek zechcesz. Urz\u0105dzenie jest\u00a0wyposa\u017cone w k\u00f3\u0142ka i wysuwany uchwyt przypominaj\u0105cy walizk\u0119, co u\u0142atwia jego transport. A je\u015bli szukasz kompletnego rozwi\u0105zania w zakresie zasilania na wyprawy kamperem i przygody na \u015bwie\u017cym powietrzu, DELTA Pro jest wyposa\u017cona w gniazdo elektryczne, ma dedykowany port Andersona 30A i mo\u017ce by\u0107 zasilana zar\u00f3wno z sieci, jak i za pomoc\u0105 paneli s\u0142onecznych.<\/p>\n<p><img decoding=\"async\" src=\"https:\/\/b2b.innpro.pl\/data\/include\/cms\/ECOFLOW\/Delta-PRO\/11.jpg?v=1638540118010\"><\/p>\n<h3>Zasil sw\u00f3j biznes wsz\u0119dzie tam, gdzie tego potrzebujesz<\/h3>\n<p>DELTA Pro nie tylko zapewnia zasilanie awaryjne w domu, ale tak\u017ce bezpieczne \u017ar\u00f3d\u0142o zasilania dla ka\u017cdego rodzaju biznesu. Niezale\u017cnie od tego, czy pracujesz w domu, czy w parku, od majsterkowania po projekty profesjonalne, DELTA Pro pomo\u017ce Ci wykona\u0107 ka\u017cd\u0105 prac\u0119.<\/p>\n<p><img decoding=\"async\" src=\"https:\/\/b2b.innpro.pl\/data\/include\/cms\/ECOFLOW\/Delta-PRO\/4.jpg?v=1638540118010\"><\/p>\n<h3>W zestawie<\/h3>\n<ul>\n<li>DELTA PRO<\/li>\n<li>Kabel \u0142adowania AC<\/li>\n<li>Kabel \u0142adowania do zapalniczki samochodowej<\/li>\n<li>Kabel DC5521 do DC5525<\/li>\n<li>Os\u0142ona uchwytu<\/li>\n<li>Instrukcja obs\u0142ugi<\/li>\n<\/ul>\n<div class=\"table-wrapper\">\n<table>\n<tbody>\n<tr>\n<th>Producent<\/th>\n<td>EcoFlow<\/td>\n<\/tr>\n<tr>\n<th>Model<\/th>\n<td>DELTA Pro<\/td>\n<\/tr>\n<tr>\n<th>Kolor<\/th>\n<td>Czarny<\/td>\n<\/tr>\n<tr>\n<th>Materia\u0142<\/th>\n<td>Stop aluminium + plastik<\/td>\n<\/tr>\n<tr>\n<th>Pojemno\u015b\u0107<\/th>\n<td>3600 Wh<\/td>\n<\/tr>\n<tr>\n<th>Wyj\u015bcie AC (x4)<\/th>\n<td>3600 W \u0142\u0105cznie (zabezpieczenie przeciwprzepi\u0119ciowe 7200 W)<\/td>\n<\/tr>\n<tr>\n<th>Maks. moc urz\u0105dze\u0144 obs\u0142ugiwana przez X-Boost<\/th>\n<td>4500 W<\/td>\n<\/tr>\n<tr>\n<th>Wyj\u015bcie USB-A (x2)<\/th>\n<td>5 V, 2,4 A, 12 W maks.<\/td>\n<\/tr>\n<tr>\n<th>Port szybkiego \u0142adowania USB-A (x2)<\/th>\n<td>5 V, 2,4 A \/ 9 V, 2 A \/ 12 V, 1,5 A, 18 W maks.<\/td>\n<\/tr>\n<tr>\n<th>Wyj\u015bcie USB-C (x2)<\/th>\n<td>5 \/ 9 \/ 12 \/ 15 \/ 20 V, 5 A, 100 W maks.<\/td>\n<\/tr>\n<tr>\n<th>Wyj\u015bcie zasilania samochodu<\/th>\n<td>12,6 V, 10 A, 126 W maks.<\/td>\n<\/tr>\n<tr>\n<th>DC5521 (x2)<\/th>\n<td>12,6 V, 3 A<\/td>\n<\/tr>\n<tr>\n<th>Port Andersona<\/th>\n<td>12,6 V, 30 A<\/td>\n<\/tr>\n<tr>\n<th>Wej\u015bcie \u0142adowania AC<\/th>\n<td>230 V &#8211; 12,5 A, 2900 W<\/td>\n<\/tr>\n<tr>\n<th>Wej\u015bcie \u0142adowania s\u0142onecznego<\/th>\n<td>1600 W maks., 11-150 Vdc, 15 A<\/td>\n<\/tr>\n<tr>\n<th>Wej\u015bcie \u0142adowarki samochodowej<\/th>\n<td>Obs\u0142uguje akumulatory 12 \/ 24 V, domy\u015blnie 8 A<\/td>\n<\/tr>\n<tr>\n<th>Akumulator<\/th>\n<td>LFP<\/td>\n<\/tr>\n<tr>\n<th>\u017bywotno\u015b\u0107<\/th>\n<td>3500 cykli do 80%+ pojemno\u015bci<\/td>\n<\/tr>\n<tr>\n<th>Okres przechowywania<\/th>\n<td>Ok. 1 rok<\/td>\n<\/tr>\n<tr>\n<th>\u0141\u0105czno\u015b\u0107<\/th>\n<td>Wi-Fi, Bluetooth, po\u0142\u0105czenie przewodowe<\/td>\n<\/tr>\n<tr>\n<th>Wymiary<\/th>\n<td>63,5 x 28,5 x 41,6 cm<\/td>\n<\/tr>\n<tr>\n<th>Waga<\/th>\n<td>45 kg<\/td>\n<\/tr>\n<\/tbody>\n<\/table>\n<\/div>\n","protected":false},"excerpt":{"rendered":"<p>Przeno\u015bna stacja zasilania EcoFlow DELTA Pro &#8211; wydajne i uniwersalne centrum \u0142adowania Przedstawiamy pierwszy na \u015bwiecie przeno\u015bny akumulator domowy z<\/p>\n","protected":false},"featured_media":55857,"comment_status":"closed","ping_status":"open","template":"","meta":{"_acf_changed":false},"product_brand":[],"product_cat":[1108,6199,1111],"product_tag":[],"class_list":{"0":"post-55856","1":"product","2":"type-product","3":"status-publish","4":"has-post-thumbnail","6":"product_cat-energia","7":"product_cat-stacje-zasilania-stacje-zasilania","8":"product_cat-stacje-zasilania","9":"pa_60-m-5771","10":"pa_producent-ecoflow","12":"first","13":"outofstock","14":"taxable","15":"shipping-taxable","16":"purchasable","17":"product-type-simple"},"acf":[],"yoast_head":"<!-- This site is optimized with the Yoast SEO plugin v27.2 - https:\/\/yoast.com\/product\/yoast-seo-wordpress\/ -->\n<title>Stacja zasilania ECOFLOW DELTA Pro 3600Wh - IRONSKY.PL Sklep z Dronami<\/title>\n<meta name=\"description\" content=\"Stacja zasilania ECOFLOW DELTA Pro 3600Wh - \u2705 sklep z dronami i fachowym doradztwem. \u2705 Tutaj kupisz produkty DJI, Yuneec, Parrot, Syma i wiele innych, a tak\u017ce kursy i licencje na operatora drona.\" \/>\n<meta name=\"robots\" content=\"index, follow, max-snippet:-1, max-image-preview:large, max-video-preview:-1\" \/>\n<link rel=\"canonical\" href=\"https:\/\/ironsky.pl\/sklep\/produkt\/stacja-zasilania-ecoflow-delta-pro-3600wh\/\" \/>\n<meta property=\"og:locale\" content=\"pl_PL\" \/>\n<meta property=\"og:type\" content=\"article\" \/>\n<meta property=\"og:title\" content=\"Stacja zasilania ECOFLOW DELTA Pro 3600Wh - IRONSKY.PL Sklep z Dronami\" \/>\n<meta property=\"og:description\" content=\"Stacja zasilania ECOFLOW DELTA Pro 3600Wh - \u2705 sklep z dronami i fachowym doradztwem. \u2705 Tutaj kupisz produkty DJI, Yuneec, Parrot, Syma i wiele innych, a tak\u017ce kursy i licencje na operatora drona.\" \/>\n<meta property=\"og:url\" content=\"https:\/\/ironsky.pl\/sklep\/produkt\/stacja-zasilania-ecoflow-delta-pro-3600wh\/\" \/>\n<meta property=\"og:site_name\" content=\"IRONSKY.PL Sklep z Dronami\" \/>\n<meta property=\"article:modified_time\" content=\"2026-04-15T08:08:46+00:00\" \/>\n<meta property=\"og:image\" content=\"https:\/\/ironsky.pl\/sklep\/wp-content\/uploads\/2026\/04\/21836_1.jpg\" \/>\n\t<meta property=\"og:image:width\" content=\"800\" \/>\n\t<meta property=\"og:image:height\" content=\"800\" \/>\n\t<meta property=\"og:image:type\" content=\"image\/jpeg\" \/>\n<meta name=\"twitter:card\" content=\"summary_large_image\" \/>\n<meta name=\"twitter:label1\" content=\"Szacowany czas czytania\" \/>\n\t<meta name=\"twitter:data1\" content=\"6 minut\" \/>\n<script type=\"application\/ld+json\" class=\"yoast-schema-graph\">{\"@context\":\"https:\/\/schema.org\",\"@graph\":[{\"@type\":\"WebPage\",\"@id\":\"https:\/\/ironsky.pl\/sklep\/produkt\/stacja-zasilania-ecoflow-delta-pro-3600wh\/\",\"url\":\"https:\/\/ironsky.pl\/sklep\/produkt\/stacja-zasilania-ecoflow-delta-pro-3600wh\/\",\"name\":\"Stacja zasilania ECOFLOW DELTA Pro 3600Wh - IRONSKY.PL Sklep z Dronami\",\"isPartOf\":{\"@id\":\"https:\/\/ironsky.pl\/sklep\/#website\"},\"primaryImageOfPage\":{\"@id\":\"https:\/\/ironsky.pl\/sklep\/produkt\/stacja-zasilania-ecoflow-delta-pro-3600wh\/#primaryimage\"},\"image\":{\"@id\":\"https:\/\/ironsky.pl\/sklep\/produkt\/stacja-zasilania-ecoflow-delta-pro-3600wh\/#primaryimage\"},\"thumbnailUrl\":\"https:\/\/ironsky.pl\/sklep\/wp-content\/uploads\/2026\/04\/21836_1.jpg\",\"datePublished\":\"2026-04-15T08:08:27+00:00\",\"dateModified\":\"2026-04-15T08:08:46+00:00\",\"description\":\"Stacja zasilania ECOFLOW DELTA Pro 3600Wh - \u2705 sklep z dronami i fachowym doradztwem. \u2705 Tutaj kupisz produkty DJI, Yuneec, Parrot, Syma i wiele innych, a tak\u017ce kursy i licencje na operatora drona.\",\"breadcrumb\":{\"@id\":\"https:\/\/ironsky.pl\/sklep\/produkt\/stacja-zasilania-ecoflow-delta-pro-3600wh\/#breadcrumb\"},\"inLanguage\":\"pl-PL\",\"potentialAction\":[{\"@type\":\"ReadAction\",\"target\":[\"https:\/\/ironsky.pl\/sklep\/produkt\/stacja-zasilania-ecoflow-delta-pro-3600wh\/\"]}]},{\"@type\":\"ImageObject\",\"inLanguage\":\"pl-PL\",\"@id\":\"https:\/\/ironsky.pl\/sklep\/produkt\/stacja-zasilania-ecoflow-delta-pro-3600wh\/#primaryimage\",\"url\":\"https:\/\/ironsky.pl\/sklep\/wp-content\/uploads\/2026\/04\/21836_1.jpg\",\"contentUrl\":\"https:\/\/ironsky.pl\/sklep\/wp-content\/uploads\/2026\/04\/21836_1.jpg\",\"width\":800,\"height\":800},{\"@type\":\"BreadcrumbList\",\"@id\":\"https:\/\/ironsky.pl\/sklep\/produkt\/stacja-zasilania-ecoflow-delta-pro-3600wh\/#breadcrumb\",\"itemListElement\":[{\"@type\":\"ListItem\",\"position\":1,\"name\":\"Strona g\u0142\u00f3wna\",\"item\":\"https:\/\/ironsky.pl\/sklep\/\"},{\"@type\":\"ListItem\",\"position\":2,\"name\":\"Wszystkie produkty\",\"item\":\"https:\/\/ironsky.pl\/sklep\/produkty\/\"},{\"@type\":\"ListItem\",\"position\":3,\"name\":\"Stacja zasilania ECOFLOW DELTA Pro 3600Wh\"}]},{\"@type\":\"WebSite\",\"@id\":\"https:\/\/ironsky.pl\/sklep\/#website\",\"url\":\"https:\/\/ironsky.pl\/sklep\/\",\"name\":\"IRONSKY.PL Sklep z Dronami\",\"description\":\"IRONSKY.PL Sklep z Dronami\",\"potentialAction\":[{\"@type\":\"SearchAction\",\"target\":{\"@type\":\"EntryPoint\",\"urlTemplate\":\"https:\/\/ironsky.pl\/sklep\/?s={search_term_string}\"},\"query-input\":{\"@type\":\"PropertyValueSpecification\",\"valueRequired\":true,\"valueName\":\"search_term_string\"}}],\"inLanguage\":\"pl-PL\"}]}<\/script>\n<!-- \/ Yoast SEO plugin. -->","yoast_head_json":{"title":"Stacja zasilania ECOFLOW DELTA Pro 3600Wh - IRONSKY.PL Sklep z Dronami","description":"Stacja zasilania ECOFLOW DELTA Pro 3600Wh - \u2705 sklep z dronami i fachowym doradztwem. \u2705 Tutaj kupisz produkty DJI, Yuneec, Parrot, Syma i wiele innych, a tak\u017ce kursy i licencje na operatora drona.","robots":{"index":"index","follow":"follow","max-snippet":"max-snippet:-1","max-image-preview":"max-image-preview:large","max-video-preview":"max-video-preview:-1"},"canonical":"https:\/\/ironsky.pl\/sklep\/produkt\/stacja-zasilania-ecoflow-delta-pro-3600wh\/","og_locale":"pl_PL","og_type":"article","og_title":"Stacja zasilania ECOFLOW DELTA Pro 3600Wh - IRONSKY.PL Sklep z Dronami","og_description":"Stacja zasilania ECOFLOW DELTA Pro 3600Wh - \u2705 sklep z dronami i fachowym doradztwem. \u2705 Tutaj kupisz produkty DJI, Yuneec, Parrot, Syma i wiele innych, a tak\u017ce kursy i licencje na operatora drona.","og_url":"https:\/\/ironsky.pl\/sklep\/produkt\/stacja-zasilania-ecoflow-delta-pro-3600wh\/","og_site_name":"IRONSKY.PL Sklep z Dronami","article_modified_time":"2026-04-15T08:08:46+00:00","og_image":[{"width":800,"height":800,"url":"https:\/\/ironsky.pl\/sklep\/wp-content\/uploads\/2026\/04\/21836_1.jpg","type":"image\/jpeg"}],"twitter_card":"summary_large_image","twitter_misc":{"Szacowany czas czytania":"6 minut"},"schema":{"@context":"https:\/\/schema.org","@graph":[{"@type":"WebPage","@id":"https:\/\/ironsky.pl\/sklep\/produkt\/stacja-zasilania-ecoflow-delta-pro-3600wh\/","url":"https:\/\/ironsky.pl\/sklep\/produkt\/stacja-zasilania-ecoflow-delta-pro-3600wh\/","name":"Stacja zasilania ECOFLOW DELTA Pro 3600Wh - IRONSKY.PL Sklep z Dronami","isPartOf":{"@id":"https:\/\/ironsky.pl\/sklep\/#website"},"primaryImageOfPage":{"@id":"https:\/\/ironsky.pl\/sklep\/produkt\/stacja-zasilania-ecoflow-delta-pro-3600wh\/#primaryimage"},"image":{"@id":"https:\/\/ironsky.pl\/sklep\/produkt\/stacja-zasilania-ecoflow-delta-pro-3600wh\/#primaryimage"},"thumbnailUrl":"https:\/\/ironsky.pl\/sklep\/wp-content\/uploads\/2026\/04\/21836_1.jpg","datePublished":"2026-04-15T08:08:27+00:00","dateModified":"2026-04-15T08:08:46+00:00","description":"Stacja zasilania ECOFLOW DELTA Pro 3600Wh - \u2705 sklep z dronami i fachowym doradztwem. \u2705 Tutaj kupisz produkty DJI, Yuneec, Parrot, Syma i wiele innych, a tak\u017ce kursy i licencje na operatora drona.","breadcrumb":{"@id":"https:\/\/ironsky.pl\/sklep\/produkt\/stacja-zasilania-ecoflow-delta-pro-3600wh\/#breadcrumb"},"inLanguage":"pl-PL","potentialAction":[{"@type":"ReadAction","target":["https:\/\/ironsky.pl\/sklep\/produkt\/stacja-zasilania-ecoflow-delta-pro-3600wh\/"]}]},{"@type":"ImageObject","inLanguage":"pl-PL","@id":"https:\/\/ironsky.pl\/sklep\/produkt\/stacja-zasilania-ecoflow-delta-pro-3600wh\/#primaryimage","url":"https:\/\/ironsky.pl\/sklep\/wp-content\/uploads\/2026\/04\/21836_1.jpg","contentUrl":"https:\/\/ironsky.pl\/sklep\/wp-content\/uploads\/2026\/04\/21836_1.jpg","width":800,"height":800},{"@type":"BreadcrumbList","@id":"https:\/\/ironsky.pl\/sklep\/produkt\/stacja-zasilania-ecoflow-delta-pro-3600wh\/#breadcrumb","itemListElement":[{"@type":"ListItem","position":1,"name":"Strona g\u0142\u00f3wna","item":"https:\/\/ironsky.pl\/sklep\/"},{"@type":"ListItem","position":2,"name":"Wszystkie produkty","item":"https:\/\/ironsky.pl\/sklep\/produkty\/"},{"@type":"ListItem","position":3,"name":"Stacja zasilania ECOFLOW DELTA Pro 3600Wh"}]},{"@type":"WebSite","@id":"https:\/\/ironsky.pl\/sklep\/#website","url":"https:\/\/ironsky.pl\/sklep\/","name":"IRONSKY.PL Sklep z Dronami","description":"IRONSKY.PL Sklep z Dronami","potentialAction":[{"@type":"SearchAction","target":{"@type":"EntryPoint","urlTemplate":"https:\/\/ironsky.pl\/sklep\/?s={search_term_string}"},"query-input":{"@type":"PropertyValueSpecification","valueRequired":true,"valueName":"search_term_string"}}],"inLanguage":"pl-PL"}]}},"_links":{"self":[{"href":"https:\/\/ironsky.pl\/sklep\/wp-json\/wp\/v2\/product\/55856","targetHints":{"allow":["GET"]}}],"collection":[{"href":"https:\/\/ironsky.pl\/sklep\/wp-json\/wp\/v2\/product"}],"about":[{"href":"https:\/\/ironsky.pl\/sklep\/wp-json\/wp\/v2\/types\/product"}],"replies":[{"embeddable":true,"href":"https:\/\/ironsky.pl\/sklep\/wp-json\/wp\/v2\/comments?post=55856"}],"wp:featuredmedia":[{"embeddable":true,"href":"https:\/\/ironsky.pl\/sklep\/wp-json\/wp\/v2\/media\/55857"}],"wp:attachment":[{"href":"https:\/\/ironsky.pl\/sklep\/wp-json\/wp\/v2\/media?parent=55856"}],"wp:term":[{"taxonomy":"product_brand","embeddable":true,"href":"https:\/\/ironsky.pl\/sklep\/wp-json\/wp\/v2\/product_brand?post=55856"},{"taxonomy":"product_cat","embeddable":true,"href":"https:\/\/ironsky.pl\/sklep\/wp-json\/wp\/v2\/product_cat?post=55856"},{"taxonomy":"product_tag","embeddable":true,"href":"https:\/\/ironsky.pl\/sklep\/wp-json\/wp\/v2\/product_tag?post=55856"}],"curies":[{"name":"wp","href":"https:\/\/api.w.org\/{rel}","templated":true}]}}