{"id":55852,"date":"2026-04-15T10:08:27","date_gmt":"2026-04-15T08:08:27","guid":{"rendered":"https:\/\/ironsky.pl\/sklep\/produkt\/lampa-led-dji-om-fill-light-do-om-4-5-6-se\/"},"modified":"2026-04-15T10:46:14","modified_gmt":"2026-04-15T08:46:14","slug":"lampa-led-dji-om-fill-light-do-om-4-5-6-se","status":"publish","type":"product","link":"https:\/\/ironsky.pl\/sklep\/produkt\/lampa-led-dji-om-fill-light-do-om-4-5-6-se\/","title":{"rendered":"Lampa LED DJI OM Fill Light do OM 4\/5\/6\/SE"},"content":{"rendered":"<div id=\"Opisproduktu\" class=\"long-description\">\n<div class=\"long-description__description-wrapper\">\n<div class=\"row\">\n<div class=\"col-xs-12 col-md-6\">\n<h2>Uchwyt do telefonu DJI OM Fill Light<\/h2>\n<p>Zyskaj mo\u017cliwo\u015b\u0107 nagrywania zachwycaj\u0105cych materia\u0142\u00f3w w nawet najbardziej zr\u00f3\u017cnicowanych warunkach. Uchwyt do telefonu DJI OM Fill Light z lampkami LED zapewni Ci dodatkowe o\u015bwietlenie, kt\u00f3re z \u0142atwo\u015bci\u0105 dostosujesz do swoich potrzeb. Urz\u0105dzenie umo\u017cliwia 3-stopniow\u0105 regulacj\u0119 jasno\u015bci \u015bwiat\u0142a. Mo\u017cesz te\u017c wybiera\u0107 spo\u015br\u00f3d 3 dost\u0119pnych ustawie\u0144 temperatury barwowej. Akcesorium zosta\u0142o wyposa\u017cone w magnetyczne mocowanie, dzi\u0119ki kt\u00f3remu jest kompatybilne z DJI OM 4 i DJI OM 5.<\/p>\n<p><h2>Kompatybilno\u015b\u0107:<\/h2>\n<ul style=\"list-style-type: disc; font-size: initial; padding:20px; text-align: justify;\">\n<li>DJI OM4<\/li>\n<li>DJI OM 5<\/li>\n<li>DJI Osmo Mobile 6<\/li>\n<li>DJI  Osmo Mobile SE<\/li>\n<\/ul>\n<\/p><\/div>\n<div class=\"col-xs-12 col-md-6\"> <img decoding=\"async\" src=\"https:\/\/cdn.dji-ars.pl\/img\/products\/dji\/028689\/1.png\"><\/div>\n<\/div>\n<div class=\"row\">\n<div class=\"col-xs-12 col-md-6\"> <img decoding=\"async\" src=\"https:\/\/cdn.dji-ars.pl\/img\/products\/dji\/028689\/3.png\"><\/div>\n<div class=\"col-xs-12 col-md-6\">\n<h2>Specyfikacja<\/h2>\n<ul style=\"list-style-type: disc; font-size: initial; padding:20px; text-align: justify;\">\n<li><b>Producent:<\/b> DJI<\/li>\n<li><b>Wymiary z\u0142o\u017cony:<\/b> 74,13 \u00d7 53 \u00d7 26,55 mm<\/li>\n<li><b>Wymiary roz\u0142o\u017cony:<\/b> 105,91 \u00d7 53 \u00d7 26,55 mm<\/li>\n<li><b>Waga:<\/b>  73 g<\/li>\n<li><b>Kompatybilno\u015b\u0107:<\/b> OM 4 \/ OM 5 \/ Osmo Mobile 6 &#038; SE<\/li>\n<li><b>Nat\u0119\u017cenie o\u015bwietlenia::<\/b> 20-40 luks\u00f3w z odl. 0,6 m*<\/li>\n<li><b>Temperatura barwowa:<\/b> 5500K (zimna), 4300K (neutralna), 2800K (ciep\u0142a)*<\/li>\n<li><b>Zu\u017cycie energii:<\/b> 0,38 W (min. nat. o\u015bw.); 0,79 W (maks. nat. o\u015bw.)<\/li>\n<li><b>Czas pracy akumulatora:<\/b> do 3 godz. (min. nat. o\u015bw.) \/ do 1,5 godz. (maks. nat. o\u015bw.)<\/li>\n<li><b>Port \u0142adowania:<\/b>  USB-C<\/li>\n<li><b>Czas \u0142adowania:<\/b> ok. 48 min.<\/li>\n<li><b>Zakres temperatur \u0142adowania:<\/b>  od 5\u00b0 do 40\u00b0C<\/li>\n<li><b>Temperatura pracy:<\/b> 0\u00b0 do 40\u00b0C<\/li>\n<\/ul>\n<p>*Testowane w warunkach kontrolowanych<\/p>\n<\/p><\/div><\/div>\n<\/div>\n<\/div>\n","protected":false},"excerpt":{"rendered":"<p>Uchwyt do telefonu DJI OM Fill Light Zyskaj mo\u017cliwo\u015b\u0107 nagrywania zachwycaj\u0105cych materia\u0142\u00f3w w nawet najbardziej zr\u00f3\u017cnicowanych warunkach. Uchwyt do telefonu<\/p>\n","protected":false},"featured_media":55853,"comment_status":"closed","ping_status":"open","template":"","meta":{"_acf_changed":false},"product_brand":[],"product_cat":[1130,1128,1150],"product_tag":[],"class_list":{"0":"post-55852","1":"product","2":"type-product","3":"status-publish","4":"has-post-thumbnail","6":"product_cat-akcesoria-foto","7":"product_cat-foto-wideo","8":"product_cat-pozostale","9":"pa_okres-gwarancji-5757","10":"pa_producent-dji","12":"first","13":"outofstock","14":"taxable","15":"shipping-taxable","16":"purchasable","17":"product-type-simple"},"acf":[],"yoast_head":"<!-- This site is optimized with the Yoast SEO plugin v27.2 - https:\/\/yoast.com\/product\/yoast-seo-wordpress\/ -->\n<title>Lampa LED DJI OM Fill Light do OM 4\/5\/6\/SE - IRONSKY.PL Sklep z Dronami<\/title>\n<meta name=\"description\" content=\"Lampa LED DJI OM Fill Light do OM 4\/5\/6\/SE - \u2705 sklep z dronami i fachowym doradztwem. \u2705 Tutaj kupisz produkty DJI, Yuneec, Parrot, Syma i wiele innych, a tak\u017ce kursy i licencje na operatora drona.\" \/>\n<meta name=\"robots\" content=\"index, follow, max-snippet:-1, max-image-preview:large, max-video-preview:-1\" \/>\n<link rel=\"canonical\" href=\"https:\/\/ironsky.pl\/sklep\/produkt\/lampa-led-dji-om-fill-light-do-om-4-5-6-se\/\" \/>\n<meta property=\"og:locale\" content=\"pl_PL\" \/>\n<meta property=\"og:type\" content=\"article\" \/>\n<meta property=\"og:title\" content=\"Lampa LED DJI OM Fill Light do OM 4\/5\/6\/SE - IRONSKY.PL Sklep z Dronami\" \/>\n<meta property=\"og:description\" content=\"Lampa LED DJI OM Fill Light do OM 4\/5\/6\/SE - \u2705 sklep z dronami i fachowym doradztwem. \u2705 Tutaj kupisz produkty DJI, Yuneec, Parrot, Syma i wiele innych, a tak\u017ce kursy i licencje na operatora drona.\" \/>\n<meta property=\"og:url\" content=\"https:\/\/ironsky.pl\/sklep\/produkt\/lampa-led-dji-om-fill-light-do-om-4-5-6-se\/\" \/>\n<meta property=\"og:site_name\" content=\"IRONSKY.PL Sklep z Dronami\" \/>\n<meta property=\"article:modified_time\" content=\"2026-04-15T08:46:14+00:00\" \/>\n<meta property=\"og:image\" content=\"https:\/\/ironsky.pl\/sklep\/wp-content\/uploads\/2026\/04\/21832_1.jpg\" \/>\n\t<meta property=\"og:image:width\" content=\"800\" \/>\n\t<meta property=\"og:image:height\" content=\"800\" \/>\n\t<meta property=\"og:image:type\" content=\"image\/jpeg\" \/>\n<meta name=\"twitter:card\" content=\"summary_large_image\" \/>\n<meta name=\"twitter:label1\" content=\"Szacowany czas czytania\" \/>\n\t<meta name=\"twitter:data1\" content=\"1 minuta\" \/>\n<script type=\"application\/ld+json\" class=\"yoast-schema-graph\">{\"@context\":\"https:\/\/schema.org\",\"@graph\":[{\"@type\":\"WebPage\",\"@id\":\"https:\/\/ironsky.pl\/sklep\/produkt\/lampa-led-dji-om-fill-light-do-om-4-5-6-se\/\",\"url\":\"https:\/\/ironsky.pl\/sklep\/produkt\/lampa-led-dji-om-fill-light-do-om-4-5-6-se\/\",\"name\":\"Lampa LED DJI OM Fill Light do OM 4\/5\/6\/SE - IRONSKY.PL Sklep z Dronami\",\"isPartOf\":{\"@id\":\"https:\/\/ironsky.pl\/sklep\/#website\"},\"primaryImageOfPage\":{\"@id\":\"https:\/\/ironsky.pl\/sklep\/produkt\/lampa-led-dji-om-fill-light-do-om-4-5-6-se\/#primaryimage\"},\"image\":{\"@id\":\"https:\/\/ironsky.pl\/sklep\/produkt\/lampa-led-dji-om-fill-light-do-om-4-5-6-se\/#primaryimage\"},\"thumbnailUrl\":\"https:\/\/ironsky.pl\/sklep\/wp-content\/uploads\/2026\/04\/21832_1.jpg\",\"datePublished\":\"2026-04-15T08:08:27+00:00\",\"dateModified\":\"2026-04-15T08:46:14+00:00\",\"description\":\"Lampa LED DJI OM Fill Light do OM 4\/5\/6\/SE - \u2705 sklep z dronami i fachowym doradztwem. \u2705 Tutaj kupisz produkty DJI, Yuneec, Parrot, Syma i wiele innych, a tak\u017ce kursy i licencje na operatora drona.\",\"breadcrumb\":{\"@id\":\"https:\/\/ironsky.pl\/sklep\/produkt\/lampa-led-dji-om-fill-light-do-om-4-5-6-se\/#breadcrumb\"},\"inLanguage\":\"pl-PL\",\"potentialAction\":[{\"@type\":\"ReadAction\",\"target\":[\"https:\/\/ironsky.pl\/sklep\/produkt\/lampa-led-dji-om-fill-light-do-om-4-5-6-se\/\"]}]},{\"@type\":\"ImageObject\",\"inLanguage\":\"pl-PL\",\"@id\":\"https:\/\/ironsky.pl\/sklep\/produkt\/lampa-led-dji-om-fill-light-do-om-4-5-6-se\/#primaryimage\",\"url\":\"https:\/\/ironsky.pl\/sklep\/wp-content\/uploads\/2026\/04\/21832_1.jpg\",\"contentUrl\":\"https:\/\/ironsky.pl\/sklep\/wp-content\/uploads\/2026\/04\/21832_1.jpg\",\"width\":800,\"height\":800},{\"@type\":\"BreadcrumbList\",\"@id\":\"https:\/\/ironsky.pl\/sklep\/produkt\/lampa-led-dji-om-fill-light-do-om-4-5-6-se\/#breadcrumb\",\"itemListElement\":[{\"@type\":\"ListItem\",\"position\":1,\"name\":\"Strona g\u0142\u00f3wna\",\"item\":\"https:\/\/ironsky.pl\/sklep\/\"},{\"@type\":\"ListItem\",\"position\":2,\"name\":\"Wszystkie produkty\",\"item\":\"https:\/\/ironsky.pl\/sklep\/produkty\/\"},{\"@type\":\"ListItem\",\"position\":3,\"name\":\"Lampa LED DJI OM Fill Light do OM 4\/5\/6\/SE\"}]},{\"@type\":\"WebSite\",\"@id\":\"https:\/\/ironsky.pl\/sklep\/#website\",\"url\":\"https:\/\/ironsky.pl\/sklep\/\",\"name\":\"IRONSKY.PL Sklep z Dronami\",\"description\":\"IRONSKY.PL Sklep z Dronami\",\"potentialAction\":[{\"@type\":\"SearchAction\",\"target\":{\"@type\":\"EntryPoint\",\"urlTemplate\":\"https:\/\/ironsky.pl\/sklep\/?s={search_term_string}\"},\"query-input\":{\"@type\":\"PropertyValueSpecification\",\"valueRequired\":true,\"valueName\":\"search_term_string\"}}],\"inLanguage\":\"pl-PL\"}]}<\/script>\n<!-- \/ Yoast SEO plugin. -->","yoast_head_json":{"title":"Lampa LED DJI OM Fill Light do OM 4\/5\/6\/SE - IRONSKY.PL Sklep z Dronami","description":"Lampa LED DJI OM Fill Light do OM 4\/5\/6\/SE - \u2705 sklep z dronami i fachowym doradztwem. \u2705 Tutaj kupisz produkty DJI, Yuneec, Parrot, Syma i wiele innych, a tak\u017ce kursy i licencje na operatora drona.","robots":{"index":"index","follow":"follow","max-snippet":"max-snippet:-1","max-image-preview":"max-image-preview:large","max-video-preview":"max-video-preview:-1"},"canonical":"https:\/\/ironsky.pl\/sklep\/produkt\/lampa-led-dji-om-fill-light-do-om-4-5-6-se\/","og_locale":"pl_PL","og_type":"article","og_title":"Lampa LED DJI OM Fill Light do OM 4\/5\/6\/SE - IRONSKY.PL Sklep z Dronami","og_description":"Lampa LED DJI OM Fill Light do OM 4\/5\/6\/SE - \u2705 sklep z dronami i fachowym doradztwem. \u2705 Tutaj kupisz produkty DJI, Yuneec, Parrot, Syma i wiele innych, a tak\u017ce kursy i licencje na operatora drona.","og_url":"https:\/\/ironsky.pl\/sklep\/produkt\/lampa-led-dji-om-fill-light-do-om-4-5-6-se\/","og_site_name":"IRONSKY.PL Sklep z Dronami","article_modified_time":"2026-04-15T08:46:14+00:00","og_image":[{"width":800,"height":800,"url":"https:\/\/ironsky.pl\/sklep\/wp-content\/uploads\/2026\/04\/21832_1.jpg","type":"image\/jpeg"}],"twitter_card":"summary_large_image","twitter_misc":{"Szacowany czas czytania":"1 minuta"},"schema":{"@context":"https:\/\/schema.org","@graph":[{"@type":"WebPage","@id":"https:\/\/ironsky.pl\/sklep\/produkt\/lampa-led-dji-om-fill-light-do-om-4-5-6-se\/","url":"https:\/\/ironsky.pl\/sklep\/produkt\/lampa-led-dji-om-fill-light-do-om-4-5-6-se\/","name":"Lampa LED DJI OM Fill Light do OM 4\/5\/6\/SE - IRONSKY.PL Sklep z Dronami","isPartOf":{"@id":"https:\/\/ironsky.pl\/sklep\/#website"},"primaryImageOfPage":{"@id":"https:\/\/ironsky.pl\/sklep\/produkt\/lampa-led-dji-om-fill-light-do-om-4-5-6-se\/#primaryimage"},"image":{"@id":"https:\/\/ironsky.pl\/sklep\/produkt\/lampa-led-dji-om-fill-light-do-om-4-5-6-se\/#primaryimage"},"thumbnailUrl":"https:\/\/ironsky.pl\/sklep\/wp-content\/uploads\/2026\/04\/21832_1.jpg","datePublished":"2026-04-15T08:08:27+00:00","dateModified":"2026-04-15T08:46:14+00:00","description":"Lampa LED DJI OM Fill Light do OM 4\/5\/6\/SE - \u2705 sklep z dronami i fachowym doradztwem. \u2705 Tutaj kupisz produkty DJI, Yuneec, Parrot, Syma i wiele innych, a tak\u017ce kursy i licencje na operatora drona.","breadcrumb":{"@id":"https:\/\/ironsky.pl\/sklep\/produkt\/lampa-led-dji-om-fill-light-do-om-4-5-6-se\/#breadcrumb"},"inLanguage":"pl-PL","potentialAction":[{"@type":"ReadAction","target":["https:\/\/ironsky.pl\/sklep\/produkt\/lampa-led-dji-om-fill-light-do-om-4-5-6-se\/"]}]},{"@type":"ImageObject","inLanguage":"pl-PL","@id":"https:\/\/ironsky.pl\/sklep\/produkt\/lampa-led-dji-om-fill-light-do-om-4-5-6-se\/#primaryimage","url":"https:\/\/ironsky.pl\/sklep\/wp-content\/uploads\/2026\/04\/21832_1.jpg","contentUrl":"https:\/\/ironsky.pl\/sklep\/wp-content\/uploads\/2026\/04\/21832_1.jpg","width":800,"height":800},{"@type":"BreadcrumbList","@id":"https:\/\/ironsky.pl\/sklep\/produkt\/lampa-led-dji-om-fill-light-do-om-4-5-6-se\/#breadcrumb","itemListElement":[{"@type":"ListItem","position":1,"name":"Strona g\u0142\u00f3wna","item":"https:\/\/ironsky.pl\/sklep\/"},{"@type":"ListItem","position":2,"name":"Wszystkie produkty","item":"https:\/\/ironsky.pl\/sklep\/produkty\/"},{"@type":"ListItem","position":3,"name":"Lampa LED DJI OM Fill Light do OM 4\/5\/6\/SE"}]},{"@type":"WebSite","@id":"https:\/\/ironsky.pl\/sklep\/#website","url":"https:\/\/ironsky.pl\/sklep\/","name":"IRONSKY.PL Sklep z Dronami","description":"IRONSKY.PL Sklep z Dronami","potentialAction":[{"@type":"SearchAction","target":{"@type":"EntryPoint","urlTemplate":"https:\/\/ironsky.pl\/sklep\/?s={search_term_string}"},"query-input":{"@type":"PropertyValueSpecification","valueRequired":true,"valueName":"search_term_string"}}],"inLanguage":"pl-PL"}]}},"_links":{"self":[{"href":"https:\/\/ironsky.pl\/sklep\/wp-json\/wp\/v2\/product\/55852","targetHints":{"allow":["GET"]}}],"collection":[{"href":"https:\/\/ironsky.pl\/sklep\/wp-json\/wp\/v2\/product"}],"about":[{"href":"https:\/\/ironsky.pl\/sklep\/wp-json\/wp\/v2\/types\/product"}],"replies":[{"embeddable":true,"href":"https:\/\/ironsky.pl\/sklep\/wp-json\/wp\/v2\/comments?post=55852"}],"wp:featuredmedia":[{"embeddable":true,"href":"https:\/\/ironsky.pl\/sklep\/wp-json\/wp\/v2\/media\/55853"}],"wp:attachment":[{"href":"https:\/\/ironsky.pl\/sklep\/wp-json\/wp\/v2\/media?parent=55852"}],"wp:term":[{"taxonomy":"product_brand","embeddable":true,"href":"https:\/\/ironsky.pl\/sklep\/wp-json\/wp\/v2\/product_brand?post=55852"},{"taxonomy":"product_cat","embeddable":true,"href":"https:\/\/ironsky.pl\/sklep\/wp-json\/wp\/v2\/product_cat?post=55852"},{"taxonomy":"product_tag","embeddable":true,"href":"https:\/\/ironsky.pl\/sklep\/wp-json\/wp\/v2\/product_tag?post=55852"}],"curies":[{"name":"wp","href":"https:\/\/api.w.org\/{rel}","templated":true}]}}