{"id":55846,"date":"2026-04-15T10:08:27","date_gmt":"2026-04-15T08:08:27","guid":{"rendered":"https:\/\/ironsky.pl\/sklep\/produkt\/akumulator-tattu-r-line-v3-0-1300mah-222v-6s1p-xt60\/"},"modified":"2026-04-15T10:46:13","modified_gmt":"2026-04-15T08:46:13","slug":"akumulator-tattu-r-line-v3-0-1300mah-222v-6s1p-xt60","status":"publish","type":"product","link":"https:\/\/ironsky.pl\/sklep\/produkt\/akumulator-tattu-r-line-v3-0-1300mah-222v-6s1p-xt60\/","title":{"rendered":"Akumulator TATTU R-Line v3.0 1300mAh 22,2V 6S1P XT60"},"content":{"rendered":"<h3>Akumulator Tattu R-Line Version 3.0 1300mAh 22,2V 120C 6S1P XT60<\/h3>\n<p>Specjalnie na potrzeby UAV marka Tattu zaprojektowa\u0142a nowe akumulatory o bezkonkurencyjnej jako\u015bci. Oferuj\u0105 wyj\u0105tkow\u0105 moc bez wzgl\u0119du na to czy u\u017cywasz mniejszych dron\u00f3w do zastosowa\u0144 rekreacyjnych lub ci\u0119\u017ckich platform do zastosowa\u0144 kompercyjnych. Baterie cz\u0119sto wygl\u0105daj\u0105 podobnie z zewn\u0105trz &#8211; ich prawdziwa si\u0142a le\u017cy jednak w \u015brodku. Cele w akumulatorach Tattu s\u0105 opracowane specjalnie do wymaga\u0144 UAV.<\/p>\n<p>\u00a0<\/p>\n<h3>Instrukcja bezpiecze\u0144stwa<\/h3>\n<p>Nie roz\u0142adowywa\u0107 poni\u017cej 3,0V na cel\u0119.<br \/>\u0141adowa\u0107 tylko przy u\u017cyciu \u0142adowarki mikroprocesorowej w trybie \u0142adowania pakiet\u00f3w litowo-polimerowych.<br \/>Nie zwiera\u0107 biegun\u00f3w, nie przebija\u0107, nie wystawia\u0107 na bezpo\u015brednie dzia\u0142anie promieni s\u0142onecznych, przechowywa\u0107 z dala od przedmiot\u00f3w \u0142atwopalnych, utylizowa\u0107 w specjalnie przygotowanych pojemnikach.<\/p>\n<div class=\"table-wrapper\">\n<table>\n<tbody>\n<tr>\n<th>Napi\u0119cie<\/th>\n<td>22,2 V<\/td>\n<\/tr>\n<tr>\n<th>Pojemno\u015b\u0107<\/th>\n<td>1300 mAh<\/td>\n<\/tr>\n<tr>\n<th>Ilo\u015b\u0107 cell<\/th>\n<td>6<\/td>\n<\/tr>\n<tr>\n<th>Typ konektora<\/th>\n<td>XT60<\/td>\n<\/tr>\n<tr>\n<th>Typ balancera<\/th>\n<td>JST-XHR<\/td>\n<\/tr>\n<tr>\n<th>Pr\u0105d roz\u0142adowania (ci\u0105g\u0142y)<\/th>\n<td>120C<\/td>\n<\/tr>\n<tr>\n<th>D\u0142ugo\u015b\u0107<\/th>\n<td>78 mm<\/td>\n<\/tr>\n<tr>\n<th>Szeroko\u015b\u0107<\/th>\n<td>39 mm<\/td>\n<\/tr>\n<tr>\n<th>Wysoko\u015b\u0107<\/th>\n<td>39 mm<\/td>\n<\/tr>\n<tr>\n<th>Waga<\/th>\n<td>212 g<\/td>\n<\/tr>\n<\/tbody>\n<\/table>\n<\/div>\n","protected":false},"excerpt":{"rendered":"<p>Akumulator Tattu R-Line Version 3.0 1300mAh 22,2V 120C 6S1P XT60 Specjalnie na potrzeby UAV marka Tattu zaprojektowa\u0142a nowe akumulatory o<\/p>\n","protected":false},"featured_media":55847,"comment_status":"closed","ping_status":"open","template":"","meta":{"_acf_changed":false},"product_brand":[],"product_cat":[1183,1182,1169],"product_tag":[],"class_list":{"0":"post-55846","1":"product","2":"type-product","3":"status-publish","4":"has-post-thumbnail","6":"product_cat-litowe-i-nimh","7":"product_cat-akumulatory","8":"product_cat-modele-rc","9":"pa_okres-gwarancji-5754","10":"pa_producent-tattu","12":"first","13":"outofstock","14":"taxable","15":"shipping-taxable","16":"purchasable","17":"product-type-simple"},"acf":[],"yoast_head":"<!-- This site is optimized with the Yoast SEO plugin v27.2 - https:\/\/yoast.com\/product\/yoast-seo-wordpress\/ -->\n<title>Akumulator TATTU R-Line v3.0 1300mAh 22,2V 6S1P XT60 - IRONSKY.PL Sklep z Dronami<\/title>\n<meta name=\"description\" content=\"Akumulator TATTU R-Line v3.0 1300mAh 22,2V 6S1P XT60 - \u2705 sklep z dronami i fachowym doradztwem. \u2705 Tutaj kupisz produkty DJI, Yuneec, Parrot, Syma i wiele innych, a tak\u017ce kursy i licencje na operatora drona.\" \/>\n<meta name=\"robots\" content=\"index, follow, max-snippet:-1, max-image-preview:large, max-video-preview:-1\" \/>\n<link rel=\"canonical\" href=\"https:\/\/ironsky.pl\/sklep\/produkt\/akumulator-tattu-r-line-v3-0-1300mah-222v-6s1p-xt60\/\" \/>\n<meta property=\"og:locale\" content=\"pl_PL\" \/>\n<meta property=\"og:type\" content=\"article\" \/>\n<meta property=\"og:title\" content=\"Akumulator TATTU R-Line v3.0 1300mAh 22,2V 6S1P XT60 - IRONSKY.PL Sklep z Dronami\" \/>\n<meta property=\"og:description\" content=\"Akumulator TATTU R-Line v3.0 1300mAh 22,2V 6S1P XT60 - \u2705 sklep z dronami i fachowym doradztwem. \u2705 Tutaj kupisz produkty DJI, Yuneec, Parrot, Syma i wiele innych, a tak\u017ce kursy i licencje na operatora drona.\" \/>\n<meta property=\"og:url\" content=\"https:\/\/ironsky.pl\/sklep\/produkt\/akumulator-tattu-r-line-v3-0-1300mah-222v-6s1p-xt60\/\" \/>\n<meta property=\"og:site_name\" content=\"IRONSKY.PL Sklep z Dronami\" \/>\n<meta property=\"article:modified_time\" content=\"2026-04-15T08:46:13+00:00\" \/>\n<meta property=\"og:image\" content=\"https:\/\/ironsky.pl\/sklep\/wp-content\/uploads\/2026\/04\/21794_1.jpg\" \/>\n\t<meta property=\"og:image:width\" content=\"800\" \/>\n\t<meta property=\"og:image:height\" content=\"800\" \/>\n\t<meta property=\"og:image:type\" content=\"image\/jpeg\" \/>\n<meta name=\"twitter:card\" content=\"summary_large_image\" \/>\n<meta name=\"twitter:label1\" content=\"Szacowany czas czytania\" \/>\n\t<meta name=\"twitter:data1\" content=\"1 minuta\" \/>\n<script type=\"application\/ld+json\" class=\"yoast-schema-graph\">{\"@context\":\"https:\/\/schema.org\",\"@graph\":[{\"@type\":\"WebPage\",\"@id\":\"https:\/\/ironsky.pl\/sklep\/produkt\/akumulator-tattu-r-line-v3-0-1300mah-222v-6s1p-xt60\/\",\"url\":\"https:\/\/ironsky.pl\/sklep\/produkt\/akumulator-tattu-r-line-v3-0-1300mah-222v-6s1p-xt60\/\",\"name\":\"Akumulator TATTU R-Line v3.0 1300mAh 22,2V 6S1P XT60 - IRONSKY.PL Sklep z Dronami\",\"isPartOf\":{\"@id\":\"https:\/\/ironsky.pl\/sklep\/#website\"},\"primaryImageOfPage\":{\"@id\":\"https:\/\/ironsky.pl\/sklep\/produkt\/akumulator-tattu-r-line-v3-0-1300mah-222v-6s1p-xt60\/#primaryimage\"},\"image\":{\"@id\":\"https:\/\/ironsky.pl\/sklep\/produkt\/akumulator-tattu-r-line-v3-0-1300mah-222v-6s1p-xt60\/#primaryimage\"},\"thumbnailUrl\":\"https:\/\/ironsky.pl\/sklep\/wp-content\/uploads\/2026\/04\/21794_1.jpg\",\"datePublished\":\"2026-04-15T08:08:27+00:00\",\"dateModified\":\"2026-04-15T08:46:13+00:00\",\"description\":\"Akumulator TATTU R-Line v3.0 1300mAh 22,2V 6S1P XT60 - \u2705 sklep z dronami i fachowym doradztwem. \u2705 Tutaj kupisz produkty DJI, Yuneec, Parrot, Syma i wiele innych, a tak\u017ce kursy i licencje na operatora drona.\",\"breadcrumb\":{\"@id\":\"https:\/\/ironsky.pl\/sklep\/produkt\/akumulator-tattu-r-line-v3-0-1300mah-222v-6s1p-xt60\/#breadcrumb\"},\"inLanguage\":\"pl-PL\",\"potentialAction\":[{\"@type\":\"ReadAction\",\"target\":[\"https:\/\/ironsky.pl\/sklep\/produkt\/akumulator-tattu-r-line-v3-0-1300mah-222v-6s1p-xt60\/\"]}]},{\"@type\":\"ImageObject\",\"inLanguage\":\"pl-PL\",\"@id\":\"https:\/\/ironsky.pl\/sklep\/produkt\/akumulator-tattu-r-line-v3-0-1300mah-222v-6s1p-xt60\/#primaryimage\",\"url\":\"https:\/\/ironsky.pl\/sklep\/wp-content\/uploads\/2026\/04\/21794_1.jpg\",\"contentUrl\":\"https:\/\/ironsky.pl\/sklep\/wp-content\/uploads\/2026\/04\/21794_1.jpg\",\"width\":800,\"height\":800},{\"@type\":\"BreadcrumbList\",\"@id\":\"https:\/\/ironsky.pl\/sklep\/produkt\/akumulator-tattu-r-line-v3-0-1300mah-222v-6s1p-xt60\/#breadcrumb\",\"itemListElement\":[{\"@type\":\"ListItem\",\"position\":1,\"name\":\"Strona g\u0142\u00f3wna\",\"item\":\"https:\/\/ironsky.pl\/sklep\/\"},{\"@type\":\"ListItem\",\"position\":2,\"name\":\"Wszystkie produkty\",\"item\":\"https:\/\/ironsky.pl\/sklep\/produkty\/\"},{\"@type\":\"ListItem\",\"position\":3,\"name\":\"Akumulator TATTU R-Line v3.0 1300mAh 22,2V 6S1P XT60\"}]},{\"@type\":\"WebSite\",\"@id\":\"https:\/\/ironsky.pl\/sklep\/#website\",\"url\":\"https:\/\/ironsky.pl\/sklep\/\",\"name\":\"IRONSKY.PL Sklep z Dronami\",\"description\":\"IRONSKY.PL Sklep z Dronami\",\"potentialAction\":[{\"@type\":\"SearchAction\",\"target\":{\"@type\":\"EntryPoint\",\"urlTemplate\":\"https:\/\/ironsky.pl\/sklep\/?s={search_term_string}\"},\"query-input\":{\"@type\":\"PropertyValueSpecification\",\"valueRequired\":true,\"valueName\":\"search_term_string\"}}],\"inLanguage\":\"pl-PL\"}]}<\/script>\n<!-- \/ Yoast SEO plugin. -->","yoast_head_json":{"title":"Akumulator TATTU R-Line v3.0 1300mAh 22,2V 6S1P XT60 - IRONSKY.PL Sklep z Dronami","description":"Akumulator TATTU R-Line v3.0 1300mAh 22,2V 6S1P XT60 - \u2705 sklep z dronami i fachowym doradztwem. \u2705 Tutaj kupisz produkty DJI, Yuneec, Parrot, Syma i wiele innych, a tak\u017ce kursy i licencje na operatora drona.","robots":{"index":"index","follow":"follow","max-snippet":"max-snippet:-1","max-image-preview":"max-image-preview:large","max-video-preview":"max-video-preview:-1"},"canonical":"https:\/\/ironsky.pl\/sklep\/produkt\/akumulator-tattu-r-line-v3-0-1300mah-222v-6s1p-xt60\/","og_locale":"pl_PL","og_type":"article","og_title":"Akumulator TATTU R-Line v3.0 1300mAh 22,2V 6S1P XT60 - IRONSKY.PL Sklep z Dronami","og_description":"Akumulator TATTU R-Line v3.0 1300mAh 22,2V 6S1P XT60 - \u2705 sklep z dronami i fachowym doradztwem. \u2705 Tutaj kupisz produkty DJI, Yuneec, Parrot, Syma i wiele innych, a tak\u017ce kursy i licencje na operatora drona.","og_url":"https:\/\/ironsky.pl\/sklep\/produkt\/akumulator-tattu-r-line-v3-0-1300mah-222v-6s1p-xt60\/","og_site_name":"IRONSKY.PL Sklep z Dronami","article_modified_time":"2026-04-15T08:46:13+00:00","og_image":[{"width":800,"height":800,"url":"https:\/\/ironsky.pl\/sklep\/wp-content\/uploads\/2026\/04\/21794_1.jpg","type":"image\/jpeg"}],"twitter_card":"summary_large_image","twitter_misc":{"Szacowany czas czytania":"1 minuta"},"schema":{"@context":"https:\/\/schema.org","@graph":[{"@type":"WebPage","@id":"https:\/\/ironsky.pl\/sklep\/produkt\/akumulator-tattu-r-line-v3-0-1300mah-222v-6s1p-xt60\/","url":"https:\/\/ironsky.pl\/sklep\/produkt\/akumulator-tattu-r-line-v3-0-1300mah-222v-6s1p-xt60\/","name":"Akumulator TATTU R-Line v3.0 1300mAh 22,2V 6S1P XT60 - IRONSKY.PL Sklep z Dronami","isPartOf":{"@id":"https:\/\/ironsky.pl\/sklep\/#website"},"primaryImageOfPage":{"@id":"https:\/\/ironsky.pl\/sklep\/produkt\/akumulator-tattu-r-line-v3-0-1300mah-222v-6s1p-xt60\/#primaryimage"},"image":{"@id":"https:\/\/ironsky.pl\/sklep\/produkt\/akumulator-tattu-r-line-v3-0-1300mah-222v-6s1p-xt60\/#primaryimage"},"thumbnailUrl":"https:\/\/ironsky.pl\/sklep\/wp-content\/uploads\/2026\/04\/21794_1.jpg","datePublished":"2026-04-15T08:08:27+00:00","dateModified":"2026-04-15T08:46:13+00:00","description":"Akumulator TATTU R-Line v3.0 1300mAh 22,2V 6S1P XT60 - \u2705 sklep z dronami i fachowym doradztwem. \u2705 Tutaj kupisz produkty DJI, Yuneec, Parrot, Syma i wiele innych, a tak\u017ce kursy i licencje na operatora drona.","breadcrumb":{"@id":"https:\/\/ironsky.pl\/sklep\/produkt\/akumulator-tattu-r-line-v3-0-1300mah-222v-6s1p-xt60\/#breadcrumb"},"inLanguage":"pl-PL","potentialAction":[{"@type":"ReadAction","target":["https:\/\/ironsky.pl\/sklep\/produkt\/akumulator-tattu-r-line-v3-0-1300mah-222v-6s1p-xt60\/"]}]},{"@type":"ImageObject","inLanguage":"pl-PL","@id":"https:\/\/ironsky.pl\/sklep\/produkt\/akumulator-tattu-r-line-v3-0-1300mah-222v-6s1p-xt60\/#primaryimage","url":"https:\/\/ironsky.pl\/sklep\/wp-content\/uploads\/2026\/04\/21794_1.jpg","contentUrl":"https:\/\/ironsky.pl\/sklep\/wp-content\/uploads\/2026\/04\/21794_1.jpg","width":800,"height":800},{"@type":"BreadcrumbList","@id":"https:\/\/ironsky.pl\/sklep\/produkt\/akumulator-tattu-r-line-v3-0-1300mah-222v-6s1p-xt60\/#breadcrumb","itemListElement":[{"@type":"ListItem","position":1,"name":"Strona g\u0142\u00f3wna","item":"https:\/\/ironsky.pl\/sklep\/"},{"@type":"ListItem","position":2,"name":"Wszystkie produkty","item":"https:\/\/ironsky.pl\/sklep\/produkty\/"},{"@type":"ListItem","position":3,"name":"Akumulator TATTU R-Line v3.0 1300mAh 22,2V 6S1P XT60"}]},{"@type":"WebSite","@id":"https:\/\/ironsky.pl\/sklep\/#website","url":"https:\/\/ironsky.pl\/sklep\/","name":"IRONSKY.PL Sklep z Dronami","description":"IRONSKY.PL Sklep z Dronami","potentialAction":[{"@type":"SearchAction","target":{"@type":"EntryPoint","urlTemplate":"https:\/\/ironsky.pl\/sklep\/?s={search_term_string}"},"query-input":{"@type":"PropertyValueSpecification","valueRequired":true,"valueName":"search_term_string"}}],"inLanguage":"pl-PL"}]}},"_links":{"self":[{"href":"https:\/\/ironsky.pl\/sklep\/wp-json\/wp\/v2\/product\/55846","targetHints":{"allow":["GET"]}}],"collection":[{"href":"https:\/\/ironsky.pl\/sklep\/wp-json\/wp\/v2\/product"}],"about":[{"href":"https:\/\/ironsky.pl\/sklep\/wp-json\/wp\/v2\/types\/product"}],"replies":[{"embeddable":true,"href":"https:\/\/ironsky.pl\/sklep\/wp-json\/wp\/v2\/comments?post=55846"}],"wp:featuredmedia":[{"embeddable":true,"href":"https:\/\/ironsky.pl\/sklep\/wp-json\/wp\/v2\/media\/55847"}],"wp:attachment":[{"href":"https:\/\/ironsky.pl\/sklep\/wp-json\/wp\/v2\/media?parent=55846"}],"wp:term":[{"taxonomy":"product_brand","embeddable":true,"href":"https:\/\/ironsky.pl\/sklep\/wp-json\/wp\/v2\/product_brand?post=55846"},{"taxonomy":"product_cat","embeddable":true,"href":"https:\/\/ironsky.pl\/sklep\/wp-json\/wp\/v2\/product_cat?post=55846"},{"taxonomy":"product_tag","embeddable":true,"href":"https:\/\/ironsky.pl\/sklep\/wp-json\/wp\/v2\/product_tag?post=55846"}],"curies":[{"name":"wp","href":"https:\/\/api.w.org\/{rel}","templated":true}]}}