{"id":55839,"date":"2026-04-15T10:08:27","date_gmt":"2026-04-15T08:08:27","guid":{"rendered":"https:\/\/ironsky.pl\/sklep\/produkt\/ladowarka-3-kanalowa-telesin-allin-box-do-gopro-hero-9-12\/"},"modified":"2026-04-15T10:46:10","modified_gmt":"2026-04-15T08:46:10","slug":"ladowarka-3-kanalowa-telesin-allin-box-do-gopro-hero-9-12","status":"publish","type":"product","link":"https:\/\/ironsky.pl\/sklep\/produkt\/ladowarka-3-kanalowa-telesin-allin-box-do-gopro-hero-9-12\/","title":{"rendered":"\u0141adowarka 3-kana\u0142owa TELESIN Allin box do GoPro Hero 9-12"},"content":{"rendered":"<h3>Wodoodporna \u0142adowarka tr\u00f3jkana\u0142owa Telesin Allin box do GoPro Hero 12 \/ 11 \/ 10 \/ 9<\/h3>\n<p>To praktyczne, kompaktowe akcesorium pozwala szybko na\u0142adowa\u0107 3 akumulatory jednocze\u015bnie do GoPro Hero 12 \/ Hero 11\u00a0\/ Hero 10 \/ Hero 9. Sprawdzi si\u0119 r\u00f3wnie\u017c jako czytnik kart TF, za pomoc\u0105 kt\u00f3rego b\u0142yskawicznie prze\u015blesz pliki. Dzi\u0119ki wodoodporno\u015bci IP54 mo\u017cesz z niej korzysta\u0107 na co dzie\u0144. Dodatkowo do produkcji akcesorium wykorzystano przyjazne dla \u015brodowiska materia\u0142y.<\/p>\n<p><img decoding=\"async\" src=\"https:\/\/b2b.innpro.pl\/data\/include\/cms\/Telesin\/GP-BTR-904-GY\/1.jpg\" border=\"0\" \/><\/p>\n<h3>Szybkie \u0142adowanie<\/h3>\n<p>Dzi\u0119ki funkcji szybkiego \u0142adowania Twoja kamera GoPro Hero 12 \/ Hero 11 \/ Hero 10 \/ Hero 9\u00a0b\u0119dzie szybko gotowa do dalszej pracy. \u0141adowarka pozwala na\u0142adowa\u0107 3 akumulatory jednocze\u015bnie, a ich \u0142adowanie trwa oko\u0142o 2,5 godziny.<\/p>\n<p><img decoding=\"async\" src=\"https:\/\/b2b.innpro.pl\/data\/include\/cms\/Telesin\/GP-BTR-904-GY\/7.jpg\" border=\"0\" \/><\/p>\n<h3>Akcesorium 2w1<\/h3>\n<p>\u0141adowarka\u00a0ma jeszcze jedn\u0105 funkcj\u0119, s\u0142u\u017cy jako czytnik kart TF. Obs\u0142uguje protok\u00f3\u0142 szybkiego transferu plik\u00f3w przez USB z pr\u0119dko\u015bci\u0105 do 20 MB\/s. Na skopiowanie 1GB danych wystarczy jej zaledwie minuta!<\/p>\n<p><img decoding=\"async\" src=\"https:\/\/b2b.innpro.pl\/data\/include\/cms\/Telesin\/GP-BTR-904-GY\/6.jpg\" border=\"0\" \/><\/p>\n<h3>Odporna na wod\u0119<\/h3>\n<p>\u0141adowarka Telesin posiada IP54 stopie\u0144 odporno\u015bci na wod\u0119, dzi\u0119ki czemu mo\u017cesz z niej swobodnie korzysta\u0107 bez obaw o uszkodzenie. Teraz mo\u017cesz odnowi\u0107 energi\u0119 GoPro Hero 9\/10\/11\/12 w ka\u017cdej chwili, bez wzgl\u0119du na to, gdzie nagrywasz.<\/p>\n<p><img decoding=\"async\" src=\"https:\/\/b2b.innpro.pl\/data\/include\/cms\/Telesin\/GP-BTR-904-GY\/5.jpg\" border=\"0\" \/><\/p>\n<h3>Funkcjonalny design<\/h3>\n<p>Akcesorium jest zar\u00f3wno stylowe, jak i funkcjonalne. Waga zaledwie 147.6g i kompaktowe wymiary\u00a0umo\u017cliwiaj\u0105 jego wygodne\u00a0przechowywanie. Z powodzeniem zmie\u015bcisz je w plecaku lub torbie. Transport u\u0142atwia do\u0142\u0105czona smycz, kt\u00f3r\u0105 przypniesz do\u00a0torebki lub zawiesisz sobie na palcu. Produkt zosta\u0142 wykonany z przyjaznych dla \u015brodowiska materia\u0142\u00f3w, kt\u00f3re wyr\u00f3\u017cnia wysoka wytrzyma\u0142o\u015b\u0107 oraz odporno\u015b\u0107 na ogie\u0144, uderzenia i ewentualne uszkodzenia.<\/p>\n<p><img decoding=\"async\" src=\"https:\/\/b2b.innpro.pl\/data\/include\/cms\/Telesin\/GP-BTR-904-GY\/3.jpg\" border=\"0\" \/><\/p>\n<h3>Zawarto\u015b\u0107 zestawu<\/h3>\n<ul>\n<li>\u0141adowarka Telesin\u00a0<\/li>\n<li>Kabel do \u0142adowania USB-C<\/li>\n<\/ul>\n<div class=\"table-wrapper\">\n<table style=\"height: 562px;\" width=\"402\">\n<tbody>\n<tr>\n<th>Producent<\/th>\n<td>Telesin<\/td>\n<\/tr>\n<tr>\n<th>Model<\/th>\n<td>GP-BTR-904-GY<\/td>\n<\/tr>\n<tr>\n<th>Przesy\u0142 danych<\/th>\n<td>20 MB\/s<\/td>\n<\/tr>\n<tr>\n<th>Waga<\/th>\n<td>147,6g<\/td>\n<\/tr>\n<tr>\n<th>Wymiary<\/th>\n<td>72.9 x 68.2 x 82.9mm<\/td>\n<\/tr>\n<tr>\n<th>\n<p>Kompatybilno\u015b\u0107<\/p>\n<\/th>\n<td>\n<p>GoPro Hero 12<\/p>\n<p>GoPro Hero 11<\/p>\n<p>GoPro Hero 10<\/p>\n<p><span>GoPro Hero 9<\/span><\/p>\n<\/td>\n<\/tr>\n<tr>\n<th>Interfejs<\/th>\n<td>USB-C<\/td>\n<\/tr>\n<tr>\n<th>Port wej\u015bciowy<\/th>\n<td>microUSB<\/td>\n<\/tr>\n<tr>\n<th>Napi\u0119cie wej\u015bciowe<\/th>\n<td>5V \/ 2A<\/td>\n<\/tr>\n<tr>\n<th>Napi\u0119cie wyj\u015bciowe<\/th>\n<td>4.4V, 800mA<\/td>\n<\/tr>\n<tr>\n<th>Czas \u0142adowania<\/th>\n<td>ok. 2.5g<\/td>\n<\/tr>\n<tr>\n<th>Protok\u00f3\u0142 transmisji<\/th>\n<td>USB 2.0<\/td>\n<\/tr>\n<tr>\n<th>Materia\u0142<\/th>\n<td>ognioodporny PC, silikon<\/td>\n<\/tr>\n<tr>\n<th>Kolor<\/th>\n<td>szary<\/td>\n<\/tr>\n<\/tbody>\n<\/table>\n<\/div>\n","protected":false},"excerpt":{"rendered":"<p>Wodoodporna \u0142adowarka tr\u00f3jkana\u0142owa Telesin Allin box do GoPro Hero 12 \/ 11 \/ 10 \/ 9 To praktyczne, kompaktowe akcesorium<\/p>\n","protected":false},"featured_media":55840,"comment_status":"closed","ping_status":"open","template":"","meta":{"_acf_changed":false},"product_brand":[],"product_cat":[1130,1137,1128],"product_tag":[],"class_list":{"0":"post-55839","1":"product","2":"type-product","3":"status-publish","4":"has-post-thumbnail","6":"product_cat-akcesoria-foto","7":"product_cat-do-kamer-sportowych","8":"product_cat-foto-wideo","9":"pa_okres-gwarancji-5754","10":"pa_producent-telesin","12":"first","13":"outofstock","14":"taxable","15":"shipping-taxable","16":"purchasable","17":"product-type-simple"},"acf":[],"yoast_head":"<!-- This site is optimized with the Yoast SEO plugin v27.2 - https:\/\/yoast.com\/product\/yoast-seo-wordpress\/ -->\n<title>\u0141adowarka 3-kana\u0142owa TELESIN Allin box do GoPro Hero 9-12 - IRONSKY.PL Sklep z Dronami<\/title>\n<meta name=\"description\" content=\"\u0141adowarka 3-kana\u0142owa TELESIN Allin box do GoPro Hero 9-12 - \u2705 sklep z dronami i fachowym doradztwem. \u2705 Tutaj kupisz produkty DJI, Yuneec, Parrot, Syma i wiele innych, a tak\u017ce kursy i licencje na operatora drona.\" \/>\n<meta name=\"robots\" content=\"index, follow, max-snippet:-1, max-image-preview:large, max-video-preview:-1\" \/>\n<link rel=\"canonical\" href=\"https:\/\/ironsky.pl\/sklep\/produkt\/ladowarka-3-kanalowa-telesin-allin-box-do-gopro-hero-9-12\/\" \/>\n<meta property=\"og:locale\" content=\"pl_PL\" \/>\n<meta property=\"og:type\" content=\"article\" \/>\n<meta property=\"og:title\" content=\"\u0141adowarka 3-kana\u0142owa TELESIN Allin box do GoPro Hero 9-12 - IRONSKY.PL Sklep z Dronami\" \/>\n<meta property=\"og:description\" content=\"\u0141adowarka 3-kana\u0142owa TELESIN Allin box do GoPro Hero 9-12 - \u2705 sklep z dronami i fachowym doradztwem. \u2705 Tutaj kupisz produkty DJI, Yuneec, Parrot, Syma i wiele innych, a tak\u017ce kursy i licencje na operatora drona.\" \/>\n<meta property=\"og:url\" content=\"https:\/\/ironsky.pl\/sklep\/produkt\/ladowarka-3-kanalowa-telesin-allin-box-do-gopro-hero-9-12\/\" \/>\n<meta property=\"og:site_name\" content=\"IRONSKY.PL Sklep z Dronami\" \/>\n<meta property=\"article:modified_time\" content=\"2026-04-15T08:46:10+00:00\" \/>\n<meta property=\"og:image\" content=\"https:\/\/ironsky.pl\/sklep\/wp-content\/uploads\/2026\/04\/21682_5.jpg\" \/>\n\t<meta property=\"og:image:width\" content=\"1000\" \/>\n\t<meta property=\"og:image:height\" content=\"1000\" \/>\n\t<meta property=\"og:image:type\" content=\"image\/jpeg\" \/>\n<meta name=\"twitter:card\" content=\"summary_large_image\" \/>\n<meta name=\"twitter:label1\" content=\"Szacowany czas czytania\" \/>\n\t<meta name=\"twitter:data1\" content=\"2 minuty\" \/>\n<script type=\"application\/ld+json\" class=\"yoast-schema-graph\">{\"@context\":\"https:\/\/schema.org\",\"@graph\":[{\"@type\":\"WebPage\",\"@id\":\"https:\/\/ironsky.pl\/sklep\/produkt\/ladowarka-3-kanalowa-telesin-allin-box-do-gopro-hero-9-12\/\",\"url\":\"https:\/\/ironsky.pl\/sklep\/produkt\/ladowarka-3-kanalowa-telesin-allin-box-do-gopro-hero-9-12\/\",\"name\":\"\u0141adowarka 3-kana\u0142owa TELESIN Allin box do GoPro Hero 9-12 - IRONSKY.PL Sklep z Dronami\",\"isPartOf\":{\"@id\":\"https:\/\/ironsky.pl\/sklep\/#website\"},\"primaryImageOfPage\":{\"@id\":\"https:\/\/ironsky.pl\/sklep\/produkt\/ladowarka-3-kanalowa-telesin-allin-box-do-gopro-hero-9-12\/#primaryimage\"},\"image\":{\"@id\":\"https:\/\/ironsky.pl\/sklep\/produkt\/ladowarka-3-kanalowa-telesin-allin-box-do-gopro-hero-9-12\/#primaryimage\"},\"thumbnailUrl\":\"https:\/\/ironsky.pl\/sklep\/wp-content\/uploads\/2026\/04\/21682_5.jpg\",\"datePublished\":\"2026-04-15T08:08:27+00:00\",\"dateModified\":\"2026-04-15T08:46:10+00:00\",\"description\":\"\u0141adowarka 3-kana\u0142owa TELESIN Allin box do GoPro Hero 9-12 - \u2705 sklep z dronami i fachowym doradztwem. \u2705 Tutaj kupisz produkty DJI, Yuneec, Parrot, Syma i wiele innych, a tak\u017ce kursy i licencje na operatora drona.\",\"breadcrumb\":{\"@id\":\"https:\/\/ironsky.pl\/sklep\/produkt\/ladowarka-3-kanalowa-telesin-allin-box-do-gopro-hero-9-12\/#breadcrumb\"},\"inLanguage\":\"pl-PL\",\"potentialAction\":[{\"@type\":\"ReadAction\",\"target\":[\"https:\/\/ironsky.pl\/sklep\/produkt\/ladowarka-3-kanalowa-telesin-allin-box-do-gopro-hero-9-12\/\"]}]},{\"@type\":\"ImageObject\",\"inLanguage\":\"pl-PL\",\"@id\":\"https:\/\/ironsky.pl\/sklep\/produkt\/ladowarka-3-kanalowa-telesin-allin-box-do-gopro-hero-9-12\/#primaryimage\",\"url\":\"https:\/\/ironsky.pl\/sklep\/wp-content\/uploads\/2026\/04\/21682_5.jpg\",\"contentUrl\":\"https:\/\/ironsky.pl\/sklep\/wp-content\/uploads\/2026\/04\/21682_5.jpg\",\"width\":1000,\"height\":1000},{\"@type\":\"BreadcrumbList\",\"@id\":\"https:\/\/ironsky.pl\/sklep\/produkt\/ladowarka-3-kanalowa-telesin-allin-box-do-gopro-hero-9-12\/#breadcrumb\",\"itemListElement\":[{\"@type\":\"ListItem\",\"position\":1,\"name\":\"Strona g\u0142\u00f3wna\",\"item\":\"https:\/\/ironsky.pl\/sklep\/\"},{\"@type\":\"ListItem\",\"position\":2,\"name\":\"Wszystkie produkty\",\"item\":\"https:\/\/ironsky.pl\/sklep\/produkty\/\"},{\"@type\":\"ListItem\",\"position\":3,\"name\":\"\u0141adowarka 3-kana\u0142owa TELESIN Allin box do GoPro Hero 9-12\"}]},{\"@type\":\"WebSite\",\"@id\":\"https:\/\/ironsky.pl\/sklep\/#website\",\"url\":\"https:\/\/ironsky.pl\/sklep\/\",\"name\":\"IRONSKY.PL Sklep z Dronami\",\"description\":\"IRONSKY.PL Sklep z Dronami\",\"potentialAction\":[{\"@type\":\"SearchAction\",\"target\":{\"@type\":\"EntryPoint\",\"urlTemplate\":\"https:\/\/ironsky.pl\/sklep\/?s={search_term_string}\"},\"query-input\":{\"@type\":\"PropertyValueSpecification\",\"valueRequired\":true,\"valueName\":\"search_term_string\"}}],\"inLanguage\":\"pl-PL\"}]}<\/script>\n<!-- \/ Yoast SEO plugin. -->","yoast_head_json":{"title":"\u0141adowarka 3-kana\u0142owa TELESIN Allin box do GoPro Hero 9-12 - IRONSKY.PL Sklep z Dronami","description":"\u0141adowarka 3-kana\u0142owa TELESIN Allin box do GoPro Hero 9-12 - \u2705 sklep z dronami i fachowym doradztwem. \u2705 Tutaj kupisz produkty DJI, Yuneec, Parrot, Syma i wiele innych, a tak\u017ce kursy i licencje na operatora drona.","robots":{"index":"index","follow":"follow","max-snippet":"max-snippet:-1","max-image-preview":"max-image-preview:large","max-video-preview":"max-video-preview:-1"},"canonical":"https:\/\/ironsky.pl\/sklep\/produkt\/ladowarka-3-kanalowa-telesin-allin-box-do-gopro-hero-9-12\/","og_locale":"pl_PL","og_type":"article","og_title":"\u0141adowarka 3-kana\u0142owa TELESIN Allin box do GoPro Hero 9-12 - IRONSKY.PL Sklep z Dronami","og_description":"\u0141adowarka 3-kana\u0142owa TELESIN Allin box do GoPro Hero 9-12 - \u2705 sklep z dronami i fachowym doradztwem. \u2705 Tutaj kupisz produkty DJI, Yuneec, Parrot, Syma i wiele innych, a tak\u017ce kursy i licencje na operatora drona.","og_url":"https:\/\/ironsky.pl\/sklep\/produkt\/ladowarka-3-kanalowa-telesin-allin-box-do-gopro-hero-9-12\/","og_site_name":"IRONSKY.PL Sklep z Dronami","article_modified_time":"2026-04-15T08:46:10+00:00","og_image":[{"width":1000,"height":1000,"url":"https:\/\/ironsky.pl\/sklep\/wp-content\/uploads\/2026\/04\/21682_5.jpg","type":"image\/jpeg"}],"twitter_card":"summary_large_image","twitter_misc":{"Szacowany czas czytania":"2 minuty"},"schema":{"@context":"https:\/\/schema.org","@graph":[{"@type":"WebPage","@id":"https:\/\/ironsky.pl\/sklep\/produkt\/ladowarka-3-kanalowa-telesin-allin-box-do-gopro-hero-9-12\/","url":"https:\/\/ironsky.pl\/sklep\/produkt\/ladowarka-3-kanalowa-telesin-allin-box-do-gopro-hero-9-12\/","name":"\u0141adowarka 3-kana\u0142owa TELESIN Allin box do GoPro Hero 9-12 - IRONSKY.PL Sklep z Dronami","isPartOf":{"@id":"https:\/\/ironsky.pl\/sklep\/#website"},"primaryImageOfPage":{"@id":"https:\/\/ironsky.pl\/sklep\/produkt\/ladowarka-3-kanalowa-telesin-allin-box-do-gopro-hero-9-12\/#primaryimage"},"image":{"@id":"https:\/\/ironsky.pl\/sklep\/produkt\/ladowarka-3-kanalowa-telesin-allin-box-do-gopro-hero-9-12\/#primaryimage"},"thumbnailUrl":"https:\/\/ironsky.pl\/sklep\/wp-content\/uploads\/2026\/04\/21682_5.jpg","datePublished":"2026-04-15T08:08:27+00:00","dateModified":"2026-04-15T08:46:10+00:00","description":"\u0141adowarka 3-kana\u0142owa TELESIN Allin box do GoPro Hero 9-12 - \u2705 sklep z dronami i fachowym doradztwem. \u2705 Tutaj kupisz produkty DJI, Yuneec, Parrot, Syma i wiele innych, a tak\u017ce kursy i licencje na operatora drona.","breadcrumb":{"@id":"https:\/\/ironsky.pl\/sklep\/produkt\/ladowarka-3-kanalowa-telesin-allin-box-do-gopro-hero-9-12\/#breadcrumb"},"inLanguage":"pl-PL","potentialAction":[{"@type":"ReadAction","target":["https:\/\/ironsky.pl\/sklep\/produkt\/ladowarka-3-kanalowa-telesin-allin-box-do-gopro-hero-9-12\/"]}]},{"@type":"ImageObject","inLanguage":"pl-PL","@id":"https:\/\/ironsky.pl\/sklep\/produkt\/ladowarka-3-kanalowa-telesin-allin-box-do-gopro-hero-9-12\/#primaryimage","url":"https:\/\/ironsky.pl\/sklep\/wp-content\/uploads\/2026\/04\/21682_5.jpg","contentUrl":"https:\/\/ironsky.pl\/sklep\/wp-content\/uploads\/2026\/04\/21682_5.jpg","width":1000,"height":1000},{"@type":"BreadcrumbList","@id":"https:\/\/ironsky.pl\/sklep\/produkt\/ladowarka-3-kanalowa-telesin-allin-box-do-gopro-hero-9-12\/#breadcrumb","itemListElement":[{"@type":"ListItem","position":1,"name":"Strona g\u0142\u00f3wna","item":"https:\/\/ironsky.pl\/sklep\/"},{"@type":"ListItem","position":2,"name":"Wszystkie produkty","item":"https:\/\/ironsky.pl\/sklep\/produkty\/"},{"@type":"ListItem","position":3,"name":"\u0141adowarka 3-kana\u0142owa TELESIN Allin box do GoPro Hero 9-12"}]},{"@type":"WebSite","@id":"https:\/\/ironsky.pl\/sklep\/#website","url":"https:\/\/ironsky.pl\/sklep\/","name":"IRONSKY.PL Sklep z Dronami","description":"IRONSKY.PL Sklep z Dronami","potentialAction":[{"@type":"SearchAction","target":{"@type":"EntryPoint","urlTemplate":"https:\/\/ironsky.pl\/sklep\/?s={search_term_string}"},"query-input":{"@type":"PropertyValueSpecification","valueRequired":true,"valueName":"search_term_string"}}],"inLanguage":"pl-PL"}]}},"_links":{"self":[{"href":"https:\/\/ironsky.pl\/sklep\/wp-json\/wp\/v2\/product\/55839","targetHints":{"allow":["GET"]}}],"collection":[{"href":"https:\/\/ironsky.pl\/sklep\/wp-json\/wp\/v2\/product"}],"about":[{"href":"https:\/\/ironsky.pl\/sklep\/wp-json\/wp\/v2\/types\/product"}],"replies":[{"embeddable":true,"href":"https:\/\/ironsky.pl\/sklep\/wp-json\/wp\/v2\/comments?post=55839"}],"wp:featuredmedia":[{"embeddable":true,"href":"https:\/\/ironsky.pl\/sklep\/wp-json\/wp\/v2\/media\/55840"}],"wp:attachment":[{"href":"https:\/\/ironsky.pl\/sklep\/wp-json\/wp\/v2\/media?parent=55839"}],"wp:term":[{"taxonomy":"product_brand","embeddable":true,"href":"https:\/\/ironsky.pl\/sklep\/wp-json\/wp\/v2\/product_brand?post=55839"},{"taxonomy":"product_cat","embeddable":true,"href":"https:\/\/ironsky.pl\/sklep\/wp-json\/wp\/v2\/product_cat?post=55839"},{"taxonomy":"product_tag","embeddable":true,"href":"https:\/\/ironsky.pl\/sklep\/wp-json\/wp\/v2\/product_tag?post=55839"}],"curies":[{"name":"wp","href":"https:\/\/api.w.org\/{rel}","templated":true}]}}