{"id":55834,"date":"2026-04-15T10:08:27","date_gmt":"2026-04-15T08:08:27","guid":{"rendered":"https:\/\/ironsky.pl\/sklep\/produkt\/ladowarka-3-kanalowa-telesin-box-do-gopro-hero-5-8-2-aku\/"},"modified":"2026-04-15T10:08:34","modified_gmt":"2026-04-15T08:08:34","slug":"ladowarka-3-kanalowa-telesin-box-do-gopro-hero-5-8-2-aku","status":"publish","type":"product","link":"https:\/\/ironsky.pl\/sklep\/produkt\/ladowarka-3-kanalowa-telesin-box-do-gopro-hero-5-8-2-aku\/","title":{"rendered":"\u0141adowarka 3-kana\u0142owa TELESIN Box do GoPro Hero 5-8 +2 aku"},"content":{"rendered":"<h3>\u0141adowarka tr\u00f3jkana\u0142owa Telesin Box dla GoPro Hero 5\/6\/7\/8 + 2 akumulatory (GP-BNC-801)<\/h3>\n<p>Zestaw GP-BNC-801 od Telesin rozwi\u0105\u017ce problemy z \u0142adowaniem baterii do GoPro Hero 5\/6\/7\/8. \u0141adowarka nie tylko umo\u017cliwia szybkie odnowienie baterii kamery, ale r\u00f3wnie\u017c pozwala przechowa\u0107 je, aby zapobiec zgubieniu. Dzi\u0119ki GP-BNC-801 mo\u017cesz wygodnie na\u0142adowa\u0107 3 akumulatory GoPro Hero 5\/6\/7\/8 jednocze\u015bnie, r\u00f3wnie\u017c podczas podr\u00f3\u017cy, pod\u0142\u0105czaj\u0105c akcesorium do \u0142adowarki samochodowej, powerbanka, lub komputera.<\/p>\n<p>\n<img decoding=\"async\" src=\"https:\/\/assets.innpro.pl\/15485\/19474\/6.jpg\" border=\"0\" alt=\"\" \/>\n<\/p>\n<h3>Szybkie i bezpieczne \u0142adowanie<\/h3>\n<p>Zale\u017cy Ci na szybkim odnowieniu energii GoPro hero 5\/6\/7\/8? Z \u0142adowark\u0105 Telesin jest to mo\u017cliwe! Dzi\u0119ki stabilnemu napi\u0119ciu 4.3V 800mA w oko\u0142o 1.5 godziny na\u0142adujesz 3 akumulatory jednocze\u015bnie. Czerwone i zielone wska\u017aniki poinformuj\u0105 Ci\u0119 o statusie \u0142adowania ka\u017cdej z baterii. Ponadto \u0142adowarka posiada szereg zabezpiecze\u0144, dzi\u0119ki kt\u00f3rym \u0142adowanie jest bezpieczne. Akcesorium chroni przed nadmiernym roz\u0142adowaniem, prze\u0142adowaniem, zwarciem, przet\u0119\u017ceniem pr\u0105du, przepi\u0119ciem, przegrzaniem, itp.<\/p>\n<p>\n<img decoding=\"async\" src=\"https:\/\/assets.innpro.pl\/15485\/19474\/4.jpg\" border=\"0\" alt=\"\" \/>\n<\/p>\n<h3>Baterie w zestawie<\/h3>\n<p>Wysokiej g\u0119sto\u015bci baterie litowo-jonowe s\u0105 wytrzyma\u0142e i doskonale pasuj\u0105 do \u0142adowarki ze wzgl\u0119du na te same wymiary, co oryginalne baterie. Mo\u017cesz z nich korzysta\u0107 r\u00f3wnie\u017c przy niskich temperaturach. Nagrywanie w rozdzielczo\u015bci 4K30 przy -20\u00b0C pozwala na utworzenie oko\u0142o 67min materia\u0142u, czyli prawie tyle samo co w przypadku oryginalnej baterii. Co wi\u0119cej, pojemno\u015b\u0107 baterii 1220mAh (ka\u017cda) zapewnia do 120min pracy. Zosta\u0142y wykonane z ognioodpornego materia\u0142u, wi\u0119c korzystanie z nich jest bezpieczne.<\/p>\n<p>\n<img decoding=\"async\" src=\"https:\/\/assets.innpro.pl\/15485\/19474\/1.jpg\" border=\"0\" alt=\"\" \/>\n<\/p>\n<h3>\u0141aduj tak jak chcesz<\/h3>\n<p>\u0141adowarka posiada port USB-C, dzi\u0119ki czemu mo\u017cesz do niej pod\u0142\u0105czy\u0107 wiele urz\u0105dze\u0144 i na\u0142adowa\u0107 baterie. Energi\u0119 baterii do GoPro Hero 5\/6\/7\/8 odnowisz za pomoc\u0105 \u0142adowarki, powerbanka, laptopa, komputera PC, tabletu, itp.<\/p>\n<p>\n<img decoding=\"async\" src=\"https:\/\/assets.innpro.pl\/15485\/19474\/3.jpg\" border=\"0\" alt=\"\" \/>\n<\/p>\n<h3>Zawarto\u015b\u0107 zestawu<\/h3>\n<ul class=\"list-disc pl-5\">\n<li>\u0141adowarka do GoPro Hero 5\/6\/7\/8<\/li>\n<li>2 akumulatory do GoPro Hero 5\/6\/7\/8<\/li>\n<li>Kabel \u0142adowania USB-C<\/li>\n<\/ul>\n<div class=\"table-wrapper\">\n<p>\u00a0<\/p>\n<h3><\/h3>\n<table>\n<tbody>\n<tr>\n<th>Producent<\/th>\n<td>Telesin<\/td>\n<\/tr>\n<tr>\n<th>Model<\/th>\n<td>GP-BNC-801<\/td>\n<\/tr>\n<tr>\n<th>Napi\u0119cie wej\u015bciowe (\u0142adowarka)<\/th>\n<td>5V \/ 3A<\/td>\n<\/tr>\n<tr>\n<th>Napi\u0119cie wyj\u015bciowe (\u0142adowarka)<\/th>\n<td>4.3V, 800mA<\/td>\n<\/tr>\n<tr>\n<th>Wymiary (\u0142adowarka)<\/th>\n<td>46 x 46 x 49 mm<\/td>\n<\/tr>\n<tr>\n<th>Pojemno\u015b\u0107 baterii<\/th>\n<td>1220mAh (ka\u017cda)<\/td>\n<\/tr>\n<tr>\n<th>Typ akumulatora<\/th>\n<td>litowo-jonowy<\/td>\n<\/tr>\n<tr>\n<th>Napi\u0119cie znamionowe (bateria)<\/th>\n<td>3.85V<\/td>\n<\/tr>\n<tr>\n<th>Czas pracy<\/th>\n<td>do 120min<\/td>\n<\/tr>\n<tr>\n<th>Wymiary (akumulator)<\/th>\n<td>35 x 30 x 10 mm<\/td>\n<\/tr>\n<tr>\n<th>Kolor<\/th>\n<td>czarny<\/td>\n<\/tr>\n<tr>\n<th>Kompatybilno\u015b\u0107<\/th>\n<td>Akumulatory do GoPro Hero 5\/6\/7\/8<\/td>\n<\/tr>\n<\/tbody>\n<\/table>\n<\/div>\n","protected":false},"excerpt":{"rendered":"<p>\u0141adowarka tr\u00f3jkana\u0142owa Telesin Box dla GoPro Hero 5\/6\/7\/8 + 2 akumulatory (GP-BNC-801) Zestaw GP-BNC-801 od Telesin rozwi\u0105\u017ce problemy z \u0142adowaniem<\/p>\n","protected":false},"featured_media":55835,"comment_status":"closed","ping_status":"open","template":"","meta":{"_acf_changed":false},"product_brand":[],"product_cat":[1130,1137,1128],"product_tag":[],"class_list":{"0":"post-55834","1":"product","2":"type-product","3":"status-publish","4":"has-post-thumbnail","6":"product_cat-akcesoria-foto","7":"product_cat-do-kamer-sportowych","8":"product_cat-foto-wideo","9":"pa_okres-gwarancji-5754","10":"pa_producent-telesin","12":"first","13":"outofstock","14":"taxable","15":"shipping-taxable","16":"purchasable","17":"product-type-simple"},"acf":[],"yoast_head":"<!-- This site is optimized with the Yoast SEO plugin v27.2 - https:\/\/yoast.com\/product\/yoast-seo-wordpress\/ -->\n<title>\u0141adowarka 3-kana\u0142owa TELESIN Box do GoPro Hero 5-8 +2 aku - IRONSKY.PL Sklep z Dronami<\/title>\n<meta name=\"description\" content=\"\u0141adowarka 3-kana\u0142owa TELESIN Box do GoPro Hero 5-8 +2 aku - \u2705 sklep z dronami i fachowym doradztwem. \u2705 Tutaj kupisz produkty DJI, Yuneec, Parrot, Syma i wiele innych, a tak\u017ce kursy i licencje na operatora drona.\" \/>\n<meta name=\"robots\" content=\"index, follow, max-snippet:-1, max-image-preview:large, max-video-preview:-1\" \/>\n<link rel=\"canonical\" href=\"https:\/\/ironsky.pl\/sklep\/produkt\/ladowarka-3-kanalowa-telesin-box-do-gopro-hero-5-8-2-aku\/\" \/>\n<meta property=\"og:locale\" content=\"pl_PL\" \/>\n<meta property=\"og:type\" content=\"article\" \/>\n<meta property=\"og:title\" content=\"\u0141adowarka 3-kana\u0142owa TELESIN Box do GoPro Hero 5-8 +2 aku - IRONSKY.PL Sklep z Dronami\" \/>\n<meta property=\"og:description\" content=\"\u0141adowarka 3-kana\u0142owa TELESIN Box do GoPro Hero 5-8 +2 aku - \u2705 sklep z dronami i fachowym doradztwem. \u2705 Tutaj kupisz produkty DJI, Yuneec, Parrot, Syma i wiele innych, a tak\u017ce kursy i licencje na operatora drona.\" \/>\n<meta property=\"og:url\" content=\"https:\/\/ironsky.pl\/sklep\/produkt\/ladowarka-3-kanalowa-telesin-box-do-gopro-hero-5-8-2-aku\/\" \/>\n<meta property=\"og:site_name\" content=\"IRONSKY.PL Sklep z Dronami\" \/>\n<meta property=\"article:modified_time\" content=\"2026-04-15T08:08:34+00:00\" \/>\n<meta property=\"og:image\" content=\"https:\/\/ironsky.pl\/sklep\/wp-content\/uploads\/2026\/04\/21674_1.png\" \/>\n\t<meta property=\"og:image:width\" content=\"680\" \/>\n\t<meta property=\"og:image:height\" content=\"612\" \/>\n\t<meta property=\"og:image:type\" content=\"image\/png\" \/>\n<meta name=\"twitter:card\" content=\"summary_large_image\" \/>\n<meta name=\"twitter:label1\" content=\"Szacowany czas czytania\" \/>\n\t<meta name=\"twitter:data1\" content=\"2 minuty\" \/>\n<script type=\"application\/ld+json\" class=\"yoast-schema-graph\">{\"@context\":\"https:\/\/schema.org\",\"@graph\":[{\"@type\":\"WebPage\",\"@id\":\"https:\/\/ironsky.pl\/sklep\/produkt\/ladowarka-3-kanalowa-telesin-box-do-gopro-hero-5-8-2-aku\/\",\"url\":\"https:\/\/ironsky.pl\/sklep\/produkt\/ladowarka-3-kanalowa-telesin-box-do-gopro-hero-5-8-2-aku\/\",\"name\":\"\u0141adowarka 3-kana\u0142owa TELESIN Box do GoPro Hero 5-8 +2 aku - IRONSKY.PL Sklep z Dronami\",\"isPartOf\":{\"@id\":\"https:\/\/ironsky.pl\/sklep\/#website\"},\"primaryImageOfPage\":{\"@id\":\"https:\/\/ironsky.pl\/sklep\/produkt\/ladowarka-3-kanalowa-telesin-box-do-gopro-hero-5-8-2-aku\/#primaryimage\"},\"image\":{\"@id\":\"https:\/\/ironsky.pl\/sklep\/produkt\/ladowarka-3-kanalowa-telesin-box-do-gopro-hero-5-8-2-aku\/#primaryimage\"},\"thumbnailUrl\":\"https:\/\/ironsky.pl\/sklep\/wp-content\/uploads\/2026\/04\/21674_1.png\",\"datePublished\":\"2026-04-15T08:08:27+00:00\",\"dateModified\":\"2026-04-15T08:08:34+00:00\",\"description\":\"\u0141adowarka 3-kana\u0142owa TELESIN Box do GoPro Hero 5-8 +2 aku - \u2705 sklep z dronami i fachowym doradztwem. \u2705 Tutaj kupisz produkty DJI, Yuneec, Parrot, Syma i wiele innych, a tak\u017ce kursy i licencje na operatora drona.\",\"breadcrumb\":{\"@id\":\"https:\/\/ironsky.pl\/sklep\/produkt\/ladowarka-3-kanalowa-telesin-box-do-gopro-hero-5-8-2-aku\/#breadcrumb\"},\"inLanguage\":\"pl-PL\",\"potentialAction\":[{\"@type\":\"ReadAction\",\"target\":[\"https:\/\/ironsky.pl\/sklep\/produkt\/ladowarka-3-kanalowa-telesin-box-do-gopro-hero-5-8-2-aku\/\"]}]},{\"@type\":\"ImageObject\",\"inLanguage\":\"pl-PL\",\"@id\":\"https:\/\/ironsky.pl\/sklep\/produkt\/ladowarka-3-kanalowa-telesin-box-do-gopro-hero-5-8-2-aku\/#primaryimage\",\"url\":\"https:\/\/ironsky.pl\/sklep\/wp-content\/uploads\/2026\/04\/21674_1.png\",\"contentUrl\":\"https:\/\/ironsky.pl\/sklep\/wp-content\/uploads\/2026\/04\/21674_1.png\",\"width\":680,\"height\":612},{\"@type\":\"BreadcrumbList\",\"@id\":\"https:\/\/ironsky.pl\/sklep\/produkt\/ladowarka-3-kanalowa-telesin-box-do-gopro-hero-5-8-2-aku\/#breadcrumb\",\"itemListElement\":[{\"@type\":\"ListItem\",\"position\":1,\"name\":\"Strona g\u0142\u00f3wna\",\"item\":\"https:\/\/ironsky.pl\/sklep\/\"},{\"@type\":\"ListItem\",\"position\":2,\"name\":\"Wszystkie produkty\",\"item\":\"https:\/\/ironsky.pl\/sklep\/produkty\/\"},{\"@type\":\"ListItem\",\"position\":3,\"name\":\"\u0141adowarka 3-kana\u0142owa TELESIN Box do GoPro Hero 5-8 +2 aku\"}]},{\"@type\":\"WebSite\",\"@id\":\"https:\/\/ironsky.pl\/sklep\/#website\",\"url\":\"https:\/\/ironsky.pl\/sklep\/\",\"name\":\"IRONSKY.PL Sklep z Dronami\",\"description\":\"IRONSKY.PL Sklep z Dronami\",\"potentialAction\":[{\"@type\":\"SearchAction\",\"target\":{\"@type\":\"EntryPoint\",\"urlTemplate\":\"https:\/\/ironsky.pl\/sklep\/?s={search_term_string}\"},\"query-input\":{\"@type\":\"PropertyValueSpecification\",\"valueRequired\":true,\"valueName\":\"search_term_string\"}}],\"inLanguage\":\"pl-PL\"}]}<\/script>\n<!-- \/ Yoast SEO plugin. -->","yoast_head_json":{"title":"\u0141adowarka 3-kana\u0142owa TELESIN Box do GoPro Hero 5-8 +2 aku - IRONSKY.PL Sklep z Dronami","description":"\u0141adowarka 3-kana\u0142owa TELESIN Box do GoPro Hero 5-8 +2 aku - \u2705 sklep z dronami i fachowym doradztwem. \u2705 Tutaj kupisz produkty DJI, Yuneec, Parrot, Syma i wiele innych, a tak\u017ce kursy i licencje na operatora drona.","robots":{"index":"index","follow":"follow","max-snippet":"max-snippet:-1","max-image-preview":"max-image-preview:large","max-video-preview":"max-video-preview:-1"},"canonical":"https:\/\/ironsky.pl\/sklep\/produkt\/ladowarka-3-kanalowa-telesin-box-do-gopro-hero-5-8-2-aku\/","og_locale":"pl_PL","og_type":"article","og_title":"\u0141adowarka 3-kana\u0142owa TELESIN Box do GoPro Hero 5-8 +2 aku - IRONSKY.PL Sklep z Dronami","og_description":"\u0141adowarka 3-kana\u0142owa TELESIN Box do GoPro Hero 5-8 +2 aku - \u2705 sklep z dronami i fachowym doradztwem. \u2705 Tutaj kupisz produkty DJI, Yuneec, Parrot, Syma i wiele innych, a tak\u017ce kursy i licencje na operatora drona.","og_url":"https:\/\/ironsky.pl\/sklep\/produkt\/ladowarka-3-kanalowa-telesin-box-do-gopro-hero-5-8-2-aku\/","og_site_name":"IRONSKY.PL Sklep z Dronami","article_modified_time":"2026-04-15T08:08:34+00:00","og_image":[{"width":680,"height":612,"url":"https:\/\/ironsky.pl\/sklep\/wp-content\/uploads\/2026\/04\/21674_1.png","type":"image\/png"}],"twitter_card":"summary_large_image","twitter_misc":{"Szacowany czas czytania":"2 minuty"},"schema":{"@context":"https:\/\/schema.org","@graph":[{"@type":"WebPage","@id":"https:\/\/ironsky.pl\/sklep\/produkt\/ladowarka-3-kanalowa-telesin-box-do-gopro-hero-5-8-2-aku\/","url":"https:\/\/ironsky.pl\/sklep\/produkt\/ladowarka-3-kanalowa-telesin-box-do-gopro-hero-5-8-2-aku\/","name":"\u0141adowarka 3-kana\u0142owa TELESIN Box do GoPro Hero 5-8 +2 aku - IRONSKY.PL Sklep z Dronami","isPartOf":{"@id":"https:\/\/ironsky.pl\/sklep\/#website"},"primaryImageOfPage":{"@id":"https:\/\/ironsky.pl\/sklep\/produkt\/ladowarka-3-kanalowa-telesin-box-do-gopro-hero-5-8-2-aku\/#primaryimage"},"image":{"@id":"https:\/\/ironsky.pl\/sklep\/produkt\/ladowarka-3-kanalowa-telesin-box-do-gopro-hero-5-8-2-aku\/#primaryimage"},"thumbnailUrl":"https:\/\/ironsky.pl\/sklep\/wp-content\/uploads\/2026\/04\/21674_1.png","datePublished":"2026-04-15T08:08:27+00:00","dateModified":"2026-04-15T08:08:34+00:00","description":"\u0141adowarka 3-kana\u0142owa TELESIN Box do GoPro Hero 5-8 +2 aku - \u2705 sklep z dronami i fachowym doradztwem. \u2705 Tutaj kupisz produkty DJI, Yuneec, Parrot, Syma i wiele innych, a tak\u017ce kursy i licencje na operatora drona.","breadcrumb":{"@id":"https:\/\/ironsky.pl\/sklep\/produkt\/ladowarka-3-kanalowa-telesin-box-do-gopro-hero-5-8-2-aku\/#breadcrumb"},"inLanguage":"pl-PL","potentialAction":[{"@type":"ReadAction","target":["https:\/\/ironsky.pl\/sklep\/produkt\/ladowarka-3-kanalowa-telesin-box-do-gopro-hero-5-8-2-aku\/"]}]},{"@type":"ImageObject","inLanguage":"pl-PL","@id":"https:\/\/ironsky.pl\/sklep\/produkt\/ladowarka-3-kanalowa-telesin-box-do-gopro-hero-5-8-2-aku\/#primaryimage","url":"https:\/\/ironsky.pl\/sklep\/wp-content\/uploads\/2026\/04\/21674_1.png","contentUrl":"https:\/\/ironsky.pl\/sklep\/wp-content\/uploads\/2026\/04\/21674_1.png","width":680,"height":612},{"@type":"BreadcrumbList","@id":"https:\/\/ironsky.pl\/sklep\/produkt\/ladowarka-3-kanalowa-telesin-box-do-gopro-hero-5-8-2-aku\/#breadcrumb","itemListElement":[{"@type":"ListItem","position":1,"name":"Strona g\u0142\u00f3wna","item":"https:\/\/ironsky.pl\/sklep\/"},{"@type":"ListItem","position":2,"name":"Wszystkie produkty","item":"https:\/\/ironsky.pl\/sklep\/produkty\/"},{"@type":"ListItem","position":3,"name":"\u0141adowarka 3-kana\u0142owa TELESIN Box do GoPro Hero 5-8 +2 aku"}]},{"@type":"WebSite","@id":"https:\/\/ironsky.pl\/sklep\/#website","url":"https:\/\/ironsky.pl\/sklep\/","name":"IRONSKY.PL Sklep z Dronami","description":"IRONSKY.PL Sklep z Dronami","potentialAction":[{"@type":"SearchAction","target":{"@type":"EntryPoint","urlTemplate":"https:\/\/ironsky.pl\/sklep\/?s={search_term_string}"},"query-input":{"@type":"PropertyValueSpecification","valueRequired":true,"valueName":"search_term_string"}}],"inLanguage":"pl-PL"}]}},"_links":{"self":[{"href":"https:\/\/ironsky.pl\/sklep\/wp-json\/wp\/v2\/product\/55834","targetHints":{"allow":["GET"]}}],"collection":[{"href":"https:\/\/ironsky.pl\/sklep\/wp-json\/wp\/v2\/product"}],"about":[{"href":"https:\/\/ironsky.pl\/sklep\/wp-json\/wp\/v2\/types\/product"}],"replies":[{"embeddable":true,"href":"https:\/\/ironsky.pl\/sklep\/wp-json\/wp\/v2\/comments?post=55834"}],"wp:featuredmedia":[{"embeddable":true,"href":"https:\/\/ironsky.pl\/sklep\/wp-json\/wp\/v2\/media\/55835"}],"wp:attachment":[{"href":"https:\/\/ironsky.pl\/sklep\/wp-json\/wp\/v2\/media?parent=55834"}],"wp:term":[{"taxonomy":"product_brand","embeddable":true,"href":"https:\/\/ironsky.pl\/sklep\/wp-json\/wp\/v2\/product_brand?post=55834"},{"taxonomy":"product_cat","embeddable":true,"href":"https:\/\/ironsky.pl\/sklep\/wp-json\/wp\/v2\/product_cat?post=55834"},{"taxonomy":"product_tag","embeddable":true,"href":"https:\/\/ironsky.pl\/sklep\/wp-json\/wp\/v2\/product_tag?post=55834"}],"curies":[{"name":"wp","href":"https:\/\/api.w.org\/{rel}","templated":true}]}}