{"id":55826,"date":"2026-04-15T10:08:27","date_gmt":"2026-04-15T08:08:27","guid":{"rendered":"https:\/\/ironsky.pl\/sklep\/produkt\/uchwyt-na-smartfona-pgytech-p-cg-012-gwint-1-4\/"},"modified":"2026-04-15T10:46:09","modified_gmt":"2026-04-15T08:46:09","slug":"uchwyt-na-smartfona-pgytech-p-cg-012-gwint-1-4","status":"publish","type":"product","link":"https:\/\/ironsky.pl\/sklep\/produkt\/uchwyt-na-smartfona-pgytech-p-cg-012-gwint-1-4\/","title":{"rendered":"Uchwyt na smartfona PGYTECH P-CG-012 gwint 1\/4&#8243;"},"content":{"rendered":"<h3>Uniwersalny uchwyt do smartfona PGYTECH P-CG-012<\/h3>\n<p>Zyskaj wi\u0119cej mo\u017cliwo\u015bci nagrywania za pomoc\u0105 smartfona. Uniwersalny uchwyt PGYTECH P-CG-012 zosta\u0142 wyposa\u017cony w gwintowany otw\u00f3r 1\/4&#8243; oraz mocowanie typu Cold Shoe, co pozwala montowa\u0107 na nim r\u00f3\u017cnego rodzaju dodatkowe akcesoria. Jest te\u017c kompatybilny z p\u0142ytk\u0105 monta\u017cow\u0105 Arca-Swiss. Sk\u0142adany, lekki i przeno\u015bny &#8211; mo\u017cesz mie\u0107 go zawsze przy sobie. Pasuje do telefon\u00f3w o szeroko\u015bci do 9 cm.<\/p>\n<p><img decoding=\"async\" src=\"https:\/\/b2b.innpro.pl\/data\/include\/cms\/PGYTECH\/P-CG-012\/5.jpg?v=1631620261439\"><\/p>\n<h3>Bezproblemowy monta\u017c akcesori\u00f3w<\/h3>\n<p>Zwi\u0119ksz mo\u017cliwo\u015bci swojego smartfona i tw\u00f3rz jeszcze ciekawsze materia\u0142y. Mocowanie typu Cold Shoe pozwala przymocowa\u0107 na przyk\u0142ad mikrofon lub dodatkowe o\u015bwietlenie, a otw\u00f3r gwintowany 1\/4&#8243; jest kompatybilny mi\u0119dzy innymi ze statywami. Chcesz wi\u0119cej? Uchwyt pasuje do p\u0142ytek Arca-Swiss, co pozwala na szybki i wygodny monta\u017c innych przydatnych akcesori\u00f3w.<\/p>\n<p><img decoding=\"async\" src=\"https:\/\/b2b.innpro.pl\/data\/include\/cms\/PGYTECH\/P-CG-012\/3.jpg?v=1631620261439\"><\/p>\n<h3>Kompatybilny z Twoim smartfonem<\/h3>\n<p>Niewa\u017cne, jakiego telefonu u\u017cywasz &#8211; uchwyt PGYTECH P-CG-012 z pewno\u015bci\u0105 Ci\u0119 nie zawiedzie! Produkt mo\u017ce obs\u0142u\u017cy\u0107 smartfony o szeroko\u015bci od 6 cm do 9 cm. To oznacza, \u017ce jest kompatybilny z wi\u0119kszo\u015bci\u0105 popularnych urz\u0105dze\u0144 dost\u0119pnych na rynku. Co wi\u0119cej, dopracowana konstrukcja produktu zapewni Twojemu telefonowi bezpiecze\u0144stwo i stabilno\u015b\u0107.<\/p>\n<p><img decoding=\"async\" src=\"https:\/\/b2b.innpro.pl\/data\/include\/cms\/PGYTECH\/P-CG-012\/4.jpg?v=1631620261439\"><\/p>\n<h3>Mo\u017ce Ci towarzyszy\u0107 niemal wsz\u0119dzie<\/h3>\n<p>Nie przegap okazji do wykonania ciekawego uj\u0119cia! Uchwyt jest na tyle lekki i por\u0119czny, \u017ce mo\u017cesz mie\u0107 go zawsze pod r\u0119k\u0105. Gdy co\u015b przyci\u0105gnie Twoj\u0105 uwag\u0119, po prostu go wyjmij i wykorzystaj, jak chcesz! Sk\u0142adany design akcesorium znacznie u\u0142atwia jego transport. Uchwyt nie zajmie zbyt wiele miejsca w Twojej torebce lub plecaku, a w razie potrzeby zmie\u015bcisz go nawet w kieszeni!<\/p>\n<p><img decoding=\"async\" src=\"https:\/\/b2b.innpro.pl\/data\/include\/cms\/PGYTECH\/P-CG-012\/1.jpg?v=1631620261439\"><\/p>\n<div class=\"table-wrapper\">\n<table>\n<tbody>\n<tr>\n<th>Producent<\/th>\n<td>PGYTECH<\/td>\n<\/tr>\n<tr>\n<th>Nazwa<\/th>\n<td>Mini Phone Holder<\/td>\n<\/tr>\n<tr>\n<th>Model<\/th>\n<td>P-CG-012<\/td>\n<\/tr>\n<tr>\n<th>Materia\u0142<\/th>\n<td>Aluminium, PC<\/td>\n<\/tr>\n<tr>\n<th>Waga<\/th>\n<td>17,5 g<\/td>\n<\/tr>\n<tr>\n<th>Wymiary (roz\u0142o\u017cony)<\/th>\n<td>75 x 17,8 x 17,5 mm<\/td>\n<\/tr>\n<tr>\n<th>Wymiary (z\u0142o\u017cony)<\/th>\n<td>66,5 x 17,8 x 17,5 mm<\/td>\n<\/tr>\n<\/tbody>\n<\/table>\n<\/div>\n","protected":false},"excerpt":{"rendered":"<p>Uniwersalny uchwyt do smartfona PGYTECH P-CG-012 Zyskaj wi\u0119cej mo\u017cliwo\u015bci nagrywania za pomoc\u0105 smartfona. Uniwersalny uchwyt PGYTECH P-CG-012 zosta\u0142 wyposa\u017cony w<\/p>\n","protected":false},"featured_media":55827,"comment_status":"closed","ping_status":"open","template":"","meta":{"_acf_changed":false},"product_brand":[],"product_cat":[1128,6178,6176,6177,6181,1138],"product_tag":[],"class_list":{"0":"post-55826","1":"product","2":"type-product","3":"status-publish","4":"has-post-thumbnail","6":"product_cat-foto-wideo","7":"product_cat-mocowania","8":"product_cat-selfie-stiki","9":"product_cat-statywy-selfie-stiki","10":"product_cat-szelki-mocowania-i-uchwyty","11":"product_cat-wysiegniki","12":"pa_okres-gwarancji-5754","13":"pa_producent-pgytech","15":"first","16":"outofstock","17":"taxable","18":"shipping-taxable","19":"purchasable","20":"product-type-simple"},"acf":[],"yoast_head":"<!-- This site is optimized with the Yoast SEO plugin v27.2 - https:\/\/yoast.com\/product\/yoast-seo-wordpress\/ -->\n<title>Uchwyt na smartfona PGYTECH P-CG-012 gwint 1\/4&quot; - IRONSKY.PL Sklep z Dronami<\/title>\n<meta name=\"description\" content=\"Uchwyt na smartfona PGYTECH P-CG-012 gwint 1\/4&quot; - \u2705 sklep z dronami i fachowym doradztwem. \u2705 Tutaj kupisz produkty DJI, Yuneec, Parrot, Syma i wiele innych, a tak\u017ce kursy i licencje na operatora drona.\" \/>\n<meta name=\"robots\" content=\"index, follow, max-snippet:-1, max-image-preview:large, max-video-preview:-1\" \/>\n<link rel=\"canonical\" href=\"https:\/\/ironsky.pl\/sklep\/produkt\/uchwyt-na-smartfona-pgytech-p-cg-012-gwint-1-4\/\" \/>\n<meta property=\"og:locale\" content=\"pl_PL\" \/>\n<meta property=\"og:type\" content=\"article\" \/>\n<meta property=\"og:title\" content=\"Uchwyt na smartfona PGYTECH P-CG-012 gwint 1\/4&quot; - IRONSKY.PL Sklep z Dronami\" \/>\n<meta property=\"og:description\" content=\"Uchwyt na smartfona PGYTECH P-CG-012 gwint 1\/4&quot; - \u2705 sklep z dronami i fachowym doradztwem. \u2705 Tutaj kupisz produkty DJI, Yuneec, Parrot, Syma i wiele innych, a tak\u017ce kursy i licencje na operatora drona.\" \/>\n<meta property=\"og:url\" content=\"https:\/\/ironsky.pl\/sklep\/produkt\/uchwyt-na-smartfona-pgytech-p-cg-012-gwint-1-4\/\" \/>\n<meta property=\"og:site_name\" content=\"IRONSKY.PL Sklep z Dronami\" \/>\n<meta property=\"article:modified_time\" content=\"2026-04-15T08:46:09+00:00\" \/>\n<meta property=\"og:image\" content=\"https:\/\/ironsky.pl\/sklep\/wp-content\/uploads\/2026\/04\/21646_3.jpg\" \/>\n\t<meta property=\"og:image:width\" content=\"1000\" \/>\n\t<meta property=\"og:image:height\" content=\"1000\" \/>\n\t<meta property=\"og:image:type\" content=\"image\/jpeg\" \/>\n<meta name=\"twitter:card\" content=\"summary_large_image\" \/>\n<meta name=\"twitter:label1\" content=\"Szacowany czas czytania\" \/>\n\t<meta name=\"twitter:data1\" content=\"2 minuty\" \/>\n<script type=\"application\/ld+json\" class=\"yoast-schema-graph\">{\"@context\":\"https:\/\/schema.org\",\"@graph\":[{\"@type\":\"WebPage\",\"@id\":\"https:\/\/ironsky.pl\/sklep\/produkt\/uchwyt-na-smartfona-pgytech-p-cg-012-gwint-1-4\/\",\"url\":\"https:\/\/ironsky.pl\/sklep\/produkt\/uchwyt-na-smartfona-pgytech-p-cg-012-gwint-1-4\/\",\"name\":\"Uchwyt na smartfona PGYTECH P-CG-012 gwint 1\/4\\\" - IRONSKY.PL Sklep z Dronami\",\"isPartOf\":{\"@id\":\"https:\/\/ironsky.pl\/sklep\/#website\"},\"primaryImageOfPage\":{\"@id\":\"https:\/\/ironsky.pl\/sklep\/produkt\/uchwyt-na-smartfona-pgytech-p-cg-012-gwint-1-4\/#primaryimage\"},\"image\":{\"@id\":\"https:\/\/ironsky.pl\/sklep\/produkt\/uchwyt-na-smartfona-pgytech-p-cg-012-gwint-1-4\/#primaryimage\"},\"thumbnailUrl\":\"https:\/\/ironsky.pl\/sklep\/wp-content\/uploads\/2026\/04\/21646_3.jpg\",\"datePublished\":\"2026-04-15T08:08:27+00:00\",\"dateModified\":\"2026-04-15T08:46:09+00:00\",\"description\":\"Uchwyt na smartfona PGYTECH P-CG-012 gwint 1\/4\\\" - \u2705 sklep z dronami i fachowym doradztwem. \u2705 Tutaj kupisz produkty DJI, Yuneec, Parrot, Syma i wiele innych, a tak\u017ce kursy i licencje na operatora drona.\",\"breadcrumb\":{\"@id\":\"https:\/\/ironsky.pl\/sklep\/produkt\/uchwyt-na-smartfona-pgytech-p-cg-012-gwint-1-4\/#breadcrumb\"},\"inLanguage\":\"pl-PL\",\"potentialAction\":[{\"@type\":\"ReadAction\",\"target\":[\"https:\/\/ironsky.pl\/sklep\/produkt\/uchwyt-na-smartfona-pgytech-p-cg-012-gwint-1-4\/\"]}]},{\"@type\":\"ImageObject\",\"inLanguage\":\"pl-PL\",\"@id\":\"https:\/\/ironsky.pl\/sklep\/produkt\/uchwyt-na-smartfona-pgytech-p-cg-012-gwint-1-4\/#primaryimage\",\"url\":\"https:\/\/ironsky.pl\/sklep\/wp-content\/uploads\/2026\/04\/21646_3.jpg\",\"contentUrl\":\"https:\/\/ironsky.pl\/sklep\/wp-content\/uploads\/2026\/04\/21646_3.jpg\",\"width\":1000,\"height\":1000},{\"@type\":\"BreadcrumbList\",\"@id\":\"https:\/\/ironsky.pl\/sklep\/produkt\/uchwyt-na-smartfona-pgytech-p-cg-012-gwint-1-4\/#breadcrumb\",\"itemListElement\":[{\"@type\":\"ListItem\",\"position\":1,\"name\":\"Strona g\u0142\u00f3wna\",\"item\":\"https:\/\/ironsky.pl\/sklep\/\"},{\"@type\":\"ListItem\",\"position\":2,\"name\":\"Wszystkie produkty\",\"item\":\"https:\/\/ironsky.pl\/sklep\/produkty\/\"},{\"@type\":\"ListItem\",\"position\":3,\"name\":\"Uchwyt na smartfona PGYTECH P-CG-012 gwint 1\/4&#8243;\"}]},{\"@type\":\"WebSite\",\"@id\":\"https:\/\/ironsky.pl\/sklep\/#website\",\"url\":\"https:\/\/ironsky.pl\/sklep\/\",\"name\":\"IRONSKY.PL Sklep z Dronami\",\"description\":\"IRONSKY.PL Sklep z Dronami\",\"potentialAction\":[{\"@type\":\"SearchAction\",\"target\":{\"@type\":\"EntryPoint\",\"urlTemplate\":\"https:\/\/ironsky.pl\/sklep\/?s={search_term_string}\"},\"query-input\":{\"@type\":\"PropertyValueSpecification\",\"valueRequired\":true,\"valueName\":\"search_term_string\"}}],\"inLanguage\":\"pl-PL\"}]}<\/script>\n<!-- \/ Yoast SEO plugin. -->","yoast_head_json":{"title":"Uchwyt na smartfona PGYTECH P-CG-012 gwint 1\/4\" - IRONSKY.PL Sklep z Dronami","description":"Uchwyt na smartfona PGYTECH P-CG-012 gwint 1\/4\" - \u2705 sklep z dronami i fachowym doradztwem. \u2705 Tutaj kupisz produkty DJI, Yuneec, Parrot, Syma i wiele innych, a tak\u017ce kursy i licencje na operatora drona.","robots":{"index":"index","follow":"follow","max-snippet":"max-snippet:-1","max-image-preview":"max-image-preview:large","max-video-preview":"max-video-preview:-1"},"canonical":"https:\/\/ironsky.pl\/sklep\/produkt\/uchwyt-na-smartfona-pgytech-p-cg-012-gwint-1-4\/","og_locale":"pl_PL","og_type":"article","og_title":"Uchwyt na smartfona PGYTECH P-CG-012 gwint 1\/4\" - IRONSKY.PL Sklep z Dronami","og_description":"Uchwyt na smartfona PGYTECH P-CG-012 gwint 1\/4\" - \u2705 sklep z dronami i fachowym doradztwem. \u2705 Tutaj kupisz produkty DJI, Yuneec, Parrot, Syma i wiele innych, a tak\u017ce kursy i licencje na operatora drona.","og_url":"https:\/\/ironsky.pl\/sklep\/produkt\/uchwyt-na-smartfona-pgytech-p-cg-012-gwint-1-4\/","og_site_name":"IRONSKY.PL Sklep z Dronami","article_modified_time":"2026-04-15T08:46:09+00:00","og_image":[{"width":1000,"height":1000,"url":"https:\/\/ironsky.pl\/sklep\/wp-content\/uploads\/2026\/04\/21646_3.jpg","type":"image\/jpeg"}],"twitter_card":"summary_large_image","twitter_misc":{"Szacowany czas czytania":"2 minuty"},"schema":{"@context":"https:\/\/schema.org","@graph":[{"@type":"WebPage","@id":"https:\/\/ironsky.pl\/sklep\/produkt\/uchwyt-na-smartfona-pgytech-p-cg-012-gwint-1-4\/","url":"https:\/\/ironsky.pl\/sklep\/produkt\/uchwyt-na-smartfona-pgytech-p-cg-012-gwint-1-4\/","name":"Uchwyt na smartfona PGYTECH P-CG-012 gwint 1\/4\" - IRONSKY.PL Sklep z Dronami","isPartOf":{"@id":"https:\/\/ironsky.pl\/sklep\/#website"},"primaryImageOfPage":{"@id":"https:\/\/ironsky.pl\/sklep\/produkt\/uchwyt-na-smartfona-pgytech-p-cg-012-gwint-1-4\/#primaryimage"},"image":{"@id":"https:\/\/ironsky.pl\/sklep\/produkt\/uchwyt-na-smartfona-pgytech-p-cg-012-gwint-1-4\/#primaryimage"},"thumbnailUrl":"https:\/\/ironsky.pl\/sklep\/wp-content\/uploads\/2026\/04\/21646_3.jpg","datePublished":"2026-04-15T08:08:27+00:00","dateModified":"2026-04-15T08:46:09+00:00","description":"Uchwyt na smartfona PGYTECH P-CG-012 gwint 1\/4\" - \u2705 sklep z dronami i fachowym doradztwem. \u2705 Tutaj kupisz produkty DJI, Yuneec, Parrot, Syma i wiele innych, a tak\u017ce kursy i licencje na operatora drona.","breadcrumb":{"@id":"https:\/\/ironsky.pl\/sklep\/produkt\/uchwyt-na-smartfona-pgytech-p-cg-012-gwint-1-4\/#breadcrumb"},"inLanguage":"pl-PL","potentialAction":[{"@type":"ReadAction","target":["https:\/\/ironsky.pl\/sklep\/produkt\/uchwyt-na-smartfona-pgytech-p-cg-012-gwint-1-4\/"]}]},{"@type":"ImageObject","inLanguage":"pl-PL","@id":"https:\/\/ironsky.pl\/sklep\/produkt\/uchwyt-na-smartfona-pgytech-p-cg-012-gwint-1-4\/#primaryimage","url":"https:\/\/ironsky.pl\/sklep\/wp-content\/uploads\/2026\/04\/21646_3.jpg","contentUrl":"https:\/\/ironsky.pl\/sklep\/wp-content\/uploads\/2026\/04\/21646_3.jpg","width":1000,"height":1000},{"@type":"BreadcrumbList","@id":"https:\/\/ironsky.pl\/sklep\/produkt\/uchwyt-na-smartfona-pgytech-p-cg-012-gwint-1-4\/#breadcrumb","itemListElement":[{"@type":"ListItem","position":1,"name":"Strona g\u0142\u00f3wna","item":"https:\/\/ironsky.pl\/sklep\/"},{"@type":"ListItem","position":2,"name":"Wszystkie produkty","item":"https:\/\/ironsky.pl\/sklep\/produkty\/"},{"@type":"ListItem","position":3,"name":"Uchwyt na smartfona PGYTECH P-CG-012 gwint 1\/4&#8243;"}]},{"@type":"WebSite","@id":"https:\/\/ironsky.pl\/sklep\/#website","url":"https:\/\/ironsky.pl\/sklep\/","name":"IRONSKY.PL Sklep z Dronami","description":"IRONSKY.PL Sklep z Dronami","potentialAction":[{"@type":"SearchAction","target":{"@type":"EntryPoint","urlTemplate":"https:\/\/ironsky.pl\/sklep\/?s={search_term_string}"},"query-input":{"@type":"PropertyValueSpecification","valueRequired":true,"valueName":"search_term_string"}}],"inLanguage":"pl-PL"}]}},"_links":{"self":[{"href":"https:\/\/ironsky.pl\/sklep\/wp-json\/wp\/v2\/product\/55826","targetHints":{"allow":["GET"]}}],"collection":[{"href":"https:\/\/ironsky.pl\/sklep\/wp-json\/wp\/v2\/product"}],"about":[{"href":"https:\/\/ironsky.pl\/sklep\/wp-json\/wp\/v2\/types\/product"}],"replies":[{"embeddable":true,"href":"https:\/\/ironsky.pl\/sklep\/wp-json\/wp\/v2\/comments?post=55826"}],"wp:featuredmedia":[{"embeddable":true,"href":"https:\/\/ironsky.pl\/sklep\/wp-json\/wp\/v2\/media\/55827"}],"wp:attachment":[{"href":"https:\/\/ironsky.pl\/sklep\/wp-json\/wp\/v2\/media?parent=55826"}],"wp:term":[{"taxonomy":"product_brand","embeddable":true,"href":"https:\/\/ironsky.pl\/sklep\/wp-json\/wp\/v2\/product_brand?post=55826"},{"taxonomy":"product_cat","embeddable":true,"href":"https:\/\/ironsky.pl\/sklep\/wp-json\/wp\/v2\/product_cat?post=55826"},{"taxonomy":"product_tag","embeddable":true,"href":"https:\/\/ironsky.pl\/sklep\/wp-json\/wp\/v2\/product_tag?post=55826"}],"curies":[{"name":"wp","href":"https:\/\/api.w.org\/{rel}","templated":true}]}}