{"id":55817,"date":"2026-04-15T10:07:54","date_gmt":"2026-04-15T08:07:54","guid":{"rendered":"https:\/\/ironsky.pl\/sklep\/produkt\/szklo-hartowane-telesin-gp-flm-901-do-gopro-hero-9-12\/"},"modified":"2026-04-15T10:46:06","modified_gmt":"2026-04-15T08:46:06","slug":"szklo-hartowane-telesin-gp-flm-901-do-gopro-hero-9-12","status":"publish","type":"product","link":"https:\/\/ironsky.pl\/sklep\/produkt\/szklo-hartowane-telesin-gp-flm-901-do-gopro-hero-9-12\/","title":{"rendered":"Szk\u0142o hartowane TELESIN GP-FLM-901 do GoPro Hero 9-12"},"content":{"rendered":"<h3>Szk\u0142o hartowane Telesin na ekran i obiektyw do GoPro Hero 12 \/ 11 \/ 10 \/ 9<\/h3>\n<p>Zadbaj o kompleksow\u0105 ochron\u0119 swojej kamery sportowej GoPro. Zestaw Telesin GP-FLM-901 zawiera szk\u0142o hartowane 2.5D na obydwa ekrany i obiektyw, kt\u00f3re skutecznie zabezpieczy je przed uszkodzeniem. Twardo\u015b\u0107 9H w skali Mohsa gwarantuje jego wytrzyma\u0142o\u015b\u0107. Nie musisz te\u017c obawia\u0107 si\u0119 utraty jako\u015bci obrazu ani utrudnionego korzystania z kamery &#8211; produkt zosta\u0142 zaprojektowany w taki spos\u00f3b, aby nadal mo\u017cliwa by\u0142a jej p\u0142ynna obs\u0142uga dotykowa.<\/p>\n<p><img decoding=\"async\" src=\"https:\/\/b2b.innpro.pl\/data\/include\/cms\/Telesin\/GP-FLM-902\/6.jpg?v=1627649736296\" border=\"0\" \/><\/p>\n<h3>Idealnie dopasowane do Twojej kamery<\/h3>\n<p>Ciesz si\u0119 niezawodn\u0105 ochron\u0105 swojego sprz\u0119tu. Szk\u0142o hartowane 2.5D idealnie przylega do ekran\u00f3w i obiektywu, jest te\u017c proste w monta\u017cu. Wyr\u00f3\u017cnia si\u0119 doskona\u0142ym dopasowaniem r\u00f3wnie\u017c przy kraw\u0119dziach. Nie odstaje i jest wyj\u0105tkowo przyjemne w dotyku. Co wi\u0119cej, zastosowana w procesie produkcji metoda pozwala wycina\u0107 ca\u0142y element za jednym razem, dzi\u0119ki czemu uda\u0142o si\u0119 unikn\u0105\u0107 widocznych na szkle niedoskona\u0142o\u015bci.<\/p>\n<p><img decoding=\"async\" src=\"https:\/\/b2b.innpro.pl\/data\/include\/cms\/Telesin\/GP-FLM-902\/5.jpg?v=1627649736296\" border=\"0\" \/><\/p>\n<h3>Niezawodna, wszechstronna ochrona<\/h3>\n<p>Ju\u017c nie musisz kupowa\u0107 zabezpieczenia na oba ekrany i obiektyw osobno. W zestawie GP-FLM-901 znajdziesz wszystko, czego potrzebujesz, aby zapewni\u0107 swojej kamerze wszechstronn\u0105 ochron\u0119. Szk\u0142o wyr\u00f3\u017cnia si\u0119 stopniem twardo\u015bci 9H w skali Mohsa, co oznacza, \u017ce jest niesamowicie odporne na zarysowania i innego rodzaju uszkodzenia. Zosta\u0142o te\u017c pokryte specjaln\u0105 pow\u0142ok\u0105 elektrostatyczn\u0105.<\/p>\n<p><img decoding=\"async\" src=\"https:\/\/b2b.innpro.pl\/data\/include\/cms\/Telesin\/GP-FLM-902\/2.jpg?v=1627649736296\" border=\"0\" \/><\/p>\n<h3>Jako\u015b\u0107 obrazu tak dobra jak dawniej<\/h3>\n<p>Szk\u0142o ochronne charakteryzuje si\u0119 przepuszczalno\u015bci\u0105 na poziomie 99%, co zapewnia bezstratn\u0105, doskona\u0142\u0105 jako\u015b\u0107 obrazu. Twoje zdj\u0119cia i filmy nadal b\u0119d\u0105 zachwyca\u0107 naturaln\u0105, \u017cyw\u0105 kolorystyk\u0105 i bogactwem szczeg\u00f3\u0142\u00f3w, a wy\u015bwietlane na ekranach materia\u0142y b\u0119d\u0105 tak wyra\u017ane i czytelne jak wcze\u015bniej.<\/p>\n<p><img decoding=\"async\" src=\"https:\/\/b2b.innpro.pl\/data\/include\/cms\/Telesin\/GP-FLM-902\/8.jpg?v=1627649736296\" border=\"0\" \/><\/p>\n<h3>P\u0142ynna obs\u0142uga dotykowa<\/h3>\n<p>Obawiasz si\u0119, \u017ce po przyklejeniu szk\u0142a do ekranu dotykowego obs\u0142uga kamery nie b\u0119dzie ju\u017c tak p\u0142ynna i prosta jak wcze\u015bniej? Niepotrzebnie! Nadal b\u0119dziesz cieszy\u0107 si\u0119 wygodnym dost\u0119pem do wszystkich funkcji swojego urz\u0105dzenia. Wystarczy delikatne dotkni\u0119cie, aby rozpocz\u0105\u0107 nagrywanie lub zmieni\u0107 ustawienia. Telesin zapewnia nie tylko bezpiecze\u0144stwo GoPro Hero 9\/Hero 10\/Hero 11\/Hero 12, ale te\u017c niezr\u00f3wnany komfort u\u017cytkowania.<\/p>\n<p><img decoding=\"async\" src=\"https:\/\/b2b.innpro.pl\/data\/include\/cms\/Telesin\/GP-FLM-902\/1.jpg?v=1627649736296\" border=\"0\" \/><\/p>\n<h3>W zestawie<\/h3>\n<ul>\n<li>Szk\u0142o ochronne na przedni ekran GoPro Hero 9\/Hero 10\/<span>Hero 11\/<\/span>Hero 12<\/li>\n<li>Szk\u0142o ochronne na tylny ekran GoPro Hero 9\/Hero 10<span>\/Hero 11\/Hero 12<\/span><\/li>\n<li>Szk\u0142o ochronne na obiektyw GoPro Hero 9\/Hero 10<span>\/Hero 11\/Hero 12<\/span><\/li>\n<li>\u015aciereczka do czyszczenia<\/li>\n<\/ul>\n<div class=\"table-wrapper\">\n<table>\n<tbody>\n<tr>\n<th>Producent<\/th>\n<td>Telesin<\/td>\n<\/tr>\n<tr>\n<th>Model<\/th>\n<td>GP-FLM-901<\/td>\n<\/tr>\n<tr>\n<th>Materia\u0142<\/th>\n<td>Szk\u0142o hartowane<\/td>\n<\/tr>\n<tr>\n<th>Wymiary szk\u0142a ochronnego na przedni wy\u015bwietlacz<\/th>\n<td>30 x 30 mm<\/td>\n<\/tr>\n<tr>\n<th>Wymiary szk\u0142a ochronnego na obiektyw<\/th>\n<td>27 x 27 mm<\/td>\n<\/tr>\n<tr>\n<th>Wymiary szk\u0142a ochronnego na tylny wy\u015bwietlacz<\/th>\n<td>61,5 x 40,8 mm<\/td>\n<\/tr>\n<\/tbody>\n<\/table>\n<\/div>\n","protected":false},"excerpt":{"rendered":"<p>Szk\u0142o hartowane Telesin na ekran i obiektyw do GoPro Hero 12 \/ 11 \/ 10 \/ 9 Zadbaj o kompleksow\u0105<\/p>\n","protected":false},"featured_media":55818,"comment_status":"closed","ping_status":"open","template":"","meta":{"_acf_changed":false},"product_brand":[],"product_cat":[1130,1137,1128],"product_tag":[],"class_list":{"0":"post-55817","1":"product","2":"type-product","3":"status-publish","4":"has-post-thumbnail","6":"product_cat-akcesoria-foto","7":"product_cat-do-kamer-sportowych","8":"product_cat-foto-wideo","9":"pa_okres-gwarancji-5754","10":"pa_producent-telesin","12":"first","13":"instock","14":"taxable","15":"shipping-taxable","16":"purchasable","17":"product-type-simple"},"acf":[],"yoast_head":"<!-- This site is optimized with the Yoast SEO plugin v27.2 - https:\/\/yoast.com\/product\/yoast-seo-wordpress\/ -->\n<title>Szk\u0142o hartowane TELESIN GP-FLM-901 do GoPro Hero 9-12 - IRONSKY.PL Sklep z Dronami<\/title>\n<meta name=\"description\" content=\"Szk\u0142o hartowane TELESIN GP-FLM-901 do GoPro Hero 9-12 - \u2705 sklep z dronami i fachowym doradztwem. \u2705 Tutaj kupisz produkty DJI, Yuneec, Parrot, Syma i wiele innych, a tak\u017ce kursy i licencje na operatora drona.\" \/>\n<meta name=\"robots\" content=\"index, follow, max-snippet:-1, max-image-preview:large, max-video-preview:-1\" \/>\n<link rel=\"canonical\" href=\"https:\/\/ironsky.pl\/sklep\/produkt\/szklo-hartowane-telesin-gp-flm-901-do-gopro-hero-9-12\/\" \/>\n<meta property=\"og:locale\" content=\"pl_PL\" \/>\n<meta property=\"og:type\" content=\"article\" \/>\n<meta property=\"og:title\" content=\"Szk\u0142o hartowane TELESIN GP-FLM-901 do GoPro Hero 9-12 - IRONSKY.PL Sklep z Dronami\" \/>\n<meta property=\"og:description\" content=\"Szk\u0142o hartowane TELESIN GP-FLM-901 do GoPro Hero 9-12 - \u2705 sklep z dronami i fachowym doradztwem. \u2705 Tutaj kupisz produkty DJI, Yuneec, Parrot, Syma i wiele innych, a tak\u017ce kursy i licencje na operatora drona.\" \/>\n<meta property=\"og:url\" content=\"https:\/\/ironsky.pl\/sklep\/produkt\/szklo-hartowane-telesin-gp-flm-901-do-gopro-hero-9-12\/\" \/>\n<meta property=\"og:site_name\" content=\"IRONSKY.PL Sklep z Dronami\" \/>\n<meta property=\"article:modified_time\" content=\"2026-04-15T08:46:06+00:00\" \/>\n<meta property=\"og:image\" content=\"https:\/\/ironsky.pl\/sklep\/wp-content\/uploads\/2026\/04\/21509_1.png\" \/>\n\t<meta property=\"og:image:width\" content=\"698\" \/>\n\t<meta property=\"og:image:height\" content=\"608\" \/>\n\t<meta property=\"og:image:type\" content=\"image\/png\" \/>\n<meta name=\"twitter:card\" content=\"summary_large_image\" \/>\n<meta name=\"twitter:label1\" content=\"Szacowany czas czytania\" \/>\n\t<meta name=\"twitter:data1\" content=\"2 minuty\" \/>\n<script type=\"application\/ld+json\" class=\"yoast-schema-graph\">{\"@context\":\"https:\/\/schema.org\",\"@graph\":[{\"@type\":\"WebPage\",\"@id\":\"https:\/\/ironsky.pl\/sklep\/produkt\/szklo-hartowane-telesin-gp-flm-901-do-gopro-hero-9-12\/\",\"url\":\"https:\/\/ironsky.pl\/sklep\/produkt\/szklo-hartowane-telesin-gp-flm-901-do-gopro-hero-9-12\/\",\"name\":\"Szk\u0142o hartowane TELESIN GP-FLM-901 do GoPro Hero 9-12 - IRONSKY.PL Sklep z Dronami\",\"isPartOf\":{\"@id\":\"https:\/\/ironsky.pl\/sklep\/#website\"},\"primaryImageOfPage\":{\"@id\":\"https:\/\/ironsky.pl\/sklep\/produkt\/szklo-hartowane-telesin-gp-flm-901-do-gopro-hero-9-12\/#primaryimage\"},\"image\":{\"@id\":\"https:\/\/ironsky.pl\/sklep\/produkt\/szklo-hartowane-telesin-gp-flm-901-do-gopro-hero-9-12\/#primaryimage\"},\"thumbnailUrl\":\"https:\/\/ironsky.pl\/sklep\/wp-content\/uploads\/2026\/04\/21509_1.png\",\"datePublished\":\"2026-04-15T08:07:54+00:00\",\"dateModified\":\"2026-04-15T08:46:06+00:00\",\"description\":\"Szk\u0142o hartowane TELESIN GP-FLM-901 do GoPro Hero 9-12 - \u2705 sklep z dronami i fachowym doradztwem. \u2705 Tutaj kupisz produkty DJI, Yuneec, Parrot, Syma i wiele innych, a tak\u017ce kursy i licencje na operatora drona.\",\"breadcrumb\":{\"@id\":\"https:\/\/ironsky.pl\/sklep\/produkt\/szklo-hartowane-telesin-gp-flm-901-do-gopro-hero-9-12\/#breadcrumb\"},\"inLanguage\":\"pl-PL\",\"potentialAction\":[{\"@type\":\"ReadAction\",\"target\":[\"https:\/\/ironsky.pl\/sklep\/produkt\/szklo-hartowane-telesin-gp-flm-901-do-gopro-hero-9-12\/\"]}]},{\"@type\":\"ImageObject\",\"inLanguage\":\"pl-PL\",\"@id\":\"https:\/\/ironsky.pl\/sklep\/produkt\/szklo-hartowane-telesin-gp-flm-901-do-gopro-hero-9-12\/#primaryimage\",\"url\":\"https:\/\/ironsky.pl\/sklep\/wp-content\/uploads\/2026\/04\/21509_1.png\",\"contentUrl\":\"https:\/\/ironsky.pl\/sklep\/wp-content\/uploads\/2026\/04\/21509_1.png\",\"width\":698,\"height\":608},{\"@type\":\"BreadcrumbList\",\"@id\":\"https:\/\/ironsky.pl\/sklep\/produkt\/szklo-hartowane-telesin-gp-flm-901-do-gopro-hero-9-12\/#breadcrumb\",\"itemListElement\":[{\"@type\":\"ListItem\",\"position\":1,\"name\":\"Strona g\u0142\u00f3wna\",\"item\":\"https:\/\/ironsky.pl\/sklep\/\"},{\"@type\":\"ListItem\",\"position\":2,\"name\":\"Wszystkie produkty\",\"item\":\"https:\/\/ironsky.pl\/sklep\/produkty\/\"},{\"@type\":\"ListItem\",\"position\":3,\"name\":\"Szk\u0142o hartowane TELESIN GP-FLM-901 do GoPro Hero 9-12\"}]},{\"@type\":\"WebSite\",\"@id\":\"https:\/\/ironsky.pl\/sklep\/#website\",\"url\":\"https:\/\/ironsky.pl\/sklep\/\",\"name\":\"IRONSKY.PL Sklep z Dronami\",\"description\":\"IRONSKY.PL Sklep z Dronami\",\"potentialAction\":[{\"@type\":\"SearchAction\",\"target\":{\"@type\":\"EntryPoint\",\"urlTemplate\":\"https:\/\/ironsky.pl\/sklep\/?s={search_term_string}\"},\"query-input\":{\"@type\":\"PropertyValueSpecification\",\"valueRequired\":true,\"valueName\":\"search_term_string\"}}],\"inLanguage\":\"pl-PL\"}]}<\/script>\n<!-- \/ Yoast SEO plugin. -->","yoast_head_json":{"title":"Szk\u0142o hartowane TELESIN GP-FLM-901 do GoPro Hero 9-12 - IRONSKY.PL Sklep z Dronami","description":"Szk\u0142o hartowane TELESIN GP-FLM-901 do GoPro Hero 9-12 - \u2705 sklep z dronami i fachowym doradztwem. \u2705 Tutaj kupisz produkty DJI, Yuneec, Parrot, Syma i wiele innych, a tak\u017ce kursy i licencje na operatora drona.","robots":{"index":"index","follow":"follow","max-snippet":"max-snippet:-1","max-image-preview":"max-image-preview:large","max-video-preview":"max-video-preview:-1"},"canonical":"https:\/\/ironsky.pl\/sklep\/produkt\/szklo-hartowane-telesin-gp-flm-901-do-gopro-hero-9-12\/","og_locale":"pl_PL","og_type":"article","og_title":"Szk\u0142o hartowane TELESIN GP-FLM-901 do GoPro Hero 9-12 - IRONSKY.PL Sklep z Dronami","og_description":"Szk\u0142o hartowane TELESIN GP-FLM-901 do GoPro Hero 9-12 - \u2705 sklep z dronami i fachowym doradztwem. \u2705 Tutaj kupisz produkty DJI, Yuneec, Parrot, Syma i wiele innych, a tak\u017ce kursy i licencje na operatora drona.","og_url":"https:\/\/ironsky.pl\/sklep\/produkt\/szklo-hartowane-telesin-gp-flm-901-do-gopro-hero-9-12\/","og_site_name":"IRONSKY.PL Sklep z Dronami","article_modified_time":"2026-04-15T08:46:06+00:00","og_image":[{"width":698,"height":608,"url":"https:\/\/ironsky.pl\/sklep\/wp-content\/uploads\/2026\/04\/21509_1.png","type":"image\/png"}],"twitter_card":"summary_large_image","twitter_misc":{"Szacowany czas czytania":"2 minuty"},"schema":{"@context":"https:\/\/schema.org","@graph":[{"@type":"WebPage","@id":"https:\/\/ironsky.pl\/sklep\/produkt\/szklo-hartowane-telesin-gp-flm-901-do-gopro-hero-9-12\/","url":"https:\/\/ironsky.pl\/sklep\/produkt\/szklo-hartowane-telesin-gp-flm-901-do-gopro-hero-9-12\/","name":"Szk\u0142o hartowane TELESIN GP-FLM-901 do GoPro Hero 9-12 - IRONSKY.PL Sklep z Dronami","isPartOf":{"@id":"https:\/\/ironsky.pl\/sklep\/#website"},"primaryImageOfPage":{"@id":"https:\/\/ironsky.pl\/sklep\/produkt\/szklo-hartowane-telesin-gp-flm-901-do-gopro-hero-9-12\/#primaryimage"},"image":{"@id":"https:\/\/ironsky.pl\/sklep\/produkt\/szklo-hartowane-telesin-gp-flm-901-do-gopro-hero-9-12\/#primaryimage"},"thumbnailUrl":"https:\/\/ironsky.pl\/sklep\/wp-content\/uploads\/2026\/04\/21509_1.png","datePublished":"2026-04-15T08:07:54+00:00","dateModified":"2026-04-15T08:46:06+00:00","description":"Szk\u0142o hartowane TELESIN GP-FLM-901 do GoPro Hero 9-12 - \u2705 sklep z dronami i fachowym doradztwem. \u2705 Tutaj kupisz produkty DJI, Yuneec, Parrot, Syma i wiele innych, a tak\u017ce kursy i licencje na operatora drona.","breadcrumb":{"@id":"https:\/\/ironsky.pl\/sklep\/produkt\/szklo-hartowane-telesin-gp-flm-901-do-gopro-hero-9-12\/#breadcrumb"},"inLanguage":"pl-PL","potentialAction":[{"@type":"ReadAction","target":["https:\/\/ironsky.pl\/sklep\/produkt\/szklo-hartowane-telesin-gp-flm-901-do-gopro-hero-9-12\/"]}]},{"@type":"ImageObject","inLanguage":"pl-PL","@id":"https:\/\/ironsky.pl\/sklep\/produkt\/szklo-hartowane-telesin-gp-flm-901-do-gopro-hero-9-12\/#primaryimage","url":"https:\/\/ironsky.pl\/sklep\/wp-content\/uploads\/2026\/04\/21509_1.png","contentUrl":"https:\/\/ironsky.pl\/sklep\/wp-content\/uploads\/2026\/04\/21509_1.png","width":698,"height":608},{"@type":"BreadcrumbList","@id":"https:\/\/ironsky.pl\/sklep\/produkt\/szklo-hartowane-telesin-gp-flm-901-do-gopro-hero-9-12\/#breadcrumb","itemListElement":[{"@type":"ListItem","position":1,"name":"Strona g\u0142\u00f3wna","item":"https:\/\/ironsky.pl\/sklep\/"},{"@type":"ListItem","position":2,"name":"Wszystkie produkty","item":"https:\/\/ironsky.pl\/sklep\/produkty\/"},{"@type":"ListItem","position":3,"name":"Szk\u0142o hartowane TELESIN GP-FLM-901 do GoPro Hero 9-12"}]},{"@type":"WebSite","@id":"https:\/\/ironsky.pl\/sklep\/#website","url":"https:\/\/ironsky.pl\/sklep\/","name":"IRONSKY.PL Sklep z Dronami","description":"IRONSKY.PL Sklep z Dronami","potentialAction":[{"@type":"SearchAction","target":{"@type":"EntryPoint","urlTemplate":"https:\/\/ironsky.pl\/sklep\/?s={search_term_string}"},"query-input":{"@type":"PropertyValueSpecification","valueRequired":true,"valueName":"search_term_string"}}],"inLanguage":"pl-PL"}]}},"_links":{"self":[{"href":"https:\/\/ironsky.pl\/sklep\/wp-json\/wp\/v2\/product\/55817","targetHints":{"allow":["GET"]}}],"collection":[{"href":"https:\/\/ironsky.pl\/sklep\/wp-json\/wp\/v2\/product"}],"about":[{"href":"https:\/\/ironsky.pl\/sklep\/wp-json\/wp\/v2\/types\/product"}],"replies":[{"embeddable":true,"href":"https:\/\/ironsky.pl\/sklep\/wp-json\/wp\/v2\/comments?post=55817"}],"wp:featuredmedia":[{"embeddable":true,"href":"https:\/\/ironsky.pl\/sklep\/wp-json\/wp\/v2\/media\/55818"}],"wp:attachment":[{"href":"https:\/\/ironsky.pl\/sklep\/wp-json\/wp\/v2\/media?parent=55817"}],"wp:term":[{"taxonomy":"product_brand","embeddable":true,"href":"https:\/\/ironsky.pl\/sklep\/wp-json\/wp\/v2\/product_brand?post=55817"},{"taxonomy":"product_cat","embeddable":true,"href":"https:\/\/ironsky.pl\/sklep\/wp-json\/wp\/v2\/product_cat?post=55817"},{"taxonomy":"product_tag","embeddable":true,"href":"https:\/\/ironsky.pl\/sklep\/wp-json\/wp\/v2\/product_tag?post=55817"}],"curies":[{"name":"wp","href":"https:\/\/api.w.org\/{rel}","templated":true}]}}