{"id":55811,"date":"2026-04-15T10:07:54","date_gmt":"2026-04-15T08:07:54","guid":{"rendered":"https:\/\/ironsky.pl\/sklep\/produkt\/uchwyt-rowerowy-telesin-360-do-kamer-sportowych\/"},"modified":"2026-04-15T10:46:06","modified_gmt":"2026-04-15T08:46:06","slug":"uchwyt-rowerowy-telesin-360-do-kamer-sportowych","status":"publish","type":"product","link":"https:\/\/ironsky.pl\/sklep\/produkt\/uchwyt-rowerowy-telesin-360-do-kamer-sportowych\/","title":{"rendered":"Uchwyt rowerowy TELESIN 360\u00b0 do kamer sportowych"},"content":{"rendered":"<h3>Mocowanie na rower do kamer sportowych Telesin<\/h3>\n<p>Lubisz nagrywa\u0107 filmy podczas przeja\u017cd\u017cek rowerowych? Mocowanie Telesin pomo\u017ce Ci uchwyci\u0107 najlepsze momenty! Dzi\u0119ki funkcji obrotu o 360\u00b0 mo\u017cesz nagrywa\u0107 z r\u00f3\u017cnych perspektyw, a mo\u017cliwo\u015b\u0107 regulacji zacisku pozwala na monta\u017c DJ-HBM-001 nie tylko na kierownicy roweru, ale r\u00f3wnie\u017c motocyklu. Wytrzyma\u0142a i przemy\u015blana konstrukcja zapewni stabilno\u015b\u0107 i zapobiegnie przemieszczaniu si\u0119 mocowania. Dzi\u0119ki szerokiej kompatybilno\u015bci akcesorium pasuje do r\u00f3\u017cnego rodzaju kamer sportowych i smartfon\u00f3w. Sprawd\u017a, co jeszcze kryje DJ-HBM-001!<\/p>\n<p><img decoding=\"async\" src=\"https:\/\/b2b.innpro.pl\/data\/include\/cms\/Telesin\/DJ-HBM-001\/6.jpg\"><\/p>\n<h3>Monta\u017c w kilku krokach<\/h3>\n<p>Zar\u00f3wno proces monta\u017cu jak i demonta\u017cu mocowania Telesin jest szybki i prosty, nie b\u0119d\u0105 Ci r\u00f3wnie\u017c potrzebne dodatkowe narz\u0119dzia. Co wi\u0119cej, produkt posiada uniwersalny gwint pozwalaj\u0105cy zamocowanie kamery GoPro. Wystarczy, \u017ce poluzujesz pokr\u0119t\u0142o zacisku i umie\u015bcisz DJ-HBM-001 w wybranym przez siebie miejscu. Je\u015bli chcesz zdj\u0105\u0107 mocowanie z kierownicy, ponownie poluzuj pokr\u0119t\u0142o zacisku.<\/p>\n<p><img decoding=\"async\" src=\"https:\/\/b2b.innpro.pl\/data\/include\/cms\/Telesin\/DJ-HBM-001\/14.jpg\"><\/p>\n<h3>Odpowiedni do roweru i motocykla<\/h3>\n<p>Martwisz si\u0119, \u017ce akcesorium nie b\u0119dzie pasowa\u0107 do Twojego pojazdu? Niepotrzebnie! Produkt Telesin jest przystosowany nie tylko do kierownicy roweru, ale r\u00f3wnie\u017c motocykla. Dzi\u0119ki funkcji regulacji, mocowanie mo\u017cesz wykorzysta\u0107 w przypadku kierownic o \u015brednicy od 20 mm do 32 mm. Nagrywaj wyj\u0105tkowe dla Ciebie chwile i ciesz si\u0119 swobod\u0105 u\u017cytkowania, jak\u0105 daje Ci DJ-HBM-001!<\/p>\n<p><img decoding=\"async\" src=\"https:\/\/b2b.innpro.pl\/data\/include\/cms\/Telesin\/DJ-HBM-001\/11.jpg\"><\/p>\n<h3>Komfort u\u017cytkowania<\/h3>\n<p>Dzi\u0119ki zastosowaniu przemy\u015blanej konstrukcji mo\u017cesz nagrywa\u0107 filmy z r\u00f3\u017cnych perspektyw. Mocowanie posiada funkcj\u0119 obrotu o 360\u00b0, co pozwala na jeszcze wi\u0119kszy komfort u\u017cytkowania. Ju\u017c \u017cadne uj\u0119cie nie umknie Twojej uwadze!<\/p>\n<p><img decoding=\"async\" src=\"https:\/\/b2b.innpro.pl\/data\/include\/cms\/Telesin\/DJ-HBM-001\/2.jpg\"><\/p>\n<h3>Szeroka kompatybilno\u015b\u0107<\/h3>\n<p>Telesin zadba\u0142 o to, aby akcesorium by\u0142o dost\u0119pne dla jak najwi\u0119kszej ilo\u015bci u\u017cytkownik\u00f3w. Na li\u015bcie urz\u0105dze\u0144 kompatybilnych z mocowaniem DJ-HBM-001 znajduj\u0105 si\u0119 mi\u0119dzy innymi telefony i kamery sportowe GoPro, insta360, YI, Osmo Action, SARGO i wiele innych.<\/p>\n<p><img decoding=\"async\" src=\"https:\/\/b2b.innpro.pl\/data\/include\/cms\/Telesin\/DJ-HBM-001\/8.jpg\"><\/p>\n<h3>Z dba\u0142o\u015bci\u0105 o szczeg\u00f3\u0142y<\/h3>\n<p>Mocowanie zosta\u0142o zaprojektowane tak, aby by\u0142o wytrzyma\u0142e, a korzystanie z niego bezpieczne. Materia\u0142, z kt\u00f3rego wykonano DJ-HBM-001 jest nie tylko odporny na uszkodzenia, ale r\u00f3wnie\u017c przyjazny dla \u015brodowiska i mo\u017ce by\u0107 poddawany recyklingowi. \u015aruby ze stali nierdzewnej 304 s\u0105 odporne na korozj\u0119 i wyr\u00f3\u017cniaj\u0105 si\u0119 d\u0142ug\u0105 \u017cywotno\u015bci\u0105. Antypo\u015blizgowe nak\u0142adki z TPR zapobiegaj\u0105 przemieszczaniu si\u0119 mocowania i s\u0105 odporne na zu\u017cycie.<\/p>\n<p><img decoding=\"async\" src=\"https:\/\/b2b.innpro.pl\/data\/include\/cms\/Telesin\/DJ-HBM-001\/7.jpg\"><\/p>\n<h3>Zawarto\u015b\u0107 opakowania<\/h3>\n<ul>\n<li>Mocowanie Telesin\u00a0DJ-HBM-001<\/li>\n<li>\u015aruba<\/li>\n<\/ul>\n<div class=\"table-wrapper\">\n<table>\n<tbody>\n<tr>\n<th>Producent<\/th>\n<td>Telesin<\/td>\n<\/tr>\n<tr>\n<th>Model<\/th>\n<td>DJ-HBM-001<\/td>\n<\/tr>\n<tr>\n<th>Wymiary<\/th>\n<td>123 x 62 x 35mm<\/td>\n<\/tr>\n<tr>\n<th>Waga<\/th>\n<td>90g<\/td>\n<\/tr>\n<tr>\n<th>Kompatybilno\u015b\u0107<\/th>\n<td>telefony i kamery sportowe GoPro, insta360, YI, Osmo Action, SARGO<\/td>\n<\/tr>\n<tr>\n<th>Przeznaczenie<\/th>\n<td>rower, motocykl<\/td>\n<\/tr>\n<tr>\n<th>Kolor<\/th>\n<td>czarny<\/td>\n<\/tr>\n<tr>\n<th>Materia\u0142<\/th>\n<td>plastik + TPR + Stal nierdzewna<\/td>\n<\/tr>\n<tr>\n<th>\u015arednica kierownicy<\/th>\n<td>20 mm &#8211; 32 mm<\/td>\n<\/tr>\n<\/tbody>\n<\/table>\n<\/div>\n","protected":false},"excerpt":{"rendered":"<p>Mocowanie na rower do kamer sportowych Telesin Lubisz nagrywa\u0107 filmy podczas przeja\u017cd\u017cek rowerowych? Mocowanie Telesin pomo\u017ce Ci uchwyci\u0107 najlepsze momenty!<\/p>\n","protected":false},"featured_media":55812,"comment_status":"closed","ping_status":"open","template":"","meta":{"_acf_changed":false},"product_brand":[],"product_cat":[1128,6178,6176,6177,6181,1138],"product_tag":[],"class_list":{"0":"post-55811","1":"product","2":"type-product","3":"status-publish","4":"has-post-thumbnail","6":"product_cat-foto-wideo","7":"product_cat-mocowania","8":"product_cat-selfie-stiki","9":"product_cat-statywy-selfie-stiki","10":"product_cat-szelki-mocowania-i-uchwyty","11":"product_cat-wysiegniki","12":"pa_okres-gwarancji-5754","13":"pa_producent-telesin","15":"first","16":"outofstock","17":"taxable","18":"shipping-taxable","19":"purchasable","20":"product-type-simple"},"acf":[],"yoast_head":"<!-- This site is optimized with the Yoast SEO plugin v27.2 - https:\/\/yoast.com\/product\/yoast-seo-wordpress\/ -->\n<title>Uchwyt rowerowy TELESIN 360\u00b0 do kamer sportowych - IRONSKY.PL Sklep z Dronami<\/title>\n<meta name=\"description\" content=\"Uchwyt rowerowy TELESIN 360\u00b0 do kamer sportowych - \u2705 sklep z dronami i fachowym doradztwem. \u2705 Tutaj kupisz produkty DJI, Yuneec, Parrot, Syma i wiele innych, a tak\u017ce kursy i licencje na operatora drona.\" \/>\n<meta name=\"robots\" content=\"index, follow, max-snippet:-1, max-image-preview:large, max-video-preview:-1\" \/>\n<link rel=\"canonical\" href=\"https:\/\/ironsky.pl\/sklep\/produkt\/uchwyt-rowerowy-telesin-360-do-kamer-sportowych\/\" \/>\n<meta property=\"og:locale\" content=\"pl_PL\" \/>\n<meta property=\"og:type\" content=\"article\" \/>\n<meta property=\"og:title\" content=\"Uchwyt rowerowy TELESIN 360\u00b0 do kamer sportowych - IRONSKY.PL Sklep z Dronami\" \/>\n<meta property=\"og:description\" content=\"Uchwyt rowerowy TELESIN 360\u00b0 do kamer sportowych - \u2705 sklep z dronami i fachowym doradztwem. \u2705 Tutaj kupisz produkty DJI, Yuneec, Parrot, Syma i wiele innych, a tak\u017ce kursy i licencje na operatora drona.\" \/>\n<meta property=\"og:url\" content=\"https:\/\/ironsky.pl\/sklep\/produkt\/uchwyt-rowerowy-telesin-360-do-kamer-sportowych\/\" \/>\n<meta property=\"og:site_name\" content=\"IRONSKY.PL Sklep z Dronami\" \/>\n<meta property=\"article:modified_time\" content=\"2026-04-15T08:46:06+00:00\" \/>\n<meta property=\"og:image\" content=\"https:\/\/ironsky.pl\/sklep\/wp-content\/uploads\/2026\/04\/21486_4.png\" \/>\n\t<meta property=\"og:image:width\" content=\"678\" \/>\n\t<meta property=\"og:image:height\" content=\"577\" \/>\n\t<meta property=\"og:image:type\" content=\"image\/png\" \/>\n<meta name=\"twitter:card\" content=\"summary_large_image\" \/>\n<meta name=\"twitter:label1\" content=\"Szacowany czas czytania\" \/>\n\t<meta name=\"twitter:data1\" content=\"2 minuty\" \/>\n<script type=\"application\/ld+json\" class=\"yoast-schema-graph\">{\"@context\":\"https:\/\/schema.org\",\"@graph\":[{\"@type\":\"WebPage\",\"@id\":\"https:\/\/ironsky.pl\/sklep\/produkt\/uchwyt-rowerowy-telesin-360-do-kamer-sportowych\/\",\"url\":\"https:\/\/ironsky.pl\/sklep\/produkt\/uchwyt-rowerowy-telesin-360-do-kamer-sportowych\/\",\"name\":\"Uchwyt rowerowy TELESIN 360\u00b0 do kamer sportowych - IRONSKY.PL Sklep z Dronami\",\"isPartOf\":{\"@id\":\"https:\/\/ironsky.pl\/sklep\/#website\"},\"primaryImageOfPage\":{\"@id\":\"https:\/\/ironsky.pl\/sklep\/produkt\/uchwyt-rowerowy-telesin-360-do-kamer-sportowych\/#primaryimage\"},\"image\":{\"@id\":\"https:\/\/ironsky.pl\/sklep\/produkt\/uchwyt-rowerowy-telesin-360-do-kamer-sportowych\/#primaryimage\"},\"thumbnailUrl\":\"https:\/\/ironsky.pl\/sklep\/wp-content\/uploads\/2026\/04\/21486_4.png\",\"datePublished\":\"2026-04-15T08:07:54+00:00\",\"dateModified\":\"2026-04-15T08:46:06+00:00\",\"description\":\"Uchwyt rowerowy TELESIN 360\u00b0 do kamer sportowych - \u2705 sklep z dronami i fachowym doradztwem. \u2705 Tutaj kupisz produkty DJI, Yuneec, Parrot, Syma i wiele innych, a tak\u017ce kursy i licencje na operatora drona.\",\"breadcrumb\":{\"@id\":\"https:\/\/ironsky.pl\/sklep\/produkt\/uchwyt-rowerowy-telesin-360-do-kamer-sportowych\/#breadcrumb\"},\"inLanguage\":\"pl-PL\",\"potentialAction\":[{\"@type\":\"ReadAction\",\"target\":[\"https:\/\/ironsky.pl\/sklep\/produkt\/uchwyt-rowerowy-telesin-360-do-kamer-sportowych\/\"]}]},{\"@type\":\"ImageObject\",\"inLanguage\":\"pl-PL\",\"@id\":\"https:\/\/ironsky.pl\/sklep\/produkt\/uchwyt-rowerowy-telesin-360-do-kamer-sportowych\/#primaryimage\",\"url\":\"https:\/\/ironsky.pl\/sklep\/wp-content\/uploads\/2026\/04\/21486_4.png\",\"contentUrl\":\"https:\/\/ironsky.pl\/sklep\/wp-content\/uploads\/2026\/04\/21486_4.png\",\"width\":678,\"height\":577},{\"@type\":\"BreadcrumbList\",\"@id\":\"https:\/\/ironsky.pl\/sklep\/produkt\/uchwyt-rowerowy-telesin-360-do-kamer-sportowych\/#breadcrumb\",\"itemListElement\":[{\"@type\":\"ListItem\",\"position\":1,\"name\":\"Strona g\u0142\u00f3wna\",\"item\":\"https:\/\/ironsky.pl\/sklep\/\"},{\"@type\":\"ListItem\",\"position\":2,\"name\":\"Wszystkie produkty\",\"item\":\"https:\/\/ironsky.pl\/sklep\/produkty\/\"},{\"@type\":\"ListItem\",\"position\":3,\"name\":\"Uchwyt rowerowy TELESIN 360\u00b0 do kamer sportowych\"}]},{\"@type\":\"WebSite\",\"@id\":\"https:\/\/ironsky.pl\/sklep\/#website\",\"url\":\"https:\/\/ironsky.pl\/sklep\/\",\"name\":\"IRONSKY.PL Sklep z Dronami\",\"description\":\"IRONSKY.PL Sklep z Dronami\",\"potentialAction\":[{\"@type\":\"SearchAction\",\"target\":{\"@type\":\"EntryPoint\",\"urlTemplate\":\"https:\/\/ironsky.pl\/sklep\/?s={search_term_string}\"},\"query-input\":{\"@type\":\"PropertyValueSpecification\",\"valueRequired\":true,\"valueName\":\"search_term_string\"}}],\"inLanguage\":\"pl-PL\"}]}<\/script>\n<!-- \/ Yoast SEO plugin. -->","yoast_head_json":{"title":"Uchwyt rowerowy TELESIN 360\u00b0 do kamer sportowych - IRONSKY.PL Sklep z Dronami","description":"Uchwyt rowerowy TELESIN 360\u00b0 do kamer sportowych - \u2705 sklep z dronami i fachowym doradztwem. \u2705 Tutaj kupisz produkty DJI, Yuneec, Parrot, Syma i wiele innych, a tak\u017ce kursy i licencje na operatora drona.","robots":{"index":"index","follow":"follow","max-snippet":"max-snippet:-1","max-image-preview":"max-image-preview:large","max-video-preview":"max-video-preview:-1"},"canonical":"https:\/\/ironsky.pl\/sklep\/produkt\/uchwyt-rowerowy-telesin-360-do-kamer-sportowych\/","og_locale":"pl_PL","og_type":"article","og_title":"Uchwyt rowerowy TELESIN 360\u00b0 do kamer sportowych - IRONSKY.PL Sklep z Dronami","og_description":"Uchwyt rowerowy TELESIN 360\u00b0 do kamer sportowych - \u2705 sklep z dronami i fachowym doradztwem. \u2705 Tutaj kupisz produkty DJI, Yuneec, Parrot, Syma i wiele innych, a tak\u017ce kursy i licencje na operatora drona.","og_url":"https:\/\/ironsky.pl\/sklep\/produkt\/uchwyt-rowerowy-telesin-360-do-kamer-sportowych\/","og_site_name":"IRONSKY.PL Sklep z Dronami","article_modified_time":"2026-04-15T08:46:06+00:00","og_image":[{"width":678,"height":577,"url":"https:\/\/ironsky.pl\/sklep\/wp-content\/uploads\/2026\/04\/21486_4.png","type":"image\/png"}],"twitter_card":"summary_large_image","twitter_misc":{"Szacowany czas czytania":"2 minuty"},"schema":{"@context":"https:\/\/schema.org","@graph":[{"@type":"WebPage","@id":"https:\/\/ironsky.pl\/sklep\/produkt\/uchwyt-rowerowy-telesin-360-do-kamer-sportowych\/","url":"https:\/\/ironsky.pl\/sklep\/produkt\/uchwyt-rowerowy-telesin-360-do-kamer-sportowych\/","name":"Uchwyt rowerowy TELESIN 360\u00b0 do kamer sportowych - IRONSKY.PL Sklep z Dronami","isPartOf":{"@id":"https:\/\/ironsky.pl\/sklep\/#website"},"primaryImageOfPage":{"@id":"https:\/\/ironsky.pl\/sklep\/produkt\/uchwyt-rowerowy-telesin-360-do-kamer-sportowych\/#primaryimage"},"image":{"@id":"https:\/\/ironsky.pl\/sklep\/produkt\/uchwyt-rowerowy-telesin-360-do-kamer-sportowych\/#primaryimage"},"thumbnailUrl":"https:\/\/ironsky.pl\/sklep\/wp-content\/uploads\/2026\/04\/21486_4.png","datePublished":"2026-04-15T08:07:54+00:00","dateModified":"2026-04-15T08:46:06+00:00","description":"Uchwyt rowerowy TELESIN 360\u00b0 do kamer sportowych - \u2705 sklep z dronami i fachowym doradztwem. \u2705 Tutaj kupisz produkty DJI, Yuneec, Parrot, Syma i wiele innych, a tak\u017ce kursy i licencje na operatora drona.","breadcrumb":{"@id":"https:\/\/ironsky.pl\/sklep\/produkt\/uchwyt-rowerowy-telesin-360-do-kamer-sportowych\/#breadcrumb"},"inLanguage":"pl-PL","potentialAction":[{"@type":"ReadAction","target":["https:\/\/ironsky.pl\/sklep\/produkt\/uchwyt-rowerowy-telesin-360-do-kamer-sportowych\/"]}]},{"@type":"ImageObject","inLanguage":"pl-PL","@id":"https:\/\/ironsky.pl\/sklep\/produkt\/uchwyt-rowerowy-telesin-360-do-kamer-sportowych\/#primaryimage","url":"https:\/\/ironsky.pl\/sklep\/wp-content\/uploads\/2026\/04\/21486_4.png","contentUrl":"https:\/\/ironsky.pl\/sklep\/wp-content\/uploads\/2026\/04\/21486_4.png","width":678,"height":577},{"@type":"BreadcrumbList","@id":"https:\/\/ironsky.pl\/sklep\/produkt\/uchwyt-rowerowy-telesin-360-do-kamer-sportowych\/#breadcrumb","itemListElement":[{"@type":"ListItem","position":1,"name":"Strona g\u0142\u00f3wna","item":"https:\/\/ironsky.pl\/sklep\/"},{"@type":"ListItem","position":2,"name":"Wszystkie produkty","item":"https:\/\/ironsky.pl\/sklep\/produkty\/"},{"@type":"ListItem","position":3,"name":"Uchwyt rowerowy TELESIN 360\u00b0 do kamer sportowych"}]},{"@type":"WebSite","@id":"https:\/\/ironsky.pl\/sklep\/#website","url":"https:\/\/ironsky.pl\/sklep\/","name":"IRONSKY.PL Sklep z Dronami","description":"IRONSKY.PL Sklep z Dronami","potentialAction":[{"@type":"SearchAction","target":{"@type":"EntryPoint","urlTemplate":"https:\/\/ironsky.pl\/sklep\/?s={search_term_string}"},"query-input":{"@type":"PropertyValueSpecification","valueRequired":true,"valueName":"search_term_string"}}],"inLanguage":"pl-PL"}]}},"_links":{"self":[{"href":"https:\/\/ironsky.pl\/sklep\/wp-json\/wp\/v2\/product\/55811","targetHints":{"allow":["GET"]}}],"collection":[{"href":"https:\/\/ironsky.pl\/sklep\/wp-json\/wp\/v2\/product"}],"about":[{"href":"https:\/\/ironsky.pl\/sklep\/wp-json\/wp\/v2\/types\/product"}],"replies":[{"embeddable":true,"href":"https:\/\/ironsky.pl\/sklep\/wp-json\/wp\/v2\/comments?post=55811"}],"wp:featuredmedia":[{"embeddable":true,"href":"https:\/\/ironsky.pl\/sklep\/wp-json\/wp\/v2\/media\/55812"}],"wp:attachment":[{"href":"https:\/\/ironsky.pl\/sklep\/wp-json\/wp\/v2\/media?parent=55811"}],"wp:term":[{"taxonomy":"product_brand","embeddable":true,"href":"https:\/\/ironsky.pl\/sklep\/wp-json\/wp\/v2\/product_brand?post=55811"},{"taxonomy":"product_cat","embeddable":true,"href":"https:\/\/ironsky.pl\/sklep\/wp-json\/wp\/v2\/product_cat?post=55811"},{"taxonomy":"product_tag","embeddable":true,"href":"https:\/\/ironsky.pl\/sklep\/wp-json\/wp\/v2\/product_tag?post=55811"}],"curies":[{"name":"wp","href":"https:\/\/api.w.org\/{rel}","templated":true}]}}