{"id":55795,"date":"2026-04-15T10:07:54","date_gmt":"2026-04-15T08:07:54","guid":{"rendered":"https:\/\/ironsky.pl\/sklep\/produkt\/mocowanie-na-pasek-plecaka-telesin-j-hook-360\/"},"modified":"2026-04-15T10:08:12","modified_gmt":"2026-04-15T08:08:12","slug":"mocowanie-na-pasek-plecaka-telesin-j-hook-360","status":"publish","type":"product","link":"https:\/\/ironsky.pl\/sklep\/produkt\/mocowanie-na-pasek-plecaka-telesin-j-hook-360\/","title":{"rendered":"Mocowanie na pasek plecaka TELESIN J-hook 360\u00b0"},"content":{"rendered":"<h3>Mocowanie Telesin na pasek plecaka z uchwytem typu J-hook 360\u00b0 do GoPro\/Osmo Action (GP-BPM-005)    <\/h3>\n<p>Zyskaj now\u0105 perspektyw\u0119 i tw\u00f3rz jeszcze ciekawsze uj\u0119cia. Obrotowe, podw\u00f3jne mocowanie typu J-hook jest kompatybilne z GoPro\/Osmo Action, co pozwala nagrywa\u0107 oryginalne materia\u0142y na przyk\u0142ad podczas jazdy na motorze. Zosta\u0142o wykonane z wytrzyma\u0142ych materia\u0142\u00f3w, kt\u00f3re zapewniaj\u0105 mu d\u0142ug\u0105 \u017cywotno\u015b\u0107 i odporno\u015b\u0107 na uszkodzenia. Jest te\u017c niezwykle proste w monta\u017cu.<\/p>\n<p>\n<img decoding=\"async\" src=\"https:\/\/assets.innpro.pl\/115\/20151\/2.jpg\" border=\"0\" alt=\"\" \/>\n<\/p>\n<h3>Zapewnij sobie wymarzon\u0105 perspektyw\u0119<\/h3>\n<p>Nagrywaj z dok\u0142adnie takiej perspektywy, na jakiej Ci zale\u017cy. Mocowanie obraca si\u0119 o 360\u00b0, a jego k\u0105t nachylenia mo\u017cna regulowa\u0107 w zakresie 90\u00b0. To daje Ci niemal nieograniczon\u0105 swobod\u0119. Ustaw swoj\u0105 kamer\u0119 tak, jak chcesz i wykonaj oryginalne uj\u0119cie ca\u0142kowicie zgodne z Twoj\u0105 wizj\u0105.<\/p>\n<p>\n<img decoding=\"async\" src=\"https:\/\/assets.innpro.pl\/115\/20151\/1.jpg\" border=\"0\" alt=\"\" \/>\n<\/p>\n<h3>Solidne wykonanie<\/h3>\n<p>Wykonane z wytrzyma\u0142ego stopu aluminium pr\u0119ty mocowania zapewniaj\u0105 mu niesamowit\u0105 trwa\u0142o\u015b\u0107. Produkt jest odporny na uszkodzenia i zu\u017cycie, a zarazem niezwykle stabilny. D\u0142uga \u017cywotno\u015b\u0107 i doskona\u0142ej jako\u015bci wykonanie sprawiaj\u0105, \u017ce to praktyczne akcesorium mo\u017ce fantastycznie Ci s\u0142u\u017cy\u0107 przez wiele lat.<\/p>\n<p>\n<img decoding=\"async\" src=\"https:\/\/assets.innpro.pl\/115\/20151\/7.jpg\" border=\"0\" alt=\"\" \/>\n<\/p>\n<h3>Kompatybilne<\/h3>\n<p>Mocowanie jest kompatybilne z wieloma modelami kamer sportowych. Z powodzeniem zamontujesz na nim swoje urz\u0105dzenie z serii GoPro lub DJI Osmo Action. Niewa\u017cne, jakiego sprz\u0119tu u\u017cywasz \u2014 Ty te\u017c mo\u017cesz zyska\u0107 mo\u017cliwo\u015b\u0107 nagrywania z nowej, ciekawej perspektywy!<\/p>\n<p>\n<img decoding=\"async\" src=\"https:\/\/assets.innpro.pl\/115\/20151\/3.jpg\" border=\"0\" alt=\"\" \/>\n<\/p>\n<h3>W zestawie<\/h3>\n<ul class=\"list-disc pl-5\">\n<li>x1 Mocowanie rzepowe na pasek plecaka<\/li>\n<li>x1 Mocowanie typu J-hook\u00a0360\u00b0<\/li>\n<li>x1 \u015aruba monta\u017cowa<\/li>\n<\/ul>\n<div class=\"table-wrapper\">\n<p>\u00a0<\/p>\n<h3><\/h3>\n<table>\n<tbody>\n<tr>\n<th>Producent<\/th>\n<td>Telesin<\/td>\n<\/tr>\n<tr>\n<th>Model<\/th>\n<td>GP-BPM-005<\/td>\n<\/tr>\n<tr>\n<th>Waga<\/th>\n<td>24,7 g<\/td>\n<\/tr>\n<tr>\n<th>Wymiary<\/th>\n<td>79,3 x 33 x 46,5 mm<\/td>\n<\/tr>\n<tr>\n<th>Kompatybilno\u015b\u0107<\/th>\n<td>GoPro\/Osmo Action<\/td>\n<\/tr>\n<\/tbody>\n<\/table>\n<\/div>\n","protected":false},"excerpt":{"rendered":"<p>Mocowanie Telesin na pasek plecaka z uchwytem typu J-hook 360\u00b0 do GoPro\/Osmo Action (GP-BPM-005) Zyskaj now\u0105 perspektyw\u0119 i tw\u00f3rz jeszcze<\/p>\n","protected":false},"featured_media":55796,"comment_status":"closed","ping_status":"open","template":"","meta":{"_acf_changed":false},"product_brand":[],"product_cat":[1128,6178,6176,6177,6181,1138],"product_tag":[],"class_list":{"0":"post-55795","1":"product","2":"type-product","3":"status-publish","4":"has-post-thumbnail","6":"product_cat-foto-wideo","7":"product_cat-mocowania","8":"product_cat-selfie-stiki","9":"product_cat-statywy-selfie-stiki","10":"product_cat-szelki-mocowania-i-uchwyty","11":"product_cat-wysiegniki","12":"pa_okres-gwarancji-5754","13":"pa_producent-telesin","15":"first","16":"outofstock","17":"taxable","18":"shipping-taxable","19":"purchasable","20":"product-type-simple"},"acf":[],"yoast_head":"<!-- This site is optimized with the Yoast SEO plugin v27.2 - https:\/\/yoast.com\/product\/yoast-seo-wordpress\/ -->\n<title>Mocowanie na pasek plecaka TELESIN J-hook 360\u00b0 - IRONSKY.PL Sklep z Dronami<\/title>\n<meta name=\"description\" content=\"Mocowanie na pasek plecaka TELESIN J-hook 360\u00b0 - \u2705 sklep z dronami i fachowym doradztwem. \u2705 Tutaj kupisz produkty DJI, Yuneec, Parrot, Syma i wiele innych, a tak\u017ce kursy i licencje na operatora drona.\" \/>\n<meta name=\"robots\" content=\"index, follow, max-snippet:-1, max-image-preview:large, max-video-preview:-1\" \/>\n<link rel=\"canonical\" href=\"https:\/\/ironsky.pl\/sklep\/produkt\/mocowanie-na-pasek-plecaka-telesin-j-hook-360\/\" \/>\n<meta property=\"og:locale\" content=\"pl_PL\" \/>\n<meta property=\"og:type\" content=\"article\" \/>\n<meta property=\"og:title\" content=\"Mocowanie na pasek plecaka TELESIN J-hook 360\u00b0 - IRONSKY.PL Sklep z Dronami\" \/>\n<meta property=\"og:description\" content=\"Mocowanie na pasek plecaka TELESIN J-hook 360\u00b0 - \u2705 sklep z dronami i fachowym doradztwem. \u2705 Tutaj kupisz produkty DJI, Yuneec, Parrot, Syma i wiele innych, a tak\u017ce kursy i licencje na operatora drona.\" \/>\n<meta property=\"og:url\" content=\"https:\/\/ironsky.pl\/sklep\/produkt\/mocowanie-na-pasek-plecaka-telesin-j-hook-360\/\" \/>\n<meta property=\"og:site_name\" content=\"IRONSKY.PL Sklep z Dronami\" \/>\n<meta property=\"article:modified_time\" content=\"2026-04-15T08:08:12+00:00\" \/>\n<meta property=\"og:image\" content=\"https:\/\/ironsky.pl\/sklep\/wp-content\/uploads\/2026\/04\/21384_2.jpg\" \/>\n\t<meta property=\"og:image:width\" content=\"800\" \/>\n\t<meta property=\"og:image:height\" content=\"801\" \/>\n\t<meta property=\"og:image:type\" content=\"image\/jpeg\" \/>\n<meta name=\"twitter:card\" content=\"summary_large_image\" \/>\n<meta name=\"twitter:label1\" content=\"Szacowany czas czytania\" \/>\n\t<meta name=\"twitter:data1\" content=\"1 minuta\" \/>\n<script type=\"application\/ld+json\" class=\"yoast-schema-graph\">{\"@context\":\"https:\/\/schema.org\",\"@graph\":[{\"@type\":\"WebPage\",\"@id\":\"https:\/\/ironsky.pl\/sklep\/produkt\/mocowanie-na-pasek-plecaka-telesin-j-hook-360\/\",\"url\":\"https:\/\/ironsky.pl\/sklep\/produkt\/mocowanie-na-pasek-plecaka-telesin-j-hook-360\/\",\"name\":\"Mocowanie na pasek plecaka TELESIN J-hook 360\u00b0 - IRONSKY.PL Sklep z Dronami\",\"isPartOf\":{\"@id\":\"https:\/\/ironsky.pl\/sklep\/#website\"},\"primaryImageOfPage\":{\"@id\":\"https:\/\/ironsky.pl\/sklep\/produkt\/mocowanie-na-pasek-plecaka-telesin-j-hook-360\/#primaryimage\"},\"image\":{\"@id\":\"https:\/\/ironsky.pl\/sklep\/produkt\/mocowanie-na-pasek-plecaka-telesin-j-hook-360\/#primaryimage\"},\"thumbnailUrl\":\"https:\/\/ironsky.pl\/sklep\/wp-content\/uploads\/2026\/04\/21384_2.jpg\",\"datePublished\":\"2026-04-15T08:07:54+00:00\",\"dateModified\":\"2026-04-15T08:08:12+00:00\",\"description\":\"Mocowanie na pasek plecaka TELESIN J-hook 360\u00b0 - \u2705 sklep z dronami i fachowym doradztwem. \u2705 Tutaj kupisz produkty DJI, Yuneec, Parrot, Syma i wiele innych, a tak\u017ce kursy i licencje na operatora drona.\",\"breadcrumb\":{\"@id\":\"https:\/\/ironsky.pl\/sklep\/produkt\/mocowanie-na-pasek-plecaka-telesin-j-hook-360\/#breadcrumb\"},\"inLanguage\":\"pl-PL\",\"potentialAction\":[{\"@type\":\"ReadAction\",\"target\":[\"https:\/\/ironsky.pl\/sklep\/produkt\/mocowanie-na-pasek-plecaka-telesin-j-hook-360\/\"]}]},{\"@type\":\"ImageObject\",\"inLanguage\":\"pl-PL\",\"@id\":\"https:\/\/ironsky.pl\/sklep\/produkt\/mocowanie-na-pasek-plecaka-telesin-j-hook-360\/#primaryimage\",\"url\":\"https:\/\/ironsky.pl\/sklep\/wp-content\/uploads\/2026\/04\/21384_2.jpg\",\"contentUrl\":\"https:\/\/ironsky.pl\/sklep\/wp-content\/uploads\/2026\/04\/21384_2.jpg\",\"width\":800,\"height\":801},{\"@type\":\"BreadcrumbList\",\"@id\":\"https:\/\/ironsky.pl\/sklep\/produkt\/mocowanie-na-pasek-plecaka-telesin-j-hook-360\/#breadcrumb\",\"itemListElement\":[{\"@type\":\"ListItem\",\"position\":1,\"name\":\"Strona g\u0142\u00f3wna\",\"item\":\"https:\/\/ironsky.pl\/sklep\/\"},{\"@type\":\"ListItem\",\"position\":2,\"name\":\"Wszystkie produkty\",\"item\":\"https:\/\/ironsky.pl\/sklep\/produkty\/\"},{\"@type\":\"ListItem\",\"position\":3,\"name\":\"Mocowanie na pasek plecaka TELESIN J-hook 360\u00b0\"}]},{\"@type\":\"WebSite\",\"@id\":\"https:\/\/ironsky.pl\/sklep\/#website\",\"url\":\"https:\/\/ironsky.pl\/sklep\/\",\"name\":\"IRONSKY.PL Sklep z Dronami\",\"description\":\"IRONSKY.PL Sklep z Dronami\",\"potentialAction\":[{\"@type\":\"SearchAction\",\"target\":{\"@type\":\"EntryPoint\",\"urlTemplate\":\"https:\/\/ironsky.pl\/sklep\/?s={search_term_string}\"},\"query-input\":{\"@type\":\"PropertyValueSpecification\",\"valueRequired\":true,\"valueName\":\"search_term_string\"}}],\"inLanguage\":\"pl-PL\"}]}<\/script>\n<!-- \/ Yoast SEO plugin. -->","yoast_head_json":{"title":"Mocowanie na pasek plecaka TELESIN J-hook 360\u00b0 - IRONSKY.PL Sklep z Dronami","description":"Mocowanie na pasek plecaka TELESIN J-hook 360\u00b0 - \u2705 sklep z dronami i fachowym doradztwem. \u2705 Tutaj kupisz produkty DJI, Yuneec, Parrot, Syma i wiele innych, a tak\u017ce kursy i licencje na operatora drona.","robots":{"index":"index","follow":"follow","max-snippet":"max-snippet:-1","max-image-preview":"max-image-preview:large","max-video-preview":"max-video-preview:-1"},"canonical":"https:\/\/ironsky.pl\/sklep\/produkt\/mocowanie-na-pasek-plecaka-telesin-j-hook-360\/","og_locale":"pl_PL","og_type":"article","og_title":"Mocowanie na pasek plecaka TELESIN J-hook 360\u00b0 - IRONSKY.PL Sklep z Dronami","og_description":"Mocowanie na pasek plecaka TELESIN J-hook 360\u00b0 - \u2705 sklep z dronami i fachowym doradztwem. \u2705 Tutaj kupisz produkty DJI, Yuneec, Parrot, Syma i wiele innych, a tak\u017ce kursy i licencje na operatora drona.","og_url":"https:\/\/ironsky.pl\/sklep\/produkt\/mocowanie-na-pasek-plecaka-telesin-j-hook-360\/","og_site_name":"IRONSKY.PL Sklep z Dronami","article_modified_time":"2026-04-15T08:08:12+00:00","og_image":[{"width":800,"height":801,"url":"https:\/\/ironsky.pl\/sklep\/wp-content\/uploads\/2026\/04\/21384_2.jpg","type":"image\/jpeg"}],"twitter_card":"summary_large_image","twitter_misc":{"Szacowany czas czytania":"1 minuta"},"schema":{"@context":"https:\/\/schema.org","@graph":[{"@type":"WebPage","@id":"https:\/\/ironsky.pl\/sklep\/produkt\/mocowanie-na-pasek-plecaka-telesin-j-hook-360\/","url":"https:\/\/ironsky.pl\/sklep\/produkt\/mocowanie-na-pasek-plecaka-telesin-j-hook-360\/","name":"Mocowanie na pasek plecaka TELESIN J-hook 360\u00b0 - IRONSKY.PL Sklep z Dronami","isPartOf":{"@id":"https:\/\/ironsky.pl\/sklep\/#website"},"primaryImageOfPage":{"@id":"https:\/\/ironsky.pl\/sklep\/produkt\/mocowanie-na-pasek-plecaka-telesin-j-hook-360\/#primaryimage"},"image":{"@id":"https:\/\/ironsky.pl\/sklep\/produkt\/mocowanie-na-pasek-plecaka-telesin-j-hook-360\/#primaryimage"},"thumbnailUrl":"https:\/\/ironsky.pl\/sklep\/wp-content\/uploads\/2026\/04\/21384_2.jpg","datePublished":"2026-04-15T08:07:54+00:00","dateModified":"2026-04-15T08:08:12+00:00","description":"Mocowanie na pasek plecaka TELESIN J-hook 360\u00b0 - \u2705 sklep z dronami i fachowym doradztwem. \u2705 Tutaj kupisz produkty DJI, Yuneec, Parrot, Syma i wiele innych, a tak\u017ce kursy i licencje na operatora drona.","breadcrumb":{"@id":"https:\/\/ironsky.pl\/sklep\/produkt\/mocowanie-na-pasek-plecaka-telesin-j-hook-360\/#breadcrumb"},"inLanguage":"pl-PL","potentialAction":[{"@type":"ReadAction","target":["https:\/\/ironsky.pl\/sklep\/produkt\/mocowanie-na-pasek-plecaka-telesin-j-hook-360\/"]}]},{"@type":"ImageObject","inLanguage":"pl-PL","@id":"https:\/\/ironsky.pl\/sklep\/produkt\/mocowanie-na-pasek-plecaka-telesin-j-hook-360\/#primaryimage","url":"https:\/\/ironsky.pl\/sklep\/wp-content\/uploads\/2026\/04\/21384_2.jpg","contentUrl":"https:\/\/ironsky.pl\/sklep\/wp-content\/uploads\/2026\/04\/21384_2.jpg","width":800,"height":801},{"@type":"BreadcrumbList","@id":"https:\/\/ironsky.pl\/sklep\/produkt\/mocowanie-na-pasek-plecaka-telesin-j-hook-360\/#breadcrumb","itemListElement":[{"@type":"ListItem","position":1,"name":"Strona g\u0142\u00f3wna","item":"https:\/\/ironsky.pl\/sklep\/"},{"@type":"ListItem","position":2,"name":"Wszystkie produkty","item":"https:\/\/ironsky.pl\/sklep\/produkty\/"},{"@type":"ListItem","position":3,"name":"Mocowanie na pasek plecaka TELESIN J-hook 360\u00b0"}]},{"@type":"WebSite","@id":"https:\/\/ironsky.pl\/sklep\/#website","url":"https:\/\/ironsky.pl\/sklep\/","name":"IRONSKY.PL Sklep z Dronami","description":"IRONSKY.PL Sklep z Dronami","potentialAction":[{"@type":"SearchAction","target":{"@type":"EntryPoint","urlTemplate":"https:\/\/ironsky.pl\/sklep\/?s={search_term_string}"},"query-input":{"@type":"PropertyValueSpecification","valueRequired":true,"valueName":"search_term_string"}}],"inLanguage":"pl-PL"}]}},"_links":{"self":[{"href":"https:\/\/ironsky.pl\/sklep\/wp-json\/wp\/v2\/product\/55795","targetHints":{"allow":["GET"]}}],"collection":[{"href":"https:\/\/ironsky.pl\/sklep\/wp-json\/wp\/v2\/product"}],"about":[{"href":"https:\/\/ironsky.pl\/sklep\/wp-json\/wp\/v2\/types\/product"}],"replies":[{"embeddable":true,"href":"https:\/\/ironsky.pl\/sklep\/wp-json\/wp\/v2\/comments?post=55795"}],"wp:featuredmedia":[{"embeddable":true,"href":"https:\/\/ironsky.pl\/sklep\/wp-json\/wp\/v2\/media\/55796"}],"wp:attachment":[{"href":"https:\/\/ironsky.pl\/sklep\/wp-json\/wp\/v2\/media?parent=55795"}],"wp:term":[{"taxonomy":"product_brand","embeddable":true,"href":"https:\/\/ironsky.pl\/sklep\/wp-json\/wp\/v2\/product_brand?post=55795"},{"taxonomy":"product_cat","embeddable":true,"href":"https:\/\/ironsky.pl\/sklep\/wp-json\/wp\/v2\/product_cat?post=55795"},{"taxonomy":"product_tag","embeddable":true,"href":"https:\/\/ironsky.pl\/sklep\/wp-json\/wp\/v2\/product_tag?post=55795"}],"curies":[{"name":"wp","href":"https:\/\/api.w.org\/{rel}","templated":true}]}}