{"id":55792,"date":"2026-04-15T10:07:54","date_gmt":"2026-04-15T08:07:54","guid":{"rendered":"https:\/\/ironsky.pl\/sklep\/produkt\/mocowanie-telesin-na-pasek-plecaka-z-j-hook\/"},"modified":"2026-04-15T10:08:11","modified_gmt":"2026-04-15T08:08:11","slug":"mocowanie-telesin-na-pasek-plecaka-z-j-hook","status":"publish","type":"product","link":"https:\/\/ironsky.pl\/sklep\/produkt\/mocowanie-telesin-na-pasek-plecaka-z-j-hook\/","title":{"rendered":"Mocowanie TELESIN na pasek plecaka z J-hook"},"content":{"rendered":"<h3>Mocowanie Telesin na pasek plecaka z uchwytem typu J-hook do GoPro\/Osmo Action (GP-BPM-003)    <\/h3>\n<p>Uwolnij r\u0119ce i tw\u00f3rz oryginalne uj\u0119cia, kiedy jedziesz na rowerze, zdobywasz g\u00f3rskie szczyty lub zje\u017cd\u017casz na nartach. Zapinany na rzep, antypo\u015blizgowy pasek marki Telesin umo\u017cliwia stabilne przyczepienie kamery sportowej do plecaka. Wchodz\u0105ce w sk\u0142ad zestawu mocowanie typu J-hook daje Ci mn\u00f3stwo mo\u017cliwo\u015bci zastosowania akcesorium.<\/p>\n<p>\n<img decoding=\"async\" src=\"https:\/\/assets.innpro.pl\/15979\/20156\/9.jpg\" border=\"0\" alt=\"\" \/>\n<\/p>\n<h3>Antypo\u015blizgowy i stabilny<\/h3>\n<p>Wewn\u0119trzna strona paska zosta\u0142a wykonana z tworzywa PU. Wy\u0142o\u017cono j\u0105 tak\u017ce silikonem typu T. Akcesorium jest wi\u0119c antypo\u015blizgowe &#8211; nie b\u0119dzie si\u0119 trz\u0105\u015b\u0107 ani zsuwa\u0107 z szelek plecaka, dzi\u0119ki czemu nie zepsuje Ci wymarzonych uj\u0119\u0107. To daje Ci niemal nieograniczon\u0105 swobod\u0119 nagrywania nawet najbardziej dynamicznych materia\u0142\u00f3w.<\/p>\n<p>\n<img decoding=\"async\" src=\"https:\/\/assets.innpro.pl\/15979\/20156\/1.jpg\" border=\"0\" alt=\"\" \/>\n<\/p>\n<h3>Udoskonalone zapi\u0119cie na rzep<\/h3>\n<p>Zastosowanie doskona\u0142ej jako\u015bci rzepu sprawia, \u017ce pasek jest niezwykle prosty i wygodny w monta\u017cu, a zarazem niezawodny. Kiedy go zapniesz, stabilnie pozostanie na w\u0142a\u015bciwym miejscu. Nie musisz si\u0119 obawia\u0107, \u017ce nagle sam si\u0119 odepnie i spadnie, powoduj\u0105c uszkodzenie kamery. Rzep wyr\u00f3\u017cnia si\u0119 niesamowit\u0105 przyczepno\u015bci\u0105, zapewnia wi\u0119c ca\u0142kowite bezpiecze\u0144stwo u\u017cytkowania.<\/p>\n<p>\n<img decoding=\"async\" src=\"https:\/\/assets.innpro.pl\/15979\/20156\/8.jpg\" border=\"0\" alt=\"\" \/>\n<\/p>\n<h3>Szeroka kompatybilno\u015b\u0107<\/h3>\n<p>Pasek z mocowaniem Telesin b\u0119dzie doskona\u0142ym wyboremGoPro\/Osmo Action! Akcesorium jest kompatybilne z wi\u0119kszo\u015bci\u0105 dost\u0119pnych na rynku kamer sportowych popularnych marek. Przymocuj do niego swoje urz\u0105dzenie i uchwy\u0107 wszystkie cenne chwile na zachwycaj\u0105cych obrazach!<\/p>\n<p>\n<img decoding=\"async\" src=\"https:\/\/assets.innpro.pl\/15979\/20156\/4.jpg\" border=\"0\" alt=\"\" \/>\n<\/p>\n<h3>Nagrywaj tak, jak chcesz<\/h3>\n<p>Mocowanie typu J-hook daje Ci mo\u017cliwo\u015b\u0107 stosowania paska na wiele sposob\u00f3w. Bez problemu zamontujesz na nim swoj\u0105 kamer\u0119 sportow\u0105 w obudowie. Monta\u017c jest niezwykle prosty i trwa tylko kilka chwil.<\/p>\n<p>\n<img decoding=\"async\" src=\"https:\/\/assets.innpro.pl\/15979\/20156\/3.jpg\" border=\"0\" alt=\"\" \/>\n<\/p>\n<h3>Zaskakuj\u0105co du\u017cy ud\u017awig<\/h3>\n<p>Mimo niewielkich rozmiar\u00f3w akcesorium wyr\u00f3\u017cnia si\u0119 imponuj\u0105cym ud\u017awigiem. Mo\u017ce obs\u0142u\u017cy\u0107 urz\u0105dzenia o wadze do nawet 2 kg, co oznacza, \u017ce sprawdzi si\u0119 nie tylko w po\u0142\u0105czeniu z kamerami sportowymi, ale te\u017c na przyk\u0142ad SLR. Uwaga: aby zapewni\u0107 wi\u0119ksze bezpiecze\u0144stwo u\u017cytkowania, zalecamy korzystanie z urz\u0105dze\u0144 o wadze do 1,5 kg.<\/p>\n<p>\n<img decoding=\"async\" src=\"https:\/\/assets.innpro.pl\/15979\/20156\/6.jpg\" border=\"0\" alt=\"\" \/>\n<\/p>\n<h3>W zestawie<\/h3>\n<ul class=\"list-disc pl-5\">\n<li>x1 Mocowanie rzepowe na pasek\u00a0plecaka<\/li>\n<li>x1 Mocowanie typu J-hook<\/li>\n<li>x1 D\u0142uga \u015bruba<\/li>\n<\/ul>\n<div class=\"table-wrapper\">\n<p>\u00a0<\/p>\n<h3><\/h3>\n<table>\n<tbody>\n<tr>\n<th>Producent<\/th>\n<td>Telesin<\/td>\n<\/tr>\n<tr>\n<th>Model<\/th>\n<td>GP-BPM-003<\/td>\n<\/tr>\n<tr>\n<th>Wymiary<\/th>\n<td>220 x 120 x 80 mm<\/td>\n<\/tr>\n<tr>\n<th>Waga<\/th>\n<td>44,6 g<\/td>\n<\/tr>\n<tr>\n<th>Ud\u017awig<\/th>\n<td>Do 2 kg (dla wi\u0119kszego bezpiecze\u0144stwa zalecamy stosowanie urz\u0105dze\u0144 o wadze do 1,5 kg)<\/td>\n<\/tr>\n<tr>\n<th>Kompatybilno\u015b\u0107<\/th>\n<td>GoPro\/Osmo Action<\/td>\n<\/tr>\n<\/tbody>\n<\/table>\n<\/div>\n","protected":false},"excerpt":{"rendered":"<p>Mocowanie Telesin na pasek plecaka z uchwytem typu J-hook do GoPro\/Osmo Action (GP-BPM-003) Uwolnij r\u0119ce i tw\u00f3rz oryginalne uj\u0119cia, kiedy<\/p>\n","protected":false},"featured_media":55793,"comment_status":"closed","ping_status":"open","template":"","meta":{"_acf_changed":false},"product_brand":[],"product_cat":[1128,6178,6176,6177,6181,1138],"product_tag":[],"class_list":{"0":"post-55792","1":"product","2":"type-product","3":"status-publish","4":"has-post-thumbnail","6":"product_cat-foto-wideo","7":"product_cat-mocowania","8":"product_cat-selfie-stiki","9":"product_cat-statywy-selfie-stiki","10":"product_cat-szelki-mocowania-i-uchwyty","11":"product_cat-wysiegniki","12":"pa_okres-gwarancji-5754","13":"pa_producent-telesin","15":"first","16":"outofstock","17":"taxable","18":"shipping-taxable","19":"purchasable","20":"product-type-simple"},"acf":[],"yoast_head":"<!-- This site is optimized with the Yoast SEO plugin v27.2 - https:\/\/yoast.com\/product\/yoast-seo-wordpress\/ -->\n<title>Mocowanie TELESIN na pasek plecaka z J-hook - IRONSKY.PL Sklep z Dronami<\/title>\n<meta name=\"description\" content=\"Mocowanie TELESIN na pasek plecaka z J-hook - \u2705 sklep z dronami i fachowym doradztwem. \u2705 Tutaj kupisz produkty DJI, Yuneec, Parrot, Syma i wiele innych, a tak\u017ce kursy i licencje na operatora drona.\" \/>\n<meta name=\"robots\" content=\"index, follow, max-snippet:-1, max-image-preview:large, max-video-preview:-1\" \/>\n<link rel=\"canonical\" href=\"https:\/\/ironsky.pl\/sklep\/produkt\/mocowanie-telesin-na-pasek-plecaka-z-j-hook\/\" \/>\n<meta property=\"og:locale\" content=\"pl_PL\" \/>\n<meta property=\"og:type\" content=\"article\" \/>\n<meta property=\"og:title\" content=\"Mocowanie TELESIN na pasek plecaka z J-hook - IRONSKY.PL Sklep z Dronami\" \/>\n<meta property=\"og:description\" content=\"Mocowanie TELESIN na pasek plecaka z J-hook - \u2705 sklep z dronami i fachowym doradztwem. \u2705 Tutaj kupisz produkty DJI, Yuneec, Parrot, Syma i wiele innych, a tak\u017ce kursy i licencje na operatora drona.\" \/>\n<meta property=\"og:url\" content=\"https:\/\/ironsky.pl\/sklep\/produkt\/mocowanie-telesin-na-pasek-plecaka-z-j-hook\/\" \/>\n<meta property=\"og:site_name\" content=\"IRONSKY.PL Sklep z Dronami\" \/>\n<meta property=\"article:modified_time\" content=\"2026-04-15T08:08:11+00:00\" \/>\n<meta property=\"og:image\" content=\"https:\/\/ironsky.pl\/sklep\/wp-content\/uploads\/2026\/04\/21380_1.png\" \/>\n\t<meta property=\"og:image:width\" content=\"733\" \/>\n\t<meta property=\"og:image:height\" content=\"608\" \/>\n\t<meta property=\"og:image:type\" content=\"image\/png\" \/>\n<meta name=\"twitter:card\" content=\"summary_large_image\" \/>\n<meta name=\"twitter:label1\" content=\"Szacowany czas czytania\" \/>\n\t<meta name=\"twitter:data1\" content=\"2 minuty\" \/>\n<script type=\"application\/ld+json\" class=\"yoast-schema-graph\">{\"@context\":\"https:\/\/schema.org\",\"@graph\":[{\"@type\":\"WebPage\",\"@id\":\"https:\/\/ironsky.pl\/sklep\/produkt\/mocowanie-telesin-na-pasek-plecaka-z-j-hook\/\",\"url\":\"https:\/\/ironsky.pl\/sklep\/produkt\/mocowanie-telesin-na-pasek-plecaka-z-j-hook\/\",\"name\":\"Mocowanie TELESIN na pasek plecaka z J-hook - IRONSKY.PL Sklep z Dronami\",\"isPartOf\":{\"@id\":\"https:\/\/ironsky.pl\/sklep\/#website\"},\"primaryImageOfPage\":{\"@id\":\"https:\/\/ironsky.pl\/sklep\/produkt\/mocowanie-telesin-na-pasek-plecaka-z-j-hook\/#primaryimage\"},\"image\":{\"@id\":\"https:\/\/ironsky.pl\/sklep\/produkt\/mocowanie-telesin-na-pasek-plecaka-z-j-hook\/#primaryimage\"},\"thumbnailUrl\":\"https:\/\/ironsky.pl\/sklep\/wp-content\/uploads\/2026\/04\/21380_1.png\",\"datePublished\":\"2026-04-15T08:07:54+00:00\",\"dateModified\":\"2026-04-15T08:08:11+00:00\",\"description\":\"Mocowanie TELESIN na pasek plecaka z J-hook - \u2705 sklep z dronami i fachowym doradztwem. \u2705 Tutaj kupisz produkty DJI, Yuneec, Parrot, Syma i wiele innych, a tak\u017ce kursy i licencje na operatora drona.\",\"breadcrumb\":{\"@id\":\"https:\/\/ironsky.pl\/sklep\/produkt\/mocowanie-telesin-na-pasek-plecaka-z-j-hook\/#breadcrumb\"},\"inLanguage\":\"pl-PL\",\"potentialAction\":[{\"@type\":\"ReadAction\",\"target\":[\"https:\/\/ironsky.pl\/sklep\/produkt\/mocowanie-telesin-na-pasek-plecaka-z-j-hook\/\"]}]},{\"@type\":\"ImageObject\",\"inLanguage\":\"pl-PL\",\"@id\":\"https:\/\/ironsky.pl\/sklep\/produkt\/mocowanie-telesin-na-pasek-plecaka-z-j-hook\/#primaryimage\",\"url\":\"https:\/\/ironsky.pl\/sklep\/wp-content\/uploads\/2026\/04\/21380_1.png\",\"contentUrl\":\"https:\/\/ironsky.pl\/sklep\/wp-content\/uploads\/2026\/04\/21380_1.png\",\"width\":733,\"height\":608},{\"@type\":\"BreadcrumbList\",\"@id\":\"https:\/\/ironsky.pl\/sklep\/produkt\/mocowanie-telesin-na-pasek-plecaka-z-j-hook\/#breadcrumb\",\"itemListElement\":[{\"@type\":\"ListItem\",\"position\":1,\"name\":\"Strona g\u0142\u00f3wna\",\"item\":\"https:\/\/ironsky.pl\/sklep\/\"},{\"@type\":\"ListItem\",\"position\":2,\"name\":\"Wszystkie produkty\",\"item\":\"https:\/\/ironsky.pl\/sklep\/produkty\/\"},{\"@type\":\"ListItem\",\"position\":3,\"name\":\"Mocowanie TELESIN na pasek plecaka z J-hook\"}]},{\"@type\":\"WebSite\",\"@id\":\"https:\/\/ironsky.pl\/sklep\/#website\",\"url\":\"https:\/\/ironsky.pl\/sklep\/\",\"name\":\"IRONSKY.PL Sklep z Dronami\",\"description\":\"IRONSKY.PL Sklep z Dronami\",\"potentialAction\":[{\"@type\":\"SearchAction\",\"target\":{\"@type\":\"EntryPoint\",\"urlTemplate\":\"https:\/\/ironsky.pl\/sklep\/?s={search_term_string}\"},\"query-input\":{\"@type\":\"PropertyValueSpecification\",\"valueRequired\":true,\"valueName\":\"search_term_string\"}}],\"inLanguage\":\"pl-PL\"}]}<\/script>\n<!-- \/ Yoast SEO plugin. -->","yoast_head_json":{"title":"Mocowanie TELESIN na pasek plecaka z J-hook - IRONSKY.PL Sklep z Dronami","description":"Mocowanie TELESIN na pasek plecaka z J-hook - \u2705 sklep z dronami i fachowym doradztwem. \u2705 Tutaj kupisz produkty DJI, Yuneec, Parrot, Syma i wiele innych, a tak\u017ce kursy i licencje na operatora drona.","robots":{"index":"index","follow":"follow","max-snippet":"max-snippet:-1","max-image-preview":"max-image-preview:large","max-video-preview":"max-video-preview:-1"},"canonical":"https:\/\/ironsky.pl\/sklep\/produkt\/mocowanie-telesin-na-pasek-plecaka-z-j-hook\/","og_locale":"pl_PL","og_type":"article","og_title":"Mocowanie TELESIN na pasek plecaka z J-hook - IRONSKY.PL Sklep z Dronami","og_description":"Mocowanie TELESIN na pasek plecaka z J-hook - \u2705 sklep z dronami i fachowym doradztwem. \u2705 Tutaj kupisz produkty DJI, Yuneec, Parrot, Syma i wiele innych, a tak\u017ce kursy i licencje na operatora drona.","og_url":"https:\/\/ironsky.pl\/sklep\/produkt\/mocowanie-telesin-na-pasek-plecaka-z-j-hook\/","og_site_name":"IRONSKY.PL Sklep z Dronami","article_modified_time":"2026-04-15T08:08:11+00:00","og_image":[{"width":733,"height":608,"url":"https:\/\/ironsky.pl\/sklep\/wp-content\/uploads\/2026\/04\/21380_1.png","type":"image\/png"}],"twitter_card":"summary_large_image","twitter_misc":{"Szacowany czas czytania":"2 minuty"},"schema":{"@context":"https:\/\/schema.org","@graph":[{"@type":"WebPage","@id":"https:\/\/ironsky.pl\/sklep\/produkt\/mocowanie-telesin-na-pasek-plecaka-z-j-hook\/","url":"https:\/\/ironsky.pl\/sklep\/produkt\/mocowanie-telesin-na-pasek-plecaka-z-j-hook\/","name":"Mocowanie TELESIN na pasek plecaka z J-hook - IRONSKY.PL Sklep z Dronami","isPartOf":{"@id":"https:\/\/ironsky.pl\/sklep\/#website"},"primaryImageOfPage":{"@id":"https:\/\/ironsky.pl\/sklep\/produkt\/mocowanie-telesin-na-pasek-plecaka-z-j-hook\/#primaryimage"},"image":{"@id":"https:\/\/ironsky.pl\/sklep\/produkt\/mocowanie-telesin-na-pasek-plecaka-z-j-hook\/#primaryimage"},"thumbnailUrl":"https:\/\/ironsky.pl\/sklep\/wp-content\/uploads\/2026\/04\/21380_1.png","datePublished":"2026-04-15T08:07:54+00:00","dateModified":"2026-04-15T08:08:11+00:00","description":"Mocowanie TELESIN na pasek plecaka z J-hook - \u2705 sklep z dronami i fachowym doradztwem. \u2705 Tutaj kupisz produkty DJI, Yuneec, Parrot, Syma i wiele innych, a tak\u017ce kursy i licencje na operatora drona.","breadcrumb":{"@id":"https:\/\/ironsky.pl\/sklep\/produkt\/mocowanie-telesin-na-pasek-plecaka-z-j-hook\/#breadcrumb"},"inLanguage":"pl-PL","potentialAction":[{"@type":"ReadAction","target":["https:\/\/ironsky.pl\/sklep\/produkt\/mocowanie-telesin-na-pasek-plecaka-z-j-hook\/"]}]},{"@type":"ImageObject","inLanguage":"pl-PL","@id":"https:\/\/ironsky.pl\/sklep\/produkt\/mocowanie-telesin-na-pasek-plecaka-z-j-hook\/#primaryimage","url":"https:\/\/ironsky.pl\/sklep\/wp-content\/uploads\/2026\/04\/21380_1.png","contentUrl":"https:\/\/ironsky.pl\/sklep\/wp-content\/uploads\/2026\/04\/21380_1.png","width":733,"height":608},{"@type":"BreadcrumbList","@id":"https:\/\/ironsky.pl\/sklep\/produkt\/mocowanie-telesin-na-pasek-plecaka-z-j-hook\/#breadcrumb","itemListElement":[{"@type":"ListItem","position":1,"name":"Strona g\u0142\u00f3wna","item":"https:\/\/ironsky.pl\/sklep\/"},{"@type":"ListItem","position":2,"name":"Wszystkie produkty","item":"https:\/\/ironsky.pl\/sklep\/produkty\/"},{"@type":"ListItem","position":3,"name":"Mocowanie TELESIN na pasek plecaka z J-hook"}]},{"@type":"WebSite","@id":"https:\/\/ironsky.pl\/sklep\/#website","url":"https:\/\/ironsky.pl\/sklep\/","name":"IRONSKY.PL Sklep z Dronami","description":"IRONSKY.PL Sklep z Dronami","potentialAction":[{"@type":"SearchAction","target":{"@type":"EntryPoint","urlTemplate":"https:\/\/ironsky.pl\/sklep\/?s={search_term_string}"},"query-input":{"@type":"PropertyValueSpecification","valueRequired":true,"valueName":"search_term_string"}}],"inLanguage":"pl-PL"}]}},"_links":{"self":[{"href":"https:\/\/ironsky.pl\/sklep\/wp-json\/wp\/v2\/product\/55792","targetHints":{"allow":["GET"]}}],"collection":[{"href":"https:\/\/ironsky.pl\/sklep\/wp-json\/wp\/v2\/product"}],"about":[{"href":"https:\/\/ironsky.pl\/sklep\/wp-json\/wp\/v2\/types\/product"}],"replies":[{"embeddable":true,"href":"https:\/\/ironsky.pl\/sklep\/wp-json\/wp\/v2\/comments?post=55792"}],"wp:featuredmedia":[{"embeddable":true,"href":"https:\/\/ironsky.pl\/sklep\/wp-json\/wp\/v2\/media\/55793"}],"wp:attachment":[{"href":"https:\/\/ironsky.pl\/sklep\/wp-json\/wp\/v2\/media?parent=55792"}],"wp:term":[{"taxonomy":"product_brand","embeddable":true,"href":"https:\/\/ironsky.pl\/sklep\/wp-json\/wp\/v2\/product_brand?post=55792"},{"taxonomy":"product_cat","embeddable":true,"href":"https:\/\/ironsky.pl\/sklep\/wp-json\/wp\/v2\/product_cat?post=55792"},{"taxonomy":"product_tag","embeddable":true,"href":"https:\/\/ironsky.pl\/sklep\/wp-json\/wp\/v2\/product_tag?post=55792"}],"curies":[{"name":"wp","href":"https:\/\/api.w.org\/{rel}","templated":true}]}}