{"id":55785,"date":"2026-04-15T10:07:54","date_gmt":"2026-04-15T08:07:54","guid":{"rendered":"https:\/\/ironsky.pl\/sklep\/produkt\/adapter-sieciowy-ugreen-cm483-usb-c-rj45-szary\/"},"modified":"2026-04-15T10:45:02","modified_gmt":"2026-04-15T08:45:02","slug":"adapter-sieciowy-ugreen-cm483-usb-c-rj45-szary","status":"publish","type":"product","link":"https:\/\/ironsky.pl\/sklep\/produkt\/adapter-sieciowy-ugreen-cm483-usb-c-rj45-szary\/","title":{"rendered":"Adapter sieciowy UGREEN CM483 USB-C-RJ45 (szary)"},"content":{"rendered":"<h3>Adapter sieciowy USB-C do RJ45 UGREEN CM483<\/h3>\n<p>Tw\u00f3j komputer nie ma portu RJ45? Ten kompatybilny z wi\u0119kszo\u015bci\u0105 popularnych komputer\u00f3w i laptop\u00f3w adapter ethernet UGREEN CM483 z pewno\u015bci\u0105 Ci si\u0119 przyda! Urz\u0105dzenie zapewnia stabilne i szybkie po\u0142\u0105czenie &#8211; pr\u0119dko\u015b\u0107 do 1000 Mbps pozwoli Ci cieszy\u0107 si\u0119 b\u0142yskawicznym dost\u0119pem do sieci. Produkt jest te\u017c niesamowicie wytrzyma\u0142y i \u0142atwy w transporcie, a dzi\u0119ki wska\u017anikowi LED korzystanie z niego jest jeszcze \u0142atwiejsze.<\/p>\n<p>\n<img decoding=\"async\" src=\"https:\/\/assets.innpro.pl\/2134\/12165\/5.jpg\" border=\"0\" \/>\n<\/p>\n<h3>B\u0142yskawiczna transmisja danych<\/h3>\n<p>Urz\u0105dzenie obs\u0142uguje pr\u0119dko\u015b\u0107 do 1000 Mbps. Dzi\u0119ki temu niezale\u017cnie od warunk\u00f3w mo\u017cesz cieszy\u0107 si\u0119 szybk\u0105 transmisj\u0105 danych i b\u0142yskawicznym dost\u0119pem do Internetu. Swobodnie szukaj niezb\u0119dnych informacji, przesy\u0142aj lub pobieraj pliki, ogl\u0105daj filmy i graj w ulubione gry &#8211; problemy z po\u0142\u0105czeniem ju\u017c nie stan\u0105 Ci na przeszkodzie!<\/p>\n<p>\n<img decoding=\"async\" src=\"https:\/\/assets.innpro.pl\/2134\/12165\/4.jpg\" border=\"0\" \/>\n<\/p>\n<h3>Szeroka kompatybilno\u015b\u0107<\/h3>\n<p>Dzi\u0119ki nowoczesnemu chipowi produkt jest kompatybilny z wi\u0119kszo\u015bci\u0105 popularnych urz\u0105dze\u0144 wyposa\u017cony w porty USB-C. Bez problemu pod\u0142\u0105czysz go na przyk\u0142ad do laptopa, komputera, tabletu, smartfona, a nawet konsoli Nintendo Switch. Obs\u0142ugiwane przez adapter systemy operacyjne to mi\u0119dzy innymi Windows, Mac OS, Linux, iPadOS, Android i Chrome OS.<\/p>\n<p>\n<img decoding=\"async\" src=\"https:\/\/assets.innpro.pl\/2134\/12165\/2.jpg\" border=\"0\" \/>\n<\/p>\n<h3>Prosty w obs\u0142udze<\/h3>\n<p>Po\u017cegnaj konieczno\u015b\u0107 skomplikowanej konfiguracji urz\u0105dze\u0144. System plug&amp;play sprawia, \u017ce wystarczy po prostu pod\u0142\u0105czy\u0107 adapter do komputera! Co wi\u0119cej, niewielki wska\u017anik LED dostarczy Ci najwa\u017cniejszych informacji o jego statusie. Wystarczy rzuci\u0107 okiem, aby sprawdzi\u0107, czy wszystko dzia\u0142a prawid\u0142owo lub czy trwa transfer danych!<\/p>\n<p>\n<img decoding=\"async\" src=\"https:\/\/assets.innpro.pl\/2134\/12165\/8.jpg\" border=\"0\" \/>\n<\/p>\n<h3>Niezawodny w ka\u017cdej sytuacji<\/h3>\n<p>Adapter zaskoczy Ci\u0119 wytrzyma\u0142o\u015bci\u0105 i niezawodnym dzia\u0142aniem. Za jego wydajn\u0105 i stabiln\u0105 prac\u0119 odpowiada zaawansowany chip AX88179A. Wykonana ze stopu aluminium obudowa jest przyjemna w dotyku i chroni urz\u0105dzenie przed uszkodzeniem, a solidny kabel w oplocie jest odporny na wyginanie, ci\u0105gni\u0119cie lub rozerwanie.<\/p>\n<p>\n<img decoding=\"async\" src=\"https:\/\/assets.innpro.pl\/2134\/12165\/1.jpg\" border=\"0\" \/>\n<\/p>\n<h3>Zawsze pod r\u0119k\u0105<\/h3>\n<p>Adapter charakteryzuje si\u0119 kieszonkowym rozmiarem i lekk\u0105 wag\u0105. Du\u017co mniejszy od przeci\u0119tnego smartfona &#8211; jest wyj\u0105tkowo por\u0119czny i przeno\u015bny. Bez problemu zmie\u015bcisz go w torebce, w plecaku, a nawet w kieszeni. Dzi\u0119ki temu mo\u017cesz korzysta\u0107 z niego nie tylko w domu, ale te\u017c na przyk\u0142ad w pracy lub na wakacjach.<\/p>\n<p>\n<img decoding=\"async\" src=\"https:\/\/assets.innpro.pl\/2134\/12165\/3.jpg\" border=\"0\" \/>\n<\/p>\n<div class=\"table-wrapper\">\n<p>\u00a0<\/p>\n<h3><\/h3>\n<table>\n<tbody>\n<tr>\n<th>Producent <\/th>\n<td>UGREEN<\/td>\n<\/tr>\n<tr>\n<th>Model <\/th>\n<td>CM483<\/td>\n<\/tr>\n<tr>\n<th>Z\u0142\u0105cze A <\/th>\n<td>USB-C<\/td>\n<\/tr>\n<tr>\n<th>Z\u0142\u0105cze B <\/th>\n<td>RJ45<\/td>\n<\/tr>\n<tr>\n<th>Pr\u0119dko\u015b\u0107 transmisji <\/th>\n<td>Do 1000 Mbps<\/td>\n<\/tr>\n<tr>\n<th>Chip <\/th>\n<td>AX88179A<\/td>\n<\/tr>\n<tr>\n<th>Kompatybilno\u015b\u0107 <\/th>\n<td>MacOS, Linux, Windows, Chrome OS, Android, iPadOS<\/td>\n<\/tr>\n<tr>\n<th>Materia\u0142  <\/th>\n<td>Stop aluminium + nylon<\/td>\n<\/tr>\n<tr>\n<th>Wymiary <\/th>\n<td>Ok. 23 x 61 mm<\/td>\n<\/tr>\n<\/tbody>\n<\/table>\n<\/div>\n","protected":false},"excerpt":{"rendered":"<p>Adapter sieciowy USB-C do RJ45 UGREEN CM483 Tw\u00f3j komputer nie ma portu RJ45? Ten kompatybilny z wi\u0119kszo\u015bci\u0105 popularnych komputer\u00f3w i<\/p>\n","protected":false},"featured_media":41457,"comment_status":"closed","ping_status":"open","template":"","meta":{"_acf_changed":false},"product_brand":[],"product_cat":[5930,5929],"product_tag":[],"class_list":{"0":"post-55785","1":"product","2":"type-product","3":"status-publish","4":"has-post-thumbnail","6":"product_cat-adaptery-przejsciowki-konwertery","7":"product_cat-akcesoria-it","8":"pa_okres-gwarancji-5757","9":"pa_producent-ugreen","11":"first","12":"outofstock","13":"taxable","14":"shipping-taxable","15":"purchasable","16":"product-type-simple"},"acf":[],"yoast_head":"<!-- This site is optimized with the Yoast SEO plugin v27.2 - https:\/\/yoast.com\/product\/yoast-seo-wordpress\/ -->\n<title>Adapter sieciowy UGREEN CM483 USB-C-RJ45 (szary) - IRONSKY.PL Sklep z Dronami<\/title>\n<meta name=\"description\" content=\"Adapter sieciowy UGREEN CM483 USB-C-RJ45 (szary) - \u2705 sklep z dronami i fachowym doradztwem. \u2705 Tutaj kupisz produkty DJI, Yuneec, Parrot, Syma i wiele innych, a tak\u017ce kursy i licencje na operatora drona.\" \/>\n<meta name=\"robots\" content=\"index, follow, max-snippet:-1, max-image-preview:large, max-video-preview:-1\" \/>\n<link rel=\"canonical\" href=\"https:\/\/ironsky.pl\/sklep\/produkt\/adapter-sieciowy-ugreen-cm483-usb-c-rj45-szary\/\" \/>\n<meta property=\"og:locale\" content=\"pl_PL\" \/>\n<meta property=\"og:type\" content=\"article\" \/>\n<meta property=\"og:title\" content=\"Adapter sieciowy UGREEN CM483 USB-C-RJ45 (szary) - IRONSKY.PL Sklep z Dronami\" \/>\n<meta property=\"og:description\" content=\"Adapter sieciowy UGREEN CM483 USB-C-RJ45 (szary) - \u2705 sklep z dronami i fachowym doradztwem. \u2705 Tutaj kupisz produkty DJI, Yuneec, Parrot, Syma i wiele innych, a tak\u017ce kursy i licencje na operatora drona.\" \/>\n<meta property=\"og:url\" content=\"https:\/\/ironsky.pl\/sklep\/produkt\/adapter-sieciowy-ugreen-cm483-usb-c-rj45-szary\/\" \/>\n<meta property=\"og:site_name\" content=\"IRONSKY.PL Sklep z Dronami\" \/>\n<meta property=\"article:modified_time\" content=\"2026-04-15T08:45:02+00:00\" \/>\n<meta property=\"og:image\" content=\"https:\/\/ironsky.pl\/sklep\/wp-content\/uploads\/2025\/06\/21218_2.jpg\" \/>\n\t<meta property=\"og:image:width\" content=\"800\" \/>\n\t<meta property=\"og:image:height\" content=\"800\" \/>\n\t<meta property=\"og:image:type\" content=\"image\/jpeg\" \/>\n<meta name=\"twitter:card\" content=\"summary_large_image\" \/>\n<meta name=\"twitter:label1\" content=\"Szacowany czas czytania\" \/>\n\t<meta name=\"twitter:data1\" content=\"2 minuty\" \/>\n<script type=\"application\/ld+json\" class=\"yoast-schema-graph\">{\"@context\":\"https:\/\/schema.org\",\"@graph\":[{\"@type\":\"WebPage\",\"@id\":\"https:\/\/ironsky.pl\/sklep\/produkt\/adapter-sieciowy-ugreen-cm483-usb-c-rj45-szary\/\",\"url\":\"https:\/\/ironsky.pl\/sklep\/produkt\/adapter-sieciowy-ugreen-cm483-usb-c-rj45-szary\/\",\"name\":\"Adapter sieciowy UGREEN CM483 USB-C-RJ45 (szary) - IRONSKY.PL Sklep z Dronami\",\"isPartOf\":{\"@id\":\"https:\/\/ironsky.pl\/sklep\/#website\"},\"primaryImageOfPage\":{\"@id\":\"https:\/\/ironsky.pl\/sklep\/produkt\/adapter-sieciowy-ugreen-cm483-usb-c-rj45-szary\/#primaryimage\"},\"image\":{\"@id\":\"https:\/\/ironsky.pl\/sklep\/produkt\/adapter-sieciowy-ugreen-cm483-usb-c-rj45-szary\/#primaryimage\"},\"thumbnailUrl\":\"https:\/\/ironsky.pl\/sklep\/wp-content\/uploads\/2025\/06\/21218_2.jpg\",\"datePublished\":\"2026-04-15T08:07:54+00:00\",\"dateModified\":\"2026-04-15T08:45:02+00:00\",\"description\":\"Adapter sieciowy UGREEN CM483 USB-C-RJ45 (szary) - \u2705 sklep z dronami i fachowym doradztwem. \u2705 Tutaj kupisz produkty DJI, Yuneec, Parrot, Syma i wiele innych, a tak\u017ce kursy i licencje na operatora drona.\",\"breadcrumb\":{\"@id\":\"https:\/\/ironsky.pl\/sklep\/produkt\/adapter-sieciowy-ugreen-cm483-usb-c-rj45-szary\/#breadcrumb\"},\"inLanguage\":\"pl-PL\",\"potentialAction\":[{\"@type\":\"ReadAction\",\"target\":[\"https:\/\/ironsky.pl\/sklep\/produkt\/adapter-sieciowy-ugreen-cm483-usb-c-rj45-szary\/\"]}]},{\"@type\":\"ImageObject\",\"inLanguage\":\"pl-PL\",\"@id\":\"https:\/\/ironsky.pl\/sklep\/produkt\/adapter-sieciowy-ugreen-cm483-usb-c-rj45-szary\/#primaryimage\",\"url\":\"https:\/\/ironsky.pl\/sklep\/wp-content\/uploads\/2025\/06\/21218_2.jpg\",\"contentUrl\":\"https:\/\/ironsky.pl\/sklep\/wp-content\/uploads\/2025\/06\/21218_2.jpg\",\"width\":800,\"height\":800},{\"@type\":\"BreadcrumbList\",\"@id\":\"https:\/\/ironsky.pl\/sklep\/produkt\/adapter-sieciowy-ugreen-cm483-usb-c-rj45-szary\/#breadcrumb\",\"itemListElement\":[{\"@type\":\"ListItem\",\"position\":1,\"name\":\"Strona g\u0142\u00f3wna\",\"item\":\"https:\/\/ironsky.pl\/sklep\/\"},{\"@type\":\"ListItem\",\"position\":2,\"name\":\"Wszystkie produkty\",\"item\":\"https:\/\/ironsky.pl\/sklep\/produkty\/\"},{\"@type\":\"ListItem\",\"position\":3,\"name\":\"Adapter sieciowy UGREEN CM483 USB-C-RJ45 (szary)\"}]},{\"@type\":\"WebSite\",\"@id\":\"https:\/\/ironsky.pl\/sklep\/#website\",\"url\":\"https:\/\/ironsky.pl\/sklep\/\",\"name\":\"IRONSKY.PL Sklep z Dronami\",\"description\":\"IRONSKY.PL Sklep z Dronami\",\"potentialAction\":[{\"@type\":\"SearchAction\",\"target\":{\"@type\":\"EntryPoint\",\"urlTemplate\":\"https:\/\/ironsky.pl\/sklep\/?s={search_term_string}\"},\"query-input\":{\"@type\":\"PropertyValueSpecification\",\"valueRequired\":true,\"valueName\":\"search_term_string\"}}],\"inLanguage\":\"pl-PL\"}]}<\/script>\n<!-- \/ Yoast SEO plugin. -->","yoast_head_json":{"title":"Adapter sieciowy UGREEN CM483 USB-C-RJ45 (szary) - IRONSKY.PL Sklep z Dronami","description":"Adapter sieciowy UGREEN CM483 USB-C-RJ45 (szary) - \u2705 sklep z dronami i fachowym doradztwem. \u2705 Tutaj kupisz produkty DJI, Yuneec, Parrot, Syma i wiele innych, a tak\u017ce kursy i licencje na operatora drona.","robots":{"index":"index","follow":"follow","max-snippet":"max-snippet:-1","max-image-preview":"max-image-preview:large","max-video-preview":"max-video-preview:-1"},"canonical":"https:\/\/ironsky.pl\/sklep\/produkt\/adapter-sieciowy-ugreen-cm483-usb-c-rj45-szary\/","og_locale":"pl_PL","og_type":"article","og_title":"Adapter sieciowy UGREEN CM483 USB-C-RJ45 (szary) - IRONSKY.PL Sklep z Dronami","og_description":"Adapter sieciowy UGREEN CM483 USB-C-RJ45 (szary) - \u2705 sklep z dronami i fachowym doradztwem. \u2705 Tutaj kupisz produkty DJI, Yuneec, Parrot, Syma i wiele innych, a tak\u017ce kursy i licencje na operatora drona.","og_url":"https:\/\/ironsky.pl\/sklep\/produkt\/adapter-sieciowy-ugreen-cm483-usb-c-rj45-szary\/","og_site_name":"IRONSKY.PL Sklep z Dronami","article_modified_time":"2026-04-15T08:45:02+00:00","og_image":[{"width":800,"height":800,"url":"https:\/\/ironsky.pl\/sklep\/wp-content\/uploads\/2025\/06\/21218_2.jpg","type":"image\/jpeg"}],"twitter_card":"summary_large_image","twitter_misc":{"Szacowany czas czytania":"2 minuty"},"schema":{"@context":"https:\/\/schema.org","@graph":[{"@type":"WebPage","@id":"https:\/\/ironsky.pl\/sklep\/produkt\/adapter-sieciowy-ugreen-cm483-usb-c-rj45-szary\/","url":"https:\/\/ironsky.pl\/sklep\/produkt\/adapter-sieciowy-ugreen-cm483-usb-c-rj45-szary\/","name":"Adapter sieciowy UGREEN CM483 USB-C-RJ45 (szary) - IRONSKY.PL Sklep z Dronami","isPartOf":{"@id":"https:\/\/ironsky.pl\/sklep\/#website"},"primaryImageOfPage":{"@id":"https:\/\/ironsky.pl\/sklep\/produkt\/adapter-sieciowy-ugreen-cm483-usb-c-rj45-szary\/#primaryimage"},"image":{"@id":"https:\/\/ironsky.pl\/sklep\/produkt\/adapter-sieciowy-ugreen-cm483-usb-c-rj45-szary\/#primaryimage"},"thumbnailUrl":"https:\/\/ironsky.pl\/sklep\/wp-content\/uploads\/2025\/06\/21218_2.jpg","datePublished":"2026-04-15T08:07:54+00:00","dateModified":"2026-04-15T08:45:02+00:00","description":"Adapter sieciowy UGREEN CM483 USB-C-RJ45 (szary) - \u2705 sklep z dronami i fachowym doradztwem. \u2705 Tutaj kupisz produkty DJI, Yuneec, Parrot, Syma i wiele innych, a tak\u017ce kursy i licencje na operatora drona.","breadcrumb":{"@id":"https:\/\/ironsky.pl\/sklep\/produkt\/adapter-sieciowy-ugreen-cm483-usb-c-rj45-szary\/#breadcrumb"},"inLanguage":"pl-PL","potentialAction":[{"@type":"ReadAction","target":["https:\/\/ironsky.pl\/sklep\/produkt\/adapter-sieciowy-ugreen-cm483-usb-c-rj45-szary\/"]}]},{"@type":"ImageObject","inLanguage":"pl-PL","@id":"https:\/\/ironsky.pl\/sklep\/produkt\/adapter-sieciowy-ugreen-cm483-usb-c-rj45-szary\/#primaryimage","url":"https:\/\/ironsky.pl\/sklep\/wp-content\/uploads\/2025\/06\/21218_2.jpg","contentUrl":"https:\/\/ironsky.pl\/sklep\/wp-content\/uploads\/2025\/06\/21218_2.jpg","width":800,"height":800},{"@type":"BreadcrumbList","@id":"https:\/\/ironsky.pl\/sklep\/produkt\/adapter-sieciowy-ugreen-cm483-usb-c-rj45-szary\/#breadcrumb","itemListElement":[{"@type":"ListItem","position":1,"name":"Strona g\u0142\u00f3wna","item":"https:\/\/ironsky.pl\/sklep\/"},{"@type":"ListItem","position":2,"name":"Wszystkie produkty","item":"https:\/\/ironsky.pl\/sklep\/produkty\/"},{"@type":"ListItem","position":3,"name":"Adapter sieciowy UGREEN CM483 USB-C-RJ45 (szary)"}]},{"@type":"WebSite","@id":"https:\/\/ironsky.pl\/sklep\/#website","url":"https:\/\/ironsky.pl\/sklep\/","name":"IRONSKY.PL Sklep z Dronami","description":"IRONSKY.PL Sklep z Dronami","potentialAction":[{"@type":"SearchAction","target":{"@type":"EntryPoint","urlTemplate":"https:\/\/ironsky.pl\/sklep\/?s={search_term_string}"},"query-input":{"@type":"PropertyValueSpecification","valueRequired":true,"valueName":"search_term_string"}}],"inLanguage":"pl-PL"}]}},"_links":{"self":[{"href":"https:\/\/ironsky.pl\/sklep\/wp-json\/wp\/v2\/product\/55785","targetHints":{"allow":["GET"]}}],"collection":[{"href":"https:\/\/ironsky.pl\/sklep\/wp-json\/wp\/v2\/product"}],"about":[{"href":"https:\/\/ironsky.pl\/sklep\/wp-json\/wp\/v2\/types\/product"}],"replies":[{"embeddable":true,"href":"https:\/\/ironsky.pl\/sklep\/wp-json\/wp\/v2\/comments?post=55785"}],"wp:featuredmedia":[{"embeddable":true,"href":"https:\/\/ironsky.pl\/sklep\/wp-json\/wp\/v2\/media\/41457"}],"wp:attachment":[{"href":"https:\/\/ironsky.pl\/sklep\/wp-json\/wp\/v2\/media?parent=55785"}],"wp:term":[{"taxonomy":"product_brand","embeddable":true,"href":"https:\/\/ironsky.pl\/sklep\/wp-json\/wp\/v2\/product_brand?post=55785"},{"taxonomy":"product_cat","embeddable":true,"href":"https:\/\/ironsky.pl\/sklep\/wp-json\/wp\/v2\/product_cat?post=55785"},{"taxonomy":"product_tag","embeddable":true,"href":"https:\/\/ironsky.pl\/sklep\/wp-json\/wp\/v2\/product_tag?post=55785"}],"curies":[{"name":"wp","href":"https:\/\/api.w.org\/{rel}","templated":true}]}}