{"id":55784,"date":"2026-04-15T10:07:54","date_gmt":"2026-04-15T08:07:54","guid":{"rendered":"https:\/\/ironsky.pl\/sklep\/produkt\/karta-sieciowa-usb-ugreen-cm448-wi-fi-2-4-5ghz-czarny\/"},"modified":"2026-04-15T10:45:01","modified_gmt":"2026-04-15T08:45:01","slug":"karta-sieciowa-usb-ugreen-cm448-wi-fi-2-4-5ghz-czarny","status":"publish","type":"product","link":"https:\/\/ironsky.pl\/sklep\/produkt\/karta-sieciowa-usb-ugreen-cm448-wi-fi-2-4-5ghz-czarny\/","title":{"rendered":"Karta sieciowa USB UGREEN CM448 Wi-Fi 2.4\/5GHz (czarny)"},"content":{"rendered":"<h3>Adapter USB UGREEN CM448<\/h3>\n<p>Karta sieciowa w Twoim laptopie przesta\u0142a dzia\u0142a\u0107? Chcesz stworzy\u0107 hotspota w swoim domu? A mo\u017ce po prostu masz do\u015b\u0107 ba\u0142aganu na biurku, kt\u00f3ry powoduj\u0105 pl\u0105cz\u0105ce si\u0119 kable? Wypr\u00f3buj adapter USB UGREEN CM448, kt\u00f3ry umo\u017cliwia transmisj\u0119 z pr\u0119dko\u015bci\u0105 do 650 MB\/s i obs\u0142uguje po\u0142\u0105czenie zar\u00f3wno 2.4 GHz, jak i 5 GHz. Sprawdzi si\u0119 w roli odbiornika i nadajnika sygna\u0142u. Jest przy tym niezwykle por\u0119czny i przeno\u015bny.<\/p>\n<p><img decoding=\"async\" src=\"https:\/\/b2b.innpro.pl\/data\/include\/cms\/UGREEN\/14.07.21\/CM448\/10.jpg?v=1628836009745\"><\/p>\n<h3>Szybkie po\u0142\u0105czenie<\/h3>\n<p>Zyskaj szybki dost\u0119p do Internetu. Adapter sieciowy marki UGREEN obs\u0142uguje po\u0142\u0105czenie 2.4 GHz i 5 GHz, dzi\u0119ki czemu mo\u017ce zapewni\u0107 pr\u0119dko\u015b\u0107 transmisji do 650 MB\/s. Po\u017cegnaj op\u00f3\u017anienia, zbyt wolno wczytuj\u0105ce si\u0119 strony i problemy z sygna\u0142em &#8211; CM448 pozwoli Ci wygodnie \u015bledzi\u0107 media spo\u0142eczno\u015bciowe, ogl\u0105da\u0107 filmy, a nawet pobiera\u0107 i przesy\u0142a\u0107 pliki.<\/p>\n<p><img decoding=\"async\" src=\"https:\/\/b2b.innpro.pl\/data\/include\/cms\/UGREEN\/14.07.21\/CM448\/11.jpg?v=1628836009745\"><\/p>\n<h3>Nadajnik i odbiornik sygna\u0142u w jednym<\/h3>\n<p>Adapter mo\u017ce zar\u00f3wno odbiera\u0107, jak i nadawa\u0107 sygna\u0142. Za jego pomoc\u0105 mo\u017cesz na przyk\u0142ad po\u0142\u0105czy\u0107 sw\u00f3j komputer z WiFi, u\u017cywaj\u0105c do tego dodatkowego routera. Istnieje te\u017c mo\u017cliwo\u015b\u0107 stosowania urz\u0105dzenia w roli domowego hotspota. Dzi\u0119ki temu r\u00f3wnie\u017c Twoja rodzina lub go\u015bcie b\u0119d\u0105 mogli korzysta\u0107 z szybkiego po\u0142\u0105czenia! Uwaga: funkcja nadajnika wymaga instalacji odpowiedniego oprogramowania.<\/p>\n<p><img decoding=\"async\" src=\"https:\/\/b2b.innpro.pl\/data\/include\/cms\/UGREEN\/14.07.21\/CM448\/7.jpg?v=1628836009745\"><\/p>\n<h3>Szeroka kompatybilno\u015b\u0107<\/h3>\n<p>Niewa\u017cne, jakiego sprz\u0119tu u\u017cywasz &#8211; z UGREEN niemal zawsze mo\u017cesz cieszy\u0107 si\u0119 szybkim i wygodnym dost\u0119pem do Internetu. Adapter USB CM448 jest kompatybilny z wi\u0119kszo\u015bci\u0105 najpopularniejszych system\u00f3w operacyjnych takich jak na przyk\u0142ad Windows 7\/8\/8.1\/10, Mac OS 10.11 &#8211; 10.15 oraz Linux. Uwaga: aby produkt m\u00f3g\u0142 dzia\u0142a\u0107 prawid\u0142owo, wymagana jest instalacja odpowiedniego sterownika.<\/p>\n<p><img decoding=\"async\" src=\"https:\/\/b2b.innpro.pl\/data\/include\/cms\/UGREEN\/14.07.21\/CM448\/5.jpg?v=1628836009745\"><\/p>\n<h3>Przyjazny u\u017cytkownikom i niezawodny<\/h3>\n<p>Co sprawia, \u017ce adapter USB UGREEN CM448 gwarantuje tak wydajne i niezawodne dzia\u0142anie? Produkt zosta\u0142 wyposa\u017cony w inteligentny chip, kt\u00f3ry odpowiada za szybkie i stabilne po\u0142\u0105czenie. Zastanawiasz si\u0119, czy wszystko dzia\u0142a prawid\u0142owo? Informacji dotycz\u0105cych statusu urz\u0105dzenia dostarczy Ci niewielki wska\u017anik LED &#8211; wystarczy rzut oka!<\/p>\n<p><img decoding=\"async\" src=\"https:\/\/b2b.innpro.pl\/data\/include\/cms\/UGREEN\/14.07.21\/CM448\/4.jpg?v=1628836009745\"><\/p>\n<h3>Mo\u017cesz mie\u0107 go zawsze przy sobie<\/h3>\n<p>Ten praktyczny adapter mo\u017ce Ci towarzyszy\u0107 niemal wsz\u0119dzie. Lekki i por\u0119czny &#8211; jest na tyle kompaktowy, \u017ce z \u0142atwo\u015bci\u0105 zmie\u015bcisz go w plecaku, w torebce, a nawet w kieszeni! Co wi\u0119cej, antypo\u015blizgowa obudowa urz\u0105dzenia chroni je przed uszkodzeniem. Jej przyjemna w dotyku tekstura sprawia, \u017ce korzystanie z adaptera staje si\u0119 jeszcze przyjemniejsze.<\/p>\n<p><img decoding=\"async\" src=\"https:\/\/b2b.innpro.pl\/data\/include\/cms\/UGREEN\/14.07.21\/CM448\/2.jpg?v=1628836009745\"><\/p>\n<div class=\"table-wrapper\">\n<table>\n<tbody>\n<tr>\n<th>Producent<\/th>\n<td>UGREEN<\/td>\n<\/tr>\n<tr>\n<th>Model<\/th>\n<td>CM448<\/td>\n<\/tr>\n<tr>\n<th>Chip<\/th>\n<td>RTL8811CU<\/td>\n<\/tr>\n<tr>\n<th>Port USB<\/th>\n<td>USB 2.0<\/td>\n<\/tr>\n<tr>\n<th>Antena WiFi<\/th>\n<td>PIFA<\/td>\n<\/tr>\n<tr>\n<th>Obs\u0142ugiwane cz\u0119stotliwo\u015bci<\/th>\n<td>2.4 GHZ i 5 GHz<\/td>\n<\/tr>\n<tr>\n<th>Po\u0142\u0105czenie bezprzewodowe<\/th>\n<td>IEEE 802.11 b\/g\/n, IEEE 802.11 a\/ac.<\/td>\n<\/tr>\n<tr>\n<th>Pr\u0119dko\u015b\u0107 transmisji<\/th>\n<td>2.4 GHz: 200 Mbps; 5 GHz: 433 Mbps<\/td>\n<\/tr>\n<tr>\n<th>Moc transmisji<\/th>\n<td>\u226420 dBm<\/td>\n<\/tr>\n<tr>\n<th>Szyfrowanie<\/th>\n<td>WPA-PSK, WPA2-PSK, WPA\/WPA2-PSK, 64\/128 WEP<\/td>\n<\/tr>\n<tr>\n<th>Kompatybilno\u015b\u0107<\/th>\n<td>Windows, Mac OS, Linux<\/td>\n<\/tr>\n<tr>\n<th>Wymiary<\/th>\n<td>19 x 40 x 9 mm<\/td>\n<\/tr>\n<\/tbody>\n<\/table>\n<\/div>\n","protected":false},"excerpt":{"rendered":"<p>Adapter USB UGREEN CM448 Karta sieciowa w Twoim laptopie przesta\u0142a dzia\u0142a\u0107? Chcesz stworzy\u0107 hotspota w swoim domu? A mo\u017ce po<\/p>\n","protected":false},"featured_media":41455,"comment_status":"closed","ping_status":"open","template":"","meta":{"_acf_changed":false},"product_brand":[],"product_cat":[5930,5929],"product_tag":[],"class_list":{"0":"post-55784","1":"product","2":"type-product","3":"status-publish","4":"has-post-thumbnail","6":"product_cat-adaptery-przejsciowki-konwertery","7":"product_cat-akcesoria-it","8":"pa_okres-gwarancji-5757","9":"pa_producent-ugreen","11":"first","12":"outofstock","13":"taxable","14":"shipping-taxable","15":"purchasable","16":"product-type-simple"},"acf":[],"yoast_head":"<!-- This site is optimized with the Yoast SEO plugin v27.2 - https:\/\/yoast.com\/product\/yoast-seo-wordpress\/ -->\n<title>Karta sieciowa USB UGREEN CM448 Wi-Fi 2.4\/5GHz (czarny) - IRONSKY.PL Sklep z Dronami<\/title>\n<meta name=\"description\" content=\"Karta sieciowa USB UGREEN CM448 Wi-Fi 2.4\/5GHz (czarny) - \u2705 sklep z dronami i fachowym doradztwem. \u2705 Tutaj kupisz produkty DJI, Yuneec, Parrot, Syma i wiele innych, a tak\u017ce kursy i licencje na operatora drona.\" \/>\n<meta name=\"robots\" content=\"index, follow, max-snippet:-1, max-image-preview:large, max-video-preview:-1\" \/>\n<link rel=\"canonical\" href=\"https:\/\/ironsky.pl\/sklep\/produkt\/karta-sieciowa-usb-ugreen-cm448-wi-fi-2-4-5ghz-czarny\/\" \/>\n<meta property=\"og:locale\" content=\"pl_PL\" \/>\n<meta property=\"og:type\" content=\"article\" \/>\n<meta property=\"og:title\" content=\"Karta sieciowa USB UGREEN CM448 Wi-Fi 2.4\/5GHz (czarny) - IRONSKY.PL Sklep z Dronami\" \/>\n<meta property=\"og:description\" content=\"Karta sieciowa USB UGREEN CM448 Wi-Fi 2.4\/5GHz (czarny) - \u2705 sklep z dronami i fachowym doradztwem. \u2705 Tutaj kupisz produkty DJI, Yuneec, Parrot, Syma i wiele innych, a tak\u017ce kursy i licencje na operatora drona.\" \/>\n<meta property=\"og:url\" content=\"https:\/\/ironsky.pl\/sklep\/produkt\/karta-sieciowa-usb-ugreen-cm448-wi-fi-2-4-5ghz-czarny\/\" \/>\n<meta property=\"og:site_name\" content=\"IRONSKY.PL Sklep z Dronami\" \/>\n<meta property=\"article:modified_time\" content=\"2026-04-15T08:45:01+00:00\" \/>\n<meta property=\"og:image\" content=\"https:\/\/ironsky.pl\/sklep\/wp-content\/uploads\/2025\/06\/21217_1.jpg\" \/>\n\t<meta property=\"og:image:width\" content=\"800\" \/>\n\t<meta property=\"og:image:height\" content=\"800\" \/>\n\t<meta property=\"og:image:type\" content=\"image\/jpeg\" \/>\n<meta name=\"twitter:card\" content=\"summary_large_image\" \/>\n<meta name=\"twitter:label1\" content=\"Szacowany czas czytania\" \/>\n\t<meta name=\"twitter:data1\" content=\"2 minuty\" \/>\n<script type=\"application\/ld+json\" class=\"yoast-schema-graph\">{\"@context\":\"https:\/\/schema.org\",\"@graph\":[{\"@type\":\"WebPage\",\"@id\":\"https:\/\/ironsky.pl\/sklep\/produkt\/karta-sieciowa-usb-ugreen-cm448-wi-fi-2-4-5ghz-czarny\/\",\"url\":\"https:\/\/ironsky.pl\/sklep\/produkt\/karta-sieciowa-usb-ugreen-cm448-wi-fi-2-4-5ghz-czarny\/\",\"name\":\"Karta sieciowa USB UGREEN CM448 Wi-Fi 2.4\/5GHz (czarny) - IRONSKY.PL Sklep z Dronami\",\"isPartOf\":{\"@id\":\"https:\/\/ironsky.pl\/sklep\/#website\"},\"primaryImageOfPage\":{\"@id\":\"https:\/\/ironsky.pl\/sklep\/produkt\/karta-sieciowa-usb-ugreen-cm448-wi-fi-2-4-5ghz-czarny\/#primaryimage\"},\"image\":{\"@id\":\"https:\/\/ironsky.pl\/sklep\/produkt\/karta-sieciowa-usb-ugreen-cm448-wi-fi-2-4-5ghz-czarny\/#primaryimage\"},\"thumbnailUrl\":\"https:\/\/ironsky.pl\/sklep\/wp-content\/uploads\/2025\/06\/21217_1.jpg\",\"datePublished\":\"2026-04-15T08:07:54+00:00\",\"dateModified\":\"2026-04-15T08:45:01+00:00\",\"description\":\"Karta sieciowa USB UGREEN CM448 Wi-Fi 2.4\/5GHz (czarny) - \u2705 sklep z dronami i fachowym doradztwem. \u2705 Tutaj kupisz produkty DJI, Yuneec, Parrot, Syma i wiele innych, a tak\u017ce kursy i licencje na operatora drona.\",\"breadcrumb\":{\"@id\":\"https:\/\/ironsky.pl\/sklep\/produkt\/karta-sieciowa-usb-ugreen-cm448-wi-fi-2-4-5ghz-czarny\/#breadcrumb\"},\"inLanguage\":\"pl-PL\",\"potentialAction\":[{\"@type\":\"ReadAction\",\"target\":[\"https:\/\/ironsky.pl\/sklep\/produkt\/karta-sieciowa-usb-ugreen-cm448-wi-fi-2-4-5ghz-czarny\/\"]}]},{\"@type\":\"ImageObject\",\"inLanguage\":\"pl-PL\",\"@id\":\"https:\/\/ironsky.pl\/sklep\/produkt\/karta-sieciowa-usb-ugreen-cm448-wi-fi-2-4-5ghz-czarny\/#primaryimage\",\"url\":\"https:\/\/ironsky.pl\/sklep\/wp-content\/uploads\/2025\/06\/21217_1.jpg\",\"contentUrl\":\"https:\/\/ironsky.pl\/sklep\/wp-content\/uploads\/2025\/06\/21217_1.jpg\",\"width\":800,\"height\":800},{\"@type\":\"BreadcrumbList\",\"@id\":\"https:\/\/ironsky.pl\/sklep\/produkt\/karta-sieciowa-usb-ugreen-cm448-wi-fi-2-4-5ghz-czarny\/#breadcrumb\",\"itemListElement\":[{\"@type\":\"ListItem\",\"position\":1,\"name\":\"Strona g\u0142\u00f3wna\",\"item\":\"https:\/\/ironsky.pl\/sklep\/\"},{\"@type\":\"ListItem\",\"position\":2,\"name\":\"Wszystkie produkty\",\"item\":\"https:\/\/ironsky.pl\/sklep\/produkty\/\"},{\"@type\":\"ListItem\",\"position\":3,\"name\":\"Karta sieciowa USB UGREEN CM448 Wi-Fi 2.4\/5GHz (czarny)\"}]},{\"@type\":\"WebSite\",\"@id\":\"https:\/\/ironsky.pl\/sklep\/#website\",\"url\":\"https:\/\/ironsky.pl\/sklep\/\",\"name\":\"IRONSKY.PL Sklep z Dronami\",\"description\":\"IRONSKY.PL Sklep z Dronami\",\"potentialAction\":[{\"@type\":\"SearchAction\",\"target\":{\"@type\":\"EntryPoint\",\"urlTemplate\":\"https:\/\/ironsky.pl\/sklep\/?s={search_term_string}\"},\"query-input\":{\"@type\":\"PropertyValueSpecification\",\"valueRequired\":true,\"valueName\":\"search_term_string\"}}],\"inLanguage\":\"pl-PL\"}]}<\/script>\n<!-- \/ Yoast SEO plugin. -->","yoast_head_json":{"title":"Karta sieciowa USB UGREEN CM448 Wi-Fi 2.4\/5GHz (czarny) - IRONSKY.PL Sklep z Dronami","description":"Karta sieciowa USB UGREEN CM448 Wi-Fi 2.4\/5GHz (czarny) - \u2705 sklep z dronami i fachowym doradztwem. \u2705 Tutaj kupisz produkty DJI, Yuneec, Parrot, Syma i wiele innych, a tak\u017ce kursy i licencje na operatora drona.","robots":{"index":"index","follow":"follow","max-snippet":"max-snippet:-1","max-image-preview":"max-image-preview:large","max-video-preview":"max-video-preview:-1"},"canonical":"https:\/\/ironsky.pl\/sklep\/produkt\/karta-sieciowa-usb-ugreen-cm448-wi-fi-2-4-5ghz-czarny\/","og_locale":"pl_PL","og_type":"article","og_title":"Karta sieciowa USB UGREEN CM448 Wi-Fi 2.4\/5GHz (czarny) - IRONSKY.PL Sklep z Dronami","og_description":"Karta sieciowa USB UGREEN CM448 Wi-Fi 2.4\/5GHz (czarny) - \u2705 sklep z dronami i fachowym doradztwem. \u2705 Tutaj kupisz produkty DJI, Yuneec, Parrot, Syma i wiele innych, a tak\u017ce kursy i licencje na operatora drona.","og_url":"https:\/\/ironsky.pl\/sklep\/produkt\/karta-sieciowa-usb-ugreen-cm448-wi-fi-2-4-5ghz-czarny\/","og_site_name":"IRONSKY.PL Sklep z Dronami","article_modified_time":"2026-04-15T08:45:01+00:00","og_image":[{"width":800,"height":800,"url":"https:\/\/ironsky.pl\/sklep\/wp-content\/uploads\/2025\/06\/21217_1.jpg","type":"image\/jpeg"}],"twitter_card":"summary_large_image","twitter_misc":{"Szacowany czas czytania":"2 minuty"},"schema":{"@context":"https:\/\/schema.org","@graph":[{"@type":"WebPage","@id":"https:\/\/ironsky.pl\/sklep\/produkt\/karta-sieciowa-usb-ugreen-cm448-wi-fi-2-4-5ghz-czarny\/","url":"https:\/\/ironsky.pl\/sklep\/produkt\/karta-sieciowa-usb-ugreen-cm448-wi-fi-2-4-5ghz-czarny\/","name":"Karta sieciowa USB UGREEN CM448 Wi-Fi 2.4\/5GHz (czarny) - IRONSKY.PL Sklep z Dronami","isPartOf":{"@id":"https:\/\/ironsky.pl\/sklep\/#website"},"primaryImageOfPage":{"@id":"https:\/\/ironsky.pl\/sklep\/produkt\/karta-sieciowa-usb-ugreen-cm448-wi-fi-2-4-5ghz-czarny\/#primaryimage"},"image":{"@id":"https:\/\/ironsky.pl\/sklep\/produkt\/karta-sieciowa-usb-ugreen-cm448-wi-fi-2-4-5ghz-czarny\/#primaryimage"},"thumbnailUrl":"https:\/\/ironsky.pl\/sklep\/wp-content\/uploads\/2025\/06\/21217_1.jpg","datePublished":"2026-04-15T08:07:54+00:00","dateModified":"2026-04-15T08:45:01+00:00","description":"Karta sieciowa USB UGREEN CM448 Wi-Fi 2.4\/5GHz (czarny) - \u2705 sklep z dronami i fachowym doradztwem. \u2705 Tutaj kupisz produkty DJI, Yuneec, Parrot, Syma i wiele innych, a tak\u017ce kursy i licencje na operatora drona.","breadcrumb":{"@id":"https:\/\/ironsky.pl\/sklep\/produkt\/karta-sieciowa-usb-ugreen-cm448-wi-fi-2-4-5ghz-czarny\/#breadcrumb"},"inLanguage":"pl-PL","potentialAction":[{"@type":"ReadAction","target":["https:\/\/ironsky.pl\/sklep\/produkt\/karta-sieciowa-usb-ugreen-cm448-wi-fi-2-4-5ghz-czarny\/"]}]},{"@type":"ImageObject","inLanguage":"pl-PL","@id":"https:\/\/ironsky.pl\/sklep\/produkt\/karta-sieciowa-usb-ugreen-cm448-wi-fi-2-4-5ghz-czarny\/#primaryimage","url":"https:\/\/ironsky.pl\/sklep\/wp-content\/uploads\/2025\/06\/21217_1.jpg","contentUrl":"https:\/\/ironsky.pl\/sklep\/wp-content\/uploads\/2025\/06\/21217_1.jpg","width":800,"height":800},{"@type":"BreadcrumbList","@id":"https:\/\/ironsky.pl\/sklep\/produkt\/karta-sieciowa-usb-ugreen-cm448-wi-fi-2-4-5ghz-czarny\/#breadcrumb","itemListElement":[{"@type":"ListItem","position":1,"name":"Strona g\u0142\u00f3wna","item":"https:\/\/ironsky.pl\/sklep\/"},{"@type":"ListItem","position":2,"name":"Wszystkie produkty","item":"https:\/\/ironsky.pl\/sklep\/produkty\/"},{"@type":"ListItem","position":3,"name":"Karta sieciowa USB UGREEN CM448 Wi-Fi 2.4\/5GHz (czarny)"}]},{"@type":"WebSite","@id":"https:\/\/ironsky.pl\/sklep\/#website","url":"https:\/\/ironsky.pl\/sklep\/","name":"IRONSKY.PL Sklep z Dronami","description":"IRONSKY.PL Sklep z Dronami","potentialAction":[{"@type":"SearchAction","target":{"@type":"EntryPoint","urlTemplate":"https:\/\/ironsky.pl\/sklep\/?s={search_term_string}"},"query-input":{"@type":"PropertyValueSpecification","valueRequired":true,"valueName":"search_term_string"}}],"inLanguage":"pl-PL"}]}},"_links":{"self":[{"href":"https:\/\/ironsky.pl\/sklep\/wp-json\/wp\/v2\/product\/55784","targetHints":{"allow":["GET"]}}],"collection":[{"href":"https:\/\/ironsky.pl\/sklep\/wp-json\/wp\/v2\/product"}],"about":[{"href":"https:\/\/ironsky.pl\/sklep\/wp-json\/wp\/v2\/types\/product"}],"replies":[{"embeddable":true,"href":"https:\/\/ironsky.pl\/sklep\/wp-json\/wp\/v2\/comments?post=55784"}],"wp:featuredmedia":[{"embeddable":true,"href":"https:\/\/ironsky.pl\/sklep\/wp-json\/wp\/v2\/media\/41455"}],"wp:attachment":[{"href":"https:\/\/ironsky.pl\/sklep\/wp-json\/wp\/v2\/media?parent=55784"}],"wp:term":[{"taxonomy":"product_brand","embeddable":true,"href":"https:\/\/ironsky.pl\/sklep\/wp-json\/wp\/v2\/product_brand?post=55784"},{"taxonomy":"product_cat","embeddable":true,"href":"https:\/\/ironsky.pl\/sklep\/wp-json\/wp\/v2\/product_cat?post=55784"},{"taxonomy":"product_tag","embeddable":true,"href":"https:\/\/ironsky.pl\/sklep\/wp-json\/wp\/v2\/product_tag?post=55784"}],"curies":[{"name":"wp","href":"https:\/\/api.w.org\/{rel}","templated":true}]}}