{"id":55778,"date":"2026-04-15T10:07:54","date_gmt":"2026-04-15T08:07:54","guid":{"rendered":"https:\/\/ironsky.pl\/sklep\/produkt\/adapter-bluetooth-ugreen-cm390-usb-bluetooth-5-0-czarny\/"},"modified":"2026-04-15T10:44:58","modified_gmt":"2026-04-15T08:44:58","slug":"adapter-bluetooth-ugreen-cm390-usb-bluetooth-5-0-czarny","status":"publish","type":"product","link":"https:\/\/ironsky.pl\/sklep\/produkt\/adapter-bluetooth-ugreen-cm390-usb-bluetooth-5-0-czarny\/","title":{"rendered":"Adapter Bluetooth UGREEN CM390 USB Bluetooth 5.0 (czarny)"},"content":{"rendered":"<h3>Adapter Bluetooth 5.0 UGREEN CM390<\/h3>\n<p>Kompaktowy adapter Bluetooth o zasi\u0119gu do 30 m sprawdzi si\u0119 w wielu r\u00f3\u017cnych zastosowaniach. Za jego pomoc\u0105 mo\u017cesz bezprzewodowo pod\u0142\u0105czy\u0107 do komputera nawet 5 urz\u0105dze\u0144 jednocze\u015bnie. Wygodnie odtwarzaj muzyk\u0119, korzystaj z drukarki lub przesy\u0142aj pliki z telefonu &#8211; mo\u017cliwo\u015bci s\u0105 naprawd\u0119 du\u017ce. \u0141\u0105cze Bluetooth 5.0 zapewnia szybk\u0105, stabiln\u0105 i niezawodn\u0105 transmisj\u0119.<\/p>\n<p><img decoding=\"async\" src=\"https:\/\/b2b.innpro.pl\/data\/include\/cms\/UGREEN\/14.07.21\/CM390\/3.jpg?v=1628680079488\"><\/p>\n<h3>Pod\u0142\u0105cz nawet 5 urz\u0105dze\u0144 w tym samym czasie<\/h3>\n<p>Zyskaj mn\u00f3stwo dodatkowych mo\u017cliwo\u015bci. Adapter UGREEN umo\u017cliwia bezprzewodowe pod\u0142\u0105czenie do komputera jednocze\u015bnie nawet 5 urz\u0105dze\u0144 takich jak s\u0142uchawki, g\u0142o\u015bniki, mysz, klawiatura, smartfon, tablet, pad do gier czy drukarka. Teraz mo\u017cesz jeszcze wygodniej wygodnie s\u0142ucha\u0107 muzyki, uczestniczy\u0107 w spotkaniach online i korzysta\u0107 z laptopa!<\/p>\n<p><img decoding=\"async\" src=\"https:\/\/b2b.innpro.pl\/data\/include\/cms\/UGREEN\/14.07.21\/CM390\/8.jpg?v=1628680079488\"><\/p>\n<h3>Niezawodne po\u0142\u0105czenie bezprzewodowe o du\u017cym zasi\u0119gu<\/h3>\n<p>Bluetooth 5.0 odpowiada za stabilne, niezawodne, pozbawione zak\u0142\u00f3ce\u0144 po\u0142\u0105czenie. Zasi\u0119g do 30 m daje Ci niemal nieograniczon\u0105 swobod\u0119. Produkt umo\u017cliwia te\u017c szybkie parowanie i automatyczne ponowne \u0142\u0105czenie urz\u0105dze\u0144. Zapomnij o op\u00f3\u017anieniach, zacinaniu si\u0119 i innych problemach z jako\u015bci\u0105 transmisji &#8211; z UGREEN mo\u017cesz bez przeszk\u00f3d s\u0142ucha\u0107 muzyki, korzysta\u0107 z bezprzewodowej myszy lub drukowa\u0107 potrzebne dokumenty.<\/p>\n<p><img decoding=\"async\" src=\"https:\/\/b2b.innpro.pl\/data\/include\/cms\/UGREEN\/14.07.21\/CM390\/9.jpg?v=1628680079488\"><\/p>\n<h3>Przyjazny u\u017cytkownikom<\/h3>\n<p>Adapter jest kompatybilny z systemami operacyjnymi Windows 7, 8.1 i 10. Aby m\u00f3g\u0142 dzia\u0142a\u0107 poprawnie, nale\u017cy zainstalowa\u0107 odpowiedni sterownik. Produkt zosta\u0142 te\u017c wyposa\u017cony w praktyczny wska\u017anik LED, kt\u00f3ry dostarczy Ci najwa\u017cniejszych informacji o jego statusie. W trakcie parowania b\u0119dzie miga\u0107, a kiedy adapter zostanie prawid\u0142owo po\u0142\u0105czony, zacznie \u015bwieci\u0107 \u015bwiat\u0142em ci\u0105g\u0142ym.<\/p>\n<p><img decoding=\"async\" src=\"https:\/\/b2b.innpro.pl\/data\/include\/cms\/UGREEN\/14.07.21\/CM390\/12.jpg?v=1628680079488\"><\/p>\n<h3>Przesy\u0142aj pliki mi\u0119dzy smartfonem a komputerem bez u\u017cycia kabla<\/h3>\n<p>Za pomoc\u0105 adaptera mo\u017cesz te\u017c wygodnie przesy\u0142a\u0107 dane mi\u0119dzy komputerem a telefonem. Ju\u017c nie musisz za ka\u017cdym razem szuka\u0107 odpowiedniego kabla! Wystarczy bezprzewodowo po\u0142\u0105czy\u0107 smartfona z laptopem i w kr\u00f3tkim czasie skopiowa\u0107 wszystkie potrzebne pliki. Z UGREEN w mgnieniu oka zgrasz swoje zdj\u0119cia z wakacji na komputer!<\/p>\n<p><img decoding=\"async\" src=\"https:\/\/b2b.innpro.pl\/data\/include\/cms\/UGREEN\/14.07.21\/CM390\/13.jpg?v=1628680079488\"><\/p>\n<h3>Zmie\u015bcisz go w kieszeni<\/h3>\n<p>To praktyczne urz\u0105dzenie jest niewiele wi\u0119ksze od zwyk\u0142ej monety. Lekkie i por\u0119czne &#8211; mo\u017cesz mie\u0107 je zawsze przy sobie. Z \u0142atwo\u015bci\u0105 zmie\u015bcisz je w torebce lub plecaku, a nawet w kieszeni. Adapter Bluetooth UGREEN CM390 to udana kombinacja kompaktowego rozmiaru i niezwyk\u0142ej funkcjonalno\u015bci.<\/p>\n<p><img decoding=\"async\" src=\"https:\/\/b2b.innpro.pl\/data\/include\/cms\/UGREEN\/14.07.21\/CM390\/1.jpg?v=1628680079488\"><\/p>\n<div class=\"table-wrapper\">\n<table>\n<tbody>\n<tr>\n<th>Producent<\/th>\n<td>UGREEN<\/td>\n<\/tr>\n<tr>\n<th>Model<\/th>\n<td>CM390<\/td>\n<\/tr>\n<tr>\n<th>Wersja Bluetooth<\/th>\n<td>5.0<\/td>\n<\/tr>\n<tr>\n<th>Chip<\/th>\n<td>RTL8761BUV<\/td>\n<\/tr>\n<tr>\n<th>Zasi\u0119g<\/th>\n<td>Do 30 m (bez przeszk\u00f3d)<\/td>\n<\/tr>\n<tr>\n<th>Profile Bluetooth<\/th>\n<td>A2DP, H2DP, HSP, AVRCP, HID<\/td>\n<\/tr>\n<tr>\n<th>Kodek audio<\/th>\n<td>SBC<\/td>\n<\/tr>\n<tr>\n<th>Waga<\/th>\n<td>4 g<\/td>\n<\/tr>\n<\/tbody>\n<\/table>\n<\/div>\n","protected":false},"excerpt":{"rendered":"<p>Adapter Bluetooth 5.0 UGREEN CM390 Kompaktowy adapter Bluetooth o zasi\u0119gu do 30 m sprawdzi si\u0119 w wielu r\u00f3\u017cnych zastosowaniach. Za<\/p>\n","protected":false},"featured_media":41437,"comment_status":"closed","ping_status":"open","template":"","meta":{"_acf_changed":false},"product_brand":[],"product_cat":[5930,5929],"product_tag":[],"class_list":{"0":"post-55778","1":"product","2":"type-product","3":"status-publish","4":"has-post-thumbnail","6":"product_cat-adaptery-przejsciowki-konwertery","7":"product_cat-akcesoria-it","8":"pa_okres-gwarancji-5757","9":"pa_producent-ugreen","11":"first","12":"outofstock","13":"taxable","14":"shipping-taxable","15":"purchasable","16":"product-type-simple"},"acf":[],"yoast_head":"<!-- This site is optimized with the Yoast SEO plugin v27.2 - https:\/\/yoast.com\/product\/yoast-seo-wordpress\/ -->\n<title>Adapter Bluetooth UGREEN CM390 USB Bluetooth 5.0 (czarny) - IRONSKY.PL Sklep z Dronami<\/title>\n<meta name=\"description\" content=\"Adapter Bluetooth UGREEN CM390 USB Bluetooth 5.0 (czarny) - \u2705 sklep z dronami i fachowym doradztwem. \u2705 Tutaj kupisz produkty DJI, Yuneec, Parrot, Syma i wiele innych, a tak\u017ce kursy i licencje na operatora drona.\" \/>\n<meta name=\"robots\" content=\"index, follow, max-snippet:-1, max-image-preview:large, max-video-preview:-1\" \/>\n<link rel=\"canonical\" href=\"https:\/\/ironsky.pl\/sklep\/produkt\/adapter-bluetooth-ugreen-cm390-usb-bluetooth-5-0-czarny\/\" \/>\n<meta property=\"og:locale\" content=\"pl_PL\" \/>\n<meta property=\"og:type\" content=\"article\" \/>\n<meta property=\"og:title\" content=\"Adapter Bluetooth UGREEN CM390 USB Bluetooth 5.0 (czarny) - IRONSKY.PL Sklep z Dronami\" \/>\n<meta property=\"og:description\" content=\"Adapter Bluetooth UGREEN CM390 USB Bluetooth 5.0 (czarny) - \u2705 sklep z dronami i fachowym doradztwem. \u2705 Tutaj kupisz produkty DJI, Yuneec, Parrot, Syma i wiele innych, a tak\u017ce kursy i licencje na operatora drona.\" \/>\n<meta property=\"og:url\" content=\"https:\/\/ironsky.pl\/sklep\/produkt\/adapter-bluetooth-ugreen-cm390-usb-bluetooth-5-0-czarny\/\" \/>\n<meta property=\"og:site_name\" content=\"IRONSKY.PL Sklep z Dronami\" \/>\n<meta property=\"article:modified_time\" content=\"2026-04-15T08:44:58+00:00\" \/>\n<meta property=\"og:image\" content=\"https:\/\/ironsky.pl\/sklep\/wp-content\/uploads\/2025\/06\/21182_1.jpg\" \/>\n\t<meta property=\"og:image:width\" content=\"800\" \/>\n\t<meta property=\"og:image:height\" content=\"800\" \/>\n\t<meta property=\"og:image:type\" content=\"image\/jpeg\" \/>\n<meta name=\"twitter:card\" content=\"summary_large_image\" \/>\n<meta name=\"twitter:label1\" content=\"Szacowany czas czytania\" \/>\n\t<meta name=\"twitter:data1\" content=\"2 minuty\" \/>\n<script type=\"application\/ld+json\" class=\"yoast-schema-graph\">{\"@context\":\"https:\/\/schema.org\",\"@graph\":[{\"@type\":\"WebPage\",\"@id\":\"https:\/\/ironsky.pl\/sklep\/produkt\/adapter-bluetooth-ugreen-cm390-usb-bluetooth-5-0-czarny\/\",\"url\":\"https:\/\/ironsky.pl\/sklep\/produkt\/adapter-bluetooth-ugreen-cm390-usb-bluetooth-5-0-czarny\/\",\"name\":\"Adapter Bluetooth UGREEN CM390 USB Bluetooth 5.0 (czarny) - IRONSKY.PL Sklep z Dronami\",\"isPartOf\":{\"@id\":\"https:\/\/ironsky.pl\/sklep\/#website\"},\"primaryImageOfPage\":{\"@id\":\"https:\/\/ironsky.pl\/sklep\/produkt\/adapter-bluetooth-ugreen-cm390-usb-bluetooth-5-0-czarny\/#primaryimage\"},\"image\":{\"@id\":\"https:\/\/ironsky.pl\/sklep\/produkt\/adapter-bluetooth-ugreen-cm390-usb-bluetooth-5-0-czarny\/#primaryimage\"},\"thumbnailUrl\":\"https:\/\/ironsky.pl\/sklep\/wp-content\/uploads\/2025\/06\/21182_1.jpg\",\"datePublished\":\"2026-04-15T08:07:54+00:00\",\"dateModified\":\"2026-04-15T08:44:58+00:00\",\"description\":\"Adapter Bluetooth UGREEN CM390 USB Bluetooth 5.0 (czarny) - \u2705 sklep z dronami i fachowym doradztwem. \u2705 Tutaj kupisz produkty DJI, Yuneec, Parrot, Syma i wiele innych, a tak\u017ce kursy i licencje na operatora drona.\",\"breadcrumb\":{\"@id\":\"https:\/\/ironsky.pl\/sklep\/produkt\/adapter-bluetooth-ugreen-cm390-usb-bluetooth-5-0-czarny\/#breadcrumb\"},\"inLanguage\":\"pl-PL\",\"potentialAction\":[{\"@type\":\"ReadAction\",\"target\":[\"https:\/\/ironsky.pl\/sklep\/produkt\/adapter-bluetooth-ugreen-cm390-usb-bluetooth-5-0-czarny\/\"]}]},{\"@type\":\"ImageObject\",\"inLanguage\":\"pl-PL\",\"@id\":\"https:\/\/ironsky.pl\/sklep\/produkt\/adapter-bluetooth-ugreen-cm390-usb-bluetooth-5-0-czarny\/#primaryimage\",\"url\":\"https:\/\/ironsky.pl\/sklep\/wp-content\/uploads\/2025\/06\/21182_1.jpg\",\"contentUrl\":\"https:\/\/ironsky.pl\/sklep\/wp-content\/uploads\/2025\/06\/21182_1.jpg\",\"width\":800,\"height\":800},{\"@type\":\"BreadcrumbList\",\"@id\":\"https:\/\/ironsky.pl\/sklep\/produkt\/adapter-bluetooth-ugreen-cm390-usb-bluetooth-5-0-czarny\/#breadcrumb\",\"itemListElement\":[{\"@type\":\"ListItem\",\"position\":1,\"name\":\"Strona g\u0142\u00f3wna\",\"item\":\"https:\/\/ironsky.pl\/sklep\/\"},{\"@type\":\"ListItem\",\"position\":2,\"name\":\"Wszystkie produkty\",\"item\":\"https:\/\/ironsky.pl\/sklep\/produkty\/\"},{\"@type\":\"ListItem\",\"position\":3,\"name\":\"Adapter Bluetooth UGREEN CM390 USB Bluetooth 5.0 (czarny)\"}]},{\"@type\":\"WebSite\",\"@id\":\"https:\/\/ironsky.pl\/sklep\/#website\",\"url\":\"https:\/\/ironsky.pl\/sklep\/\",\"name\":\"IRONSKY.PL Sklep z Dronami\",\"description\":\"IRONSKY.PL Sklep z Dronami\",\"potentialAction\":[{\"@type\":\"SearchAction\",\"target\":{\"@type\":\"EntryPoint\",\"urlTemplate\":\"https:\/\/ironsky.pl\/sklep\/?s={search_term_string}\"},\"query-input\":{\"@type\":\"PropertyValueSpecification\",\"valueRequired\":true,\"valueName\":\"search_term_string\"}}],\"inLanguage\":\"pl-PL\"}]}<\/script>\n<!-- \/ Yoast SEO plugin. -->","yoast_head_json":{"title":"Adapter Bluetooth UGREEN CM390 USB Bluetooth 5.0 (czarny) - IRONSKY.PL Sklep z Dronami","description":"Adapter Bluetooth UGREEN CM390 USB Bluetooth 5.0 (czarny) - \u2705 sklep z dronami i fachowym doradztwem. \u2705 Tutaj kupisz produkty DJI, Yuneec, Parrot, Syma i wiele innych, a tak\u017ce kursy i licencje na operatora drona.","robots":{"index":"index","follow":"follow","max-snippet":"max-snippet:-1","max-image-preview":"max-image-preview:large","max-video-preview":"max-video-preview:-1"},"canonical":"https:\/\/ironsky.pl\/sklep\/produkt\/adapter-bluetooth-ugreen-cm390-usb-bluetooth-5-0-czarny\/","og_locale":"pl_PL","og_type":"article","og_title":"Adapter Bluetooth UGREEN CM390 USB Bluetooth 5.0 (czarny) - IRONSKY.PL Sklep z Dronami","og_description":"Adapter Bluetooth UGREEN CM390 USB Bluetooth 5.0 (czarny) - \u2705 sklep z dronami i fachowym doradztwem. \u2705 Tutaj kupisz produkty DJI, Yuneec, Parrot, Syma i wiele innych, a tak\u017ce kursy i licencje na operatora drona.","og_url":"https:\/\/ironsky.pl\/sklep\/produkt\/adapter-bluetooth-ugreen-cm390-usb-bluetooth-5-0-czarny\/","og_site_name":"IRONSKY.PL Sklep z Dronami","article_modified_time":"2026-04-15T08:44:58+00:00","og_image":[{"width":800,"height":800,"url":"https:\/\/ironsky.pl\/sklep\/wp-content\/uploads\/2025\/06\/21182_1.jpg","type":"image\/jpeg"}],"twitter_card":"summary_large_image","twitter_misc":{"Szacowany czas czytania":"2 minuty"},"schema":{"@context":"https:\/\/schema.org","@graph":[{"@type":"WebPage","@id":"https:\/\/ironsky.pl\/sklep\/produkt\/adapter-bluetooth-ugreen-cm390-usb-bluetooth-5-0-czarny\/","url":"https:\/\/ironsky.pl\/sklep\/produkt\/adapter-bluetooth-ugreen-cm390-usb-bluetooth-5-0-czarny\/","name":"Adapter Bluetooth UGREEN CM390 USB Bluetooth 5.0 (czarny) - IRONSKY.PL Sklep z Dronami","isPartOf":{"@id":"https:\/\/ironsky.pl\/sklep\/#website"},"primaryImageOfPage":{"@id":"https:\/\/ironsky.pl\/sklep\/produkt\/adapter-bluetooth-ugreen-cm390-usb-bluetooth-5-0-czarny\/#primaryimage"},"image":{"@id":"https:\/\/ironsky.pl\/sklep\/produkt\/adapter-bluetooth-ugreen-cm390-usb-bluetooth-5-0-czarny\/#primaryimage"},"thumbnailUrl":"https:\/\/ironsky.pl\/sklep\/wp-content\/uploads\/2025\/06\/21182_1.jpg","datePublished":"2026-04-15T08:07:54+00:00","dateModified":"2026-04-15T08:44:58+00:00","description":"Adapter Bluetooth UGREEN CM390 USB Bluetooth 5.0 (czarny) - \u2705 sklep z dronami i fachowym doradztwem. \u2705 Tutaj kupisz produkty DJI, Yuneec, Parrot, Syma i wiele innych, a tak\u017ce kursy i licencje na operatora drona.","breadcrumb":{"@id":"https:\/\/ironsky.pl\/sklep\/produkt\/adapter-bluetooth-ugreen-cm390-usb-bluetooth-5-0-czarny\/#breadcrumb"},"inLanguage":"pl-PL","potentialAction":[{"@type":"ReadAction","target":["https:\/\/ironsky.pl\/sklep\/produkt\/adapter-bluetooth-ugreen-cm390-usb-bluetooth-5-0-czarny\/"]}]},{"@type":"ImageObject","inLanguage":"pl-PL","@id":"https:\/\/ironsky.pl\/sklep\/produkt\/adapter-bluetooth-ugreen-cm390-usb-bluetooth-5-0-czarny\/#primaryimage","url":"https:\/\/ironsky.pl\/sklep\/wp-content\/uploads\/2025\/06\/21182_1.jpg","contentUrl":"https:\/\/ironsky.pl\/sklep\/wp-content\/uploads\/2025\/06\/21182_1.jpg","width":800,"height":800},{"@type":"BreadcrumbList","@id":"https:\/\/ironsky.pl\/sklep\/produkt\/adapter-bluetooth-ugreen-cm390-usb-bluetooth-5-0-czarny\/#breadcrumb","itemListElement":[{"@type":"ListItem","position":1,"name":"Strona g\u0142\u00f3wna","item":"https:\/\/ironsky.pl\/sklep\/"},{"@type":"ListItem","position":2,"name":"Wszystkie produkty","item":"https:\/\/ironsky.pl\/sklep\/produkty\/"},{"@type":"ListItem","position":3,"name":"Adapter Bluetooth UGREEN CM390 USB Bluetooth 5.0 (czarny)"}]},{"@type":"WebSite","@id":"https:\/\/ironsky.pl\/sklep\/#website","url":"https:\/\/ironsky.pl\/sklep\/","name":"IRONSKY.PL Sklep z Dronami","description":"IRONSKY.PL Sklep z Dronami","potentialAction":[{"@type":"SearchAction","target":{"@type":"EntryPoint","urlTemplate":"https:\/\/ironsky.pl\/sklep\/?s={search_term_string}"},"query-input":{"@type":"PropertyValueSpecification","valueRequired":true,"valueName":"search_term_string"}}],"inLanguage":"pl-PL"}]}},"_links":{"self":[{"href":"https:\/\/ironsky.pl\/sklep\/wp-json\/wp\/v2\/product\/55778","targetHints":{"allow":["GET"]}}],"collection":[{"href":"https:\/\/ironsky.pl\/sklep\/wp-json\/wp\/v2\/product"}],"about":[{"href":"https:\/\/ironsky.pl\/sklep\/wp-json\/wp\/v2\/types\/product"}],"replies":[{"embeddable":true,"href":"https:\/\/ironsky.pl\/sklep\/wp-json\/wp\/v2\/comments?post=55778"}],"wp:featuredmedia":[{"embeddable":true,"href":"https:\/\/ironsky.pl\/sklep\/wp-json\/wp\/v2\/media\/41437"}],"wp:attachment":[{"href":"https:\/\/ironsky.pl\/sklep\/wp-json\/wp\/v2\/media?parent=55778"}],"wp:term":[{"taxonomy":"product_brand","embeddable":true,"href":"https:\/\/ironsky.pl\/sklep\/wp-json\/wp\/v2\/product_brand?post=55778"},{"taxonomy":"product_cat","embeddable":true,"href":"https:\/\/ironsky.pl\/sklep\/wp-json\/wp\/v2\/product_cat?post=55778"},{"taxonomy":"product_tag","embeddable":true,"href":"https:\/\/ironsky.pl\/sklep\/wp-json\/wp\/v2\/product_tag?post=55778"}],"curies":[{"name":"wp","href":"https:\/\/api.w.org\/{rel}","templated":true}]}}