{"id":55769,"date":"2026-04-15T10:07:54","date_gmt":"2026-04-15T08:07:54","guid":{"rendered":"https:\/\/ironsky.pl\/sklep\/produkt\/podstawka-do-laptopa-ugreen-20471b-regulowana-srebrna\/"},"modified":"2026-04-15T10:44:57","modified_gmt":"2026-04-15T08:44:57","slug":"podstawka-do-laptopa-ugreen-20471b-regulowana-srebrna","status":"publish","type":"product","link":"https:\/\/ironsky.pl\/sklep\/produkt\/podstawka-do-laptopa-ugreen-20471b-regulowana-srebrna\/","title":{"rendered":"Podstawka do laptopa UGREEN 20471B regulowana (srebrna)"},"content":{"rendered":"<section id=\"Opisproduktu\" class=\"longdescription cm  col-12\" data-anchor-menu-name=\"Opis produktu\" data-dictionary=\"true\">\n<div id=\"product_description\">\n<div class=\"grid grid-cols-2 grid-gap-50 my-5\">\n<div class=\"product_description__image\">\n<img decoding=\"async\" src=\"https:\/\/assets.innpro.pl\/2220\/2346\/3.jpg\" alt=\"Aluminiowy stojak pionowy marki Ugreen z umieszczonym w nim zamkni\u0119tym laptopem Apple, pokazany z graficznym efektem przep\u0142ywu powietrza po bokach\" \/>\n<\/div>\n<div class=\"flex flex-column justify-center\">\n<div class=\"product_description__header\">\nPodstawka na laptopa UGREEN 20471B, regulowana (srebrny)\n<\/div>\n<div class=\"product_description__content\">\n<p>UGREEN 20471B to praktyczna podstawka na laptopa, kt\u00f3ra pozwala na przechowywanie go w pozycji pionowej dzi\u0119ki, czemu zajmuje on du\u017co mniej miejsca i szybciej ch\u0142odzi si\u0119 po zako\u0144czonej pracy. Za pomoc\u0105 pokr\u0119t\u0142a w szybki i prosty spos\u00f3b dostosujesz szeroko\u015b\u0107 do grubo\u015bci laptopa, aby bezpiecznie i stabilnie trzyma\u0142 si\u0119 w miejscu.\u00a0<\/p>\n<\/div>\n<\/div>\n<\/div>\n<div class=\"grid grid-cols-2 grid-gap-50 my-5\">\n<div class=\"product_description__image\">\n<img decoding=\"async\" src=\"https:\/\/assets.innpro.pl\/2220\/2346\/1.jpg\" alt=\"Aluminiowy stojak pionowy marki Ugreen ustawiony na okr\u0105g\u0142ym stole obok fili\u017canki i otwartej ksi\u0105\u017cki\" \/>\n<\/div>\n<div class=\"flex flex-column justify-center\">\n<div class=\"product_description__header\">\nSolidne wykonanie\n<\/div>\n<div class=\"product_description__content\">\n<p>Podstawka zosta\u0142a wykonana ze stopu aluminium, co zapewnia jej trwa\u0142o\u015b\u0107. Antypo\u015blizgowe nak\u0142adki gwarantuj\u0105 stabilno\u015b\u0107, wi\u0119c nie musisz obawia\u0107 si\u0119 o uszkodzenie urz\u0105dzenia. Mo\u017cliwo\u015b\u0107 umieszczenia laptopa w pozycji pionowej zapewnia dobre odprowadzanie ciep\u0142a, dzi\u0119ki czemu Twoje urz\u0105dzenie jest zabezpieczone przed przegrzaniem. 20471B jest r\u00f3wnie\u017c bardzo prosta w obs\u0142udze. Pokr\u0119t\u0142o u\u0142atwia dostosowanie szeroko\u015bci podstawki. Na akcesorium umie\u015bcisz laptopy o grubo\u015bci od 12-26mm.<\/p>\n<\/div>\n<\/div>\n<\/div>\n<\/div>\n<\/section>\n<div class=\"big_label --ops\" data-anchor-menu-name=\"W zestawie\" id=\"Wzestawie\">\nW zestawie z 6957303802296\n<\/div>\n<div class=\"included_items\">\n<\/div>\n<div class=\"big_label --ops\" data-anchor-menu-name=\"Specyfikacja\" id=\"Specyfikacja\">\nSpecyfikacja\n<\/div>\n<div class=\"table_container\">\n<div class=\"table1\">\n<table>\n<tbody>\n<tr>\n<th>Producent <\/th>\n<td>Ugreen<\/td>\n<\/tr>\n<tr>\n<th>Model <\/th>\n<td>20471B<\/td>\n<\/tr>\n<tr>\n<th>Wymiary <\/th>\n<td>150 x 78 x 50mm<\/td>\n<\/tr>\n<tr>\n<th>Waga <\/th>\n<td>176g<\/td>\n<\/tr>\n<\/tbody>\n<\/table>\n<\/div>\n<div class=\"table2\">\n<table>\n<tbody>\n<tr>\n<th>Przeznaczenie <\/th>\n<td>urz\u0105dzenia o grubo\u015bci od 12-26mm<\/td>\n<\/tr>\n<tr>\n<th>Materia\u0142 <\/th>\n<td>stop aluminium<\/td>\n<\/tr>\n<tr>\n<th>Kolor <\/th>\n<td>srebrny<\/td>\n<\/tr>\n<tr>\n<th><\/th>\n<td><\/td>\n<\/tr>\n<\/tbody>\n<\/table>\n<\/div>\n<\/div>\n","protected":false},"excerpt":{"rendered":"<p>Podstawka na laptopa UGREEN 20471B, regulowana (srebrny) UGREEN 20471B to praktyczna podstawka na laptopa, kt\u00f3ra pozwala na przechowywanie go w<\/p>\n","protected":false},"featured_media":55770,"comment_status":"closed","ping_status":"open","template":"","meta":{"_acf_changed":false},"product_brand":[],"product_cat":[5929,6195],"product_tag":[],"class_list":{"0":"post-55769","1":"product","2":"type-product","3":"status-publish","4":"has-post-thumbnail","6":"product_cat-akcesoria-it","7":"product_cat-podstawki-pod-laptop","8":"pa_okres-gwarancji-5757","9":"pa_producent-ugreen","11":"first","12":"outofstock","13":"taxable","14":"shipping-taxable","15":"purchasable","16":"product-type-simple"},"acf":[],"yoast_head":"<!-- This site is optimized with the Yoast SEO plugin v27.2 - https:\/\/yoast.com\/product\/yoast-seo-wordpress\/ -->\n<title>Podstawka do laptopa UGREEN 20471B regulowana (srebrna) - IRONSKY.PL Sklep z Dronami<\/title>\n<meta name=\"description\" content=\"Podstawka do laptopa UGREEN 20471B regulowana (srebrna) - \u2705 sklep z dronami i fachowym doradztwem. \u2705 Tutaj kupisz produkty DJI, Yuneec, Parrot, Syma i wiele innych, a tak\u017ce kursy i licencje na operatora drona.\" \/>\n<meta name=\"robots\" content=\"index, follow, max-snippet:-1, max-image-preview:large, max-video-preview:-1\" \/>\n<link rel=\"canonical\" href=\"https:\/\/ironsky.pl\/sklep\/produkt\/podstawka-do-laptopa-ugreen-20471b-regulowana-srebrna\/\" \/>\n<meta property=\"og:locale\" content=\"pl_PL\" \/>\n<meta property=\"og:type\" content=\"article\" \/>\n<meta property=\"og:title\" content=\"Podstawka do laptopa UGREEN 20471B regulowana (srebrna) - IRONSKY.PL Sklep z Dronami\" \/>\n<meta property=\"og:description\" content=\"Podstawka do laptopa UGREEN 20471B regulowana (srebrna) - \u2705 sklep z dronami i fachowym doradztwem. \u2705 Tutaj kupisz produkty DJI, Yuneec, Parrot, Syma i wiele innych, a tak\u017ce kursy i licencje na operatora drona.\" \/>\n<meta property=\"og:url\" content=\"https:\/\/ironsky.pl\/sklep\/produkt\/podstawka-do-laptopa-ugreen-20471b-regulowana-srebrna\/\" \/>\n<meta property=\"og:site_name\" content=\"IRONSKY.PL Sklep z Dronami\" \/>\n<meta property=\"article:modified_time\" content=\"2026-04-15T08:44:57+00:00\" \/>\n<meta property=\"og:image\" content=\"https:\/\/ironsky.pl\/sklep\/wp-content\/uploads\/2026\/04\/21076_2.jpg\" \/>\n\t<meta property=\"og:image:width\" content=\"800\" \/>\n\t<meta property=\"og:image:height\" content=\"800\" \/>\n\t<meta property=\"og:image:type\" content=\"image\/jpeg\" \/>\n<meta name=\"twitter:card\" content=\"summary_large_image\" \/>\n<meta name=\"twitter:label1\" content=\"Szacowany czas czytania\" \/>\n\t<meta name=\"twitter:data1\" content=\"1 minuta\" \/>\n<script type=\"application\/ld+json\" class=\"yoast-schema-graph\">{\"@context\":\"https:\/\/schema.org\",\"@graph\":[{\"@type\":\"WebPage\",\"@id\":\"https:\/\/ironsky.pl\/sklep\/produkt\/podstawka-do-laptopa-ugreen-20471b-regulowana-srebrna\/\",\"url\":\"https:\/\/ironsky.pl\/sklep\/produkt\/podstawka-do-laptopa-ugreen-20471b-regulowana-srebrna\/\",\"name\":\"Podstawka do laptopa UGREEN 20471B regulowana (srebrna) - IRONSKY.PL Sklep z Dronami\",\"isPartOf\":{\"@id\":\"https:\/\/ironsky.pl\/sklep\/#website\"},\"primaryImageOfPage\":{\"@id\":\"https:\/\/ironsky.pl\/sklep\/produkt\/podstawka-do-laptopa-ugreen-20471b-regulowana-srebrna\/#primaryimage\"},\"image\":{\"@id\":\"https:\/\/ironsky.pl\/sklep\/produkt\/podstawka-do-laptopa-ugreen-20471b-regulowana-srebrna\/#primaryimage\"},\"thumbnailUrl\":\"https:\/\/ironsky.pl\/sklep\/wp-content\/uploads\/2026\/04\/21076_2.jpg\",\"datePublished\":\"2026-04-15T08:07:54+00:00\",\"dateModified\":\"2026-04-15T08:44:57+00:00\",\"description\":\"Podstawka do laptopa UGREEN 20471B regulowana (srebrna) - \u2705 sklep z dronami i fachowym doradztwem. \u2705 Tutaj kupisz produkty DJI, Yuneec, Parrot, Syma i wiele innych, a tak\u017ce kursy i licencje na operatora drona.\",\"breadcrumb\":{\"@id\":\"https:\/\/ironsky.pl\/sklep\/produkt\/podstawka-do-laptopa-ugreen-20471b-regulowana-srebrna\/#breadcrumb\"},\"inLanguage\":\"pl-PL\",\"potentialAction\":[{\"@type\":\"ReadAction\",\"target\":[\"https:\/\/ironsky.pl\/sklep\/produkt\/podstawka-do-laptopa-ugreen-20471b-regulowana-srebrna\/\"]}]},{\"@type\":\"ImageObject\",\"inLanguage\":\"pl-PL\",\"@id\":\"https:\/\/ironsky.pl\/sklep\/produkt\/podstawka-do-laptopa-ugreen-20471b-regulowana-srebrna\/#primaryimage\",\"url\":\"https:\/\/ironsky.pl\/sklep\/wp-content\/uploads\/2026\/04\/21076_2.jpg\",\"contentUrl\":\"https:\/\/ironsky.pl\/sklep\/wp-content\/uploads\/2026\/04\/21076_2.jpg\",\"width\":800,\"height\":800},{\"@type\":\"BreadcrumbList\",\"@id\":\"https:\/\/ironsky.pl\/sklep\/produkt\/podstawka-do-laptopa-ugreen-20471b-regulowana-srebrna\/#breadcrumb\",\"itemListElement\":[{\"@type\":\"ListItem\",\"position\":1,\"name\":\"Strona g\u0142\u00f3wna\",\"item\":\"https:\/\/ironsky.pl\/sklep\/\"},{\"@type\":\"ListItem\",\"position\":2,\"name\":\"Wszystkie produkty\",\"item\":\"https:\/\/ironsky.pl\/sklep\/produkty\/\"},{\"@type\":\"ListItem\",\"position\":3,\"name\":\"Podstawka do laptopa UGREEN 20471B regulowana (srebrna)\"}]},{\"@type\":\"WebSite\",\"@id\":\"https:\/\/ironsky.pl\/sklep\/#website\",\"url\":\"https:\/\/ironsky.pl\/sklep\/\",\"name\":\"IRONSKY.PL Sklep z Dronami\",\"description\":\"IRONSKY.PL Sklep z Dronami\",\"potentialAction\":[{\"@type\":\"SearchAction\",\"target\":{\"@type\":\"EntryPoint\",\"urlTemplate\":\"https:\/\/ironsky.pl\/sklep\/?s={search_term_string}\"},\"query-input\":{\"@type\":\"PropertyValueSpecification\",\"valueRequired\":true,\"valueName\":\"search_term_string\"}}],\"inLanguage\":\"pl-PL\"}]}<\/script>\n<!-- \/ Yoast SEO plugin. -->","yoast_head_json":{"title":"Podstawka do laptopa UGREEN 20471B regulowana (srebrna) - IRONSKY.PL Sklep z Dronami","description":"Podstawka do laptopa UGREEN 20471B regulowana (srebrna) - \u2705 sklep z dronami i fachowym doradztwem. \u2705 Tutaj kupisz produkty DJI, Yuneec, Parrot, Syma i wiele innych, a tak\u017ce kursy i licencje na operatora drona.","robots":{"index":"index","follow":"follow","max-snippet":"max-snippet:-1","max-image-preview":"max-image-preview:large","max-video-preview":"max-video-preview:-1"},"canonical":"https:\/\/ironsky.pl\/sklep\/produkt\/podstawka-do-laptopa-ugreen-20471b-regulowana-srebrna\/","og_locale":"pl_PL","og_type":"article","og_title":"Podstawka do laptopa UGREEN 20471B regulowana (srebrna) - IRONSKY.PL Sklep z Dronami","og_description":"Podstawka do laptopa UGREEN 20471B regulowana (srebrna) - \u2705 sklep z dronami i fachowym doradztwem. \u2705 Tutaj kupisz produkty DJI, Yuneec, Parrot, Syma i wiele innych, a tak\u017ce kursy i licencje na operatora drona.","og_url":"https:\/\/ironsky.pl\/sklep\/produkt\/podstawka-do-laptopa-ugreen-20471b-regulowana-srebrna\/","og_site_name":"IRONSKY.PL Sklep z Dronami","article_modified_time":"2026-04-15T08:44:57+00:00","og_image":[{"width":800,"height":800,"url":"https:\/\/ironsky.pl\/sklep\/wp-content\/uploads\/2026\/04\/21076_2.jpg","type":"image\/jpeg"}],"twitter_card":"summary_large_image","twitter_misc":{"Szacowany czas czytania":"1 minuta"},"schema":{"@context":"https:\/\/schema.org","@graph":[{"@type":"WebPage","@id":"https:\/\/ironsky.pl\/sklep\/produkt\/podstawka-do-laptopa-ugreen-20471b-regulowana-srebrna\/","url":"https:\/\/ironsky.pl\/sklep\/produkt\/podstawka-do-laptopa-ugreen-20471b-regulowana-srebrna\/","name":"Podstawka do laptopa UGREEN 20471B regulowana (srebrna) - IRONSKY.PL Sklep z Dronami","isPartOf":{"@id":"https:\/\/ironsky.pl\/sklep\/#website"},"primaryImageOfPage":{"@id":"https:\/\/ironsky.pl\/sklep\/produkt\/podstawka-do-laptopa-ugreen-20471b-regulowana-srebrna\/#primaryimage"},"image":{"@id":"https:\/\/ironsky.pl\/sklep\/produkt\/podstawka-do-laptopa-ugreen-20471b-regulowana-srebrna\/#primaryimage"},"thumbnailUrl":"https:\/\/ironsky.pl\/sklep\/wp-content\/uploads\/2026\/04\/21076_2.jpg","datePublished":"2026-04-15T08:07:54+00:00","dateModified":"2026-04-15T08:44:57+00:00","description":"Podstawka do laptopa UGREEN 20471B regulowana (srebrna) - \u2705 sklep z dronami i fachowym doradztwem. \u2705 Tutaj kupisz produkty DJI, Yuneec, Parrot, Syma i wiele innych, a tak\u017ce kursy i licencje na operatora drona.","breadcrumb":{"@id":"https:\/\/ironsky.pl\/sklep\/produkt\/podstawka-do-laptopa-ugreen-20471b-regulowana-srebrna\/#breadcrumb"},"inLanguage":"pl-PL","potentialAction":[{"@type":"ReadAction","target":["https:\/\/ironsky.pl\/sklep\/produkt\/podstawka-do-laptopa-ugreen-20471b-regulowana-srebrna\/"]}]},{"@type":"ImageObject","inLanguage":"pl-PL","@id":"https:\/\/ironsky.pl\/sklep\/produkt\/podstawka-do-laptopa-ugreen-20471b-regulowana-srebrna\/#primaryimage","url":"https:\/\/ironsky.pl\/sklep\/wp-content\/uploads\/2026\/04\/21076_2.jpg","contentUrl":"https:\/\/ironsky.pl\/sklep\/wp-content\/uploads\/2026\/04\/21076_2.jpg","width":800,"height":800},{"@type":"BreadcrumbList","@id":"https:\/\/ironsky.pl\/sklep\/produkt\/podstawka-do-laptopa-ugreen-20471b-regulowana-srebrna\/#breadcrumb","itemListElement":[{"@type":"ListItem","position":1,"name":"Strona g\u0142\u00f3wna","item":"https:\/\/ironsky.pl\/sklep\/"},{"@type":"ListItem","position":2,"name":"Wszystkie produkty","item":"https:\/\/ironsky.pl\/sklep\/produkty\/"},{"@type":"ListItem","position":3,"name":"Podstawka do laptopa UGREEN 20471B regulowana (srebrna)"}]},{"@type":"WebSite","@id":"https:\/\/ironsky.pl\/sklep\/#website","url":"https:\/\/ironsky.pl\/sklep\/","name":"IRONSKY.PL Sklep z Dronami","description":"IRONSKY.PL Sklep z Dronami","potentialAction":[{"@type":"SearchAction","target":{"@type":"EntryPoint","urlTemplate":"https:\/\/ironsky.pl\/sklep\/?s={search_term_string}"},"query-input":{"@type":"PropertyValueSpecification","valueRequired":true,"valueName":"search_term_string"}}],"inLanguage":"pl-PL"}]}},"_links":{"self":[{"href":"https:\/\/ironsky.pl\/sklep\/wp-json\/wp\/v2\/product\/55769","targetHints":{"allow":["GET"]}}],"collection":[{"href":"https:\/\/ironsky.pl\/sklep\/wp-json\/wp\/v2\/product"}],"about":[{"href":"https:\/\/ironsky.pl\/sklep\/wp-json\/wp\/v2\/types\/product"}],"replies":[{"embeddable":true,"href":"https:\/\/ironsky.pl\/sklep\/wp-json\/wp\/v2\/comments?post=55769"}],"wp:featuredmedia":[{"embeddable":true,"href":"https:\/\/ironsky.pl\/sklep\/wp-json\/wp\/v2\/media\/55770"}],"wp:attachment":[{"href":"https:\/\/ironsky.pl\/sklep\/wp-json\/wp\/v2\/media?parent=55769"}],"wp:term":[{"taxonomy":"product_brand","embeddable":true,"href":"https:\/\/ironsky.pl\/sklep\/wp-json\/wp\/v2\/product_brand?post=55769"},{"taxonomy":"product_cat","embeddable":true,"href":"https:\/\/ironsky.pl\/sklep\/wp-json\/wp\/v2\/product_cat?post=55769"},{"taxonomy":"product_tag","embeddable":true,"href":"https:\/\/ironsky.pl\/sklep\/wp-json\/wp\/v2\/product_tag?post=55769"}],"curies":[{"name":"wp","href":"https:\/\/api.w.org\/{rel}","templated":true}]}}