{"id":55759,"date":"2026-04-15T10:07:16","date_gmt":"2026-04-15T08:07:16","guid":{"rendered":"https:\/\/ironsky.pl\/sklep\/produkt\/zestaw-do-tla-puluz-pkt5204-2x2m-3-tla\/"},"modified":"2026-04-15T10:44:54","modified_gmt":"2026-04-15T08:44:54","slug":"zestaw-do-tla-puluz-pkt5204-2x2m-3-tla","status":"publish","type":"product","link":"https:\/\/ironsky.pl\/sklep\/produkt\/zestaw-do-tla-puluz-pkt5204-2x2m-3-tla\/","title":{"rendered":"Zestaw do t\u0142a PULUZ PKT5204 2x2m + 3 t\u0142a"},"content":{"rendered":"<h3>Zestaw do mocowania t\u0142a fotograficznego od Puluz<\/h3>\n<p>PKT5204 to idealne rozwi\u0105zanie zar\u00f3wno dla profesjonalist\u00f3w jak i amator\u00f3w. Zestaw sprawdzi si\u0119 podczas wielu okazji, zar\u00f3wno jako t\u0142o do transmisji na \u017cywo, jak i nagrywania film\u00f3w wideo. Produkt od Puluz wykorzystasz r\u00f3wnie\u017c podczas sesji fotograficznych, na przyk\u0142ad, na weselach, imprezach typu baby shower, itp. Mo\u017cliwo\u015bci s\u0105 niemal nieograniczone!<\/p>\n<p><img decoding=\"async\" src=\"https:\/\/b2b.innpro.pl\/data\/include\/cms\/Edyta\/puluz\/PKT5204\/3.jpg\"><\/p>\n<h3>Przeno\u015bna i wytrzyma\u0142a konstrukcja<\/h3>\n<p>Producent zadba\u0142 o to, aby statyw pos\u0142u\u017cy\u0142 Ci jak najd\u0142u\u017cej. Metalowa konstrukcja gwarantuje trwa\u0142o\u015b\u0107 i wytrzyma\u0142o\u015b\u0107. Aby wyregulowa\u0107 wysoko\u015b\u0107 statywu, wystarczy, \u017ce przekr\u0119cisz pokr\u0119t\u0142em na statywie, a nast\u0119pnie j\u0105 zablokujesz. Kwestia monta\u017cu to kilka minut, bez dodatkowych narz\u0119dzi. Sk\u0142adana, lekka konstrukcja u\u0142atwia przenoszenie, dzi\u0119ki czemu, PKT5204 mo\u017cesz zabra\u0107 ze sob\u0105 gdziekolwiek chcesz.<\/p>\n<p><img decoding=\"async\" src=\"https:\/\/b2b.innpro.pl\/data\/include\/cms\/Edyta\/puluz\/PKT5204\/4.jpg\"><\/p>\n<h3>3 kolory do wyboru<\/h3>\n<p>W zestawie znajduj\u0105 si\u0119 3 t\u0142a z tkaniny w kolorach zielonym, czerwonym i niebieskim, dzi\u0119ki czemu ka\u017cdy wybierze co\u015b dla siebie. T\u0142a posiadaj\u0105 wymiary 1.6 x 2 m, co zwi\u0119ksza swobod\u0119 u\u017cytkowania. W zale\u017cno\u015bci od upodoba\u0144, t\u0142a mo\u017cesz wykorzysta\u0107 do sesji fotograficznych, nagrywania vlog\u00f3w, itp.<\/p>\n<p><img decoding=\"async\" src=\"https:\/\/b2b.innpro.pl\/data\/include\/cms\/Edyta\/puluz\/PKT5204\/2.jpg\"><\/p>\n<h3>Zawarto\u015b\u0107 zestawu:<\/h3>\n<ul>\n<li>Poprzeczki x3<\/li>\n<li>T\u0142a x3<\/li>\n<li>Klipsy do t\u0142a x4<\/li>\n<li>Statyw do mocowania t\u0142a x2<\/li>\n<li>Klipsy zabezpieczaj\u0105ce do t\u0142a x6<\/li>\n<li>Torba transportowa<\/li>\n<\/ul>\n<div class=\"table-wrapper\">\n<table>\n<tbody>\n<tr>\n<th>Producent<\/th>\n<td>Puluz<\/td>\n<\/tr>\n<tr>\n<th>Model<\/th>\n<td>PKT5204<\/td>\n<\/tr>\n<tr>\n<th>Wymiary t\u0142a<\/th>\n<td>1.6 x 2 m<\/td>\n<\/tr>\n<tr>\n<th>Wymiary statywu<\/th>\n<td>2 x 2m<\/td>\n<\/tr>\n<tr>\n<th>Kolory t\u0142a<\/th>\n<td>czerwony, zielony, niebieski<\/td>\n<\/tr>\n<tr>\n<th>Maksymalna wysoko\u015b\u0107 statywu<\/th>\n<td>200cm<\/td>\n<\/tr>\n<tr>\n<th>Minimalna wysoko\u015b\u0107 statywu<\/th>\n<td>136.5cm<\/td>\n<\/tr>\n<tr>\n<th>Materia\u0142<\/th>\n<td>metal, tkanina (t\u0142o)<\/td>\n<\/tr>\n<\/tbody>\n<\/table>\n<\/div>\n","protected":false},"excerpt":{"rendered":"<p>Zestaw do mocowania t\u0142a fotograficznego od Puluz PKT5204 to idealne rozwi\u0105zanie zar\u00f3wno dla profesjonalist\u00f3w jak i amator\u00f3w. Zestaw sprawdzi si\u0119<\/p>\n","protected":false},"featured_media":55760,"comment_status":"closed","ping_status":"open","template":"","meta":{"_acf_changed":false},"product_brand":[],"product_cat":[1128,6182,6197],"product_tag":[],"class_list":{"0":"post-55759","1":"product","2":"type-product","3":"status-publish","4":"has-post-thumbnail","6":"product_cat-foto-wideo","7":"product_cat-studio-fotograficzne","8":"product_cat-tla-fotograficzne-studio-fotograficzne","9":"pa_okres-gwarancji-5754","10":"pa_producent-puluz","12":"first","13":"outofstock","14":"taxable","15":"shipping-taxable","16":"purchasable","17":"product-type-simple"},"acf":[],"yoast_head":"<!-- This site is optimized with the Yoast SEO plugin v27.2 - https:\/\/yoast.com\/product\/yoast-seo-wordpress\/ -->\n<title>Zestaw do t\u0142a PULUZ PKT5204 2x2m + 3 t\u0142a - IRONSKY.PL Sklep z Dronami<\/title>\n<meta name=\"description\" content=\"Zestaw do t\u0142a PULUZ PKT5204 2x2m + 3 t\u0142a - \u2705 sklep z dronami i fachowym doradztwem. \u2705 Tutaj kupisz produkty DJI, Yuneec, Parrot, Syma i wiele innych, a tak\u017ce kursy i licencje na operatora drona.\" \/>\n<meta name=\"robots\" content=\"index, follow, max-snippet:-1, max-image-preview:large, max-video-preview:-1\" \/>\n<link rel=\"canonical\" href=\"https:\/\/ironsky.pl\/sklep\/produkt\/zestaw-do-tla-puluz-pkt5204-2x2m-3-tla\/\" \/>\n<meta property=\"og:locale\" content=\"pl_PL\" \/>\n<meta property=\"og:type\" content=\"article\" \/>\n<meta property=\"og:title\" content=\"Zestaw do t\u0142a PULUZ PKT5204 2x2m + 3 t\u0142a - IRONSKY.PL Sklep z Dronami\" \/>\n<meta property=\"og:description\" content=\"Zestaw do t\u0142a PULUZ PKT5204 2x2m + 3 t\u0142a - \u2705 sklep z dronami i fachowym doradztwem. \u2705 Tutaj kupisz produkty DJI, Yuneec, Parrot, Syma i wiele innych, a tak\u017ce kursy i licencje na operatora drona.\" \/>\n<meta property=\"og:url\" content=\"https:\/\/ironsky.pl\/sklep\/produkt\/zestaw-do-tla-puluz-pkt5204-2x2m-3-tla\/\" \/>\n<meta property=\"og:site_name\" content=\"IRONSKY.PL Sklep z Dronami\" \/>\n<meta property=\"article:modified_time\" content=\"2026-04-15T08:44:54+00:00\" \/>\n<meta property=\"og:image\" content=\"https:\/\/ironsky.pl\/sklep\/wp-content\/uploads\/2026\/04\/20841_1.jpg\" \/>\n\t<meta property=\"og:image:width\" content=\"800\" \/>\n\t<meta property=\"og:image:height\" content=\"800\" \/>\n\t<meta property=\"og:image:type\" content=\"image\/jpeg\" \/>\n<meta name=\"twitter:card\" content=\"summary_large_image\" \/>\n<meta name=\"twitter:label1\" content=\"Szacowany czas czytania\" \/>\n\t<meta name=\"twitter:data1\" content=\"1 minuta\" \/>\n<script type=\"application\/ld+json\" class=\"yoast-schema-graph\">{\"@context\":\"https:\/\/schema.org\",\"@graph\":[{\"@type\":\"WebPage\",\"@id\":\"https:\/\/ironsky.pl\/sklep\/produkt\/zestaw-do-tla-puluz-pkt5204-2x2m-3-tla\/\",\"url\":\"https:\/\/ironsky.pl\/sklep\/produkt\/zestaw-do-tla-puluz-pkt5204-2x2m-3-tla\/\",\"name\":\"Zestaw do t\u0142a PULUZ PKT5204 2x2m + 3 t\u0142a - IRONSKY.PL Sklep z Dronami\",\"isPartOf\":{\"@id\":\"https:\/\/ironsky.pl\/sklep\/#website\"},\"primaryImageOfPage\":{\"@id\":\"https:\/\/ironsky.pl\/sklep\/produkt\/zestaw-do-tla-puluz-pkt5204-2x2m-3-tla\/#primaryimage\"},\"image\":{\"@id\":\"https:\/\/ironsky.pl\/sklep\/produkt\/zestaw-do-tla-puluz-pkt5204-2x2m-3-tla\/#primaryimage\"},\"thumbnailUrl\":\"https:\/\/ironsky.pl\/sklep\/wp-content\/uploads\/2026\/04\/20841_1.jpg\",\"datePublished\":\"2026-04-15T08:07:16+00:00\",\"dateModified\":\"2026-04-15T08:44:54+00:00\",\"description\":\"Zestaw do t\u0142a PULUZ PKT5204 2x2m + 3 t\u0142a - \u2705 sklep z dronami i fachowym doradztwem. \u2705 Tutaj kupisz produkty DJI, Yuneec, Parrot, Syma i wiele innych, a tak\u017ce kursy i licencje na operatora drona.\",\"breadcrumb\":{\"@id\":\"https:\/\/ironsky.pl\/sklep\/produkt\/zestaw-do-tla-puluz-pkt5204-2x2m-3-tla\/#breadcrumb\"},\"inLanguage\":\"pl-PL\",\"potentialAction\":[{\"@type\":\"ReadAction\",\"target\":[\"https:\/\/ironsky.pl\/sklep\/produkt\/zestaw-do-tla-puluz-pkt5204-2x2m-3-tla\/\"]}]},{\"@type\":\"ImageObject\",\"inLanguage\":\"pl-PL\",\"@id\":\"https:\/\/ironsky.pl\/sklep\/produkt\/zestaw-do-tla-puluz-pkt5204-2x2m-3-tla\/#primaryimage\",\"url\":\"https:\/\/ironsky.pl\/sklep\/wp-content\/uploads\/2026\/04\/20841_1.jpg\",\"contentUrl\":\"https:\/\/ironsky.pl\/sklep\/wp-content\/uploads\/2026\/04\/20841_1.jpg\",\"width\":800,\"height\":800},{\"@type\":\"BreadcrumbList\",\"@id\":\"https:\/\/ironsky.pl\/sklep\/produkt\/zestaw-do-tla-puluz-pkt5204-2x2m-3-tla\/#breadcrumb\",\"itemListElement\":[{\"@type\":\"ListItem\",\"position\":1,\"name\":\"Strona g\u0142\u00f3wna\",\"item\":\"https:\/\/ironsky.pl\/sklep\/\"},{\"@type\":\"ListItem\",\"position\":2,\"name\":\"Wszystkie produkty\",\"item\":\"https:\/\/ironsky.pl\/sklep\/produkty\/\"},{\"@type\":\"ListItem\",\"position\":3,\"name\":\"Zestaw do t\u0142a PULUZ PKT5204 2x2m + 3 t\u0142a\"}]},{\"@type\":\"WebSite\",\"@id\":\"https:\/\/ironsky.pl\/sklep\/#website\",\"url\":\"https:\/\/ironsky.pl\/sklep\/\",\"name\":\"IRONSKY.PL Sklep z Dronami\",\"description\":\"IRONSKY.PL Sklep z Dronami\",\"potentialAction\":[{\"@type\":\"SearchAction\",\"target\":{\"@type\":\"EntryPoint\",\"urlTemplate\":\"https:\/\/ironsky.pl\/sklep\/?s={search_term_string}\"},\"query-input\":{\"@type\":\"PropertyValueSpecification\",\"valueRequired\":true,\"valueName\":\"search_term_string\"}}],\"inLanguage\":\"pl-PL\"}]}<\/script>\n<!-- \/ Yoast SEO plugin. -->","yoast_head_json":{"title":"Zestaw do t\u0142a PULUZ PKT5204 2x2m + 3 t\u0142a - IRONSKY.PL Sklep z Dronami","description":"Zestaw do t\u0142a PULUZ PKT5204 2x2m + 3 t\u0142a - \u2705 sklep z dronami i fachowym doradztwem. \u2705 Tutaj kupisz produkty DJI, Yuneec, Parrot, Syma i wiele innych, a tak\u017ce kursy i licencje na operatora drona.","robots":{"index":"index","follow":"follow","max-snippet":"max-snippet:-1","max-image-preview":"max-image-preview:large","max-video-preview":"max-video-preview:-1"},"canonical":"https:\/\/ironsky.pl\/sklep\/produkt\/zestaw-do-tla-puluz-pkt5204-2x2m-3-tla\/","og_locale":"pl_PL","og_type":"article","og_title":"Zestaw do t\u0142a PULUZ PKT5204 2x2m + 3 t\u0142a - IRONSKY.PL Sklep z Dronami","og_description":"Zestaw do t\u0142a PULUZ PKT5204 2x2m + 3 t\u0142a - \u2705 sklep z dronami i fachowym doradztwem. \u2705 Tutaj kupisz produkty DJI, Yuneec, Parrot, Syma i wiele innych, a tak\u017ce kursy i licencje na operatora drona.","og_url":"https:\/\/ironsky.pl\/sklep\/produkt\/zestaw-do-tla-puluz-pkt5204-2x2m-3-tla\/","og_site_name":"IRONSKY.PL Sklep z Dronami","article_modified_time":"2026-04-15T08:44:54+00:00","og_image":[{"width":800,"height":800,"url":"https:\/\/ironsky.pl\/sklep\/wp-content\/uploads\/2026\/04\/20841_1.jpg","type":"image\/jpeg"}],"twitter_card":"summary_large_image","twitter_misc":{"Szacowany czas czytania":"1 minuta"},"schema":{"@context":"https:\/\/schema.org","@graph":[{"@type":"WebPage","@id":"https:\/\/ironsky.pl\/sklep\/produkt\/zestaw-do-tla-puluz-pkt5204-2x2m-3-tla\/","url":"https:\/\/ironsky.pl\/sklep\/produkt\/zestaw-do-tla-puluz-pkt5204-2x2m-3-tla\/","name":"Zestaw do t\u0142a PULUZ PKT5204 2x2m + 3 t\u0142a - IRONSKY.PL Sklep z Dronami","isPartOf":{"@id":"https:\/\/ironsky.pl\/sklep\/#website"},"primaryImageOfPage":{"@id":"https:\/\/ironsky.pl\/sklep\/produkt\/zestaw-do-tla-puluz-pkt5204-2x2m-3-tla\/#primaryimage"},"image":{"@id":"https:\/\/ironsky.pl\/sklep\/produkt\/zestaw-do-tla-puluz-pkt5204-2x2m-3-tla\/#primaryimage"},"thumbnailUrl":"https:\/\/ironsky.pl\/sklep\/wp-content\/uploads\/2026\/04\/20841_1.jpg","datePublished":"2026-04-15T08:07:16+00:00","dateModified":"2026-04-15T08:44:54+00:00","description":"Zestaw do t\u0142a PULUZ PKT5204 2x2m + 3 t\u0142a - \u2705 sklep z dronami i fachowym doradztwem. \u2705 Tutaj kupisz produkty DJI, Yuneec, Parrot, Syma i wiele innych, a tak\u017ce kursy i licencje na operatora drona.","breadcrumb":{"@id":"https:\/\/ironsky.pl\/sklep\/produkt\/zestaw-do-tla-puluz-pkt5204-2x2m-3-tla\/#breadcrumb"},"inLanguage":"pl-PL","potentialAction":[{"@type":"ReadAction","target":["https:\/\/ironsky.pl\/sklep\/produkt\/zestaw-do-tla-puluz-pkt5204-2x2m-3-tla\/"]}]},{"@type":"ImageObject","inLanguage":"pl-PL","@id":"https:\/\/ironsky.pl\/sklep\/produkt\/zestaw-do-tla-puluz-pkt5204-2x2m-3-tla\/#primaryimage","url":"https:\/\/ironsky.pl\/sklep\/wp-content\/uploads\/2026\/04\/20841_1.jpg","contentUrl":"https:\/\/ironsky.pl\/sklep\/wp-content\/uploads\/2026\/04\/20841_1.jpg","width":800,"height":800},{"@type":"BreadcrumbList","@id":"https:\/\/ironsky.pl\/sklep\/produkt\/zestaw-do-tla-puluz-pkt5204-2x2m-3-tla\/#breadcrumb","itemListElement":[{"@type":"ListItem","position":1,"name":"Strona g\u0142\u00f3wna","item":"https:\/\/ironsky.pl\/sklep\/"},{"@type":"ListItem","position":2,"name":"Wszystkie produkty","item":"https:\/\/ironsky.pl\/sklep\/produkty\/"},{"@type":"ListItem","position":3,"name":"Zestaw do t\u0142a PULUZ PKT5204 2x2m + 3 t\u0142a"}]},{"@type":"WebSite","@id":"https:\/\/ironsky.pl\/sklep\/#website","url":"https:\/\/ironsky.pl\/sklep\/","name":"IRONSKY.PL Sklep z Dronami","description":"IRONSKY.PL Sklep z Dronami","potentialAction":[{"@type":"SearchAction","target":{"@type":"EntryPoint","urlTemplate":"https:\/\/ironsky.pl\/sklep\/?s={search_term_string}"},"query-input":{"@type":"PropertyValueSpecification","valueRequired":true,"valueName":"search_term_string"}}],"inLanguage":"pl-PL"}]}},"_links":{"self":[{"href":"https:\/\/ironsky.pl\/sklep\/wp-json\/wp\/v2\/product\/55759","targetHints":{"allow":["GET"]}}],"collection":[{"href":"https:\/\/ironsky.pl\/sklep\/wp-json\/wp\/v2\/product"}],"about":[{"href":"https:\/\/ironsky.pl\/sklep\/wp-json\/wp\/v2\/types\/product"}],"replies":[{"embeddable":true,"href":"https:\/\/ironsky.pl\/sklep\/wp-json\/wp\/v2\/comments?post=55759"}],"wp:featuredmedia":[{"embeddable":true,"href":"https:\/\/ironsky.pl\/sklep\/wp-json\/wp\/v2\/media\/55760"}],"wp:attachment":[{"href":"https:\/\/ironsky.pl\/sklep\/wp-json\/wp\/v2\/media?parent=55759"}],"wp:term":[{"taxonomy":"product_brand","embeddable":true,"href":"https:\/\/ironsky.pl\/sklep\/wp-json\/wp\/v2\/product_brand?post=55759"},{"taxonomy":"product_cat","embeddable":true,"href":"https:\/\/ironsky.pl\/sklep\/wp-json\/wp\/v2\/product_cat?post=55759"},{"taxonomy":"product_tag","embeddable":true,"href":"https:\/\/ironsky.pl\/sklep\/wp-json\/wp\/v2\/product_tag?post=55759"}],"curies":[{"name":"wp","href":"https:\/\/api.w.org\/{rel}","templated":true}]}}