{"id":55752,"date":"2026-04-15T10:07:16","date_gmt":"2026-04-15T08:07:16","guid":{"rendered":"https:\/\/ironsky.pl\/sklep\/produkt\/zestaw-tla-puluz-dca0976-70x200cm-czarne-biale\/"},"modified":"2026-04-15T10:44:53","modified_gmt":"2026-04-15T08:44:53","slug":"zestaw-tla-puluz-dca0976-70x200cm-czarne-biale","status":"publish","type":"product","link":"https:\/\/ironsky.pl\/sklep\/produkt\/zestaw-tla-puluz-dca0976-70x200cm-czarne-biale\/","title":{"rendered":"Zestaw t\u0142a PULUZ DCA0976 70x200cm czarne\/bia\u0142e"},"content":{"rendered":"<h3>Zestaw do mocowania t\u0142a fotograficznego<\/h3>\n<p>Statyw od Puluz znajdzie swoje zastosowanie podczas wykonywania portret\u00f3w, fotografowania produkt\u00f3w w celach marketingowych, itp. Ponadto, w zestawie znajduj\u0105 si\u0119 t\u0142a w kolorze czarnym i bia\u0142ym, kt\u00f3re wykorzystasz do robienia zdj\u0119\u0107.<\/p>\n<p><img decoding=\"async\" src=\"https:\/\/b2b.innpro.pl\/data\/include\/cms\/Edyta\/puluz\/DCA0976\/5.jpg\"><\/p>\n<h3>Trwa\u0142a konstrukcja<\/h3>\n<p>Statyw i poprzeczka zosta\u0142y wykonane z metalu, czemu zawdzi\u0119czaj\u0105 swoj\u0105 trwa\u0142o\u015b\u0107 i odporno\u015b\u0107 na rdz\u0119. Sk\u0142adana i lekka konstrukcja umo\u017cliwia przenoszenie, a monta\u017c jest szybki i prosty. Mo\u017cliwo\u015b\u0107 regulacji pozwala dostosowa\u0107 wysoko\u015b\u0107 wed\u0142ug potrzeb od 70 &#8211; 200cm.<\/p>\n<p><img decoding=\"async\" src=\"https:\/\/b2b.innpro.pl\/data\/include\/cms\/Edyta\/puluz\/DCA0976\/2.jpg\"><\/p>\n<h3>Zawarto\u015b\u0107 zestawu:<\/h3>\n<ul>\n<li>Poprzeczka<\/li>\n<li>Statyw<\/li>\n<li>Klipsy do t\u0142a x2<\/li>\n<li>T\u0142o x2<\/li>\n<\/ul>\n<div class=\"table-wrapper\">\n<table>\n<tbody>\n<tr>\n<th>Producent<\/th>\n<td>Puluz<\/td>\n<\/tr>\n<tr>\n<th>Model<\/th>\n<td>DCA0976<\/td>\n<\/tr>\n<tr>\n<th>Materia\u0142<\/th>\n<td>Metal<\/td>\n<\/tr>\n<tr>\n<th>Wymiary statywu<\/th>\n<td>70 x 200cm<\/td>\n<\/tr>\n<tr>\n<th>Wymiary t\u0142a<\/th>\n<td>70 x 140cm<\/td>\n<\/tr>\n<tr>\n<th>Kolory t\u0142a<\/th>\n<td>bia\u0142y, czarny<\/td>\n<\/tr>\n<\/tbody>\n<\/table>\n<\/div>\n","protected":false},"excerpt":{"rendered":"<p>Zestaw do mocowania t\u0142a fotograficznego Statyw od Puluz znajdzie swoje zastosowanie podczas wykonywania portret\u00f3w, fotografowania produkt\u00f3w w celach marketingowych, itp.<\/p>\n","protected":false},"featured_media":55753,"comment_status":"closed","ping_status":"open","template":"","meta":{"_acf_changed":false},"product_brand":[],"product_cat":[1128,6182,6197],"product_tag":[],"class_list":{"0":"post-55752","1":"product","2":"type-product","3":"status-publish","4":"has-post-thumbnail","6":"product_cat-foto-wideo","7":"product_cat-studio-fotograficzne","8":"product_cat-tla-fotograficzne-studio-fotograficzne","9":"pa_okres-gwarancji-5754","10":"pa_producent-puluz","12":"first","13":"outofstock","14":"taxable","15":"shipping-taxable","16":"purchasable","17":"product-type-simple"},"acf":[],"yoast_head":"<!-- This site is optimized with the Yoast SEO plugin v27.2 - https:\/\/yoast.com\/product\/yoast-seo-wordpress\/ -->\n<title>Zestaw t\u0142a PULUZ DCA0976 70x200cm czarne\/bia\u0142e - IRONSKY.PL Sklep z Dronami<\/title>\n<meta name=\"description\" content=\"Zestaw t\u0142a PULUZ DCA0976 70x200cm czarne\/bia\u0142e - \u2705 sklep z dronami i fachowym doradztwem. \u2705 Tutaj kupisz produkty DJI, Yuneec, Parrot, Syma i wiele innych, a tak\u017ce kursy i licencje na operatora drona.\" \/>\n<meta name=\"robots\" content=\"index, follow, max-snippet:-1, max-image-preview:large, max-video-preview:-1\" \/>\n<link rel=\"canonical\" href=\"https:\/\/ironsky.pl\/sklep\/produkt\/zestaw-tla-puluz-dca0976-70x200cm-czarne-biale\/\" \/>\n<meta property=\"og:locale\" content=\"pl_PL\" \/>\n<meta property=\"og:type\" content=\"article\" \/>\n<meta property=\"og:title\" content=\"Zestaw t\u0142a PULUZ DCA0976 70x200cm czarne\/bia\u0142e - IRONSKY.PL Sklep z Dronami\" \/>\n<meta property=\"og:description\" content=\"Zestaw t\u0142a PULUZ DCA0976 70x200cm czarne\/bia\u0142e - \u2705 sklep z dronami i fachowym doradztwem. \u2705 Tutaj kupisz produkty DJI, Yuneec, Parrot, Syma i wiele innych, a tak\u017ce kursy i licencje na operatora drona.\" \/>\n<meta property=\"og:url\" content=\"https:\/\/ironsky.pl\/sklep\/produkt\/zestaw-tla-puluz-dca0976-70x200cm-czarne-biale\/\" \/>\n<meta property=\"og:site_name\" content=\"IRONSKY.PL Sklep z Dronami\" \/>\n<meta property=\"article:modified_time\" content=\"2026-04-15T08:44:53+00:00\" \/>\n<meta property=\"og:image\" content=\"https:\/\/ironsky.pl\/sklep\/wp-content\/uploads\/2026\/04\/20838_1.jpg\" \/>\n\t<meta property=\"og:image:width\" content=\"800\" \/>\n\t<meta property=\"og:image:height\" content=\"800\" \/>\n\t<meta property=\"og:image:type\" content=\"image\/jpeg\" \/>\n<meta name=\"twitter:card\" content=\"summary_large_image\" \/>\n<meta name=\"twitter:label1\" content=\"Szacowany czas czytania\" \/>\n\t<meta name=\"twitter:data1\" content=\"1 minuta\" \/>\n<script type=\"application\/ld+json\" class=\"yoast-schema-graph\">{\"@context\":\"https:\/\/schema.org\",\"@graph\":[{\"@type\":\"WebPage\",\"@id\":\"https:\/\/ironsky.pl\/sklep\/produkt\/zestaw-tla-puluz-dca0976-70x200cm-czarne-biale\/\",\"url\":\"https:\/\/ironsky.pl\/sklep\/produkt\/zestaw-tla-puluz-dca0976-70x200cm-czarne-biale\/\",\"name\":\"Zestaw t\u0142a PULUZ DCA0976 70x200cm czarne\/bia\u0142e - IRONSKY.PL Sklep z Dronami\",\"isPartOf\":{\"@id\":\"https:\/\/ironsky.pl\/sklep\/#website\"},\"primaryImageOfPage\":{\"@id\":\"https:\/\/ironsky.pl\/sklep\/produkt\/zestaw-tla-puluz-dca0976-70x200cm-czarne-biale\/#primaryimage\"},\"image\":{\"@id\":\"https:\/\/ironsky.pl\/sklep\/produkt\/zestaw-tla-puluz-dca0976-70x200cm-czarne-biale\/#primaryimage\"},\"thumbnailUrl\":\"https:\/\/ironsky.pl\/sklep\/wp-content\/uploads\/2026\/04\/20838_1.jpg\",\"datePublished\":\"2026-04-15T08:07:16+00:00\",\"dateModified\":\"2026-04-15T08:44:53+00:00\",\"description\":\"Zestaw t\u0142a PULUZ DCA0976 70x200cm czarne\/bia\u0142e - \u2705 sklep z dronami i fachowym doradztwem. \u2705 Tutaj kupisz produkty DJI, Yuneec, Parrot, Syma i wiele innych, a tak\u017ce kursy i licencje na operatora drona.\",\"breadcrumb\":{\"@id\":\"https:\/\/ironsky.pl\/sklep\/produkt\/zestaw-tla-puluz-dca0976-70x200cm-czarne-biale\/#breadcrumb\"},\"inLanguage\":\"pl-PL\",\"potentialAction\":[{\"@type\":\"ReadAction\",\"target\":[\"https:\/\/ironsky.pl\/sklep\/produkt\/zestaw-tla-puluz-dca0976-70x200cm-czarne-biale\/\"]}]},{\"@type\":\"ImageObject\",\"inLanguage\":\"pl-PL\",\"@id\":\"https:\/\/ironsky.pl\/sklep\/produkt\/zestaw-tla-puluz-dca0976-70x200cm-czarne-biale\/#primaryimage\",\"url\":\"https:\/\/ironsky.pl\/sklep\/wp-content\/uploads\/2026\/04\/20838_1.jpg\",\"contentUrl\":\"https:\/\/ironsky.pl\/sklep\/wp-content\/uploads\/2026\/04\/20838_1.jpg\",\"width\":800,\"height\":800},{\"@type\":\"BreadcrumbList\",\"@id\":\"https:\/\/ironsky.pl\/sklep\/produkt\/zestaw-tla-puluz-dca0976-70x200cm-czarne-biale\/#breadcrumb\",\"itemListElement\":[{\"@type\":\"ListItem\",\"position\":1,\"name\":\"Strona g\u0142\u00f3wna\",\"item\":\"https:\/\/ironsky.pl\/sklep\/\"},{\"@type\":\"ListItem\",\"position\":2,\"name\":\"Wszystkie produkty\",\"item\":\"https:\/\/ironsky.pl\/sklep\/produkty\/\"},{\"@type\":\"ListItem\",\"position\":3,\"name\":\"Zestaw t\u0142a PULUZ DCA0976 70x200cm czarne\/bia\u0142e\"}]},{\"@type\":\"WebSite\",\"@id\":\"https:\/\/ironsky.pl\/sklep\/#website\",\"url\":\"https:\/\/ironsky.pl\/sklep\/\",\"name\":\"IRONSKY.PL Sklep z Dronami\",\"description\":\"IRONSKY.PL Sklep z Dronami\",\"potentialAction\":[{\"@type\":\"SearchAction\",\"target\":{\"@type\":\"EntryPoint\",\"urlTemplate\":\"https:\/\/ironsky.pl\/sklep\/?s={search_term_string}\"},\"query-input\":{\"@type\":\"PropertyValueSpecification\",\"valueRequired\":true,\"valueName\":\"search_term_string\"}}],\"inLanguage\":\"pl-PL\"}]}<\/script>\n<!-- \/ Yoast SEO plugin. -->","yoast_head_json":{"title":"Zestaw t\u0142a PULUZ DCA0976 70x200cm czarne\/bia\u0142e - IRONSKY.PL Sklep z Dronami","description":"Zestaw t\u0142a PULUZ DCA0976 70x200cm czarne\/bia\u0142e - \u2705 sklep z dronami i fachowym doradztwem. \u2705 Tutaj kupisz produkty DJI, Yuneec, Parrot, Syma i wiele innych, a tak\u017ce kursy i licencje na operatora drona.","robots":{"index":"index","follow":"follow","max-snippet":"max-snippet:-1","max-image-preview":"max-image-preview:large","max-video-preview":"max-video-preview:-1"},"canonical":"https:\/\/ironsky.pl\/sklep\/produkt\/zestaw-tla-puluz-dca0976-70x200cm-czarne-biale\/","og_locale":"pl_PL","og_type":"article","og_title":"Zestaw t\u0142a PULUZ DCA0976 70x200cm czarne\/bia\u0142e - IRONSKY.PL Sklep z Dronami","og_description":"Zestaw t\u0142a PULUZ DCA0976 70x200cm czarne\/bia\u0142e - \u2705 sklep z dronami i fachowym doradztwem. \u2705 Tutaj kupisz produkty DJI, Yuneec, Parrot, Syma i wiele innych, a tak\u017ce kursy i licencje na operatora drona.","og_url":"https:\/\/ironsky.pl\/sklep\/produkt\/zestaw-tla-puluz-dca0976-70x200cm-czarne-biale\/","og_site_name":"IRONSKY.PL Sklep z Dronami","article_modified_time":"2026-04-15T08:44:53+00:00","og_image":[{"width":800,"height":800,"url":"https:\/\/ironsky.pl\/sklep\/wp-content\/uploads\/2026\/04\/20838_1.jpg","type":"image\/jpeg"}],"twitter_card":"summary_large_image","twitter_misc":{"Szacowany czas czytania":"1 minuta"},"schema":{"@context":"https:\/\/schema.org","@graph":[{"@type":"WebPage","@id":"https:\/\/ironsky.pl\/sklep\/produkt\/zestaw-tla-puluz-dca0976-70x200cm-czarne-biale\/","url":"https:\/\/ironsky.pl\/sklep\/produkt\/zestaw-tla-puluz-dca0976-70x200cm-czarne-biale\/","name":"Zestaw t\u0142a PULUZ DCA0976 70x200cm czarne\/bia\u0142e - IRONSKY.PL Sklep z Dronami","isPartOf":{"@id":"https:\/\/ironsky.pl\/sklep\/#website"},"primaryImageOfPage":{"@id":"https:\/\/ironsky.pl\/sklep\/produkt\/zestaw-tla-puluz-dca0976-70x200cm-czarne-biale\/#primaryimage"},"image":{"@id":"https:\/\/ironsky.pl\/sklep\/produkt\/zestaw-tla-puluz-dca0976-70x200cm-czarne-biale\/#primaryimage"},"thumbnailUrl":"https:\/\/ironsky.pl\/sklep\/wp-content\/uploads\/2026\/04\/20838_1.jpg","datePublished":"2026-04-15T08:07:16+00:00","dateModified":"2026-04-15T08:44:53+00:00","description":"Zestaw t\u0142a PULUZ DCA0976 70x200cm czarne\/bia\u0142e - \u2705 sklep z dronami i fachowym doradztwem. \u2705 Tutaj kupisz produkty DJI, Yuneec, Parrot, Syma i wiele innych, a tak\u017ce kursy i licencje na operatora drona.","breadcrumb":{"@id":"https:\/\/ironsky.pl\/sklep\/produkt\/zestaw-tla-puluz-dca0976-70x200cm-czarne-biale\/#breadcrumb"},"inLanguage":"pl-PL","potentialAction":[{"@type":"ReadAction","target":["https:\/\/ironsky.pl\/sklep\/produkt\/zestaw-tla-puluz-dca0976-70x200cm-czarne-biale\/"]}]},{"@type":"ImageObject","inLanguage":"pl-PL","@id":"https:\/\/ironsky.pl\/sklep\/produkt\/zestaw-tla-puluz-dca0976-70x200cm-czarne-biale\/#primaryimage","url":"https:\/\/ironsky.pl\/sklep\/wp-content\/uploads\/2026\/04\/20838_1.jpg","contentUrl":"https:\/\/ironsky.pl\/sklep\/wp-content\/uploads\/2026\/04\/20838_1.jpg","width":800,"height":800},{"@type":"BreadcrumbList","@id":"https:\/\/ironsky.pl\/sklep\/produkt\/zestaw-tla-puluz-dca0976-70x200cm-czarne-biale\/#breadcrumb","itemListElement":[{"@type":"ListItem","position":1,"name":"Strona g\u0142\u00f3wna","item":"https:\/\/ironsky.pl\/sklep\/"},{"@type":"ListItem","position":2,"name":"Wszystkie produkty","item":"https:\/\/ironsky.pl\/sklep\/produkty\/"},{"@type":"ListItem","position":3,"name":"Zestaw t\u0142a PULUZ DCA0976 70x200cm czarne\/bia\u0142e"}]},{"@type":"WebSite","@id":"https:\/\/ironsky.pl\/sklep\/#website","url":"https:\/\/ironsky.pl\/sklep\/","name":"IRONSKY.PL Sklep z Dronami","description":"IRONSKY.PL Sklep z Dronami","potentialAction":[{"@type":"SearchAction","target":{"@type":"EntryPoint","urlTemplate":"https:\/\/ironsky.pl\/sklep\/?s={search_term_string}"},"query-input":{"@type":"PropertyValueSpecification","valueRequired":true,"valueName":"search_term_string"}}],"inLanguage":"pl-PL"}]}},"_links":{"self":[{"href":"https:\/\/ironsky.pl\/sklep\/wp-json\/wp\/v2\/product\/55752","targetHints":{"allow":["GET"]}}],"collection":[{"href":"https:\/\/ironsky.pl\/sklep\/wp-json\/wp\/v2\/product"}],"about":[{"href":"https:\/\/ironsky.pl\/sklep\/wp-json\/wp\/v2\/types\/product"}],"replies":[{"embeddable":true,"href":"https:\/\/ironsky.pl\/sklep\/wp-json\/wp\/v2\/comments?post=55752"}],"wp:featuredmedia":[{"embeddable":true,"href":"https:\/\/ironsky.pl\/sklep\/wp-json\/wp\/v2\/media\/55753"}],"wp:attachment":[{"href":"https:\/\/ironsky.pl\/sklep\/wp-json\/wp\/v2\/media?parent=55752"}],"wp:term":[{"taxonomy":"product_brand","embeddable":true,"href":"https:\/\/ironsky.pl\/sklep\/wp-json\/wp\/v2\/product_brand?post=55752"},{"taxonomy":"product_cat","embeddable":true,"href":"https:\/\/ironsky.pl\/sklep\/wp-json\/wp\/v2\/product_cat?post=55752"},{"taxonomy":"product_tag","embeddable":true,"href":"https:\/\/ironsky.pl\/sklep\/wp-json\/wp\/v2\/product_tag?post=55752"}],"curies":[{"name":"wp","href":"https:\/\/api.w.org\/{rel}","templated":true}]}}