{"id":55743,"date":"2026-04-15T10:07:16","date_gmt":"2026-04-15T08:07:16","guid":{"rendered":"https:\/\/ironsky.pl\/sklep\/produkt\/zestaw-oswietleniowy-puluz-pu5070eu-softbox-50x70cm\/"},"modified":"2026-04-15T10:44:52","modified_gmt":"2026-04-15T08:44:52","slug":"zestaw-oswietleniowy-puluz-pu5070eu-softbox-50x70cm","status":"publish","type":"product","link":"https:\/\/ironsky.pl\/sklep\/produkt\/zestaw-oswietleniowy-puluz-pu5070eu-softbox-50x70cm\/","title":{"rendered":"Zestaw o\u015bwietleniowy PULUZ PU5070EU softbox 50x70cm"},"content":{"rendered":"<h3>Zestaw studyjny Puluz<\/h3>\n<p>Zestaw od Puluz to idealne wyposa\u017cenie studia fotograficznego. Produkt b\u0119dzie r\u00f3wnie\u017c dobrym wyborem dla entuzjast\u00f3w fotografii lub nowicjuszy. PU5070EU nadaje si\u0119 do wykonywania portret\u00f3w studyjnych, fotografowania martwej natury, dzieci, itp. Torba transportowa pozwoli bezpiecznie przechowa\u0107 zawarto\u015b\u0107 zestawu.<\/p>\n<p>\n<img decoding=\"async\" src=\"https:\/\/assets.innpro.pl\/14620\/18328\/5.jpg\" border=\"0\" alt=\"\" \/>\n<\/p>\n<h3>Softbox<\/h3>\n<p>W zestawie znajduje si\u0119 softbox o wymiarach 50 x 70 cm wykonany z wysokiej jako\u015bci tkaniny ze srebrn\u0105 foli\u0105 wraz z nylonowym bia\u0142ym ekranem, kt\u00f3ra zmi\u0119kcza twarde \u015bwiat\u0142o i eliminuje cienie. Dodatkowo softbox szybko i \u0142atwo roz\u0142o\u017cysz oraz z\u0142o\u017cysz, a jego przechowywanie r\u00f3wnie\u017c nie b\u0119dzie problematyczne.<\/p>\n<p>\n<img decoding=\"async\" src=\"https:\/\/assets.innpro.pl\/14620\/18328\/3.jpg\" border=\"0\" alt=\"\" \/>\n<\/p>\n<h3>Regulacja wysoko\u015bci<\/h3>\n<p>Statyw zosta\u0142 wykonany z najwy\u017cszej jako\u015bci aluminium z mocowaniem \u015brubowym \u00bc na g\u00f3rze, dzi\u0119ki czemu jest wytrzyma\u0142y. Mo\u017cliwo\u015b\u0107 regulacji wysoko\u015bci od 54 cm do 2 m zapewnia swobod\u0119 u\u017cytkowania. Ponadto, k\u0105t o\u015bwietlenia Softbox mo\u017ce by\u0107 regulowany w zakresie 270\u00b0, co zapewnia odpowiednie \u015bwiat\u0142o pod wieloma k\u0105tami. Dzi\u0119ki temu ka\u017cdy dostosuje go do potrzeb fotografowania.<\/p>\n<p>\n<img decoding=\"async\" src=\"https:\/\/assets.innpro.pl\/14620\/18328\/4.jpg\" border=\"0\" alt=\"\" \/>\n<\/p>\n<h3>Oszcz\u0119dzanie energii<\/h3>\n<p>Do zestawu zosta\u0142a r\u00f3wnie\u017c do\u0142\u0105czona 30W \u017car\u00f3wka LED ze standardowym gniazdem E27. \u017bar\u00f3wka jest energooszcz\u0119dna, dzi\u0119ki czemu nie musisz przejmowa\u0107 si\u0119 wy\u017cszymi rachunkami za pr\u0105d. 5700K temperatura barwowa zapewnia czyste, bia\u0142e i jednolite \u015bwiat\u0142o dzienne gwarantuj\u0105c doskona\u0142e o\u015bwietlenie.<\/p>\n<p>\n<img decoding=\"async\" src=\"https:\/\/assets.innpro.pl\/14620\/18328\/2.jpg\" border=\"0\" alt=\"\" \/>\n<\/p>\n<h3>W zestawie<\/h3>\n<ul class=\"list-disc pl-5\">\n<li>Statyw<\/li>\n<li>\u017bar\u00f3wka LED E27<\/li>\n<li>Softbox 50 x 70 cm z gniazdem \u017car\u00f3wki<\/li>\n<li>Torba transportowa<\/li>\n<\/ul>\n<div class=\"table-wrapper\">\n<p>\u00a0<\/p>\n<h3><\/h3>\n<table>\n<tbody>\n<tr>\n<th>Producent<\/th>\n<td>Puluz<\/td>\n<\/tr>\n<tr>\n<th>Model <\/th>\n<td>PU5070EU<\/td>\n<\/tr>\n<tr>\n<th>Moc \u017car\u00f3wki <\/th>\n<td>30W<\/td>\n<\/tr>\n<tr>\n<th>Temperatura barwowa <\/th>\n<td>5700K<\/td>\n<\/tr>\n<tr>\n<th>Wska\u017anik oddawania barw <\/th>\n<td>90<\/td>\n<\/tr>\n<tr>\n<th>Materia\u0142 <\/th>\n<td>softbox: tkanina odblaskowa odporna na wysokie temperatury 600D; statyw: stop aluminium; pow\u0142oka \u017car\u00f3wki: ABS + ceramika<\/td>\n<\/tr>\n<\/tbody>\n<\/table>\n<\/div>\n","protected":false},"excerpt":{"rendered":"<p>Zestaw studyjny Puluz Zestaw od Puluz to idealne wyposa\u017cenie studia fotograficznego. Produkt b\u0119dzie r\u00f3wnie\u017c dobrym wyborem dla entuzjast\u00f3w fotografii lub<\/p>\n","protected":false},"featured_media":55744,"comment_status":"closed","ping_status":"open","template":"","meta":{"_acf_changed":false},"product_brand":[],"product_cat":[1128,6184,6182],"product_tag":[],"class_list":{"0":"post-55743","1":"product","2":"type-product","3":"status-publish","4":"has-post-thumbnail","6":"product_cat-foto-wideo","7":"product_cat-softboxy","8":"product_cat-studio-fotograficzne","9":"pa_okres-gwarancji-5754","10":"pa_producent-puluz","12":"first","13":"outofstock","14":"taxable","15":"shipping-taxable","16":"purchasable","17":"product-type-simple"},"acf":[],"yoast_head":"<!-- This site is optimized with the Yoast SEO plugin v27.2 - https:\/\/yoast.com\/product\/yoast-seo-wordpress\/ -->\n<title>Zestaw o\u015bwietleniowy PULUZ PU5070EU softbox 50x70cm - IRONSKY.PL Sklep z Dronami<\/title>\n<meta name=\"description\" content=\"Zestaw o\u015bwietleniowy PULUZ PU5070EU softbox 50x70cm - \u2705 sklep z dronami i fachowym doradztwem. \u2705 Tutaj kupisz produkty DJI, Yuneec, Parrot, Syma i wiele innych, a tak\u017ce kursy i licencje na operatora drona.\" \/>\n<meta name=\"robots\" content=\"index, follow, max-snippet:-1, max-image-preview:large, max-video-preview:-1\" \/>\n<link rel=\"canonical\" href=\"https:\/\/ironsky.pl\/sklep\/produkt\/zestaw-oswietleniowy-puluz-pu5070eu-softbox-50x70cm\/\" \/>\n<meta property=\"og:locale\" content=\"pl_PL\" \/>\n<meta property=\"og:type\" content=\"article\" \/>\n<meta property=\"og:title\" content=\"Zestaw o\u015bwietleniowy PULUZ PU5070EU softbox 50x70cm - IRONSKY.PL Sklep z Dronami\" \/>\n<meta property=\"og:description\" content=\"Zestaw o\u015bwietleniowy PULUZ PU5070EU softbox 50x70cm - \u2705 sklep z dronami i fachowym doradztwem. \u2705 Tutaj kupisz produkty DJI, Yuneec, Parrot, Syma i wiele innych, a tak\u017ce kursy i licencje na operatora drona.\" \/>\n<meta property=\"og:url\" content=\"https:\/\/ironsky.pl\/sklep\/produkt\/zestaw-oswietleniowy-puluz-pu5070eu-softbox-50x70cm\/\" \/>\n<meta property=\"og:site_name\" content=\"IRONSKY.PL Sklep z Dronami\" \/>\n<meta property=\"article:modified_time\" content=\"2026-04-15T08:44:52+00:00\" \/>\n<meta property=\"og:image\" content=\"https:\/\/ironsky.pl\/sklep\/wp-content\/uploads\/2026\/04\/20836_1.jpg\" \/>\n\t<meta property=\"og:image:width\" content=\"800\" \/>\n\t<meta property=\"og:image:height\" content=\"800\" \/>\n\t<meta property=\"og:image:type\" content=\"image\/jpeg\" \/>\n<meta name=\"twitter:card\" content=\"summary_large_image\" \/>\n<meta name=\"twitter:label1\" content=\"Szacowany czas czytania\" \/>\n\t<meta name=\"twitter:data1\" content=\"1 minuta\" \/>\n<script type=\"application\/ld+json\" class=\"yoast-schema-graph\">{\"@context\":\"https:\/\/schema.org\",\"@graph\":[{\"@type\":\"WebPage\",\"@id\":\"https:\/\/ironsky.pl\/sklep\/produkt\/zestaw-oswietleniowy-puluz-pu5070eu-softbox-50x70cm\/\",\"url\":\"https:\/\/ironsky.pl\/sklep\/produkt\/zestaw-oswietleniowy-puluz-pu5070eu-softbox-50x70cm\/\",\"name\":\"Zestaw o\u015bwietleniowy PULUZ PU5070EU softbox 50x70cm - IRONSKY.PL Sklep z Dronami\",\"isPartOf\":{\"@id\":\"https:\/\/ironsky.pl\/sklep\/#website\"},\"primaryImageOfPage\":{\"@id\":\"https:\/\/ironsky.pl\/sklep\/produkt\/zestaw-oswietleniowy-puluz-pu5070eu-softbox-50x70cm\/#primaryimage\"},\"image\":{\"@id\":\"https:\/\/ironsky.pl\/sklep\/produkt\/zestaw-oswietleniowy-puluz-pu5070eu-softbox-50x70cm\/#primaryimage\"},\"thumbnailUrl\":\"https:\/\/ironsky.pl\/sklep\/wp-content\/uploads\/2026\/04\/20836_1.jpg\",\"datePublished\":\"2026-04-15T08:07:16+00:00\",\"dateModified\":\"2026-04-15T08:44:52+00:00\",\"description\":\"Zestaw o\u015bwietleniowy PULUZ PU5070EU softbox 50x70cm - \u2705 sklep z dronami i fachowym doradztwem. \u2705 Tutaj kupisz produkty DJI, Yuneec, Parrot, Syma i wiele innych, a tak\u017ce kursy i licencje na operatora drona.\",\"breadcrumb\":{\"@id\":\"https:\/\/ironsky.pl\/sklep\/produkt\/zestaw-oswietleniowy-puluz-pu5070eu-softbox-50x70cm\/#breadcrumb\"},\"inLanguage\":\"pl-PL\",\"potentialAction\":[{\"@type\":\"ReadAction\",\"target\":[\"https:\/\/ironsky.pl\/sklep\/produkt\/zestaw-oswietleniowy-puluz-pu5070eu-softbox-50x70cm\/\"]}]},{\"@type\":\"ImageObject\",\"inLanguage\":\"pl-PL\",\"@id\":\"https:\/\/ironsky.pl\/sklep\/produkt\/zestaw-oswietleniowy-puluz-pu5070eu-softbox-50x70cm\/#primaryimage\",\"url\":\"https:\/\/ironsky.pl\/sklep\/wp-content\/uploads\/2026\/04\/20836_1.jpg\",\"contentUrl\":\"https:\/\/ironsky.pl\/sklep\/wp-content\/uploads\/2026\/04\/20836_1.jpg\",\"width\":800,\"height\":800},{\"@type\":\"BreadcrumbList\",\"@id\":\"https:\/\/ironsky.pl\/sklep\/produkt\/zestaw-oswietleniowy-puluz-pu5070eu-softbox-50x70cm\/#breadcrumb\",\"itemListElement\":[{\"@type\":\"ListItem\",\"position\":1,\"name\":\"Strona g\u0142\u00f3wna\",\"item\":\"https:\/\/ironsky.pl\/sklep\/\"},{\"@type\":\"ListItem\",\"position\":2,\"name\":\"Wszystkie produkty\",\"item\":\"https:\/\/ironsky.pl\/sklep\/produkty\/\"},{\"@type\":\"ListItem\",\"position\":3,\"name\":\"Zestaw o\u015bwietleniowy PULUZ PU5070EU softbox 50x70cm\"}]},{\"@type\":\"WebSite\",\"@id\":\"https:\/\/ironsky.pl\/sklep\/#website\",\"url\":\"https:\/\/ironsky.pl\/sklep\/\",\"name\":\"IRONSKY.PL Sklep z Dronami\",\"description\":\"IRONSKY.PL Sklep z Dronami\",\"potentialAction\":[{\"@type\":\"SearchAction\",\"target\":{\"@type\":\"EntryPoint\",\"urlTemplate\":\"https:\/\/ironsky.pl\/sklep\/?s={search_term_string}\"},\"query-input\":{\"@type\":\"PropertyValueSpecification\",\"valueRequired\":true,\"valueName\":\"search_term_string\"}}],\"inLanguage\":\"pl-PL\"}]}<\/script>\n<!-- \/ Yoast SEO plugin. -->","yoast_head_json":{"title":"Zestaw o\u015bwietleniowy PULUZ PU5070EU softbox 50x70cm - IRONSKY.PL Sklep z Dronami","description":"Zestaw o\u015bwietleniowy PULUZ PU5070EU softbox 50x70cm - \u2705 sklep z dronami i fachowym doradztwem. \u2705 Tutaj kupisz produkty DJI, Yuneec, Parrot, Syma i wiele innych, a tak\u017ce kursy i licencje na operatora drona.","robots":{"index":"index","follow":"follow","max-snippet":"max-snippet:-1","max-image-preview":"max-image-preview:large","max-video-preview":"max-video-preview:-1"},"canonical":"https:\/\/ironsky.pl\/sklep\/produkt\/zestaw-oswietleniowy-puluz-pu5070eu-softbox-50x70cm\/","og_locale":"pl_PL","og_type":"article","og_title":"Zestaw o\u015bwietleniowy PULUZ PU5070EU softbox 50x70cm - IRONSKY.PL Sklep z Dronami","og_description":"Zestaw o\u015bwietleniowy PULUZ PU5070EU softbox 50x70cm - \u2705 sklep z dronami i fachowym doradztwem. \u2705 Tutaj kupisz produkty DJI, Yuneec, Parrot, Syma i wiele innych, a tak\u017ce kursy i licencje na operatora drona.","og_url":"https:\/\/ironsky.pl\/sklep\/produkt\/zestaw-oswietleniowy-puluz-pu5070eu-softbox-50x70cm\/","og_site_name":"IRONSKY.PL Sklep z Dronami","article_modified_time":"2026-04-15T08:44:52+00:00","og_image":[{"width":800,"height":800,"url":"https:\/\/ironsky.pl\/sklep\/wp-content\/uploads\/2026\/04\/20836_1.jpg","type":"image\/jpeg"}],"twitter_card":"summary_large_image","twitter_misc":{"Szacowany czas czytania":"1 minuta"},"schema":{"@context":"https:\/\/schema.org","@graph":[{"@type":"WebPage","@id":"https:\/\/ironsky.pl\/sklep\/produkt\/zestaw-oswietleniowy-puluz-pu5070eu-softbox-50x70cm\/","url":"https:\/\/ironsky.pl\/sklep\/produkt\/zestaw-oswietleniowy-puluz-pu5070eu-softbox-50x70cm\/","name":"Zestaw o\u015bwietleniowy PULUZ PU5070EU softbox 50x70cm - IRONSKY.PL Sklep z Dronami","isPartOf":{"@id":"https:\/\/ironsky.pl\/sklep\/#website"},"primaryImageOfPage":{"@id":"https:\/\/ironsky.pl\/sklep\/produkt\/zestaw-oswietleniowy-puluz-pu5070eu-softbox-50x70cm\/#primaryimage"},"image":{"@id":"https:\/\/ironsky.pl\/sklep\/produkt\/zestaw-oswietleniowy-puluz-pu5070eu-softbox-50x70cm\/#primaryimage"},"thumbnailUrl":"https:\/\/ironsky.pl\/sklep\/wp-content\/uploads\/2026\/04\/20836_1.jpg","datePublished":"2026-04-15T08:07:16+00:00","dateModified":"2026-04-15T08:44:52+00:00","description":"Zestaw o\u015bwietleniowy PULUZ PU5070EU softbox 50x70cm - \u2705 sklep z dronami i fachowym doradztwem. \u2705 Tutaj kupisz produkty DJI, Yuneec, Parrot, Syma i wiele innych, a tak\u017ce kursy i licencje na operatora drona.","breadcrumb":{"@id":"https:\/\/ironsky.pl\/sklep\/produkt\/zestaw-oswietleniowy-puluz-pu5070eu-softbox-50x70cm\/#breadcrumb"},"inLanguage":"pl-PL","potentialAction":[{"@type":"ReadAction","target":["https:\/\/ironsky.pl\/sklep\/produkt\/zestaw-oswietleniowy-puluz-pu5070eu-softbox-50x70cm\/"]}]},{"@type":"ImageObject","inLanguage":"pl-PL","@id":"https:\/\/ironsky.pl\/sklep\/produkt\/zestaw-oswietleniowy-puluz-pu5070eu-softbox-50x70cm\/#primaryimage","url":"https:\/\/ironsky.pl\/sklep\/wp-content\/uploads\/2026\/04\/20836_1.jpg","contentUrl":"https:\/\/ironsky.pl\/sklep\/wp-content\/uploads\/2026\/04\/20836_1.jpg","width":800,"height":800},{"@type":"BreadcrumbList","@id":"https:\/\/ironsky.pl\/sklep\/produkt\/zestaw-oswietleniowy-puluz-pu5070eu-softbox-50x70cm\/#breadcrumb","itemListElement":[{"@type":"ListItem","position":1,"name":"Strona g\u0142\u00f3wna","item":"https:\/\/ironsky.pl\/sklep\/"},{"@type":"ListItem","position":2,"name":"Wszystkie produkty","item":"https:\/\/ironsky.pl\/sklep\/produkty\/"},{"@type":"ListItem","position":3,"name":"Zestaw o\u015bwietleniowy PULUZ PU5070EU softbox 50x70cm"}]},{"@type":"WebSite","@id":"https:\/\/ironsky.pl\/sklep\/#website","url":"https:\/\/ironsky.pl\/sklep\/","name":"IRONSKY.PL Sklep z Dronami","description":"IRONSKY.PL Sklep z Dronami","potentialAction":[{"@type":"SearchAction","target":{"@type":"EntryPoint","urlTemplate":"https:\/\/ironsky.pl\/sklep\/?s={search_term_string}"},"query-input":{"@type":"PropertyValueSpecification","valueRequired":true,"valueName":"search_term_string"}}],"inLanguage":"pl-PL"}]}},"_links":{"self":[{"href":"https:\/\/ironsky.pl\/sklep\/wp-json\/wp\/v2\/product\/55743","targetHints":{"allow":["GET"]}}],"collection":[{"href":"https:\/\/ironsky.pl\/sklep\/wp-json\/wp\/v2\/product"}],"about":[{"href":"https:\/\/ironsky.pl\/sklep\/wp-json\/wp\/v2\/types\/product"}],"replies":[{"embeddable":true,"href":"https:\/\/ironsky.pl\/sklep\/wp-json\/wp\/v2\/comments?post=55743"}],"wp:featuredmedia":[{"embeddable":true,"href":"https:\/\/ironsky.pl\/sklep\/wp-json\/wp\/v2\/media\/55744"}],"wp:attachment":[{"href":"https:\/\/ironsky.pl\/sklep\/wp-json\/wp\/v2\/media?parent=55743"}],"wp:term":[{"taxonomy":"product_brand","embeddable":true,"href":"https:\/\/ironsky.pl\/sklep\/wp-json\/wp\/v2\/product_brand?post=55743"},{"taxonomy":"product_cat","embeddable":true,"href":"https:\/\/ironsky.pl\/sklep\/wp-json\/wp\/v2\/product_cat?post=55743"},{"taxonomy":"product_tag","embeddable":true,"href":"https:\/\/ironsky.pl\/sklep\/wp-json\/wp\/v2\/product_tag?post=55743"}],"curies":[{"name":"wp","href":"https:\/\/api.w.org\/{rel}","templated":true}]}}