{"id":55727,"date":"2026-04-15T10:07:16","date_gmt":"2026-04-15T08:07:16","guid":{"rendered":"https:\/\/ironsky.pl\/sklep\/produkt\/powerbank-baseus-adaman-metal-20000mah-65w-pd-qc-3-0-czarny\/"},"modified":"2026-04-15T10:07:32","modified_gmt":"2026-04-15T08:07:32","slug":"powerbank-baseus-adaman-metal-20000mah-65w-pd-qc-3-0-czarny","status":"publish","type":"product","link":"https:\/\/ironsky.pl\/sklep\/produkt\/powerbank-baseus-adaman-metal-20000mah-65w-pd-qc-3-0-czarny\/","title":{"rendered":"Powerbank BASEUS Adaman Metal 20000mAh 65W PD QC 3.0 (czarny)"},"content":{"rendered":"<h3>Powerbank Baseus PPIMDA-D01<\/h3>\n<p>Dzi\u0119ki produktowi od Baseus szybko na\u0142adujesz swojego laptopa lub telefon. Urz\u0105dzenie obs\u0142uguje protok\u00f3\u0142 szybkiego \u0142adowania Power Delivery 65W, dzi\u0119ki czemu bateria MacBooka b\u0119dzie w pe\u0142ni na\u0142adowana ju\u017c w 2 godziny. Powerbank zosta\u0142 wyposa\u017cony w dwa porty wyj\u015bciowe USB oraz porty wyj\u015bciowe\/wej\u015bciowe USB-C i micro USB.<\/p>\n<p><img decoding=\"async\" src=\"https:\/\/b2b.innpro.pl\/data\/include\/cms\/Edyta\/baseus\/PPIMDA-D01\/0_9.jpg\"><\/p>\n<h3>Szybkie \u0142adowanie<\/h3>\n<p>Powerbank marki Baseus wspiera technologi\u0119 szybkiego \u0142adowania i jest kompatybilny z takimi urz\u0105dzeniami jak, na przyk\u0142ad, Huawei lub Apple, dzi\u0119ki czemu na\u0142adujesz 50% baterii ju\u017c w p\u00f3\u0142 godziny. \u0141adowanie powerbanka PPIMDA-D01 jest 5 razy szybsze w por\u00f3wnaniu do innych modeli, zajmuje tylko 2 godziny. Dzi\u0119ki baterii o pojemno\u015bci 20000mAh, wystarczy, \u017ce na\u0142adujesz PPIMDA-D01 raz i za jego pomoc\u0105 mo\u017cesz odnowi\u0107 energi\u0119 urz\u0105dze\u0144 a\u017c 7 razy (w przypadku Apple 8).<\/p>\n<p><img decoding=\"async\" src=\"https:\/\/b2b.innpro.pl\/data\/include\/cms\/Edyta\/baseus\/PPIMDA-D01\/0_10.jpg\"><\/p>\n<h3>Elegancki design<\/h3>\n<p>Powerbank zosta\u0142 wykonany z wysokiej klasy metalu, co nadaje mu eleganckiego wygl\u0105du i czyni go wytrzyma\u0142ym na uszkodzenia. Wy\u015bwietlacz LED, przypominaj\u0105cy swoim kszta\u0142tem kropl\u0119 wody, informuje o napi\u0119ciu i nat\u0119\u017ceniu pr\u0105du oraz stanie baterii.<\/p>\n<p><img decoding=\"async\" src=\"https:\/\/b2b.innpro.pl\/data\/include\/cms\/Edyta\/baseus\/PPIMDA-D01\/0_15.jpg\"><\/p>\n<h3>Bezpiecze\u0144stwo<\/h3>\n<p>Bateria litowo-polimerowa zapewnia bezpiecze\u0144stwo u\u017cytkowania. Produkt chroni Twoje urz\u0105dzenie przed prze\u0142adowaniem, roz\u0142adowaniem, przepi\u0119ciem pr\u0105du, przegrzaniem, itp. Ponadto, powerbank posiada certyfikaty bezpiecze\u0144stwa CE oraz FC. Dodatkowo, produkt mo\u017ce by\u0107 wnoszony na pok\u0142ad samolot\u00f3w wszystkich linii lotniczych.<\/p>\n<p><img decoding=\"async\" src=\"https:\/\/b2b.innpro.pl\/data\/include\/cms\/Edyta\/baseus\/PPIMDA-D01\/0_10a.jpg\"><\/p>\n<div class=\"table-wrapper\">\n<table>\n<tbody>\n<tr>\n<th>Producent<\/th>\n<td>Baseus<\/td>\n<\/tr>\n<tr>\n<th>Model<\/th>\n<td>PPIMDA-D01<\/td>\n<\/tr>\n<tr>\n<th>Pojemno\u015b\u0107<\/th>\n<td>20000mAh<\/td>\n<\/tr>\n<tr>\n<th>Pr\u0105d wej\u015bciowy<\/th>\n<td>\n<p>micro USB: 5V-2A, 9V-2A<\/p>\n<p>USB Typ C: 5V-3A, 9V-2A, 12V-3A, 15V-3A, 20V-3A<\/p>\n<\/td>\n<\/tr>\n<tr>\n<th>Pr\u0105d wyj\u015bciowy<\/th>\n<td>\n<p>USB1: 4,5V-5A 5V-4,5A 5V-3A, 9V-2A, 12V-1,5A<\/p>\n<p>USB2: 5V-3A, 9V-3A, 12V-2,5A<\/p>\n<p>USB Typ C: 5V-3A, 9V-3A, 12V-3A, 15V-3A, 20V-3,25A<\/p>\n<p>USB1+USB2: 5V-3A<\/p>\n<p>USB Typ C+USB1\/USB2: 45W+18W<\/p>\n<\/td>\n<\/tr>\n<tr>\n<th>Kolor<\/th>\n<td>\n<p>czarny<\/p>\n<\/td>\n<\/tr>\n<tr>\n<th>Materia\u0142<\/th>\n<td>\n<p>metal\u00a0<\/p>\n<\/td>\n<\/tr>\n<\/tbody>\n<\/table>\n<\/div>\n","protected":false},"excerpt":{"rendered":"<p>Powerbank Baseus PPIMDA-D01 Dzi\u0119ki produktowi od Baseus szybko na\u0142adujesz swojego laptopa lub telefon. Urz\u0105dzenie obs\u0142uguje protok\u00f3\u0142 szybkiego \u0142adowania Power Delivery<\/p>\n","protected":false},"featured_media":55728,"comment_status":"closed","ping_status":"open","template":"","meta":{"_acf_changed":false},"product_brand":[],"product_cat":[1108,1113],"product_tag":[],"class_list":{"0":"post-55727","1":"product","2":"type-product","3":"status-publish","4":"has-post-thumbnail","6":"product_cat-energia","7":"product_cat-powerbanki","8":"pa_okres-gwarancji-5754","9":"pa_producent-baseus","11":"first","12":"outofstock","13":"taxable","14":"shipping-taxable","15":"purchasable","16":"product-type-simple"},"acf":[],"yoast_head":"<!-- This site is optimized with the Yoast SEO plugin v27.2 - https:\/\/yoast.com\/product\/yoast-seo-wordpress\/ -->\n<title>Powerbank BASEUS Adaman Metal 20000mAh 65W PD QC 3.0 (czarny) - IRONSKY.PL Sklep z Dronami<\/title>\n<meta name=\"description\" content=\"Powerbank BASEUS Adaman Metal 20000mAh 65W PD QC 3.0 (czarny) - \u2705 sklep z dronami i fachowym doradztwem. \u2705 Tutaj kupisz produkty DJI, Yuneec, Parrot, Syma i wiele innych, a tak\u017ce kursy i licencje na operatora drona.\" \/>\n<meta name=\"robots\" content=\"index, follow, max-snippet:-1, max-image-preview:large, max-video-preview:-1\" \/>\n<link rel=\"canonical\" href=\"https:\/\/ironsky.pl\/sklep\/produkt\/powerbank-baseus-adaman-metal-20000mah-65w-pd-qc-3-0-czarny\/\" \/>\n<meta property=\"og:locale\" content=\"pl_PL\" \/>\n<meta property=\"og:type\" content=\"article\" \/>\n<meta property=\"og:title\" content=\"Powerbank BASEUS Adaman Metal 20000mAh 65W PD QC 3.0 (czarny) - IRONSKY.PL Sklep z Dronami\" \/>\n<meta property=\"og:description\" content=\"Powerbank BASEUS Adaman Metal 20000mAh 65W PD QC 3.0 (czarny) - \u2705 sklep z dronami i fachowym doradztwem. \u2705 Tutaj kupisz produkty DJI, Yuneec, Parrot, Syma i wiele innych, a tak\u017ce kursy i licencje na operatora drona.\" \/>\n<meta property=\"og:url\" content=\"https:\/\/ironsky.pl\/sklep\/produkt\/powerbank-baseus-adaman-metal-20000mah-65w-pd-qc-3-0-czarny\/\" \/>\n<meta property=\"og:site_name\" content=\"IRONSKY.PL Sklep z Dronami\" \/>\n<meta property=\"article:modified_time\" content=\"2026-04-15T08:07:32+00:00\" \/>\n<meta property=\"og:image\" content=\"https:\/\/ironsky.pl\/sklep\/wp-content\/uploads\/2026\/04\/20772_11.webp\" \/>\n\t<meta property=\"og:image:width\" content=\"800\" \/>\n\t<meta property=\"og:image:height\" content=\"800\" \/>\n\t<meta property=\"og:image:type\" content=\"image\/webp\" \/>\n<meta name=\"twitter:card\" content=\"summary_large_image\" \/>\n<meta name=\"twitter:label1\" content=\"Szacowany czas czytania\" \/>\n\t<meta name=\"twitter:data1\" content=\"2 minuty\" \/>\n<script type=\"application\/ld+json\" class=\"yoast-schema-graph\">{\"@context\":\"https:\/\/schema.org\",\"@graph\":[{\"@type\":\"WebPage\",\"@id\":\"https:\/\/ironsky.pl\/sklep\/produkt\/powerbank-baseus-adaman-metal-20000mah-65w-pd-qc-3-0-czarny\/\",\"url\":\"https:\/\/ironsky.pl\/sklep\/produkt\/powerbank-baseus-adaman-metal-20000mah-65w-pd-qc-3-0-czarny\/\",\"name\":\"Powerbank BASEUS Adaman Metal 20000mAh 65W PD QC 3.0 (czarny) - IRONSKY.PL Sklep z Dronami\",\"isPartOf\":{\"@id\":\"https:\/\/ironsky.pl\/sklep\/#website\"},\"primaryImageOfPage\":{\"@id\":\"https:\/\/ironsky.pl\/sklep\/produkt\/powerbank-baseus-adaman-metal-20000mah-65w-pd-qc-3-0-czarny\/#primaryimage\"},\"image\":{\"@id\":\"https:\/\/ironsky.pl\/sklep\/produkt\/powerbank-baseus-adaman-metal-20000mah-65w-pd-qc-3-0-czarny\/#primaryimage\"},\"thumbnailUrl\":\"https:\/\/ironsky.pl\/sklep\/wp-content\/uploads\/2026\/04\/20772_11.webp\",\"datePublished\":\"2026-04-15T08:07:16+00:00\",\"dateModified\":\"2026-04-15T08:07:32+00:00\",\"description\":\"Powerbank BASEUS Adaman Metal 20000mAh 65W PD QC 3.0 (czarny) - \u2705 sklep z dronami i fachowym doradztwem. \u2705 Tutaj kupisz produkty DJI, Yuneec, Parrot, Syma i wiele innych, a tak\u017ce kursy i licencje na operatora drona.\",\"breadcrumb\":{\"@id\":\"https:\/\/ironsky.pl\/sklep\/produkt\/powerbank-baseus-adaman-metal-20000mah-65w-pd-qc-3-0-czarny\/#breadcrumb\"},\"inLanguage\":\"pl-PL\",\"potentialAction\":[{\"@type\":\"ReadAction\",\"target\":[\"https:\/\/ironsky.pl\/sklep\/produkt\/powerbank-baseus-adaman-metal-20000mah-65w-pd-qc-3-0-czarny\/\"]}]},{\"@type\":\"ImageObject\",\"inLanguage\":\"pl-PL\",\"@id\":\"https:\/\/ironsky.pl\/sklep\/produkt\/powerbank-baseus-adaman-metal-20000mah-65w-pd-qc-3-0-czarny\/#primaryimage\",\"url\":\"https:\/\/ironsky.pl\/sklep\/wp-content\/uploads\/2026\/04\/20772_11.webp\",\"contentUrl\":\"https:\/\/ironsky.pl\/sklep\/wp-content\/uploads\/2026\/04\/20772_11.webp\",\"width\":800,\"height\":800},{\"@type\":\"BreadcrumbList\",\"@id\":\"https:\/\/ironsky.pl\/sklep\/produkt\/powerbank-baseus-adaman-metal-20000mah-65w-pd-qc-3-0-czarny\/#breadcrumb\",\"itemListElement\":[{\"@type\":\"ListItem\",\"position\":1,\"name\":\"Strona g\u0142\u00f3wna\",\"item\":\"https:\/\/ironsky.pl\/sklep\/\"},{\"@type\":\"ListItem\",\"position\":2,\"name\":\"Wszystkie produkty\",\"item\":\"https:\/\/ironsky.pl\/sklep\/produkty\/\"},{\"@type\":\"ListItem\",\"position\":3,\"name\":\"Powerbank BASEUS Adaman Metal 20000mAh 65W PD QC 3.0 (czarny)\"}]},{\"@type\":\"WebSite\",\"@id\":\"https:\/\/ironsky.pl\/sklep\/#website\",\"url\":\"https:\/\/ironsky.pl\/sklep\/\",\"name\":\"IRONSKY.PL Sklep z Dronami\",\"description\":\"IRONSKY.PL Sklep z Dronami\",\"potentialAction\":[{\"@type\":\"SearchAction\",\"target\":{\"@type\":\"EntryPoint\",\"urlTemplate\":\"https:\/\/ironsky.pl\/sklep\/?s={search_term_string}\"},\"query-input\":{\"@type\":\"PropertyValueSpecification\",\"valueRequired\":true,\"valueName\":\"search_term_string\"}}],\"inLanguage\":\"pl-PL\"}]}<\/script>\n<!-- \/ Yoast SEO plugin. -->","yoast_head_json":{"title":"Powerbank BASEUS Adaman Metal 20000mAh 65W PD QC 3.0 (czarny) - IRONSKY.PL Sklep z Dronami","description":"Powerbank BASEUS Adaman Metal 20000mAh 65W PD QC 3.0 (czarny) - \u2705 sklep z dronami i fachowym doradztwem. \u2705 Tutaj kupisz produkty DJI, Yuneec, Parrot, Syma i wiele innych, a tak\u017ce kursy i licencje na operatora drona.","robots":{"index":"index","follow":"follow","max-snippet":"max-snippet:-1","max-image-preview":"max-image-preview:large","max-video-preview":"max-video-preview:-1"},"canonical":"https:\/\/ironsky.pl\/sklep\/produkt\/powerbank-baseus-adaman-metal-20000mah-65w-pd-qc-3-0-czarny\/","og_locale":"pl_PL","og_type":"article","og_title":"Powerbank BASEUS Adaman Metal 20000mAh 65W PD QC 3.0 (czarny) - IRONSKY.PL Sklep z Dronami","og_description":"Powerbank BASEUS Adaman Metal 20000mAh 65W PD QC 3.0 (czarny) - \u2705 sklep z dronami i fachowym doradztwem. \u2705 Tutaj kupisz produkty DJI, Yuneec, Parrot, Syma i wiele innych, a tak\u017ce kursy i licencje na operatora drona.","og_url":"https:\/\/ironsky.pl\/sklep\/produkt\/powerbank-baseus-adaman-metal-20000mah-65w-pd-qc-3-0-czarny\/","og_site_name":"IRONSKY.PL Sklep z Dronami","article_modified_time":"2026-04-15T08:07:32+00:00","og_image":[{"width":800,"height":800,"url":"https:\/\/ironsky.pl\/sklep\/wp-content\/uploads\/2026\/04\/20772_11.webp","type":"image\/webp"}],"twitter_card":"summary_large_image","twitter_misc":{"Szacowany czas czytania":"2 minuty"},"schema":{"@context":"https:\/\/schema.org","@graph":[{"@type":"WebPage","@id":"https:\/\/ironsky.pl\/sklep\/produkt\/powerbank-baseus-adaman-metal-20000mah-65w-pd-qc-3-0-czarny\/","url":"https:\/\/ironsky.pl\/sklep\/produkt\/powerbank-baseus-adaman-metal-20000mah-65w-pd-qc-3-0-czarny\/","name":"Powerbank BASEUS Adaman Metal 20000mAh 65W PD QC 3.0 (czarny) - IRONSKY.PL Sklep z Dronami","isPartOf":{"@id":"https:\/\/ironsky.pl\/sklep\/#website"},"primaryImageOfPage":{"@id":"https:\/\/ironsky.pl\/sklep\/produkt\/powerbank-baseus-adaman-metal-20000mah-65w-pd-qc-3-0-czarny\/#primaryimage"},"image":{"@id":"https:\/\/ironsky.pl\/sklep\/produkt\/powerbank-baseus-adaman-metal-20000mah-65w-pd-qc-3-0-czarny\/#primaryimage"},"thumbnailUrl":"https:\/\/ironsky.pl\/sklep\/wp-content\/uploads\/2026\/04\/20772_11.webp","datePublished":"2026-04-15T08:07:16+00:00","dateModified":"2026-04-15T08:07:32+00:00","description":"Powerbank BASEUS Adaman Metal 20000mAh 65W PD QC 3.0 (czarny) - \u2705 sklep z dronami i fachowym doradztwem. \u2705 Tutaj kupisz produkty DJI, Yuneec, Parrot, Syma i wiele innych, a tak\u017ce kursy i licencje na operatora drona.","breadcrumb":{"@id":"https:\/\/ironsky.pl\/sklep\/produkt\/powerbank-baseus-adaman-metal-20000mah-65w-pd-qc-3-0-czarny\/#breadcrumb"},"inLanguage":"pl-PL","potentialAction":[{"@type":"ReadAction","target":["https:\/\/ironsky.pl\/sklep\/produkt\/powerbank-baseus-adaman-metal-20000mah-65w-pd-qc-3-0-czarny\/"]}]},{"@type":"ImageObject","inLanguage":"pl-PL","@id":"https:\/\/ironsky.pl\/sklep\/produkt\/powerbank-baseus-adaman-metal-20000mah-65w-pd-qc-3-0-czarny\/#primaryimage","url":"https:\/\/ironsky.pl\/sklep\/wp-content\/uploads\/2026\/04\/20772_11.webp","contentUrl":"https:\/\/ironsky.pl\/sklep\/wp-content\/uploads\/2026\/04\/20772_11.webp","width":800,"height":800},{"@type":"BreadcrumbList","@id":"https:\/\/ironsky.pl\/sklep\/produkt\/powerbank-baseus-adaman-metal-20000mah-65w-pd-qc-3-0-czarny\/#breadcrumb","itemListElement":[{"@type":"ListItem","position":1,"name":"Strona g\u0142\u00f3wna","item":"https:\/\/ironsky.pl\/sklep\/"},{"@type":"ListItem","position":2,"name":"Wszystkie produkty","item":"https:\/\/ironsky.pl\/sklep\/produkty\/"},{"@type":"ListItem","position":3,"name":"Powerbank BASEUS Adaman Metal 20000mAh 65W PD QC 3.0 (czarny)"}]},{"@type":"WebSite","@id":"https:\/\/ironsky.pl\/sklep\/#website","url":"https:\/\/ironsky.pl\/sklep\/","name":"IRONSKY.PL Sklep z Dronami","description":"IRONSKY.PL Sklep z Dronami","potentialAction":[{"@type":"SearchAction","target":{"@type":"EntryPoint","urlTemplate":"https:\/\/ironsky.pl\/sklep\/?s={search_term_string}"},"query-input":{"@type":"PropertyValueSpecification","valueRequired":true,"valueName":"search_term_string"}}],"inLanguage":"pl-PL"}]}},"_links":{"self":[{"href":"https:\/\/ironsky.pl\/sklep\/wp-json\/wp\/v2\/product\/55727","targetHints":{"allow":["GET"]}}],"collection":[{"href":"https:\/\/ironsky.pl\/sklep\/wp-json\/wp\/v2\/product"}],"about":[{"href":"https:\/\/ironsky.pl\/sklep\/wp-json\/wp\/v2\/types\/product"}],"replies":[{"embeddable":true,"href":"https:\/\/ironsky.pl\/sklep\/wp-json\/wp\/v2\/comments?post=55727"}],"wp:featuredmedia":[{"embeddable":true,"href":"https:\/\/ironsky.pl\/sklep\/wp-json\/wp\/v2\/media\/55728"}],"wp:attachment":[{"href":"https:\/\/ironsky.pl\/sklep\/wp-json\/wp\/v2\/media?parent=55727"}],"wp:term":[{"taxonomy":"product_brand","embeddable":true,"href":"https:\/\/ironsky.pl\/sklep\/wp-json\/wp\/v2\/product_brand?post=55727"},{"taxonomy":"product_cat","embeddable":true,"href":"https:\/\/ironsky.pl\/sklep\/wp-json\/wp\/v2\/product_cat?post=55727"},{"taxonomy":"product_tag","embeddable":true,"href":"https:\/\/ironsky.pl\/sklep\/wp-json\/wp\/v2\/product_tag?post=55727"}],"curies":[{"name":"wp","href":"https:\/\/api.w.org\/{rel}","templated":true}]}}