{"id":55726,"date":"2026-04-15T10:07:16","date_gmt":"2026-04-15T08:07:16","guid":{"rendered":"https:\/\/ironsky.pl\/sklep\/produkt\/lampka-biurkowa-baseus-smart-eye-skladana-akumulatorowa-biala\/"},"modified":"2026-04-15T10:44:51","modified_gmt":"2026-04-15T08:44:51","slug":"lampka-biurkowa-baseus-smart-eye-skladana-akumulatorowa-biala","status":"publish","type":"product","link":"https:\/\/ironsky.pl\/sklep\/produkt\/lampka-biurkowa-baseus-smart-eye-skladana-akumulatorowa-biala\/","title":{"rendered":"Lampka biurkowa BASEUS Smart Eye sk\u0142adana akumulatorowa (bia\u0142a)"},"content":{"rendered":"<h3>Lampa biurkowa Baseus<\/h3>\n<p>Lampa od Baseus posiada funkcj\u0119 auto-regulacji jasno\u015bci. Praktyczny design powoduje, \u017ce lampa roz\u015bwietla wi\u0119ksz\u0105 przestrze\u0144, a ciep\u0142a barwa jest przyjemna dla oka. Dzi\u0119ki temu, przy jej \u015bwietle mo\u017cesz czyta\u0107 ksi\u0105\u017cki lub wygodnie pracowa\u0107.<\/p>\n<p><img decoding=\"async\" src=\"https:\/\/b2b.innpro.pl\/data\/include\/cms\/Edyta\/baseus\/DGZG-02\/0_1.jpg\"><\/p>\n<h3>Inteligentna dystrybucja \u015bwiat\u0142a<\/h3>\n<p>Lampa posiada inteligentne chipy, kt\u00f3re automatycznie dostosowuj\u0105 ilo\u015b\u0107 potrzebnego \u015bwiat\u0142a. Je\u015bli w pomieszczeniu znajduje si\u0119 zbyt ma\u0142o \u015bwiat\u0142a, DGZG-02 zwi\u0119kszy jasno\u015b\u0107, dla komfortowej pracy. Natomiast, je\u015bli przebywasz w dobrze o\u015bwietlonym pomieszczeniu, lampa zmniejszy ilo\u015b\u0107 \u015bwiat\u0142a. Ponadto, lampa posiada funkcj\u0119 zapami\u0119tywania poprzednio ustawionego trybu.<\/p>\n<p><img decoding=\"async\" src=\"https:\/\/b2b.innpro.pl\/data\/include\/cms\/Edyta\/baseus\/DGZG-02\/0_11b.jpg\"><\/p>\n<h3>Praktyczna<\/h3>\n<p>Lampa rozprowadza \u015bwiat\u0142o w kszta\u0142cie prostok\u0105ta, dzi\u0119ki czemu o\u015bwietli wy\u0142\u0105cznie Twoje biurko. Barwa \u015bwiat\u0142a przypomina \u015bwiat\u0142o dzienne i nie powoduje dyskomfortu dla oczu wi\u0119c mo\u017cesz przy niej wygodnie czyta\u0107 swoj\u0105 ulubion\u0105 ksi\u0105\u017ck\u0119. Ponadto, DGZG-02 mo\u017ce Ci te\u017c towarzyszy\u0107 podczas rysowania. Barwa rzucanego \u015bwiat\u0142a, sprawia, \u017ce kolory rysunk\u00f3w s\u0105 bardziej wyraziste. Lampa posiada r\u00f3wnie\u017c funkcj\u0119 obrotu o 180\u00b0 wi\u0119c mo\u017cesz dostosowa\u0107 jej k\u0105t do swoich potrzeb.<\/p>\n<p><img decoding=\"async\" src=\"https:\/\/b2b.innpro.pl\/data\/include\/cms\/Edyta\/baseus\/DGZG-02\/0_8.jpg\"><\/p>\n<h3>Kompaktowa<\/h3>\n<p>Podstawa lampy jest niewielka wi\u0119c nie zajmie wiele miejsca na Twoim biurku, a jej minimalistyczny design sprawi, \u017ce b\u0119dzie wyj\u0105tkow\u0105 ozdob\u0105 nowoczesnego wn\u0119trza. Lamp\u0119 mo\u017cesz r\u00f3wnie\u017c umie\u015bci\u0107 w sypialni, w swoim biurze, itp. DGZG-02 posiada sk\u0142adan\u0105 konstrukcj\u0119, dzi\u0119ki czemu bez problemu zmie\u015bci si\u0119 w walizce wi\u0119c mo\u017cesz zabra\u0107 j\u0105 w podr\u00f3\u017c. Lampa jest bezprzewodowa wi\u0119c mo\u017cesz z niej korzysta\u0107 gdziekolwiek chcesz.<\/p>\n<p><img decoding=\"async\" src=\"https:\/\/b2b.innpro.pl\/data\/include\/cms\/Edyta\/baseus\/DGZG-02\/0_5.jpg\"><\/p>\n<h3>3 temperatury barwowe<\/h3>\n<p>Zakres temperatury barwowej lampy si\u0119ga od 3000K do 6000K, dzi\u0119ki czemu jej kolor dostosujesz w zale\u017cno\u015bci od potrzeb. Podczas wykonywania codziennych czynno\u015bci, sprawdzi si\u0119 bia\u0142e \u015bwiat\u0142o lampy (6000K). Kiedy natomiast chcesz poczyta\u0107 ksi\u0105\u017ck\u0119, odpowiednim kolorem b\u0119dzie bia\u0142o-\u017c\u00f3\u0142ta barwa lampy (4500K). Podczas pracy przed komputerem najkorzystniejsz\u0105 barw\u0105 b\u0119dzie jasne, ciep\u0142e \u015bwiat\u0142o (3000K). Aby dostosowa\u0107 temperatur\u0119 barwow\u0105 lampy, wystarczy, \u017ce przytrzymasz punkt znajduj\u0105cy si\u0119 na panelu dotykowym lampy.<\/p>\n<p><img decoding=\"async\" src=\"https:\/\/b2b.innpro.pl\/data\/include\/cms\/Edyta\/baseus\/DGZG-02\/0_12a.jpg\"><\/p>\n<h3>2200mAh bateria<\/h3>\n<p>Czas pracy urz\u0105dzenia wynosi oko\u0142o 13 godzin, je\u015bli korzystamy z ma\u0142ej ilo\u015bci \u015bwiat\u0142a jak\u0105 dysponuje lampa. Je\u015bli natomiast, lampa pali si\u0119 bardzo jasno, czas pracy wynosi 3 godziny. Energi\u0119 urz\u0105dzenia odnowisz za pomoc\u0105 kabla USB-C do\u0142\u0105czonego do zestawu.<\/p>\n<p><img decoding=\"async\" src=\"https:\/\/b2b.innpro.pl\/data\/include\/cms\/Edyta\/baseus\/DGZG-02\/0_10b.jpg\"><\/p>\n<h3>Minimalistyczny design<\/h3>\n<p>Lampa posiada 32 koraliki LED-owe, kt\u00f3re r\u00f3wnomiernie rozprowadzaj\u0105 \u015bwiat\u0142o. Na podstawie lampy znajduje si\u0119 panel dotykowy, za pomoc\u0105 kt\u00f3rego mo\u017cesz kontrolowa\u0107 temperatur\u0119 barwow\u0105 urz\u0105dzenia. Solidna, antypo\u015blizgowa podstawa gwarantuje stabilno\u015b\u0107, a aluminiowa pow\u0142oka nadaje lampie eleganckiego wygl\u0105du. Dodatkowo, lampa jest dost\u0119pna w kolorach bia\u0142ym i szarym, aby ka\u017cdy m\u00f3g\u0142 wybra\u0107 co\u015b dla siebie.<\/p>\n<p><img decoding=\"async\" src=\"https:\/\/b2b.innpro.pl\/data\/include\/cms\/Edyta\/baseus\/DGZG-02\/0_14.jpg\"><\/p>\n<h3>Zawarto\u015b\u0107 zestawu<\/h3>\n<ul>\n<li>Lampa Baseus DGZG-02<\/li>\n<li>Kabel \u0142adowania USB-C<\/li>\n<\/ul>\n<div class=\"table-wrapper\">\n<table>\n<tbody>\n<tr>\n<th>Producent<\/th>\n<td>Baseus<\/td>\n<\/tr>\n<tr>\n<th>Model<\/th>\n<td>DGZG-02<\/td>\n<\/tr>\n<tr>\n<th>Materia\u0142<\/th>\n<td>ABS + PC + Stop aluminium<\/td>\n<\/tr>\n<tr>\n<th>Kolor<\/th>\n<td>bia\u0142y<\/td>\n<\/tr>\n<tr>\n<th>Napi\u0119cie wej\u015bciowe<\/th>\n<td>DC 5V<\/td>\n<\/tr>\n<tr>\n<th>Moc znamionowa<\/th>\n<td>5W (max.)<\/td>\n<\/tr>\n<tr>\n<th>\u0179r\u00f3d\u0142o \u015bwiat\u0142a<\/th>\n<td>LED<\/td>\n<\/tr>\n<tr>\n<th>Ilo\u015b\u0107 koralik\u00f3w LED-owych<\/th>\n<td>32 sztuki<\/td>\n<\/tr>\n<tr>\n<th>Wsp\u00f3\u0142czynnik oddawania barw<\/th>\n<td>Ra \u226595<\/td>\n<\/tr>\n<tr>\n<th>Pojemno\u015b\u0107 baterii<\/th>\n<td>2200mAh<\/td>\n<\/tr>\n<tr>\n<th>Temperatura barwowa<\/th>\n<td>6000K &#8211; 4000K &#8211; 3000K<\/td>\n<\/tr>\n<tr>\n<th>Temperatura robocza<\/th>\n<td>-10\u00b0C ~ 40\u00b0C<\/td>\n<\/tr>\n<tr>\n<th>Waga<\/th>\n<td>555g<\/td>\n<\/tr>\n<tr>\n<th>Czas \u0142adowania<\/th>\n<td>oko\u0142o 3 godziny<\/td>\n<\/tr>\n<tr>\n<th>Czas pracy<\/th>\n<td>13 godzin (przy niskim nat\u0119\u017ceniu \u015bwiat\u0142a),\u00a03 godziny (przy wysokim nat\u0119\u017ceniu \u015bwiat\u0142a)<\/td>\n<\/tr>\n<\/tbody>\n<\/table>\n<\/div>\n","protected":false},"excerpt":{"rendered":"<p>Lampa biurkowa Baseus Lampa od Baseus posiada funkcj\u0119 auto-regulacji jasno\u015bci. Praktyczny design powoduje, \u017ce lampa roz\u015bwietla wi\u0119ksz\u0105 przestrze\u0144, a ciep\u0142a<\/p>\n","protected":false},"featured_media":41401,"comment_status":"closed","ping_status":"open","template":"","meta":{"_acf_changed":false},"product_brand":[],"product_cat":[5929,6191],"product_tag":[],"class_list":{"0":"post-55726","1":"product","2":"type-product","3":"status-publish","4":"has-post-thumbnail","6":"product_cat-akcesoria-it","7":"product_cat-oswietlenie-akcesoria-it","8":"pa_okres-gwarancji-5754","9":"pa_producent-baseus","11":"first","12":"outofstock","13":"taxable","14":"shipping-taxable","15":"purchasable","16":"product-type-simple"},"acf":[],"yoast_head":"<!-- This site is optimized with the Yoast SEO plugin v27.2 - https:\/\/yoast.com\/product\/yoast-seo-wordpress\/ -->\n<title>Lampka biurkowa BASEUS Smart Eye sk\u0142adana akumulatorowa (bia\u0142a) - IRONSKY.PL Sklep z Dronami<\/title>\n<meta name=\"description\" content=\"Lampka biurkowa BASEUS Smart Eye sk\u0142adana akumulatorowa (bia\u0142a) - \u2705 sklep z dronami i fachowym doradztwem. \u2705 Tutaj kupisz produkty DJI, Yuneec, Parrot, Syma i wiele innych, a tak\u017ce kursy i licencje na operatora drona.\" \/>\n<meta name=\"robots\" content=\"index, follow, max-snippet:-1, max-image-preview:large, max-video-preview:-1\" \/>\n<link rel=\"canonical\" href=\"https:\/\/ironsky.pl\/sklep\/produkt\/lampka-biurkowa-baseus-smart-eye-skladana-akumulatorowa-biala\/\" \/>\n<meta property=\"og:locale\" content=\"pl_PL\" \/>\n<meta property=\"og:type\" content=\"article\" \/>\n<meta property=\"og:title\" content=\"Lampka biurkowa BASEUS Smart Eye sk\u0142adana akumulatorowa (bia\u0142a) - IRONSKY.PL Sklep z Dronami\" \/>\n<meta property=\"og:description\" content=\"Lampka biurkowa BASEUS Smart Eye sk\u0142adana akumulatorowa (bia\u0142a) - \u2705 sklep z dronami i fachowym doradztwem. \u2705 Tutaj kupisz produkty DJI, Yuneec, Parrot, Syma i wiele innych, a tak\u017ce kursy i licencje na operatora drona.\" \/>\n<meta property=\"og:url\" content=\"https:\/\/ironsky.pl\/sklep\/produkt\/lampka-biurkowa-baseus-smart-eye-skladana-akumulatorowa-biala\/\" \/>\n<meta property=\"og:site_name\" content=\"IRONSKY.PL Sklep z Dronami\" \/>\n<meta property=\"article:modified_time\" content=\"2026-04-15T08:44:51+00:00\" \/>\n<meta property=\"og:image\" content=\"https:\/\/ironsky.pl\/sklep\/wp-content\/uploads\/2025\/06\/20651_11.jpg\" \/>\n\t<meta property=\"og:image:width\" content=\"800\" \/>\n\t<meta property=\"og:image:height\" content=\"800\" \/>\n\t<meta property=\"og:image:type\" content=\"image\/jpeg\" \/>\n<meta name=\"twitter:card\" content=\"summary_large_image\" \/>\n<meta name=\"twitter:label1\" content=\"Szacowany czas czytania\" \/>\n\t<meta name=\"twitter:data1\" content=\"3 minuty\" \/>\n<script type=\"application\/ld+json\" class=\"yoast-schema-graph\">{\"@context\":\"https:\/\/schema.org\",\"@graph\":[{\"@type\":\"WebPage\",\"@id\":\"https:\/\/ironsky.pl\/sklep\/produkt\/lampka-biurkowa-baseus-smart-eye-skladana-akumulatorowa-biala\/\",\"url\":\"https:\/\/ironsky.pl\/sklep\/produkt\/lampka-biurkowa-baseus-smart-eye-skladana-akumulatorowa-biala\/\",\"name\":\"Lampka biurkowa BASEUS Smart Eye sk\u0142adana akumulatorowa (bia\u0142a) - IRONSKY.PL Sklep z Dronami\",\"isPartOf\":{\"@id\":\"https:\/\/ironsky.pl\/sklep\/#website\"},\"primaryImageOfPage\":{\"@id\":\"https:\/\/ironsky.pl\/sklep\/produkt\/lampka-biurkowa-baseus-smart-eye-skladana-akumulatorowa-biala\/#primaryimage\"},\"image\":{\"@id\":\"https:\/\/ironsky.pl\/sklep\/produkt\/lampka-biurkowa-baseus-smart-eye-skladana-akumulatorowa-biala\/#primaryimage\"},\"thumbnailUrl\":\"https:\/\/ironsky.pl\/sklep\/wp-content\/uploads\/2025\/06\/20651_11.jpg\",\"datePublished\":\"2026-04-15T08:07:16+00:00\",\"dateModified\":\"2026-04-15T08:44:51+00:00\",\"description\":\"Lampka biurkowa BASEUS Smart Eye sk\u0142adana akumulatorowa (bia\u0142a) - \u2705 sklep z dronami i fachowym doradztwem. \u2705 Tutaj kupisz produkty DJI, Yuneec, Parrot, Syma i wiele innych, a tak\u017ce kursy i licencje na operatora drona.\",\"breadcrumb\":{\"@id\":\"https:\/\/ironsky.pl\/sklep\/produkt\/lampka-biurkowa-baseus-smart-eye-skladana-akumulatorowa-biala\/#breadcrumb\"},\"inLanguage\":\"pl-PL\",\"potentialAction\":[{\"@type\":\"ReadAction\",\"target\":[\"https:\/\/ironsky.pl\/sklep\/produkt\/lampka-biurkowa-baseus-smart-eye-skladana-akumulatorowa-biala\/\"]}]},{\"@type\":\"ImageObject\",\"inLanguage\":\"pl-PL\",\"@id\":\"https:\/\/ironsky.pl\/sklep\/produkt\/lampka-biurkowa-baseus-smart-eye-skladana-akumulatorowa-biala\/#primaryimage\",\"url\":\"https:\/\/ironsky.pl\/sklep\/wp-content\/uploads\/2025\/06\/20651_11.jpg\",\"contentUrl\":\"https:\/\/ironsky.pl\/sklep\/wp-content\/uploads\/2025\/06\/20651_11.jpg\",\"width\":800,\"height\":800},{\"@type\":\"BreadcrumbList\",\"@id\":\"https:\/\/ironsky.pl\/sklep\/produkt\/lampka-biurkowa-baseus-smart-eye-skladana-akumulatorowa-biala\/#breadcrumb\",\"itemListElement\":[{\"@type\":\"ListItem\",\"position\":1,\"name\":\"Strona g\u0142\u00f3wna\",\"item\":\"https:\/\/ironsky.pl\/sklep\/\"},{\"@type\":\"ListItem\",\"position\":2,\"name\":\"Wszystkie produkty\",\"item\":\"https:\/\/ironsky.pl\/sklep\/produkty\/\"},{\"@type\":\"ListItem\",\"position\":3,\"name\":\"Lampka biurkowa BASEUS Smart Eye sk\u0142adana akumulatorowa (bia\u0142a)\"}]},{\"@type\":\"WebSite\",\"@id\":\"https:\/\/ironsky.pl\/sklep\/#website\",\"url\":\"https:\/\/ironsky.pl\/sklep\/\",\"name\":\"IRONSKY.PL Sklep z Dronami\",\"description\":\"IRONSKY.PL Sklep z Dronami\",\"potentialAction\":[{\"@type\":\"SearchAction\",\"target\":{\"@type\":\"EntryPoint\",\"urlTemplate\":\"https:\/\/ironsky.pl\/sklep\/?s={search_term_string}\"},\"query-input\":{\"@type\":\"PropertyValueSpecification\",\"valueRequired\":true,\"valueName\":\"search_term_string\"}}],\"inLanguage\":\"pl-PL\"}]}<\/script>\n<!-- \/ Yoast SEO plugin. -->","yoast_head_json":{"title":"Lampka biurkowa BASEUS Smart Eye sk\u0142adana akumulatorowa (bia\u0142a) - IRONSKY.PL Sklep z Dronami","description":"Lampka biurkowa BASEUS Smart Eye sk\u0142adana akumulatorowa (bia\u0142a) - \u2705 sklep z dronami i fachowym doradztwem. \u2705 Tutaj kupisz produkty DJI, Yuneec, Parrot, Syma i wiele innych, a tak\u017ce kursy i licencje na operatora drona.","robots":{"index":"index","follow":"follow","max-snippet":"max-snippet:-1","max-image-preview":"max-image-preview:large","max-video-preview":"max-video-preview:-1"},"canonical":"https:\/\/ironsky.pl\/sklep\/produkt\/lampka-biurkowa-baseus-smart-eye-skladana-akumulatorowa-biala\/","og_locale":"pl_PL","og_type":"article","og_title":"Lampka biurkowa BASEUS Smart Eye sk\u0142adana akumulatorowa (bia\u0142a) - IRONSKY.PL Sklep z Dronami","og_description":"Lampka biurkowa BASEUS Smart Eye sk\u0142adana akumulatorowa (bia\u0142a) - \u2705 sklep z dronami i fachowym doradztwem. \u2705 Tutaj kupisz produkty DJI, Yuneec, Parrot, Syma i wiele innych, a tak\u017ce kursy i licencje na operatora drona.","og_url":"https:\/\/ironsky.pl\/sklep\/produkt\/lampka-biurkowa-baseus-smart-eye-skladana-akumulatorowa-biala\/","og_site_name":"IRONSKY.PL Sklep z Dronami","article_modified_time":"2026-04-15T08:44:51+00:00","og_image":[{"width":800,"height":800,"url":"https:\/\/ironsky.pl\/sklep\/wp-content\/uploads\/2025\/06\/20651_11.jpg","type":"image\/jpeg"}],"twitter_card":"summary_large_image","twitter_misc":{"Szacowany czas czytania":"3 minuty"},"schema":{"@context":"https:\/\/schema.org","@graph":[{"@type":"WebPage","@id":"https:\/\/ironsky.pl\/sklep\/produkt\/lampka-biurkowa-baseus-smart-eye-skladana-akumulatorowa-biala\/","url":"https:\/\/ironsky.pl\/sklep\/produkt\/lampka-biurkowa-baseus-smart-eye-skladana-akumulatorowa-biala\/","name":"Lampka biurkowa BASEUS Smart Eye sk\u0142adana akumulatorowa (bia\u0142a) - IRONSKY.PL Sklep z Dronami","isPartOf":{"@id":"https:\/\/ironsky.pl\/sklep\/#website"},"primaryImageOfPage":{"@id":"https:\/\/ironsky.pl\/sklep\/produkt\/lampka-biurkowa-baseus-smart-eye-skladana-akumulatorowa-biala\/#primaryimage"},"image":{"@id":"https:\/\/ironsky.pl\/sklep\/produkt\/lampka-biurkowa-baseus-smart-eye-skladana-akumulatorowa-biala\/#primaryimage"},"thumbnailUrl":"https:\/\/ironsky.pl\/sklep\/wp-content\/uploads\/2025\/06\/20651_11.jpg","datePublished":"2026-04-15T08:07:16+00:00","dateModified":"2026-04-15T08:44:51+00:00","description":"Lampka biurkowa BASEUS Smart Eye sk\u0142adana akumulatorowa (bia\u0142a) - \u2705 sklep z dronami i fachowym doradztwem. \u2705 Tutaj kupisz produkty DJI, Yuneec, Parrot, Syma i wiele innych, a tak\u017ce kursy i licencje na operatora drona.","breadcrumb":{"@id":"https:\/\/ironsky.pl\/sklep\/produkt\/lampka-biurkowa-baseus-smart-eye-skladana-akumulatorowa-biala\/#breadcrumb"},"inLanguage":"pl-PL","potentialAction":[{"@type":"ReadAction","target":["https:\/\/ironsky.pl\/sklep\/produkt\/lampka-biurkowa-baseus-smart-eye-skladana-akumulatorowa-biala\/"]}]},{"@type":"ImageObject","inLanguage":"pl-PL","@id":"https:\/\/ironsky.pl\/sklep\/produkt\/lampka-biurkowa-baseus-smart-eye-skladana-akumulatorowa-biala\/#primaryimage","url":"https:\/\/ironsky.pl\/sklep\/wp-content\/uploads\/2025\/06\/20651_11.jpg","contentUrl":"https:\/\/ironsky.pl\/sklep\/wp-content\/uploads\/2025\/06\/20651_11.jpg","width":800,"height":800},{"@type":"BreadcrumbList","@id":"https:\/\/ironsky.pl\/sklep\/produkt\/lampka-biurkowa-baseus-smart-eye-skladana-akumulatorowa-biala\/#breadcrumb","itemListElement":[{"@type":"ListItem","position":1,"name":"Strona g\u0142\u00f3wna","item":"https:\/\/ironsky.pl\/sklep\/"},{"@type":"ListItem","position":2,"name":"Wszystkie produkty","item":"https:\/\/ironsky.pl\/sklep\/produkty\/"},{"@type":"ListItem","position":3,"name":"Lampka biurkowa BASEUS Smart Eye sk\u0142adana akumulatorowa (bia\u0142a)"}]},{"@type":"WebSite","@id":"https:\/\/ironsky.pl\/sklep\/#website","url":"https:\/\/ironsky.pl\/sklep\/","name":"IRONSKY.PL Sklep z Dronami","description":"IRONSKY.PL Sklep z Dronami","potentialAction":[{"@type":"SearchAction","target":{"@type":"EntryPoint","urlTemplate":"https:\/\/ironsky.pl\/sklep\/?s={search_term_string}"},"query-input":{"@type":"PropertyValueSpecification","valueRequired":true,"valueName":"search_term_string"}}],"inLanguage":"pl-PL"}]}},"_links":{"self":[{"href":"https:\/\/ironsky.pl\/sklep\/wp-json\/wp\/v2\/product\/55726","targetHints":{"allow":["GET"]}}],"collection":[{"href":"https:\/\/ironsky.pl\/sklep\/wp-json\/wp\/v2\/product"}],"about":[{"href":"https:\/\/ironsky.pl\/sklep\/wp-json\/wp\/v2\/types\/product"}],"replies":[{"embeddable":true,"href":"https:\/\/ironsky.pl\/sklep\/wp-json\/wp\/v2\/comments?post=55726"}],"wp:featuredmedia":[{"embeddable":true,"href":"https:\/\/ironsky.pl\/sklep\/wp-json\/wp\/v2\/media\/41401"}],"wp:attachment":[{"href":"https:\/\/ironsky.pl\/sklep\/wp-json\/wp\/v2\/media?parent=55726"}],"wp:term":[{"taxonomy":"product_brand","embeddable":true,"href":"https:\/\/ironsky.pl\/sklep\/wp-json\/wp\/v2\/product_brand?post=55726"},{"taxonomy":"product_cat","embeddable":true,"href":"https:\/\/ironsky.pl\/sklep\/wp-json\/wp\/v2\/product_cat?post=55726"},{"taxonomy":"product_tag","embeddable":true,"href":"https:\/\/ironsky.pl\/sklep\/wp-json\/wp\/v2\/product_tag?post=55726"}],"curies":[{"name":"wp","href":"https:\/\/api.w.org\/{rel}","templated":true}]}}