{"id":55723,"date":"2026-04-15T10:07:16","date_gmt":"2026-04-15T08:07:16","guid":{"rendered":"https:\/\/ironsky.pl\/sklep\/produkt\/hub-usb-c-baseus-metal-gleam-series-4-portowy\/"},"modified":"2026-04-15T10:44:49","modified_gmt":"2026-04-15T08:44:49","slug":"hub-usb-c-baseus-metal-gleam-series-4-portowy","status":"publish","type":"product","link":"https:\/\/ironsky.pl\/sklep\/produkt\/hub-usb-c-baseus-metal-gleam-series-4-portowy\/","title":{"rendered":"Hub USB-C BASEUS Metal Gleam Series 4-portowy"},"content":{"rendered":"<h3>Hub 4w1 Baseus Metal Gleam Series, USB-C do USB 3.0 + USB 2.0 + HDMI + USB-C PD<\/h3>\n<p>Szukasz niezawodnego narz\u0119dzia, kt\u00f3re pozwoli Ci pracowa\u0107 bardziej efektywnie? Stacja dokuj\u0105ca Baseus CAHUB-CY0G to idealna odpowied\u017a na Twoje potrzeby! A\u017c 4 dost\u0119pne porty, mo\u017cliwo\u015b\u0107 szybkiego \u0142adowania urz\u0105dze\u0144, obs\u0142uga rozdzielczo\u015bci 4K HD i b\u0142yskawiczna transmisja danych z pr\u0119dko\u015bci\u0105 nawet 5 GB\/s &#8211; sprawd\u017a, co jeszcze zyskujesz! Produkt jest przy tym niezwykle wytrzyma\u0142y, a dzi\u0119ki kompaktowym rozmiarom mo\u017cesz mie\u0107 go zawsze przy sobie.<\/p>\n<p><img decoding=\"async\" src=\"https:\/\/b2b.innpro.pl\/data\/include\/cms\/-Baseus\/CAHUB-CY0G\/1.jpg\" border=\"0\" alt=\"-Baseus\/CAHUB-CY0G\/1\" \/><\/p>\n<h3>Zwi\u0119ksz mo\u017cliwo\u015bci swojego laptopa<\/h3>\n<p>Wykorzystaj zaledwie 1 wej\u015bcie swojego laptopa, aby zyska\u0107 mo\u017cliwo\u015b\u0107 pod\u0142\u0105czenia do niego kilku r\u00f3\u017cnych urz\u0105dze\u0144. Hub marki Baseus zosta\u0142 wyposa\u017cony w 4 porty, takie jak USB-C, HDMI, USB 2.0 oraz USB 3.0. To niewielkie urz\u0105dzenie daje Ci zatem mn\u00f3stwo mo\u017cliwo\u015bci i pozwala znacznie zwi\u0119kszy\u0107 funkcjonalno\u015b\u0107 Twojego komputera!<\/p>\n<p><img decoding=\"async\" src=\"https:\/\/b2b.innpro.pl\/data\/include\/cms\/-Baseus\/CAHUB-CY0G\/3.jpg\" border=\"0\" alt=\"-Baseus\/CAHUB-CY0G\/3\" \/><\/p>\n<h3>Szybkie \u0142adowanie nawet dw\u00f3ch urz\u0105dze\u0144 w tym samym czasie<\/h3>\n<p>Wygodnie \u0142aduj swoje urz\u0105dzenia, korzystaj\u0105c jednocze\u015bnie z laptopa. To znakomita oszcz\u0119dno\u015b\u0107 czasu! Stacja dokuj\u0105ca CAHUB-CY0G obs\u0142uguje szybkie \u0142adowanie PD 100 W, 5 V\/1,5 A oraz protok\u00f3\u0142 BC1.2. To oznacza, \u017ce mo\u017cesz w kr\u00f3tkim czasie na\u0142adowa\u0107 swojego smartfona i tableta jednocze\u015bnie. Konieczno\u015b\u0107 ci\u0105g\u0142ego wymieniania kabli i zasilanych sprz\u0119t\u00f3w stanie si\u0119 ju\u017c tylko przykrym wspomnieniem!<\/p>\n<p><img decoding=\"async\" src=\"https:\/\/b2b.innpro.pl\/data\/include\/cms\/-Baseus\/CAHUB-CY0G\/2.jpg\" border=\"0\" alt=\"-Baseus\/CAHUB-CY0G\/2\" \/><\/p>\n<h3>Wysoka rozdzielczo\u015b\u0107 obrazu<\/h3>\n<p>Baseus CAHUB-CY0G to r\u00f3wnie\u017c doskona\u0142a jako\u015b\u0107 obrazu. Port HDMI obs\u0142uguje rozdzielczo\u015b\u0107 4K@30 Hz, co dostarczy Ci niezapomnianych wra\u017ce\u0144. Za pomoc\u0105 adaptera mo\u017cesz pod\u0142\u0105czy\u0107 sw\u00f3j laptop do projektora, telewizora lub innych wi\u0119kszych ekran\u00f3w. Wykorzystaj t\u0119 mo\u017cliwo\u015b\u0107, aby powieli\u0107 obraz z komputera na du\u017cym wy\u015bwietlaczu i obejrze\u0107 film, przejrze\u0107 zdj\u0119cia lub poprowadzi\u0107 prezentacj\u0119 z interesuj\u0105cymi slajdami.<\/p>\n<p><img decoding=\"async\" src=\"https:\/\/b2b.innpro.pl\/data\/include\/cms\/-Baseus\/CAHUB-CY0G\/9.jpg\" border=\"0\" alt=\"-Baseus\/CAHUB-CY0G\/9\" \/><\/p>\n<h3>B\u0142yskawicznie przesy\u0142aj pliki<\/h3>\n<p>Hub umo\u017cliwia tak\u017ce szybki transfer plik\u00f3w. Port USB 3.0 pozwala przesy\u0142a\u0107 dane z pr\u0119dko\u015bci\u0105 si\u0119gaj\u0105c\u0105 5 GB\/s. To wystarczaj\u0105co du\u017co, aby w zaledwie kilka sekund skopiowa\u0107 wiele obraz\u00f3w lub wideo w wysokiej rozdzielczo\u015bci. Ju\u017c nie musisz czeka\u0107 w niesko\u0144czono\u015b\u0107, a\u017c Twoje zdj\u0119cia, filmy czy dokumenty zostan\u0105 przeniesione! Z kolei port USB 2.0 obs\u0142uguje pr\u0119dko\u015b\u0107 do 480 MB\/s.<\/p>\n<p><img decoding=\"async\" src=\"https:\/\/b2b.innpro.pl\/data\/include\/cms\/-Baseus\/CAHUB-CY0G\/4.jpg\" border=\"0\" alt=\"-Baseus\/CAHUB-CY0G\/4\" \/><\/p>\n<h3>Szeroka kompatybilno\u015b\u0107<\/h3>\n<p>Nie obawiaj si\u0119 problem\u00f3w z kompatybilno\u015bci\u0105 stacji dokuj\u0105cej. Dzia\u0142a ona z r\u00f3\u017cnymi wersjami system\u00f3w Windows, Mac OS, Linux czy Chrome OS. Obs\u0142uguje te\u017c tablety i smartfony r\u00f3\u017cnych producent\u00f3w &#8211; od Apple przez Samsung po Huawei. Niewa\u017cne, z jakich urz\u0105dze\u0144 korzystasz na co dzie\u0144 &#8211; hub marki Baseus najprawdopodobniej b\u0119dzie fantastycznie z nimi wsp\u00f3\u0142pracowa\u0142. Co wi\u0119cej, dzi\u0119ki systemowi Plug&amp;Play z \u0142atwo\u015bci\u0105 go pod\u0142\u0105czysz &#8211; nie potrzebujesz \u017cadnych dodatkowych sterownik\u00f3w.<\/p>\n<p><img decoding=\"async\" src=\"https:\/\/b2b.innpro.pl\/data\/include\/cms\/-Baseus\/CAHUB-CY0G\/7.jpg\" border=\"0\" alt=\"-Baseus\/CAHUB-CY0G\/7\" \/><\/p>\n<h3>Dodatkowe mo\u017cliwo\u015bci dla Twojego smartfona<\/h3>\n<p>To nie koniec mo\u017cliwo\u015bci! Za pomoc\u0105 stacji dokuj\u0105cej Baseus mo\u017cesz na przyk\u0142ad zmieni\u0107 sw\u00f3j telefon w hosta, co idealnie sprawdzi si\u0119 podczas pracy mobilnej. Urz\u0105dzenie obs\u0142uguje te\u017c funkcj\u0119 OTG. To oznacza, \u017ce za jego pomoc\u0105 mo\u017cesz na przyk\u0142ad wy\u015bwietla\u0107 obraz z kompatybilnych smartfon\u00f3w na du\u017cym ekranie lub \u0142\u0105czy\u0107 je z dyskami przeno\u015bnymi.<\/p>\n<p><img decoding=\"async\" src=\"https:\/\/b2b.innpro.pl\/data\/include\/cms\/-Baseus\/CAHUB-CY0G\/6.jpg\" border=\"0\" alt=\"-Baseus\/CAHUB-CY0G\/6\" \/><\/p>\n<h3>Doskonale przemy\u015blana konstrukcja<\/h3>\n<p>Stacja dokuj\u0105ca CAHUB-CY0G jest niewielka i przeno\u015bna. Mo\u017cesz mie\u0107 j\u0105 zawsze pod r\u0119k\u0105 i u\u017cywa\u0107, kiedy tylko b\u0119dzie Ci potrzebna. Jednocze\u015bnie charakteryzuje si\u0119 du\u017c\u0105 wytrzyma\u0142o\u015bci\u0105. Wykonana ze stopu aluminium &#8211; jest odporna na zu\u017cycie, blakni\u0119cie koloru, uszkodzenia i dzia\u0142anie wysokiej temperatury. Przyjemna w dotyku tekstura i elegancki, nowoczesny design to jej dodatkowe zalety. Ponadto, niebieski, \u015bwiec\u0105cy wska\u017anik w czasie rzeczywistym sygnalizuje status urz\u0105dzenia.<\/p>\n<p><img decoding=\"async\" src=\"https:\/\/b2b.innpro.pl\/data\/include\/cms\/-Baseus\/CAHUB-CY0G\/8.jpg\" border=\"0\" alt=\"-Baseus\/CAHUB-CY0G\/8\" \/><\/p>\n<div class=\"table-wrapper\">\n<table>\n<tbody>\n<tr>\n<th>Producent<\/th>\n<td>Baseus<\/td>\n<\/tr>\n<tr>\n<th>Nazwa<\/th>\n<td>Metal Gleam Series 4-in-1 Multifunctional Type-C HUB Docking Station<\/td>\n<\/tr>\n<tr>\n<th>Model<\/th>\n<td>CAHUB-CY0G<\/td>\n<\/tr>\n<tr>\n<th>Materia\u0142<\/th>\n<td>Stop aluminium<\/td>\n<\/tr>\n<tr>\n<th>Metoda wyko\u0144czenia<\/th>\n<td>Piaskowanie i anodowanie<\/td>\n<\/tr>\n<tr>\n<th>Kolor<\/th>\n<td>Szary<\/td>\n<\/tr>\n<tr>\n<th>Wej\u015bcie<\/th>\n<td>USB-C<\/td>\n<\/tr>\n<tr>\n<th>Port PD<\/th>\n<td>5 V\/9 V\/14,5 V\/20 V 5 A (Maks.)<\/td>\n<\/tr>\n<tr>\n<th>4K HD<\/th>\n<td>Obs\u0142uguje wy\u015bwietlacz 4K@30 Hz HD<\/td>\n<\/tr>\n<tr>\n<th>USB 2.0<\/th>\n<td>Obs\u0142uguje 480 MB\/s (Maks.)<\/td>\n<\/tr>\n<tr>\n<th>USB 3.0<\/th>\n<td>Obs\u0142uguje 5 GB\/s (Maks.), wsteczna kompatybilno\u015b\u0107 z USB 2.0<\/td>\n<\/tr>\n<tr>\n<th>Obs\u0142ugiwane systemy<\/th>\n<td>Google Chrome OS, Apple OS, Windows XP\/7\/8\/10, Linux, Vista<\/td>\n<\/tr>\n<tr>\n<th>Nat\u0119\u017cenie w trybie czuwania<\/th>\n<td>Do 400 mA<\/td>\n<\/tr>\n<tr>\n<th>Napi\u0119cie<\/th>\n<td>5-20 V<\/td>\n<\/tr>\n<tr>\n<th>Kompatybilne urz\u0105dzenia<\/th>\n<td>Notebooki z USB-C, Apple Book Pro 2016\/2017\/2018\/2019\/2020, Apple Book Air 2018\/2019\/2020 itd.<\/td>\n<\/tr>\n<tr>\n<th>Waga<\/th>\n<td>Ok. 63 g<\/td>\n<\/tr>\n<\/tbody>\n<\/table>\n<\/div>\n","protected":false},"excerpt":{"rendered":"<p>Hub 4w1 Baseus Metal Gleam Series, USB-C do USB 3.0 + USB 2.0 + HDMI + USB-C PD Szukasz niezawodnego<\/p>\n","protected":false},"featured_media":41345,"comment_status":"closed","ping_status":"open","template":"","meta":{"_acf_changed":false},"product_brand":[],"product_cat":[5929,5934],"product_tag":[],"class_list":{"0":"post-55723","1":"product","2":"type-product","3":"status-publish","4":"has-post-thumbnail","6":"product_cat-akcesoria-it","7":"product_cat-huby","8":"pa_okres-gwarancji-5754","9":"pa_producent-baseus","11":"first","12":"outofstock","13":"taxable","14":"shipping-taxable","15":"purchasable","16":"product-type-simple"},"acf":[],"yoast_head":"<!-- This site is optimized with the Yoast SEO plugin v27.2 - https:\/\/yoast.com\/product\/yoast-seo-wordpress\/ -->\n<title>Hub USB-C BASEUS Metal Gleam Series 4-portowy - IRONSKY.PL Sklep z Dronami<\/title>\n<meta name=\"description\" content=\"Hub USB-C BASEUS Metal Gleam Series 4-portowy - \u2705 sklep z dronami i fachowym doradztwem. \u2705 Tutaj kupisz produkty DJI, Yuneec, Parrot, Syma i wiele innych, a tak\u017ce kursy i licencje na operatora drona.\" \/>\n<meta name=\"robots\" content=\"index, follow, max-snippet:-1, max-image-preview:large, max-video-preview:-1\" \/>\n<link rel=\"canonical\" href=\"https:\/\/ironsky.pl\/sklep\/produkt\/hub-usb-c-baseus-metal-gleam-series-4-portowy\/\" \/>\n<meta property=\"og:locale\" content=\"pl_PL\" \/>\n<meta property=\"og:type\" content=\"article\" \/>\n<meta property=\"og:title\" content=\"Hub USB-C BASEUS Metal Gleam Series 4-portowy - IRONSKY.PL Sklep z Dronami\" \/>\n<meta property=\"og:description\" content=\"Hub USB-C BASEUS Metal Gleam Series 4-portowy - \u2705 sklep z dronami i fachowym doradztwem. \u2705 Tutaj kupisz produkty DJI, Yuneec, Parrot, Syma i wiele innych, a tak\u017ce kursy i licencje na operatora drona.\" \/>\n<meta property=\"og:url\" content=\"https:\/\/ironsky.pl\/sklep\/produkt\/hub-usb-c-baseus-metal-gleam-series-4-portowy\/\" \/>\n<meta property=\"og:site_name\" content=\"IRONSKY.PL Sklep z Dronami\" \/>\n<meta property=\"article:modified_time\" content=\"2026-04-15T08:44:49+00:00\" \/>\n<meta property=\"og:image\" content=\"https:\/\/ironsky.pl\/sklep\/wp-content\/uploads\/2025\/06\/20531_14.webp\" \/>\n\t<meta property=\"og:image:width\" content=\"800\" \/>\n\t<meta property=\"og:image:height\" content=\"800\" \/>\n\t<meta property=\"og:image:type\" content=\"image\/webp\" \/>\n<meta name=\"twitter:card\" content=\"summary_large_image\" \/>\n<meta name=\"twitter:label1\" content=\"Szacowany czas czytania\" \/>\n\t<meta name=\"twitter:data1\" content=\"4 minuty\" \/>\n<script type=\"application\/ld+json\" class=\"yoast-schema-graph\">{\"@context\":\"https:\/\/schema.org\",\"@graph\":[{\"@type\":\"WebPage\",\"@id\":\"https:\/\/ironsky.pl\/sklep\/produkt\/hub-usb-c-baseus-metal-gleam-series-4-portowy\/\",\"url\":\"https:\/\/ironsky.pl\/sklep\/produkt\/hub-usb-c-baseus-metal-gleam-series-4-portowy\/\",\"name\":\"Hub USB-C BASEUS Metal Gleam Series 4-portowy - IRONSKY.PL Sklep z Dronami\",\"isPartOf\":{\"@id\":\"https:\/\/ironsky.pl\/sklep\/#website\"},\"primaryImageOfPage\":{\"@id\":\"https:\/\/ironsky.pl\/sklep\/produkt\/hub-usb-c-baseus-metal-gleam-series-4-portowy\/#primaryimage\"},\"image\":{\"@id\":\"https:\/\/ironsky.pl\/sklep\/produkt\/hub-usb-c-baseus-metal-gleam-series-4-portowy\/#primaryimage\"},\"thumbnailUrl\":\"https:\/\/ironsky.pl\/sklep\/wp-content\/uploads\/2025\/06\/20531_14.webp\",\"datePublished\":\"2026-04-15T08:07:16+00:00\",\"dateModified\":\"2026-04-15T08:44:49+00:00\",\"description\":\"Hub USB-C BASEUS Metal Gleam Series 4-portowy - \u2705 sklep z dronami i fachowym doradztwem. \u2705 Tutaj kupisz produkty DJI, Yuneec, Parrot, Syma i wiele innych, a tak\u017ce kursy i licencje na operatora drona.\",\"breadcrumb\":{\"@id\":\"https:\/\/ironsky.pl\/sklep\/produkt\/hub-usb-c-baseus-metal-gleam-series-4-portowy\/#breadcrumb\"},\"inLanguage\":\"pl-PL\",\"potentialAction\":[{\"@type\":\"ReadAction\",\"target\":[\"https:\/\/ironsky.pl\/sklep\/produkt\/hub-usb-c-baseus-metal-gleam-series-4-portowy\/\"]}]},{\"@type\":\"ImageObject\",\"inLanguage\":\"pl-PL\",\"@id\":\"https:\/\/ironsky.pl\/sklep\/produkt\/hub-usb-c-baseus-metal-gleam-series-4-portowy\/#primaryimage\",\"url\":\"https:\/\/ironsky.pl\/sklep\/wp-content\/uploads\/2025\/06\/20531_14.webp\",\"contentUrl\":\"https:\/\/ironsky.pl\/sklep\/wp-content\/uploads\/2025\/06\/20531_14.webp\",\"width\":800,\"height\":800},{\"@type\":\"BreadcrumbList\",\"@id\":\"https:\/\/ironsky.pl\/sklep\/produkt\/hub-usb-c-baseus-metal-gleam-series-4-portowy\/#breadcrumb\",\"itemListElement\":[{\"@type\":\"ListItem\",\"position\":1,\"name\":\"Strona g\u0142\u00f3wna\",\"item\":\"https:\/\/ironsky.pl\/sklep\/\"},{\"@type\":\"ListItem\",\"position\":2,\"name\":\"Wszystkie produkty\",\"item\":\"https:\/\/ironsky.pl\/sklep\/produkty\/\"},{\"@type\":\"ListItem\",\"position\":3,\"name\":\"Hub USB-C BASEUS Metal Gleam Series 4-portowy\"}]},{\"@type\":\"WebSite\",\"@id\":\"https:\/\/ironsky.pl\/sklep\/#website\",\"url\":\"https:\/\/ironsky.pl\/sklep\/\",\"name\":\"IRONSKY.PL Sklep z Dronami\",\"description\":\"IRONSKY.PL Sklep z Dronami\",\"potentialAction\":[{\"@type\":\"SearchAction\",\"target\":{\"@type\":\"EntryPoint\",\"urlTemplate\":\"https:\/\/ironsky.pl\/sklep\/?s={search_term_string}\"},\"query-input\":{\"@type\":\"PropertyValueSpecification\",\"valueRequired\":true,\"valueName\":\"search_term_string\"}}],\"inLanguage\":\"pl-PL\"}]}<\/script>\n<!-- \/ Yoast SEO plugin. -->","yoast_head_json":{"title":"Hub USB-C BASEUS Metal Gleam Series 4-portowy - IRONSKY.PL Sklep z Dronami","description":"Hub USB-C BASEUS Metal Gleam Series 4-portowy - \u2705 sklep z dronami i fachowym doradztwem. \u2705 Tutaj kupisz produkty DJI, Yuneec, Parrot, Syma i wiele innych, a tak\u017ce kursy i licencje na operatora drona.","robots":{"index":"index","follow":"follow","max-snippet":"max-snippet:-1","max-image-preview":"max-image-preview:large","max-video-preview":"max-video-preview:-1"},"canonical":"https:\/\/ironsky.pl\/sklep\/produkt\/hub-usb-c-baseus-metal-gleam-series-4-portowy\/","og_locale":"pl_PL","og_type":"article","og_title":"Hub USB-C BASEUS Metal Gleam Series 4-portowy - IRONSKY.PL Sklep z Dronami","og_description":"Hub USB-C BASEUS Metal Gleam Series 4-portowy - \u2705 sklep z dronami i fachowym doradztwem. \u2705 Tutaj kupisz produkty DJI, Yuneec, Parrot, Syma i wiele innych, a tak\u017ce kursy i licencje na operatora drona.","og_url":"https:\/\/ironsky.pl\/sklep\/produkt\/hub-usb-c-baseus-metal-gleam-series-4-portowy\/","og_site_name":"IRONSKY.PL Sklep z Dronami","article_modified_time":"2026-04-15T08:44:49+00:00","og_image":[{"width":800,"height":800,"url":"https:\/\/ironsky.pl\/sklep\/wp-content\/uploads\/2025\/06\/20531_14.webp","type":"image\/webp"}],"twitter_card":"summary_large_image","twitter_misc":{"Szacowany czas czytania":"4 minuty"},"schema":{"@context":"https:\/\/schema.org","@graph":[{"@type":"WebPage","@id":"https:\/\/ironsky.pl\/sklep\/produkt\/hub-usb-c-baseus-metal-gleam-series-4-portowy\/","url":"https:\/\/ironsky.pl\/sklep\/produkt\/hub-usb-c-baseus-metal-gleam-series-4-portowy\/","name":"Hub USB-C BASEUS Metal Gleam Series 4-portowy - IRONSKY.PL Sklep z Dronami","isPartOf":{"@id":"https:\/\/ironsky.pl\/sklep\/#website"},"primaryImageOfPage":{"@id":"https:\/\/ironsky.pl\/sklep\/produkt\/hub-usb-c-baseus-metal-gleam-series-4-portowy\/#primaryimage"},"image":{"@id":"https:\/\/ironsky.pl\/sklep\/produkt\/hub-usb-c-baseus-metal-gleam-series-4-portowy\/#primaryimage"},"thumbnailUrl":"https:\/\/ironsky.pl\/sklep\/wp-content\/uploads\/2025\/06\/20531_14.webp","datePublished":"2026-04-15T08:07:16+00:00","dateModified":"2026-04-15T08:44:49+00:00","description":"Hub USB-C BASEUS Metal Gleam Series 4-portowy - \u2705 sklep z dronami i fachowym doradztwem. \u2705 Tutaj kupisz produkty DJI, Yuneec, Parrot, Syma i wiele innych, a tak\u017ce kursy i licencje na operatora drona.","breadcrumb":{"@id":"https:\/\/ironsky.pl\/sklep\/produkt\/hub-usb-c-baseus-metal-gleam-series-4-portowy\/#breadcrumb"},"inLanguage":"pl-PL","potentialAction":[{"@type":"ReadAction","target":["https:\/\/ironsky.pl\/sklep\/produkt\/hub-usb-c-baseus-metal-gleam-series-4-portowy\/"]}]},{"@type":"ImageObject","inLanguage":"pl-PL","@id":"https:\/\/ironsky.pl\/sklep\/produkt\/hub-usb-c-baseus-metal-gleam-series-4-portowy\/#primaryimage","url":"https:\/\/ironsky.pl\/sklep\/wp-content\/uploads\/2025\/06\/20531_14.webp","contentUrl":"https:\/\/ironsky.pl\/sklep\/wp-content\/uploads\/2025\/06\/20531_14.webp","width":800,"height":800},{"@type":"BreadcrumbList","@id":"https:\/\/ironsky.pl\/sklep\/produkt\/hub-usb-c-baseus-metal-gleam-series-4-portowy\/#breadcrumb","itemListElement":[{"@type":"ListItem","position":1,"name":"Strona g\u0142\u00f3wna","item":"https:\/\/ironsky.pl\/sklep\/"},{"@type":"ListItem","position":2,"name":"Wszystkie produkty","item":"https:\/\/ironsky.pl\/sklep\/produkty\/"},{"@type":"ListItem","position":3,"name":"Hub USB-C BASEUS Metal Gleam Series 4-portowy"}]},{"@type":"WebSite","@id":"https:\/\/ironsky.pl\/sklep\/#website","url":"https:\/\/ironsky.pl\/sklep\/","name":"IRONSKY.PL Sklep z Dronami","description":"IRONSKY.PL Sklep z Dronami","potentialAction":[{"@type":"SearchAction","target":{"@type":"EntryPoint","urlTemplate":"https:\/\/ironsky.pl\/sklep\/?s={search_term_string}"},"query-input":{"@type":"PropertyValueSpecification","valueRequired":true,"valueName":"search_term_string"}}],"inLanguage":"pl-PL"}]}},"_links":{"self":[{"href":"https:\/\/ironsky.pl\/sklep\/wp-json\/wp\/v2\/product\/55723","targetHints":{"allow":["GET"]}}],"collection":[{"href":"https:\/\/ironsky.pl\/sklep\/wp-json\/wp\/v2\/product"}],"about":[{"href":"https:\/\/ironsky.pl\/sklep\/wp-json\/wp\/v2\/types\/product"}],"replies":[{"embeddable":true,"href":"https:\/\/ironsky.pl\/sklep\/wp-json\/wp\/v2\/comments?post=55723"}],"wp:featuredmedia":[{"embeddable":true,"href":"https:\/\/ironsky.pl\/sklep\/wp-json\/wp\/v2\/media\/41345"}],"wp:attachment":[{"href":"https:\/\/ironsky.pl\/sklep\/wp-json\/wp\/v2\/media?parent=55723"}],"wp:term":[{"taxonomy":"product_brand","embeddable":true,"href":"https:\/\/ironsky.pl\/sklep\/wp-json\/wp\/v2\/product_brand?post=55723"},{"taxonomy":"product_cat","embeddable":true,"href":"https:\/\/ironsky.pl\/sklep\/wp-json\/wp\/v2\/product_cat?post=55723"},{"taxonomy":"product_tag","embeddable":true,"href":"https:\/\/ironsky.pl\/sklep\/wp-json\/wp\/v2\/product_tag?post=55723"}],"curies":[{"name":"wp","href":"https:\/\/api.w.org\/{rel}","templated":true}]}}