{"id":55721,"date":"2026-04-15T10:07:16","date_gmt":"2026-04-15T08:07:16","guid":{"rendered":"https:\/\/ironsky.pl\/sklep\/produkt\/zestaw-akcesoriow-puluz-pkt39-50w1-do-kamer-sportowych\/"},"modified":"2026-04-15T10:07:26","modified_gmt":"2026-04-15T08:07:26","slug":"zestaw-akcesoriow-puluz-pkt39-50w1-do-kamer-sportowych","status":"publish","type":"product","link":"https:\/\/ironsky.pl\/sklep\/produkt\/zestaw-akcesoriow-puluz-pkt39-50w1-do-kamer-sportowych\/","title":{"rendered":"Zestaw akcesori\u00f3w PULUZ PKT39 50w1 do kamer sportowych"},"content":{"rendered":"<h3>Zestaw akcesori\u00f3w do kamer sportowych 50 w 1 Puluz PKT39<\/h3>\n<p>Zestaw akcesori\u00f3w do kamer sportowych 50 w 1 marki Puluz zawiera wszystko, czego potrzebujesz, aby tworzy\u0107 oryginalne uj\u0119cia z wielu r\u00f3\u017cnych perspektyw. Znajdziesz w nim mi\u0119dzy innymi szereg opasek i uchwyt\u00f3w, praktyczne adaptery i mocowania, podk\u0142adki samoprzylepne, statyw i selfie stick. Wszystko znajduje si\u0119 w du\u017cej, pojemnej i wytrzyma\u0142ej walizce. Produkty s\u0105 kompatybilne z kamerami sportowymi r\u00f3\u017cnych marek &#8211; mi\u0119dzy innymi DJI i GoPro. Ju\u017c nie musisz kupowa\u0107 ka\u017cdego akcesorium osobno!<\/p>\n<p>\n<img decoding=\"async\" src=\"https:\/\/assets.innpro.pl\/14634\/18348\/PKT39_6.jpg\" border=\"0\" alt=\"\" \/>\n<\/p>\n<h3>Uchwyty, mocowania i adaptery &#8211; zamontuj kamer\u0119 w wybranym miejscu i nagraj oryginalny film<\/h3>\n<p>W zestawie znajdziesz mn\u00f3stwo akcesori\u00f3w umo\u017cliwiaj\u0105cych bezpieczne przymocowanie kamery sportowej do r\u00f3\u017cnych powierzchni. Skorzystaj z opaski na g\u0142ow\u0119, nog\u0119 lub nadgarstek, aby wykona\u0107 uj\u0119cie z niespotykanej perspektywy. Za pomoc\u0105 do\u0142\u0105czonych uchwyt\u00f3w i adapter\u00f3w mo\u017cesz te\u017c przyczepi\u0107 urz\u0105dzenie do plecaka, kasku, kierownicy rowerowej, szyby w samochodzie lub blatu. Mo\u017cliwo\u015bci s\u0105 niemal nieograniczone &#8211; wybierz odpowiednie akcesorium i nagraj jedyny w swoim rodzaju film.<\/p>\n<p>\n<img decoding=\"async\" src=\"https:\/\/assets.innpro.pl\/14634\/18348\/PKT39_3.jpg\" border=\"0\" alt=\"\" \/>\n<\/p>\n<h3>Przymocuj kamer\u0119 do kasku i tw\u00f3rz zaskakuj\u0105ce uj\u0119cia<\/h3>\n<p>Do\u0142\u0105czone do zestawu podk\u0142adki samoprzylepne umo\u017cliwiaj\u0105 prosty, szybki i stabilny monta\u017c kamery sportowej na wybranej powierzchni. W ten spos\u00f3b umie\u015bcisz j\u0105 na przyk\u0142ad na kasku. W podobnym celu mo\u017cesz wykorzysta\u0107 specjalnie zaprojektowane, zakrzywione mocowanie. To doskona\u0142y spos\u00f3b na nagranie filmu z niespotykanej, zaskakuj\u0105cej perspektywy!<\/p>\n<p>\n<img decoding=\"async\" src=\"https:\/\/assets.innpro.pl\/14634\/18348\/PKT39.jpg\" border=\"0\" alt=\"\" \/>\n<\/p>\n<h3>Eksploruj wodny \u015bwiat z uchwytem wyporno\u015bciowym<\/h3>\n<p>A mo\u017ce chcesz stworzy\u0107 zachwycaj\u0105ce, dynamiczne, podwodne uj\u0119cie? Wypr\u00f3buj praktyczny uchwyt wyporno\u015bciowy, kt\u00f3ry nie tonie, a dzi\u0119ki do\u0142\u0105czonej smyczy mo\u017cesz bezpiecznie powiesi\u0107 go sobie na nadgarstku. Dodatkow\u0105 zalet\u0105 tego akcesorium jest jego jaskrawy, \u017c\u00f3\u0142ty kolor, kt\u00f3ry sprawia, \u017ce z \u0142atwo\u015bci\u0105 zlokalizujesz go pod wod\u0105.<\/p>\n<p>\n<img decoding=\"async\" src=\"https:\/\/assets.innpro.pl\/14634\/18348\/PKT39_2A.jpg\" border=\"0\" alt=\"\" \/>\n<\/p>\n<h3>Statyw i selfie stick &#8211; jeszcze wi\u0119cej mo\u017cliwo\u015bci nagrywania<\/h3>\n<p>Co jeszcze znajduje si\u0119 w zestawie? Z pewno\u015bci\u0105 przyda Ci si\u0119 r\u00f3wnie\u017c statyw z uchwytem na telefon. U\u017cywaj\u0105c go, mo\u017cesz nagra\u0107 na przyk\u0142ad vloga lub tutorial nie tylko za pomoc\u0105 kamery sportowej, ale te\u017c smartfona. Innym przydatnym akcesorium jest selfie stick monopod. Dzi\u0119ki niemu zyskasz mi\u0119dzy innymi mo\u017cliwo\u015b\u0107 nagrania samego siebie podczas uprawiania ulubionego sportu.<\/p>\n<p>\n<img decoding=\"async\" src=\"https:\/\/assets.innpro.pl\/14634\/18348\/PKT39_4.jpg\" border=\"0\" alt=\"\" \/>\n<\/p>\n<h3>Pojemna, wytrzyma\u0142a walizka &#8211; wygodny transport Twoich urz\u0105dze\u0144<\/h3>\n<p>Walizka, w kt\u00f3rej umieszczone s\u0105 akcesoria, zosta\u0142a wykonana z wytrzyma\u0142ych, odpornych na zu\u017cycie materia\u0142\u00f3w. Jest wyj\u0105tkowo trwa\u0142a. Nie tylko zapewni Twoim sprz\u0119tom bezpieczny transport, ale te\u017c b\u0119dzie \u015bwietnie Ci s\u0142u\u017cy\u0107 przez d\u0142ugi czas. Charakteryzuje si\u0119 r\u00f3wnie\u017c du\u017c\u0105 pojemno\u015bci\u0105 &#8211; bez problemu zmie\u015bcisz w niej kamer\u0119 sportow\u0105, jej obudow\u0119 i wszystkie potrzebne akcesoria.<\/p>\n<p>\n<img decoding=\"async\" src=\"https:\/\/assets.innpro.pl\/14634\/18348\/PKT39_1A.jpg\" border=\"0\" alt=\"\" \/>\n<\/p>\n<h3>Kompatybilne i trwa\u0142e &#8211; korzystaj z szerokich mo\u017cliwo\u015bci nagrywania<\/h3>\n<p>Niewa\u017cne, jakiej kamery sportowej u\u017cywasz &#8211; akcesoria marki Puluz prawdopodobnie b\u0119d\u0105 z ni\u0105 kompatybilne. Pasuj\u0105 do DJI Osmo Action, Xiaoyi, wi\u0119kszo\u015bci modeli GoPro, a tak\u017ce innych urz\u0105dze\u0144. Zosta\u0142y te\u017c wykonane z wysokiej klasy materia\u0142\u00f3w, kt\u00f3re s\u0105 odporne na uszkodzenia i zu\u017cycie. Mo\u017cesz wi\u0119c swobodnie z nich korzysta\u0107, bez obaw, \u017ce si\u0119 zniszcz\u0105. Akcesoria marki Puluz idealnie dopasuj\u0105 si\u0119 do Twojego dynamicznego, sportowego trybu \u017cycia!<\/p>\n<p>\n<img decoding=\"async\" src=\"https:\/\/assets.innpro.pl\/14634\/18348\/PKT39_1.jpg\" border=\"0\" alt=\"\" \/>\n<\/p>\n<h3>W zestawie<\/h3>\n<ul class=\"list-disc pl-5\">\n<li>Du\u017ca walizka<\/li>\n<li>Zakrzywione mocowanie na kask<\/li>\n<li>Klucz do \u015brub<\/li>\n<li>Mocowanie do plecaka z szybkoz\u0142\u0105czk\u0105<\/li>\n<li>Rozszerzany pasek na nadgarstek<\/li>\n<li>Tripod +klips<\/li>\n<li>Pasek z mocowaniem na g\u0142ow\u0119<\/li>\n<li>Pasek z mocowaniem na klatk\u0119 piersiow\u0105<\/li>\n<li>Pasek na nadgarstek na pilot Wi-Fi<\/li>\n<li>Mocowanie na kierownic\u0119 + ramiona obrotowe<\/li>\n<li>Pasek na kask<\/li>\n<li>Klamra x2<\/li>\n<li>Klamra typu J-Hook x2<\/li>\n<li>Mocowanie do p\u0142askich powierzchni x2<\/li>\n<li>Okr\u0105g\u0142a podk\u0142adka samoprzylepna x3<\/li>\n<li>Zakrzywiona podk\u0142adka samoprzylepna x2<\/li>\n<li>Kwadratowa podk\u0142ada samoprzylepna x3<\/li>\n<li>Zabezpieczaj\u0105cy pasek samoprzylepny<\/li>\n<li>Wk\u0142adki przeciwmgielne x12<\/li>\n<li>Uchwyt wyporno\u015bciowy<\/li>\n<li>Adapter<\/li>\n<li>Torba do przechowywania<\/li>\n<li>Selfie stick monopod<\/li>\n<li>D\u0142uga \u015bruba<\/li>\n<li>Kr\u00f3tka \u015bruba<\/li>\n<li>Uchwyt z przyssawk\u0105<\/li>\n<\/ul>\n<div class=\"table-wrapper\">\n<p>\u00a0<\/p>\n<h3><\/h3>\n<table>\n<tbody>\n<tr>\n<th>Producent <\/th>\n<td>Puluz<\/td>\n<\/tr>\n<tr>\n<th>Model <\/th>\n<td>PKT39<\/td>\n<\/tr>\n<tr>\n<th>Kompatybilno\u015b\u0107 <\/th>\n<td>DJI: Osmo Action 5 Pro, Osmo Action 4, Osmo Action 3, Osmo Action; Gopro: HERO (2024), HERO13 Black, HERO12 Black, HERO11 Black Mini, HERO11 Black, HERO10 Black, HERO9 Black, HERO8 Black, HERO7 White, HERO7 Black, HERO7 Silver, NEW HERO, HERO6 Black, HERO5 Black HERO5 Session, Hero Session, HERO4 Session, HERO4, HERO3+, HERO3, HERO2, HERO; Insta360: Ace Pro 2, Ace, Ace Pro, ONE R<\/td>\n<\/tr>\n<tr>\n<th>Wymiary walizki <\/th>\n<td>32 x 23 x 7 cm<\/td>\n<\/tr>\n<\/tbody>\n<\/table>\n<\/div>\n","protected":false},"excerpt":{"rendered":"<p>Zestaw akcesori\u00f3w do kamer sportowych 50 w 1 Puluz PKT39 Zestaw akcesori\u00f3w do kamer sportowych 50 w 1 marki Puluz<\/p>\n","protected":false},"featured_media":55722,"comment_status":"closed","ping_status":"open","template":"","meta":{"_acf_changed":false},"product_brand":[],"product_cat":[1128,6180],"product_tag":[],"class_list":{"0":"post-55721","1":"product","2":"type-product","3":"status-publish","4":"has-post-thumbnail","6":"product_cat-foto-wideo","7":"product_cat-zestawy-foto-wideo-2","8":"pa_okres-gwarancji-5754","9":"pa_producent-puluz","11":"first","12":"outofstock","13":"taxable","14":"shipping-taxable","15":"purchasable","16":"product-type-simple"},"acf":[],"yoast_head":"<!-- This site is optimized with the Yoast SEO plugin v27.2 - https:\/\/yoast.com\/product\/yoast-seo-wordpress\/ -->\n<title>Zestaw akcesori\u00f3w PULUZ PKT39 50w1 do kamer sportowych - IRONSKY.PL Sklep z Dronami<\/title>\n<meta name=\"description\" content=\"Zestaw akcesori\u00f3w PULUZ PKT39 50w1 do kamer sportowych - \u2705 sklep z dronami i fachowym doradztwem. \u2705 Tutaj kupisz produkty DJI, Yuneec, Parrot, Syma i wiele innych, a tak\u017ce kursy i licencje na operatora drona.\" \/>\n<meta name=\"robots\" content=\"index, follow, max-snippet:-1, max-image-preview:large, max-video-preview:-1\" \/>\n<link rel=\"canonical\" href=\"https:\/\/ironsky.pl\/sklep\/produkt\/zestaw-akcesoriow-puluz-pkt39-50w1-do-kamer-sportowych\/\" \/>\n<meta property=\"og:locale\" content=\"pl_PL\" \/>\n<meta property=\"og:type\" content=\"article\" \/>\n<meta property=\"og:title\" content=\"Zestaw akcesori\u00f3w PULUZ PKT39 50w1 do kamer sportowych - IRONSKY.PL Sklep z Dronami\" \/>\n<meta property=\"og:description\" content=\"Zestaw akcesori\u00f3w PULUZ PKT39 50w1 do kamer sportowych - \u2705 sklep z dronami i fachowym doradztwem. \u2705 Tutaj kupisz produkty DJI, Yuneec, Parrot, Syma i wiele innych, a tak\u017ce kursy i licencje na operatora drona.\" \/>\n<meta property=\"og:url\" content=\"https:\/\/ironsky.pl\/sklep\/produkt\/zestaw-akcesoriow-puluz-pkt39-50w1-do-kamer-sportowych\/\" \/>\n<meta property=\"og:site_name\" content=\"IRONSKY.PL Sklep z Dronami\" \/>\n<meta property=\"article:modified_time\" content=\"2026-04-15T08:07:26+00:00\" \/>\n<meta property=\"og:image\" content=\"https:\/\/ironsky.pl\/sklep\/wp-content\/uploads\/2026\/04\/20507_1.jpg\" \/>\n\t<meta property=\"og:image:width\" content=\"800\" \/>\n\t<meta property=\"og:image:height\" content=\"800\" \/>\n\t<meta property=\"og:image:type\" content=\"image\/jpeg\" \/>\n<meta name=\"twitter:card\" content=\"summary_large_image\" \/>\n<meta name=\"twitter:label1\" content=\"Szacowany czas czytania\" \/>\n\t<meta name=\"twitter:data1\" content=\"4 minuty\" \/>\n<script type=\"application\/ld+json\" class=\"yoast-schema-graph\">{\"@context\":\"https:\/\/schema.org\",\"@graph\":[{\"@type\":\"WebPage\",\"@id\":\"https:\/\/ironsky.pl\/sklep\/produkt\/zestaw-akcesoriow-puluz-pkt39-50w1-do-kamer-sportowych\/\",\"url\":\"https:\/\/ironsky.pl\/sklep\/produkt\/zestaw-akcesoriow-puluz-pkt39-50w1-do-kamer-sportowych\/\",\"name\":\"Zestaw akcesori\u00f3w PULUZ PKT39 50w1 do kamer sportowych - IRONSKY.PL Sklep z Dronami\",\"isPartOf\":{\"@id\":\"https:\/\/ironsky.pl\/sklep\/#website\"},\"primaryImageOfPage\":{\"@id\":\"https:\/\/ironsky.pl\/sklep\/produkt\/zestaw-akcesoriow-puluz-pkt39-50w1-do-kamer-sportowych\/#primaryimage\"},\"image\":{\"@id\":\"https:\/\/ironsky.pl\/sklep\/produkt\/zestaw-akcesoriow-puluz-pkt39-50w1-do-kamer-sportowych\/#primaryimage\"},\"thumbnailUrl\":\"https:\/\/ironsky.pl\/sklep\/wp-content\/uploads\/2026\/04\/20507_1.jpg\",\"datePublished\":\"2026-04-15T08:07:16+00:00\",\"dateModified\":\"2026-04-15T08:07:26+00:00\",\"description\":\"Zestaw akcesori\u00f3w PULUZ PKT39 50w1 do kamer sportowych - \u2705 sklep z dronami i fachowym doradztwem. \u2705 Tutaj kupisz produkty DJI, Yuneec, Parrot, Syma i wiele innych, a tak\u017ce kursy i licencje na operatora drona.\",\"breadcrumb\":{\"@id\":\"https:\/\/ironsky.pl\/sklep\/produkt\/zestaw-akcesoriow-puluz-pkt39-50w1-do-kamer-sportowych\/#breadcrumb\"},\"inLanguage\":\"pl-PL\",\"potentialAction\":[{\"@type\":\"ReadAction\",\"target\":[\"https:\/\/ironsky.pl\/sklep\/produkt\/zestaw-akcesoriow-puluz-pkt39-50w1-do-kamer-sportowych\/\"]}]},{\"@type\":\"ImageObject\",\"inLanguage\":\"pl-PL\",\"@id\":\"https:\/\/ironsky.pl\/sklep\/produkt\/zestaw-akcesoriow-puluz-pkt39-50w1-do-kamer-sportowych\/#primaryimage\",\"url\":\"https:\/\/ironsky.pl\/sklep\/wp-content\/uploads\/2026\/04\/20507_1.jpg\",\"contentUrl\":\"https:\/\/ironsky.pl\/sklep\/wp-content\/uploads\/2026\/04\/20507_1.jpg\",\"width\":800,\"height\":800},{\"@type\":\"BreadcrumbList\",\"@id\":\"https:\/\/ironsky.pl\/sklep\/produkt\/zestaw-akcesoriow-puluz-pkt39-50w1-do-kamer-sportowych\/#breadcrumb\",\"itemListElement\":[{\"@type\":\"ListItem\",\"position\":1,\"name\":\"Strona g\u0142\u00f3wna\",\"item\":\"https:\/\/ironsky.pl\/sklep\/\"},{\"@type\":\"ListItem\",\"position\":2,\"name\":\"Wszystkie produkty\",\"item\":\"https:\/\/ironsky.pl\/sklep\/produkty\/\"},{\"@type\":\"ListItem\",\"position\":3,\"name\":\"Zestaw akcesori\u00f3w PULUZ PKT39 50w1 do kamer sportowych\"}]},{\"@type\":\"WebSite\",\"@id\":\"https:\/\/ironsky.pl\/sklep\/#website\",\"url\":\"https:\/\/ironsky.pl\/sklep\/\",\"name\":\"IRONSKY.PL Sklep z Dronami\",\"description\":\"IRONSKY.PL Sklep z Dronami\",\"potentialAction\":[{\"@type\":\"SearchAction\",\"target\":{\"@type\":\"EntryPoint\",\"urlTemplate\":\"https:\/\/ironsky.pl\/sklep\/?s={search_term_string}\"},\"query-input\":{\"@type\":\"PropertyValueSpecification\",\"valueRequired\":true,\"valueName\":\"search_term_string\"}}],\"inLanguage\":\"pl-PL\"}]}<\/script>\n<!-- \/ Yoast SEO plugin. -->","yoast_head_json":{"title":"Zestaw akcesori\u00f3w PULUZ PKT39 50w1 do kamer sportowych - IRONSKY.PL Sklep z Dronami","description":"Zestaw akcesori\u00f3w PULUZ PKT39 50w1 do kamer sportowych - \u2705 sklep z dronami i fachowym doradztwem. \u2705 Tutaj kupisz produkty DJI, Yuneec, Parrot, Syma i wiele innych, a tak\u017ce kursy i licencje na operatora drona.","robots":{"index":"index","follow":"follow","max-snippet":"max-snippet:-1","max-image-preview":"max-image-preview:large","max-video-preview":"max-video-preview:-1"},"canonical":"https:\/\/ironsky.pl\/sklep\/produkt\/zestaw-akcesoriow-puluz-pkt39-50w1-do-kamer-sportowych\/","og_locale":"pl_PL","og_type":"article","og_title":"Zestaw akcesori\u00f3w PULUZ PKT39 50w1 do kamer sportowych - IRONSKY.PL Sklep z Dronami","og_description":"Zestaw akcesori\u00f3w PULUZ PKT39 50w1 do kamer sportowych - \u2705 sklep z dronami i fachowym doradztwem. \u2705 Tutaj kupisz produkty DJI, Yuneec, Parrot, Syma i wiele innych, a tak\u017ce kursy i licencje na operatora drona.","og_url":"https:\/\/ironsky.pl\/sklep\/produkt\/zestaw-akcesoriow-puluz-pkt39-50w1-do-kamer-sportowych\/","og_site_name":"IRONSKY.PL Sklep z Dronami","article_modified_time":"2026-04-15T08:07:26+00:00","og_image":[{"width":800,"height":800,"url":"https:\/\/ironsky.pl\/sklep\/wp-content\/uploads\/2026\/04\/20507_1.jpg","type":"image\/jpeg"}],"twitter_card":"summary_large_image","twitter_misc":{"Szacowany czas czytania":"4 minuty"},"schema":{"@context":"https:\/\/schema.org","@graph":[{"@type":"WebPage","@id":"https:\/\/ironsky.pl\/sklep\/produkt\/zestaw-akcesoriow-puluz-pkt39-50w1-do-kamer-sportowych\/","url":"https:\/\/ironsky.pl\/sklep\/produkt\/zestaw-akcesoriow-puluz-pkt39-50w1-do-kamer-sportowych\/","name":"Zestaw akcesori\u00f3w PULUZ PKT39 50w1 do kamer sportowych - IRONSKY.PL Sklep z Dronami","isPartOf":{"@id":"https:\/\/ironsky.pl\/sklep\/#website"},"primaryImageOfPage":{"@id":"https:\/\/ironsky.pl\/sklep\/produkt\/zestaw-akcesoriow-puluz-pkt39-50w1-do-kamer-sportowych\/#primaryimage"},"image":{"@id":"https:\/\/ironsky.pl\/sklep\/produkt\/zestaw-akcesoriow-puluz-pkt39-50w1-do-kamer-sportowych\/#primaryimage"},"thumbnailUrl":"https:\/\/ironsky.pl\/sklep\/wp-content\/uploads\/2026\/04\/20507_1.jpg","datePublished":"2026-04-15T08:07:16+00:00","dateModified":"2026-04-15T08:07:26+00:00","description":"Zestaw akcesori\u00f3w PULUZ PKT39 50w1 do kamer sportowych - \u2705 sklep z dronami i fachowym doradztwem. \u2705 Tutaj kupisz produkty DJI, Yuneec, Parrot, Syma i wiele innych, a tak\u017ce kursy i licencje na operatora drona.","breadcrumb":{"@id":"https:\/\/ironsky.pl\/sklep\/produkt\/zestaw-akcesoriow-puluz-pkt39-50w1-do-kamer-sportowych\/#breadcrumb"},"inLanguage":"pl-PL","potentialAction":[{"@type":"ReadAction","target":["https:\/\/ironsky.pl\/sklep\/produkt\/zestaw-akcesoriow-puluz-pkt39-50w1-do-kamer-sportowych\/"]}]},{"@type":"ImageObject","inLanguage":"pl-PL","@id":"https:\/\/ironsky.pl\/sklep\/produkt\/zestaw-akcesoriow-puluz-pkt39-50w1-do-kamer-sportowych\/#primaryimage","url":"https:\/\/ironsky.pl\/sklep\/wp-content\/uploads\/2026\/04\/20507_1.jpg","contentUrl":"https:\/\/ironsky.pl\/sklep\/wp-content\/uploads\/2026\/04\/20507_1.jpg","width":800,"height":800},{"@type":"BreadcrumbList","@id":"https:\/\/ironsky.pl\/sklep\/produkt\/zestaw-akcesoriow-puluz-pkt39-50w1-do-kamer-sportowych\/#breadcrumb","itemListElement":[{"@type":"ListItem","position":1,"name":"Strona g\u0142\u00f3wna","item":"https:\/\/ironsky.pl\/sklep\/"},{"@type":"ListItem","position":2,"name":"Wszystkie produkty","item":"https:\/\/ironsky.pl\/sklep\/produkty\/"},{"@type":"ListItem","position":3,"name":"Zestaw akcesori\u00f3w PULUZ PKT39 50w1 do kamer sportowych"}]},{"@type":"WebSite","@id":"https:\/\/ironsky.pl\/sklep\/#website","url":"https:\/\/ironsky.pl\/sklep\/","name":"IRONSKY.PL Sklep z Dronami","description":"IRONSKY.PL Sklep z Dronami","potentialAction":[{"@type":"SearchAction","target":{"@type":"EntryPoint","urlTemplate":"https:\/\/ironsky.pl\/sklep\/?s={search_term_string}"},"query-input":{"@type":"PropertyValueSpecification","valueRequired":true,"valueName":"search_term_string"}}],"inLanguage":"pl-PL"}]}},"_links":{"self":[{"href":"https:\/\/ironsky.pl\/sklep\/wp-json\/wp\/v2\/product\/55721","targetHints":{"allow":["GET"]}}],"collection":[{"href":"https:\/\/ironsky.pl\/sklep\/wp-json\/wp\/v2\/product"}],"about":[{"href":"https:\/\/ironsky.pl\/sklep\/wp-json\/wp\/v2\/types\/product"}],"replies":[{"embeddable":true,"href":"https:\/\/ironsky.pl\/sklep\/wp-json\/wp\/v2\/comments?post=55721"}],"wp:featuredmedia":[{"embeddable":true,"href":"https:\/\/ironsky.pl\/sklep\/wp-json\/wp\/v2\/media\/55722"}],"wp:attachment":[{"href":"https:\/\/ironsky.pl\/sklep\/wp-json\/wp\/v2\/media?parent=55721"}],"wp:term":[{"taxonomy":"product_brand","embeddable":true,"href":"https:\/\/ironsky.pl\/sklep\/wp-json\/wp\/v2\/product_brand?post=55721"},{"taxonomy":"product_cat","embeddable":true,"href":"https:\/\/ironsky.pl\/sklep\/wp-json\/wp\/v2\/product_cat?post=55721"},{"taxonomy":"product_tag","embeddable":true,"href":"https:\/\/ironsky.pl\/sklep\/wp-json\/wp\/v2\/product_tag?post=55721"}],"curies":[{"name":"wp","href":"https:\/\/api.w.org\/{rel}","templated":true}]}}