{"id":55711,"date":"2026-04-15T10:07:16","date_gmt":"2026-04-15T08:07:16","guid":{"rendered":"https:\/\/ironsky.pl\/sklep\/produkt\/rzutnik-projektor-blitzwolf-bw-vp1-pro-720p-2800-lm-panel-lcd-lampa-led-2\/"},"modified":"2026-04-15T10:07:20","modified_gmt":"2026-04-15T08:07:20","slug":"rzutnik-projektor-blitzwolf-bw-vp1-pro-720p-2800-lm-panel-lcd-lampa-led-2","status":"publish","type":"product","link":"https:\/\/ironsky.pl\/sklep\/produkt\/rzutnik-projektor-blitzwolf-bw-vp1-pro-720p-2800-lm-panel-lcd-lampa-led-2\/","title":{"rendered":"Rzutnik \/ Projektor BlitzWolf BW-VP1 Pro 720p, 2800 lm, Panel LCD + lampa LED"},"content":{"rendered":"<h3>Projektor Blitzwolf BW-VP1 Pro<\/h3>\n<p>Projektor BW-VP1 Pro pozwoli Ci wygodnie ogl\u0105da\u0107 filmy lub gra\u0107 w gry na du\u017cym ekranie. Jasno\u015b\u0107 2800 lumen\u00f3w i rozdzielczo\u015b\u0107 720p zapewni\u0105 przyjazny dla oczu, doskona\u0142ej jako\u015bci obraz. Dzi\u0119ki wbudowanemu g\u0142o\u015bnikowi urz\u0105dzenie pozwoli Ci cieszy\u0107 si\u0119 r\u00f3wnie\u017c d\u017awi\u0119kiem stereo na najwy\u017cszym poziomie. Wielo\u015b\u0107 dost\u0119pnych port\u00f3w przek\u0142ada si\u0119 na szerok\u0105 kompatybilno\u015b\u0107 projektora. BW-VP1 Pro pozwala te\u017c regulowa\u0107 wielko\u015b\u0107, pozycj\u0119 i ostro\u015b\u0107 obrazu.<\/p>\n<p><img decoding=\"async\" src=\"https:\/\/b2b.innpro.pl\/data\/include\/cms\/12Blitzwolf\/BW-VP1-Pro\/9.jpg\"><\/p>\n<h3>Szeroka kompatybilno\u015b\u0107<\/h3>\n<p>Urz\u0105dzenie zosta\u0142o wyposa\u017cone w kilka r\u00f3\u017cnych port\u00f3w, takich jak AV, USB, Audio, HDMI oraz VGA. Dzi\u0119ki temu jest kompatybilne z wi\u0119kszo\u015bci\u0105 popularnych sprz\u0119t\u00f3w, mi\u0119dzy innymi z laptopami, komputerami, DVD, g\u0142o\u015bnikami, konsolami PS3 i PS4, a tak\u017ce dyskami przeno\u015bnymi i TV Boxami. Mo\u017cesz te\u017c po\u0142\u0105czy\u0107 projektor ze smartfonem &#8211; bezprzewodowo lub, w wypadku iPhone\u2019\u00f3w, r\u00f3wnie\u017c przewodowo za pomoc\u0105 kabla USB. Nie s\u0105 wymagane dodatkowe huby czy aplikacje.<\/p>\n<p><img decoding=\"async\" src=\"https:\/\/b2b.innpro.pl\/data\/include\/cms\/12Blitzwolf\/BW-VP1-Pro\/2.jpg\"><\/p>\n<h3>Obraz na najwy\u017cszym poziomie<\/h3>\n<p>Ciesz si\u0119 doskona\u0142ej jako\u015bci, p\u0142ynnym obrazem, kt\u00f3ry zapewnia rozdzielczo\u015b\u0107 720p. Wygodnie ogl\u0105daj seriale i filmy. Za pomoc\u0105 projektora mo\u017cesz te\u017c gra\u0107 w ulubione gry. Urz\u0105dzenie obs\u0142uguje tak\u017ce odtwarzanie wideo 1080p &#8211; automatycznie konwertuje je na 720p. Co wi\u0119cej, wysoka jasno\u015b\u0107 oraz wsp\u00f3\u0142czynnik kontrastu 2000:1 gwarantuj\u0105 jeszcze lepsz\u0105 jako\u015b\u0107 obrazu. BW-VP1 Pro z pewno\u015bci\u0105 spe\u0142ni Twoje oczekiwania!<\/p>\n<p><img decoding=\"async\" src=\"https:\/\/b2b.innpro.pl\/data\/include\/cms\/12Blitzwolf\/BW-VP1-Pro\/3.jpg\"><\/p>\n<h3>Dostosowany do Twoich potrzeb<\/h3>\n<p>Wbudowane pokr\u0119t\u0142o pozwoli Ci idealnie dostosowa\u0107 wy\u015bwietlany obraz. Mo\u017cesz wygodnie wyregulowa\u0107 jego ostro\u015b\u0107 oraz pozycj\u0119. Z \u0142atwo\u015bci\u0105 skorygujesz wszelkie deformacje. Poza tym, BW-VP1 Pro umo\u017cliwia ustawienie dystansu i rozmiaru wy\u015bwietlanego obrazu w zakresie 92-295 cm i 28-100\u2033. Ponadto, o\u015bwietlenie LED o \u017cywotno\u015bci 50 tysi\u0119cy godzin jest przyjazne dla oczu i komfortowe.<\/p>\n<p><img decoding=\"async\" src=\"https:\/\/b2b.innpro.pl\/data\/include\/cms\/12Blitzwolf\/BW-VP1-Pro\/1.jpg\"><\/p>\n<h3>Doskonale sprawdzi si\u0119 w Twoim domu<\/h3>\n<p>Projektor jest niezwykle lekki &#8211; wa\u017cy tylko 1,1 kg. Nie zajmie te\u017c zbyt wiele miejsca w Twoim domu &#8211; jego wymiary to zaledwie 197,8x152x74,5 mm. Bez problemu umie\u015bcisz go tam, gdzie b\u0119dzie Ci potrzebny. Mo\u017cesz ustawi\u0107 go w dowolnym miejscu i pozycji. Po\u0142\u00f3\u017c go na stole lub zamontuj na stojaku. Da si\u0119 r\u00f3wnie\u017c powiesi\u0107 go pod sufitem!<\/p>\n<p><img decoding=\"async\" src=\"https:\/\/b2b.innpro.pl\/data\/include\/cms\/12Blitzwolf\/BW-VP1-Pro\/4.jpg\"><\/p>\n<div class=\"table-wrapper\">\n<table>\n<tbody>\n<tr>\n<th>Producent<\/th>\n<td>Blitzwolf<\/td>\n<\/tr>\n<tr>\n<th>Model<\/th>\n<td>BW-VP1 Pro<\/td>\n<\/tr>\n<tr>\n<th>Materia\u0142<\/th>\n<td>ABS<\/td>\n<\/tr>\n<tr>\n<th>Wymiary<\/th>\n<td>197,8x152x74,5 mm<\/td>\n<\/tr>\n<tr>\n<th>Waga<\/th>\n<td>1,1 kg<\/td>\n<\/tr>\n<tr>\n<th>Wej\u015bcie<\/th>\n<td>AC 90-265 V, 50-60 Hz\/50 W<\/td>\n<\/tr>\n<tr>\n<th>Wtyk<\/th>\n<td>EU\/US<\/td>\n<\/tr>\n<tr>\n<th>Wy\u015bwietlanie obraz\u00f3w<\/th>\n<td>Panel LCD + lampa LED<\/td>\n<\/tr>\n<tr>\n<th>Wbudowany g\u0142o\u015bnik<\/th>\n<td>4 W\/2 W<\/td>\n<\/tr>\n<tr>\n<th>Oryginalna rozdzielczo\u015b\u0107<\/th>\n<td>720p (kompatybilny z 1080p)<\/td>\n<\/tr>\n<tr>\n<th>Jasno\u015b\u0107<\/th>\n<td>2800 lm<\/td>\n<\/tr>\n<tr>\n<th>Wsp\u00f3\u0142czynnik kontrastu<\/th>\n<td>2000:1<\/td>\n<\/tr>\n<tr>\n<th>Wsp\u00f3\u0142czynnik rzutu<\/th>\n<td>1,33:1<\/td>\n<\/tr>\n<tr>\n<th>Wsp\u00f3\u0142czynnik proporcji<\/th>\n<td>16:9 (oryginalny), 4:3 (obs\u0142ugiwany)<\/td>\n<\/tr>\n<tr>\n<th>Rozmiar projekcji<\/th>\n<td>Zalecany rozmiar 50<\/td>\n<\/tr>\n<tr>\n<th>Zasi\u0119g projekcji<\/th>\n<td>1-3 m<\/td>\n<\/tr>\n<tr>\n<th>Spos\u00f3b projekcji<\/th>\n<td>Z przodu, z ty\u0142u, odwr\u00f3cony<\/td>\n<\/tr>\n<tr>\n<th>Obr\u00f3t obrazu<\/th>\n<td>O 360\u00b0<\/td>\n<\/tr>\n<tr>\n<th>Metoda regulacji ostro\u015bci<\/th>\n<td>Manualna<\/td>\n<\/tr>\n<tr>\n<th>Korekcja trapezu<\/th>\n<td>\u00b120\u00b0<\/td>\n<\/tr>\n<tr>\n<th>Format wideo<\/th>\n<td>MPEG1, MPEG2, H.263, H.264, AVS, VC1, MJPEG, RV30, RV40, HEVC<\/td>\n<\/tr>\n<tr>\n<th>Format audio<\/th>\n<td>MPEG1, MPEG2, LPCM, MP3<\/td>\n<\/tr>\n<tr>\n<th>Format obrazu<\/th>\n<td>JPEG, PNG, BMP, MPO<\/td>\n<\/tr>\n<tr>\n<th>Interfejsy<\/th>\n<td>Wej\u015bcia: HDMI, USB, VGA (PC), kompozytowy AV; Wyj\u015bcia: jack 3,5 mm<\/td>\n<\/tr>\n<tr>\n<th>J\u0119zyki<\/th>\n<td>Angielski, francuski, hiszpa\u0144ski, niemiecki, w\u0142oski, rosyjski, japo\u0144ski, korea\u0144ski, wietnamski, chi\u0144ski<\/td>\n<\/tr>\n<\/tbody>\n<\/table>\n<\/div>\n","protected":false},"excerpt":{"rendered":"<p>Projektor Blitzwolf BW-VP1 Pro Projektor BW-VP1 Pro pozwoli Ci wygodnie ogl\u0105da\u0107 filmy lub gra\u0107 w gry na du\u017cym ekranie. Jasno\u015b\u0107<\/p>\n","protected":false},"featured_media":41318,"comment_status":"closed","ping_status":"open","template":"","meta":{"_acf_changed":false},"product_brand":[],"product_cat":[5929,5954,5953],"product_tag":[],"class_list":{"0":"post-55711","1":"product","2":"type-product","3":"status-publish","4":"has-post-thumbnail","6":"product_cat-akcesoria-it","7":"product_cat-projektory","8":"product_cat-projekcja","9":"pa_okres-gwarancji-5768","10":"pa_producent-blitzwolf","12":"first","13":"outofstock","14":"taxable","15":"shipping-taxable","16":"purchasable","17":"product-type-simple"},"acf":[],"yoast_head":"<!-- This site is optimized with the Yoast SEO plugin v27.2 - https:\/\/yoast.com\/product\/yoast-seo-wordpress\/ -->\n<title>Rzutnik \/ Projektor BlitzWolf BW-VP1 Pro 720p, 2800 lm, Panel LCD + lampa LED - IRONSKY.PL Sklep z Dronami<\/title>\n<meta name=\"description\" content=\"Rzutnik \/ Projektor BlitzWolf BW-VP1 Pro 720p, 2800 lm, Panel LCD + lampa LED - \u2705 sklep z dronami i fachowym doradztwem. \u2705 Tutaj kupisz produkty DJI, Yuneec, Parrot, Syma i wiele innych, a tak\u017ce kursy i licencje na operatora drona.\" \/>\n<meta name=\"robots\" content=\"index, follow, max-snippet:-1, max-image-preview:large, max-video-preview:-1\" \/>\n<link rel=\"canonical\" href=\"https:\/\/ironsky.pl\/sklep\/produkt\/rzutnik-projektor-blitzwolf-bw-vp1-pro-720p-2800-lm-panel-lcd-lampa-led-2\/\" \/>\n<meta property=\"og:locale\" content=\"pl_PL\" \/>\n<meta property=\"og:type\" content=\"article\" \/>\n<meta property=\"og:title\" content=\"Rzutnik \/ Projektor BlitzWolf BW-VP1 Pro 720p, 2800 lm, Panel LCD + lampa LED - IRONSKY.PL Sklep z Dronami\" \/>\n<meta property=\"og:description\" content=\"Rzutnik \/ Projektor BlitzWolf BW-VP1 Pro 720p, 2800 lm, Panel LCD + lampa LED - \u2705 sklep z dronami i fachowym doradztwem. \u2705 Tutaj kupisz produkty DJI, Yuneec, Parrot, Syma i wiele innych, a tak\u017ce kursy i licencje na operatora drona.\" \/>\n<meta property=\"og:url\" content=\"https:\/\/ironsky.pl\/sklep\/produkt\/rzutnik-projektor-blitzwolf-bw-vp1-pro-720p-2800-lm-panel-lcd-lampa-led-2\/\" \/>\n<meta property=\"og:site_name\" content=\"IRONSKY.PL Sklep z Dronami\" \/>\n<meta property=\"article:modified_time\" content=\"2026-04-15T08:07:20+00:00\" \/>\n<meta property=\"og:image\" content=\"https:\/\/ironsky.pl\/sklep\/wp-content\/uploads\/2025\/06\/20428_2.jpg\" \/>\n\t<meta property=\"og:image:width\" content=\"800\" \/>\n\t<meta property=\"og:image:height\" content=\"800\" \/>\n\t<meta property=\"og:image:type\" content=\"image\/jpeg\" \/>\n<meta name=\"twitter:card\" content=\"summary_large_image\" \/>\n<meta name=\"twitter:label1\" content=\"Szacowany czas czytania\" \/>\n\t<meta name=\"twitter:data1\" content=\"3 minuty\" \/>\n<script type=\"application\/ld+json\" class=\"yoast-schema-graph\">{\"@context\":\"https:\/\/schema.org\",\"@graph\":[{\"@type\":\"WebPage\",\"@id\":\"https:\/\/ironsky.pl\/sklep\/produkt\/rzutnik-projektor-blitzwolf-bw-vp1-pro-720p-2800-lm-panel-lcd-lampa-led-2\/\",\"url\":\"https:\/\/ironsky.pl\/sklep\/produkt\/rzutnik-projektor-blitzwolf-bw-vp1-pro-720p-2800-lm-panel-lcd-lampa-led-2\/\",\"name\":\"Rzutnik \/ Projektor BlitzWolf BW-VP1 Pro 720p, 2800 lm, Panel LCD + lampa LED - IRONSKY.PL Sklep z Dronami\",\"isPartOf\":{\"@id\":\"https:\/\/ironsky.pl\/sklep\/#website\"},\"primaryImageOfPage\":{\"@id\":\"https:\/\/ironsky.pl\/sklep\/produkt\/rzutnik-projektor-blitzwolf-bw-vp1-pro-720p-2800-lm-panel-lcd-lampa-led-2\/#primaryimage\"},\"image\":{\"@id\":\"https:\/\/ironsky.pl\/sklep\/produkt\/rzutnik-projektor-blitzwolf-bw-vp1-pro-720p-2800-lm-panel-lcd-lampa-led-2\/#primaryimage\"},\"thumbnailUrl\":\"https:\/\/ironsky.pl\/sklep\/wp-content\/uploads\/2025\/06\/20428_2.jpg\",\"datePublished\":\"2026-04-15T08:07:16+00:00\",\"dateModified\":\"2026-04-15T08:07:20+00:00\",\"description\":\"Rzutnik \/ Projektor BlitzWolf BW-VP1 Pro 720p, 2800 lm, Panel LCD + lampa LED - \u2705 sklep z dronami i fachowym doradztwem. \u2705 Tutaj kupisz produkty DJI, Yuneec, Parrot, Syma i wiele innych, a tak\u017ce kursy i licencje na operatora drona.\",\"breadcrumb\":{\"@id\":\"https:\/\/ironsky.pl\/sklep\/produkt\/rzutnik-projektor-blitzwolf-bw-vp1-pro-720p-2800-lm-panel-lcd-lampa-led-2\/#breadcrumb\"},\"inLanguage\":\"pl-PL\",\"potentialAction\":[{\"@type\":\"ReadAction\",\"target\":[\"https:\/\/ironsky.pl\/sklep\/produkt\/rzutnik-projektor-blitzwolf-bw-vp1-pro-720p-2800-lm-panel-lcd-lampa-led-2\/\"]}]},{\"@type\":\"ImageObject\",\"inLanguage\":\"pl-PL\",\"@id\":\"https:\/\/ironsky.pl\/sklep\/produkt\/rzutnik-projektor-blitzwolf-bw-vp1-pro-720p-2800-lm-panel-lcd-lampa-led-2\/#primaryimage\",\"url\":\"https:\/\/ironsky.pl\/sklep\/wp-content\/uploads\/2025\/06\/20428_2.jpg\",\"contentUrl\":\"https:\/\/ironsky.pl\/sklep\/wp-content\/uploads\/2025\/06\/20428_2.jpg\",\"width\":800,\"height\":800},{\"@type\":\"BreadcrumbList\",\"@id\":\"https:\/\/ironsky.pl\/sklep\/produkt\/rzutnik-projektor-blitzwolf-bw-vp1-pro-720p-2800-lm-panel-lcd-lampa-led-2\/#breadcrumb\",\"itemListElement\":[{\"@type\":\"ListItem\",\"position\":1,\"name\":\"Strona g\u0142\u00f3wna\",\"item\":\"https:\/\/ironsky.pl\/sklep\/\"},{\"@type\":\"ListItem\",\"position\":2,\"name\":\"Wszystkie produkty\",\"item\":\"https:\/\/ironsky.pl\/sklep\/produkty\/\"},{\"@type\":\"ListItem\",\"position\":3,\"name\":\"Rzutnik \/ Projektor BlitzWolf BW-VP1 Pro 720p, 2800 lm, Panel LCD + lampa LED\"}]},{\"@type\":\"WebSite\",\"@id\":\"https:\/\/ironsky.pl\/sklep\/#website\",\"url\":\"https:\/\/ironsky.pl\/sklep\/\",\"name\":\"IRONSKY.PL Sklep z Dronami\",\"description\":\"IRONSKY.PL Sklep z Dronami\",\"potentialAction\":[{\"@type\":\"SearchAction\",\"target\":{\"@type\":\"EntryPoint\",\"urlTemplate\":\"https:\/\/ironsky.pl\/sklep\/?s={search_term_string}\"},\"query-input\":{\"@type\":\"PropertyValueSpecification\",\"valueRequired\":true,\"valueName\":\"search_term_string\"}}],\"inLanguage\":\"pl-PL\"}]}<\/script>\n<!-- \/ Yoast SEO plugin. -->","yoast_head_json":{"title":"Rzutnik \/ Projektor BlitzWolf BW-VP1 Pro 720p, 2800 lm, Panel LCD + lampa LED - IRONSKY.PL Sklep z Dronami","description":"Rzutnik \/ Projektor BlitzWolf BW-VP1 Pro 720p, 2800 lm, Panel LCD + lampa LED - \u2705 sklep z dronami i fachowym doradztwem. \u2705 Tutaj kupisz produkty DJI, Yuneec, Parrot, Syma i wiele innych, a tak\u017ce kursy i licencje na operatora drona.","robots":{"index":"index","follow":"follow","max-snippet":"max-snippet:-1","max-image-preview":"max-image-preview:large","max-video-preview":"max-video-preview:-1"},"canonical":"https:\/\/ironsky.pl\/sklep\/produkt\/rzutnik-projektor-blitzwolf-bw-vp1-pro-720p-2800-lm-panel-lcd-lampa-led-2\/","og_locale":"pl_PL","og_type":"article","og_title":"Rzutnik \/ Projektor BlitzWolf BW-VP1 Pro 720p, 2800 lm, Panel LCD + lampa LED - IRONSKY.PL Sklep z Dronami","og_description":"Rzutnik \/ Projektor BlitzWolf BW-VP1 Pro 720p, 2800 lm, Panel LCD + lampa LED - \u2705 sklep z dronami i fachowym doradztwem. \u2705 Tutaj kupisz produkty DJI, Yuneec, Parrot, Syma i wiele innych, a tak\u017ce kursy i licencje na operatora drona.","og_url":"https:\/\/ironsky.pl\/sklep\/produkt\/rzutnik-projektor-blitzwolf-bw-vp1-pro-720p-2800-lm-panel-lcd-lampa-led-2\/","og_site_name":"IRONSKY.PL Sklep z Dronami","article_modified_time":"2026-04-15T08:07:20+00:00","og_image":[{"width":800,"height":800,"url":"https:\/\/ironsky.pl\/sklep\/wp-content\/uploads\/2025\/06\/20428_2.jpg","type":"image\/jpeg"}],"twitter_card":"summary_large_image","twitter_misc":{"Szacowany czas czytania":"3 minuty"},"schema":{"@context":"https:\/\/schema.org","@graph":[{"@type":"WebPage","@id":"https:\/\/ironsky.pl\/sklep\/produkt\/rzutnik-projektor-blitzwolf-bw-vp1-pro-720p-2800-lm-panel-lcd-lampa-led-2\/","url":"https:\/\/ironsky.pl\/sklep\/produkt\/rzutnik-projektor-blitzwolf-bw-vp1-pro-720p-2800-lm-panel-lcd-lampa-led-2\/","name":"Rzutnik \/ Projektor BlitzWolf BW-VP1 Pro 720p, 2800 lm, Panel LCD + lampa LED - IRONSKY.PL Sklep z Dronami","isPartOf":{"@id":"https:\/\/ironsky.pl\/sklep\/#website"},"primaryImageOfPage":{"@id":"https:\/\/ironsky.pl\/sklep\/produkt\/rzutnik-projektor-blitzwolf-bw-vp1-pro-720p-2800-lm-panel-lcd-lampa-led-2\/#primaryimage"},"image":{"@id":"https:\/\/ironsky.pl\/sklep\/produkt\/rzutnik-projektor-blitzwolf-bw-vp1-pro-720p-2800-lm-panel-lcd-lampa-led-2\/#primaryimage"},"thumbnailUrl":"https:\/\/ironsky.pl\/sklep\/wp-content\/uploads\/2025\/06\/20428_2.jpg","datePublished":"2026-04-15T08:07:16+00:00","dateModified":"2026-04-15T08:07:20+00:00","description":"Rzutnik \/ Projektor BlitzWolf BW-VP1 Pro 720p, 2800 lm, Panel LCD + lampa LED - \u2705 sklep z dronami i fachowym doradztwem. \u2705 Tutaj kupisz produkty DJI, Yuneec, Parrot, Syma i wiele innych, a tak\u017ce kursy i licencje na operatora drona.","breadcrumb":{"@id":"https:\/\/ironsky.pl\/sklep\/produkt\/rzutnik-projektor-blitzwolf-bw-vp1-pro-720p-2800-lm-panel-lcd-lampa-led-2\/#breadcrumb"},"inLanguage":"pl-PL","potentialAction":[{"@type":"ReadAction","target":["https:\/\/ironsky.pl\/sklep\/produkt\/rzutnik-projektor-blitzwolf-bw-vp1-pro-720p-2800-lm-panel-lcd-lampa-led-2\/"]}]},{"@type":"ImageObject","inLanguage":"pl-PL","@id":"https:\/\/ironsky.pl\/sklep\/produkt\/rzutnik-projektor-blitzwolf-bw-vp1-pro-720p-2800-lm-panel-lcd-lampa-led-2\/#primaryimage","url":"https:\/\/ironsky.pl\/sklep\/wp-content\/uploads\/2025\/06\/20428_2.jpg","contentUrl":"https:\/\/ironsky.pl\/sklep\/wp-content\/uploads\/2025\/06\/20428_2.jpg","width":800,"height":800},{"@type":"BreadcrumbList","@id":"https:\/\/ironsky.pl\/sklep\/produkt\/rzutnik-projektor-blitzwolf-bw-vp1-pro-720p-2800-lm-panel-lcd-lampa-led-2\/#breadcrumb","itemListElement":[{"@type":"ListItem","position":1,"name":"Strona g\u0142\u00f3wna","item":"https:\/\/ironsky.pl\/sklep\/"},{"@type":"ListItem","position":2,"name":"Wszystkie produkty","item":"https:\/\/ironsky.pl\/sklep\/produkty\/"},{"@type":"ListItem","position":3,"name":"Rzutnik \/ Projektor BlitzWolf BW-VP1 Pro 720p, 2800 lm, Panel LCD + lampa LED"}]},{"@type":"WebSite","@id":"https:\/\/ironsky.pl\/sklep\/#website","url":"https:\/\/ironsky.pl\/sklep\/","name":"IRONSKY.PL Sklep z Dronami","description":"IRONSKY.PL Sklep z Dronami","potentialAction":[{"@type":"SearchAction","target":{"@type":"EntryPoint","urlTemplate":"https:\/\/ironsky.pl\/sklep\/?s={search_term_string}"},"query-input":{"@type":"PropertyValueSpecification","valueRequired":true,"valueName":"search_term_string"}}],"inLanguage":"pl-PL"}]}},"_links":{"self":[{"href":"https:\/\/ironsky.pl\/sklep\/wp-json\/wp\/v2\/product\/55711","targetHints":{"allow":["GET"]}}],"collection":[{"href":"https:\/\/ironsky.pl\/sklep\/wp-json\/wp\/v2\/product"}],"about":[{"href":"https:\/\/ironsky.pl\/sklep\/wp-json\/wp\/v2\/types\/product"}],"replies":[{"embeddable":true,"href":"https:\/\/ironsky.pl\/sklep\/wp-json\/wp\/v2\/comments?post=55711"}],"wp:featuredmedia":[{"embeddable":true,"href":"https:\/\/ironsky.pl\/sklep\/wp-json\/wp\/v2\/media\/41318"}],"wp:attachment":[{"href":"https:\/\/ironsky.pl\/sklep\/wp-json\/wp\/v2\/media?parent=55711"}],"wp:term":[{"taxonomy":"product_brand","embeddable":true,"href":"https:\/\/ironsky.pl\/sklep\/wp-json\/wp\/v2\/product_brand?post=55711"},{"taxonomy":"product_cat","embeddable":true,"href":"https:\/\/ironsky.pl\/sklep\/wp-json\/wp\/v2\/product_cat?post=55711"},{"taxonomy":"product_tag","embeddable":true,"href":"https:\/\/ironsky.pl\/sklep\/wp-json\/wp\/v2\/product_tag?post=55711"}],"curies":[{"name":"wp","href":"https:\/\/api.w.org\/{rel}","templated":true}]}}