{"id":55703,"date":"2026-04-15T10:07:16","date_gmt":"2026-04-15T08:07:16","guid":{"rendered":"https:\/\/ironsky.pl\/sklep\/produkt\/kabel-ugreen-hd140-hdmi-2-1-1m-czarny\/"},"modified":"2026-04-15T10:44:47","modified_gmt":"2026-04-15T08:44:47","slug":"kabel-ugreen-hd140-hdmi-2-1-1m-czarny","status":"publish","type":"product","link":"https:\/\/ironsky.pl\/sklep\/produkt\/kabel-ugreen-hd140-hdmi-2-1-1m-czarny\/","title":{"rendered":"Kabel UGREEN HD140 HDMI 2.1 1m (czarny)"},"content":{"rendered":"<h3>Kabel HDMI UGREEN HD140 &#8211; zobacz jeszcze wi\u0119cej<\/h3>\n<p>Kabel HDMI UGREEN HD140 zapewnia doskona\u0142\u0105 jako\u015b\u0107 obrazu nawet 8K. Pr\u0119dko\u015b\u0107 transmisji 48 GB\/s i szeroka kompatybilno\u015b\u0107 sprawiaj\u0105, \u017ce korzystanie z niego jest wyj\u0105tkowo przyjemne. Technologia HDR dostarczy Ci niezapomnianych wra\u017ce\u0144 wzrokowych, a wysokiej klasy materia\u0142y zastosowane do wykonania produktu znacznie przed\u0142u\u017caj\u0105 jego \u017cywotno\u015b\u0107.<\/p>\n<p><img decoding=\"async\" src=\"https:\/\/b2b.innpro.pl\/data\/include\/cms\/012UGREEN\/HD140\/HD140-790_12.jpg\"><\/p>\n<h3>Ogl\u0105daj swoje ulubione filmy nawet w 8K<\/h3>\n<p>Rozdzielczo\u015b\u0107 do 8K gwarantuje rewelacyjn\u0105 jako\u015b\u0107 obrazu. Twoje ulubione filmy i seriale niemal o\u017cyj\u0105 na Twoich oczach. Bez problemu dostrze\u017cesz ka\u017cdy, najmniejszy nawet detal. Wy\u015bwietlane na du\u017cym ekranie obrazy jeszcze nigdy nie by\u0142y tak zachwycaj\u0105co realistyczne!<\/p>\n<p><img decoding=\"async\" src=\"https:\/\/b2b.innpro.pl\/data\/include\/cms\/012UGREEN\/HD140\/HD140-790_07.jpg\"><\/p>\n<h3>Zapomnij o op\u00f3\u017anieniach w transmisji<\/h3>\n<p>Wykorzystanie HDMI2.1 pozwoli\u0142o uzyska\u0107 naprawd\u0119 imponuj\u0105c\u0105 pr\u0119dko\u015b\u0107 transmisji. Mo\u017ce ona wynosi\u0107 nawet 48 GB\/s! Op\u00f3\u017anienia, spadki sygna\u0142u i podobne problemy ju\u017c nie b\u0119d\u0105 Ci\u0119 denerwowa\u0107 &#8211; UGREEN HD140 sprawi, \u017ce pozostan\u0105 tylko przykrym wspomnieniem.<\/p>\n<p><img decoding=\"async\" src=\"https:\/\/b2b.innpro.pl\/data\/include\/cms\/012UGREEN\/HD140\/HD140-790_08.jpg\"><\/p>\n<h3>Ciesz si\u0119 bogactwem obrazu HDR<\/h3>\n<p>Zachwy\u0107 si\u0119 doskona\u0142ej jako\u015bci obrazem HDR. Zobacz wspania\u0142e widoki w ca\u0142ej okaza\u0142o\u015bci. \u017bywe barwy i bogactwo szczeg\u00f3\u0142\u00f3w s\u0105 bli\u017cej, ni\u017c my\u015blisz &#8211; wypr\u00f3buj ten praktyczny kabel HDMI i przekonaj si\u0119, jak dobrze mog\u0105 wygl\u0105da\u0107 filmy, seriale czy zdj\u0119cia.<\/p>\n<p><img decoding=\"async\" src=\"https:\/\/b2b.innpro.pl\/data\/include\/cms\/012UGREEN\/HD140\/HD140-790_03.jpg\"><\/p>\n<h3>Niesamowicie kompatybilny<\/h3>\n<p>Produkt jest kompatybilny z wieloma r\u00f3\u017cnymi urz\u0105dzeniami. Z jego pomoc\u0105 pod\u0142\u0105czysz mi\u0119dzy innymi konsol\u0119 do gier lub laptopa do telewizora czy projektora. Niezale\u017cnie od tego, z jakiego sprz\u0119tu korzystasz, mo\u017cesz cieszy\u0107 si\u0119 doskona\u0142ej jako\u015bci obrazem wy\u015bwietlanym na du\u017cym ekranie.<\/p>\n<p><img decoding=\"async\" src=\"https:\/\/b2b.innpro.pl\/data\/include\/cms\/012UGREEN\/HD140\/HD140-790_01.jpg\"><\/p>\n<h3>Zaskakuj\u0105co d\u0142uga \u017cywotno\u015b\u0107<\/h3>\n<p>Pokryte niklem z\u0142\u0105cza s\u0105 odporne na korozj\u0119 i wyr\u00f3\u017cniaj\u0105 si\u0119 d\u0142ug\u0105 \u017cywotno\u015bci\u0105. Pod\u0142\u0105czone do urz\u0105dzenia, pewnie pozostaj\u0105 na w\u0142a\u015bciwym miejscu, nie luzuj\u0105 si\u0119 ani nie wypadaj\u0105. Pleciona pow\u0142oka sprawia, \u017ce kabel jest bardzo wytrzyma\u0142y &#8211; nie zaszkodzi mu wyginanie czy rozci\u0105ganie. Mo\u017cesz wi\u0119c cieszy\u0107 si\u0119 jego funkcjonalno\u015bci\u0105 przez d\u0142ugi czas.<\/p>\n<p><img decoding=\"async\" src=\"https:\/\/b2b.innpro.pl\/data\/include\/cms\/012UGREEN\/HD140\/HD140-790_17.jpg\"><\/p>\n<div class=\"table-wrapper\">\n<table class=\"table-specs\" style=\"margin-left: auto; margin-right: auto;\">\n<tbody>\n<tr>\n<th><span>Producent<\/span><\/th>\n<td><span>UGREEN<\/span><\/td>\n<\/tr>\n<tr>\n<th><span>Nazwa<\/span><\/th>\n<td><span>HDMI2.1 A M\/M Cable with Braided<\/span><\/td>\n<\/tr>\n<tr>\n<th><span>Model<\/span><\/th>\n<td><span>HD140<\/span><\/td>\n<\/tr>\n<tr>\n<th><span>Z\u0142\u0105cza<\/span><\/th>\n<td><span>Niklowane<\/span><\/td>\n<\/tr>\n<tr>\n<th><span>Przew\u00f3d<\/span><\/th>\n<td><span>Miedziany cynowany<\/span><\/td>\n<\/tr>\n<tr>\n<th><span>Rozdzielczo\u015b\u0107<\/span><\/th>\n<td><span>8K@60Hz, 4K@120Hz<\/span><\/td>\n<\/tr>\n<tr>\n<th><span>D\u0142ugo\u015b\u0107<\/span><\/th>\n<td><span>1 m<\/span><\/td>\n<\/tr>\n<\/tbody>\n<\/table>\n<\/div>\n","protected":false},"excerpt":{"rendered":"<p>Kabel HDMI UGREEN HD140 &#8211; zobacz jeszcze wi\u0119cej Kabel HDMI UGREEN HD140 zapewnia doskona\u0142\u0105 jako\u015b\u0107 obrazu nawet 8K. Pr\u0119dko\u015b\u0107 transmisji<\/p>\n","protected":false},"featured_media":41316,"comment_status":"closed","ping_status":"open","template":"","meta":{"_acf_changed":false},"product_brand":[],"product_cat":[5929,5931,5933],"product_tag":[],"class_list":{"0":"post-55703","1":"product","2":"type-product","3":"status-publish","4":"has-post-thumbnail","6":"product_cat-akcesoria-it","7":"product_cat-kable","8":"product_cat-wideo","9":"pa_okres-gwarancji-5757","10":"pa_producent-ugreen","12":"first","13":"outofstock","14":"taxable","15":"shipping-taxable","16":"purchasable","17":"product-type-simple"},"acf":[],"yoast_head":"<!-- This site is optimized with the Yoast SEO plugin v27.2 - https:\/\/yoast.com\/product\/yoast-seo-wordpress\/ -->\n<title>Kabel UGREEN HD140 HDMI 2.1 1m (czarny) - IRONSKY.PL Sklep z Dronami<\/title>\n<meta name=\"description\" content=\"Kabel UGREEN HD140 HDMI 2.1 1m (czarny) - \u2705 sklep z dronami i fachowym doradztwem. \u2705 Tutaj kupisz produkty DJI, Yuneec, Parrot, Syma i wiele innych, a tak\u017ce kursy i licencje na operatora drona.\" \/>\n<meta name=\"robots\" content=\"index, follow, max-snippet:-1, max-image-preview:large, max-video-preview:-1\" \/>\n<link rel=\"canonical\" href=\"https:\/\/ironsky.pl\/sklep\/produkt\/kabel-ugreen-hd140-hdmi-2-1-1m-czarny\/\" \/>\n<meta property=\"og:locale\" content=\"pl_PL\" \/>\n<meta property=\"og:type\" content=\"article\" \/>\n<meta property=\"og:title\" content=\"Kabel UGREEN HD140 HDMI 2.1 1m (czarny) - IRONSKY.PL Sklep z Dronami\" \/>\n<meta property=\"og:description\" content=\"Kabel UGREEN HD140 HDMI 2.1 1m (czarny) - \u2705 sklep z dronami i fachowym doradztwem. \u2705 Tutaj kupisz produkty DJI, Yuneec, Parrot, Syma i wiele innych, a tak\u017ce kursy i licencje na operatora drona.\" \/>\n<meta property=\"og:url\" content=\"https:\/\/ironsky.pl\/sklep\/produkt\/kabel-ugreen-hd140-hdmi-2-1-1m-czarny\/\" \/>\n<meta property=\"og:site_name\" content=\"IRONSKY.PL Sklep z Dronami\" \/>\n<meta property=\"article:modified_time\" content=\"2026-04-15T08:44:47+00:00\" \/>\n<meta property=\"og:image\" content=\"https:\/\/ironsky.pl\/sklep\/wp-content\/uploads\/2025\/06\/20368_1.jpg\" \/>\n\t<meta property=\"og:image:width\" content=\"800\" \/>\n\t<meta property=\"og:image:height\" content=\"800\" \/>\n\t<meta property=\"og:image:type\" content=\"image\/jpeg\" \/>\n<meta name=\"twitter:card\" content=\"summary_large_image\" \/>\n<meta name=\"twitter:label1\" content=\"Szacowany czas czytania\" \/>\n\t<meta name=\"twitter:data1\" content=\"2 minuty\" \/>\n<script type=\"application\/ld+json\" class=\"yoast-schema-graph\">{\"@context\":\"https:\/\/schema.org\",\"@graph\":[{\"@type\":\"WebPage\",\"@id\":\"https:\/\/ironsky.pl\/sklep\/produkt\/kabel-ugreen-hd140-hdmi-2-1-1m-czarny\/\",\"url\":\"https:\/\/ironsky.pl\/sklep\/produkt\/kabel-ugreen-hd140-hdmi-2-1-1m-czarny\/\",\"name\":\"Kabel UGREEN HD140 HDMI 2.1 1m (czarny) - IRONSKY.PL Sklep z Dronami\",\"isPartOf\":{\"@id\":\"https:\/\/ironsky.pl\/sklep\/#website\"},\"primaryImageOfPage\":{\"@id\":\"https:\/\/ironsky.pl\/sklep\/produkt\/kabel-ugreen-hd140-hdmi-2-1-1m-czarny\/#primaryimage\"},\"image\":{\"@id\":\"https:\/\/ironsky.pl\/sklep\/produkt\/kabel-ugreen-hd140-hdmi-2-1-1m-czarny\/#primaryimage\"},\"thumbnailUrl\":\"https:\/\/ironsky.pl\/sklep\/wp-content\/uploads\/2025\/06\/20368_1.jpg\",\"datePublished\":\"2026-04-15T08:07:16+00:00\",\"dateModified\":\"2026-04-15T08:44:47+00:00\",\"description\":\"Kabel UGREEN HD140 HDMI 2.1 1m (czarny) - \u2705 sklep z dronami i fachowym doradztwem. \u2705 Tutaj kupisz produkty DJI, Yuneec, Parrot, Syma i wiele innych, a tak\u017ce kursy i licencje na operatora drona.\",\"breadcrumb\":{\"@id\":\"https:\/\/ironsky.pl\/sklep\/produkt\/kabel-ugreen-hd140-hdmi-2-1-1m-czarny\/#breadcrumb\"},\"inLanguage\":\"pl-PL\",\"potentialAction\":[{\"@type\":\"ReadAction\",\"target\":[\"https:\/\/ironsky.pl\/sklep\/produkt\/kabel-ugreen-hd140-hdmi-2-1-1m-czarny\/\"]}]},{\"@type\":\"ImageObject\",\"inLanguage\":\"pl-PL\",\"@id\":\"https:\/\/ironsky.pl\/sklep\/produkt\/kabel-ugreen-hd140-hdmi-2-1-1m-czarny\/#primaryimage\",\"url\":\"https:\/\/ironsky.pl\/sklep\/wp-content\/uploads\/2025\/06\/20368_1.jpg\",\"contentUrl\":\"https:\/\/ironsky.pl\/sklep\/wp-content\/uploads\/2025\/06\/20368_1.jpg\",\"width\":800,\"height\":800},{\"@type\":\"BreadcrumbList\",\"@id\":\"https:\/\/ironsky.pl\/sklep\/produkt\/kabel-ugreen-hd140-hdmi-2-1-1m-czarny\/#breadcrumb\",\"itemListElement\":[{\"@type\":\"ListItem\",\"position\":1,\"name\":\"Strona g\u0142\u00f3wna\",\"item\":\"https:\/\/ironsky.pl\/sklep\/\"},{\"@type\":\"ListItem\",\"position\":2,\"name\":\"Wszystkie produkty\",\"item\":\"https:\/\/ironsky.pl\/sklep\/produkty\/\"},{\"@type\":\"ListItem\",\"position\":3,\"name\":\"Kabel UGREEN HD140 HDMI 2.1 1m (czarny)\"}]},{\"@type\":\"WebSite\",\"@id\":\"https:\/\/ironsky.pl\/sklep\/#website\",\"url\":\"https:\/\/ironsky.pl\/sklep\/\",\"name\":\"IRONSKY.PL Sklep z Dronami\",\"description\":\"IRONSKY.PL Sklep z Dronami\",\"potentialAction\":[{\"@type\":\"SearchAction\",\"target\":{\"@type\":\"EntryPoint\",\"urlTemplate\":\"https:\/\/ironsky.pl\/sklep\/?s={search_term_string}\"},\"query-input\":{\"@type\":\"PropertyValueSpecification\",\"valueRequired\":true,\"valueName\":\"search_term_string\"}}],\"inLanguage\":\"pl-PL\"}]}<\/script>\n<!-- \/ Yoast SEO plugin. -->","yoast_head_json":{"title":"Kabel UGREEN HD140 HDMI 2.1 1m (czarny) - IRONSKY.PL Sklep z Dronami","description":"Kabel UGREEN HD140 HDMI 2.1 1m (czarny) - \u2705 sklep z dronami i fachowym doradztwem. \u2705 Tutaj kupisz produkty DJI, Yuneec, Parrot, Syma i wiele innych, a tak\u017ce kursy i licencje na operatora drona.","robots":{"index":"index","follow":"follow","max-snippet":"max-snippet:-1","max-image-preview":"max-image-preview:large","max-video-preview":"max-video-preview:-1"},"canonical":"https:\/\/ironsky.pl\/sklep\/produkt\/kabel-ugreen-hd140-hdmi-2-1-1m-czarny\/","og_locale":"pl_PL","og_type":"article","og_title":"Kabel UGREEN HD140 HDMI 2.1 1m (czarny) - IRONSKY.PL Sklep z Dronami","og_description":"Kabel UGREEN HD140 HDMI 2.1 1m (czarny) - \u2705 sklep z dronami i fachowym doradztwem. \u2705 Tutaj kupisz produkty DJI, Yuneec, Parrot, Syma i wiele innych, a tak\u017ce kursy i licencje na operatora drona.","og_url":"https:\/\/ironsky.pl\/sklep\/produkt\/kabel-ugreen-hd140-hdmi-2-1-1m-czarny\/","og_site_name":"IRONSKY.PL Sklep z Dronami","article_modified_time":"2026-04-15T08:44:47+00:00","og_image":[{"width":800,"height":800,"url":"https:\/\/ironsky.pl\/sklep\/wp-content\/uploads\/2025\/06\/20368_1.jpg","type":"image\/jpeg"}],"twitter_card":"summary_large_image","twitter_misc":{"Szacowany czas czytania":"2 minuty"},"schema":{"@context":"https:\/\/schema.org","@graph":[{"@type":"WebPage","@id":"https:\/\/ironsky.pl\/sklep\/produkt\/kabel-ugreen-hd140-hdmi-2-1-1m-czarny\/","url":"https:\/\/ironsky.pl\/sklep\/produkt\/kabel-ugreen-hd140-hdmi-2-1-1m-czarny\/","name":"Kabel UGREEN HD140 HDMI 2.1 1m (czarny) - IRONSKY.PL Sklep z Dronami","isPartOf":{"@id":"https:\/\/ironsky.pl\/sklep\/#website"},"primaryImageOfPage":{"@id":"https:\/\/ironsky.pl\/sklep\/produkt\/kabel-ugreen-hd140-hdmi-2-1-1m-czarny\/#primaryimage"},"image":{"@id":"https:\/\/ironsky.pl\/sklep\/produkt\/kabel-ugreen-hd140-hdmi-2-1-1m-czarny\/#primaryimage"},"thumbnailUrl":"https:\/\/ironsky.pl\/sklep\/wp-content\/uploads\/2025\/06\/20368_1.jpg","datePublished":"2026-04-15T08:07:16+00:00","dateModified":"2026-04-15T08:44:47+00:00","description":"Kabel UGREEN HD140 HDMI 2.1 1m (czarny) - \u2705 sklep z dronami i fachowym doradztwem. \u2705 Tutaj kupisz produkty DJI, Yuneec, Parrot, Syma i wiele innych, a tak\u017ce kursy i licencje na operatora drona.","breadcrumb":{"@id":"https:\/\/ironsky.pl\/sklep\/produkt\/kabel-ugreen-hd140-hdmi-2-1-1m-czarny\/#breadcrumb"},"inLanguage":"pl-PL","potentialAction":[{"@type":"ReadAction","target":["https:\/\/ironsky.pl\/sklep\/produkt\/kabel-ugreen-hd140-hdmi-2-1-1m-czarny\/"]}]},{"@type":"ImageObject","inLanguage":"pl-PL","@id":"https:\/\/ironsky.pl\/sklep\/produkt\/kabel-ugreen-hd140-hdmi-2-1-1m-czarny\/#primaryimage","url":"https:\/\/ironsky.pl\/sklep\/wp-content\/uploads\/2025\/06\/20368_1.jpg","contentUrl":"https:\/\/ironsky.pl\/sklep\/wp-content\/uploads\/2025\/06\/20368_1.jpg","width":800,"height":800},{"@type":"BreadcrumbList","@id":"https:\/\/ironsky.pl\/sklep\/produkt\/kabel-ugreen-hd140-hdmi-2-1-1m-czarny\/#breadcrumb","itemListElement":[{"@type":"ListItem","position":1,"name":"Strona g\u0142\u00f3wna","item":"https:\/\/ironsky.pl\/sklep\/"},{"@type":"ListItem","position":2,"name":"Wszystkie produkty","item":"https:\/\/ironsky.pl\/sklep\/produkty\/"},{"@type":"ListItem","position":3,"name":"Kabel UGREEN HD140 HDMI 2.1 1m (czarny)"}]},{"@type":"WebSite","@id":"https:\/\/ironsky.pl\/sklep\/#website","url":"https:\/\/ironsky.pl\/sklep\/","name":"IRONSKY.PL Sklep z Dronami","description":"IRONSKY.PL Sklep z Dronami","potentialAction":[{"@type":"SearchAction","target":{"@type":"EntryPoint","urlTemplate":"https:\/\/ironsky.pl\/sklep\/?s={search_term_string}"},"query-input":{"@type":"PropertyValueSpecification","valueRequired":true,"valueName":"search_term_string"}}],"inLanguage":"pl-PL"}]}},"_links":{"self":[{"href":"https:\/\/ironsky.pl\/sklep\/wp-json\/wp\/v2\/product\/55703","targetHints":{"allow":["GET"]}}],"collection":[{"href":"https:\/\/ironsky.pl\/sklep\/wp-json\/wp\/v2\/product"}],"about":[{"href":"https:\/\/ironsky.pl\/sklep\/wp-json\/wp\/v2\/types\/product"}],"replies":[{"embeddable":true,"href":"https:\/\/ironsky.pl\/sklep\/wp-json\/wp\/v2\/comments?post=55703"}],"wp:featuredmedia":[{"embeddable":true,"href":"https:\/\/ironsky.pl\/sklep\/wp-json\/wp\/v2\/media\/41316"}],"wp:attachment":[{"href":"https:\/\/ironsky.pl\/sklep\/wp-json\/wp\/v2\/media?parent=55703"}],"wp:term":[{"taxonomy":"product_brand","embeddable":true,"href":"https:\/\/ironsky.pl\/sklep\/wp-json\/wp\/v2\/product_brand?post=55703"},{"taxonomy":"product_cat","embeddable":true,"href":"https:\/\/ironsky.pl\/sklep\/wp-json\/wp\/v2\/product_cat?post=55703"},{"taxonomy":"product_tag","embeddable":true,"href":"https:\/\/ironsky.pl\/sklep\/wp-json\/wp\/v2\/product_tag?post=55703"}],"curies":[{"name":"wp","href":"https:\/\/api.w.org\/{rel}","templated":true}]}}