{"id":55700,"date":"2026-04-15T10:06:32","date_gmt":"2026-04-15T08:06:32","guid":{"rendered":"https:\/\/ironsky.pl\/sklep\/produkt\/kabel-ugreen-us217-sata-katowy-0-5m-czarny\/"},"modified":"2026-04-15T10:44:45","modified_gmt":"2026-04-15T08:44:45","slug":"kabel-ugreen-us217-sata-katowy-0-5m-czarny","status":"publish","type":"product","link":"https:\/\/ironsky.pl\/sklep\/produkt\/kabel-ugreen-us217-sata-katowy-0-5m-czarny\/","title":{"rendered":"Kabel UGREEN US217 SATA k\u0105towy 0.5m (czarny)"},"content":{"rendered":"<h3>Kabel SATA UGREEN US217<\/h3>\n<p>Potrzebujesz wi\u0119cej miejsca na przechowywanie swoich plik\u00f3w? A mo\u017ce musisz skopiowa\u0107 jakie\u015b wa\u017cne dane? Kabel UGREEN US217 b\u0119dzie doskona\u0142\u0105 odpowiedzi\u0105 na Twoje potrzeby. Za jego pomoc\u0105 pod\u0142\u0105czysz dysk twardy HDD lub SSD do komputera &#8211; wyr\u00f3\u017cnia si\u0119 kompatybilno\u015bci\u0105 z wi\u0119kszo\u015bci\u0105 urz\u0105dze\u0144, kt\u00f3re maj\u0105 port SATA. Wytrzyma\u0142y i odporny na uszkodzenia &#8211; umo\u017cliwia te\u017c szybki transfer plik\u00f3w z pr\u0119dko\u015bci\u0105 do 450 MB\/s.<\/p>\n<p><img decoding=\"async\" src=\"https:\/\/b2b.innpro.pl\/data\/include\/cms\/012UGREEN\/US217\/720_01.jpg\"><\/p>\n<h3>Szeroka kompatybilno\u015b\u0107<\/h3>\n<p>Kabel jest kompatybilny z interfejsem SATA &#8211; sprawdzi si\u0119 zatem w wypadku r\u00f3\u017cnych urz\u0105dze\u0144. Wykorzystasz go, aby pod\u0142\u0105czy\u0107 do komputera dysk twardy HDD\/SSD, dysk optyczny, a nawet nagrywark\u0119 DVD. To otwiera przed Tob\u0105 mn\u00f3stwo przydatnych mo\u017cliwo\u015bci! Uwaga: kabel nie jest kompatybilny z portem IDE.<\/p>\n<p><img decoding=\"async\" src=\"https:\/\/b2b.innpro.pl\/data\/include\/cms\/012UGREEN\/US217\/720_03.jpg\"><\/p>\n<h3>B\u0142yskawiczny transfer plik\u00f3w<\/h3>\n<p>Ju\u017c nie musisz czeka\u0107 w niesko\u0144czono\u015b\u0107, a\u017c Twoje dokumenty, filmy czy obrazy zostan\u0105 skopiowane. Transmisja 3.0 umo\u017cliwia przesy\u0142anie plik\u00f3w z pr\u0119dko\u015bci\u0105 si\u0119gaj\u0105c\u0105 450 MB\/s. To oznacza, \u017ce korzystaj\u0105c z kabla US217 mo\u017cesz przenie\u015b\u0107 1 GB danych w zaledwie 3 sekundy.<\/p>\n<p><img decoding=\"async\" src=\"https:\/\/b2b.innpro.pl\/data\/include\/cms\/012UGREEN\/US217\/720_04.jpg\"><\/p>\n<h3>Najwy\u017csza jako\u015b\u0107 transmisji<\/h3>\n<p>Poz\u0142acane z\u0142\u0105cza zapewniaj\u0105 doskona\u0142\u0105 jako\u015b\u0107 transmisji. Dzi\u0119ki starannie przemy\u015blanej konstrukcji po pod\u0142\u0105czeniu doskonale trzymaj\u0105 si\u0119 na swoim miejscu i nie wypadaj\u0105. Za stabilno\u015b\u0107 sygna\u0142u odpowiadaj\u0105 r\u00f3wnie\u017c miedziane przewody. Dodatkowa aluminiowa os\u0142ona pozwala eliminowa\u0107 zak\u0142\u00f3cenia. Wszystko to sprawia, \u017ce mo\u017cesz cieszy\u0107 si\u0119 niezawodnym transferem niemal w ka\u017cdej sytuacji.<\/p>\n<p><img decoding=\"async\" src=\"https:\/\/b2b.innpro.pl\/data\/include\/cms\/012UGREEN\/US217\/720_05.jpg\"><\/p>\n<h3>Imponuj\u0105ca trwa\u0142o\u015b\u0107<\/h3>\n<p>Os\u0142ona z tworzywa PVC gwarantuje niesamowit\u0105 wytrzyma\u0142o\u015b\u0107 produktu. Dzi\u0119ki niej kabel jest odporny na zginanie. Niestraszne mu r\u00f3wnie\u017c wysokie temperatury. Jednocze\u015bnie jest wygodny w transporcie i przechowywaniu &#8211; z \u0142atwo\u015bci\u0105 zadbasz o porz\u0105dek. Co wi\u0119cej, poz\u0142acane z\u0142\u0105cza s\u0105 odporne na rdzewienie. UGREEN US217 b\u0119dzie wi\u0119c wspaniale Ci s\u0142u\u017cy\u0107 przez d\u0142ugi czas.<\/p>\n<p><img decoding=\"async\" src=\"https:\/\/b2b.innpro.pl\/data\/include\/cms\/012UGREEN\/US217\/720_08.jpg\"><\/p>\n<div class=\"table-wrapper\">\n<table>\n<tbody>\n<tr>\n<th>Producent<\/th>\n<td>UGREEN<\/td>\n<\/tr>\n<tr>\n<th>Model<\/th>\n<td>US217<\/td>\n<\/tr>\n<tr>\n<th>Specyfikacja<\/th>\n<td>26AWG<\/td>\n<\/tr>\n<tr>\n<th>Przewodnik<\/th>\n<td>Cynowana mied\u017a<\/td>\n<\/tr>\n<tr>\n<th>D\u0142ugo\u015b\u0107<\/th>\n<td>0,5 m<\/td>\n<\/tr>\n<tr>\n<th>Rodzaj<\/th>\n<td>K\u0105towy<\/td>\n<\/tr>\n<\/tbody>\n<\/table>\n<\/div>\n","protected":false},"excerpt":{"rendered":"<p>Kabel SATA UGREEN US217 Potrzebujesz wi\u0119cej miejsca na przechowywanie swoich plik\u00f3w? A mo\u017ce musisz skopiowa\u0107 jakie\u015b wa\u017cne dane? Kabel UGREEN<\/p>\n","protected":false},"featured_media":41307,"comment_status":"closed","ping_status":"open","template":"","meta":{"_acf_changed":false},"product_brand":[],"product_cat":[5929,5931,5949],"product_tag":[],"class_list":{"0":"post-55700","1":"product","2":"type-product","3":"status-publish","4":"has-post-thumbnail","6":"product_cat-akcesoria-it","7":"product_cat-kable","8":"product_cat-pozostale-kable","9":"pa_okres-gwarancji-5757","10":"pa_producent-ugreen","12":"first","13":"outofstock","14":"taxable","15":"shipping-taxable","16":"purchasable","17":"product-type-simple"},"acf":[],"yoast_head":"<!-- This site is optimized with the Yoast SEO plugin v27.2 - https:\/\/yoast.com\/product\/yoast-seo-wordpress\/ -->\n<title>Kabel UGREEN US217 SATA k\u0105towy 0.5m (czarny) - IRONSKY.PL Sklep z Dronami<\/title>\n<meta name=\"description\" content=\"Kabel UGREEN US217 SATA k\u0105towy 0.5m (czarny) - \u2705 sklep z dronami i fachowym doradztwem. \u2705 Tutaj kupisz produkty DJI, Yuneec, Parrot, Syma i wiele innych, a tak\u017ce kursy i licencje na operatora drona.\" \/>\n<meta name=\"robots\" content=\"index, follow, max-snippet:-1, max-image-preview:large, max-video-preview:-1\" \/>\n<link rel=\"canonical\" href=\"https:\/\/ironsky.pl\/sklep\/produkt\/kabel-ugreen-us217-sata-katowy-0-5m-czarny\/\" \/>\n<meta property=\"og:locale\" content=\"pl_PL\" \/>\n<meta property=\"og:type\" content=\"article\" \/>\n<meta property=\"og:title\" content=\"Kabel UGREEN US217 SATA k\u0105towy 0.5m (czarny) - IRONSKY.PL Sklep z Dronami\" \/>\n<meta property=\"og:description\" content=\"Kabel UGREEN US217 SATA k\u0105towy 0.5m (czarny) - \u2705 sklep z dronami i fachowym doradztwem. \u2705 Tutaj kupisz produkty DJI, Yuneec, Parrot, Syma i wiele innych, a tak\u017ce kursy i licencje na operatora drona.\" \/>\n<meta property=\"og:url\" content=\"https:\/\/ironsky.pl\/sklep\/produkt\/kabel-ugreen-us217-sata-katowy-0-5m-czarny\/\" \/>\n<meta property=\"og:site_name\" content=\"IRONSKY.PL Sklep z Dronami\" \/>\n<meta property=\"article:modified_time\" content=\"2026-04-15T08:44:45+00:00\" \/>\n<meta property=\"og:image\" content=\"https:\/\/ironsky.pl\/sklep\/wp-content\/uploads\/2025\/06\/20336_1.jpg\" \/>\n\t<meta property=\"og:image:width\" content=\"800\" \/>\n\t<meta property=\"og:image:height\" content=\"800\" \/>\n\t<meta property=\"og:image:type\" content=\"image\/jpeg\" \/>\n<meta name=\"twitter:card\" content=\"summary_large_image\" \/>\n<meta name=\"twitter:label1\" content=\"Szacowany czas czytania\" \/>\n\t<meta name=\"twitter:data1\" content=\"2 minuty\" \/>\n<script type=\"application\/ld+json\" class=\"yoast-schema-graph\">{\"@context\":\"https:\/\/schema.org\",\"@graph\":[{\"@type\":\"WebPage\",\"@id\":\"https:\/\/ironsky.pl\/sklep\/produkt\/kabel-ugreen-us217-sata-katowy-0-5m-czarny\/\",\"url\":\"https:\/\/ironsky.pl\/sklep\/produkt\/kabel-ugreen-us217-sata-katowy-0-5m-czarny\/\",\"name\":\"Kabel UGREEN US217 SATA k\u0105towy 0.5m (czarny) - IRONSKY.PL Sklep z Dronami\",\"isPartOf\":{\"@id\":\"https:\/\/ironsky.pl\/sklep\/#website\"},\"primaryImageOfPage\":{\"@id\":\"https:\/\/ironsky.pl\/sklep\/produkt\/kabel-ugreen-us217-sata-katowy-0-5m-czarny\/#primaryimage\"},\"image\":{\"@id\":\"https:\/\/ironsky.pl\/sklep\/produkt\/kabel-ugreen-us217-sata-katowy-0-5m-czarny\/#primaryimage\"},\"thumbnailUrl\":\"https:\/\/ironsky.pl\/sklep\/wp-content\/uploads\/2025\/06\/20336_1.jpg\",\"datePublished\":\"2026-04-15T08:06:32+00:00\",\"dateModified\":\"2026-04-15T08:44:45+00:00\",\"description\":\"Kabel UGREEN US217 SATA k\u0105towy 0.5m (czarny) - \u2705 sklep z dronami i fachowym doradztwem. \u2705 Tutaj kupisz produkty DJI, Yuneec, Parrot, Syma i wiele innych, a tak\u017ce kursy i licencje na operatora drona.\",\"breadcrumb\":{\"@id\":\"https:\/\/ironsky.pl\/sklep\/produkt\/kabel-ugreen-us217-sata-katowy-0-5m-czarny\/#breadcrumb\"},\"inLanguage\":\"pl-PL\",\"potentialAction\":[{\"@type\":\"ReadAction\",\"target\":[\"https:\/\/ironsky.pl\/sklep\/produkt\/kabel-ugreen-us217-sata-katowy-0-5m-czarny\/\"]}]},{\"@type\":\"ImageObject\",\"inLanguage\":\"pl-PL\",\"@id\":\"https:\/\/ironsky.pl\/sklep\/produkt\/kabel-ugreen-us217-sata-katowy-0-5m-czarny\/#primaryimage\",\"url\":\"https:\/\/ironsky.pl\/sklep\/wp-content\/uploads\/2025\/06\/20336_1.jpg\",\"contentUrl\":\"https:\/\/ironsky.pl\/sklep\/wp-content\/uploads\/2025\/06\/20336_1.jpg\",\"width\":800,\"height\":800},{\"@type\":\"BreadcrumbList\",\"@id\":\"https:\/\/ironsky.pl\/sklep\/produkt\/kabel-ugreen-us217-sata-katowy-0-5m-czarny\/#breadcrumb\",\"itemListElement\":[{\"@type\":\"ListItem\",\"position\":1,\"name\":\"Strona g\u0142\u00f3wna\",\"item\":\"https:\/\/ironsky.pl\/sklep\/\"},{\"@type\":\"ListItem\",\"position\":2,\"name\":\"Wszystkie produkty\",\"item\":\"https:\/\/ironsky.pl\/sklep\/produkty\/\"},{\"@type\":\"ListItem\",\"position\":3,\"name\":\"Kabel UGREEN US217 SATA k\u0105towy 0.5m (czarny)\"}]},{\"@type\":\"WebSite\",\"@id\":\"https:\/\/ironsky.pl\/sklep\/#website\",\"url\":\"https:\/\/ironsky.pl\/sklep\/\",\"name\":\"IRONSKY.PL Sklep z Dronami\",\"description\":\"IRONSKY.PL Sklep z Dronami\",\"potentialAction\":[{\"@type\":\"SearchAction\",\"target\":{\"@type\":\"EntryPoint\",\"urlTemplate\":\"https:\/\/ironsky.pl\/sklep\/?s={search_term_string}\"},\"query-input\":{\"@type\":\"PropertyValueSpecification\",\"valueRequired\":true,\"valueName\":\"search_term_string\"}}],\"inLanguage\":\"pl-PL\"}]}<\/script>\n<!-- \/ Yoast SEO plugin. -->","yoast_head_json":{"title":"Kabel UGREEN US217 SATA k\u0105towy 0.5m (czarny) - IRONSKY.PL Sklep z Dronami","description":"Kabel UGREEN US217 SATA k\u0105towy 0.5m (czarny) - \u2705 sklep z dronami i fachowym doradztwem. \u2705 Tutaj kupisz produkty DJI, Yuneec, Parrot, Syma i wiele innych, a tak\u017ce kursy i licencje na operatora drona.","robots":{"index":"index","follow":"follow","max-snippet":"max-snippet:-1","max-image-preview":"max-image-preview:large","max-video-preview":"max-video-preview:-1"},"canonical":"https:\/\/ironsky.pl\/sklep\/produkt\/kabel-ugreen-us217-sata-katowy-0-5m-czarny\/","og_locale":"pl_PL","og_type":"article","og_title":"Kabel UGREEN US217 SATA k\u0105towy 0.5m (czarny) - IRONSKY.PL Sklep z Dronami","og_description":"Kabel UGREEN US217 SATA k\u0105towy 0.5m (czarny) - \u2705 sklep z dronami i fachowym doradztwem. \u2705 Tutaj kupisz produkty DJI, Yuneec, Parrot, Syma i wiele innych, a tak\u017ce kursy i licencje na operatora drona.","og_url":"https:\/\/ironsky.pl\/sklep\/produkt\/kabel-ugreen-us217-sata-katowy-0-5m-czarny\/","og_site_name":"IRONSKY.PL Sklep z Dronami","article_modified_time":"2026-04-15T08:44:45+00:00","og_image":[{"width":800,"height":800,"url":"https:\/\/ironsky.pl\/sklep\/wp-content\/uploads\/2025\/06\/20336_1.jpg","type":"image\/jpeg"}],"twitter_card":"summary_large_image","twitter_misc":{"Szacowany czas czytania":"2 minuty"},"schema":{"@context":"https:\/\/schema.org","@graph":[{"@type":"WebPage","@id":"https:\/\/ironsky.pl\/sklep\/produkt\/kabel-ugreen-us217-sata-katowy-0-5m-czarny\/","url":"https:\/\/ironsky.pl\/sklep\/produkt\/kabel-ugreen-us217-sata-katowy-0-5m-czarny\/","name":"Kabel UGREEN US217 SATA k\u0105towy 0.5m (czarny) - IRONSKY.PL Sklep z Dronami","isPartOf":{"@id":"https:\/\/ironsky.pl\/sklep\/#website"},"primaryImageOfPage":{"@id":"https:\/\/ironsky.pl\/sklep\/produkt\/kabel-ugreen-us217-sata-katowy-0-5m-czarny\/#primaryimage"},"image":{"@id":"https:\/\/ironsky.pl\/sklep\/produkt\/kabel-ugreen-us217-sata-katowy-0-5m-czarny\/#primaryimage"},"thumbnailUrl":"https:\/\/ironsky.pl\/sklep\/wp-content\/uploads\/2025\/06\/20336_1.jpg","datePublished":"2026-04-15T08:06:32+00:00","dateModified":"2026-04-15T08:44:45+00:00","description":"Kabel UGREEN US217 SATA k\u0105towy 0.5m (czarny) - \u2705 sklep z dronami i fachowym doradztwem. \u2705 Tutaj kupisz produkty DJI, Yuneec, Parrot, Syma i wiele innych, a tak\u017ce kursy i licencje na operatora drona.","breadcrumb":{"@id":"https:\/\/ironsky.pl\/sklep\/produkt\/kabel-ugreen-us217-sata-katowy-0-5m-czarny\/#breadcrumb"},"inLanguage":"pl-PL","potentialAction":[{"@type":"ReadAction","target":["https:\/\/ironsky.pl\/sklep\/produkt\/kabel-ugreen-us217-sata-katowy-0-5m-czarny\/"]}]},{"@type":"ImageObject","inLanguage":"pl-PL","@id":"https:\/\/ironsky.pl\/sklep\/produkt\/kabel-ugreen-us217-sata-katowy-0-5m-czarny\/#primaryimage","url":"https:\/\/ironsky.pl\/sklep\/wp-content\/uploads\/2025\/06\/20336_1.jpg","contentUrl":"https:\/\/ironsky.pl\/sklep\/wp-content\/uploads\/2025\/06\/20336_1.jpg","width":800,"height":800},{"@type":"BreadcrumbList","@id":"https:\/\/ironsky.pl\/sklep\/produkt\/kabel-ugreen-us217-sata-katowy-0-5m-czarny\/#breadcrumb","itemListElement":[{"@type":"ListItem","position":1,"name":"Strona g\u0142\u00f3wna","item":"https:\/\/ironsky.pl\/sklep\/"},{"@type":"ListItem","position":2,"name":"Wszystkie produkty","item":"https:\/\/ironsky.pl\/sklep\/produkty\/"},{"@type":"ListItem","position":3,"name":"Kabel UGREEN US217 SATA k\u0105towy 0.5m (czarny)"}]},{"@type":"WebSite","@id":"https:\/\/ironsky.pl\/sklep\/#website","url":"https:\/\/ironsky.pl\/sklep\/","name":"IRONSKY.PL Sklep z Dronami","description":"IRONSKY.PL Sklep z Dronami","potentialAction":[{"@type":"SearchAction","target":{"@type":"EntryPoint","urlTemplate":"https:\/\/ironsky.pl\/sklep\/?s={search_term_string}"},"query-input":{"@type":"PropertyValueSpecification","valueRequired":true,"valueName":"search_term_string"}}],"inLanguage":"pl-PL"}]}},"_links":{"self":[{"href":"https:\/\/ironsky.pl\/sklep\/wp-json\/wp\/v2\/product\/55700","targetHints":{"allow":["GET"]}}],"collection":[{"href":"https:\/\/ironsky.pl\/sklep\/wp-json\/wp\/v2\/product"}],"about":[{"href":"https:\/\/ironsky.pl\/sklep\/wp-json\/wp\/v2\/types\/product"}],"replies":[{"embeddable":true,"href":"https:\/\/ironsky.pl\/sklep\/wp-json\/wp\/v2\/comments?post=55700"}],"wp:featuredmedia":[{"embeddable":true,"href":"https:\/\/ironsky.pl\/sklep\/wp-json\/wp\/v2\/media\/41307"}],"wp:attachment":[{"href":"https:\/\/ironsky.pl\/sklep\/wp-json\/wp\/v2\/media?parent=55700"}],"wp:term":[{"taxonomy":"product_brand","embeddable":true,"href":"https:\/\/ironsky.pl\/sklep\/wp-json\/wp\/v2\/product_brand?post=55700"},{"taxonomy":"product_cat","embeddable":true,"href":"https:\/\/ironsky.pl\/sklep\/wp-json\/wp\/v2\/product_cat?post=55700"},{"taxonomy":"product_tag","embeddable":true,"href":"https:\/\/ironsky.pl\/sklep\/wp-json\/wp\/v2\/product_tag?post=55700"}],"curies":[{"name":"wp","href":"https:\/\/api.w.org\/{rel}","templated":true}]}}