{"id":55689,"date":"2026-04-15T10:06:32","date_gmt":"2026-04-15T08:06:32","guid":{"rendered":"https:\/\/ironsky.pl\/sklep\/produkt\/kijek-selfie-telesin-z-tripodem\/"},"modified":"2026-04-15T10:07:08","modified_gmt":"2026-04-15T08:07:08","slug":"kijek-selfie-telesin-z-tripodem","status":"publish","type":"product","link":"https:\/\/ironsky.pl\/sklep\/produkt\/kijek-selfie-telesin-z-tripodem\/","title":{"rendered":"Kijek selfie TELESIN z tripodem"},"content":{"rendered":"<h3>Selfie stick z platikowym tripodem Telesin do kamer sportowych<\/h3>\n<p>Wykonany ze stopu aluminium selfie stick o regulowanej d\u0142ugo\u015bci marki Telesin daje Ci jeszcze wi\u0119cej mo\u017cliwo\u015bci nagrywania za pomoc\u0105 kamery sportowej lub telefonu. Antypo\u015blizgowy uchwyt sprawia, \u017ce jest niezwykle wygodny w u\u017cyciu. Wyr\u00f3\u017cnia si\u0119 te\u017c spor\u0105 wytrzyma\u0142o\u015bci\u0105, a po z\u0142o\u017ceniu jest niesamowicie kompaktowy. Do\u0142\u0105czony do zestawu plastikowy tripod umo\u017cliwia stosowanie tego praktycznego akcesorium r\u00f3wnie\u017c w roli statywu.<\/p>\n<p><img decoding=\"async\" src=\"https:\/\/b2b.innpro.pl\/data\/include\/cms\/Edyta\/telesin\/GP-MNP-090-D\/Hbd636a535e3646f5a0b8a11f328f7c79z.jpg\" alt=\"Edyta\/telesin\/GP-MNP-090-D\/Hbd636a535e3646f5a0b8a11f328f7c79z\"><\/p>\n<h3>Regulowana d\u0142ugo\u015b\u0107 dla wielu zastosowa\u0144<\/h3>\n<p>Mo\u017cesz regulowa\u0107 d\u0142ugo\u015b\u0107 selfie sticka w zakresie 20-90 cm. To sprawia, \u017ce mo\u017cesz z niego korzysta\u0107 dok\u0142adnie tak, jak chcesz. Z \u0142atwo\u015bci\u0105 dostosujesz go do swoich potrzeb. Planujesz ciekawe uj\u0119cie z niespotykanej perspektywy? Zale\u017cy Ci na fantastycznym zdj\u0119ciu z g\u00f3ry? A mo\u017ce chcesz zrobi\u0107 grupowe selfie? Akcesorium marki Telesin oka\u017ce si\u0119 niezast\u0105pione w tych i wielu innych sytuacjach!<\/p>\n<p><img decoding=\"async\" src=\"https:\/\/b2b.innpro.pl\/data\/include\/cms\/Edyta\/telesin\/GP-MNP-090-D\/H061a7625cc2b45ebbdf673fbcbc7ff87c.jpg\" alt=\"Edyta\/telesin\/GP-MNP-090-D\/H061a7625cc2b45ebbdf673fbcbc7ff87c\"><\/p>\n<h3>Szeroka kompatybilno\u015b\u0107<\/h3>\n<p>Selfie stick jest kompatybilny z wieloma r\u00f3\u017cnymi urz\u0105dzeniami. Z powodzeniem wykorzystasz go w po\u0142\u0105czeniu z kamerami sportowymi, takimi jak na przyk\u0142ad GoPro, DJI Osmo Action lub Xiaomi Yi. W zestawie znajdziesz te\u017c dodatkowy uchwyt na telefon, kt\u00f3ry umo\u017cliwia stabilny monta\u017c smartfon\u00f3w o przek\u0105tnej 3,5-6\u2033. Zosta\u0142 on wyposa\u017cony w specjalne podk\u0142adki, kt\u00f3re chroni\u0105 urz\u0105dzenia przed zadrapaniem i upadkiem.<\/p>\n<p><img decoding=\"async\" src=\"https:\/\/b2b.innpro.pl\/data\/include\/cms\/Edyta\/telesin\/GP-MNP-090-D\/H3412bef5391247a5829fb4d37f266a6dK.jpg\" alt=\"Edyta\/telesin\/GP-MNP-090-D\/H3412bef5391247a5829fb4d37f266a6dK\"><\/p>\n<h3>Doskonale przemy\u015blany design<\/h3>\n<p>Akcesorium jest bardzo wytrzyma\u0142e i solidne, a jednocze\u015bnie zaskakuj\u0105co lekkie. Wa\u017cy zaledwie 241 g, a jego ud\u017awig wynosi maksymalnie 1 kg, co daje Ci ogromne mo\u017cliwo\u015bci tworzenia. Antypo\u015blizgowy uchwyt nie tylko zapewnia komfort u\u017cytkowania, ale te\u017c pozwala zmniejszy\u0107 ryzyko wypadni\u0119cia selfie sticka z r\u0119ki. Ponadto, po z\u0142o\u017ceniu produkt staje si\u0119 niezwykle por\u0119czny i przeno\u015bny. Mo\u017cesz wi\u0119c mie\u0107 go zawsze pod r\u0119k\u0105. Zabierz go na wycieczk\u0119, w plener lub na wakacje i tw\u00f3rz zachwycaj\u0105ce uj\u0119cia, kiedy tylko chcesz!<\/p>\n<p><img decoding=\"async\" src=\"https:\/\/b2b.innpro.pl\/data\/include\/cms\/Edyta\/telesin\/GP-MNP-090-D\/Hd6dc32ef4045457ebf290006baf502bbC.jpg\" alt=\"Edyta\/telesin\/GP-MNP-090-D\/Hd6dc32ef4045457ebf290006baf502bbC\"><\/p>\n<h3>Zawarto\u015b\u0107 opakowania<\/h3>\n<ul>\n<li>Wysi\u0119gnik Telesin GP-MNP-090-D<\/li>\n<li>Klips na telefon<\/li>\n<li>\u015aruba<\/li>\n<li>Adapter do \u015bruby 1\/4<\/li>\n<li>Plastikowy tripod<\/li>\n<\/ul>\n<div class=\"table-wrapper\">\n<table>\n<tbody>\n<tr>\n<th>Producent<\/th>\n<td>Telesin<\/td>\n<\/tr>\n<tr>\n<th>Model<\/th>\n<td>GP-MNP-090-D<\/td>\n<\/tr>\n<tr>\n<th>Materia\u0142<\/th>\n<td>Stop aluminium<\/td>\n<\/tr>\n<tr>\n<th>Kompatybilno\u015b\u0107<\/th>\n<td>DJI Osmo Action, GoPro Hero, Xiaomi Yi i inne kamery sportowe<\/td>\n<\/tr>\n<tr>\n<th>Waga<\/th>\n<td>0,200 kg<\/td>\n<\/tr>\n<tr>\n<th>Wymiary<\/th>\n<td>31 x 10.40 x 5.30 cm<\/td>\n<\/tr>\n<tr>\n<th>Kolor<\/th>\n<td>czarny<\/td>\n<\/tr>\n<\/tbody>\n<\/table>\n<\/div>\n","protected":false},"excerpt":{"rendered":"<p>Selfie stick z platikowym tripodem Telesin do kamer sportowych Wykonany ze stopu aluminium selfie stick o regulowanej d\u0142ugo\u015bci marki Telesin<\/p>\n","protected":false},"featured_media":55690,"comment_status":"closed","ping_status":"open","template":"","meta":{"_acf_changed":false},"product_brand":[],"product_cat":[1128,6178,6176,6177,6181,1138],"product_tag":[],"class_list":{"0":"post-55689","1":"product","2":"type-product","3":"status-publish","4":"has-post-thumbnail","6":"product_cat-foto-wideo","7":"product_cat-mocowania","8":"product_cat-selfie-stiki","9":"product_cat-statywy-selfie-stiki","10":"product_cat-szelki-mocowania-i-uchwyty","11":"product_cat-wysiegniki","12":"pa_okres-gwarancji-5754","13":"pa_producent-telesin","15":"first","16":"outofstock","17":"taxable","18":"shipping-taxable","19":"purchasable","20":"product-type-simple"},"acf":[],"yoast_head":"<!-- This site is optimized with the Yoast SEO plugin v27.2 - https:\/\/yoast.com\/product\/yoast-seo-wordpress\/ -->\n<title>Kijek selfie TELESIN z tripodem - IRONSKY.PL Sklep z Dronami<\/title>\n<meta name=\"description\" content=\"Kijek selfie TELESIN z tripodem - \u2705 sklep z dronami i fachowym doradztwem. \u2705 Tutaj kupisz produkty DJI, Yuneec, Parrot, Syma i wiele innych, a tak\u017ce kursy i licencje na operatora drona.\" \/>\n<meta name=\"robots\" content=\"index, follow, max-snippet:-1, max-image-preview:large, max-video-preview:-1\" \/>\n<link rel=\"canonical\" href=\"https:\/\/ironsky.pl\/sklep\/produkt\/kijek-selfie-telesin-z-tripodem\/\" \/>\n<meta property=\"og:locale\" content=\"pl_PL\" \/>\n<meta property=\"og:type\" content=\"article\" \/>\n<meta property=\"og:title\" content=\"Kijek selfie TELESIN z tripodem - IRONSKY.PL Sklep z Dronami\" \/>\n<meta property=\"og:description\" content=\"Kijek selfie TELESIN z tripodem - \u2705 sklep z dronami i fachowym doradztwem. \u2705 Tutaj kupisz produkty DJI, Yuneec, Parrot, Syma i wiele innych, a tak\u017ce kursy i licencje na operatora drona.\" \/>\n<meta property=\"og:url\" content=\"https:\/\/ironsky.pl\/sklep\/produkt\/kijek-selfie-telesin-z-tripodem\/\" \/>\n<meta property=\"og:site_name\" content=\"IRONSKY.PL Sklep z Dronami\" \/>\n<meta property=\"article:modified_time\" content=\"2026-04-15T08:07:08+00:00\" \/>\n<meta property=\"og:image\" content=\"https:\/\/ironsky.pl\/sklep\/wp-content\/uploads\/2026\/04\/20327_2.jpg\" \/>\n\t<meta property=\"og:image:width\" content=\"1000\" \/>\n\t<meta property=\"og:image:height\" content=\"1000\" \/>\n\t<meta property=\"og:image:type\" content=\"image\/jpeg\" \/>\n<meta name=\"twitter:card\" content=\"summary_large_image\" \/>\n<meta name=\"twitter:label1\" content=\"Szacowany czas czytania\" \/>\n\t<meta name=\"twitter:data1\" content=\"2 minuty\" \/>\n<script type=\"application\/ld+json\" class=\"yoast-schema-graph\">{\"@context\":\"https:\/\/schema.org\",\"@graph\":[{\"@type\":\"WebPage\",\"@id\":\"https:\/\/ironsky.pl\/sklep\/produkt\/kijek-selfie-telesin-z-tripodem\/\",\"url\":\"https:\/\/ironsky.pl\/sklep\/produkt\/kijek-selfie-telesin-z-tripodem\/\",\"name\":\"Kijek selfie TELESIN z tripodem - IRONSKY.PL Sklep z Dronami\",\"isPartOf\":{\"@id\":\"https:\/\/ironsky.pl\/sklep\/#website\"},\"primaryImageOfPage\":{\"@id\":\"https:\/\/ironsky.pl\/sklep\/produkt\/kijek-selfie-telesin-z-tripodem\/#primaryimage\"},\"image\":{\"@id\":\"https:\/\/ironsky.pl\/sklep\/produkt\/kijek-selfie-telesin-z-tripodem\/#primaryimage\"},\"thumbnailUrl\":\"https:\/\/ironsky.pl\/sklep\/wp-content\/uploads\/2026\/04\/20327_2.jpg\",\"datePublished\":\"2026-04-15T08:06:32+00:00\",\"dateModified\":\"2026-04-15T08:07:08+00:00\",\"description\":\"Kijek selfie TELESIN z tripodem - \u2705 sklep z dronami i fachowym doradztwem. \u2705 Tutaj kupisz produkty DJI, Yuneec, Parrot, Syma i wiele innych, a tak\u017ce kursy i licencje na operatora drona.\",\"breadcrumb\":{\"@id\":\"https:\/\/ironsky.pl\/sklep\/produkt\/kijek-selfie-telesin-z-tripodem\/#breadcrumb\"},\"inLanguage\":\"pl-PL\",\"potentialAction\":[{\"@type\":\"ReadAction\",\"target\":[\"https:\/\/ironsky.pl\/sklep\/produkt\/kijek-selfie-telesin-z-tripodem\/\"]}]},{\"@type\":\"ImageObject\",\"inLanguage\":\"pl-PL\",\"@id\":\"https:\/\/ironsky.pl\/sklep\/produkt\/kijek-selfie-telesin-z-tripodem\/#primaryimage\",\"url\":\"https:\/\/ironsky.pl\/sklep\/wp-content\/uploads\/2026\/04\/20327_2.jpg\",\"contentUrl\":\"https:\/\/ironsky.pl\/sklep\/wp-content\/uploads\/2026\/04\/20327_2.jpg\",\"width\":1000,\"height\":1000},{\"@type\":\"BreadcrumbList\",\"@id\":\"https:\/\/ironsky.pl\/sklep\/produkt\/kijek-selfie-telesin-z-tripodem\/#breadcrumb\",\"itemListElement\":[{\"@type\":\"ListItem\",\"position\":1,\"name\":\"Strona g\u0142\u00f3wna\",\"item\":\"https:\/\/ironsky.pl\/sklep\/\"},{\"@type\":\"ListItem\",\"position\":2,\"name\":\"Wszystkie produkty\",\"item\":\"https:\/\/ironsky.pl\/sklep\/produkty\/\"},{\"@type\":\"ListItem\",\"position\":3,\"name\":\"Kijek selfie TELESIN z tripodem\"}]},{\"@type\":\"WebSite\",\"@id\":\"https:\/\/ironsky.pl\/sklep\/#website\",\"url\":\"https:\/\/ironsky.pl\/sklep\/\",\"name\":\"IRONSKY.PL Sklep z Dronami\",\"description\":\"IRONSKY.PL Sklep z Dronami\",\"potentialAction\":[{\"@type\":\"SearchAction\",\"target\":{\"@type\":\"EntryPoint\",\"urlTemplate\":\"https:\/\/ironsky.pl\/sklep\/?s={search_term_string}\"},\"query-input\":{\"@type\":\"PropertyValueSpecification\",\"valueRequired\":true,\"valueName\":\"search_term_string\"}}],\"inLanguage\":\"pl-PL\"}]}<\/script>\n<!-- \/ Yoast SEO plugin. -->","yoast_head_json":{"title":"Kijek selfie TELESIN z tripodem - IRONSKY.PL Sklep z Dronami","description":"Kijek selfie TELESIN z tripodem - \u2705 sklep z dronami i fachowym doradztwem. \u2705 Tutaj kupisz produkty DJI, Yuneec, Parrot, Syma i wiele innych, a tak\u017ce kursy i licencje na operatora drona.","robots":{"index":"index","follow":"follow","max-snippet":"max-snippet:-1","max-image-preview":"max-image-preview:large","max-video-preview":"max-video-preview:-1"},"canonical":"https:\/\/ironsky.pl\/sklep\/produkt\/kijek-selfie-telesin-z-tripodem\/","og_locale":"pl_PL","og_type":"article","og_title":"Kijek selfie TELESIN z tripodem - IRONSKY.PL Sklep z Dronami","og_description":"Kijek selfie TELESIN z tripodem - \u2705 sklep z dronami i fachowym doradztwem. \u2705 Tutaj kupisz produkty DJI, Yuneec, Parrot, Syma i wiele innych, a tak\u017ce kursy i licencje na operatora drona.","og_url":"https:\/\/ironsky.pl\/sklep\/produkt\/kijek-selfie-telesin-z-tripodem\/","og_site_name":"IRONSKY.PL Sklep z Dronami","article_modified_time":"2026-04-15T08:07:08+00:00","og_image":[{"width":1000,"height":1000,"url":"https:\/\/ironsky.pl\/sklep\/wp-content\/uploads\/2026\/04\/20327_2.jpg","type":"image\/jpeg"}],"twitter_card":"summary_large_image","twitter_misc":{"Szacowany czas czytania":"2 minuty"},"schema":{"@context":"https:\/\/schema.org","@graph":[{"@type":"WebPage","@id":"https:\/\/ironsky.pl\/sklep\/produkt\/kijek-selfie-telesin-z-tripodem\/","url":"https:\/\/ironsky.pl\/sklep\/produkt\/kijek-selfie-telesin-z-tripodem\/","name":"Kijek selfie TELESIN z tripodem - IRONSKY.PL Sklep z Dronami","isPartOf":{"@id":"https:\/\/ironsky.pl\/sklep\/#website"},"primaryImageOfPage":{"@id":"https:\/\/ironsky.pl\/sklep\/produkt\/kijek-selfie-telesin-z-tripodem\/#primaryimage"},"image":{"@id":"https:\/\/ironsky.pl\/sklep\/produkt\/kijek-selfie-telesin-z-tripodem\/#primaryimage"},"thumbnailUrl":"https:\/\/ironsky.pl\/sklep\/wp-content\/uploads\/2026\/04\/20327_2.jpg","datePublished":"2026-04-15T08:06:32+00:00","dateModified":"2026-04-15T08:07:08+00:00","description":"Kijek selfie TELESIN z tripodem - \u2705 sklep z dronami i fachowym doradztwem. \u2705 Tutaj kupisz produkty DJI, Yuneec, Parrot, Syma i wiele innych, a tak\u017ce kursy i licencje na operatora drona.","breadcrumb":{"@id":"https:\/\/ironsky.pl\/sklep\/produkt\/kijek-selfie-telesin-z-tripodem\/#breadcrumb"},"inLanguage":"pl-PL","potentialAction":[{"@type":"ReadAction","target":["https:\/\/ironsky.pl\/sklep\/produkt\/kijek-selfie-telesin-z-tripodem\/"]}]},{"@type":"ImageObject","inLanguage":"pl-PL","@id":"https:\/\/ironsky.pl\/sklep\/produkt\/kijek-selfie-telesin-z-tripodem\/#primaryimage","url":"https:\/\/ironsky.pl\/sklep\/wp-content\/uploads\/2026\/04\/20327_2.jpg","contentUrl":"https:\/\/ironsky.pl\/sklep\/wp-content\/uploads\/2026\/04\/20327_2.jpg","width":1000,"height":1000},{"@type":"BreadcrumbList","@id":"https:\/\/ironsky.pl\/sklep\/produkt\/kijek-selfie-telesin-z-tripodem\/#breadcrumb","itemListElement":[{"@type":"ListItem","position":1,"name":"Strona g\u0142\u00f3wna","item":"https:\/\/ironsky.pl\/sklep\/"},{"@type":"ListItem","position":2,"name":"Wszystkie produkty","item":"https:\/\/ironsky.pl\/sklep\/produkty\/"},{"@type":"ListItem","position":3,"name":"Kijek selfie TELESIN z tripodem"}]},{"@type":"WebSite","@id":"https:\/\/ironsky.pl\/sklep\/#website","url":"https:\/\/ironsky.pl\/sklep\/","name":"IRONSKY.PL Sklep z Dronami","description":"IRONSKY.PL Sklep z Dronami","potentialAction":[{"@type":"SearchAction","target":{"@type":"EntryPoint","urlTemplate":"https:\/\/ironsky.pl\/sklep\/?s={search_term_string}"},"query-input":{"@type":"PropertyValueSpecification","valueRequired":true,"valueName":"search_term_string"}}],"inLanguage":"pl-PL"}]}},"_links":{"self":[{"href":"https:\/\/ironsky.pl\/sklep\/wp-json\/wp\/v2\/product\/55689","targetHints":{"allow":["GET"]}}],"collection":[{"href":"https:\/\/ironsky.pl\/sklep\/wp-json\/wp\/v2\/product"}],"about":[{"href":"https:\/\/ironsky.pl\/sklep\/wp-json\/wp\/v2\/types\/product"}],"replies":[{"embeddable":true,"href":"https:\/\/ironsky.pl\/sklep\/wp-json\/wp\/v2\/comments?post=55689"}],"wp:featuredmedia":[{"embeddable":true,"href":"https:\/\/ironsky.pl\/sklep\/wp-json\/wp\/v2\/media\/55690"}],"wp:attachment":[{"href":"https:\/\/ironsky.pl\/sklep\/wp-json\/wp\/v2\/media?parent=55689"}],"wp:term":[{"taxonomy":"product_brand","embeddable":true,"href":"https:\/\/ironsky.pl\/sklep\/wp-json\/wp\/v2\/product_brand?post=55689"},{"taxonomy":"product_cat","embeddable":true,"href":"https:\/\/ironsky.pl\/sklep\/wp-json\/wp\/v2\/product_cat?post=55689"},{"taxonomy":"product_tag","embeddable":true,"href":"https:\/\/ironsky.pl\/sklep\/wp-json\/wp\/v2\/product_tag?post=55689"}],"curies":[{"name":"wp","href":"https:\/\/api.w.org\/{rel}","templated":true}]}}