{"id":55671,"date":"2026-04-15T10:06:32","date_gmt":"2026-04-15T08:06:32","guid":{"rendered":"https:\/\/ironsky.pl\/sklep\/produkt\/ladowarka-3-kanalowa-telesin-box-do-gopro-hero-9-12\/"},"modified":"2026-04-15T10:44:43","modified_gmt":"2026-04-15T08:44:43","slug":"ladowarka-3-kanalowa-telesin-box-do-gopro-hero-9-12","status":"publish","type":"product","link":"https:\/\/ironsky.pl\/sklep\/produkt\/ladowarka-3-kanalowa-telesin-box-do-gopro-hero-9-12\/","title":{"rendered":"\u0141adowarka 3-kana\u0142owa TELESIN Box do GoPro Hero 9-12"},"content":{"rendered":"<h3>\u0141adowarka tr\u00f3jkana\u0142owa Telesin Box do GoPro\u00a0Hero 12 \/ Hero 11 \/ Hero 10 \/ Hero 9<\/h3>\n<p>\u0141adowarka 3w1 marki Telesin umo\u017cliwia szybkie \u0142adowanie do 3 akumulator\u00f3w GoPro Hero jednocze\u015bnie. Lekka i kompaktowa &#8211; mo\u017cesz mie\u0107 j\u0105 zawsze pod r\u0119k\u0105. Jej z\u0142o\u017cony system zabezpiecze\u0144 sprawia, \u017ce korzystanie z niej nie wi\u0105\u017ce si\u0119 z \u017cadnym ryzykiem. Co wi\u0119cej, wbudowane wska\u017aniki LED w czasie rzeczywistym informuj\u0105 o statusie \u0142adowania. Dodatkow\u0105 zalet\u0105 \u0142adowarki jest silikonowa przegr\u00f3dka, w kt\u00f3rej przechowasz nawet 2 karty pami\u0119ci TF.<\/p>\n<p><img decoding=\"async\" src=\"https:\/\/b2b.innpro.pl\/data\/include\/cms\/Edyta\/telesin\/GP-BCG-901\/2.jpg\" border=\"0\" \/><\/p>\n<h3>Szybkie \u0142adowanie akumulator\u00f3w do Twojej kamery<\/h3>\n<p>Produkt obs\u0142uguje szybkie \u0142adowanie 2,4 A. To oznacza, \u017ce mo\u017ce na\u0142adowa\u0107 3 akumulatory do GoPro Hero 12 \/ Hero 11 \/ Hero 10 \/ Hero 9 w zaledwie 2,5 godziny. \u0141adowarka zosta\u0142a wyposa\u017cona w port USB-C, dzi\u0119ki czemu jest niesamowicie uniwersalna &#8211; aby z niej skorzysta\u0107, nie potrzebujesz dodatkowych adapter\u00f3w.<\/p>\n<p><img decoding=\"async\" src=\"https:\/\/b2b.innpro.pl\/data\/include\/cms\/Edyta\/telesin\/GP-BCG-901\/4.jpg\" border=\"0\" \/><\/p>\n<h3>Nie obawiaj si\u0119 o bezpiecze\u0144stwo swoich sprz\u0119t\u00f3w<\/h3>\n<p>Specjalny system zabezpiecze\u0144 chroni \u0142adowark\u0119 oraz akumulatory przed uszkodzeniem. Urz\u0105dzeniom nie grozi prze\u0142adowanie, przeci\u0105\u017cenie, przepi\u0119cie, zwarcie czy zbyt wysoka temperatura. Bezpiecze\u0144stwo u\u017cytkowania sprz\u0119tu zwi\u0119ksza specjalna, ognioodporna obudowa.<\/p>\n<p><img decoding=\"async\" src=\"https:\/\/b2b.innpro.pl\/data\/include\/cms\/Edyta\/telesin\/GP-BCG-901\/3.jpg\" border=\"0\" \/><\/p>\n<h3>\u0141atwy dost\u0119p do najwa\u017cniejszych informacji<\/h3>\n<p>Wbudowane diody LED u\u0142atwiaj\u0105 obs\u0142ug\u0119 \u0142adowarki, na bie\u017c\u0105co dostarczaj\u0105c Ci informacji o statusie \u0142adowania. Zielony kolor oznacza na przyk\u0142ad, \u017ce zosta\u0142o ono zako\u0144czone, a \u017c\u00f3\u0142ty, \u017ce akumulator jest ju\u017c prawie na\u0142adowany. Kolor niebieski sygnalizuje, \u017ce \u0142adowarka przesz\u0142a w tryb czuwania, a czerwony, \u017ce trwa \u0142adowanie.<\/p>\n<p><img decoding=\"async\" src=\"https:\/\/b2b.innpro.pl\/data\/include\/cms\/Edyta\/telesin\/GP-BCG-901\/7.jpg\" border=\"0\" \/><\/p>\n<h3>Niesamowicie praktyczny design<\/h3>\n<p>Urz\u0105dzenie jest przyjemne w dotyku, por\u0119czne i wygodne w u\u017cytkowaniu. Wa\u017cy tylko 68,31 g, nie obci\u0105\u017cy wi\u0119c Twojej torebki, walizki czy plecaka. Z \u0142atwo\u015bci\u0105 je zapakujesz i zabierzesz ze sob\u0105 wsz\u0119dzie, gdzie b\u0119dzie Ci potrzebne &#8211; w plener, na wakacje z przyjaci\u00f3\u0142mi czy w dalek\u0105 podr\u00f3\u017c. Antypo\u015blizgowe, silikonowe podk\u0142adki umo\u017cliwiaj\u0105 stabilne postawienie \u0142adowarki na dowolnej powierzchni. Wieczko urz\u0105dzenia zosta\u0142o z kolei wyposa\u017cone w magnetyczne zamkni\u0119cie.<\/p>\n<p><img decoding=\"async\" src=\"https:\/\/b2b.innpro.pl\/data\/include\/cms\/Edyta\/telesin\/GP-BCG-901\/8.jpg\" border=\"0\" \/><\/p>\n<div class=\"table-wrapper\">\n<table>\n<tbody>\n<tr>\n<th><span>Producent<\/span><\/th>\n<td><span>Telesin<\/span><\/td>\n<\/tr>\n<tr>\n<th><span>Nazwa<\/span><\/th>\n<td>Telesin 3-SLOT Charger box for GoPro<\/td>\n<\/tr>\n<tr>\n<th><span>Model<\/span><\/th>\n<td><span>GP-BCG-901<\/span><\/td>\n<\/tr>\n<tr>\n<th><span>Waga<\/span><\/th>\n<td><span>68.31g<\/span><\/td>\n<\/tr>\n<tr>\n<th><span>Wymiary<\/span><\/th>\n<td><span>124 x 105 x 56 mm<\/span><\/td>\n<\/tr>\n<tr>\n<th><span>Napi\u0119cie wej\u015bciowe<\/span><\/th>\n<td><span>5V 2.4A<\/span><\/td>\n<\/tr>\n<tr>\n<th><span>Napi\u0119cie wyj\u015bciowe<\/span><\/th>\n<td><span>4.4V (przy \u0142adowaniu 3 baterii jednocze\u015bnie)<\/span><\/td>\n<\/tr>\n<tr>\n<th><span>Kompatybilno\u015b\u0107<\/span><\/th>\n<td>\n<p><span>baterie do kamery sportowej <\/span><\/p>\n<p><span>GoPro Hero 12 \/ Hero 11 \/ Hero 10 \/ Hero 9<\/span><\/p>\n<\/td>\n<\/tr>\n<tr>\n<th><span>Kolor<\/span><\/th>\n<td><span>czarny<\/span><\/td>\n<\/tr>\n<\/tbody>\n<\/table>\n<\/div>\n","protected":false},"excerpt":{"rendered":"<p>\u0141adowarka tr\u00f3jkana\u0142owa Telesin Box do GoPro\u00a0Hero 12 \/ Hero 11 \/ Hero 10 \/ Hero 9 \u0141adowarka 3w1 marki Telesin<\/p>\n","protected":false},"featured_media":55672,"comment_status":"closed","ping_status":"open","template":"","meta":{"_acf_changed":false},"product_brand":[],"product_cat":[1130,1137,1128],"product_tag":[],"class_list":{"0":"post-55671","1":"product","2":"type-product","3":"status-publish","4":"has-post-thumbnail","6":"product_cat-akcesoria-foto","7":"product_cat-do-kamer-sportowych","8":"product_cat-foto-wideo","9":"pa_okres-gwarancji-5754","10":"pa_producent-telesin","12":"first","13":"outofstock","14":"taxable","15":"shipping-taxable","16":"purchasable","17":"product-type-simple"},"acf":[],"yoast_head":"<!-- This site is optimized with the Yoast SEO plugin v27.2 - https:\/\/yoast.com\/product\/yoast-seo-wordpress\/ -->\n<title>\u0141adowarka 3-kana\u0142owa TELESIN Box do GoPro Hero 9-12 - IRONSKY.PL Sklep z Dronami<\/title>\n<meta name=\"description\" content=\"\u0141adowarka 3-kana\u0142owa TELESIN Box do GoPro Hero 9-12 - \u2705 sklep z dronami i fachowym doradztwem. \u2705 Tutaj kupisz produkty DJI, Yuneec, Parrot, Syma i wiele innych, a tak\u017ce kursy i licencje na operatora drona.\" \/>\n<meta name=\"robots\" content=\"index, follow, max-snippet:-1, max-image-preview:large, max-video-preview:-1\" \/>\n<link rel=\"canonical\" href=\"https:\/\/ironsky.pl\/sklep\/produkt\/ladowarka-3-kanalowa-telesin-box-do-gopro-hero-9-12\/\" \/>\n<meta property=\"og:locale\" content=\"pl_PL\" \/>\n<meta property=\"og:type\" content=\"article\" \/>\n<meta property=\"og:title\" content=\"\u0141adowarka 3-kana\u0142owa TELESIN Box do GoPro Hero 9-12 - IRONSKY.PL Sklep z Dronami\" \/>\n<meta property=\"og:description\" content=\"\u0141adowarka 3-kana\u0142owa TELESIN Box do GoPro Hero 9-12 - \u2705 sklep z dronami i fachowym doradztwem. \u2705 Tutaj kupisz produkty DJI, Yuneec, Parrot, Syma i wiele innych, a tak\u017ce kursy i licencje na operatora drona.\" \/>\n<meta property=\"og:url\" content=\"https:\/\/ironsky.pl\/sklep\/produkt\/ladowarka-3-kanalowa-telesin-box-do-gopro-hero-9-12\/\" \/>\n<meta property=\"og:site_name\" content=\"IRONSKY.PL Sklep z Dronami\" \/>\n<meta property=\"article:modified_time\" content=\"2026-04-15T08:44:43+00:00\" \/>\n<meta property=\"og:image\" content=\"https:\/\/ironsky.pl\/sklep\/wp-content\/uploads\/2026\/04\/20313_1.png\" \/>\n\t<meta property=\"og:image:width\" content=\"948\" \/>\n\t<meta property=\"og:image:height\" content=\"942\" \/>\n\t<meta property=\"og:image:type\" content=\"image\/png\" \/>\n<meta name=\"twitter:card\" content=\"summary_large_image\" \/>\n<meta name=\"twitter:label1\" content=\"Szacowany czas czytania\" \/>\n\t<meta name=\"twitter:data1\" content=\"2 minuty\" \/>\n<script type=\"application\/ld+json\" class=\"yoast-schema-graph\">{\"@context\":\"https:\/\/schema.org\",\"@graph\":[{\"@type\":\"WebPage\",\"@id\":\"https:\/\/ironsky.pl\/sklep\/produkt\/ladowarka-3-kanalowa-telesin-box-do-gopro-hero-9-12\/\",\"url\":\"https:\/\/ironsky.pl\/sklep\/produkt\/ladowarka-3-kanalowa-telesin-box-do-gopro-hero-9-12\/\",\"name\":\"\u0141adowarka 3-kana\u0142owa TELESIN Box do GoPro Hero 9-12 - IRONSKY.PL Sklep z Dronami\",\"isPartOf\":{\"@id\":\"https:\/\/ironsky.pl\/sklep\/#website\"},\"primaryImageOfPage\":{\"@id\":\"https:\/\/ironsky.pl\/sklep\/produkt\/ladowarka-3-kanalowa-telesin-box-do-gopro-hero-9-12\/#primaryimage\"},\"image\":{\"@id\":\"https:\/\/ironsky.pl\/sklep\/produkt\/ladowarka-3-kanalowa-telesin-box-do-gopro-hero-9-12\/#primaryimage\"},\"thumbnailUrl\":\"https:\/\/ironsky.pl\/sklep\/wp-content\/uploads\/2026\/04\/20313_1.png\",\"datePublished\":\"2026-04-15T08:06:32+00:00\",\"dateModified\":\"2026-04-15T08:44:43+00:00\",\"description\":\"\u0141adowarka 3-kana\u0142owa TELESIN Box do GoPro Hero 9-12 - \u2705 sklep z dronami i fachowym doradztwem. \u2705 Tutaj kupisz produkty DJI, Yuneec, Parrot, Syma i wiele innych, a tak\u017ce kursy i licencje na operatora drona.\",\"breadcrumb\":{\"@id\":\"https:\/\/ironsky.pl\/sklep\/produkt\/ladowarka-3-kanalowa-telesin-box-do-gopro-hero-9-12\/#breadcrumb\"},\"inLanguage\":\"pl-PL\",\"potentialAction\":[{\"@type\":\"ReadAction\",\"target\":[\"https:\/\/ironsky.pl\/sklep\/produkt\/ladowarka-3-kanalowa-telesin-box-do-gopro-hero-9-12\/\"]}]},{\"@type\":\"ImageObject\",\"inLanguage\":\"pl-PL\",\"@id\":\"https:\/\/ironsky.pl\/sklep\/produkt\/ladowarka-3-kanalowa-telesin-box-do-gopro-hero-9-12\/#primaryimage\",\"url\":\"https:\/\/ironsky.pl\/sklep\/wp-content\/uploads\/2026\/04\/20313_1.png\",\"contentUrl\":\"https:\/\/ironsky.pl\/sklep\/wp-content\/uploads\/2026\/04\/20313_1.png\",\"width\":948,\"height\":942},{\"@type\":\"BreadcrumbList\",\"@id\":\"https:\/\/ironsky.pl\/sklep\/produkt\/ladowarka-3-kanalowa-telesin-box-do-gopro-hero-9-12\/#breadcrumb\",\"itemListElement\":[{\"@type\":\"ListItem\",\"position\":1,\"name\":\"Strona g\u0142\u00f3wna\",\"item\":\"https:\/\/ironsky.pl\/sklep\/\"},{\"@type\":\"ListItem\",\"position\":2,\"name\":\"Wszystkie produkty\",\"item\":\"https:\/\/ironsky.pl\/sklep\/produkty\/\"},{\"@type\":\"ListItem\",\"position\":3,\"name\":\"\u0141adowarka 3-kana\u0142owa TELESIN Box do GoPro Hero 9-12\"}]},{\"@type\":\"WebSite\",\"@id\":\"https:\/\/ironsky.pl\/sklep\/#website\",\"url\":\"https:\/\/ironsky.pl\/sklep\/\",\"name\":\"IRONSKY.PL Sklep z Dronami\",\"description\":\"IRONSKY.PL Sklep z Dronami\",\"potentialAction\":[{\"@type\":\"SearchAction\",\"target\":{\"@type\":\"EntryPoint\",\"urlTemplate\":\"https:\/\/ironsky.pl\/sklep\/?s={search_term_string}\"},\"query-input\":{\"@type\":\"PropertyValueSpecification\",\"valueRequired\":true,\"valueName\":\"search_term_string\"}}],\"inLanguage\":\"pl-PL\"}]}<\/script>\n<!-- \/ Yoast SEO plugin. -->","yoast_head_json":{"title":"\u0141adowarka 3-kana\u0142owa TELESIN Box do GoPro Hero 9-12 - IRONSKY.PL Sklep z Dronami","description":"\u0141adowarka 3-kana\u0142owa TELESIN Box do GoPro Hero 9-12 - \u2705 sklep z dronami i fachowym doradztwem. \u2705 Tutaj kupisz produkty DJI, Yuneec, Parrot, Syma i wiele innych, a tak\u017ce kursy i licencje na operatora drona.","robots":{"index":"index","follow":"follow","max-snippet":"max-snippet:-1","max-image-preview":"max-image-preview:large","max-video-preview":"max-video-preview:-1"},"canonical":"https:\/\/ironsky.pl\/sklep\/produkt\/ladowarka-3-kanalowa-telesin-box-do-gopro-hero-9-12\/","og_locale":"pl_PL","og_type":"article","og_title":"\u0141adowarka 3-kana\u0142owa TELESIN Box do GoPro Hero 9-12 - IRONSKY.PL Sklep z Dronami","og_description":"\u0141adowarka 3-kana\u0142owa TELESIN Box do GoPro Hero 9-12 - \u2705 sklep z dronami i fachowym doradztwem. \u2705 Tutaj kupisz produkty DJI, Yuneec, Parrot, Syma i wiele innych, a tak\u017ce kursy i licencje na operatora drona.","og_url":"https:\/\/ironsky.pl\/sklep\/produkt\/ladowarka-3-kanalowa-telesin-box-do-gopro-hero-9-12\/","og_site_name":"IRONSKY.PL Sklep z Dronami","article_modified_time":"2026-04-15T08:44:43+00:00","og_image":[{"width":948,"height":942,"url":"https:\/\/ironsky.pl\/sklep\/wp-content\/uploads\/2026\/04\/20313_1.png","type":"image\/png"}],"twitter_card":"summary_large_image","twitter_misc":{"Szacowany czas czytania":"2 minuty"},"schema":{"@context":"https:\/\/schema.org","@graph":[{"@type":"WebPage","@id":"https:\/\/ironsky.pl\/sklep\/produkt\/ladowarka-3-kanalowa-telesin-box-do-gopro-hero-9-12\/","url":"https:\/\/ironsky.pl\/sklep\/produkt\/ladowarka-3-kanalowa-telesin-box-do-gopro-hero-9-12\/","name":"\u0141adowarka 3-kana\u0142owa TELESIN Box do GoPro Hero 9-12 - IRONSKY.PL Sklep z Dronami","isPartOf":{"@id":"https:\/\/ironsky.pl\/sklep\/#website"},"primaryImageOfPage":{"@id":"https:\/\/ironsky.pl\/sklep\/produkt\/ladowarka-3-kanalowa-telesin-box-do-gopro-hero-9-12\/#primaryimage"},"image":{"@id":"https:\/\/ironsky.pl\/sklep\/produkt\/ladowarka-3-kanalowa-telesin-box-do-gopro-hero-9-12\/#primaryimage"},"thumbnailUrl":"https:\/\/ironsky.pl\/sklep\/wp-content\/uploads\/2026\/04\/20313_1.png","datePublished":"2026-04-15T08:06:32+00:00","dateModified":"2026-04-15T08:44:43+00:00","description":"\u0141adowarka 3-kana\u0142owa TELESIN Box do GoPro Hero 9-12 - \u2705 sklep z dronami i fachowym doradztwem. \u2705 Tutaj kupisz produkty DJI, Yuneec, Parrot, Syma i wiele innych, a tak\u017ce kursy i licencje na operatora drona.","breadcrumb":{"@id":"https:\/\/ironsky.pl\/sklep\/produkt\/ladowarka-3-kanalowa-telesin-box-do-gopro-hero-9-12\/#breadcrumb"},"inLanguage":"pl-PL","potentialAction":[{"@type":"ReadAction","target":["https:\/\/ironsky.pl\/sklep\/produkt\/ladowarka-3-kanalowa-telesin-box-do-gopro-hero-9-12\/"]}]},{"@type":"ImageObject","inLanguage":"pl-PL","@id":"https:\/\/ironsky.pl\/sklep\/produkt\/ladowarka-3-kanalowa-telesin-box-do-gopro-hero-9-12\/#primaryimage","url":"https:\/\/ironsky.pl\/sklep\/wp-content\/uploads\/2026\/04\/20313_1.png","contentUrl":"https:\/\/ironsky.pl\/sklep\/wp-content\/uploads\/2026\/04\/20313_1.png","width":948,"height":942},{"@type":"BreadcrumbList","@id":"https:\/\/ironsky.pl\/sklep\/produkt\/ladowarka-3-kanalowa-telesin-box-do-gopro-hero-9-12\/#breadcrumb","itemListElement":[{"@type":"ListItem","position":1,"name":"Strona g\u0142\u00f3wna","item":"https:\/\/ironsky.pl\/sklep\/"},{"@type":"ListItem","position":2,"name":"Wszystkie produkty","item":"https:\/\/ironsky.pl\/sklep\/produkty\/"},{"@type":"ListItem","position":3,"name":"\u0141adowarka 3-kana\u0142owa TELESIN Box do GoPro Hero 9-12"}]},{"@type":"WebSite","@id":"https:\/\/ironsky.pl\/sklep\/#website","url":"https:\/\/ironsky.pl\/sklep\/","name":"IRONSKY.PL Sklep z Dronami","description":"IRONSKY.PL Sklep z Dronami","potentialAction":[{"@type":"SearchAction","target":{"@type":"EntryPoint","urlTemplate":"https:\/\/ironsky.pl\/sklep\/?s={search_term_string}"},"query-input":{"@type":"PropertyValueSpecification","valueRequired":true,"valueName":"search_term_string"}}],"inLanguage":"pl-PL"}]}},"_links":{"self":[{"href":"https:\/\/ironsky.pl\/sklep\/wp-json\/wp\/v2\/product\/55671","targetHints":{"allow":["GET"]}}],"collection":[{"href":"https:\/\/ironsky.pl\/sklep\/wp-json\/wp\/v2\/product"}],"about":[{"href":"https:\/\/ironsky.pl\/sklep\/wp-json\/wp\/v2\/types\/product"}],"replies":[{"embeddable":true,"href":"https:\/\/ironsky.pl\/sklep\/wp-json\/wp\/v2\/comments?post=55671"}],"wp:featuredmedia":[{"embeddable":true,"href":"https:\/\/ironsky.pl\/sklep\/wp-json\/wp\/v2\/media\/55672"}],"wp:attachment":[{"href":"https:\/\/ironsky.pl\/sklep\/wp-json\/wp\/v2\/media?parent=55671"}],"wp:term":[{"taxonomy":"product_brand","embeddable":true,"href":"https:\/\/ironsky.pl\/sklep\/wp-json\/wp\/v2\/product_brand?post=55671"},{"taxonomy":"product_cat","embeddable":true,"href":"https:\/\/ironsky.pl\/sklep\/wp-json\/wp\/v2\/product_cat?post=55671"},{"taxonomy":"product_tag","embeddable":true,"href":"https:\/\/ironsky.pl\/sklep\/wp-json\/wp\/v2\/product_tag?post=55671"}],"curies":[{"name":"wp","href":"https:\/\/api.w.org\/{rel}","templated":true}]}}