{"id":55667,"date":"2026-04-15T10:06:32","date_gmt":"2026-04-15T08:06:32","guid":{"rendered":"https:\/\/ironsky.pl\/sklep\/produkt\/ladowarka-3-kanalowa-telesin-do-gopro-hero-9-12\/"},"modified":"2026-04-15T10:44:43","modified_gmt":"2026-04-15T08:44:43","slug":"ladowarka-3-kanalowa-telesin-do-gopro-hero-9-12","status":"publish","type":"product","link":"https:\/\/ironsky.pl\/sklep\/produkt\/ladowarka-3-kanalowa-telesin-do-gopro-hero-9-12\/","title":{"rendered":"\u0141adowarka 3-kana\u0142owa TELESIN do GoPro Hero 9-12"},"content":{"rendered":"<h3>\u0141adowarka Telesin GP-BCG-902 do akumulator\u00f3w GoPro Hero 12 \/Hero 11 \/ Hero 10 \/ Hero 9<\/h3>\n<p>\u0141adowarka marki Telesin umo\u017cliwia szybkie \u0142adowanie nawet 3 akumulator\u00f3w do kamery sportowej GoPro Hero 12 \/ Hero 11 \/ Hero 10 \/ Hero 9 jednocze\u015bnie. Zaawansowany system zabezpiecze\u0144 chroni je przed uszkodzeniem. Z kolei lekka waga 27,5 g i kompaktowy rozmiar sprawiaj\u0105, \u017ce \u015bwietnie sprawdzi si\u0119 r\u00f3wnie\u017c w podr\u00f3\u017cy. Urz\u0105dzenie zosta\u0142o wyposa\u017cone w specjalne diody, kt\u00f3re \u015bwiec\u0105 na czerwono w trakcie \u0142adowania, a na zielono, kiedy akumulator jest ju\u017c ca\u0142kowicie na\u0142adowany.<\/p>\n<p><img decoding=\"async\" src=\"https:\/\/b2b.innpro.pl\/data\/include\/cms\/Edyta\/telesin\/GP-BCG-902\/1.jpg\" border=\"0\" alt=\"Edyta\/telesin\/GP-BCG-902\/1\" \/><\/p>\n<h3>B\u0142yskawicznie na\u0142aduje akumulatory Twojej kamery<\/h3>\n<p>\u0141adowarka obs\u0142uguje szybkie \u0142adowanie 5V-2A. Jest kompatybilna z oryginalnymi akumulatorami GoPro Hero 12 \/ Hero 11 \/ Hero 10 \/ Hero 9. Aby ca\u0142kowicie na\u0142adowa\u0107 jeden z nich, wystarczy jej tylko 40 minut! Po zako\u0144czeniu \u0142adowania samoistnie przerywa prac\u0119, co sprawia, \u017ce jest bardziej energooszcz\u0119dna i przyjazna dla \u015brodowiska.<\/p>\n<p><img decoding=\"async\" src=\"https:\/\/b2b.innpro.pl\/data\/include\/cms\/Edyta\/telesin\/GP-BCG-902\/3.jpg\" border=\"0\" alt=\"Edyta\/telesin\/GP-BCG-902\/3\" \/><\/p>\n<h3>Ca\u0142kowite bezpiecze\u0144stwo u\u017cytkowania<\/h3>\n<p>Z\u0142o\u017cony system zabezpiecze\u0144 sprawia, \u017ce mo\u017cesz bez obaw u\u017cywa\u0107 produktu. Urz\u0105dzenie zosta\u0142o wyposa\u017cone mi\u0119dzy innymi w ochron\u0119 przed prze\u0142adowaniem, przeci\u0105\u017ceniem, przepi\u0119ciem i zwarciem. Swobodnie \u0142aduj akumulatory swojej kamery GoPro Hero &#8211; ani im, ani \u0142adowarce nie grozi uszkodzenie!<\/p>\n<p><img decoding=\"async\" src=\"https:\/\/b2b.innpro.pl\/data\/include\/cms\/Edyta\/telesin\/GP-BCG-902\/2.jpg\" border=\"0\" alt=\"Edyta\/telesin\/GP-BCG-902\/2\" \/><\/p>\n<h3>Zawsze pod r\u0119k\u0105<\/h3>\n<p>Urz\u0105dzenie jest te\u017c niesamowicie por\u0119czne, lekkie i kompaktowe, co sprawia, \u017ce jego transport nie stanowi najmniejszego nawet problemu. Niewielka waga i wymiary zaledwie 51,7&#215;59,6&#215;20,4 mm umo\u017cliwiaj\u0105 wygodne spakowanie \u0142adowarki do plecaka, walizki czy torebki, dzi\u0119ki czemu zabierzesz j\u0105 ze sob\u0105 niemal wsz\u0119dzie &#8211; w plener czy na wakacje. Akumulatory Twojej kamery sportowej zawsze b\u0119d\u0105 gotowe dostarczy\u0107 jej energii do tworzenia oryginalnych uj\u0119\u0107!<\/p>\n<p><img decoding=\"async\" src=\"https:\/\/b2b.innpro.pl\/data\/include\/cms\/Edyta\/telesin\/GP-BCG-902\/5.jpg\" border=\"0\" alt=\"Edyta\/telesin\/GP-BCG-902\/5\" \/><\/p>\n<h3>Zawarto\u015b\u0107 opakowania<\/h3>\n<ul>\n<li>\u0142adowarka tr\u00f3jkana\u0142owa Telesin GP-BCG-902<\/li>\n<li>kabel USB-C<\/li>\n<\/ul>\n<div class=\"table-wrapper\">\n<table>\n<tbody>\n<tr>\n<th>Producent<\/th>\n<td>Telesin<\/td>\n<\/tr>\n<tr>\n<th>Nazwa<\/th>\n<td>3-slot charger for GoPro Hero 9 \/ Hero 10 \/ Hero 11 \/ Hero 12<\/td>\n<\/tr>\n<tr>\n<th>Model<\/th>\n<td>GP-BCG-902<\/td>\n<\/tr>\n<tr>\n<th>Materia\u0142<\/th>\n<td>tworzywo sztuczne<\/td>\n<\/tr>\n<tr>\n<th>Napi\u0119cie wej\u015bciowe<\/th>\n<td>5V 2A<\/td>\n<\/tr>\n<tr>\n<th>Napi\u0119cie wyj\u015bciowe<\/th>\n<td>4.4V<\/td>\n<\/tr>\n<tr>\n<th>Wymiary<\/th>\n<td>5.96 x 5.17 x 2.04 cm<\/td>\n<\/tr>\n<tr>\n<th>Waga<\/th>\n<td>27.5g<\/td>\n<\/tr>\n<tr>\n<th>Kolor<\/th>\n<td>czarny<\/td>\n<\/tr>\n<\/tbody>\n<\/table>\n<\/div>\n","protected":false},"excerpt":{"rendered":"<p>\u0141adowarka Telesin GP-BCG-902 do akumulator\u00f3w GoPro Hero 12 \/Hero 11 \/ Hero 10 \/ Hero 9 \u0141adowarka marki Telesin umo\u017cliwia<\/p>\n","protected":false},"featured_media":55668,"comment_status":"closed","ping_status":"open","template":"","meta":{"_acf_changed":false},"product_brand":[],"product_cat":[1130,1137,1128],"product_tag":[],"class_list":{"0":"post-55667","1":"product","2":"type-product","3":"status-publish","4":"has-post-thumbnail","6":"product_cat-akcesoria-foto","7":"product_cat-do-kamer-sportowych","8":"product_cat-foto-wideo","9":"pa_okres-gwarancji-5754","10":"pa_producent-telesin","12":"first","13":"outofstock","14":"taxable","15":"shipping-taxable","16":"purchasable","17":"product-type-simple"},"acf":[],"yoast_head":"<!-- This site is optimized with the Yoast SEO plugin v27.2 - https:\/\/yoast.com\/product\/yoast-seo-wordpress\/ -->\n<title>\u0141adowarka 3-kana\u0142owa TELESIN do GoPro Hero 9-12 - IRONSKY.PL Sklep z Dronami<\/title>\n<meta name=\"description\" content=\"\u0141adowarka 3-kana\u0142owa TELESIN do GoPro Hero 9-12 - \u2705 sklep z dronami i fachowym doradztwem. \u2705 Tutaj kupisz produkty DJI, Yuneec, Parrot, Syma i wiele innych, a tak\u017ce kursy i licencje na operatora drona.\" \/>\n<meta name=\"robots\" content=\"index, follow, max-snippet:-1, max-image-preview:large, max-video-preview:-1\" \/>\n<link rel=\"canonical\" href=\"https:\/\/ironsky.pl\/sklep\/produkt\/ladowarka-3-kanalowa-telesin-do-gopro-hero-9-12\/\" \/>\n<meta property=\"og:locale\" content=\"pl_PL\" \/>\n<meta property=\"og:type\" content=\"article\" \/>\n<meta property=\"og:title\" content=\"\u0141adowarka 3-kana\u0142owa TELESIN do GoPro Hero 9-12 - IRONSKY.PL Sklep z Dronami\" \/>\n<meta property=\"og:description\" content=\"\u0141adowarka 3-kana\u0142owa TELESIN do GoPro Hero 9-12 - \u2705 sklep z dronami i fachowym doradztwem. \u2705 Tutaj kupisz produkty DJI, Yuneec, Parrot, Syma i wiele innych, a tak\u017ce kursy i licencje na operatora drona.\" \/>\n<meta property=\"og:url\" content=\"https:\/\/ironsky.pl\/sklep\/produkt\/ladowarka-3-kanalowa-telesin-do-gopro-hero-9-12\/\" \/>\n<meta property=\"og:site_name\" content=\"IRONSKY.PL Sklep z Dronami\" \/>\n<meta property=\"article:modified_time\" content=\"2026-04-15T08:44:43+00:00\" \/>\n<meta property=\"og:image\" content=\"https:\/\/ironsky.pl\/sklep\/wp-content\/uploads\/2026\/04\/20293_1.png\" \/>\n\t<meta property=\"og:image:width\" content=\"881\" \/>\n\t<meta property=\"og:image:height\" content=\"887\" \/>\n\t<meta property=\"og:image:type\" content=\"image\/png\" \/>\n<meta name=\"twitter:card\" content=\"summary_large_image\" \/>\n<meta name=\"twitter:label1\" content=\"Szacowany czas czytania\" \/>\n\t<meta name=\"twitter:data1\" content=\"2 minuty\" \/>\n<script type=\"application\/ld+json\" class=\"yoast-schema-graph\">{\"@context\":\"https:\/\/schema.org\",\"@graph\":[{\"@type\":\"WebPage\",\"@id\":\"https:\/\/ironsky.pl\/sklep\/produkt\/ladowarka-3-kanalowa-telesin-do-gopro-hero-9-12\/\",\"url\":\"https:\/\/ironsky.pl\/sklep\/produkt\/ladowarka-3-kanalowa-telesin-do-gopro-hero-9-12\/\",\"name\":\"\u0141adowarka 3-kana\u0142owa TELESIN do GoPro Hero 9-12 - IRONSKY.PL Sklep z Dronami\",\"isPartOf\":{\"@id\":\"https:\/\/ironsky.pl\/sklep\/#website\"},\"primaryImageOfPage\":{\"@id\":\"https:\/\/ironsky.pl\/sklep\/produkt\/ladowarka-3-kanalowa-telesin-do-gopro-hero-9-12\/#primaryimage\"},\"image\":{\"@id\":\"https:\/\/ironsky.pl\/sklep\/produkt\/ladowarka-3-kanalowa-telesin-do-gopro-hero-9-12\/#primaryimage\"},\"thumbnailUrl\":\"https:\/\/ironsky.pl\/sklep\/wp-content\/uploads\/2026\/04\/20293_1.png\",\"datePublished\":\"2026-04-15T08:06:32+00:00\",\"dateModified\":\"2026-04-15T08:44:43+00:00\",\"description\":\"\u0141adowarka 3-kana\u0142owa TELESIN do GoPro Hero 9-12 - \u2705 sklep z dronami i fachowym doradztwem. \u2705 Tutaj kupisz produkty DJI, Yuneec, Parrot, Syma i wiele innych, a tak\u017ce kursy i licencje na operatora drona.\",\"breadcrumb\":{\"@id\":\"https:\/\/ironsky.pl\/sklep\/produkt\/ladowarka-3-kanalowa-telesin-do-gopro-hero-9-12\/#breadcrumb\"},\"inLanguage\":\"pl-PL\",\"potentialAction\":[{\"@type\":\"ReadAction\",\"target\":[\"https:\/\/ironsky.pl\/sklep\/produkt\/ladowarka-3-kanalowa-telesin-do-gopro-hero-9-12\/\"]}]},{\"@type\":\"ImageObject\",\"inLanguage\":\"pl-PL\",\"@id\":\"https:\/\/ironsky.pl\/sklep\/produkt\/ladowarka-3-kanalowa-telesin-do-gopro-hero-9-12\/#primaryimage\",\"url\":\"https:\/\/ironsky.pl\/sklep\/wp-content\/uploads\/2026\/04\/20293_1.png\",\"contentUrl\":\"https:\/\/ironsky.pl\/sklep\/wp-content\/uploads\/2026\/04\/20293_1.png\",\"width\":881,\"height\":887},{\"@type\":\"BreadcrumbList\",\"@id\":\"https:\/\/ironsky.pl\/sklep\/produkt\/ladowarka-3-kanalowa-telesin-do-gopro-hero-9-12\/#breadcrumb\",\"itemListElement\":[{\"@type\":\"ListItem\",\"position\":1,\"name\":\"Strona g\u0142\u00f3wna\",\"item\":\"https:\/\/ironsky.pl\/sklep\/\"},{\"@type\":\"ListItem\",\"position\":2,\"name\":\"Wszystkie produkty\",\"item\":\"https:\/\/ironsky.pl\/sklep\/produkty\/\"},{\"@type\":\"ListItem\",\"position\":3,\"name\":\"\u0141adowarka 3-kana\u0142owa TELESIN do GoPro Hero 9-12\"}]},{\"@type\":\"WebSite\",\"@id\":\"https:\/\/ironsky.pl\/sklep\/#website\",\"url\":\"https:\/\/ironsky.pl\/sklep\/\",\"name\":\"IRONSKY.PL Sklep z Dronami\",\"description\":\"IRONSKY.PL Sklep z Dronami\",\"potentialAction\":[{\"@type\":\"SearchAction\",\"target\":{\"@type\":\"EntryPoint\",\"urlTemplate\":\"https:\/\/ironsky.pl\/sklep\/?s={search_term_string}\"},\"query-input\":{\"@type\":\"PropertyValueSpecification\",\"valueRequired\":true,\"valueName\":\"search_term_string\"}}],\"inLanguage\":\"pl-PL\"}]}<\/script>\n<!-- \/ Yoast SEO plugin. -->","yoast_head_json":{"title":"\u0141adowarka 3-kana\u0142owa TELESIN do GoPro Hero 9-12 - IRONSKY.PL Sklep z Dronami","description":"\u0141adowarka 3-kana\u0142owa TELESIN do GoPro Hero 9-12 - \u2705 sklep z dronami i fachowym doradztwem. \u2705 Tutaj kupisz produkty DJI, Yuneec, Parrot, Syma i wiele innych, a tak\u017ce kursy i licencje na operatora drona.","robots":{"index":"index","follow":"follow","max-snippet":"max-snippet:-1","max-image-preview":"max-image-preview:large","max-video-preview":"max-video-preview:-1"},"canonical":"https:\/\/ironsky.pl\/sklep\/produkt\/ladowarka-3-kanalowa-telesin-do-gopro-hero-9-12\/","og_locale":"pl_PL","og_type":"article","og_title":"\u0141adowarka 3-kana\u0142owa TELESIN do GoPro Hero 9-12 - IRONSKY.PL Sklep z Dronami","og_description":"\u0141adowarka 3-kana\u0142owa TELESIN do GoPro Hero 9-12 - \u2705 sklep z dronami i fachowym doradztwem. \u2705 Tutaj kupisz produkty DJI, Yuneec, Parrot, Syma i wiele innych, a tak\u017ce kursy i licencje na operatora drona.","og_url":"https:\/\/ironsky.pl\/sklep\/produkt\/ladowarka-3-kanalowa-telesin-do-gopro-hero-9-12\/","og_site_name":"IRONSKY.PL Sklep z Dronami","article_modified_time":"2026-04-15T08:44:43+00:00","og_image":[{"width":881,"height":887,"url":"https:\/\/ironsky.pl\/sklep\/wp-content\/uploads\/2026\/04\/20293_1.png","type":"image\/png"}],"twitter_card":"summary_large_image","twitter_misc":{"Szacowany czas czytania":"2 minuty"},"schema":{"@context":"https:\/\/schema.org","@graph":[{"@type":"WebPage","@id":"https:\/\/ironsky.pl\/sklep\/produkt\/ladowarka-3-kanalowa-telesin-do-gopro-hero-9-12\/","url":"https:\/\/ironsky.pl\/sklep\/produkt\/ladowarka-3-kanalowa-telesin-do-gopro-hero-9-12\/","name":"\u0141adowarka 3-kana\u0142owa TELESIN do GoPro Hero 9-12 - IRONSKY.PL Sklep z Dronami","isPartOf":{"@id":"https:\/\/ironsky.pl\/sklep\/#website"},"primaryImageOfPage":{"@id":"https:\/\/ironsky.pl\/sklep\/produkt\/ladowarka-3-kanalowa-telesin-do-gopro-hero-9-12\/#primaryimage"},"image":{"@id":"https:\/\/ironsky.pl\/sklep\/produkt\/ladowarka-3-kanalowa-telesin-do-gopro-hero-9-12\/#primaryimage"},"thumbnailUrl":"https:\/\/ironsky.pl\/sklep\/wp-content\/uploads\/2026\/04\/20293_1.png","datePublished":"2026-04-15T08:06:32+00:00","dateModified":"2026-04-15T08:44:43+00:00","description":"\u0141adowarka 3-kana\u0142owa TELESIN do GoPro Hero 9-12 - \u2705 sklep z dronami i fachowym doradztwem. \u2705 Tutaj kupisz produkty DJI, Yuneec, Parrot, Syma i wiele innych, a tak\u017ce kursy i licencje na operatora drona.","breadcrumb":{"@id":"https:\/\/ironsky.pl\/sklep\/produkt\/ladowarka-3-kanalowa-telesin-do-gopro-hero-9-12\/#breadcrumb"},"inLanguage":"pl-PL","potentialAction":[{"@type":"ReadAction","target":["https:\/\/ironsky.pl\/sklep\/produkt\/ladowarka-3-kanalowa-telesin-do-gopro-hero-9-12\/"]}]},{"@type":"ImageObject","inLanguage":"pl-PL","@id":"https:\/\/ironsky.pl\/sklep\/produkt\/ladowarka-3-kanalowa-telesin-do-gopro-hero-9-12\/#primaryimage","url":"https:\/\/ironsky.pl\/sklep\/wp-content\/uploads\/2026\/04\/20293_1.png","contentUrl":"https:\/\/ironsky.pl\/sklep\/wp-content\/uploads\/2026\/04\/20293_1.png","width":881,"height":887},{"@type":"BreadcrumbList","@id":"https:\/\/ironsky.pl\/sklep\/produkt\/ladowarka-3-kanalowa-telesin-do-gopro-hero-9-12\/#breadcrumb","itemListElement":[{"@type":"ListItem","position":1,"name":"Strona g\u0142\u00f3wna","item":"https:\/\/ironsky.pl\/sklep\/"},{"@type":"ListItem","position":2,"name":"Wszystkie produkty","item":"https:\/\/ironsky.pl\/sklep\/produkty\/"},{"@type":"ListItem","position":3,"name":"\u0141adowarka 3-kana\u0142owa TELESIN do GoPro Hero 9-12"}]},{"@type":"WebSite","@id":"https:\/\/ironsky.pl\/sklep\/#website","url":"https:\/\/ironsky.pl\/sklep\/","name":"IRONSKY.PL Sklep z Dronami","description":"IRONSKY.PL Sklep z Dronami","potentialAction":[{"@type":"SearchAction","target":{"@type":"EntryPoint","urlTemplate":"https:\/\/ironsky.pl\/sklep\/?s={search_term_string}"},"query-input":{"@type":"PropertyValueSpecification","valueRequired":true,"valueName":"search_term_string"}}],"inLanguage":"pl-PL"}]}},"_links":{"self":[{"href":"https:\/\/ironsky.pl\/sklep\/wp-json\/wp\/v2\/product\/55667","targetHints":{"allow":["GET"]}}],"collection":[{"href":"https:\/\/ironsky.pl\/sklep\/wp-json\/wp\/v2\/product"}],"about":[{"href":"https:\/\/ironsky.pl\/sklep\/wp-json\/wp\/v2\/types\/product"}],"replies":[{"embeddable":true,"href":"https:\/\/ironsky.pl\/sklep\/wp-json\/wp\/v2\/comments?post=55667"}],"wp:featuredmedia":[{"embeddable":true,"href":"https:\/\/ironsky.pl\/sklep\/wp-json\/wp\/v2\/media\/55668"}],"wp:attachment":[{"href":"https:\/\/ironsky.pl\/sklep\/wp-json\/wp\/v2\/media?parent=55667"}],"wp:term":[{"taxonomy":"product_brand","embeddable":true,"href":"https:\/\/ironsky.pl\/sklep\/wp-json\/wp\/v2\/product_brand?post=55667"},{"taxonomy":"product_cat","embeddable":true,"href":"https:\/\/ironsky.pl\/sklep\/wp-json\/wp\/v2\/product_cat?post=55667"},{"taxonomy":"product_tag","embeddable":true,"href":"https:\/\/ironsky.pl\/sklep\/wp-json\/wp\/v2\/product_tag?post=55667"}],"curies":[{"name":"wp","href":"https:\/\/api.w.org\/{rel}","templated":true}]}}