{"id":55664,"date":"2026-04-15T10:06:32","date_gmt":"2026-04-15T08:06:32","guid":{"rendered":"https:\/\/ironsky.pl\/sklep\/produkt\/obudowa-silikonowa-telesin-gopro-hero-9-12-czarna\/"},"modified":"2026-04-15T10:44:42","modified_gmt":"2026-04-15T08:44:42","slug":"obudowa-silikonowa-telesin-gopro-hero-9-12-czarna","status":"publish","type":"product","link":"https:\/\/ironsky.pl\/sklep\/produkt\/obudowa-silikonowa-telesin-gopro-hero-9-12-czarna\/","title":{"rendered":"Obudowa silikonowa TELESIN GoPro Hero 9-12 (czarna)"},"content":{"rendered":"<h3>Silikonowa obudowa na GoPro Hero 9 \/ Hero 10 \/ Hero 11 \/ Hero 12 Telesin GP-HER-041-BK<\/h3>\n<p>Silikonowa obudowa marki Telesin zosta\u0142a zaprojektowana specjalnie dla kamery sportowej GoPro Hero 9 \/ Hero 10 \/ Hero 11\/\u00a0 Hero 12. Idealnie dopasowana do kszta\u0142tu urz\u0105dzenia &#8211; daje wygodny dost\u0119p do wszystkich przycisk\u00f3w i otwor\u00f3w. Zapewnia kompleksow\u0105 ochron\u0119 Twojego sprz\u0119tu.<\/p>\n<p><img decoding=\"async\" src=\"https:\/\/b2b.innpro.pl\/data\/include\/cms\/Edyta\/telesin\/GP-HER-041-BK\/fc9e2276de.jpg\" border=\"0\" alt=\"Edyta\/telesin\/GP-HER-041-BK\/fc9e2276de\" \/><\/p>\n<h3>Niezawodna ochrona Twojej kamery<\/h3>\n<p>Wykonana z silikonu obudowa jest niesamowicie lekka &#8211; wa\u017cy tylko 29g. Nie obci\u0105\u017cy wi\u0119c Twojej kamery, a jednocze\u015bnie doskonale zabezpieczy j\u0105 mi\u0119dzy innymi przed wstrz\u0105sami lub zadrapaniem. Dodatkowa os\u0142ona obiektywu chroni go przed zarysowaniem. Akcesorium jest przy tym niezwykle przyjemne w dotyku &#8211; stosowanie go jest wi\u0119c nie tylko praktyczne, ale te\u017c przyjemne.<\/p>\n<p><img decoding=\"async\" src=\"https:\/\/b2b.innpro.pl\/data\/include\/cms\/Edyta\/telesin\/GP-HER-041-BK\/b66ba35978.jpg\" border=\"0\" alt=\"Edyta\/telesin\/GP-HER-041-BK\/b66ba35978\" \/><\/p>\n<h3>Wygodnie obs\u0142u\u017cysz urz\u0105dzenie umieszczone w obudowie<\/h3>\n<p>Obudowa jest perfekcyjnie dopasowana do kszta\u0142tu kamery. Dok\u0142adnie przylega do urz\u0105dzenia, chroni\u0105c je przed uszkodzeniem. Co wi\u0119cej, umieszczone w odpowiednich miejscach wyci\u0119cia zapewniaj\u0105 wygodny dost\u0119p do port\u00f3w GoPro Hero 9 \/ Hero 10 \/ Hero 11\u00a0\/ Hero 12 i sprawiaj\u0105, \u017ce akcesorium nie zas\u0142ania ekranu czy mikrofonu. Obudowa nie utrudnia te\u017c korzystania z przycisk\u00f3w kamery.<\/p>\n<p><img decoding=\"async\" src=\"https:\/\/b2b.innpro.pl\/data\/include\/cms\/Edyta\/telesin\/GP-HER-041-BK\/1e696d0765.jpg\" border=\"0\" alt=\"Edyta\/telesin\/GP-HER-041-BK\/1e696d0765\" \/><\/p>\n<h3>Regulowana smycz w zestawie<\/h3>\n<p>W zestawie znajdziesz te\u017c praktyczn\u0105 smycz o regulowanej d\u0142ugo\u015bci, kt\u00f3ra umo\u017cliwia wygodne i bezpieczne przenoszenie kamery umieszczonej obudowie. Za jej pomoc\u0105 mo\u017cesz powiesi\u0107 sobie urz\u0105dzenie na nadgarstku lub na szyi, dzi\u0119ki czemu unikniesz jego zgubienia.<\/p>\n<p><img decoding=\"async\" src=\"https:\/\/b2b.innpro.pl\/data\/include\/cms\/Edyta\/telesin\/GP-HER-041-BK\/96f6f64563.jpg\" border=\"0\" alt=\"Edyta\/telesin\/GP-HER-041-BK\/96f6f64563\" \/><\/p>\n<h3>Zawarto\u015b\u0107 opakowania<\/h3>\n<ul>\n<li>Ramka zabezpieczaj\u0105ca na kamer\u0119 Telesin GP-HER-041-BK<\/li>\n<li>Ochrona na soczewk\u0119 kamery GoPro Hero 9 \/ Hero 10 \/ Hero 11\u00a0\/ Hero 12<\/li>\n<li>Smycz<\/li>\n<\/ul>\n<div class=\"table-wrapper\">\n<table>\n<tbody>\n<tr>\n<th>Producent<\/th>\n<td>Telesin<\/td>\n<\/tr>\n<tr>\n<th>Nazwa<\/th>\n<td>Silicone case for GoPro Hero 9 \/ Hero 10 \/ Hero 11\u00a0\/ Hero 12<\/td>\n<\/tr>\n<tr>\n<th>Model<\/th>\n<td>GP-HER-041-BK<\/td>\n<\/tr>\n<tr>\n<th>Materia\u0142<\/th>\n<td>silikon<\/td>\n<\/tr>\n<tr>\n<th>Wymiary<\/th>\n<td>8.2 x 5.6 x 4 cm<\/td>\n<\/tr>\n<tr>\n<th>Waga<\/th>\n<td>29g<\/td>\n<\/tr>\n<tr>\n<th>D\u0142ugo\u015b\u0107 smyczy<\/th>\n<td>50 cm<\/td>\n<\/tr>\n<tr>\n<th>Kolor<\/th>\n<td>czarny<\/td>\n<\/tr>\n<\/tbody>\n<\/table>\n<\/div>\n","protected":false},"excerpt":{"rendered":"<p>Silikonowa obudowa na GoPro Hero 9 \/ Hero 10 \/ Hero 11 \/ Hero 12 Telesin GP-HER-041-BK Silikonowa obudowa marki<\/p>\n","protected":false},"featured_media":55665,"comment_status":"closed","ping_status":"open","template":"","meta":{"_acf_changed":false},"product_brand":[],"product_cat":[1130,1137,1128],"product_tag":[],"class_list":{"0":"post-55664","1":"product","2":"type-product","3":"status-publish","4":"has-post-thumbnail","6":"product_cat-akcesoria-foto","7":"product_cat-do-kamer-sportowych","8":"product_cat-foto-wideo","9":"pa_okres-gwarancji-5754","10":"pa_producent-telesin","12":"first","13":"outofstock","14":"taxable","15":"shipping-taxable","16":"purchasable","17":"product-type-simple"},"acf":[],"yoast_head":"<!-- This site is optimized with the Yoast SEO plugin v27.2 - https:\/\/yoast.com\/product\/yoast-seo-wordpress\/ -->\n<title>Obudowa silikonowa TELESIN GoPro Hero 9-12 (czarna) - IRONSKY.PL Sklep z Dronami<\/title>\n<meta name=\"description\" content=\"Obudowa silikonowa TELESIN GoPro Hero 9-12 (czarna) - \u2705 sklep z dronami i fachowym doradztwem. \u2705 Tutaj kupisz produkty DJI, Yuneec, Parrot, Syma i wiele innych, a tak\u017ce kursy i licencje na operatora drona.\" \/>\n<meta name=\"robots\" content=\"index, follow, max-snippet:-1, max-image-preview:large, max-video-preview:-1\" \/>\n<link rel=\"canonical\" href=\"https:\/\/ironsky.pl\/sklep\/produkt\/obudowa-silikonowa-telesin-gopro-hero-9-12-czarna\/\" \/>\n<meta property=\"og:locale\" content=\"pl_PL\" \/>\n<meta property=\"og:type\" content=\"article\" \/>\n<meta property=\"og:title\" content=\"Obudowa silikonowa TELESIN GoPro Hero 9-12 (czarna) - IRONSKY.PL Sklep z Dronami\" \/>\n<meta property=\"og:description\" content=\"Obudowa silikonowa TELESIN GoPro Hero 9-12 (czarna) - \u2705 sklep z dronami i fachowym doradztwem. \u2705 Tutaj kupisz produkty DJI, Yuneec, Parrot, Syma i wiele innych, a tak\u017ce kursy i licencje na operatora drona.\" \/>\n<meta property=\"og:url\" content=\"https:\/\/ironsky.pl\/sklep\/produkt\/obudowa-silikonowa-telesin-gopro-hero-9-12-czarna\/\" \/>\n<meta property=\"og:site_name\" content=\"IRONSKY.PL Sklep z Dronami\" \/>\n<meta property=\"article:modified_time\" content=\"2026-04-15T08:44:42+00:00\" \/>\n<meta property=\"og:image\" content=\"https:\/\/ironsky.pl\/sklep\/wp-content\/uploads\/2026\/04\/20292_2.png\" \/>\n\t<meta property=\"og:image:width\" content=\"872\" \/>\n\t<meta property=\"og:image:height\" content=\"887\" \/>\n\t<meta property=\"og:image:type\" content=\"image\/png\" \/>\n<meta name=\"twitter:card\" content=\"summary_large_image\" \/>\n<meta name=\"twitter:label1\" content=\"Szacowany czas czytania\" \/>\n\t<meta name=\"twitter:data1\" content=\"1 minuta\" \/>\n<script type=\"application\/ld+json\" class=\"yoast-schema-graph\">{\"@context\":\"https:\/\/schema.org\",\"@graph\":[{\"@type\":\"WebPage\",\"@id\":\"https:\/\/ironsky.pl\/sklep\/produkt\/obudowa-silikonowa-telesin-gopro-hero-9-12-czarna\/\",\"url\":\"https:\/\/ironsky.pl\/sklep\/produkt\/obudowa-silikonowa-telesin-gopro-hero-9-12-czarna\/\",\"name\":\"Obudowa silikonowa TELESIN GoPro Hero 9-12 (czarna) - IRONSKY.PL Sklep z Dronami\",\"isPartOf\":{\"@id\":\"https:\/\/ironsky.pl\/sklep\/#website\"},\"primaryImageOfPage\":{\"@id\":\"https:\/\/ironsky.pl\/sklep\/produkt\/obudowa-silikonowa-telesin-gopro-hero-9-12-czarna\/#primaryimage\"},\"image\":{\"@id\":\"https:\/\/ironsky.pl\/sklep\/produkt\/obudowa-silikonowa-telesin-gopro-hero-9-12-czarna\/#primaryimage\"},\"thumbnailUrl\":\"https:\/\/ironsky.pl\/sklep\/wp-content\/uploads\/2026\/04\/20292_2.png\",\"datePublished\":\"2026-04-15T08:06:32+00:00\",\"dateModified\":\"2026-04-15T08:44:42+00:00\",\"description\":\"Obudowa silikonowa TELESIN GoPro Hero 9-12 (czarna) - \u2705 sklep z dronami i fachowym doradztwem. \u2705 Tutaj kupisz produkty DJI, Yuneec, Parrot, Syma i wiele innych, a tak\u017ce kursy i licencje na operatora drona.\",\"breadcrumb\":{\"@id\":\"https:\/\/ironsky.pl\/sklep\/produkt\/obudowa-silikonowa-telesin-gopro-hero-9-12-czarna\/#breadcrumb\"},\"inLanguage\":\"pl-PL\",\"potentialAction\":[{\"@type\":\"ReadAction\",\"target\":[\"https:\/\/ironsky.pl\/sklep\/produkt\/obudowa-silikonowa-telesin-gopro-hero-9-12-czarna\/\"]}]},{\"@type\":\"ImageObject\",\"inLanguage\":\"pl-PL\",\"@id\":\"https:\/\/ironsky.pl\/sklep\/produkt\/obudowa-silikonowa-telesin-gopro-hero-9-12-czarna\/#primaryimage\",\"url\":\"https:\/\/ironsky.pl\/sklep\/wp-content\/uploads\/2026\/04\/20292_2.png\",\"contentUrl\":\"https:\/\/ironsky.pl\/sklep\/wp-content\/uploads\/2026\/04\/20292_2.png\",\"width\":872,\"height\":887},{\"@type\":\"BreadcrumbList\",\"@id\":\"https:\/\/ironsky.pl\/sklep\/produkt\/obudowa-silikonowa-telesin-gopro-hero-9-12-czarna\/#breadcrumb\",\"itemListElement\":[{\"@type\":\"ListItem\",\"position\":1,\"name\":\"Strona g\u0142\u00f3wna\",\"item\":\"https:\/\/ironsky.pl\/sklep\/\"},{\"@type\":\"ListItem\",\"position\":2,\"name\":\"Wszystkie produkty\",\"item\":\"https:\/\/ironsky.pl\/sklep\/produkty\/\"},{\"@type\":\"ListItem\",\"position\":3,\"name\":\"Obudowa silikonowa TELESIN GoPro Hero 9-12 (czarna)\"}]},{\"@type\":\"WebSite\",\"@id\":\"https:\/\/ironsky.pl\/sklep\/#website\",\"url\":\"https:\/\/ironsky.pl\/sklep\/\",\"name\":\"IRONSKY.PL Sklep z Dronami\",\"description\":\"IRONSKY.PL Sklep z Dronami\",\"potentialAction\":[{\"@type\":\"SearchAction\",\"target\":{\"@type\":\"EntryPoint\",\"urlTemplate\":\"https:\/\/ironsky.pl\/sklep\/?s={search_term_string}\"},\"query-input\":{\"@type\":\"PropertyValueSpecification\",\"valueRequired\":true,\"valueName\":\"search_term_string\"}}],\"inLanguage\":\"pl-PL\"}]}<\/script>\n<!-- \/ Yoast SEO plugin. -->","yoast_head_json":{"title":"Obudowa silikonowa TELESIN GoPro Hero 9-12 (czarna) - IRONSKY.PL Sklep z Dronami","description":"Obudowa silikonowa TELESIN GoPro Hero 9-12 (czarna) - \u2705 sklep z dronami i fachowym doradztwem. \u2705 Tutaj kupisz produkty DJI, Yuneec, Parrot, Syma i wiele innych, a tak\u017ce kursy i licencje na operatora drona.","robots":{"index":"index","follow":"follow","max-snippet":"max-snippet:-1","max-image-preview":"max-image-preview:large","max-video-preview":"max-video-preview:-1"},"canonical":"https:\/\/ironsky.pl\/sklep\/produkt\/obudowa-silikonowa-telesin-gopro-hero-9-12-czarna\/","og_locale":"pl_PL","og_type":"article","og_title":"Obudowa silikonowa TELESIN GoPro Hero 9-12 (czarna) - IRONSKY.PL Sklep z Dronami","og_description":"Obudowa silikonowa TELESIN GoPro Hero 9-12 (czarna) - \u2705 sklep z dronami i fachowym doradztwem. \u2705 Tutaj kupisz produkty DJI, Yuneec, Parrot, Syma i wiele innych, a tak\u017ce kursy i licencje na operatora drona.","og_url":"https:\/\/ironsky.pl\/sklep\/produkt\/obudowa-silikonowa-telesin-gopro-hero-9-12-czarna\/","og_site_name":"IRONSKY.PL Sklep z Dronami","article_modified_time":"2026-04-15T08:44:42+00:00","og_image":[{"width":872,"height":887,"url":"https:\/\/ironsky.pl\/sklep\/wp-content\/uploads\/2026\/04\/20292_2.png","type":"image\/png"}],"twitter_card":"summary_large_image","twitter_misc":{"Szacowany czas czytania":"1 minuta"},"schema":{"@context":"https:\/\/schema.org","@graph":[{"@type":"WebPage","@id":"https:\/\/ironsky.pl\/sklep\/produkt\/obudowa-silikonowa-telesin-gopro-hero-9-12-czarna\/","url":"https:\/\/ironsky.pl\/sklep\/produkt\/obudowa-silikonowa-telesin-gopro-hero-9-12-czarna\/","name":"Obudowa silikonowa TELESIN GoPro Hero 9-12 (czarna) - IRONSKY.PL Sklep z Dronami","isPartOf":{"@id":"https:\/\/ironsky.pl\/sklep\/#website"},"primaryImageOfPage":{"@id":"https:\/\/ironsky.pl\/sklep\/produkt\/obudowa-silikonowa-telesin-gopro-hero-9-12-czarna\/#primaryimage"},"image":{"@id":"https:\/\/ironsky.pl\/sklep\/produkt\/obudowa-silikonowa-telesin-gopro-hero-9-12-czarna\/#primaryimage"},"thumbnailUrl":"https:\/\/ironsky.pl\/sklep\/wp-content\/uploads\/2026\/04\/20292_2.png","datePublished":"2026-04-15T08:06:32+00:00","dateModified":"2026-04-15T08:44:42+00:00","description":"Obudowa silikonowa TELESIN GoPro Hero 9-12 (czarna) - \u2705 sklep z dronami i fachowym doradztwem. \u2705 Tutaj kupisz produkty DJI, Yuneec, Parrot, Syma i wiele innych, a tak\u017ce kursy i licencje na operatora drona.","breadcrumb":{"@id":"https:\/\/ironsky.pl\/sklep\/produkt\/obudowa-silikonowa-telesin-gopro-hero-9-12-czarna\/#breadcrumb"},"inLanguage":"pl-PL","potentialAction":[{"@type":"ReadAction","target":["https:\/\/ironsky.pl\/sklep\/produkt\/obudowa-silikonowa-telesin-gopro-hero-9-12-czarna\/"]}]},{"@type":"ImageObject","inLanguage":"pl-PL","@id":"https:\/\/ironsky.pl\/sklep\/produkt\/obudowa-silikonowa-telesin-gopro-hero-9-12-czarna\/#primaryimage","url":"https:\/\/ironsky.pl\/sklep\/wp-content\/uploads\/2026\/04\/20292_2.png","contentUrl":"https:\/\/ironsky.pl\/sklep\/wp-content\/uploads\/2026\/04\/20292_2.png","width":872,"height":887},{"@type":"BreadcrumbList","@id":"https:\/\/ironsky.pl\/sklep\/produkt\/obudowa-silikonowa-telesin-gopro-hero-9-12-czarna\/#breadcrumb","itemListElement":[{"@type":"ListItem","position":1,"name":"Strona g\u0142\u00f3wna","item":"https:\/\/ironsky.pl\/sklep\/"},{"@type":"ListItem","position":2,"name":"Wszystkie produkty","item":"https:\/\/ironsky.pl\/sklep\/produkty\/"},{"@type":"ListItem","position":3,"name":"Obudowa silikonowa TELESIN GoPro Hero 9-12 (czarna)"}]},{"@type":"WebSite","@id":"https:\/\/ironsky.pl\/sklep\/#website","url":"https:\/\/ironsky.pl\/sklep\/","name":"IRONSKY.PL Sklep z Dronami","description":"IRONSKY.PL Sklep z Dronami","potentialAction":[{"@type":"SearchAction","target":{"@type":"EntryPoint","urlTemplate":"https:\/\/ironsky.pl\/sklep\/?s={search_term_string}"},"query-input":{"@type":"PropertyValueSpecification","valueRequired":true,"valueName":"search_term_string"}}],"inLanguage":"pl-PL"}]}},"_links":{"self":[{"href":"https:\/\/ironsky.pl\/sklep\/wp-json\/wp\/v2\/product\/55664","targetHints":{"allow":["GET"]}}],"collection":[{"href":"https:\/\/ironsky.pl\/sklep\/wp-json\/wp\/v2\/product"}],"about":[{"href":"https:\/\/ironsky.pl\/sklep\/wp-json\/wp\/v2\/types\/product"}],"replies":[{"embeddable":true,"href":"https:\/\/ironsky.pl\/sklep\/wp-json\/wp\/v2\/comments?post=55664"}],"wp:featuredmedia":[{"embeddable":true,"href":"https:\/\/ironsky.pl\/sklep\/wp-json\/wp\/v2\/media\/55665"}],"wp:attachment":[{"href":"https:\/\/ironsky.pl\/sklep\/wp-json\/wp\/v2\/media?parent=55664"}],"wp:term":[{"taxonomy":"product_brand","embeddable":true,"href":"https:\/\/ironsky.pl\/sklep\/wp-json\/wp\/v2\/product_brand?post=55664"},{"taxonomy":"product_cat","embeddable":true,"href":"https:\/\/ironsky.pl\/sklep\/wp-json\/wp\/v2\/product_cat?post=55664"},{"taxonomy":"product_tag","embeddable":true,"href":"https:\/\/ironsky.pl\/sklep\/wp-json\/wp\/v2\/product_tag?post=55664"}],"curies":[{"name":"wp","href":"https:\/\/api.w.org\/{rel}","templated":true}]}}