{"id":55661,"date":"2026-04-15T10:06:32","date_gmt":"2026-04-15T08:06:32","guid":{"rendered":"https:\/\/ironsky.pl\/sklep\/produkt\/zestaw-filtrow-telesin-gp-flt-904-do-gopro-hero-9-12\/"},"modified":"2026-04-15T10:06:50","modified_gmt":"2026-04-15T08:06:50","slug":"zestaw-filtrow-telesin-gp-flt-904-do-gopro-hero-9-12","status":"publish","type":"product","link":"https:\/\/ironsky.pl\/sklep\/produkt\/zestaw-filtrow-telesin-gp-flt-904-do-gopro-hero-9-12\/","title":{"rendered":"Zestaw filtr\u00f3w TELESIN GP-FLT-904 do GoPro Hero 9-12"},"content":{"rendered":"<h3>Zestaw filtr\u00f3w wodoodpornych Telesin do GoPro Hero 12 \/ 11 \/ 10 \/ 9 (GP-FLT-904)<\/h3>\n<p>Zestaw filtr\u00f3w marki Telesin przeznaczonych dla GoPro Hero 9 \/ 10 \/ 11 \/ 12 pozwoli Ci tworzy\u0107 jeszcze pi\u0119kniejsze uj\u0119cia pod wod\u0105. Proste w monta\u017cu i wytrzyma\u0142e &#8211; b\u0119d\u0105 doskonale Ci s\u0142u\u017cy\u0107. Za ich pomoc\u0105 pozb\u0119dziesz si\u0119 odchylenia barw i sprawisz, \u017ce Twoje zdj\u0119cia i filmy zachwyc\u0105 wszystkich pi\u0119kn\u0105, \u017cyw\u0105, a zarazem naturaln\u0105 kolorystyk\u0105. Filtry nale\u017cy stosowa\u0107 z wodoodporn\u0105 obudow\u0105 na GoPro Hero 9\/10\/11\/12 marki Telesin.<\/p>\n<p><img decoding=\"async\" src=\"https:\/\/b2b.innpro.pl\/data\/include\/cms\/Edyta\/telesin\/GP-FLT-904\/F.jpg\" border=\"0\" alt=\"Edyta\/telesin\/GP-FLT-904\/F\" \/><\/p>\n<h3>Filtr czerwony &#8211; niezast\u0105piony podczas nurkowania w morzu<\/h3>\n<p>Czerwony filtr sprawdzi si\u0119 na g\u0142\u0119boko\u015bci oko\u0142o 5-25 m. Najlepiej nadaje si\u0119 do stosowania w morskiej wodzie. Koryguje odchylenie kolor\u00f3w i umo\u017cliwia rozwi\u0105zanie problemu nienaturalnych, zielonych odcieni na podwodnych uj\u0119ciach.<\/p>\n<p><img decoding=\"async\" src=\"https:\/\/b2b.innpro.pl\/data\/include\/cms\/Edyta\/telesin\/GP-FLT-904\/7.jpg\" border=\"0\" alt=\"Edyta\/telesin\/GP-FLT-904\/7\" \/><\/p>\n<h3>Filtr r\u00f3\u017cowy &#8211; idealny dla wielbicieli snorkelingu<\/h3>\n<p>R\u00f3\u017cowy filtr r\u00f3wnie\u017c wykorzystasz podczas nurkowania w morzu na g\u0142\u0119boko\u015bci 5-25 m. Przyda si\u0119 szczeg\u00f3lnie mi\u0142o\u015bnikom snorkelingu. Pozwala poprawi\u0107 odchylenie kolor\u00f3w i eliminuje niebieskie przebarwienia na zdj\u0119ciach i filmach.<\/p>\n<p><img decoding=\"async\" src=\"https:\/\/b2b.innpro.pl\/data\/include\/cms\/Edyta\/telesin\/GP-FLT-904\/8.jpg\" border=\"0\" alt=\"Edyta\/telesin\/GP-FLT-904\/8\" \/><\/p>\n<h3>Filtr fioletowy &#8211; najlepszy do nagrywania w wodzie s\u0142odkiej<\/h3>\n<p>A mo\u017ce wolisz nurkowa\u0107 w wodzie s\u0142odkiej? W takim wypadku doskonale sprawdzi si\u0119 filtr fioletowy. U\u017cyj go na g\u0142\u0119boko\u015bci 5-25 m, aby skorygowa\u0107 odchylenie kolor\u00f3w i unikn\u0105\u0107 niepo\u017c\u0105danych, zielonkawych odcieni na tworzonych materia\u0142ach.<\/p>\n<p><img decoding=\"async\" src=\"https:\/\/b2b.innpro.pl\/data\/include\/cms\/Edyta\/telesin\/GP-FLT-904\/9.jpg\" border=\"0\" alt=\"Edyta\/telesin\/GP-FLT-904\/9\" \/><\/p>\n<h3>Zawarto\u015b\u0107 opakowania<\/h3>\n<ul>\n<li>filtr r\u00f3\u017cowy<\/li>\n<li>filtr czerwony<\/li>\n<li>filtr fioletowy<\/li>\n<\/ul>\n<div class=\"table-wrapper\">\n<table>\n<tbody>\n<tr>\n<th>Producent<\/th>\n<td>Telesin<\/td>\n<\/tr>\n<tr>\n<th>Model<\/th>\n<td>GP-FLT-904<\/td>\n<\/tr>\n<\/tbody>\n<\/table>\n<\/div>\n","protected":false},"excerpt":{"rendered":"<p>Zestaw filtr\u00f3w wodoodpornych Telesin do GoPro Hero 12 \/ 11 \/ 10 \/ 9 (GP-FLT-904) Zestaw filtr\u00f3w marki Telesin przeznaczonych<\/p>\n","protected":false},"featured_media":55662,"comment_status":"closed","ping_status":"open","template":"","meta":{"_acf_changed":false},"product_brand":[],"product_cat":[1130,1137,1128],"product_tag":[],"class_list":{"0":"post-55661","1":"product","2":"type-product","3":"status-publish","4":"has-post-thumbnail","6":"product_cat-akcesoria-foto","7":"product_cat-do-kamer-sportowych","8":"product_cat-foto-wideo","9":"pa_okres-gwarancji-5754","10":"pa_producent-telesin","12":"first","13":"outofstock","14":"taxable","15":"shipping-taxable","16":"purchasable","17":"product-type-simple"},"acf":[],"yoast_head":"<!-- This site is optimized with the Yoast SEO plugin v27.2 - https:\/\/yoast.com\/product\/yoast-seo-wordpress\/ -->\n<title>Zestaw filtr\u00f3w TELESIN GP-FLT-904 do GoPro Hero 9-12 - IRONSKY.PL Sklep z Dronami<\/title>\n<meta name=\"description\" content=\"Zestaw filtr\u00f3w TELESIN GP-FLT-904 do GoPro Hero 9-12 - \u2705 sklep z dronami i fachowym doradztwem. \u2705 Tutaj kupisz produkty DJI, Yuneec, Parrot, Syma i wiele innych, a tak\u017ce kursy i licencje na operatora drona.\" \/>\n<meta name=\"robots\" content=\"index, follow, max-snippet:-1, max-image-preview:large, max-video-preview:-1\" \/>\n<link rel=\"canonical\" href=\"https:\/\/ironsky.pl\/sklep\/produkt\/zestaw-filtrow-telesin-gp-flt-904-do-gopro-hero-9-12\/\" \/>\n<meta property=\"og:locale\" content=\"pl_PL\" \/>\n<meta property=\"og:type\" content=\"article\" \/>\n<meta property=\"og:title\" content=\"Zestaw filtr\u00f3w TELESIN GP-FLT-904 do GoPro Hero 9-12 - IRONSKY.PL Sklep z Dronami\" \/>\n<meta property=\"og:description\" content=\"Zestaw filtr\u00f3w TELESIN GP-FLT-904 do GoPro Hero 9-12 - \u2705 sklep z dronami i fachowym doradztwem. \u2705 Tutaj kupisz produkty DJI, Yuneec, Parrot, Syma i wiele innych, a tak\u017ce kursy i licencje na operatora drona.\" \/>\n<meta property=\"og:url\" content=\"https:\/\/ironsky.pl\/sklep\/produkt\/zestaw-filtrow-telesin-gp-flt-904-do-gopro-hero-9-12\/\" \/>\n<meta property=\"og:site_name\" content=\"IRONSKY.PL Sklep z Dronami\" \/>\n<meta property=\"article:modified_time\" content=\"2026-04-15T08:06:50+00:00\" \/>\n<meta property=\"og:image\" content=\"https:\/\/ironsky.pl\/sklep\/wp-content\/uploads\/2026\/04\/20273_1.png\" \/>\n\t<meta property=\"og:image:width\" content=\"881\" \/>\n\t<meta property=\"og:image:height\" content=\"887\" \/>\n\t<meta property=\"og:image:type\" content=\"image\/png\" \/>\n<meta name=\"twitter:card\" content=\"summary_large_image\" \/>\n<meta name=\"twitter:label1\" content=\"Szacowany czas czytania\" \/>\n\t<meta name=\"twitter:data1\" content=\"1 minuta\" \/>\n<script type=\"application\/ld+json\" class=\"yoast-schema-graph\">{\"@context\":\"https:\/\/schema.org\",\"@graph\":[{\"@type\":\"WebPage\",\"@id\":\"https:\/\/ironsky.pl\/sklep\/produkt\/zestaw-filtrow-telesin-gp-flt-904-do-gopro-hero-9-12\/\",\"url\":\"https:\/\/ironsky.pl\/sklep\/produkt\/zestaw-filtrow-telesin-gp-flt-904-do-gopro-hero-9-12\/\",\"name\":\"Zestaw filtr\u00f3w TELESIN GP-FLT-904 do GoPro Hero 9-12 - IRONSKY.PL Sklep z Dronami\",\"isPartOf\":{\"@id\":\"https:\/\/ironsky.pl\/sklep\/#website\"},\"primaryImageOfPage\":{\"@id\":\"https:\/\/ironsky.pl\/sklep\/produkt\/zestaw-filtrow-telesin-gp-flt-904-do-gopro-hero-9-12\/#primaryimage\"},\"image\":{\"@id\":\"https:\/\/ironsky.pl\/sklep\/produkt\/zestaw-filtrow-telesin-gp-flt-904-do-gopro-hero-9-12\/#primaryimage\"},\"thumbnailUrl\":\"https:\/\/ironsky.pl\/sklep\/wp-content\/uploads\/2026\/04\/20273_1.png\",\"datePublished\":\"2026-04-15T08:06:32+00:00\",\"dateModified\":\"2026-04-15T08:06:50+00:00\",\"description\":\"Zestaw filtr\u00f3w TELESIN GP-FLT-904 do GoPro Hero 9-12 - \u2705 sklep z dronami i fachowym doradztwem. \u2705 Tutaj kupisz produkty DJI, Yuneec, Parrot, Syma i wiele innych, a tak\u017ce kursy i licencje na operatora drona.\",\"breadcrumb\":{\"@id\":\"https:\/\/ironsky.pl\/sklep\/produkt\/zestaw-filtrow-telesin-gp-flt-904-do-gopro-hero-9-12\/#breadcrumb\"},\"inLanguage\":\"pl-PL\",\"potentialAction\":[{\"@type\":\"ReadAction\",\"target\":[\"https:\/\/ironsky.pl\/sklep\/produkt\/zestaw-filtrow-telesin-gp-flt-904-do-gopro-hero-9-12\/\"]}]},{\"@type\":\"ImageObject\",\"inLanguage\":\"pl-PL\",\"@id\":\"https:\/\/ironsky.pl\/sklep\/produkt\/zestaw-filtrow-telesin-gp-flt-904-do-gopro-hero-9-12\/#primaryimage\",\"url\":\"https:\/\/ironsky.pl\/sklep\/wp-content\/uploads\/2026\/04\/20273_1.png\",\"contentUrl\":\"https:\/\/ironsky.pl\/sklep\/wp-content\/uploads\/2026\/04\/20273_1.png\",\"width\":881,\"height\":887},{\"@type\":\"BreadcrumbList\",\"@id\":\"https:\/\/ironsky.pl\/sklep\/produkt\/zestaw-filtrow-telesin-gp-flt-904-do-gopro-hero-9-12\/#breadcrumb\",\"itemListElement\":[{\"@type\":\"ListItem\",\"position\":1,\"name\":\"Strona g\u0142\u00f3wna\",\"item\":\"https:\/\/ironsky.pl\/sklep\/\"},{\"@type\":\"ListItem\",\"position\":2,\"name\":\"Wszystkie produkty\",\"item\":\"https:\/\/ironsky.pl\/sklep\/produkty\/\"},{\"@type\":\"ListItem\",\"position\":3,\"name\":\"Zestaw filtr\u00f3w TELESIN GP-FLT-904 do GoPro Hero 9-12\"}]},{\"@type\":\"WebSite\",\"@id\":\"https:\/\/ironsky.pl\/sklep\/#website\",\"url\":\"https:\/\/ironsky.pl\/sklep\/\",\"name\":\"IRONSKY.PL Sklep z Dronami\",\"description\":\"IRONSKY.PL Sklep z Dronami\",\"potentialAction\":[{\"@type\":\"SearchAction\",\"target\":{\"@type\":\"EntryPoint\",\"urlTemplate\":\"https:\/\/ironsky.pl\/sklep\/?s={search_term_string}\"},\"query-input\":{\"@type\":\"PropertyValueSpecification\",\"valueRequired\":true,\"valueName\":\"search_term_string\"}}],\"inLanguage\":\"pl-PL\"}]}<\/script>\n<!-- \/ Yoast SEO plugin. -->","yoast_head_json":{"title":"Zestaw filtr\u00f3w TELESIN GP-FLT-904 do GoPro Hero 9-12 - IRONSKY.PL Sklep z Dronami","description":"Zestaw filtr\u00f3w TELESIN GP-FLT-904 do GoPro Hero 9-12 - \u2705 sklep z dronami i fachowym doradztwem. \u2705 Tutaj kupisz produkty DJI, Yuneec, Parrot, Syma i wiele innych, a tak\u017ce kursy i licencje na operatora drona.","robots":{"index":"index","follow":"follow","max-snippet":"max-snippet:-1","max-image-preview":"max-image-preview:large","max-video-preview":"max-video-preview:-1"},"canonical":"https:\/\/ironsky.pl\/sklep\/produkt\/zestaw-filtrow-telesin-gp-flt-904-do-gopro-hero-9-12\/","og_locale":"pl_PL","og_type":"article","og_title":"Zestaw filtr\u00f3w TELESIN GP-FLT-904 do GoPro Hero 9-12 - IRONSKY.PL Sklep z Dronami","og_description":"Zestaw filtr\u00f3w TELESIN GP-FLT-904 do GoPro Hero 9-12 - \u2705 sklep z dronami i fachowym doradztwem. \u2705 Tutaj kupisz produkty DJI, Yuneec, Parrot, Syma i wiele innych, a tak\u017ce kursy i licencje na operatora drona.","og_url":"https:\/\/ironsky.pl\/sklep\/produkt\/zestaw-filtrow-telesin-gp-flt-904-do-gopro-hero-9-12\/","og_site_name":"IRONSKY.PL Sklep z Dronami","article_modified_time":"2026-04-15T08:06:50+00:00","og_image":[{"width":881,"height":887,"url":"https:\/\/ironsky.pl\/sklep\/wp-content\/uploads\/2026\/04\/20273_1.png","type":"image\/png"}],"twitter_card":"summary_large_image","twitter_misc":{"Szacowany czas czytania":"1 minuta"},"schema":{"@context":"https:\/\/schema.org","@graph":[{"@type":"WebPage","@id":"https:\/\/ironsky.pl\/sklep\/produkt\/zestaw-filtrow-telesin-gp-flt-904-do-gopro-hero-9-12\/","url":"https:\/\/ironsky.pl\/sklep\/produkt\/zestaw-filtrow-telesin-gp-flt-904-do-gopro-hero-9-12\/","name":"Zestaw filtr\u00f3w TELESIN GP-FLT-904 do GoPro Hero 9-12 - IRONSKY.PL Sklep z Dronami","isPartOf":{"@id":"https:\/\/ironsky.pl\/sklep\/#website"},"primaryImageOfPage":{"@id":"https:\/\/ironsky.pl\/sklep\/produkt\/zestaw-filtrow-telesin-gp-flt-904-do-gopro-hero-9-12\/#primaryimage"},"image":{"@id":"https:\/\/ironsky.pl\/sklep\/produkt\/zestaw-filtrow-telesin-gp-flt-904-do-gopro-hero-9-12\/#primaryimage"},"thumbnailUrl":"https:\/\/ironsky.pl\/sklep\/wp-content\/uploads\/2026\/04\/20273_1.png","datePublished":"2026-04-15T08:06:32+00:00","dateModified":"2026-04-15T08:06:50+00:00","description":"Zestaw filtr\u00f3w TELESIN GP-FLT-904 do GoPro Hero 9-12 - \u2705 sklep z dronami i fachowym doradztwem. \u2705 Tutaj kupisz produkty DJI, Yuneec, Parrot, Syma i wiele innych, a tak\u017ce kursy i licencje na operatora drona.","breadcrumb":{"@id":"https:\/\/ironsky.pl\/sklep\/produkt\/zestaw-filtrow-telesin-gp-flt-904-do-gopro-hero-9-12\/#breadcrumb"},"inLanguage":"pl-PL","potentialAction":[{"@type":"ReadAction","target":["https:\/\/ironsky.pl\/sklep\/produkt\/zestaw-filtrow-telesin-gp-flt-904-do-gopro-hero-9-12\/"]}]},{"@type":"ImageObject","inLanguage":"pl-PL","@id":"https:\/\/ironsky.pl\/sklep\/produkt\/zestaw-filtrow-telesin-gp-flt-904-do-gopro-hero-9-12\/#primaryimage","url":"https:\/\/ironsky.pl\/sklep\/wp-content\/uploads\/2026\/04\/20273_1.png","contentUrl":"https:\/\/ironsky.pl\/sklep\/wp-content\/uploads\/2026\/04\/20273_1.png","width":881,"height":887},{"@type":"BreadcrumbList","@id":"https:\/\/ironsky.pl\/sklep\/produkt\/zestaw-filtrow-telesin-gp-flt-904-do-gopro-hero-9-12\/#breadcrumb","itemListElement":[{"@type":"ListItem","position":1,"name":"Strona g\u0142\u00f3wna","item":"https:\/\/ironsky.pl\/sklep\/"},{"@type":"ListItem","position":2,"name":"Wszystkie produkty","item":"https:\/\/ironsky.pl\/sklep\/produkty\/"},{"@type":"ListItem","position":3,"name":"Zestaw filtr\u00f3w TELESIN GP-FLT-904 do GoPro Hero 9-12"}]},{"@type":"WebSite","@id":"https:\/\/ironsky.pl\/sklep\/#website","url":"https:\/\/ironsky.pl\/sklep\/","name":"IRONSKY.PL Sklep z Dronami","description":"IRONSKY.PL Sklep z Dronami","potentialAction":[{"@type":"SearchAction","target":{"@type":"EntryPoint","urlTemplate":"https:\/\/ironsky.pl\/sklep\/?s={search_term_string}"},"query-input":{"@type":"PropertyValueSpecification","valueRequired":true,"valueName":"search_term_string"}}],"inLanguage":"pl-PL"}]}},"_links":{"self":[{"href":"https:\/\/ironsky.pl\/sklep\/wp-json\/wp\/v2\/product\/55661","targetHints":{"allow":["GET"]}}],"collection":[{"href":"https:\/\/ironsky.pl\/sklep\/wp-json\/wp\/v2\/product"}],"about":[{"href":"https:\/\/ironsky.pl\/sklep\/wp-json\/wp\/v2\/types\/product"}],"replies":[{"embeddable":true,"href":"https:\/\/ironsky.pl\/sklep\/wp-json\/wp\/v2\/comments?post=55661"}],"wp:featuredmedia":[{"embeddable":true,"href":"https:\/\/ironsky.pl\/sklep\/wp-json\/wp\/v2\/media\/55662"}],"wp:attachment":[{"href":"https:\/\/ironsky.pl\/sklep\/wp-json\/wp\/v2\/media?parent=55661"}],"wp:term":[{"taxonomy":"product_brand","embeddable":true,"href":"https:\/\/ironsky.pl\/sklep\/wp-json\/wp\/v2\/product_brand?post=55661"},{"taxonomy":"product_cat","embeddable":true,"href":"https:\/\/ironsky.pl\/sklep\/wp-json\/wp\/v2\/product_cat?post=55661"},{"taxonomy":"product_tag","embeddable":true,"href":"https:\/\/ironsky.pl\/sklep\/wp-json\/wp\/v2\/product_tag?post=55661"}],"curies":[{"name":"wp","href":"https:\/\/api.w.org\/{rel}","templated":true}]}}