{"id":55642,"date":"2026-04-15T10:06:32","date_gmt":"2026-04-15T08:06:32","guid":{"rendered":"https:\/\/ironsky.pl\/sklep\/produkt\/zestaw-filtrow-nd-telesin-gp-flt-902-gopro-hero-9-12\/"},"modified":"2026-04-15T10:06:39","modified_gmt":"2026-04-15T08:06:39","slug":"zestaw-filtrow-nd-telesin-gp-flt-902-gopro-hero-9-12","status":"publish","type":"product","link":"https:\/\/ironsky.pl\/sklep\/produkt\/zestaw-filtrow-nd-telesin-gp-flt-902-gopro-hero-9-12\/","title":{"rendered":"Zestaw filtr\u00f3w ND TELESIN GP-FLT-902 GoPro Hero 9-12"},"content":{"rendered":"<h3>Zestaw filtr\u00f3w ND 8\/16\/32 Telesin dla GoPro Hero 9 \/ Hero 10 \/ Hero 11 \/ Hero 12 \/ Mini (GP-FLT-902)<\/h3>\n<p>Zestaw filtr\u00f3w ND marki Telesin pozwoli Ci wykonywa\u0107 jeszcze pi\u0119kniejsze uj\u0119cia za pomoc\u0105 kamery GoPro. Magnetyczne mocowanie u\u0142atwia jego monta\u017c, a aluminiowa ramka, silikonowa podk\u0142adka oraz szk\u0142o o stopniu twardo\u015bci 9H gwarantuj\u0105 jego wytrzyma\u0142o\u015b\u0107. Akcesoria wa\u017c\u0105 jedynie 8 g &#8211; nie obci\u0105\u017c\u0105 wi\u0119c Twojej kamery.<\/p>\n<p>\n<img decoding=\"async\" src=\"https:\/\/assets.innpro.pl\/16009\/20195\/3.jpg\" border=\"0\" alt=\"\" \/>\n<\/p>\n<h3>Tw\u00f3rz zachwycaj\u0105ce uj\u0119cia<\/h3>\n<p>Filtry ND sprawdzaj\u0105 si\u0119 doskonale podczas nagrywania wydarze\u0144 sportowych &#8211; uzyskany za ich pomoc\u0105 motion blur pozwala na jedyne w swoim rodzaju prezentowanie pr\u0119dko\u015bci. Nadaj\u0105 si\u0119 te\u017c do wykonywania uj\u0119\u0107 o d\u0142ugiej ekspozycji. Wykorzystasz je zatem na przyk\u0142ad do fotografowania nocnego nieba.<\/p>\n<p>\n<img decoding=\"async\" src=\"https:\/\/assets.innpro.pl\/16009\/20195\/9_13.jpg\" border=\"0\" alt=\"\" \/>\n<\/p>\n<h3>Wielowarstwowe pow\u0142oki dla zwi\u0119kszonej ochrony<\/h3>\n<p>Soczewka filtra zosta\u0142a pokryta wielowarstwow\u0105 pow\u0142ok\u0105, kt\u00f3ra zapewnia jej wodoodporno\u015b\u0107 i przeciwporostowo\u015b\u0107. Pozwala te\u017c redukowa\u0107 efekt lustrzanego odbicia. Wszystko to sprawia, \u017ce to u\u017cyteczne akcesorium zaskoczy Ci\u0119 funkcjonalno\u015bci\u0105 i niezawodno\u015bci\u0105.<\/p>\n<p>\n<img decoding=\"async\" src=\"https:\/\/assets.innpro.pl\/16009\/20195\/5.jpg\" border=\"0\" alt=\"\" \/>\n<\/p>\n<h3>Niewiarygodnie odporny na uszkodzenia<\/h3>\n<p>Nie musisz te\u017c obawia\u0107 si\u0119 przypadkowego zarysowania szk\u0142a. Poziom twardo\u015bci 9H oznacza, \u017ce jest ono wyj\u0105tkowo odporne na uszkodzenia. Przesz\u0142o te\u017c szereg wymagaj\u0105cych test\u00f3w wytrzyma\u0142o\u015bciowych. Filtr CPL marki Telesin b\u0119dzie doskonale Ci s\u0142u\u017cy\u0142 przez d\u0142ugie lata.<\/p>\n<p>\n<img decoding=\"async\" src=\"https:\/\/assets.innpro.pl\/16009\/20195\/6.jpg\" border=\"0\" alt=\"\" \/>\n<\/p>\n<h3>Lekka i wytrzyma\u0142a ramka<\/h3>\n<p>Ramka wykonana ze stopu aluminium oraz tworzywa ABS jest bardzo wytrzyma\u0142a, a tak\u017ce odporna na korozj\u0119 i zu\u017cycie. Nowoczesne technologie wykorzystane w procesie produkcji sprawiaj\u0105, \u017ce nie musisz si\u0119 obawia\u0107 jej wyblakni\u0119cia po jakim\u015b czasie u\u017cytkowania.<\/p>\n<p>\n<img decoding=\"async\" src=\"https:\/\/assets.innpro.pl\/16009\/20195\/11.jpg\" border=\"0\" alt=\"\" \/>\n<\/p>\n<h3>Szybki i bezproblemowy monta\u017c<\/h3>\n<p>Monta\u017c filtra jest bajecznie prosty i nie wymaga zdejmowania oryginalnego obiektywu. Umo\u017cliwia to specjalne, magnetyczne mocowanie. W mgnieniu oka zamontujesz filtr na swojej kamerze i wykonasz spektakularne uj\u0119cie!<\/p>\n<p>\n<img decoding=\"async\" src=\"https:\/\/assets.innpro.pl\/16009\/20195\/7.jpg\" border=\"0\" alt=\"\" \/>\n<\/p>\n<h3>Zawarto\u015b\u0107 zestawu<\/h3>\n<ul class=\"list-disc pl-5\">\n<li>filtry ND Telesin GP-FLT-902 x3<\/li>\n<\/ul>\n<div class=\"table-wrapper\">\n<p>\u00a0<\/p>\n<h3><\/h3>\n<table>\n<tbody>\n<tr>\n<th>Producent<\/th>\n<td>Telesin<\/td>\n<\/tr>\n<tr>\n<th>Model<\/th>\n<td>GP-FLT-902<\/td>\n<\/tr>\n<tr>\n<th>Materia\u0142<\/th>\n<td>szk\u0142o Corning Gorilla , silikon, aluminium<\/td>\n<\/tr>\n<tr>\n<th>Wymiary<\/th>\n<td>38 x 38 x 7mm<\/td>\n<\/tr>\n<tr>\n<th>Waga<\/th>\n<td>8g (ka\u017cdy)<\/td>\n<\/tr>\n<tr>\n<th>Kompatybilno\u015b\u0107<\/th>\n<td>GoPro Hero 9 \/ Hero 10 \/ Hero 11 \/ Hero 12 \/ Mini <\/td>\n<\/tr>\n<\/tbody>\n<\/table>\n<\/div>\n","protected":false},"excerpt":{"rendered":"<p>Zestaw filtr\u00f3w ND 8\/16\/32 Telesin dla GoPro Hero 9 \/ Hero 10 \/ Hero 11 \/ Hero 12 \/ Mini<\/p>\n","protected":false},"featured_media":55643,"comment_status":"closed","ping_status":"open","template":"","meta":{"_acf_changed":false},"product_brand":[],"product_cat":[1130,1137,1128],"product_tag":[],"class_list":{"0":"post-55642","1":"product","2":"type-product","3":"status-publish","4":"has-post-thumbnail","6":"product_cat-akcesoria-foto","7":"product_cat-do-kamer-sportowych","8":"product_cat-foto-wideo","9":"pa_okres-gwarancji-5754","10":"pa_producent-telesin","12":"first","13":"outofstock","14":"taxable","15":"shipping-taxable","16":"purchasable","17":"product-type-simple"},"acf":[],"yoast_head":"<!-- This site is optimized with the Yoast SEO plugin v27.2 - https:\/\/yoast.com\/product\/yoast-seo-wordpress\/ -->\n<title>Zestaw filtr\u00f3w ND TELESIN GP-FLT-902 GoPro Hero 9-12 - IRONSKY.PL Sklep z Dronami<\/title>\n<meta name=\"description\" content=\"Zestaw filtr\u00f3w ND TELESIN GP-FLT-902 GoPro Hero 9-12 - \u2705 sklep z dronami i fachowym doradztwem. \u2705 Tutaj kupisz produkty DJI, Yuneec, Parrot, Syma i wiele innych, a tak\u017ce kursy i licencje na operatora drona.\" \/>\n<meta name=\"robots\" content=\"index, follow, max-snippet:-1, max-image-preview:large, max-video-preview:-1\" \/>\n<link rel=\"canonical\" href=\"https:\/\/ironsky.pl\/sklep\/produkt\/zestaw-filtrow-nd-telesin-gp-flt-902-gopro-hero-9-12\/\" \/>\n<meta property=\"og:locale\" content=\"pl_PL\" \/>\n<meta property=\"og:type\" content=\"article\" \/>\n<meta property=\"og:title\" content=\"Zestaw filtr\u00f3w ND TELESIN GP-FLT-902 GoPro Hero 9-12 - IRONSKY.PL Sklep z Dronami\" \/>\n<meta property=\"og:description\" content=\"Zestaw filtr\u00f3w ND TELESIN GP-FLT-902 GoPro Hero 9-12 - \u2705 sklep z dronami i fachowym doradztwem. \u2705 Tutaj kupisz produkty DJI, Yuneec, Parrot, Syma i wiele innych, a tak\u017ce kursy i licencje na operatora drona.\" \/>\n<meta property=\"og:url\" content=\"https:\/\/ironsky.pl\/sklep\/produkt\/zestaw-filtrow-nd-telesin-gp-flt-902-gopro-hero-9-12\/\" \/>\n<meta property=\"og:site_name\" content=\"IRONSKY.PL Sklep z Dronami\" \/>\n<meta property=\"article:modified_time\" content=\"2026-04-15T08:06:39+00:00\" \/>\n<meta property=\"og:image\" content=\"https:\/\/ironsky.pl\/sklep\/wp-content\/uploads\/2026\/04\/20266_2.png\" \/>\n\t<meta property=\"og:image:width\" content=\"882\" \/>\n\t<meta property=\"og:image:height\" content=\"882\" \/>\n\t<meta property=\"og:image:type\" content=\"image\/png\" \/>\n<meta name=\"twitter:card\" content=\"summary_large_image\" \/>\n<meta name=\"twitter:label1\" content=\"Szacowany czas czytania\" \/>\n\t<meta name=\"twitter:data1\" content=\"2 minuty\" \/>\n<script type=\"application\/ld+json\" class=\"yoast-schema-graph\">{\"@context\":\"https:\/\/schema.org\",\"@graph\":[{\"@type\":\"WebPage\",\"@id\":\"https:\/\/ironsky.pl\/sklep\/produkt\/zestaw-filtrow-nd-telesin-gp-flt-902-gopro-hero-9-12\/\",\"url\":\"https:\/\/ironsky.pl\/sklep\/produkt\/zestaw-filtrow-nd-telesin-gp-flt-902-gopro-hero-9-12\/\",\"name\":\"Zestaw filtr\u00f3w ND TELESIN GP-FLT-902 GoPro Hero 9-12 - IRONSKY.PL Sklep z Dronami\",\"isPartOf\":{\"@id\":\"https:\/\/ironsky.pl\/sklep\/#website\"},\"primaryImageOfPage\":{\"@id\":\"https:\/\/ironsky.pl\/sklep\/produkt\/zestaw-filtrow-nd-telesin-gp-flt-902-gopro-hero-9-12\/#primaryimage\"},\"image\":{\"@id\":\"https:\/\/ironsky.pl\/sklep\/produkt\/zestaw-filtrow-nd-telesin-gp-flt-902-gopro-hero-9-12\/#primaryimage\"},\"thumbnailUrl\":\"https:\/\/ironsky.pl\/sklep\/wp-content\/uploads\/2026\/04\/20266_2.png\",\"datePublished\":\"2026-04-15T08:06:32+00:00\",\"dateModified\":\"2026-04-15T08:06:39+00:00\",\"description\":\"Zestaw filtr\u00f3w ND TELESIN GP-FLT-902 GoPro Hero 9-12 - \u2705 sklep z dronami i fachowym doradztwem. \u2705 Tutaj kupisz produkty DJI, Yuneec, Parrot, Syma i wiele innych, a tak\u017ce kursy i licencje na operatora drona.\",\"breadcrumb\":{\"@id\":\"https:\/\/ironsky.pl\/sklep\/produkt\/zestaw-filtrow-nd-telesin-gp-flt-902-gopro-hero-9-12\/#breadcrumb\"},\"inLanguage\":\"pl-PL\",\"potentialAction\":[{\"@type\":\"ReadAction\",\"target\":[\"https:\/\/ironsky.pl\/sklep\/produkt\/zestaw-filtrow-nd-telesin-gp-flt-902-gopro-hero-9-12\/\"]}]},{\"@type\":\"ImageObject\",\"inLanguage\":\"pl-PL\",\"@id\":\"https:\/\/ironsky.pl\/sklep\/produkt\/zestaw-filtrow-nd-telesin-gp-flt-902-gopro-hero-9-12\/#primaryimage\",\"url\":\"https:\/\/ironsky.pl\/sklep\/wp-content\/uploads\/2026\/04\/20266_2.png\",\"contentUrl\":\"https:\/\/ironsky.pl\/sklep\/wp-content\/uploads\/2026\/04\/20266_2.png\",\"width\":882,\"height\":882},{\"@type\":\"BreadcrumbList\",\"@id\":\"https:\/\/ironsky.pl\/sklep\/produkt\/zestaw-filtrow-nd-telesin-gp-flt-902-gopro-hero-9-12\/#breadcrumb\",\"itemListElement\":[{\"@type\":\"ListItem\",\"position\":1,\"name\":\"Strona g\u0142\u00f3wna\",\"item\":\"https:\/\/ironsky.pl\/sklep\/\"},{\"@type\":\"ListItem\",\"position\":2,\"name\":\"Wszystkie produkty\",\"item\":\"https:\/\/ironsky.pl\/sklep\/produkty\/\"},{\"@type\":\"ListItem\",\"position\":3,\"name\":\"Zestaw filtr\u00f3w ND TELESIN GP-FLT-902 GoPro Hero 9-12\"}]},{\"@type\":\"WebSite\",\"@id\":\"https:\/\/ironsky.pl\/sklep\/#website\",\"url\":\"https:\/\/ironsky.pl\/sklep\/\",\"name\":\"IRONSKY.PL Sklep z Dronami\",\"description\":\"IRONSKY.PL Sklep z Dronami\",\"potentialAction\":[{\"@type\":\"SearchAction\",\"target\":{\"@type\":\"EntryPoint\",\"urlTemplate\":\"https:\/\/ironsky.pl\/sklep\/?s={search_term_string}\"},\"query-input\":{\"@type\":\"PropertyValueSpecification\",\"valueRequired\":true,\"valueName\":\"search_term_string\"}}],\"inLanguage\":\"pl-PL\"}]}<\/script>\n<!-- \/ Yoast SEO plugin. -->","yoast_head_json":{"title":"Zestaw filtr\u00f3w ND TELESIN GP-FLT-902 GoPro Hero 9-12 - IRONSKY.PL Sklep z Dronami","description":"Zestaw filtr\u00f3w ND TELESIN GP-FLT-902 GoPro Hero 9-12 - \u2705 sklep z dronami i fachowym doradztwem. \u2705 Tutaj kupisz produkty DJI, Yuneec, Parrot, Syma i wiele innych, a tak\u017ce kursy i licencje na operatora drona.","robots":{"index":"index","follow":"follow","max-snippet":"max-snippet:-1","max-image-preview":"max-image-preview:large","max-video-preview":"max-video-preview:-1"},"canonical":"https:\/\/ironsky.pl\/sklep\/produkt\/zestaw-filtrow-nd-telesin-gp-flt-902-gopro-hero-9-12\/","og_locale":"pl_PL","og_type":"article","og_title":"Zestaw filtr\u00f3w ND TELESIN GP-FLT-902 GoPro Hero 9-12 - IRONSKY.PL Sklep z Dronami","og_description":"Zestaw filtr\u00f3w ND TELESIN GP-FLT-902 GoPro Hero 9-12 - \u2705 sklep z dronami i fachowym doradztwem. \u2705 Tutaj kupisz produkty DJI, Yuneec, Parrot, Syma i wiele innych, a tak\u017ce kursy i licencje na operatora drona.","og_url":"https:\/\/ironsky.pl\/sklep\/produkt\/zestaw-filtrow-nd-telesin-gp-flt-902-gopro-hero-9-12\/","og_site_name":"IRONSKY.PL Sklep z Dronami","article_modified_time":"2026-04-15T08:06:39+00:00","og_image":[{"width":882,"height":882,"url":"https:\/\/ironsky.pl\/sklep\/wp-content\/uploads\/2026\/04\/20266_2.png","type":"image\/png"}],"twitter_card":"summary_large_image","twitter_misc":{"Szacowany czas czytania":"2 minuty"},"schema":{"@context":"https:\/\/schema.org","@graph":[{"@type":"WebPage","@id":"https:\/\/ironsky.pl\/sklep\/produkt\/zestaw-filtrow-nd-telesin-gp-flt-902-gopro-hero-9-12\/","url":"https:\/\/ironsky.pl\/sklep\/produkt\/zestaw-filtrow-nd-telesin-gp-flt-902-gopro-hero-9-12\/","name":"Zestaw filtr\u00f3w ND TELESIN GP-FLT-902 GoPro Hero 9-12 - IRONSKY.PL Sklep z Dronami","isPartOf":{"@id":"https:\/\/ironsky.pl\/sklep\/#website"},"primaryImageOfPage":{"@id":"https:\/\/ironsky.pl\/sklep\/produkt\/zestaw-filtrow-nd-telesin-gp-flt-902-gopro-hero-9-12\/#primaryimage"},"image":{"@id":"https:\/\/ironsky.pl\/sklep\/produkt\/zestaw-filtrow-nd-telesin-gp-flt-902-gopro-hero-9-12\/#primaryimage"},"thumbnailUrl":"https:\/\/ironsky.pl\/sklep\/wp-content\/uploads\/2026\/04\/20266_2.png","datePublished":"2026-04-15T08:06:32+00:00","dateModified":"2026-04-15T08:06:39+00:00","description":"Zestaw filtr\u00f3w ND TELESIN GP-FLT-902 GoPro Hero 9-12 - \u2705 sklep z dronami i fachowym doradztwem. \u2705 Tutaj kupisz produkty DJI, Yuneec, Parrot, Syma i wiele innych, a tak\u017ce kursy i licencje na operatora drona.","breadcrumb":{"@id":"https:\/\/ironsky.pl\/sklep\/produkt\/zestaw-filtrow-nd-telesin-gp-flt-902-gopro-hero-9-12\/#breadcrumb"},"inLanguage":"pl-PL","potentialAction":[{"@type":"ReadAction","target":["https:\/\/ironsky.pl\/sklep\/produkt\/zestaw-filtrow-nd-telesin-gp-flt-902-gopro-hero-9-12\/"]}]},{"@type":"ImageObject","inLanguage":"pl-PL","@id":"https:\/\/ironsky.pl\/sklep\/produkt\/zestaw-filtrow-nd-telesin-gp-flt-902-gopro-hero-9-12\/#primaryimage","url":"https:\/\/ironsky.pl\/sklep\/wp-content\/uploads\/2026\/04\/20266_2.png","contentUrl":"https:\/\/ironsky.pl\/sklep\/wp-content\/uploads\/2026\/04\/20266_2.png","width":882,"height":882},{"@type":"BreadcrumbList","@id":"https:\/\/ironsky.pl\/sklep\/produkt\/zestaw-filtrow-nd-telesin-gp-flt-902-gopro-hero-9-12\/#breadcrumb","itemListElement":[{"@type":"ListItem","position":1,"name":"Strona g\u0142\u00f3wna","item":"https:\/\/ironsky.pl\/sklep\/"},{"@type":"ListItem","position":2,"name":"Wszystkie produkty","item":"https:\/\/ironsky.pl\/sklep\/produkty\/"},{"@type":"ListItem","position":3,"name":"Zestaw filtr\u00f3w ND TELESIN GP-FLT-902 GoPro Hero 9-12"}]},{"@type":"WebSite","@id":"https:\/\/ironsky.pl\/sklep\/#website","url":"https:\/\/ironsky.pl\/sklep\/","name":"IRONSKY.PL Sklep z Dronami","description":"IRONSKY.PL Sklep z Dronami","potentialAction":[{"@type":"SearchAction","target":{"@type":"EntryPoint","urlTemplate":"https:\/\/ironsky.pl\/sklep\/?s={search_term_string}"},"query-input":{"@type":"PropertyValueSpecification","valueRequired":true,"valueName":"search_term_string"}}],"inLanguage":"pl-PL"}]}},"_links":{"self":[{"href":"https:\/\/ironsky.pl\/sklep\/wp-json\/wp\/v2\/product\/55642","targetHints":{"allow":["GET"]}}],"collection":[{"href":"https:\/\/ironsky.pl\/sklep\/wp-json\/wp\/v2\/product"}],"about":[{"href":"https:\/\/ironsky.pl\/sklep\/wp-json\/wp\/v2\/types\/product"}],"replies":[{"embeddable":true,"href":"https:\/\/ironsky.pl\/sklep\/wp-json\/wp\/v2\/comments?post=55642"}],"wp:featuredmedia":[{"embeddable":true,"href":"https:\/\/ironsky.pl\/sklep\/wp-json\/wp\/v2\/media\/55643"}],"wp:attachment":[{"href":"https:\/\/ironsky.pl\/sklep\/wp-json\/wp\/v2\/media?parent=55642"}],"wp:term":[{"taxonomy":"product_brand","embeddable":true,"href":"https:\/\/ironsky.pl\/sklep\/wp-json\/wp\/v2\/product_brand?post=55642"},{"taxonomy":"product_cat","embeddable":true,"href":"https:\/\/ironsky.pl\/sklep\/wp-json\/wp\/v2\/product_cat?post=55642"},{"taxonomy":"product_tag","embeddable":true,"href":"https:\/\/ironsky.pl\/sklep\/wp-json\/wp\/v2\/product_tag?post=55642"}],"curies":[{"name":"wp","href":"https:\/\/api.w.org\/{rel}","templated":true}]}}