{"id":55624,"date":"2026-04-15T10:05:57","date_gmt":"2026-04-15T08:05:57","guid":{"rendered":"https:\/\/ironsky.pl\/sklep\/produkt\/namiot-bezcieniowy-puluz-pu5023-23cm-led-2\/"},"modified":"2026-04-15T10:06:28","modified_gmt":"2026-04-15T08:06:28","slug":"namiot-bezcieniowy-puluz-pu5023-23cm-led-2","status":"publish","type":"product","link":"https:\/\/ironsky.pl\/sklep\/produkt\/namiot-bezcieniowy-puluz-pu5023-23cm-led-2\/","title":{"rendered":"Namiot bezcieniowy PULUZ PU5023 23cm LED"},"content":{"rendered":"<h3>Puluz Namiot bezcieniowy 23 cm LED PU5023<\/h3>\n<p> Namiot bezcieniowy Puluz PU5023 z o\u015bwietleniem LED znajdzie zastosowanie w wykonywaniu profesjonalnych zdj\u0119\u0107 niewielkich przedmiot\u00f3w. Wsp\u00f3\u0142czynnik CRI Ra82 oznacza, \u017ce fotografowane obiekty prezentuj\u0105 si\u0119 niezwykle naturalnie, a mo\u017cliwo\u015b\u0107 regulacji parametr\u00f3w \u015bwiat\u0142a oraz wymienne, kolorowe t\u0142a dost\u0119pne w zestawie pozwalaj\u0105 idealnie podkre\u015bli\u0107 charakter wybranych rzeczy i wydoby\u0107 ich pi\u0119kno. Namiot mo\u017ce sta\u0107 si\u0119 niezast\u0105pionym narz\u0119dziem dla fotograf\u00f3w, influencer\u00f3w czy sprzedawc\u00f3w internetowych.<\/p>\n<p><img decoding=\"async\" src=\"https:\/\/b2b.innpro.pl\/data\/include\/cms\/02Puluz\/PU5023\/6.jpg\"><\/p>\n<h3>Idealnie dobrane t\u0142o do wykonywania zdj\u0119\u0107<\/h3>\n<p>Ten kompaktowy namiot doskonale nadaje si\u0119 do fotografowania drobnych przedmiot\u00f3w, takich jak na przyk\u0142ad zegarki, r\u0119cznie robiona bi\u017cuteria, zabawki czy niewielkie gad\u017cety. Do zestawu do\u0142\u0105czono wymienne t\u0142a w 6 kolorach \u2013 bia\u0142ym, czarnym, zielonym, niebieskim, \u017c\u00f3\u0142tym i czerwonym. Z powodzeniem dobierzesz wi\u0119c odpowiednie do wybranego obiektu. Stw\u00f3rz profesjonalne zdj\u0119cia produkowanych lub sprzedawanych przez siebie przedmiot\u00f3w i zaprezentuj je potencjalnym klientom.<\/p>\n<p><img decoding=\"async\" src=\"https:\/\/b2b.innpro.pl\/data\/include\/cms\/02Puluz\/PU5023\/3.jpg\"><\/p>\n<h3>Regulowane o\u015bwietlenie LED<\/h3>\n<p>Namiot zosta\u0142 wyposa\u017cony w lamp\u0119 LED, na kt\u00f3r\u0105 sk\u0142adaj\u0105 si\u0119 64 wysokiej klasy koraliki \u015bwietlne. Wysoki wsp\u00f3\u0142czynnik oddawania barw sprawia, \u017ce fotografowane w jej \u015bwietle przedmioty wygl\u0105daj\u0105 naturalnie i zachwycaj\u0105 wyrazisto\u015bci\u0105 barw. Mo\u017cesz te\u017c dostosowywa\u0107 jasno\u015b\u0107 o\u015bwietlenia do swoich oczekiwa\u0144. Istnieje tak\u017ce mo\u017cliwo\u015b\u0107 wyboru mi\u0119dzy bia\u0142ym, delikatnym i ciep\u0142ym \u015bwiat\u0142em.<\/p>\n<p><img decoding=\"async\" src=\"https:\/\/b2b.innpro.pl\/data\/include\/cms\/02Puluz\/PU5023\/4.jpg\"><\/p>\n<h3>Funkcjonalny design<\/h3>\n<p>Dzi\u0119ki przemy\u015blanej konstrukcji namiotu mo\u017cesz robi\u0107 zdj\u0119cia pod r\u00f3\u017cnymi k\u0105tami  r\u00f3wnie\u017c z g\u00f3ry, co umo\u017cliwia specjalny otw\u00f3r. Produkt jest zasilany przez kabel USB. To oznacza, \u017ce mo\u017cesz pod\u0142\u0105czy\u0107 go nie tylko do \u0142adowarki, ale te\u017c do powerbanku, a nawet komputera czy laptopa. Wymiary 23 x 23 x 24 cm oraz mo\u017cliwo\u015b\u0107 szybkiego z\u0142o\u017cenia namiotu sprawiaj\u0105, \u017ce jego transport jest bajecznie prosty i wygodny.<\/p>\n<p><img decoding=\"async\" src=\"https:\/\/b2b.innpro.pl\/data\/include\/cms\/02Puluz\/PU5023\/10.jpg\"><\/p>\n<h3>W zestawie<\/h3>\n<ul>\n<li>namiot bezcieniowy<\/li>\n<li>t\u0142a fotograficzne x6 (Czarny, bia\u0142y, \u017c\u00f3\u0142ty, czerwony, niebieski, zielony)<\/li>\n<\/ul>\n<div class=\"table-wrapper\">\n<table>\n<tbody>\n<tr>\n<th>Producent <\/th>\n<td>Puluz<\/td>\n<\/tr>\n<tr>\n<th>Model <\/th>\n<td>PU5023<\/td>\n<\/tr>\n<tr>\n<th>Nazwa <\/th>\n<td>23cm LED Ring Light Studio<\/td>\n<\/tr>\n<tr>\n<th>Wymiary <\/th>\n<td>23 x 23 x 24 cm<\/td>\n<\/tr>\n<tr>\n<th>Liczba koralik\u00f3w \u015bwietlnych LED <\/th>\n<td>64<\/td>\n<\/tr>\n<tr>\n<th>Regulacja jasno\u015bci \u015bwiat\u0142a <\/th>\n<td>Tak<\/td>\n<\/tr>\n<tr>\n<th>CRI <\/th>\n<td>Ra&gt;82<\/td>\n<\/tr>\n<tr>\n<th>Temperatura barwowa <\/th>\n<td>3200-6500 K<\/td>\n<\/tr>\n<tr>\n<th>Moc wyj\u015bciowa <\/th>\n<td>7-14 W<\/td>\n<\/tr>\n<tr>\n<th>Zasilanie <\/th>\n<td>Kabel micro USB (5 V)<\/td>\n<\/tr>\n<tr>\n<th>D\u0142ugo\u015b\u0107 kabla <\/th>\n<td>2 m<\/td>\n<\/tr>\n<\/tbody>\n<\/table>\n<\/div>\n","protected":false},"excerpt":{"rendered":"<p>Puluz Namiot bezcieniowy 23 cm LED PU5023 Namiot bezcieniowy Puluz PU5023 z o\u015bwietleniem LED znajdzie zastosowanie w wykonywaniu profesjonalnych zdj\u0119\u0107<\/p>\n","protected":false},"featured_media":55625,"comment_status":"closed","ping_status":"open","template":"","meta":{"_acf_changed":false},"product_brand":[],"product_cat":[1128,6183,6182],"product_tag":[],"class_list":{"0":"post-55624","1":"product","2":"type-product","3":"status-publish","4":"has-post-thumbnail","6":"product_cat-foto-wideo","7":"product_cat-namioty-bezcieniowe-studio-fotograficzne","8":"product_cat-studio-fotograficzne","9":"pa_okres-gwarancji-5754","10":"pa_producent-puluz","12":"first","13":"outofstock","14":"taxable","15":"shipping-taxable","16":"purchasable","17":"product-type-simple"},"acf":[],"yoast_head":"<!-- This site is optimized with the Yoast SEO plugin v27.2 - https:\/\/yoast.com\/product\/yoast-seo-wordpress\/ -->\n<title>Namiot bezcieniowy PULUZ PU5023 23cm LED - IRONSKY.PL Sklep z Dronami<\/title>\n<meta name=\"description\" content=\"Namiot bezcieniowy PULUZ PU5023 23cm LED - \u2705 sklep z dronami i fachowym doradztwem. \u2705 Tutaj kupisz produkty DJI, Yuneec, Parrot, Syma i wiele innych, a tak\u017ce kursy i licencje na operatora drona.\" \/>\n<meta name=\"robots\" content=\"index, follow, max-snippet:-1, max-image-preview:large, max-video-preview:-1\" \/>\n<link rel=\"canonical\" href=\"https:\/\/ironsky.pl\/sklep\/produkt\/namiot-bezcieniowy-puluz-pu5023-23cm-led-2\/\" \/>\n<meta property=\"og:locale\" content=\"pl_PL\" \/>\n<meta property=\"og:type\" content=\"article\" \/>\n<meta property=\"og:title\" content=\"Namiot bezcieniowy PULUZ PU5023 23cm LED - IRONSKY.PL Sklep z Dronami\" \/>\n<meta property=\"og:description\" content=\"Namiot bezcieniowy PULUZ PU5023 23cm LED - \u2705 sklep z dronami i fachowym doradztwem. \u2705 Tutaj kupisz produkty DJI, Yuneec, Parrot, Syma i wiele innych, a tak\u017ce kursy i licencje na operatora drona.\" \/>\n<meta property=\"og:url\" content=\"https:\/\/ironsky.pl\/sklep\/produkt\/namiot-bezcieniowy-puluz-pu5023-23cm-led-2\/\" \/>\n<meta property=\"og:site_name\" content=\"IRONSKY.PL Sklep z Dronami\" \/>\n<meta property=\"article:modified_time\" content=\"2026-04-15T08:06:28+00:00\" \/>\n<meta property=\"og:image\" content=\"https:\/\/ironsky.pl\/sklep\/wp-content\/uploads\/2026\/04\/20045_1.jpg\" \/>\n\t<meta property=\"og:image:width\" content=\"800\" \/>\n\t<meta property=\"og:image:height\" content=\"800\" \/>\n\t<meta property=\"og:image:type\" content=\"image\/jpeg\" \/>\n<meta name=\"twitter:card\" content=\"summary_large_image\" \/>\n<meta name=\"twitter:label1\" content=\"Szacowany czas czytania\" \/>\n\t<meta name=\"twitter:data1\" content=\"2 minuty\" \/>\n<script type=\"application\/ld+json\" class=\"yoast-schema-graph\">{\"@context\":\"https:\/\/schema.org\",\"@graph\":[{\"@type\":\"WebPage\",\"@id\":\"https:\/\/ironsky.pl\/sklep\/produkt\/namiot-bezcieniowy-puluz-pu5023-23cm-led-2\/\",\"url\":\"https:\/\/ironsky.pl\/sklep\/produkt\/namiot-bezcieniowy-puluz-pu5023-23cm-led-2\/\",\"name\":\"Namiot bezcieniowy PULUZ PU5023 23cm LED - IRONSKY.PL Sklep z Dronami\",\"isPartOf\":{\"@id\":\"https:\/\/ironsky.pl\/sklep\/#website\"},\"primaryImageOfPage\":{\"@id\":\"https:\/\/ironsky.pl\/sklep\/produkt\/namiot-bezcieniowy-puluz-pu5023-23cm-led-2\/#primaryimage\"},\"image\":{\"@id\":\"https:\/\/ironsky.pl\/sklep\/produkt\/namiot-bezcieniowy-puluz-pu5023-23cm-led-2\/#primaryimage\"},\"thumbnailUrl\":\"https:\/\/ironsky.pl\/sklep\/wp-content\/uploads\/2026\/04\/20045_1.jpg\",\"datePublished\":\"2026-04-15T08:05:57+00:00\",\"dateModified\":\"2026-04-15T08:06:28+00:00\",\"description\":\"Namiot bezcieniowy PULUZ PU5023 23cm LED - \u2705 sklep z dronami i fachowym doradztwem. \u2705 Tutaj kupisz produkty DJI, Yuneec, Parrot, Syma i wiele innych, a tak\u017ce kursy i licencje na operatora drona.\",\"breadcrumb\":{\"@id\":\"https:\/\/ironsky.pl\/sklep\/produkt\/namiot-bezcieniowy-puluz-pu5023-23cm-led-2\/#breadcrumb\"},\"inLanguage\":\"pl-PL\",\"potentialAction\":[{\"@type\":\"ReadAction\",\"target\":[\"https:\/\/ironsky.pl\/sklep\/produkt\/namiot-bezcieniowy-puluz-pu5023-23cm-led-2\/\"]}]},{\"@type\":\"ImageObject\",\"inLanguage\":\"pl-PL\",\"@id\":\"https:\/\/ironsky.pl\/sklep\/produkt\/namiot-bezcieniowy-puluz-pu5023-23cm-led-2\/#primaryimage\",\"url\":\"https:\/\/ironsky.pl\/sklep\/wp-content\/uploads\/2026\/04\/20045_1.jpg\",\"contentUrl\":\"https:\/\/ironsky.pl\/sklep\/wp-content\/uploads\/2026\/04\/20045_1.jpg\",\"width\":800,\"height\":800},{\"@type\":\"BreadcrumbList\",\"@id\":\"https:\/\/ironsky.pl\/sklep\/produkt\/namiot-bezcieniowy-puluz-pu5023-23cm-led-2\/#breadcrumb\",\"itemListElement\":[{\"@type\":\"ListItem\",\"position\":1,\"name\":\"Strona g\u0142\u00f3wna\",\"item\":\"https:\/\/ironsky.pl\/sklep\/\"},{\"@type\":\"ListItem\",\"position\":2,\"name\":\"Wszystkie produkty\",\"item\":\"https:\/\/ironsky.pl\/sklep\/produkty\/\"},{\"@type\":\"ListItem\",\"position\":3,\"name\":\"Namiot bezcieniowy PULUZ PU5023 23cm LED\"}]},{\"@type\":\"WebSite\",\"@id\":\"https:\/\/ironsky.pl\/sklep\/#website\",\"url\":\"https:\/\/ironsky.pl\/sklep\/\",\"name\":\"IRONSKY.PL Sklep z Dronami\",\"description\":\"IRONSKY.PL Sklep z Dronami\",\"potentialAction\":[{\"@type\":\"SearchAction\",\"target\":{\"@type\":\"EntryPoint\",\"urlTemplate\":\"https:\/\/ironsky.pl\/sklep\/?s={search_term_string}\"},\"query-input\":{\"@type\":\"PropertyValueSpecification\",\"valueRequired\":true,\"valueName\":\"search_term_string\"}}],\"inLanguage\":\"pl-PL\"}]}<\/script>\n<!-- \/ Yoast SEO plugin. -->","yoast_head_json":{"title":"Namiot bezcieniowy PULUZ PU5023 23cm LED - IRONSKY.PL Sklep z Dronami","description":"Namiot bezcieniowy PULUZ PU5023 23cm LED - \u2705 sklep z dronami i fachowym doradztwem. \u2705 Tutaj kupisz produkty DJI, Yuneec, Parrot, Syma i wiele innych, a tak\u017ce kursy i licencje na operatora drona.","robots":{"index":"index","follow":"follow","max-snippet":"max-snippet:-1","max-image-preview":"max-image-preview:large","max-video-preview":"max-video-preview:-1"},"canonical":"https:\/\/ironsky.pl\/sklep\/produkt\/namiot-bezcieniowy-puluz-pu5023-23cm-led-2\/","og_locale":"pl_PL","og_type":"article","og_title":"Namiot bezcieniowy PULUZ PU5023 23cm LED - IRONSKY.PL Sklep z Dronami","og_description":"Namiot bezcieniowy PULUZ PU5023 23cm LED - \u2705 sklep z dronami i fachowym doradztwem. \u2705 Tutaj kupisz produkty DJI, Yuneec, Parrot, Syma i wiele innych, a tak\u017ce kursy i licencje na operatora drona.","og_url":"https:\/\/ironsky.pl\/sklep\/produkt\/namiot-bezcieniowy-puluz-pu5023-23cm-led-2\/","og_site_name":"IRONSKY.PL Sklep z Dronami","article_modified_time":"2026-04-15T08:06:28+00:00","og_image":[{"width":800,"height":800,"url":"https:\/\/ironsky.pl\/sklep\/wp-content\/uploads\/2026\/04\/20045_1.jpg","type":"image\/jpeg"}],"twitter_card":"summary_large_image","twitter_misc":{"Szacowany czas czytania":"2 minuty"},"schema":{"@context":"https:\/\/schema.org","@graph":[{"@type":"WebPage","@id":"https:\/\/ironsky.pl\/sklep\/produkt\/namiot-bezcieniowy-puluz-pu5023-23cm-led-2\/","url":"https:\/\/ironsky.pl\/sklep\/produkt\/namiot-bezcieniowy-puluz-pu5023-23cm-led-2\/","name":"Namiot bezcieniowy PULUZ PU5023 23cm LED - IRONSKY.PL Sklep z Dronami","isPartOf":{"@id":"https:\/\/ironsky.pl\/sklep\/#website"},"primaryImageOfPage":{"@id":"https:\/\/ironsky.pl\/sklep\/produkt\/namiot-bezcieniowy-puluz-pu5023-23cm-led-2\/#primaryimage"},"image":{"@id":"https:\/\/ironsky.pl\/sklep\/produkt\/namiot-bezcieniowy-puluz-pu5023-23cm-led-2\/#primaryimage"},"thumbnailUrl":"https:\/\/ironsky.pl\/sklep\/wp-content\/uploads\/2026\/04\/20045_1.jpg","datePublished":"2026-04-15T08:05:57+00:00","dateModified":"2026-04-15T08:06:28+00:00","description":"Namiot bezcieniowy PULUZ PU5023 23cm LED - \u2705 sklep z dronami i fachowym doradztwem. \u2705 Tutaj kupisz produkty DJI, Yuneec, Parrot, Syma i wiele innych, a tak\u017ce kursy i licencje na operatora drona.","breadcrumb":{"@id":"https:\/\/ironsky.pl\/sklep\/produkt\/namiot-bezcieniowy-puluz-pu5023-23cm-led-2\/#breadcrumb"},"inLanguage":"pl-PL","potentialAction":[{"@type":"ReadAction","target":["https:\/\/ironsky.pl\/sklep\/produkt\/namiot-bezcieniowy-puluz-pu5023-23cm-led-2\/"]}]},{"@type":"ImageObject","inLanguage":"pl-PL","@id":"https:\/\/ironsky.pl\/sklep\/produkt\/namiot-bezcieniowy-puluz-pu5023-23cm-led-2\/#primaryimage","url":"https:\/\/ironsky.pl\/sklep\/wp-content\/uploads\/2026\/04\/20045_1.jpg","contentUrl":"https:\/\/ironsky.pl\/sklep\/wp-content\/uploads\/2026\/04\/20045_1.jpg","width":800,"height":800},{"@type":"BreadcrumbList","@id":"https:\/\/ironsky.pl\/sklep\/produkt\/namiot-bezcieniowy-puluz-pu5023-23cm-led-2\/#breadcrumb","itemListElement":[{"@type":"ListItem","position":1,"name":"Strona g\u0142\u00f3wna","item":"https:\/\/ironsky.pl\/sklep\/"},{"@type":"ListItem","position":2,"name":"Wszystkie produkty","item":"https:\/\/ironsky.pl\/sklep\/produkty\/"},{"@type":"ListItem","position":3,"name":"Namiot bezcieniowy PULUZ PU5023 23cm LED"}]},{"@type":"WebSite","@id":"https:\/\/ironsky.pl\/sklep\/#website","url":"https:\/\/ironsky.pl\/sklep\/","name":"IRONSKY.PL Sklep z Dronami","description":"IRONSKY.PL Sklep z Dronami","potentialAction":[{"@type":"SearchAction","target":{"@type":"EntryPoint","urlTemplate":"https:\/\/ironsky.pl\/sklep\/?s={search_term_string}"},"query-input":{"@type":"PropertyValueSpecification","valueRequired":true,"valueName":"search_term_string"}}],"inLanguage":"pl-PL"}]}},"_links":{"self":[{"href":"https:\/\/ironsky.pl\/sklep\/wp-json\/wp\/v2\/product\/55624","targetHints":{"allow":["GET"]}}],"collection":[{"href":"https:\/\/ironsky.pl\/sklep\/wp-json\/wp\/v2\/product"}],"about":[{"href":"https:\/\/ironsky.pl\/sklep\/wp-json\/wp\/v2\/types\/product"}],"replies":[{"embeddable":true,"href":"https:\/\/ironsky.pl\/sklep\/wp-json\/wp\/v2\/comments?post=55624"}],"wp:featuredmedia":[{"embeddable":true,"href":"https:\/\/ironsky.pl\/sklep\/wp-json\/wp\/v2\/media\/55625"}],"wp:attachment":[{"href":"https:\/\/ironsky.pl\/sklep\/wp-json\/wp\/v2\/media?parent=55624"}],"wp:term":[{"taxonomy":"product_brand","embeddable":true,"href":"https:\/\/ironsky.pl\/sklep\/wp-json\/wp\/v2\/product_brand?post=55624"},{"taxonomy":"product_cat","embeddable":true,"href":"https:\/\/ironsky.pl\/sklep\/wp-json\/wp\/v2\/product_cat?post=55624"},{"taxonomy":"product_tag","embeddable":true,"href":"https:\/\/ironsky.pl\/sklep\/wp-json\/wp\/v2\/product_tag?post=55624"}],"curies":[{"name":"wp","href":"https:\/\/api.w.org\/{rel}","templated":true}]}}