{"id":55609,"date":"2026-04-15T10:05:57","date_gmt":"2026-04-15T08:05:57","guid":{"rendered":"https:\/\/ironsky.pl\/sklep\/produkt\/przyssawka-ecoflow-do-panelu-pv-8szt-przezroczysta\/"},"modified":"2026-04-15T10:44:34","modified_gmt":"2026-04-15T08:44:34","slug":"przyssawka-ecoflow-do-panelu-pv-8szt-przezroczysta","status":"publish","type":"product","link":"https:\/\/ironsky.pl\/sklep\/produkt\/przyssawka-ecoflow-do-panelu-pv-8szt-przezroczysta\/","title":{"rendered":"Przyssawka ECOFLOW do panelu PV 8szt. (przezroczysta)"},"content":{"rendered":"<h3>Przyssawki EcoFlow do paneli s\u0142onecznych 8 szt. (przezroczyste)<\/h3>\n<p>Wybierasz si\u0119 w podr\u00f3\u017c kamperem? Przyssawki EcoFlow to akcesorium, z kt\u00f3rym \u0142atwo przymocujesz swoje panele s\u0142oneczne do szklanych powierzchni, takich jak dach, czy szyba samochodu. Dzi\u0119ki temu wykorzystasz energi\u0119 s\u0142oneczn\u0105 wsz\u0119dzie tam, gdzie jeste\u015b. Teraz mo\u017cesz by\u0107 niezale\u017cny &#8211; zasilanie urz\u0105dze\u0144 z dala od sieci jest mo\u017cliwe! Dbaj o \u015brodowisko i oszcz\u0119dzaj energi\u0119 z EcoFlow!<\/p>\n<p><img decoding=\"async\" src=\"https:\/\/b2b.innpro.pl\/data\/include\/cms\/12EcoFlow\/Przyssawki-1200x700\/3x1200.pg.jpg\" alt=\"12EcoFlow\/Przyssawki-1200x700\/3x1200.pg\"><\/p>\n","protected":false},"excerpt":{"rendered":"<p>Przyssawki EcoFlow do paneli s\u0142onecznych 8 szt. (przezroczyste) Wybierasz si\u0119 w podr\u00f3\u017c kamperem? Przyssawki EcoFlow to akcesorium, z kt\u00f3rym \u0142atwo<\/p>\n","protected":false},"featured_media":55610,"comment_status":"closed","ping_status":"open","template":"","meta":{"_acf_changed":false},"product_brand":[],"product_cat":[6196,1108,1111],"product_tag":[],"class_list":{"0":"post-55609","1":"product","2":"type-product","3":"status-publish","4":"has-post-thumbnail","6":"product_cat-akcesoria-stacje-zasilania","7":"product_cat-energia","8":"product_cat-stacje-zasilania","9":"pa_okres-gwarancji-5754","10":"pa_producent-ecoflow","12":"first","13":"outofstock","14":"taxable","15":"shipping-taxable","16":"purchasable","17":"product-type-simple"},"acf":[],"yoast_head":"<!-- This site is optimized with the Yoast SEO plugin v27.2 - https:\/\/yoast.com\/product\/yoast-seo-wordpress\/ -->\n<title>Przyssawka ECOFLOW do panelu PV 8szt. (przezroczysta) - IRONSKY.PL Sklep z Dronami<\/title>\n<meta name=\"description\" content=\"Przyssawka ECOFLOW do panelu PV 8szt. (przezroczysta) - \u2705 sklep z dronami i fachowym doradztwem. \u2705 Tutaj kupisz produkty DJI, Yuneec, Parrot, Syma i wiele innych, a tak\u017ce kursy i licencje na operatora drona.\" \/>\n<meta name=\"robots\" content=\"index, follow, max-snippet:-1, max-image-preview:large, max-video-preview:-1\" \/>\n<link rel=\"canonical\" href=\"https:\/\/ironsky.pl\/sklep\/produkt\/przyssawka-ecoflow-do-panelu-pv-8szt-przezroczysta\/\" \/>\n<meta property=\"og:locale\" content=\"pl_PL\" \/>\n<meta property=\"og:type\" content=\"article\" \/>\n<meta property=\"og:title\" content=\"Przyssawka ECOFLOW do panelu PV 8szt. (przezroczysta) - IRONSKY.PL Sklep z Dronami\" \/>\n<meta property=\"og:description\" content=\"Przyssawka ECOFLOW do panelu PV 8szt. (przezroczysta) - \u2705 sklep z dronami i fachowym doradztwem. \u2705 Tutaj kupisz produkty DJI, Yuneec, Parrot, Syma i wiele innych, a tak\u017ce kursy i licencje na operatora drona.\" \/>\n<meta property=\"og:url\" content=\"https:\/\/ironsky.pl\/sklep\/produkt\/przyssawka-ecoflow-do-panelu-pv-8szt-przezroczysta\/\" \/>\n<meta property=\"og:site_name\" content=\"IRONSKY.PL Sklep z Dronami\" \/>\n<meta property=\"article:modified_time\" content=\"2026-04-15T08:44:34+00:00\" \/>\n<meta property=\"og:image\" content=\"https:\/\/ironsky.pl\/sklep\/wp-content\/uploads\/2026\/04\/19890_7.jpg\" \/>\n\t<meta property=\"og:image:width\" content=\"800\" \/>\n\t<meta property=\"og:image:height\" content=\"800\" \/>\n\t<meta property=\"og:image:type\" content=\"image\/jpeg\" \/>\n<meta name=\"twitter:card\" content=\"summary_large_image\" \/>\n<script type=\"application\/ld+json\" class=\"yoast-schema-graph\">{\"@context\":\"https:\/\/schema.org\",\"@graph\":[{\"@type\":\"WebPage\",\"@id\":\"https:\/\/ironsky.pl\/sklep\/produkt\/przyssawka-ecoflow-do-panelu-pv-8szt-przezroczysta\/\",\"url\":\"https:\/\/ironsky.pl\/sklep\/produkt\/przyssawka-ecoflow-do-panelu-pv-8szt-przezroczysta\/\",\"name\":\"Przyssawka ECOFLOW do panelu PV 8szt. (przezroczysta) - IRONSKY.PL Sklep z Dronami\",\"isPartOf\":{\"@id\":\"https:\/\/ironsky.pl\/sklep\/#website\"},\"primaryImageOfPage\":{\"@id\":\"https:\/\/ironsky.pl\/sklep\/produkt\/przyssawka-ecoflow-do-panelu-pv-8szt-przezroczysta\/#primaryimage\"},\"image\":{\"@id\":\"https:\/\/ironsky.pl\/sklep\/produkt\/przyssawka-ecoflow-do-panelu-pv-8szt-przezroczysta\/#primaryimage\"},\"thumbnailUrl\":\"https:\/\/ironsky.pl\/sklep\/wp-content\/uploads\/2026\/04\/19890_7.jpg\",\"datePublished\":\"2026-04-15T08:05:57+00:00\",\"dateModified\":\"2026-04-15T08:44:34+00:00\",\"description\":\"Przyssawka ECOFLOW do panelu PV 8szt. (przezroczysta) - \u2705 sklep z dronami i fachowym doradztwem. \u2705 Tutaj kupisz produkty DJI, Yuneec, Parrot, Syma i wiele innych, a tak\u017ce kursy i licencje na operatora drona.\",\"breadcrumb\":{\"@id\":\"https:\/\/ironsky.pl\/sklep\/produkt\/przyssawka-ecoflow-do-panelu-pv-8szt-przezroczysta\/#breadcrumb\"},\"inLanguage\":\"pl-PL\",\"potentialAction\":[{\"@type\":\"ReadAction\",\"target\":[\"https:\/\/ironsky.pl\/sklep\/produkt\/przyssawka-ecoflow-do-panelu-pv-8szt-przezroczysta\/\"]}]},{\"@type\":\"ImageObject\",\"inLanguage\":\"pl-PL\",\"@id\":\"https:\/\/ironsky.pl\/sklep\/produkt\/przyssawka-ecoflow-do-panelu-pv-8szt-przezroczysta\/#primaryimage\",\"url\":\"https:\/\/ironsky.pl\/sklep\/wp-content\/uploads\/2026\/04\/19890_7.jpg\",\"contentUrl\":\"https:\/\/ironsky.pl\/sklep\/wp-content\/uploads\/2026\/04\/19890_7.jpg\",\"width\":800,\"height\":800},{\"@type\":\"BreadcrumbList\",\"@id\":\"https:\/\/ironsky.pl\/sklep\/produkt\/przyssawka-ecoflow-do-panelu-pv-8szt-przezroczysta\/#breadcrumb\",\"itemListElement\":[{\"@type\":\"ListItem\",\"position\":1,\"name\":\"Strona g\u0142\u00f3wna\",\"item\":\"https:\/\/ironsky.pl\/sklep\/\"},{\"@type\":\"ListItem\",\"position\":2,\"name\":\"Wszystkie produkty\",\"item\":\"https:\/\/ironsky.pl\/sklep\/produkty\/\"},{\"@type\":\"ListItem\",\"position\":3,\"name\":\"Przyssawka ECOFLOW do panelu PV 8szt. (przezroczysta)\"}]},{\"@type\":\"WebSite\",\"@id\":\"https:\/\/ironsky.pl\/sklep\/#website\",\"url\":\"https:\/\/ironsky.pl\/sklep\/\",\"name\":\"IRONSKY.PL Sklep z Dronami\",\"description\":\"IRONSKY.PL Sklep z Dronami\",\"potentialAction\":[{\"@type\":\"SearchAction\",\"target\":{\"@type\":\"EntryPoint\",\"urlTemplate\":\"https:\/\/ironsky.pl\/sklep\/?s={search_term_string}\"},\"query-input\":{\"@type\":\"PropertyValueSpecification\",\"valueRequired\":true,\"valueName\":\"search_term_string\"}}],\"inLanguage\":\"pl-PL\"}]}<\/script>\n<!-- \/ Yoast SEO plugin. -->","yoast_head_json":{"title":"Przyssawka ECOFLOW do panelu PV 8szt. (przezroczysta) - IRONSKY.PL Sklep z Dronami","description":"Przyssawka ECOFLOW do panelu PV 8szt. (przezroczysta) - \u2705 sklep z dronami i fachowym doradztwem. \u2705 Tutaj kupisz produkty DJI, Yuneec, Parrot, Syma i wiele innych, a tak\u017ce kursy i licencje na operatora drona.","robots":{"index":"index","follow":"follow","max-snippet":"max-snippet:-1","max-image-preview":"max-image-preview:large","max-video-preview":"max-video-preview:-1"},"canonical":"https:\/\/ironsky.pl\/sklep\/produkt\/przyssawka-ecoflow-do-panelu-pv-8szt-przezroczysta\/","og_locale":"pl_PL","og_type":"article","og_title":"Przyssawka ECOFLOW do panelu PV 8szt. (przezroczysta) - IRONSKY.PL Sklep z Dronami","og_description":"Przyssawka ECOFLOW do panelu PV 8szt. (przezroczysta) - \u2705 sklep z dronami i fachowym doradztwem. \u2705 Tutaj kupisz produkty DJI, Yuneec, Parrot, Syma i wiele innych, a tak\u017ce kursy i licencje na operatora drona.","og_url":"https:\/\/ironsky.pl\/sklep\/produkt\/przyssawka-ecoflow-do-panelu-pv-8szt-przezroczysta\/","og_site_name":"IRONSKY.PL Sklep z Dronami","article_modified_time":"2026-04-15T08:44:34+00:00","og_image":[{"width":800,"height":800,"url":"https:\/\/ironsky.pl\/sklep\/wp-content\/uploads\/2026\/04\/19890_7.jpg","type":"image\/jpeg"}],"twitter_card":"summary_large_image","schema":{"@context":"https:\/\/schema.org","@graph":[{"@type":"WebPage","@id":"https:\/\/ironsky.pl\/sklep\/produkt\/przyssawka-ecoflow-do-panelu-pv-8szt-przezroczysta\/","url":"https:\/\/ironsky.pl\/sklep\/produkt\/przyssawka-ecoflow-do-panelu-pv-8szt-przezroczysta\/","name":"Przyssawka ECOFLOW do panelu PV 8szt. (przezroczysta) - IRONSKY.PL Sklep z Dronami","isPartOf":{"@id":"https:\/\/ironsky.pl\/sklep\/#website"},"primaryImageOfPage":{"@id":"https:\/\/ironsky.pl\/sklep\/produkt\/przyssawka-ecoflow-do-panelu-pv-8szt-przezroczysta\/#primaryimage"},"image":{"@id":"https:\/\/ironsky.pl\/sklep\/produkt\/przyssawka-ecoflow-do-panelu-pv-8szt-przezroczysta\/#primaryimage"},"thumbnailUrl":"https:\/\/ironsky.pl\/sklep\/wp-content\/uploads\/2026\/04\/19890_7.jpg","datePublished":"2026-04-15T08:05:57+00:00","dateModified":"2026-04-15T08:44:34+00:00","description":"Przyssawka ECOFLOW do panelu PV 8szt. (przezroczysta) - \u2705 sklep z dronami i fachowym doradztwem. \u2705 Tutaj kupisz produkty DJI, Yuneec, Parrot, Syma i wiele innych, a tak\u017ce kursy i licencje na operatora drona.","breadcrumb":{"@id":"https:\/\/ironsky.pl\/sklep\/produkt\/przyssawka-ecoflow-do-panelu-pv-8szt-przezroczysta\/#breadcrumb"},"inLanguage":"pl-PL","potentialAction":[{"@type":"ReadAction","target":["https:\/\/ironsky.pl\/sklep\/produkt\/przyssawka-ecoflow-do-panelu-pv-8szt-przezroczysta\/"]}]},{"@type":"ImageObject","inLanguage":"pl-PL","@id":"https:\/\/ironsky.pl\/sklep\/produkt\/przyssawka-ecoflow-do-panelu-pv-8szt-przezroczysta\/#primaryimage","url":"https:\/\/ironsky.pl\/sklep\/wp-content\/uploads\/2026\/04\/19890_7.jpg","contentUrl":"https:\/\/ironsky.pl\/sklep\/wp-content\/uploads\/2026\/04\/19890_7.jpg","width":800,"height":800},{"@type":"BreadcrumbList","@id":"https:\/\/ironsky.pl\/sklep\/produkt\/przyssawka-ecoflow-do-panelu-pv-8szt-przezroczysta\/#breadcrumb","itemListElement":[{"@type":"ListItem","position":1,"name":"Strona g\u0142\u00f3wna","item":"https:\/\/ironsky.pl\/sklep\/"},{"@type":"ListItem","position":2,"name":"Wszystkie produkty","item":"https:\/\/ironsky.pl\/sklep\/produkty\/"},{"@type":"ListItem","position":3,"name":"Przyssawka ECOFLOW do panelu PV 8szt. (przezroczysta)"}]},{"@type":"WebSite","@id":"https:\/\/ironsky.pl\/sklep\/#website","url":"https:\/\/ironsky.pl\/sklep\/","name":"IRONSKY.PL Sklep z Dronami","description":"IRONSKY.PL Sklep z Dronami","potentialAction":[{"@type":"SearchAction","target":{"@type":"EntryPoint","urlTemplate":"https:\/\/ironsky.pl\/sklep\/?s={search_term_string}"},"query-input":{"@type":"PropertyValueSpecification","valueRequired":true,"valueName":"search_term_string"}}],"inLanguage":"pl-PL"}]}},"_links":{"self":[{"href":"https:\/\/ironsky.pl\/sklep\/wp-json\/wp\/v2\/product\/55609","targetHints":{"allow":["GET"]}}],"collection":[{"href":"https:\/\/ironsky.pl\/sklep\/wp-json\/wp\/v2\/product"}],"about":[{"href":"https:\/\/ironsky.pl\/sklep\/wp-json\/wp\/v2\/types\/product"}],"replies":[{"embeddable":true,"href":"https:\/\/ironsky.pl\/sklep\/wp-json\/wp\/v2\/comments?post=55609"}],"wp:featuredmedia":[{"embeddable":true,"href":"https:\/\/ironsky.pl\/sklep\/wp-json\/wp\/v2\/media\/55610"}],"wp:attachment":[{"href":"https:\/\/ironsky.pl\/sklep\/wp-json\/wp\/v2\/media?parent=55609"}],"wp:term":[{"taxonomy":"product_brand","embeddable":true,"href":"https:\/\/ironsky.pl\/sklep\/wp-json\/wp\/v2\/product_brand?post=55609"},{"taxonomy":"product_cat","embeddable":true,"href":"https:\/\/ironsky.pl\/sklep\/wp-json\/wp\/v2\/product_cat?post=55609"},{"taxonomy":"product_tag","embeddable":true,"href":"https:\/\/ironsky.pl\/sklep\/wp-json\/wp\/v2\/product_tag?post=55609"}],"curies":[{"name":"wp","href":"https:\/\/api.w.org\/{rel}","templated":true}]}}