{"id":55605,"date":"2026-04-15T10:05:57","date_gmt":"2026-04-15T08:05:57","guid":{"rendered":"https:\/\/ironsky.pl\/sklep\/produkt\/lampa-pierscieniowa-led-puluz-26cm-statyw-3-uchwyty\/"},"modified":"2026-04-15T10:06:19","modified_gmt":"2026-04-15T08:06:19","slug":"lampa-pierscieniowa-led-puluz-26cm-statyw-3-uchwyty","status":"publish","type":"product","link":"https:\/\/ironsky.pl\/sklep\/produkt\/lampa-pierscieniowa-led-puluz-26cm-statyw-3-uchwyty\/","title":{"rendered":"Lampa pier\u015bcieniowa LED PULUZ 26cm + statyw + 3 uchwyty"},"content":{"rendered":"<h3>Lampa pier\u015bcieniowa LED ze statywem<\/h3>\n<p>Lamp\u0119 LED mo\u017cesz zamontowa\u0107 na uchwycie. G\u0142owica uchwytu obraca si\u0119 pod k\u0105tem 360\u00b0, co umo\u017cliwia wygodn\u0105 regulacj\u0119. Zacisk na telefon jest kompatybilny z telefonami o szeroko\u015bci od 6-8,5 cm. Dzi\u0119ki lekkiej i przeno\u015bnej konstrukcji statyw jest wygodny w u\u017cyciu i przenoszeniu, zabierzesz go na przyk\u0142ad w podr\u00f3\u017c lub na sesje zdj\u0119ciowe w plenerze.<\/p>\n<p><img decoding=\"async\" src=\"https:\/\/b2b.innpro.pl\/data\/include\/cms\/02Puluz\/PKT3070B\/PKT3070B_12.jpg\"><\/p>\n<h3>Doskona\u0142e o\u015bwietlenie<\/h3>\n<p>Lampa zosta\u0142a wykonana z energooszcz\u0119dnych koralik\u00f3w LED, kt\u00f3re idealnie odprowadzaj\u0105 ciep\u0142o, co zapobiega przegrzewaniu si\u0119 obudowy. Dodatkowo, o\u015bwietlenie fantastycznie odzwierciedla naturalne barwy i poprawia odcie\u0144 sk\u00f3ry na fotografiach. Dzi\u0119ki 3 kolorom do wyboru z regulacj\u0105 jasno\u015bci, w szybki i prosty spos\u00f3b dostosujesz efekt zdj\u0119\u0107 wed\u0142ug w\u0142asnych preferencji, bez u\u017cycia dodatkowych kolorowych filtr\u00f3w. Co wi\u0119cej, \u015bwiat\u0142o lampy jest delikatne i nie powoduje dyskomfortu dla oczu nawet przy d\u0142u\u017cszym u\u017cytkowaniu.<\/p>\n<p><img decoding=\"async\" src=\"https:\/\/b2b.innpro.pl\/data\/include\/cms\/02Puluz\/PKT3070B\/PKT3070B_4.jpg\"><\/p>\n<h3>Szerokie zastosowanie<\/h3>\n<p>O\u015bwietlenie wykorzystasz podczas robienia zdj\u0119\u0107 na zewn\u0105trz. Lampa idealnie rozja\u015bni r\u00f3wnie\u017c pomieszczenie podczas sesji fotograficznych, zdj\u0119\u0107 do projekt\u00f3w reklamowych lub nagrywania vlog\u00f3w zwi\u0105zanych z mod\u0105 i makija\u017cem. Dzi\u0119ki portowi USB na\u0142adujesz lamp\u0119 i pod\u0142\u0105czysz j\u0105 do laptopa, komputera PC lub \u0142adowarki.<\/p>\n<p><img decoding=\"async\" src=\"https:\/\/b2b.innpro.pl\/data\/include\/cms\/02Puluz\/PKT3070B\/PKT3070B_11.jpg\"><\/p>\n<h3>Regulowany statyw<\/h3>\n<p>Statyw zosta\u0142 wykonany z wysokiej jako\u015bci aluminium, dzi\u0119ki czemu jest wytrzyma\u0142y. N\u00f3\u017cki statywu mo\u017cesz z \u0142atwo\u015bci\u0105 z\u0142o\u017cy\u0107, co sprawia, \u017ce statyw jest kompaktowy, \u0142atwy do przechowywania i przenoszenia. Funkcja regulacji wysoko\u015bci u\u0142atwia fotografowanie pod dowolnym k\u0105tem. Zacisk jest kompatybilny mi\u0119dzy innymi z telefonem kom\u00f3rkowym, tabletem, kamer\u0105 sportow\u0105 i kamer\u0105 DV.<\/p>\n<p><img decoding=\"async\" src=\"https:\/\/b2b.innpro.pl\/data\/include\/cms\/02Puluz\/PKT3070B\/PKT3070B.jpg\"><\/p>\n<h3>Podw\u00f3jny uchwyt na telefon<\/h3>\n<p>Uchwyt zosta\u0142 wykonany z wysokiej jako\u015bci materia\u0142u. Jest wyjmowany i regulowany dla jeszcze wi\u0119kszego komfortu u\u017cytkowania. Ponadto, uchwyt ma mo\u017cliwo\u015b\u0107 u\u017cytkowania w pionie i w poziomie. Standardowy, \u00bc-calowy gwint umo\u017cliwia podpi\u0119cie uchwytu na dowolnym urz\u0105dzeniu.<\/p>\n<p><img decoding=\"async\" src=\"https:\/\/b2b.innpro.pl\/data\/include\/cms\/02Puluz\/PKT3070B\/PKT3070B_8.jpg\"><\/p>\n<h3>W zestawie<\/h3>\n<ul>\n<li>Pier\u015bcieniowa lampa LED x1<\/li>\n<li>Uchwyt do statywu x1<\/li>\n<li>G\u0142owica statywu x1<\/li>\n<li>Kabel USB x1<\/li>\n<li>Zacisk do telefonu x1<\/li>\n<li>Podw\u00f3jny uchwyt na telefon x1<\/li>\n<li>Pilot zdalnego sterowania do selfie x1<\/li>\n<li>Torba x1<\/li>\n<\/ul>\n<div class=\"table-wrapper\">\n<table>\n<tbody>\n<tr>\n<th>Producent<\/th>\n<td>Puluz<\/td>\n<\/tr>\n<tr>\n<th>Model<\/th>\n<td>PKT3070B<\/td>\n<\/tr>\n<tr>\n<th>Liczba koralik\u00f3w LED<\/th>\n<td>2 x 60<\/td>\n<\/tr>\n<tr>\n<th>Model koralik\u00f3w<\/th>\n<td>2835<\/td>\n<\/tr>\n<tr>\n<th>Strumie\u0144 \u015bwietlny<\/th>\n<td>24-26 lm<\/td>\n<\/tr>\n<tr>\n<th>Temperatura barwowa<\/th>\n<td>3200-5600 K<\/td>\n<\/tr>\n<tr>\n<th>Moc<\/th>\n<td>0,39-9,4 W<\/td>\n<\/tr>\n<tr>\n<th>Napi\u0119cie<\/th>\n<td>5 V<\/td>\n<\/tr>\n<tr>\n<th>CRI<\/th>\n<td>&gt;95<\/td>\n<\/tr>\n<tr>\n<th>Zakres \u015bciemniania<\/th>\n<td>1-100%<\/td>\n<\/tr>\n<tr>\n<th>Materia\u0142<\/th>\n<td>ABS + akrylowa os\u0142ona lampy<\/td>\n<\/tr>\n<tr>\n<th>Wymiary<\/th>\n<td>\u015arednica zewn\u0119trzna: 260 mm;<br \/>\u015arednica wewn\u0119trzna: 210 mm<\/td>\n<\/tr>\n<tr>\n<th>Interfejs<\/th>\n<td>USB<\/td>\n<\/tr>\n<tr>\n<th>D\u0142ugo\u015b\u0107 kabla<\/th>\n<td>2 m<\/td>\n<\/tr>\n<\/tbody>\n<\/table>\n<\/div>\n","protected":false},"excerpt":{"rendered":"<p>Lampa pier\u015bcieniowa LED ze statywem Lamp\u0119 LED mo\u017cesz zamontowa\u0107 na uchwycie. G\u0142owica uchwytu obraca si\u0119 pod k\u0105tem 360\u00b0, co umo\u017cliwia<\/p>\n","protected":false},"featured_media":55606,"comment_status":"closed","ping_status":"open","template":"","meta":{"_acf_changed":false},"product_brand":[],"product_cat":[1128,6187,6182],"product_tag":[],"class_list":{"0":"post-55605","1":"product","2":"type-product","3":"status-publish","4":"has-post-thumbnail","6":"product_cat-foto-wideo","7":"product_cat-lampy-pierscieniowe-studio-fotograficzne","8":"product_cat-studio-fotograficzne","9":"pa_okres-gwarancji-5754","10":"pa_producent-puluz","12":"first","13":"outofstock","14":"taxable","15":"shipping-taxable","16":"purchasable","17":"product-type-simple"},"acf":[],"yoast_head":"<!-- This site is optimized with the Yoast SEO plugin v27.2 - https:\/\/yoast.com\/product\/yoast-seo-wordpress\/ -->\n<title>Lampa pier\u015bcieniowa LED PULUZ 26cm + statyw + 3 uchwyty - IRONSKY.PL Sklep z Dronami<\/title>\n<meta name=\"description\" content=\"Lampa pier\u015bcieniowa LED PULUZ 26cm + statyw + 3 uchwyty - \u2705 sklep z dronami i fachowym doradztwem. \u2705 Tutaj kupisz produkty DJI, Yuneec, Parrot, Syma i wiele innych, a tak\u017ce kursy i licencje na operatora drona.\" \/>\n<meta name=\"robots\" content=\"index, follow, max-snippet:-1, max-image-preview:large, max-video-preview:-1\" \/>\n<link rel=\"canonical\" href=\"https:\/\/ironsky.pl\/sklep\/produkt\/lampa-pierscieniowa-led-puluz-26cm-statyw-3-uchwyty\/\" \/>\n<meta property=\"og:locale\" content=\"pl_PL\" \/>\n<meta property=\"og:type\" content=\"article\" \/>\n<meta property=\"og:title\" content=\"Lampa pier\u015bcieniowa LED PULUZ 26cm + statyw + 3 uchwyty - IRONSKY.PL Sklep z Dronami\" \/>\n<meta property=\"og:description\" content=\"Lampa pier\u015bcieniowa LED PULUZ 26cm + statyw + 3 uchwyty - \u2705 sklep z dronami i fachowym doradztwem. \u2705 Tutaj kupisz produkty DJI, Yuneec, Parrot, Syma i wiele innych, a tak\u017ce kursy i licencje na operatora drona.\" \/>\n<meta property=\"og:url\" content=\"https:\/\/ironsky.pl\/sklep\/produkt\/lampa-pierscieniowa-led-puluz-26cm-statyw-3-uchwyty\/\" \/>\n<meta property=\"og:site_name\" content=\"IRONSKY.PL Sklep z Dronami\" \/>\n<meta property=\"article:modified_time\" content=\"2026-04-15T08:06:19+00:00\" \/>\n<meta property=\"og:image\" content=\"https:\/\/ironsky.pl\/sklep\/wp-content\/uploads\/2026\/04\/19852_1.jpg\" \/>\n\t<meta property=\"og:image:width\" content=\"750\" \/>\n\t<meta property=\"og:image:height\" content=\"750\" \/>\n\t<meta property=\"og:image:type\" content=\"image\/jpeg\" \/>\n<meta name=\"twitter:card\" content=\"summary_large_image\" \/>\n<meta name=\"twitter:label1\" content=\"Szacowany czas czytania\" \/>\n\t<meta name=\"twitter:data1\" content=\"2 minuty\" \/>\n<script type=\"application\/ld+json\" class=\"yoast-schema-graph\">{\"@context\":\"https:\/\/schema.org\",\"@graph\":[{\"@type\":\"WebPage\",\"@id\":\"https:\/\/ironsky.pl\/sklep\/produkt\/lampa-pierscieniowa-led-puluz-26cm-statyw-3-uchwyty\/\",\"url\":\"https:\/\/ironsky.pl\/sklep\/produkt\/lampa-pierscieniowa-led-puluz-26cm-statyw-3-uchwyty\/\",\"name\":\"Lampa pier\u015bcieniowa LED PULUZ 26cm + statyw + 3 uchwyty - IRONSKY.PL Sklep z Dronami\",\"isPartOf\":{\"@id\":\"https:\/\/ironsky.pl\/sklep\/#website\"},\"primaryImageOfPage\":{\"@id\":\"https:\/\/ironsky.pl\/sklep\/produkt\/lampa-pierscieniowa-led-puluz-26cm-statyw-3-uchwyty\/#primaryimage\"},\"image\":{\"@id\":\"https:\/\/ironsky.pl\/sklep\/produkt\/lampa-pierscieniowa-led-puluz-26cm-statyw-3-uchwyty\/#primaryimage\"},\"thumbnailUrl\":\"https:\/\/ironsky.pl\/sklep\/wp-content\/uploads\/2026\/04\/19852_1.jpg\",\"datePublished\":\"2026-04-15T08:05:57+00:00\",\"dateModified\":\"2026-04-15T08:06:19+00:00\",\"description\":\"Lampa pier\u015bcieniowa LED PULUZ 26cm + statyw + 3 uchwyty - \u2705 sklep z dronami i fachowym doradztwem. \u2705 Tutaj kupisz produkty DJI, Yuneec, Parrot, Syma i wiele innych, a tak\u017ce kursy i licencje na operatora drona.\",\"breadcrumb\":{\"@id\":\"https:\/\/ironsky.pl\/sklep\/produkt\/lampa-pierscieniowa-led-puluz-26cm-statyw-3-uchwyty\/#breadcrumb\"},\"inLanguage\":\"pl-PL\",\"potentialAction\":[{\"@type\":\"ReadAction\",\"target\":[\"https:\/\/ironsky.pl\/sklep\/produkt\/lampa-pierscieniowa-led-puluz-26cm-statyw-3-uchwyty\/\"]}]},{\"@type\":\"ImageObject\",\"inLanguage\":\"pl-PL\",\"@id\":\"https:\/\/ironsky.pl\/sklep\/produkt\/lampa-pierscieniowa-led-puluz-26cm-statyw-3-uchwyty\/#primaryimage\",\"url\":\"https:\/\/ironsky.pl\/sklep\/wp-content\/uploads\/2026\/04\/19852_1.jpg\",\"contentUrl\":\"https:\/\/ironsky.pl\/sklep\/wp-content\/uploads\/2026\/04\/19852_1.jpg\",\"width\":750,\"height\":750},{\"@type\":\"BreadcrumbList\",\"@id\":\"https:\/\/ironsky.pl\/sklep\/produkt\/lampa-pierscieniowa-led-puluz-26cm-statyw-3-uchwyty\/#breadcrumb\",\"itemListElement\":[{\"@type\":\"ListItem\",\"position\":1,\"name\":\"Strona g\u0142\u00f3wna\",\"item\":\"https:\/\/ironsky.pl\/sklep\/\"},{\"@type\":\"ListItem\",\"position\":2,\"name\":\"Wszystkie produkty\",\"item\":\"https:\/\/ironsky.pl\/sklep\/produkty\/\"},{\"@type\":\"ListItem\",\"position\":3,\"name\":\"Lampa pier\u015bcieniowa LED PULUZ 26cm + statyw + 3 uchwyty\"}]},{\"@type\":\"WebSite\",\"@id\":\"https:\/\/ironsky.pl\/sklep\/#website\",\"url\":\"https:\/\/ironsky.pl\/sklep\/\",\"name\":\"IRONSKY.PL Sklep z Dronami\",\"description\":\"IRONSKY.PL Sklep z Dronami\",\"potentialAction\":[{\"@type\":\"SearchAction\",\"target\":{\"@type\":\"EntryPoint\",\"urlTemplate\":\"https:\/\/ironsky.pl\/sklep\/?s={search_term_string}\"},\"query-input\":{\"@type\":\"PropertyValueSpecification\",\"valueRequired\":true,\"valueName\":\"search_term_string\"}}],\"inLanguage\":\"pl-PL\"}]}<\/script>\n<!-- \/ Yoast SEO plugin. -->","yoast_head_json":{"title":"Lampa pier\u015bcieniowa LED PULUZ 26cm + statyw + 3 uchwyty - IRONSKY.PL Sklep z Dronami","description":"Lampa pier\u015bcieniowa LED PULUZ 26cm + statyw + 3 uchwyty - \u2705 sklep z dronami i fachowym doradztwem. \u2705 Tutaj kupisz produkty DJI, Yuneec, Parrot, Syma i wiele innych, a tak\u017ce kursy i licencje na operatora drona.","robots":{"index":"index","follow":"follow","max-snippet":"max-snippet:-1","max-image-preview":"max-image-preview:large","max-video-preview":"max-video-preview:-1"},"canonical":"https:\/\/ironsky.pl\/sklep\/produkt\/lampa-pierscieniowa-led-puluz-26cm-statyw-3-uchwyty\/","og_locale":"pl_PL","og_type":"article","og_title":"Lampa pier\u015bcieniowa LED PULUZ 26cm + statyw + 3 uchwyty - IRONSKY.PL Sklep z Dronami","og_description":"Lampa pier\u015bcieniowa LED PULUZ 26cm + statyw + 3 uchwyty - \u2705 sklep z dronami i fachowym doradztwem. \u2705 Tutaj kupisz produkty DJI, Yuneec, Parrot, Syma i wiele innych, a tak\u017ce kursy i licencje na operatora drona.","og_url":"https:\/\/ironsky.pl\/sklep\/produkt\/lampa-pierscieniowa-led-puluz-26cm-statyw-3-uchwyty\/","og_site_name":"IRONSKY.PL Sklep z Dronami","article_modified_time":"2026-04-15T08:06:19+00:00","og_image":[{"width":750,"height":750,"url":"https:\/\/ironsky.pl\/sklep\/wp-content\/uploads\/2026\/04\/19852_1.jpg","type":"image\/jpeg"}],"twitter_card":"summary_large_image","twitter_misc":{"Szacowany czas czytania":"2 minuty"},"schema":{"@context":"https:\/\/schema.org","@graph":[{"@type":"WebPage","@id":"https:\/\/ironsky.pl\/sklep\/produkt\/lampa-pierscieniowa-led-puluz-26cm-statyw-3-uchwyty\/","url":"https:\/\/ironsky.pl\/sklep\/produkt\/lampa-pierscieniowa-led-puluz-26cm-statyw-3-uchwyty\/","name":"Lampa pier\u015bcieniowa LED PULUZ 26cm + statyw + 3 uchwyty - IRONSKY.PL Sklep z Dronami","isPartOf":{"@id":"https:\/\/ironsky.pl\/sklep\/#website"},"primaryImageOfPage":{"@id":"https:\/\/ironsky.pl\/sklep\/produkt\/lampa-pierscieniowa-led-puluz-26cm-statyw-3-uchwyty\/#primaryimage"},"image":{"@id":"https:\/\/ironsky.pl\/sklep\/produkt\/lampa-pierscieniowa-led-puluz-26cm-statyw-3-uchwyty\/#primaryimage"},"thumbnailUrl":"https:\/\/ironsky.pl\/sklep\/wp-content\/uploads\/2026\/04\/19852_1.jpg","datePublished":"2026-04-15T08:05:57+00:00","dateModified":"2026-04-15T08:06:19+00:00","description":"Lampa pier\u015bcieniowa LED PULUZ 26cm + statyw + 3 uchwyty - \u2705 sklep z dronami i fachowym doradztwem. \u2705 Tutaj kupisz produkty DJI, Yuneec, Parrot, Syma i wiele innych, a tak\u017ce kursy i licencje na operatora drona.","breadcrumb":{"@id":"https:\/\/ironsky.pl\/sklep\/produkt\/lampa-pierscieniowa-led-puluz-26cm-statyw-3-uchwyty\/#breadcrumb"},"inLanguage":"pl-PL","potentialAction":[{"@type":"ReadAction","target":["https:\/\/ironsky.pl\/sklep\/produkt\/lampa-pierscieniowa-led-puluz-26cm-statyw-3-uchwyty\/"]}]},{"@type":"ImageObject","inLanguage":"pl-PL","@id":"https:\/\/ironsky.pl\/sklep\/produkt\/lampa-pierscieniowa-led-puluz-26cm-statyw-3-uchwyty\/#primaryimage","url":"https:\/\/ironsky.pl\/sklep\/wp-content\/uploads\/2026\/04\/19852_1.jpg","contentUrl":"https:\/\/ironsky.pl\/sklep\/wp-content\/uploads\/2026\/04\/19852_1.jpg","width":750,"height":750},{"@type":"BreadcrumbList","@id":"https:\/\/ironsky.pl\/sklep\/produkt\/lampa-pierscieniowa-led-puluz-26cm-statyw-3-uchwyty\/#breadcrumb","itemListElement":[{"@type":"ListItem","position":1,"name":"Strona g\u0142\u00f3wna","item":"https:\/\/ironsky.pl\/sklep\/"},{"@type":"ListItem","position":2,"name":"Wszystkie produkty","item":"https:\/\/ironsky.pl\/sklep\/produkty\/"},{"@type":"ListItem","position":3,"name":"Lampa pier\u015bcieniowa LED PULUZ 26cm + statyw + 3 uchwyty"}]},{"@type":"WebSite","@id":"https:\/\/ironsky.pl\/sklep\/#website","url":"https:\/\/ironsky.pl\/sklep\/","name":"IRONSKY.PL Sklep z Dronami","description":"IRONSKY.PL Sklep z Dronami","potentialAction":[{"@type":"SearchAction","target":{"@type":"EntryPoint","urlTemplate":"https:\/\/ironsky.pl\/sklep\/?s={search_term_string}"},"query-input":{"@type":"PropertyValueSpecification","valueRequired":true,"valueName":"search_term_string"}}],"inLanguage":"pl-PL"}]}},"_links":{"self":[{"href":"https:\/\/ironsky.pl\/sklep\/wp-json\/wp\/v2\/product\/55605","targetHints":{"allow":["GET"]}}],"collection":[{"href":"https:\/\/ironsky.pl\/sklep\/wp-json\/wp\/v2\/product"}],"about":[{"href":"https:\/\/ironsky.pl\/sklep\/wp-json\/wp\/v2\/types\/product"}],"replies":[{"embeddable":true,"href":"https:\/\/ironsky.pl\/sklep\/wp-json\/wp\/v2\/comments?post=55605"}],"wp:featuredmedia":[{"embeddable":true,"href":"https:\/\/ironsky.pl\/sklep\/wp-json\/wp\/v2\/media\/55606"}],"wp:attachment":[{"href":"https:\/\/ironsky.pl\/sklep\/wp-json\/wp\/v2\/media?parent=55605"}],"wp:term":[{"taxonomy":"product_brand","embeddable":true,"href":"https:\/\/ironsky.pl\/sklep\/wp-json\/wp\/v2\/product_brand?post=55605"},{"taxonomy":"product_cat","embeddable":true,"href":"https:\/\/ironsky.pl\/sklep\/wp-json\/wp\/v2\/product_cat?post=55605"},{"taxonomy":"product_tag","embeddable":true,"href":"https:\/\/ironsky.pl\/sklep\/wp-json\/wp\/v2\/product_tag?post=55605"}],"curies":[{"name":"wp","href":"https:\/\/api.w.org\/{rel}","templated":true}]}}