{"id":55597,"date":"2026-04-15T10:05:57","date_gmt":"2026-04-15T08:05:57","guid":{"rendered":"https:\/\/ironsky.pl\/sklep\/produkt\/lampa-pierscieniowa-puluz-20cm-statyw-biurkowy-klips-led\/"},"modified":"2026-04-15T10:44:33","modified_gmt":"2026-04-15T08:44:33","slug":"lampa-pierscieniowa-puluz-20cm-statyw-biurkowy-klips-led","status":"publish","type":"product","link":"https:\/\/ironsky.pl\/sklep\/produkt\/lampa-pierscieniowa-puluz-20cm-statyw-biurkowy-klips-led\/","title":{"rendered":"Lampa pier\u015bcieniowa PULUZ 20cm statyw biurkowy klips LED"},"content":{"rendered":"<h3>Statyw biurkowy z lamp\u0105 LED<\/h3>\n<p>Pier\u015bcieniow\u0105 lamp\u0119 LED mo\u017cesz zamontowa\u0107 na uchwycie i przymocowa\u0107 do biurka za pomoc\u0105 klipsa. G\u0142owic\u0119 uchwytu da si\u0119 obraca\u0107 pod k\u0105tem 360\u00b0 i regulowa\u0107 wed\u0142ug w\u0142asnych potrzeb. Zacisk na telefon jest kompatybilny z telefonami o szeroko\u015bci od 6-8.5 cm. Dzi\u0119ki lekkiej i przeno\u015bnej konstrukcji statyw jest wygodny w u\u017cyciu i przenoszeniu. Zabierzesz go na przyk\u0142ad w podr\u00f3\u017c lub na sesje zdj\u0119ciowe w plenerze.<\/p>\n<p><img decoding=\"async\" src=\"https:\/\/b2b.innpro.pl\/data\/include\/cms\/02Puluz\/PKT3089B\/PKT3089B_6.jpg\"><\/p>\n<h3>Idealne o\u015bwietlenie<\/h3>\n<p>Lampa sk\u0142ada si\u0119 z energooszcz\u0119dnych koralik\u00f3w LED, kt\u00f3re doskonale odprowadzaj\u0105 ciep\u0142o i idealnie odzwierciedlaj\u0105 naturalne barwy. Poprawiaj\u0105 te\u017c odcie\u0144 sk\u00f3ry na fotografiach portretowych. Dzi\u0119ki 3 kolorom do wyboru i mo\u017cliwo\u015bci regulacji jasno\u015bci \u015bwiat\u0142a dodatkowe filtry nie b\u0119d\u0105 Ci potrzebne.<\/p>\n<p><img decoding=\"async\" src=\"https:\/\/b2b.innpro.pl\/data\/include\/cms\/02Puluz\/PKT3089B\/PKT3028_8.jpg\"><\/p>\n<h3>Szerokie zastosowanie<\/h3>\n<p>O\u015bwietlenie wykorzystasz podczas robienia zdj\u0119\u0107 na zewn\u0105trz. Lampa idealnie rozja\u015bni r\u00f3wnie\u017c pomieszczenie podczas sesji fotograficznych, zdj\u0119\u0107 do projekt\u00f3w reklamowych lub nagrywania vlog\u00f3w zwi\u0105zanych z mod\u0105 i makija\u017cem. Dzi\u0119ki portowi USB na\u0142adujesz lamp\u0119 i pod\u0142\u0105czysz j\u0105 do laptopa, komputera PC lub \u0142adowarki.<\/p>\n<p><img decoding=\"async\" src=\"https:\/\/b2b.innpro.pl\/data\/include\/cms\/02Puluz\/PKT3089B\/PKT3089B_10.jpg\"><\/p>\n<h3>Regulowany stojak<\/h3>\n<p>Statyw posiada funkcj\u0119 regulacji wysoko\u015bci i szeroko\u015bci, dzi\u0119ki czemu u\u017cytkowanie go jest jeszcze bardziej komfortowe. Zosta\u0142 wykonany z metalu, dlatego jest mocny i wytrzyma\u0142y. Podw\u00f3jne spr\u0119\u017cyny na ka\u017cdym ramieniu wysi\u0119gnika chroni\u0105 lamp\u0119 przed upadkiem. Elastyczny uchwyt monta\u017cowy mo\u017cna dowolnie zgina\u0107 i sk\u0142ada\u0107 tak, aby k\u0105t widzenia by\u0142 jak najlepszy. Zacisk podstawy jest kompatybilny z dowolnym blatem o r\u00f3\u017cnej grubo\u015bci. Dzi\u0119ki temu Twoje d\u0142onie s\u0105 wolne, a Ty mo\u017cesz swobodnie nagrywa\u0107 filmy.<\/p>\n<p><img decoding=\"async\" src=\"https:\/\/b2b.innpro.pl\/data\/include\/cms\/02Puluz\/PKT3089B\/PKT3089B_4.jpg\"><\/p>\n<h3>W zestawie<\/h3>\n<ul>\n<li>Pier\u015bcieniowa lampa LED x1<\/li>\n<li>Sk\u0142adany\u00a0statyw biurkowy x1<\/li>\n<li>Kabel USB x1<\/li>\n<li>Zacisk do telefonu x1<\/li>\n<li>Sta\u0142y zacisk x1<\/li>\n<li>\u015arubokr\u0119t sze\u015bciok\u0105tny x1<\/li>\n<\/ul>\n<div class=\"table-wrapper\">\n<table>\n<tbody>\n<tr>\n<th>Producent<\/th>\n<td>Puluz<\/td>\n<\/tr>\n<tr>\n<th>Model<\/th>\n<td>PKT3089B<\/td>\n<\/tr>\n<tr>\n<th>Model koralik\u00f3w LED<\/th>\n<td>2835<\/td>\n<\/tr>\n<tr>\n<th>Strumie\u0144 \u015bwietlny<\/th>\n<td>24-26 lm<\/td>\n<\/tr>\n<tr>\n<th>Temperatura barwowa \u015bwiat\u0142a bia\u0142ego<\/th>\n<td>6500 K<\/td>\n<\/tr>\n<tr>\n<th>Temperatura barwowa ciep\u0142ej bieli<\/th>\n<td>3200 K<\/td>\n<\/tr>\n<tr>\n<th>Moc<\/th>\n<td>0,3-9,3 W<\/td>\n<\/tr>\n<tr>\n<th>Napi\u0119cie<\/th>\n<td>5 V<\/td>\n<\/tr>\n<tr>\n<th>CRI<\/th>\n<td>&gt;90<\/td>\n<\/tr>\n<tr>\n<th>Zakres \u015bciemniania<\/th>\n<td>1%-100%<\/td>\n<\/tr>\n<tr>\n<th>Materia\u0142<\/th>\n<td>ABS + akrylowa os\u0142ona<\/td>\n<\/tr>\n<tr>\n<th>Zasilanie<\/th>\n<td>Zasilacz z portem USB<\/td>\n<\/tr>\n<tr>\n<th>D\u0142ugo\u015b\u0107 kabla<\/th>\n<td>2 m<\/td>\n<\/tr>\n<\/tbody>\n<\/table>\n<\/div>\n","protected":false},"excerpt":{"rendered":"<p>Statyw biurkowy z lamp\u0105 LED Pier\u015bcieniow\u0105 lamp\u0119 LED mo\u017cesz zamontowa\u0107 na uchwycie i przymocowa\u0107 do biurka za pomoc\u0105 klipsa. G\u0142owic\u0119<\/p>\n","protected":false},"featured_media":55598,"comment_status":"closed","ping_status":"open","template":"","meta":{"_acf_changed":false},"product_brand":[],"product_cat":[1128,6187,6182],"product_tag":[],"class_list":{"0":"post-55597","1":"product","2":"type-product","3":"status-publish","4":"has-post-thumbnail","6":"product_cat-foto-wideo","7":"product_cat-lampy-pierscieniowe-studio-fotograficzne","8":"product_cat-studio-fotograficzne","9":"pa_okres-gwarancji-5754","10":"pa_producent-puluz","12":"first","13":"outofstock","14":"taxable","15":"shipping-taxable","16":"purchasable","17":"product-type-simple"},"acf":[],"yoast_head":"<!-- This site is optimized with the Yoast SEO plugin v27.2 - https:\/\/yoast.com\/product\/yoast-seo-wordpress\/ -->\n<title>Lampa pier\u015bcieniowa PULUZ 20cm statyw biurkowy klips LED - IRONSKY.PL Sklep z Dronami<\/title>\n<meta name=\"description\" content=\"Lampa pier\u015bcieniowa PULUZ 20cm statyw biurkowy klips LED - \u2705 sklep z dronami i fachowym doradztwem. \u2705 Tutaj kupisz produkty DJI, Yuneec, Parrot, Syma i wiele innych, a tak\u017ce kursy i licencje na operatora drona.\" \/>\n<meta name=\"robots\" content=\"index, follow, max-snippet:-1, max-image-preview:large, max-video-preview:-1\" \/>\n<link rel=\"canonical\" href=\"https:\/\/ironsky.pl\/sklep\/produkt\/lampa-pierscieniowa-puluz-20cm-statyw-biurkowy-klips-led\/\" \/>\n<meta property=\"og:locale\" content=\"pl_PL\" \/>\n<meta property=\"og:type\" content=\"article\" \/>\n<meta property=\"og:title\" content=\"Lampa pier\u015bcieniowa PULUZ 20cm statyw biurkowy klips LED - IRONSKY.PL Sklep z Dronami\" \/>\n<meta property=\"og:description\" content=\"Lampa pier\u015bcieniowa PULUZ 20cm statyw biurkowy klips LED - \u2705 sklep z dronami i fachowym doradztwem. \u2705 Tutaj kupisz produkty DJI, Yuneec, Parrot, Syma i wiele innych, a tak\u017ce kursy i licencje na operatora drona.\" \/>\n<meta property=\"og:url\" content=\"https:\/\/ironsky.pl\/sklep\/produkt\/lampa-pierscieniowa-puluz-20cm-statyw-biurkowy-klips-led\/\" \/>\n<meta property=\"og:site_name\" content=\"IRONSKY.PL Sklep z Dronami\" \/>\n<meta property=\"article:modified_time\" content=\"2026-04-15T08:44:33+00:00\" \/>\n<meta property=\"og:image\" content=\"https:\/\/ironsky.pl\/sklep\/wp-content\/uploads\/2026\/04\/19849_3.jpg\" \/>\n\t<meta property=\"og:image:width\" content=\"750\" \/>\n\t<meta property=\"og:image:height\" content=\"750\" \/>\n\t<meta property=\"og:image:type\" content=\"image\/jpeg\" \/>\n<meta name=\"twitter:card\" content=\"summary_large_image\" \/>\n<meta name=\"twitter:label1\" content=\"Szacowany czas czytania\" \/>\n\t<meta name=\"twitter:data1\" content=\"2 minuty\" \/>\n<script type=\"application\/ld+json\" class=\"yoast-schema-graph\">{\"@context\":\"https:\/\/schema.org\",\"@graph\":[{\"@type\":\"WebPage\",\"@id\":\"https:\/\/ironsky.pl\/sklep\/produkt\/lampa-pierscieniowa-puluz-20cm-statyw-biurkowy-klips-led\/\",\"url\":\"https:\/\/ironsky.pl\/sklep\/produkt\/lampa-pierscieniowa-puluz-20cm-statyw-biurkowy-klips-led\/\",\"name\":\"Lampa pier\u015bcieniowa PULUZ 20cm statyw biurkowy klips LED - IRONSKY.PL Sklep z Dronami\",\"isPartOf\":{\"@id\":\"https:\/\/ironsky.pl\/sklep\/#website\"},\"primaryImageOfPage\":{\"@id\":\"https:\/\/ironsky.pl\/sklep\/produkt\/lampa-pierscieniowa-puluz-20cm-statyw-biurkowy-klips-led\/#primaryimage\"},\"image\":{\"@id\":\"https:\/\/ironsky.pl\/sklep\/produkt\/lampa-pierscieniowa-puluz-20cm-statyw-biurkowy-klips-led\/#primaryimage\"},\"thumbnailUrl\":\"https:\/\/ironsky.pl\/sklep\/wp-content\/uploads\/2026\/04\/19849_3.jpg\",\"datePublished\":\"2026-04-15T08:05:57+00:00\",\"dateModified\":\"2026-04-15T08:44:33+00:00\",\"description\":\"Lampa pier\u015bcieniowa PULUZ 20cm statyw biurkowy klips LED - \u2705 sklep z dronami i fachowym doradztwem. \u2705 Tutaj kupisz produkty DJI, Yuneec, Parrot, Syma i wiele innych, a tak\u017ce kursy i licencje na operatora drona.\",\"breadcrumb\":{\"@id\":\"https:\/\/ironsky.pl\/sklep\/produkt\/lampa-pierscieniowa-puluz-20cm-statyw-biurkowy-klips-led\/#breadcrumb\"},\"inLanguage\":\"pl-PL\",\"potentialAction\":[{\"@type\":\"ReadAction\",\"target\":[\"https:\/\/ironsky.pl\/sklep\/produkt\/lampa-pierscieniowa-puluz-20cm-statyw-biurkowy-klips-led\/\"]}]},{\"@type\":\"ImageObject\",\"inLanguage\":\"pl-PL\",\"@id\":\"https:\/\/ironsky.pl\/sklep\/produkt\/lampa-pierscieniowa-puluz-20cm-statyw-biurkowy-klips-led\/#primaryimage\",\"url\":\"https:\/\/ironsky.pl\/sklep\/wp-content\/uploads\/2026\/04\/19849_3.jpg\",\"contentUrl\":\"https:\/\/ironsky.pl\/sklep\/wp-content\/uploads\/2026\/04\/19849_3.jpg\",\"width\":750,\"height\":750},{\"@type\":\"BreadcrumbList\",\"@id\":\"https:\/\/ironsky.pl\/sklep\/produkt\/lampa-pierscieniowa-puluz-20cm-statyw-biurkowy-klips-led\/#breadcrumb\",\"itemListElement\":[{\"@type\":\"ListItem\",\"position\":1,\"name\":\"Strona g\u0142\u00f3wna\",\"item\":\"https:\/\/ironsky.pl\/sklep\/\"},{\"@type\":\"ListItem\",\"position\":2,\"name\":\"Wszystkie produkty\",\"item\":\"https:\/\/ironsky.pl\/sklep\/produkty\/\"},{\"@type\":\"ListItem\",\"position\":3,\"name\":\"Lampa pier\u015bcieniowa PULUZ 20cm statyw biurkowy klips LED\"}]},{\"@type\":\"WebSite\",\"@id\":\"https:\/\/ironsky.pl\/sklep\/#website\",\"url\":\"https:\/\/ironsky.pl\/sklep\/\",\"name\":\"IRONSKY.PL Sklep z Dronami\",\"description\":\"IRONSKY.PL Sklep z Dronami\",\"potentialAction\":[{\"@type\":\"SearchAction\",\"target\":{\"@type\":\"EntryPoint\",\"urlTemplate\":\"https:\/\/ironsky.pl\/sklep\/?s={search_term_string}\"},\"query-input\":{\"@type\":\"PropertyValueSpecification\",\"valueRequired\":true,\"valueName\":\"search_term_string\"}}],\"inLanguage\":\"pl-PL\"}]}<\/script>\n<!-- \/ Yoast SEO plugin. -->","yoast_head_json":{"title":"Lampa pier\u015bcieniowa PULUZ 20cm statyw biurkowy klips LED - IRONSKY.PL Sklep z Dronami","description":"Lampa pier\u015bcieniowa PULUZ 20cm statyw biurkowy klips LED - \u2705 sklep z dronami i fachowym doradztwem. \u2705 Tutaj kupisz produkty DJI, Yuneec, Parrot, Syma i wiele innych, a tak\u017ce kursy i licencje na operatora drona.","robots":{"index":"index","follow":"follow","max-snippet":"max-snippet:-1","max-image-preview":"max-image-preview:large","max-video-preview":"max-video-preview:-1"},"canonical":"https:\/\/ironsky.pl\/sklep\/produkt\/lampa-pierscieniowa-puluz-20cm-statyw-biurkowy-klips-led\/","og_locale":"pl_PL","og_type":"article","og_title":"Lampa pier\u015bcieniowa PULUZ 20cm statyw biurkowy klips LED - IRONSKY.PL Sklep z Dronami","og_description":"Lampa pier\u015bcieniowa PULUZ 20cm statyw biurkowy klips LED - \u2705 sklep z dronami i fachowym doradztwem. \u2705 Tutaj kupisz produkty DJI, Yuneec, Parrot, Syma i wiele innych, a tak\u017ce kursy i licencje na operatora drona.","og_url":"https:\/\/ironsky.pl\/sklep\/produkt\/lampa-pierscieniowa-puluz-20cm-statyw-biurkowy-klips-led\/","og_site_name":"IRONSKY.PL Sklep z Dronami","article_modified_time":"2026-04-15T08:44:33+00:00","og_image":[{"width":750,"height":750,"url":"https:\/\/ironsky.pl\/sklep\/wp-content\/uploads\/2026\/04\/19849_3.jpg","type":"image\/jpeg"}],"twitter_card":"summary_large_image","twitter_misc":{"Szacowany czas czytania":"2 minuty"},"schema":{"@context":"https:\/\/schema.org","@graph":[{"@type":"WebPage","@id":"https:\/\/ironsky.pl\/sklep\/produkt\/lampa-pierscieniowa-puluz-20cm-statyw-biurkowy-klips-led\/","url":"https:\/\/ironsky.pl\/sklep\/produkt\/lampa-pierscieniowa-puluz-20cm-statyw-biurkowy-klips-led\/","name":"Lampa pier\u015bcieniowa PULUZ 20cm statyw biurkowy klips LED - IRONSKY.PL Sklep z Dronami","isPartOf":{"@id":"https:\/\/ironsky.pl\/sklep\/#website"},"primaryImageOfPage":{"@id":"https:\/\/ironsky.pl\/sklep\/produkt\/lampa-pierscieniowa-puluz-20cm-statyw-biurkowy-klips-led\/#primaryimage"},"image":{"@id":"https:\/\/ironsky.pl\/sklep\/produkt\/lampa-pierscieniowa-puluz-20cm-statyw-biurkowy-klips-led\/#primaryimage"},"thumbnailUrl":"https:\/\/ironsky.pl\/sklep\/wp-content\/uploads\/2026\/04\/19849_3.jpg","datePublished":"2026-04-15T08:05:57+00:00","dateModified":"2026-04-15T08:44:33+00:00","description":"Lampa pier\u015bcieniowa PULUZ 20cm statyw biurkowy klips LED - \u2705 sklep z dronami i fachowym doradztwem. \u2705 Tutaj kupisz produkty DJI, Yuneec, Parrot, Syma i wiele innych, a tak\u017ce kursy i licencje na operatora drona.","breadcrumb":{"@id":"https:\/\/ironsky.pl\/sklep\/produkt\/lampa-pierscieniowa-puluz-20cm-statyw-biurkowy-klips-led\/#breadcrumb"},"inLanguage":"pl-PL","potentialAction":[{"@type":"ReadAction","target":["https:\/\/ironsky.pl\/sklep\/produkt\/lampa-pierscieniowa-puluz-20cm-statyw-biurkowy-klips-led\/"]}]},{"@type":"ImageObject","inLanguage":"pl-PL","@id":"https:\/\/ironsky.pl\/sklep\/produkt\/lampa-pierscieniowa-puluz-20cm-statyw-biurkowy-klips-led\/#primaryimage","url":"https:\/\/ironsky.pl\/sklep\/wp-content\/uploads\/2026\/04\/19849_3.jpg","contentUrl":"https:\/\/ironsky.pl\/sklep\/wp-content\/uploads\/2026\/04\/19849_3.jpg","width":750,"height":750},{"@type":"BreadcrumbList","@id":"https:\/\/ironsky.pl\/sklep\/produkt\/lampa-pierscieniowa-puluz-20cm-statyw-biurkowy-klips-led\/#breadcrumb","itemListElement":[{"@type":"ListItem","position":1,"name":"Strona g\u0142\u00f3wna","item":"https:\/\/ironsky.pl\/sklep\/"},{"@type":"ListItem","position":2,"name":"Wszystkie produkty","item":"https:\/\/ironsky.pl\/sklep\/produkty\/"},{"@type":"ListItem","position":3,"name":"Lampa pier\u015bcieniowa PULUZ 20cm statyw biurkowy klips LED"}]},{"@type":"WebSite","@id":"https:\/\/ironsky.pl\/sklep\/#website","url":"https:\/\/ironsky.pl\/sklep\/","name":"IRONSKY.PL Sklep z Dronami","description":"IRONSKY.PL Sklep z Dronami","potentialAction":[{"@type":"SearchAction","target":{"@type":"EntryPoint","urlTemplate":"https:\/\/ironsky.pl\/sklep\/?s={search_term_string}"},"query-input":{"@type":"PropertyValueSpecification","valueRequired":true,"valueName":"search_term_string"}}],"inLanguage":"pl-PL"}]}},"_links":{"self":[{"href":"https:\/\/ironsky.pl\/sklep\/wp-json\/wp\/v2\/product\/55597","targetHints":{"allow":["GET"]}}],"collection":[{"href":"https:\/\/ironsky.pl\/sklep\/wp-json\/wp\/v2\/product"}],"about":[{"href":"https:\/\/ironsky.pl\/sklep\/wp-json\/wp\/v2\/types\/product"}],"replies":[{"embeddable":true,"href":"https:\/\/ironsky.pl\/sklep\/wp-json\/wp\/v2\/comments?post=55597"}],"wp:featuredmedia":[{"embeddable":true,"href":"https:\/\/ironsky.pl\/sklep\/wp-json\/wp\/v2\/media\/55598"}],"wp:attachment":[{"href":"https:\/\/ironsky.pl\/sklep\/wp-json\/wp\/v2\/media?parent=55597"}],"wp:term":[{"taxonomy":"product_brand","embeddable":true,"href":"https:\/\/ironsky.pl\/sklep\/wp-json\/wp\/v2\/product_brand?post=55597"},{"taxonomy":"product_cat","embeddable":true,"href":"https:\/\/ironsky.pl\/sklep\/wp-json\/wp\/v2\/product_cat?post=55597"},{"taxonomy":"product_tag","embeddable":true,"href":"https:\/\/ironsky.pl\/sklep\/wp-json\/wp\/v2\/product_tag?post=55597"}],"curies":[{"name":"wp","href":"https:\/\/api.w.org\/{rel}","templated":true}]}}