{"id":55592,"date":"2026-04-15T10:05:57","date_gmt":"2026-04-15T08:05:57","guid":{"rendered":"https:\/\/ironsky.pl\/sklep\/produkt\/namiot-bezcieniowy-puluz-pu5025b-25x25x25cm-led\/"},"modified":"2026-04-15T10:06:13","modified_gmt":"2026-04-15T08:06:13","slug":"namiot-bezcieniowy-puluz-pu5025b-25x25x25cm-led","status":"publish","type":"product","link":"https:\/\/ironsky.pl\/sklep\/produkt\/namiot-bezcieniowy-puluz-pu5025b-25x25x25cm-led\/","title":{"rendered":"Namiot bezcieniowy PULUZ PU5025B 25x25x25cm LED"},"content":{"rendered":"<h3>Namiot bezcieniowy marki Puluz<\/h3>\n<p>Namiot bezcieniowy zosta\u0142 stworzony z my\u015bl\u0105 o entuzjastach fotografii, sprzedawcach internetowych, profesjonalistach i reklamodawcach. PU5025B pozwoli Ci stworzy\u0107 ministudio fotograficzne w Twoim domu. Dzi\u0119ki namiotowi mo\u017cesz fotografowa\u0107 drobne przedmioty takie jak, bi\u017cuteria, zabawki, zegarki, itp.<\/p>\n<p><img decoding=\"async\" src=\"https:\/\/b2b.innpro.pl\/data\/include\/cms\/02Puluz\/PU5025B\/9.jpg\"><\/p>\n<h3>Prosty monta\u017c, sk\u0142adana konstrukcja i kolorowe t\u0142a w zestawie<\/h3>\n<p>Dzi\u0119ki niewielkiemu rozmiarowi namiot nie zajmie du\u017co miejsca. Mo\u017cesz go po\u0142o\u017cy\u0107 na dowolnej powierzchni. PU5025B stanowi idealne t\u0142o do zdj\u0119\u0107, w zestawie znajduje si\u0119 6 dwustronnych podk\u0142adek w a\u017c 12 kolorach. Ponadto, przeno\u015bna sk\u0142adana konstrukcja umo\u017cliwia \u0142atwy monta\u017c i przechowywanie.<\/p>\n<p><img decoding=\"async\" src=\"https:\/\/b2b.innpro.pl\/data\/include\/cms\/02Puluz\/PU5025B\/3.jpg\"><\/p>\n<h3>Optymalne o\u015bwietlenie<\/h3>\n<p>Wbudowana lampa LED zapobiega cieniom i odbiciom na zdj\u0119ciu. Jasno\u015b\u0107 \u015bwiat\u0142a mo\u017cesz regulowa\u0107, aby jak najlepiej podkre\u015bla\u0142o atuty fotografowanych produkt\u00f3w. Co wi\u0119cej, wysoki wsp\u00f3\u0142czynnik CRI Ra95 oznacza, \u017ce urz\u0105dzenie doskonale odwzorowuje kolory ogl\u0105danych w jego o\u015bwietleniu przedmiot\u00f3w. PU5025B na\u0142adujesz przez USB &#8211; mo\u017cesz pod\u0142\u0105czy\u0107 go do \u0142adowarki, powerbanku, a nawet laptopa.<\/p>\n<p><img decoding=\"async\" src=\"https:\/\/b2b.innpro.pl\/data\/include\/cms\/02Puluz\/PU5025B\/5.jpg\"><\/p>\n<h3>Zawarto\u015b\u0107 zestawu<\/h3>\n<ul>\n<li>Namiot bezcieniowy z lamp\u0105 LED x1<\/li>\n<li>Torba x1<\/li>\n<li>Dwustronne t\u0142o\u00a0\u00a0czarno-bia\u0142e x1<\/li>\n<li>Dwustronne t\u0142o szaro-z\u0142ote x1<\/li>\n<li>Dwustronne t\u0142o \u017c\u00f3\u0142to-pomara\u0144czowe x1<\/li>\n<li>Dwustronne t\u0142o czerwono-r\u00f3\u017cowe x1<\/li>\n<li>Dwustronne t\u0142o niebiesko-fioletowe x1<\/li>\n<li>Dwustronne t\u0142o zielono-br\u0105zowe x1<\/li>\n<\/ul>\n<div class=\"table-wrapper\">\n<table>\n<tbody>\n<tr>\n<th>Producent<\/th>\n<td>Puluz<\/td>\n<\/tr>\n<tr>\n<th>Model<\/th>\n<td>PU5025B<\/td>\n<\/tr>\n<tr>\n<th>Liczba koralik\u00f3w LED<\/th>\n<td>96<\/td>\n<\/tr>\n<tr>\n<th>Model koralik\u00f3w LED<\/th>\n<td>2835<\/td>\n<\/tr>\n<tr>\n<th>Strumie\u0144 \u015bwietlny<\/th>\n<td>24-26 lm<\/td>\n<\/tr>\n<tr>\n<th>Temperatura barwowa<\/th>\n<td>5500 K<\/td>\n<\/tr>\n<tr>\n<th>Zakres \u015bciemniania<\/th>\n<td>1%-100%<\/td>\n<\/tr>\n<tr>\n<th>Regulacja \u015bciemniania<\/th>\n<td>10-stopniowa<\/td>\n<\/tr>\n<tr>\n<th>CRI<\/th>\n<td>&gt;95<\/td>\n<\/tr>\n<tr>\n<th>Moc<\/th>\n<td>1-10 W<\/td>\n<\/tr>\n<tr>\n<th>Napi\u0119cie<\/th>\n<td>5 V<\/td>\n<\/tr>\n<tr>\n<th>\u015arednica zewn\u0119trzna<\/th>\n<td>200 mm<\/td>\n<\/tr>\n<tr>\n<th>Port<\/th>\n<td>USB<\/td>\n<\/tr>\n<tr>\n<th>D\u0142ugo\u015b\u0107 kabla<\/th>\n<td>2 m<\/td>\n<\/tr>\n<\/tbody>\n<\/table>\n<\/div>\n","protected":false},"excerpt":{"rendered":"<p>Namiot bezcieniowy marki Puluz Namiot bezcieniowy zosta\u0142 stworzony z my\u015bl\u0105 o entuzjastach fotografii, sprzedawcach internetowych, profesjonalistach i reklamodawcach. PU5025B pozwoli<\/p>\n","protected":false},"featured_media":55593,"comment_status":"closed","ping_status":"open","template":"","meta":{"_acf_changed":false},"product_brand":[],"product_cat":[1128,6183,6182],"product_tag":[],"class_list":{"0":"post-55592","1":"product","2":"type-product","3":"status-publish","4":"has-post-thumbnail","6":"product_cat-foto-wideo","7":"product_cat-namioty-bezcieniowe-studio-fotograficzne","8":"product_cat-studio-fotograficzne","9":"pa_okres-gwarancji-5754","10":"pa_producent-puluz","12":"first","13":"outofstock","14":"taxable","15":"shipping-taxable","16":"purchasable","17":"product-type-simple"},"acf":[],"yoast_head":"<!-- This site is optimized with the Yoast SEO plugin v27.2 - https:\/\/yoast.com\/product\/yoast-seo-wordpress\/ -->\n<title>Namiot bezcieniowy PULUZ PU5025B 25x25x25cm LED - IRONSKY.PL Sklep z Dronami<\/title>\n<meta name=\"description\" content=\"Namiot bezcieniowy PULUZ PU5025B 25x25x25cm LED - \u2705 sklep z dronami i fachowym doradztwem. \u2705 Tutaj kupisz produkty DJI, Yuneec, Parrot, Syma i wiele innych, a tak\u017ce kursy i licencje na operatora drona.\" \/>\n<meta name=\"robots\" content=\"index, follow, max-snippet:-1, max-image-preview:large, max-video-preview:-1\" \/>\n<link rel=\"canonical\" href=\"https:\/\/ironsky.pl\/sklep\/produkt\/namiot-bezcieniowy-puluz-pu5025b-25x25x25cm-led\/\" \/>\n<meta property=\"og:locale\" content=\"pl_PL\" \/>\n<meta property=\"og:type\" content=\"article\" \/>\n<meta property=\"og:title\" content=\"Namiot bezcieniowy PULUZ PU5025B 25x25x25cm LED - IRONSKY.PL Sklep z Dronami\" \/>\n<meta property=\"og:description\" content=\"Namiot bezcieniowy PULUZ PU5025B 25x25x25cm LED - \u2705 sklep z dronami i fachowym doradztwem. \u2705 Tutaj kupisz produkty DJI, Yuneec, Parrot, Syma i wiele innych, a tak\u017ce kursy i licencje na operatora drona.\" \/>\n<meta property=\"og:url\" content=\"https:\/\/ironsky.pl\/sklep\/produkt\/namiot-bezcieniowy-puluz-pu5025b-25x25x25cm-led\/\" \/>\n<meta property=\"og:site_name\" content=\"IRONSKY.PL Sklep z Dronami\" \/>\n<meta property=\"article:modified_time\" content=\"2026-04-15T08:06:13+00:00\" \/>\n<meta property=\"og:image\" content=\"https:\/\/ironsky.pl\/sklep\/wp-content\/uploads\/2026\/04\/19845_1.jpg\" \/>\n\t<meta property=\"og:image:width\" content=\"800\" \/>\n\t<meta property=\"og:image:height\" content=\"800\" \/>\n\t<meta property=\"og:image:type\" content=\"image\/jpeg\" \/>\n<meta name=\"twitter:card\" content=\"summary_large_image\" \/>\n<meta name=\"twitter:label1\" content=\"Szacowany czas czytania\" \/>\n\t<meta name=\"twitter:data1\" content=\"1 minuta\" \/>\n<script type=\"application\/ld+json\" class=\"yoast-schema-graph\">{\"@context\":\"https:\/\/schema.org\",\"@graph\":[{\"@type\":\"WebPage\",\"@id\":\"https:\/\/ironsky.pl\/sklep\/produkt\/namiot-bezcieniowy-puluz-pu5025b-25x25x25cm-led\/\",\"url\":\"https:\/\/ironsky.pl\/sklep\/produkt\/namiot-bezcieniowy-puluz-pu5025b-25x25x25cm-led\/\",\"name\":\"Namiot bezcieniowy PULUZ PU5025B 25x25x25cm LED - IRONSKY.PL Sklep z Dronami\",\"isPartOf\":{\"@id\":\"https:\/\/ironsky.pl\/sklep\/#website\"},\"primaryImageOfPage\":{\"@id\":\"https:\/\/ironsky.pl\/sklep\/produkt\/namiot-bezcieniowy-puluz-pu5025b-25x25x25cm-led\/#primaryimage\"},\"image\":{\"@id\":\"https:\/\/ironsky.pl\/sklep\/produkt\/namiot-bezcieniowy-puluz-pu5025b-25x25x25cm-led\/#primaryimage\"},\"thumbnailUrl\":\"https:\/\/ironsky.pl\/sklep\/wp-content\/uploads\/2026\/04\/19845_1.jpg\",\"datePublished\":\"2026-04-15T08:05:57+00:00\",\"dateModified\":\"2026-04-15T08:06:13+00:00\",\"description\":\"Namiot bezcieniowy PULUZ PU5025B 25x25x25cm LED - \u2705 sklep z dronami i fachowym doradztwem. \u2705 Tutaj kupisz produkty DJI, Yuneec, Parrot, Syma i wiele innych, a tak\u017ce kursy i licencje na operatora drona.\",\"breadcrumb\":{\"@id\":\"https:\/\/ironsky.pl\/sklep\/produkt\/namiot-bezcieniowy-puluz-pu5025b-25x25x25cm-led\/#breadcrumb\"},\"inLanguage\":\"pl-PL\",\"potentialAction\":[{\"@type\":\"ReadAction\",\"target\":[\"https:\/\/ironsky.pl\/sklep\/produkt\/namiot-bezcieniowy-puluz-pu5025b-25x25x25cm-led\/\"]}]},{\"@type\":\"ImageObject\",\"inLanguage\":\"pl-PL\",\"@id\":\"https:\/\/ironsky.pl\/sklep\/produkt\/namiot-bezcieniowy-puluz-pu5025b-25x25x25cm-led\/#primaryimage\",\"url\":\"https:\/\/ironsky.pl\/sklep\/wp-content\/uploads\/2026\/04\/19845_1.jpg\",\"contentUrl\":\"https:\/\/ironsky.pl\/sklep\/wp-content\/uploads\/2026\/04\/19845_1.jpg\",\"width\":800,\"height\":800},{\"@type\":\"BreadcrumbList\",\"@id\":\"https:\/\/ironsky.pl\/sklep\/produkt\/namiot-bezcieniowy-puluz-pu5025b-25x25x25cm-led\/#breadcrumb\",\"itemListElement\":[{\"@type\":\"ListItem\",\"position\":1,\"name\":\"Strona g\u0142\u00f3wna\",\"item\":\"https:\/\/ironsky.pl\/sklep\/\"},{\"@type\":\"ListItem\",\"position\":2,\"name\":\"Wszystkie produkty\",\"item\":\"https:\/\/ironsky.pl\/sklep\/produkty\/\"},{\"@type\":\"ListItem\",\"position\":3,\"name\":\"Namiot bezcieniowy PULUZ PU5025B 25x25x25cm LED\"}]},{\"@type\":\"WebSite\",\"@id\":\"https:\/\/ironsky.pl\/sklep\/#website\",\"url\":\"https:\/\/ironsky.pl\/sklep\/\",\"name\":\"IRONSKY.PL Sklep z Dronami\",\"description\":\"IRONSKY.PL Sklep z Dronami\",\"potentialAction\":[{\"@type\":\"SearchAction\",\"target\":{\"@type\":\"EntryPoint\",\"urlTemplate\":\"https:\/\/ironsky.pl\/sklep\/?s={search_term_string}\"},\"query-input\":{\"@type\":\"PropertyValueSpecification\",\"valueRequired\":true,\"valueName\":\"search_term_string\"}}],\"inLanguage\":\"pl-PL\"}]}<\/script>\n<!-- \/ Yoast SEO plugin. -->","yoast_head_json":{"title":"Namiot bezcieniowy PULUZ PU5025B 25x25x25cm LED - IRONSKY.PL Sklep z Dronami","description":"Namiot bezcieniowy PULUZ PU5025B 25x25x25cm LED - \u2705 sklep z dronami i fachowym doradztwem. \u2705 Tutaj kupisz produkty DJI, Yuneec, Parrot, Syma i wiele innych, a tak\u017ce kursy i licencje na operatora drona.","robots":{"index":"index","follow":"follow","max-snippet":"max-snippet:-1","max-image-preview":"max-image-preview:large","max-video-preview":"max-video-preview:-1"},"canonical":"https:\/\/ironsky.pl\/sklep\/produkt\/namiot-bezcieniowy-puluz-pu5025b-25x25x25cm-led\/","og_locale":"pl_PL","og_type":"article","og_title":"Namiot bezcieniowy PULUZ PU5025B 25x25x25cm LED - IRONSKY.PL Sklep z Dronami","og_description":"Namiot bezcieniowy PULUZ PU5025B 25x25x25cm LED - \u2705 sklep z dronami i fachowym doradztwem. \u2705 Tutaj kupisz produkty DJI, Yuneec, Parrot, Syma i wiele innych, a tak\u017ce kursy i licencje na operatora drona.","og_url":"https:\/\/ironsky.pl\/sklep\/produkt\/namiot-bezcieniowy-puluz-pu5025b-25x25x25cm-led\/","og_site_name":"IRONSKY.PL Sklep z Dronami","article_modified_time":"2026-04-15T08:06:13+00:00","og_image":[{"width":800,"height":800,"url":"https:\/\/ironsky.pl\/sklep\/wp-content\/uploads\/2026\/04\/19845_1.jpg","type":"image\/jpeg"}],"twitter_card":"summary_large_image","twitter_misc":{"Szacowany czas czytania":"1 minuta"},"schema":{"@context":"https:\/\/schema.org","@graph":[{"@type":"WebPage","@id":"https:\/\/ironsky.pl\/sklep\/produkt\/namiot-bezcieniowy-puluz-pu5025b-25x25x25cm-led\/","url":"https:\/\/ironsky.pl\/sklep\/produkt\/namiot-bezcieniowy-puluz-pu5025b-25x25x25cm-led\/","name":"Namiot bezcieniowy PULUZ PU5025B 25x25x25cm LED - IRONSKY.PL Sklep z Dronami","isPartOf":{"@id":"https:\/\/ironsky.pl\/sklep\/#website"},"primaryImageOfPage":{"@id":"https:\/\/ironsky.pl\/sklep\/produkt\/namiot-bezcieniowy-puluz-pu5025b-25x25x25cm-led\/#primaryimage"},"image":{"@id":"https:\/\/ironsky.pl\/sklep\/produkt\/namiot-bezcieniowy-puluz-pu5025b-25x25x25cm-led\/#primaryimage"},"thumbnailUrl":"https:\/\/ironsky.pl\/sklep\/wp-content\/uploads\/2026\/04\/19845_1.jpg","datePublished":"2026-04-15T08:05:57+00:00","dateModified":"2026-04-15T08:06:13+00:00","description":"Namiot bezcieniowy PULUZ PU5025B 25x25x25cm LED - \u2705 sklep z dronami i fachowym doradztwem. \u2705 Tutaj kupisz produkty DJI, Yuneec, Parrot, Syma i wiele innych, a tak\u017ce kursy i licencje na operatora drona.","breadcrumb":{"@id":"https:\/\/ironsky.pl\/sklep\/produkt\/namiot-bezcieniowy-puluz-pu5025b-25x25x25cm-led\/#breadcrumb"},"inLanguage":"pl-PL","potentialAction":[{"@type":"ReadAction","target":["https:\/\/ironsky.pl\/sklep\/produkt\/namiot-bezcieniowy-puluz-pu5025b-25x25x25cm-led\/"]}]},{"@type":"ImageObject","inLanguage":"pl-PL","@id":"https:\/\/ironsky.pl\/sklep\/produkt\/namiot-bezcieniowy-puluz-pu5025b-25x25x25cm-led\/#primaryimage","url":"https:\/\/ironsky.pl\/sklep\/wp-content\/uploads\/2026\/04\/19845_1.jpg","contentUrl":"https:\/\/ironsky.pl\/sklep\/wp-content\/uploads\/2026\/04\/19845_1.jpg","width":800,"height":800},{"@type":"BreadcrumbList","@id":"https:\/\/ironsky.pl\/sklep\/produkt\/namiot-bezcieniowy-puluz-pu5025b-25x25x25cm-led\/#breadcrumb","itemListElement":[{"@type":"ListItem","position":1,"name":"Strona g\u0142\u00f3wna","item":"https:\/\/ironsky.pl\/sklep\/"},{"@type":"ListItem","position":2,"name":"Wszystkie produkty","item":"https:\/\/ironsky.pl\/sklep\/produkty\/"},{"@type":"ListItem","position":3,"name":"Namiot bezcieniowy PULUZ PU5025B 25x25x25cm LED"}]},{"@type":"WebSite","@id":"https:\/\/ironsky.pl\/sklep\/#website","url":"https:\/\/ironsky.pl\/sklep\/","name":"IRONSKY.PL Sklep z Dronami","description":"IRONSKY.PL Sklep z Dronami","potentialAction":[{"@type":"SearchAction","target":{"@type":"EntryPoint","urlTemplate":"https:\/\/ironsky.pl\/sklep\/?s={search_term_string}"},"query-input":{"@type":"PropertyValueSpecification","valueRequired":true,"valueName":"search_term_string"}}],"inLanguage":"pl-PL"}]}},"_links":{"self":[{"href":"https:\/\/ironsky.pl\/sklep\/wp-json\/wp\/v2\/product\/55592","targetHints":{"allow":["GET"]}}],"collection":[{"href":"https:\/\/ironsky.pl\/sklep\/wp-json\/wp\/v2\/product"}],"about":[{"href":"https:\/\/ironsky.pl\/sklep\/wp-json\/wp\/v2\/types\/product"}],"replies":[{"embeddable":true,"href":"https:\/\/ironsky.pl\/sklep\/wp-json\/wp\/v2\/comments?post=55592"}],"wp:featuredmedia":[{"embeddable":true,"href":"https:\/\/ironsky.pl\/sklep\/wp-json\/wp\/v2\/media\/55593"}],"wp:attachment":[{"href":"https:\/\/ironsky.pl\/sklep\/wp-json\/wp\/v2\/media?parent=55592"}],"wp:term":[{"taxonomy":"product_brand","embeddable":true,"href":"https:\/\/ironsky.pl\/sklep\/wp-json\/wp\/v2\/product_brand?post=55592"},{"taxonomy":"product_cat","embeddable":true,"href":"https:\/\/ironsky.pl\/sklep\/wp-json\/wp\/v2\/product_cat?post=55592"},{"taxonomy":"product_tag","embeddable":true,"href":"https:\/\/ironsky.pl\/sklep\/wp-json\/wp\/v2\/product_tag?post=55592"}],"curies":[{"name":"wp","href":"https:\/\/api.w.org\/{rel}","templated":true}]}}