{"id":55586,"date":"2026-04-15T10:05:57","date_gmt":"2026-04-15T08:05:57","guid":{"rendered":"https:\/\/ironsky.pl\/sklep\/produkt\/statyw-biurkowy-puluz-26cm-do-lampy-led\/"},"modified":"2026-04-15T10:06:10","modified_gmt":"2026-04-15T08:06:10","slug":"statyw-biurkowy-puluz-26cm-do-lampy-led","status":"publish","type":"product","link":"https:\/\/ironsky.pl\/sklep\/produkt\/statyw-biurkowy-puluz-26cm-do-lampy-led\/","title":{"rendered":"Statyw biurkowy PULUZ 26cm do lampy LED"},"content":{"rendered":"<h3>Doskona\u0142e \u015bwiat\u0142o<\/h3>\n<p>Lampa zosta\u0142a wykonana z energooszcz\u0119dnych koralik\u00f3w LED, kt\u00f3re idealnie odzwierciedlaj\u0105 naturalne barwy i poprawiaj\u0105 odcie\u0144 sk\u00f3ry na fotografiach. Dzi\u0119ki 3 kolorom do wyboru z regulacj\u0105 jasno\u015bci w szybki i prosty spos\u00f3b dostosujesz efekt zdj\u0119\u0107 wed\u0142ug w\u0142asnych preferencji, bez u\u017cycia dodatkowych, kolorowych filtr\u00f3w. Poniewa\u017c lampki LED generuj\u0105 delikatne i przyjemne dla oczu \u015bwiat\u0142o, nie odczujesz dyskomfortu nawet przy d\u0142u\u017cszym nagrywaniu film\u00f3w wideo lub przeprowadzaniu sesji fotograficznych.<\/p>\n<p><img decoding=\"async\" src=\"https:\/\/b2b.innpro.pl\/data\/include\/cms\/02Puluz\/PKT3090B\/PKT3090B_6.jpg\"><\/p>\n<h3>Szerokie zastosowanie<\/h3>\n<p>O\u015bwietlenie wykorzystasz podczas robienia zdj\u0119\u0107 na zewn\u0105trz. Lampa idealnie rozja\u015bni r\u00f3wnie\u017c pomieszczenie podczas sesji fotograficznych, zdj\u0119\u0107 do projekt\u00f3w reklamowych lub nagrywania vlog\u00f3w zwi\u0105zanych z mod\u0105 i makija\u017cem.<\/p>\n<p><img decoding=\"async\" src=\"https:\/\/b2b.innpro.pl\/data\/include\/cms\/02Puluz\/PKT3090B\/PKT3089B_10.jpg\"><\/p>\n<h3>Regulowany stojak dla jeszcze wi\u0119kszego komfortu u\u017cytkowania<\/h3>\n<p>Mo\u017cesz dostosowa\u0107 wysoko\u015b\u0107 stojaka, kt\u00f3ry ma tak\u017ce regulacj\u0119 o 180 i 360 stopni, co zwi\u0119ksza komfort u\u017cytkowania. Zosta\u0142 wykonany z wysokiej jako\u015bci materia\u0142u, dzi\u0119ki czemu jest trwa\u0142y i wytrzyma\u0142y. Podw\u00f3jne spr\u0119\u017cyny zawieszenia na ka\u017cdym ramieniu wysi\u0119gnika chroni\u0105 lampy przed nag\u0142ym upadkiem. Dodatkowo, uchwyt mo\u017cna dowolnie zgina\u0107 tak, aby \u015bwiat\u0142o pada\u0142o pod takim k\u0105tem, kt\u00f3ry b\u0119dzie dla Ciebie najkorzystniejszy. Zacisk na podstawie przyczepisz do blatu o dowolnej grubo\u015bci. Dzi\u0119ki temu Twoje d\u0142onie s\u0105 wolne, a Ty mo\u017cesz swobodnie nagrywa\u0107 filmy.<\/p>\n<p><img decoding=\"async\" src=\"https:\/\/b2b.innpro.pl\/data\/include\/cms\/02Puluz\/PKT3090B\/PKT3090B_4.jpg\"><\/p>\n<h3>Kompatybilno\u015b\u0107 i kompaktowy rozmiar<\/h3>\n<p>Dzi\u0119ki z\u0142\u0105czu USB mo\u017cesz \u0142adowa\u0107 lamp\u0119 za pomoc\u0105 \u0142adowarki, powerbanku, komputera PC, a nawet laptopa. Co wi\u0119cej, lekka konstrukcja i kompaktowy rozmiar umo\u017cliwiaj\u0105 zabranie lampy ze sob\u0105 w podr\u00f3\u017c lub robienie zdj\u0119\u0107 w plenerze.<\/p>\n<p><img decoding=\"async\" src=\"https:\/\/b2b.innpro.pl\/data\/include\/cms\/02Puluz\/PKT3090B\/PKT3089B_11.jpg\"><\/p>\n<h3>W zestawie<\/h3>\n<ul>\n<li>Pier\u015bcieniowa lampa LED x1<\/li>\n<li>Sk\u0142adany stojak x1<\/li>\n<li>Kabel USB x1<\/li>\n<li>Zacisk na telefon x1<\/li>\n<li>Zacisk uniwersalny x1<\/li>\n<li>\u015arubokr\u0119t sze\u015bciok\u0105tny x1<\/li>\n<\/ul>\n<div class=\"table-wrapper\">\n<table>\n<tbody>\n<tr>\n<th>Producent<\/th>\n<td>Puluz<\/td>\n<\/tr>\n<tr>\n<th>Model<\/th>\n<td>PKT3090B<\/td>\n<\/tr>\n<tr>\n<th>Liczba koralik\u00f3w LED<\/th>\n<td>2&#215;60<\/td>\n<\/tr>\n<tr>\n<th>Model koralik\u00f3w LED<\/th>\n<td>2835<\/td>\n<\/tr>\n<tr>\n<th>Strumie\u0144 \u015bwietlny<\/th>\n<td>24-26 lm<\/td>\n<\/tr>\n<tr>\n<th>Temperatura barwowa<\/th>\n<td>3200-5600 K<\/td>\n<\/tr>\n<tr>\n<th>Moc<\/th>\n<td>0,39-9,4 W<\/td>\n<\/tr>\n<tr>\n<th>Napi\u0119cie<\/th>\n<td>5 V<\/td>\n<\/tr>\n<tr>\n<th>CRI<\/th>\n<td>&gt;95<\/td>\n<\/tr>\n<tr>\n<th>Zakres \u015bciemniania<\/th>\n<td>1%-100%<\/td>\n<\/tr>\n<tr>\n<th>Materia\u0142<\/th>\n<td>ABS + akrylowa os\u0142ona lampy<\/td>\n<\/tr>\n<tr>\n<th>Wymiary<\/th>\n<td>\u015arednica zewn\u0119trzna: 260 mm;<br \/>\u015arednica wewn\u0119trzna: 210 mm<\/td>\n<\/tr>\n<tr>\n<th>Zasilanie<\/th>\n<td>Zasilacz z portem USB<\/td>\n<\/tr>\n<tr>\n<th>D\u0142ugo\u015b\u0107 kabla<\/th>\n<td>2 m<\/td>\n<\/tr>\n<\/tbody>\n<\/table>\n<\/div>\n","protected":false},"excerpt":{"rendered":"<p>Doskona\u0142e \u015bwiat\u0142o Lampa zosta\u0142a wykonana z energooszcz\u0119dnych koralik\u00f3w LED, kt\u00f3re idealnie odzwierciedlaj\u0105 naturalne barwy i poprawiaj\u0105 odcie\u0144 sk\u00f3ry na fotografiach.<\/p>\n","protected":false},"featured_media":55587,"comment_status":"closed","ping_status":"open","template":"","meta":{"_acf_changed":false},"product_brand":[],"product_cat":[1128,6187,6182],"product_tag":[],"class_list":{"0":"post-55586","1":"product","2":"type-product","3":"status-publish","4":"has-post-thumbnail","6":"product_cat-foto-wideo","7":"product_cat-lampy-pierscieniowe-studio-fotograficzne","8":"product_cat-studio-fotograficzne","9":"pa_okres-gwarancji-5754","10":"pa_producent-puluz","12":"first","13":"outofstock","14":"taxable","15":"shipping-taxable","16":"purchasable","17":"product-type-simple"},"acf":[],"yoast_head":"<!-- This site is optimized with the Yoast SEO plugin v27.2 - https:\/\/yoast.com\/product\/yoast-seo-wordpress\/ -->\n<title>Statyw biurkowy PULUZ 26cm do lampy LED - IRONSKY.PL Sklep z Dronami<\/title>\n<meta name=\"description\" content=\"Statyw biurkowy PULUZ 26cm do lampy LED - \u2705 sklep z dronami i fachowym doradztwem. \u2705 Tutaj kupisz produkty DJI, Yuneec, Parrot, Syma i wiele innych, a tak\u017ce kursy i licencje na operatora drona.\" \/>\n<meta name=\"robots\" content=\"index, follow, max-snippet:-1, max-image-preview:large, max-video-preview:-1\" \/>\n<link rel=\"canonical\" href=\"https:\/\/ironsky.pl\/sklep\/produkt\/statyw-biurkowy-puluz-26cm-do-lampy-led\/\" \/>\n<meta property=\"og:locale\" content=\"pl_PL\" \/>\n<meta property=\"og:type\" content=\"article\" \/>\n<meta property=\"og:title\" content=\"Statyw biurkowy PULUZ 26cm do lampy LED - IRONSKY.PL Sklep z Dronami\" \/>\n<meta property=\"og:description\" content=\"Statyw biurkowy PULUZ 26cm do lampy LED - \u2705 sklep z dronami i fachowym doradztwem. \u2705 Tutaj kupisz produkty DJI, Yuneec, Parrot, Syma i wiele innych, a tak\u017ce kursy i licencje na operatora drona.\" \/>\n<meta property=\"og:url\" content=\"https:\/\/ironsky.pl\/sklep\/produkt\/statyw-biurkowy-puluz-26cm-do-lampy-led\/\" \/>\n<meta property=\"og:site_name\" content=\"IRONSKY.PL Sklep z Dronami\" \/>\n<meta property=\"article:modified_time\" content=\"2026-04-15T08:06:10+00:00\" \/>\n<meta property=\"og:image\" content=\"https:\/\/ironsky.pl\/sklep\/wp-content\/uploads\/2026\/04\/19838_1.jpg\" \/>\n\t<meta property=\"og:image:width\" content=\"800\" \/>\n\t<meta property=\"og:image:height\" content=\"800\" \/>\n\t<meta property=\"og:image:type\" content=\"image\/jpeg\" \/>\n<meta name=\"twitter:card\" content=\"summary_large_image\" \/>\n<meta name=\"twitter:label1\" content=\"Szacowany czas czytania\" \/>\n\t<meta name=\"twitter:data1\" content=\"2 minuty\" \/>\n<script type=\"application\/ld+json\" class=\"yoast-schema-graph\">{\"@context\":\"https:\/\/schema.org\",\"@graph\":[{\"@type\":\"WebPage\",\"@id\":\"https:\/\/ironsky.pl\/sklep\/produkt\/statyw-biurkowy-puluz-26cm-do-lampy-led\/\",\"url\":\"https:\/\/ironsky.pl\/sklep\/produkt\/statyw-biurkowy-puluz-26cm-do-lampy-led\/\",\"name\":\"Statyw biurkowy PULUZ 26cm do lampy LED - IRONSKY.PL Sklep z Dronami\",\"isPartOf\":{\"@id\":\"https:\/\/ironsky.pl\/sklep\/#website\"},\"primaryImageOfPage\":{\"@id\":\"https:\/\/ironsky.pl\/sklep\/produkt\/statyw-biurkowy-puluz-26cm-do-lampy-led\/#primaryimage\"},\"image\":{\"@id\":\"https:\/\/ironsky.pl\/sklep\/produkt\/statyw-biurkowy-puluz-26cm-do-lampy-led\/#primaryimage\"},\"thumbnailUrl\":\"https:\/\/ironsky.pl\/sklep\/wp-content\/uploads\/2026\/04\/19838_1.jpg\",\"datePublished\":\"2026-04-15T08:05:57+00:00\",\"dateModified\":\"2026-04-15T08:06:10+00:00\",\"description\":\"Statyw biurkowy PULUZ 26cm do lampy LED - \u2705 sklep z dronami i fachowym doradztwem. \u2705 Tutaj kupisz produkty DJI, Yuneec, Parrot, Syma i wiele innych, a tak\u017ce kursy i licencje na operatora drona.\",\"breadcrumb\":{\"@id\":\"https:\/\/ironsky.pl\/sklep\/produkt\/statyw-biurkowy-puluz-26cm-do-lampy-led\/#breadcrumb\"},\"inLanguage\":\"pl-PL\",\"potentialAction\":[{\"@type\":\"ReadAction\",\"target\":[\"https:\/\/ironsky.pl\/sklep\/produkt\/statyw-biurkowy-puluz-26cm-do-lampy-led\/\"]}]},{\"@type\":\"ImageObject\",\"inLanguage\":\"pl-PL\",\"@id\":\"https:\/\/ironsky.pl\/sklep\/produkt\/statyw-biurkowy-puluz-26cm-do-lampy-led\/#primaryimage\",\"url\":\"https:\/\/ironsky.pl\/sklep\/wp-content\/uploads\/2026\/04\/19838_1.jpg\",\"contentUrl\":\"https:\/\/ironsky.pl\/sklep\/wp-content\/uploads\/2026\/04\/19838_1.jpg\",\"width\":800,\"height\":800},{\"@type\":\"BreadcrumbList\",\"@id\":\"https:\/\/ironsky.pl\/sklep\/produkt\/statyw-biurkowy-puluz-26cm-do-lampy-led\/#breadcrumb\",\"itemListElement\":[{\"@type\":\"ListItem\",\"position\":1,\"name\":\"Strona g\u0142\u00f3wna\",\"item\":\"https:\/\/ironsky.pl\/sklep\/\"},{\"@type\":\"ListItem\",\"position\":2,\"name\":\"Wszystkie produkty\",\"item\":\"https:\/\/ironsky.pl\/sklep\/produkty\/\"},{\"@type\":\"ListItem\",\"position\":3,\"name\":\"Statyw biurkowy PULUZ 26cm do lampy LED\"}]},{\"@type\":\"WebSite\",\"@id\":\"https:\/\/ironsky.pl\/sklep\/#website\",\"url\":\"https:\/\/ironsky.pl\/sklep\/\",\"name\":\"IRONSKY.PL Sklep z Dronami\",\"description\":\"IRONSKY.PL Sklep z Dronami\",\"potentialAction\":[{\"@type\":\"SearchAction\",\"target\":{\"@type\":\"EntryPoint\",\"urlTemplate\":\"https:\/\/ironsky.pl\/sklep\/?s={search_term_string}\"},\"query-input\":{\"@type\":\"PropertyValueSpecification\",\"valueRequired\":true,\"valueName\":\"search_term_string\"}}],\"inLanguage\":\"pl-PL\"}]}<\/script>\n<!-- \/ Yoast SEO plugin. -->","yoast_head_json":{"title":"Statyw biurkowy PULUZ 26cm do lampy LED - IRONSKY.PL Sklep z Dronami","description":"Statyw biurkowy PULUZ 26cm do lampy LED - \u2705 sklep z dronami i fachowym doradztwem. \u2705 Tutaj kupisz produkty DJI, Yuneec, Parrot, Syma i wiele innych, a tak\u017ce kursy i licencje na operatora drona.","robots":{"index":"index","follow":"follow","max-snippet":"max-snippet:-1","max-image-preview":"max-image-preview:large","max-video-preview":"max-video-preview:-1"},"canonical":"https:\/\/ironsky.pl\/sklep\/produkt\/statyw-biurkowy-puluz-26cm-do-lampy-led\/","og_locale":"pl_PL","og_type":"article","og_title":"Statyw biurkowy PULUZ 26cm do lampy LED - IRONSKY.PL Sklep z Dronami","og_description":"Statyw biurkowy PULUZ 26cm do lampy LED - \u2705 sklep z dronami i fachowym doradztwem. \u2705 Tutaj kupisz produkty DJI, Yuneec, Parrot, Syma i wiele innych, a tak\u017ce kursy i licencje na operatora drona.","og_url":"https:\/\/ironsky.pl\/sklep\/produkt\/statyw-biurkowy-puluz-26cm-do-lampy-led\/","og_site_name":"IRONSKY.PL Sklep z Dronami","article_modified_time":"2026-04-15T08:06:10+00:00","og_image":[{"width":800,"height":800,"url":"https:\/\/ironsky.pl\/sklep\/wp-content\/uploads\/2026\/04\/19838_1.jpg","type":"image\/jpeg"}],"twitter_card":"summary_large_image","twitter_misc":{"Szacowany czas czytania":"2 minuty"},"schema":{"@context":"https:\/\/schema.org","@graph":[{"@type":"WebPage","@id":"https:\/\/ironsky.pl\/sklep\/produkt\/statyw-biurkowy-puluz-26cm-do-lampy-led\/","url":"https:\/\/ironsky.pl\/sklep\/produkt\/statyw-biurkowy-puluz-26cm-do-lampy-led\/","name":"Statyw biurkowy PULUZ 26cm do lampy LED - IRONSKY.PL Sklep z Dronami","isPartOf":{"@id":"https:\/\/ironsky.pl\/sklep\/#website"},"primaryImageOfPage":{"@id":"https:\/\/ironsky.pl\/sklep\/produkt\/statyw-biurkowy-puluz-26cm-do-lampy-led\/#primaryimage"},"image":{"@id":"https:\/\/ironsky.pl\/sklep\/produkt\/statyw-biurkowy-puluz-26cm-do-lampy-led\/#primaryimage"},"thumbnailUrl":"https:\/\/ironsky.pl\/sklep\/wp-content\/uploads\/2026\/04\/19838_1.jpg","datePublished":"2026-04-15T08:05:57+00:00","dateModified":"2026-04-15T08:06:10+00:00","description":"Statyw biurkowy PULUZ 26cm do lampy LED - \u2705 sklep z dronami i fachowym doradztwem. \u2705 Tutaj kupisz produkty DJI, Yuneec, Parrot, Syma i wiele innych, a tak\u017ce kursy i licencje na operatora drona.","breadcrumb":{"@id":"https:\/\/ironsky.pl\/sklep\/produkt\/statyw-biurkowy-puluz-26cm-do-lampy-led\/#breadcrumb"},"inLanguage":"pl-PL","potentialAction":[{"@type":"ReadAction","target":["https:\/\/ironsky.pl\/sklep\/produkt\/statyw-biurkowy-puluz-26cm-do-lampy-led\/"]}]},{"@type":"ImageObject","inLanguage":"pl-PL","@id":"https:\/\/ironsky.pl\/sklep\/produkt\/statyw-biurkowy-puluz-26cm-do-lampy-led\/#primaryimage","url":"https:\/\/ironsky.pl\/sklep\/wp-content\/uploads\/2026\/04\/19838_1.jpg","contentUrl":"https:\/\/ironsky.pl\/sklep\/wp-content\/uploads\/2026\/04\/19838_1.jpg","width":800,"height":800},{"@type":"BreadcrumbList","@id":"https:\/\/ironsky.pl\/sklep\/produkt\/statyw-biurkowy-puluz-26cm-do-lampy-led\/#breadcrumb","itemListElement":[{"@type":"ListItem","position":1,"name":"Strona g\u0142\u00f3wna","item":"https:\/\/ironsky.pl\/sklep\/"},{"@type":"ListItem","position":2,"name":"Wszystkie produkty","item":"https:\/\/ironsky.pl\/sklep\/produkty\/"},{"@type":"ListItem","position":3,"name":"Statyw biurkowy PULUZ 26cm do lampy LED"}]},{"@type":"WebSite","@id":"https:\/\/ironsky.pl\/sklep\/#website","url":"https:\/\/ironsky.pl\/sklep\/","name":"IRONSKY.PL Sklep z Dronami","description":"IRONSKY.PL Sklep z Dronami","potentialAction":[{"@type":"SearchAction","target":{"@type":"EntryPoint","urlTemplate":"https:\/\/ironsky.pl\/sklep\/?s={search_term_string}"},"query-input":{"@type":"PropertyValueSpecification","valueRequired":true,"valueName":"search_term_string"}}],"inLanguage":"pl-PL"}]}},"_links":{"self":[{"href":"https:\/\/ironsky.pl\/sklep\/wp-json\/wp\/v2\/product\/55586","targetHints":{"allow":["GET"]}}],"collection":[{"href":"https:\/\/ironsky.pl\/sklep\/wp-json\/wp\/v2\/product"}],"about":[{"href":"https:\/\/ironsky.pl\/sklep\/wp-json\/wp\/v2\/types\/product"}],"replies":[{"embeddable":true,"href":"https:\/\/ironsky.pl\/sklep\/wp-json\/wp\/v2\/comments?post=55586"}],"wp:featuredmedia":[{"embeddable":true,"href":"https:\/\/ironsky.pl\/sklep\/wp-json\/wp\/v2\/media\/55587"}],"wp:attachment":[{"href":"https:\/\/ironsky.pl\/sklep\/wp-json\/wp\/v2\/media?parent=55586"}],"wp:term":[{"taxonomy":"product_brand","embeddable":true,"href":"https:\/\/ironsky.pl\/sklep\/wp-json\/wp\/v2\/product_brand?post=55586"},{"taxonomy":"product_cat","embeddable":true,"href":"https:\/\/ironsky.pl\/sklep\/wp-json\/wp\/v2\/product_cat?post=55586"},{"taxonomy":"product_tag","embeddable":true,"href":"https:\/\/ironsky.pl\/sklep\/wp-json\/wp\/v2\/product_tag?post=55586"}],"curies":[{"name":"wp","href":"https:\/\/api.w.org\/{rel}","templated":true}]}}