{"id":55585,"date":"2026-04-15T10:05:57","date_gmt":"2026-04-15T08:05:57","guid":{"rendered":"https:\/\/ironsky.pl\/sklep\/produkt\/adapter-bluetooth-ugreen-cm408-usb-bt-5-0-czarny\/"},"modified":"2026-04-15T10:44:30","modified_gmt":"2026-04-15T08:44:30","slug":"adapter-bluetooth-ugreen-cm408-usb-bt-5-0-czarny","status":"publish","type":"product","link":"https:\/\/ironsky.pl\/sklep\/produkt\/adapter-bluetooth-ugreen-cm408-usb-bt-5-0-czarny\/","title":{"rendered":"Adapter Bluetooth UGREEN CM408 USB BT 5.0 (czarny)"},"content":{"rendered":"<h3>Transmiter USB Bluetooth 2.0 firmy Ugreen<\/h3>\n<p>Urz\u0105dzenie jest bezprzewodowe i \u0142atwe w obs\u0142udze. Transmiter ma wbudowan\u0105 kontrolk\u0119, kt\u00f3ra \u015bwieci si\u0119 po pod\u0142\u0105czeniu do innego urz\u0105dzenia. Transmiter bluetooth to produkt wysokiej jako\u015bci &#8211; synchronizuje d\u017awi\u0119k i obraz, dzi\u0119ki czemu do\u015bwiadczenie gamingowe przechodzi na wy\u017cszy poziom. Co wi\u0119cej, sygna\u0142 bluetooth si\u0119ga a\u017c do 10 m. Transmiter \u0142\u0105czy si\u0119 z dwiema parami s\u0142uchawek bezprzewodowych, dzi\u0119ki czemu mo\u017cesz gra\u0107 w gry wsp\u00f3lnie z przyjaci\u00f3\u0142mi lub rodzin\u0105.<\/p>\n<p><img decoding=\"async\" src=\"https:\/\/b2b.innpro.pl\/data\/include\/cms\/012UGREEN\/CM408\/930-_01.jpg\"><\/p>\n<h3>Kompatybilno\u015b\u0107<\/h3>\n<p>Urz\u0105dzenie jest kompatybilne z systemem Windows, pasuje do Switch, Switch Lite, PS4 \/ PS4 Pro. Transmiter mo\u017cna r\u00f3wnie\u017c sparowa\u0107 z bezprzewodowymi s\u0142uchawkami.<\/p>\n<p><img decoding=\"async\" src=\"https:\/\/b2b.innpro.pl\/data\/include\/cms\/012UGREEN\/CM408\/930-_11.jpg\"><\/p>\n<h3>Graj kiedy chcesz<\/h3>\n<p>Urz\u0105dzenie kontroluje g\u0142o\u015bno\u015b\u0107 d\u017awi\u0119ku, dlatego mo\u017cesz gra\u0107 r\u00f3wnie\u017c w nocy, nie martwi\u0105c si\u0119 o ha\u0142as.<\/p>\n<p><img decoding=\"async\" src=\"https:\/\/b2b.innpro.pl\/data\/include\/cms\/012UGREEN\/CM408\/930-_07.jpg\"><\/p>\n<h3>Bezpiecze\u0144stwo<\/h3>\n<p>Transmiter ma narodowy certyfikat SRRC. Moc produktu jest zgodna z og\u00f3lnymi standardami, co oznacza, \u017ce jest on bezpieczny w u\u017cytkowaniu i nieszkodliwy dla zdrowia.<\/p>\n<p><img decoding=\"async\" src=\"https:\/\/b2b.innpro.pl\/data\/include\/cms\/012UGREEN\/CM408\/930-2.jpg\"><\/p>\n<div class=\"table-wrapper\">\n<table>\n<tbody>\n<tr>\n<th><strong>Producent<\/strong><\/th>\n<td>UGREEN<\/td>\n<\/tr>\n<tr>\n<th><strong>Nazwa<\/strong><\/th>\n<td>USB Bluetooth Transmitter For Switch\/PS<\/td>\n<\/tr>\n<tr>\n<th><strong>Model<\/strong><\/th>\n<td>CM408<\/td>\n<\/tr>\n<tr>\n<th><strong>Wersja Bluetooth<\/strong><\/th>\n<td>5.0<\/td>\n<\/tr>\n<tr>\n<th><strong>Zasi\u0119g<\/strong><\/th>\n<td>Do 10 m<\/td>\n<\/tr>\n<tr>\n<th><strong>Waga<\/strong><\/th>\n<td>4 g<\/td>\n<\/tr>\n<tr>\n<th><strong>Waga z opakowaniem<\/strong><\/th>\n<td>20 g<\/td>\n<\/tr>\n<tr>\n<th><strong>Wymiary<\/strong><\/th>\n<td>17&#215;30,4&#215;8 mm<\/td>\n<\/tr>\n<\/tbody>\n<\/table>\n<\/div>\n","protected":false},"excerpt":{"rendered":"<p>Transmiter USB Bluetooth 2.0 firmy Ugreen Urz\u0105dzenie jest bezprzewodowe i \u0142atwe w obs\u0142udze. Transmiter ma wbudowan\u0105 kontrolk\u0119, kt\u00f3ra \u015bwieci si\u0119<\/p>\n","protected":false},"featured_media":41288,"comment_status":"closed","ping_status":"open","template":"","meta":{"_acf_changed":false},"product_brand":[],"product_cat":[5930,5929],"product_tag":[],"class_list":{"0":"post-55585","1":"product","2":"type-product","3":"status-publish","4":"has-post-thumbnail","6":"product_cat-adaptery-przejsciowki-konwertery","7":"product_cat-akcesoria-it","8":"pa_okres-gwarancji-5757","9":"pa_producent-ugreen","11":"first","12":"outofstock","13":"taxable","14":"shipping-taxable","15":"purchasable","16":"product-type-simple"},"acf":[],"yoast_head":"<!-- This site is optimized with the Yoast SEO plugin v27.2 - https:\/\/yoast.com\/product\/yoast-seo-wordpress\/ -->\n<title>Adapter Bluetooth UGREEN CM408 USB BT 5.0 (czarny) - IRONSKY.PL Sklep z Dronami<\/title>\n<meta name=\"description\" content=\"Adapter Bluetooth UGREEN CM408 USB BT 5.0 (czarny) - \u2705 sklep z dronami i fachowym doradztwem. \u2705 Tutaj kupisz produkty DJI, Yuneec, Parrot, Syma i wiele innych, a tak\u017ce kursy i licencje na operatora drona.\" \/>\n<meta name=\"robots\" content=\"index, follow, max-snippet:-1, max-image-preview:large, max-video-preview:-1\" \/>\n<link rel=\"canonical\" href=\"https:\/\/ironsky.pl\/sklep\/produkt\/adapter-bluetooth-ugreen-cm408-usb-bt-5-0-czarny\/\" \/>\n<meta property=\"og:locale\" content=\"pl_PL\" \/>\n<meta property=\"og:type\" content=\"article\" \/>\n<meta property=\"og:title\" content=\"Adapter Bluetooth UGREEN CM408 USB BT 5.0 (czarny) - IRONSKY.PL Sklep z Dronami\" \/>\n<meta property=\"og:description\" content=\"Adapter Bluetooth UGREEN CM408 USB BT 5.0 (czarny) - \u2705 sklep z dronami i fachowym doradztwem. \u2705 Tutaj kupisz produkty DJI, Yuneec, Parrot, Syma i wiele innych, a tak\u017ce kursy i licencje na operatora drona.\" \/>\n<meta property=\"og:url\" content=\"https:\/\/ironsky.pl\/sklep\/produkt\/adapter-bluetooth-ugreen-cm408-usb-bt-5-0-czarny\/\" \/>\n<meta property=\"og:site_name\" content=\"IRONSKY.PL Sklep z Dronami\" \/>\n<meta property=\"article:modified_time\" content=\"2026-04-15T08:44:30+00:00\" \/>\n<meta property=\"og:image\" content=\"https:\/\/ironsky.pl\/sklep\/wp-content\/uploads\/2025\/06\/19792_1.jpg\" \/>\n\t<meta property=\"og:image:width\" content=\"800\" \/>\n\t<meta property=\"og:image:height\" content=\"800\" \/>\n\t<meta property=\"og:image:type\" content=\"image\/jpeg\" \/>\n<meta name=\"twitter:card\" content=\"summary_large_image\" \/>\n<meta name=\"twitter:label1\" content=\"Szacowany czas czytania\" \/>\n\t<meta name=\"twitter:data1\" content=\"1 minuta\" \/>\n<script type=\"application\/ld+json\" class=\"yoast-schema-graph\">{\"@context\":\"https:\/\/schema.org\",\"@graph\":[{\"@type\":\"WebPage\",\"@id\":\"https:\/\/ironsky.pl\/sklep\/produkt\/adapter-bluetooth-ugreen-cm408-usb-bt-5-0-czarny\/\",\"url\":\"https:\/\/ironsky.pl\/sklep\/produkt\/adapter-bluetooth-ugreen-cm408-usb-bt-5-0-czarny\/\",\"name\":\"Adapter Bluetooth UGREEN CM408 USB BT 5.0 (czarny) - IRONSKY.PL Sklep z Dronami\",\"isPartOf\":{\"@id\":\"https:\/\/ironsky.pl\/sklep\/#website\"},\"primaryImageOfPage\":{\"@id\":\"https:\/\/ironsky.pl\/sklep\/produkt\/adapter-bluetooth-ugreen-cm408-usb-bt-5-0-czarny\/#primaryimage\"},\"image\":{\"@id\":\"https:\/\/ironsky.pl\/sklep\/produkt\/adapter-bluetooth-ugreen-cm408-usb-bt-5-0-czarny\/#primaryimage\"},\"thumbnailUrl\":\"https:\/\/ironsky.pl\/sklep\/wp-content\/uploads\/2025\/06\/19792_1.jpg\",\"datePublished\":\"2026-04-15T08:05:57+00:00\",\"dateModified\":\"2026-04-15T08:44:30+00:00\",\"description\":\"Adapter Bluetooth UGREEN CM408 USB BT 5.0 (czarny) - \u2705 sklep z dronami i fachowym doradztwem. \u2705 Tutaj kupisz produkty DJI, Yuneec, Parrot, Syma i wiele innych, a tak\u017ce kursy i licencje na operatora drona.\",\"breadcrumb\":{\"@id\":\"https:\/\/ironsky.pl\/sklep\/produkt\/adapter-bluetooth-ugreen-cm408-usb-bt-5-0-czarny\/#breadcrumb\"},\"inLanguage\":\"pl-PL\",\"potentialAction\":[{\"@type\":\"ReadAction\",\"target\":[\"https:\/\/ironsky.pl\/sklep\/produkt\/adapter-bluetooth-ugreen-cm408-usb-bt-5-0-czarny\/\"]}]},{\"@type\":\"ImageObject\",\"inLanguage\":\"pl-PL\",\"@id\":\"https:\/\/ironsky.pl\/sklep\/produkt\/adapter-bluetooth-ugreen-cm408-usb-bt-5-0-czarny\/#primaryimage\",\"url\":\"https:\/\/ironsky.pl\/sklep\/wp-content\/uploads\/2025\/06\/19792_1.jpg\",\"contentUrl\":\"https:\/\/ironsky.pl\/sklep\/wp-content\/uploads\/2025\/06\/19792_1.jpg\",\"width\":800,\"height\":800},{\"@type\":\"BreadcrumbList\",\"@id\":\"https:\/\/ironsky.pl\/sklep\/produkt\/adapter-bluetooth-ugreen-cm408-usb-bt-5-0-czarny\/#breadcrumb\",\"itemListElement\":[{\"@type\":\"ListItem\",\"position\":1,\"name\":\"Strona g\u0142\u00f3wna\",\"item\":\"https:\/\/ironsky.pl\/sklep\/\"},{\"@type\":\"ListItem\",\"position\":2,\"name\":\"Wszystkie produkty\",\"item\":\"https:\/\/ironsky.pl\/sklep\/produkty\/\"},{\"@type\":\"ListItem\",\"position\":3,\"name\":\"Adapter Bluetooth UGREEN CM408 USB BT 5.0 (czarny)\"}]},{\"@type\":\"WebSite\",\"@id\":\"https:\/\/ironsky.pl\/sklep\/#website\",\"url\":\"https:\/\/ironsky.pl\/sklep\/\",\"name\":\"IRONSKY.PL Sklep z Dronami\",\"description\":\"IRONSKY.PL Sklep z Dronami\",\"potentialAction\":[{\"@type\":\"SearchAction\",\"target\":{\"@type\":\"EntryPoint\",\"urlTemplate\":\"https:\/\/ironsky.pl\/sklep\/?s={search_term_string}\"},\"query-input\":{\"@type\":\"PropertyValueSpecification\",\"valueRequired\":true,\"valueName\":\"search_term_string\"}}],\"inLanguage\":\"pl-PL\"}]}<\/script>\n<!-- \/ Yoast SEO plugin. -->","yoast_head_json":{"title":"Adapter Bluetooth UGREEN CM408 USB BT 5.0 (czarny) - IRONSKY.PL Sklep z Dronami","description":"Adapter Bluetooth UGREEN CM408 USB BT 5.0 (czarny) - \u2705 sklep z dronami i fachowym doradztwem. \u2705 Tutaj kupisz produkty DJI, Yuneec, Parrot, Syma i wiele innych, a tak\u017ce kursy i licencje na operatora drona.","robots":{"index":"index","follow":"follow","max-snippet":"max-snippet:-1","max-image-preview":"max-image-preview:large","max-video-preview":"max-video-preview:-1"},"canonical":"https:\/\/ironsky.pl\/sklep\/produkt\/adapter-bluetooth-ugreen-cm408-usb-bt-5-0-czarny\/","og_locale":"pl_PL","og_type":"article","og_title":"Adapter Bluetooth UGREEN CM408 USB BT 5.0 (czarny) - IRONSKY.PL Sklep z Dronami","og_description":"Adapter Bluetooth UGREEN CM408 USB BT 5.0 (czarny) - \u2705 sklep z dronami i fachowym doradztwem. \u2705 Tutaj kupisz produkty DJI, Yuneec, Parrot, Syma i wiele innych, a tak\u017ce kursy i licencje na operatora drona.","og_url":"https:\/\/ironsky.pl\/sklep\/produkt\/adapter-bluetooth-ugreen-cm408-usb-bt-5-0-czarny\/","og_site_name":"IRONSKY.PL Sklep z Dronami","article_modified_time":"2026-04-15T08:44:30+00:00","og_image":[{"width":800,"height":800,"url":"https:\/\/ironsky.pl\/sklep\/wp-content\/uploads\/2025\/06\/19792_1.jpg","type":"image\/jpeg"}],"twitter_card":"summary_large_image","twitter_misc":{"Szacowany czas czytania":"1 minuta"},"schema":{"@context":"https:\/\/schema.org","@graph":[{"@type":"WebPage","@id":"https:\/\/ironsky.pl\/sklep\/produkt\/adapter-bluetooth-ugreen-cm408-usb-bt-5-0-czarny\/","url":"https:\/\/ironsky.pl\/sklep\/produkt\/adapter-bluetooth-ugreen-cm408-usb-bt-5-0-czarny\/","name":"Adapter Bluetooth UGREEN CM408 USB BT 5.0 (czarny) - IRONSKY.PL Sklep z Dronami","isPartOf":{"@id":"https:\/\/ironsky.pl\/sklep\/#website"},"primaryImageOfPage":{"@id":"https:\/\/ironsky.pl\/sklep\/produkt\/adapter-bluetooth-ugreen-cm408-usb-bt-5-0-czarny\/#primaryimage"},"image":{"@id":"https:\/\/ironsky.pl\/sklep\/produkt\/adapter-bluetooth-ugreen-cm408-usb-bt-5-0-czarny\/#primaryimage"},"thumbnailUrl":"https:\/\/ironsky.pl\/sklep\/wp-content\/uploads\/2025\/06\/19792_1.jpg","datePublished":"2026-04-15T08:05:57+00:00","dateModified":"2026-04-15T08:44:30+00:00","description":"Adapter Bluetooth UGREEN CM408 USB BT 5.0 (czarny) - \u2705 sklep z dronami i fachowym doradztwem. \u2705 Tutaj kupisz produkty DJI, Yuneec, Parrot, Syma i wiele innych, a tak\u017ce kursy i licencje na operatora drona.","breadcrumb":{"@id":"https:\/\/ironsky.pl\/sklep\/produkt\/adapter-bluetooth-ugreen-cm408-usb-bt-5-0-czarny\/#breadcrumb"},"inLanguage":"pl-PL","potentialAction":[{"@type":"ReadAction","target":["https:\/\/ironsky.pl\/sklep\/produkt\/adapter-bluetooth-ugreen-cm408-usb-bt-5-0-czarny\/"]}]},{"@type":"ImageObject","inLanguage":"pl-PL","@id":"https:\/\/ironsky.pl\/sklep\/produkt\/adapter-bluetooth-ugreen-cm408-usb-bt-5-0-czarny\/#primaryimage","url":"https:\/\/ironsky.pl\/sklep\/wp-content\/uploads\/2025\/06\/19792_1.jpg","contentUrl":"https:\/\/ironsky.pl\/sklep\/wp-content\/uploads\/2025\/06\/19792_1.jpg","width":800,"height":800},{"@type":"BreadcrumbList","@id":"https:\/\/ironsky.pl\/sklep\/produkt\/adapter-bluetooth-ugreen-cm408-usb-bt-5-0-czarny\/#breadcrumb","itemListElement":[{"@type":"ListItem","position":1,"name":"Strona g\u0142\u00f3wna","item":"https:\/\/ironsky.pl\/sklep\/"},{"@type":"ListItem","position":2,"name":"Wszystkie produkty","item":"https:\/\/ironsky.pl\/sklep\/produkty\/"},{"@type":"ListItem","position":3,"name":"Adapter Bluetooth UGREEN CM408 USB BT 5.0 (czarny)"}]},{"@type":"WebSite","@id":"https:\/\/ironsky.pl\/sklep\/#website","url":"https:\/\/ironsky.pl\/sklep\/","name":"IRONSKY.PL Sklep z Dronami","description":"IRONSKY.PL Sklep z Dronami","potentialAction":[{"@type":"SearchAction","target":{"@type":"EntryPoint","urlTemplate":"https:\/\/ironsky.pl\/sklep\/?s={search_term_string}"},"query-input":{"@type":"PropertyValueSpecification","valueRequired":true,"valueName":"search_term_string"}}],"inLanguage":"pl-PL"}]}},"_links":{"self":[{"href":"https:\/\/ironsky.pl\/sklep\/wp-json\/wp\/v2\/product\/55585","targetHints":{"allow":["GET"]}}],"collection":[{"href":"https:\/\/ironsky.pl\/sklep\/wp-json\/wp\/v2\/product"}],"about":[{"href":"https:\/\/ironsky.pl\/sklep\/wp-json\/wp\/v2\/types\/product"}],"replies":[{"embeddable":true,"href":"https:\/\/ironsky.pl\/sklep\/wp-json\/wp\/v2\/comments?post=55585"}],"wp:featuredmedia":[{"embeddable":true,"href":"https:\/\/ironsky.pl\/sklep\/wp-json\/wp\/v2\/media\/41288"}],"wp:attachment":[{"href":"https:\/\/ironsky.pl\/sklep\/wp-json\/wp\/v2\/media?parent=55585"}],"wp:term":[{"taxonomy":"product_brand","embeddable":true,"href":"https:\/\/ironsky.pl\/sklep\/wp-json\/wp\/v2\/product_brand?post=55585"},{"taxonomy":"product_cat","embeddable":true,"href":"https:\/\/ironsky.pl\/sklep\/wp-json\/wp\/v2\/product_cat?post=55585"},{"taxonomy":"product_tag","embeddable":true,"href":"https:\/\/ironsky.pl\/sklep\/wp-json\/wp\/v2\/product_tag?post=55585"}],"curies":[{"name":"wp","href":"https:\/\/api.w.org\/{rel}","templated":true}]}}