{"id":55568,"date":"2026-04-15T10:05:57","date_gmt":"2026-04-15T08:05:57","guid":{"rendered":"https:\/\/ironsky.pl\/sklep\/produkt\/podstawka-ugreen-lp230-11-17-regulowana-srebrna\/"},"modified":"2026-04-15T10:44:28","modified_gmt":"2026-04-15T08:44:28","slug":"podstawka-ugreen-lp230-11-17-regulowana-srebrna","status":"publish","type":"product","link":"https:\/\/ironsky.pl\/sklep\/produkt\/podstawka-ugreen-lp230-11-17-regulowana-srebrna\/","title":{"rendered":"Podstawka UGREEN LP230 11-17&#8243; regulowana (srebrna)"},"content":{"rendered":"<h3>Podstawka Pod Laptop UGREEN LP230<\/h3>\n<p>Lekka i przeno\u015bna podstawka UGREEN LP230 zosta\u0142a zaprojektowana w taki spos\u00f3b, aby umo\u017cliwia\u0107 skuteczne ch\u0142odzenie laptopa, zapobiegaj\u0105c w ten spos\u00f3b jego przegrzaniu. Regulacja wysoko\u015bci w zakresie 87-131 mm pozwala dostosowa\u0107 k\u0105t ogl\u0105dania od 19\u00b0 do 45\u00b0, aby sprosta\u0107 oczekiwaniom wielu os\u00f3b. Na tym przydatnym akcesorium stabilnie umie\u015bcisz laptopy o przek\u0105tnej 11-17\u2033.<\/p>\n<p><img decoding=\"async\" src=\"https:\/\/b2b.innpro.pl\/data\/include\/cms\/012UGREEN\/LP230\/750-1000.jpg\"><\/p>\n<h3>Niezr\u00f3wnana stabilno\u015b\u0107<\/h3>\n<p>Podstawka podnosi laptopa na dogodn\u0105 dla Ciebie wysoko\u015b\u0107, kt\u00f3r\u0105 mo\u017cesz dostosowa\u0107 do swoich potrzeb. Ponadto solidna, tr\u00f3jk\u0105tna konstrukcja zapewnia odpowiedni\u0105 stabilno\u015b\u0107 akcesorium. To nie wszystko! Antypo\u015blizgowe, silikonowe podk\u0142adki utrzymuj\u0105 laptopa na miejscu, zapobiegaj\u0105c jednocze\u015bnie jego zadrapaniu czy zarysowaniu.<\/p>\n<p><img decoding=\"async\" src=\"https:\/\/b2b.innpro.pl\/data\/include\/cms\/012UGREEN\/LP230\/02-1.jpg\"><\/p>\n<h3>Kompaktowy i przeno\u015bny<\/h3>\n<p>Podstawka wa\u017cy tylko 110 g, co sprawia, \u017ce jest lekka jak niejeden telefon kom\u00f3rkowy. Jej niewielkie wymiary sprawiaj\u0105, \u017ce zmie\u015bci si\u0119 niemal wsz\u0119dzie &#8211; bez problemu w\u0142o\u017cysz j\u0105 do walizki, torebki czy plecaka. Ta niezwyk\u0142a kompaktowo\u015b\u0107 i lekko\u015b\u0107 akcesorium umo\u017cliwia jego wygodny transport &#8211; zabierz je, gdzie chcesz i swobodnie korzystaj z jego funkcjonalno\u015bci!<\/p>\n<p><img decoding=\"async\" src=\"https:\/\/b2b.innpro.pl\/data\/include\/cms\/012UGREEN\/LP230\/02-5.jpg\"><\/p>\n<div class=\"table-wrapper\">\n<table class=\"table-specs\" style=\"margin-left: auto; margin-right: auto;\">\n<tbody>\n<tr>\n<th><span>Producent<\/span><\/th>\n<td><span>UGREEN<\/span><\/td>\n<\/tr>\n<tr>\n<th><span>Nazwa<\/span><\/th>\n<td><span>Desktop Laptop Stand<\/span><\/td>\n<\/tr>\n<tr>\n<th><span>Model<\/span><\/th>\n<td><span>LP230<\/span><\/td>\n<\/tr>\n<tr>\n<th><span>Kolor<\/span><\/th>\n<td><span>Srebrny<\/span><\/td>\n<\/tr>\n<tr>\n<th><span>Waga<\/span><\/th>\n<td><span>110 g<\/span><\/td>\n<\/tr>\n<tr>\n<th><span>Regulacja wysoko\u015bci<\/span><\/th>\n<td><span>ok. 87-131 mm<\/span><\/td>\n<\/tr>\n<tr>\n<th><span>Kompatybilno\u015b\u0107<\/span><\/th>\n<td><span>L<span>aptopy o przek\u0105tnej 11-17\u2033<\/span><\/span><\/td>\n<\/tr>\n<\/tbody>\n<\/table>\n<\/div>\n","protected":false},"excerpt":{"rendered":"<p>Podstawka Pod Laptop UGREEN LP230 Lekka i przeno\u015bna podstawka UGREEN LP230 zosta\u0142a zaprojektowana w taki spos\u00f3b, aby umo\u017cliwia\u0107 skuteczne ch\u0142odzenie<\/p>\n","protected":false},"featured_media":55569,"comment_status":"closed","ping_status":"open","template":"","meta":{"_acf_changed":false},"product_brand":[],"product_cat":[5929,6195],"product_tag":[],"class_list":{"0":"post-55568","1":"product","2":"type-product","3":"status-publish","4":"has-post-thumbnail","6":"product_cat-akcesoria-it","7":"product_cat-podstawki-pod-laptop","8":"pa_okres-gwarancji-5757","9":"pa_producent-ugreen","11":"first","12":"outofstock","13":"taxable","14":"shipping-taxable","15":"purchasable","16":"product-type-simple"},"acf":[],"yoast_head":"<!-- This site is optimized with the Yoast SEO plugin v27.2 - https:\/\/yoast.com\/product\/yoast-seo-wordpress\/ -->\n<title>Podstawka UGREEN LP230 11-17&quot; regulowana (srebrna) - IRONSKY.PL Sklep z Dronami<\/title>\n<meta name=\"description\" content=\"Podstawka UGREEN LP230 11-17&quot; regulowana (srebrna) - \u2705 sklep z dronami i fachowym doradztwem. \u2705 Tutaj kupisz produkty DJI, Yuneec, Parrot, Syma i wiele innych, a tak\u017ce kursy i licencje na operatora drona.\" \/>\n<meta name=\"robots\" content=\"index, follow, max-snippet:-1, max-image-preview:large, max-video-preview:-1\" \/>\n<link rel=\"canonical\" href=\"https:\/\/ironsky.pl\/sklep\/produkt\/podstawka-ugreen-lp230-11-17-regulowana-srebrna\/\" \/>\n<meta property=\"og:locale\" content=\"pl_PL\" \/>\n<meta property=\"og:type\" content=\"article\" \/>\n<meta property=\"og:title\" content=\"Podstawka UGREEN LP230 11-17&quot; regulowana (srebrna) - IRONSKY.PL Sklep z Dronami\" \/>\n<meta property=\"og:description\" content=\"Podstawka UGREEN LP230 11-17&quot; regulowana (srebrna) - \u2705 sklep z dronami i fachowym doradztwem. \u2705 Tutaj kupisz produkty DJI, Yuneec, Parrot, Syma i wiele innych, a tak\u017ce kursy i licencje na operatora drona.\" \/>\n<meta property=\"og:url\" content=\"https:\/\/ironsky.pl\/sklep\/produkt\/podstawka-ugreen-lp230-11-17-regulowana-srebrna\/\" \/>\n<meta property=\"og:site_name\" content=\"IRONSKY.PL Sklep z Dronami\" \/>\n<meta property=\"article:modified_time\" content=\"2026-04-15T08:44:28+00:00\" \/>\n<meta property=\"og:image\" content=\"https:\/\/ironsky.pl\/sklep\/wp-content\/uploads\/2026\/04\/19754_1.jpg\" \/>\n\t<meta property=\"og:image:width\" content=\"800\" \/>\n\t<meta property=\"og:image:height\" content=\"800\" \/>\n\t<meta property=\"og:image:type\" content=\"image\/jpeg\" \/>\n<meta name=\"twitter:card\" content=\"summary_large_image\" \/>\n<meta name=\"twitter:label1\" content=\"Szacowany czas czytania\" \/>\n\t<meta name=\"twitter:data1\" content=\"1 minuta\" \/>\n<script type=\"application\/ld+json\" class=\"yoast-schema-graph\">{\"@context\":\"https:\/\/schema.org\",\"@graph\":[{\"@type\":\"WebPage\",\"@id\":\"https:\/\/ironsky.pl\/sklep\/produkt\/podstawka-ugreen-lp230-11-17-regulowana-srebrna\/\",\"url\":\"https:\/\/ironsky.pl\/sklep\/produkt\/podstawka-ugreen-lp230-11-17-regulowana-srebrna\/\",\"name\":\"Podstawka UGREEN LP230 11-17\\\" regulowana (srebrna) - IRONSKY.PL Sklep z Dronami\",\"isPartOf\":{\"@id\":\"https:\/\/ironsky.pl\/sklep\/#website\"},\"primaryImageOfPage\":{\"@id\":\"https:\/\/ironsky.pl\/sklep\/produkt\/podstawka-ugreen-lp230-11-17-regulowana-srebrna\/#primaryimage\"},\"image\":{\"@id\":\"https:\/\/ironsky.pl\/sklep\/produkt\/podstawka-ugreen-lp230-11-17-regulowana-srebrna\/#primaryimage\"},\"thumbnailUrl\":\"https:\/\/ironsky.pl\/sklep\/wp-content\/uploads\/2026\/04\/19754_1.jpg\",\"datePublished\":\"2026-04-15T08:05:57+00:00\",\"dateModified\":\"2026-04-15T08:44:28+00:00\",\"description\":\"Podstawka UGREEN LP230 11-17\\\" regulowana (srebrna) - \u2705 sklep z dronami i fachowym doradztwem. \u2705 Tutaj kupisz produkty DJI, Yuneec, Parrot, Syma i wiele innych, a tak\u017ce kursy i licencje na operatora drona.\",\"breadcrumb\":{\"@id\":\"https:\/\/ironsky.pl\/sklep\/produkt\/podstawka-ugreen-lp230-11-17-regulowana-srebrna\/#breadcrumb\"},\"inLanguage\":\"pl-PL\",\"potentialAction\":[{\"@type\":\"ReadAction\",\"target\":[\"https:\/\/ironsky.pl\/sklep\/produkt\/podstawka-ugreen-lp230-11-17-regulowana-srebrna\/\"]}]},{\"@type\":\"ImageObject\",\"inLanguage\":\"pl-PL\",\"@id\":\"https:\/\/ironsky.pl\/sklep\/produkt\/podstawka-ugreen-lp230-11-17-regulowana-srebrna\/#primaryimage\",\"url\":\"https:\/\/ironsky.pl\/sklep\/wp-content\/uploads\/2026\/04\/19754_1.jpg\",\"contentUrl\":\"https:\/\/ironsky.pl\/sklep\/wp-content\/uploads\/2026\/04\/19754_1.jpg\",\"width\":800,\"height\":800},{\"@type\":\"BreadcrumbList\",\"@id\":\"https:\/\/ironsky.pl\/sklep\/produkt\/podstawka-ugreen-lp230-11-17-regulowana-srebrna\/#breadcrumb\",\"itemListElement\":[{\"@type\":\"ListItem\",\"position\":1,\"name\":\"Strona g\u0142\u00f3wna\",\"item\":\"https:\/\/ironsky.pl\/sklep\/\"},{\"@type\":\"ListItem\",\"position\":2,\"name\":\"Wszystkie produkty\",\"item\":\"https:\/\/ironsky.pl\/sklep\/produkty\/\"},{\"@type\":\"ListItem\",\"position\":3,\"name\":\"Podstawka UGREEN LP230 11-17&#8243; regulowana (srebrna)\"}]},{\"@type\":\"WebSite\",\"@id\":\"https:\/\/ironsky.pl\/sklep\/#website\",\"url\":\"https:\/\/ironsky.pl\/sklep\/\",\"name\":\"IRONSKY.PL Sklep z Dronami\",\"description\":\"IRONSKY.PL Sklep z Dronami\",\"potentialAction\":[{\"@type\":\"SearchAction\",\"target\":{\"@type\":\"EntryPoint\",\"urlTemplate\":\"https:\/\/ironsky.pl\/sklep\/?s={search_term_string}\"},\"query-input\":{\"@type\":\"PropertyValueSpecification\",\"valueRequired\":true,\"valueName\":\"search_term_string\"}}],\"inLanguage\":\"pl-PL\"}]}<\/script>\n<!-- \/ Yoast SEO plugin. -->","yoast_head_json":{"title":"Podstawka UGREEN LP230 11-17\" regulowana (srebrna) - IRONSKY.PL Sklep z Dronami","description":"Podstawka UGREEN LP230 11-17\" regulowana (srebrna) - \u2705 sklep z dronami i fachowym doradztwem. \u2705 Tutaj kupisz produkty DJI, Yuneec, Parrot, Syma i wiele innych, a tak\u017ce kursy i licencje na operatora drona.","robots":{"index":"index","follow":"follow","max-snippet":"max-snippet:-1","max-image-preview":"max-image-preview:large","max-video-preview":"max-video-preview:-1"},"canonical":"https:\/\/ironsky.pl\/sklep\/produkt\/podstawka-ugreen-lp230-11-17-regulowana-srebrna\/","og_locale":"pl_PL","og_type":"article","og_title":"Podstawka UGREEN LP230 11-17\" regulowana (srebrna) - IRONSKY.PL Sklep z Dronami","og_description":"Podstawka UGREEN LP230 11-17\" regulowana (srebrna) - \u2705 sklep z dronami i fachowym doradztwem. \u2705 Tutaj kupisz produkty DJI, Yuneec, Parrot, Syma i wiele innych, a tak\u017ce kursy i licencje na operatora drona.","og_url":"https:\/\/ironsky.pl\/sklep\/produkt\/podstawka-ugreen-lp230-11-17-regulowana-srebrna\/","og_site_name":"IRONSKY.PL Sklep z Dronami","article_modified_time":"2026-04-15T08:44:28+00:00","og_image":[{"width":800,"height":800,"url":"https:\/\/ironsky.pl\/sklep\/wp-content\/uploads\/2026\/04\/19754_1.jpg","type":"image\/jpeg"}],"twitter_card":"summary_large_image","twitter_misc":{"Szacowany czas czytania":"1 minuta"},"schema":{"@context":"https:\/\/schema.org","@graph":[{"@type":"WebPage","@id":"https:\/\/ironsky.pl\/sklep\/produkt\/podstawka-ugreen-lp230-11-17-regulowana-srebrna\/","url":"https:\/\/ironsky.pl\/sklep\/produkt\/podstawka-ugreen-lp230-11-17-regulowana-srebrna\/","name":"Podstawka UGREEN LP230 11-17\" regulowana (srebrna) - IRONSKY.PL Sklep z Dronami","isPartOf":{"@id":"https:\/\/ironsky.pl\/sklep\/#website"},"primaryImageOfPage":{"@id":"https:\/\/ironsky.pl\/sklep\/produkt\/podstawka-ugreen-lp230-11-17-regulowana-srebrna\/#primaryimage"},"image":{"@id":"https:\/\/ironsky.pl\/sklep\/produkt\/podstawka-ugreen-lp230-11-17-regulowana-srebrna\/#primaryimage"},"thumbnailUrl":"https:\/\/ironsky.pl\/sklep\/wp-content\/uploads\/2026\/04\/19754_1.jpg","datePublished":"2026-04-15T08:05:57+00:00","dateModified":"2026-04-15T08:44:28+00:00","description":"Podstawka UGREEN LP230 11-17\" regulowana (srebrna) - \u2705 sklep z dronami i fachowym doradztwem. \u2705 Tutaj kupisz produkty DJI, Yuneec, Parrot, Syma i wiele innych, a tak\u017ce kursy i licencje na operatora drona.","breadcrumb":{"@id":"https:\/\/ironsky.pl\/sklep\/produkt\/podstawka-ugreen-lp230-11-17-regulowana-srebrna\/#breadcrumb"},"inLanguage":"pl-PL","potentialAction":[{"@type":"ReadAction","target":["https:\/\/ironsky.pl\/sklep\/produkt\/podstawka-ugreen-lp230-11-17-regulowana-srebrna\/"]}]},{"@type":"ImageObject","inLanguage":"pl-PL","@id":"https:\/\/ironsky.pl\/sklep\/produkt\/podstawka-ugreen-lp230-11-17-regulowana-srebrna\/#primaryimage","url":"https:\/\/ironsky.pl\/sklep\/wp-content\/uploads\/2026\/04\/19754_1.jpg","contentUrl":"https:\/\/ironsky.pl\/sklep\/wp-content\/uploads\/2026\/04\/19754_1.jpg","width":800,"height":800},{"@type":"BreadcrumbList","@id":"https:\/\/ironsky.pl\/sklep\/produkt\/podstawka-ugreen-lp230-11-17-regulowana-srebrna\/#breadcrumb","itemListElement":[{"@type":"ListItem","position":1,"name":"Strona g\u0142\u00f3wna","item":"https:\/\/ironsky.pl\/sklep\/"},{"@type":"ListItem","position":2,"name":"Wszystkie produkty","item":"https:\/\/ironsky.pl\/sklep\/produkty\/"},{"@type":"ListItem","position":3,"name":"Podstawka UGREEN LP230 11-17&#8243; regulowana (srebrna)"}]},{"@type":"WebSite","@id":"https:\/\/ironsky.pl\/sklep\/#website","url":"https:\/\/ironsky.pl\/sklep\/","name":"IRONSKY.PL Sklep z Dronami","description":"IRONSKY.PL Sklep z Dronami","potentialAction":[{"@type":"SearchAction","target":{"@type":"EntryPoint","urlTemplate":"https:\/\/ironsky.pl\/sklep\/?s={search_term_string}"},"query-input":{"@type":"PropertyValueSpecification","valueRequired":true,"valueName":"search_term_string"}}],"inLanguage":"pl-PL"}]}},"_links":{"self":[{"href":"https:\/\/ironsky.pl\/sklep\/wp-json\/wp\/v2\/product\/55568","targetHints":{"allow":["GET"]}}],"collection":[{"href":"https:\/\/ironsky.pl\/sklep\/wp-json\/wp\/v2\/product"}],"about":[{"href":"https:\/\/ironsky.pl\/sklep\/wp-json\/wp\/v2\/types\/product"}],"replies":[{"embeddable":true,"href":"https:\/\/ironsky.pl\/sklep\/wp-json\/wp\/v2\/comments?post=55568"}],"wp:featuredmedia":[{"embeddable":true,"href":"https:\/\/ironsky.pl\/sklep\/wp-json\/wp\/v2\/media\/55569"}],"wp:attachment":[{"href":"https:\/\/ironsky.pl\/sklep\/wp-json\/wp\/v2\/media?parent=55568"}],"wp:term":[{"taxonomy":"product_brand","embeddable":true,"href":"https:\/\/ironsky.pl\/sklep\/wp-json\/wp\/v2\/product_brand?post=55568"},{"taxonomy":"product_cat","embeddable":true,"href":"https:\/\/ironsky.pl\/sklep\/wp-json\/wp\/v2\/product_cat?post=55568"},{"taxonomy":"product_tag","embeddable":true,"href":"https:\/\/ironsky.pl\/sklep\/wp-json\/wp\/v2\/product_tag?post=55568"}],"curies":[{"name":"wp","href":"https:\/\/api.w.org\/{rel}","templated":true}]}}