{"id":55566,"date":"2026-04-15T10:05:36","date_gmt":"2026-04-15T08:05:36","guid":{"rendered":"https:\/\/ironsky.pl\/sklep\/produkt\/czytnik-kart-ugreen-cm264-usb-3-0-tf-sd-czarny\/"},"modified":"2026-04-15T10:44:25","modified_gmt":"2026-04-15T08:44:25","slug":"czytnik-kart-ugreen-cm264-usb-3-0-tf-sd-czarny","status":"publish","type":"product","link":"https:\/\/ironsky.pl\/sklep\/produkt\/czytnik-kart-ugreen-cm264-usb-3-0-tf-sd-czarny\/","title":{"rendered":"Czytnik kart UGREEN CM264 USB 3.0 TF\/SD (czarny)"},"content":{"rendered":"<h3>Czytnik kart pami\u0119ci TF\/SD UGREEN CM264, USB 3.0 (czarny)<\/h3>\n<p>Czytnik kart SD i TF UGREEN CM264 zosta\u0142 zaprojektowany z my\u015bl\u0105 o jak najwy\u017cszej pr\u0119dko\u015bci transferu danych, funkcjonalno\u015bci oraz kompaktowej budowie. Umo\u017cliwia zar\u00f3wno odczytywanie, jak i zapisywanie plik\u00f3w, a dzi\u0119ki szerokiej kompatybilno\u015bci zapewnia wyj\u0105tkow\u0105 swobod\u0119 dzia\u0142ania. Obs\u0142uguje pojemno\u015b\u0107 do nawet 512 GB, pozwalaj\u0105c Ci wygodnie kopiowa\u0107 tysi\u0105ce zdj\u0119\u0107, film\u00f3w czy dokument\u00f3w.<\/p>\n<p>\n<img decoding=\"async\" src=\"https:\/\/assets.innpro.pl\/2012\/12351\/7.jpg\" border=\"0\" \/>\n<\/p>\n<h3>Kompaktowy rozmiar<\/h3>\n<p>Kompaktowe rozmiary i lekka waga sprawiaj\u0105, \u017ce mo\u017cesz zabra\u0107 ze sob\u0105 czytnik zawsze i wsz\u0119dzie. Aby jeszcze bardziej u\u0142atwi\u0107 Ci jego przenoszenie, wyposa\u017cono go w praktyczn\u0105 smycz. Umo\u017cliwia ona stosowanie urz\u0105dzenia r\u00f3wnie\u017c w roli praktycznego breloczka do kluczy. Mo\u017cesz te\u017c z jej pomoc\u0105 przymocowa\u0107 czytnik do torby lub plecaka, aby wygodnie i bezpiecznie mie\u0107 go zawsze pod r\u0119k\u0105.<\/p>\n<p>\n<img decoding=\"async\" src=\"https:\/\/assets.innpro.pl\/2012\/12351\/2.jpg\" border=\"0\" \/>\n<\/p>\n<h3>Bezpieczny i szybki<\/h3>\n<p>Dzi\u0119ki zastosowanym rozwi\u0105zaniom urz\u0105dzenie cechuje si\u0119 bezpieczn\u0105 wsp\u00f3\u0142prac\u0105 z ka\u017cdym sprz\u0119tem oraz niezwykle szybkim transferem danych. Korzystaj\u0105c z czytnika, mo\u017cesz przenosi\u0107 swoje pliki mi\u0119dzy kart\u0105 pami\u0119ci a komputerem czy laptopem z pr\u0119dko\u015bci\u0105 wynosz\u0105c\u0105 95 MB\/s. Zapomnij o nieko\u0144cz\u0105cym si\u0119 oczekiwaniu na skopiowanie dokument\u00f3w, obraz\u00f3w czy film\u00f3w &#8211; z UGREEN potrwa to tylko chwil\u0119.<\/p>\n<p>\n<img decoding=\"async\" src=\"https:\/\/assets.innpro.pl\/2012\/12351\/9.jpg\" border=\"0\" \/>\n<\/p>\n<h3>Szeroka kompatybilno\u015b\u0107<\/h3>\n<p>Czytnik obs\u0142uguje wiele r\u00f3\u017cnych rodzaj\u00f3w kart SD i TF. Jest te\u017c kompatybilny z r\u00f3\u017cnymi urz\u0105dzeniami. Bez problemu pod\u0142\u0105czysz go do komputera lub laptopa z systemem Windows, Linux czy MacOS. Wszystko to sprawia, \u017ce czytnik UGREEN CM264 sprawdzi si\u0119 w wielu zastosowaniach i zapewni Ci niemal nieograniczon\u0105 swobod\u0119.<\/p>\n<p>\n<img decoding=\"async\" src=\"https:\/\/assets.innpro.pl\/2012\/12351\/5.jpg\" border=\"0\" \/>\n<\/p>\n<div class=\"table-wrapper\">\n<p>\u00a0<\/p>\n<h3><\/h3>\n<table>\n<tbody>\n<tr>\n<th>Producent <\/th>\n<td>UGREEN<\/td>\n<\/tr>\n<tr>\n<th>Nazwa <\/th>\n<td>USB 3.0 Card Reader For TF\/SD<\/td>\n<\/tr>\n<tr>\n<th>Model<\/th>\n<td>CM264<\/td>\n<\/tr>\n<tr>\n<th>Kolor <\/th>\n<td>Czarny<\/td>\n<\/tr>\n<\/tbody>\n<\/table>\n<\/div>\n","protected":false},"excerpt":{"rendered":"<p>Czytnik kart pami\u0119ci TF\/SD UGREEN CM264, USB 3.0 (czarny) Czytnik kart SD i TF UGREEN CM264 zosta\u0142 zaprojektowany z my\u015bl\u0105<\/p>\n","protected":false},"featured_media":41278,"comment_status":"closed","ping_status":"open","template":"","meta":{"_acf_changed":false},"product_brand":[],"product_cat":[5929,5943],"product_tag":[],"class_list":{"0":"post-55566","1":"product","2":"type-product","3":"status-publish","4":"has-post-thumbnail","6":"product_cat-akcesoria-it","7":"product_cat-czytniki-kart","8":"pa_okres-gwarancji-5757","9":"pa_producent-ugreen","11":"first","12":"outofstock","13":"taxable","14":"shipping-taxable","15":"purchasable","16":"product-type-simple"},"acf":[],"yoast_head":"<!-- This site is optimized with the Yoast SEO plugin v27.2 - https:\/\/yoast.com\/product\/yoast-seo-wordpress\/ -->\n<title>Czytnik kart UGREEN CM264 USB 3.0 TF\/SD (czarny) - IRONSKY.PL Sklep z Dronami<\/title>\n<meta name=\"description\" content=\"Czytnik kart UGREEN CM264 USB 3.0 TF\/SD (czarny) - \u2705 sklep z dronami i fachowym doradztwem. \u2705 Tutaj kupisz produkty DJI, Yuneec, Parrot, Syma i wiele innych, a tak\u017ce kursy i licencje na operatora drona.\" \/>\n<meta name=\"robots\" content=\"index, follow, max-snippet:-1, max-image-preview:large, max-video-preview:-1\" \/>\n<link rel=\"canonical\" href=\"https:\/\/ironsky.pl\/sklep\/produkt\/czytnik-kart-ugreen-cm264-usb-3-0-tf-sd-czarny\/\" \/>\n<meta property=\"og:locale\" content=\"pl_PL\" \/>\n<meta property=\"og:type\" content=\"article\" \/>\n<meta property=\"og:title\" content=\"Czytnik kart UGREEN CM264 USB 3.0 TF\/SD (czarny) - IRONSKY.PL Sklep z Dronami\" \/>\n<meta property=\"og:description\" content=\"Czytnik kart UGREEN CM264 USB 3.0 TF\/SD (czarny) - \u2705 sklep z dronami i fachowym doradztwem. \u2705 Tutaj kupisz produkty DJI, Yuneec, Parrot, Syma i wiele innych, a tak\u017ce kursy i licencje na operatora drona.\" \/>\n<meta property=\"og:url\" content=\"https:\/\/ironsky.pl\/sklep\/produkt\/czytnik-kart-ugreen-cm264-usb-3-0-tf-sd-czarny\/\" \/>\n<meta property=\"og:site_name\" content=\"IRONSKY.PL Sklep z Dronami\" \/>\n<meta property=\"article:modified_time\" content=\"2026-04-15T08:44:25+00:00\" \/>\n<meta property=\"og:image\" content=\"https:\/\/ironsky.pl\/sklep\/wp-content\/uploads\/2025\/06\/19739_1.jpg\" \/>\n\t<meta property=\"og:image:width\" content=\"800\" \/>\n\t<meta property=\"og:image:height\" content=\"800\" \/>\n\t<meta property=\"og:image:type\" content=\"image\/jpeg\" \/>\n<meta name=\"twitter:card\" content=\"summary_large_image\" \/>\n<meta name=\"twitter:label1\" content=\"Szacowany czas czytania\" \/>\n\t<meta name=\"twitter:data1\" content=\"1 minuta\" \/>\n<script type=\"application\/ld+json\" class=\"yoast-schema-graph\">{\"@context\":\"https:\/\/schema.org\",\"@graph\":[{\"@type\":\"WebPage\",\"@id\":\"https:\/\/ironsky.pl\/sklep\/produkt\/czytnik-kart-ugreen-cm264-usb-3-0-tf-sd-czarny\/\",\"url\":\"https:\/\/ironsky.pl\/sklep\/produkt\/czytnik-kart-ugreen-cm264-usb-3-0-tf-sd-czarny\/\",\"name\":\"Czytnik kart UGREEN CM264 USB 3.0 TF\/SD (czarny) - IRONSKY.PL Sklep z Dronami\",\"isPartOf\":{\"@id\":\"https:\/\/ironsky.pl\/sklep\/#website\"},\"primaryImageOfPage\":{\"@id\":\"https:\/\/ironsky.pl\/sklep\/produkt\/czytnik-kart-ugreen-cm264-usb-3-0-tf-sd-czarny\/#primaryimage\"},\"image\":{\"@id\":\"https:\/\/ironsky.pl\/sklep\/produkt\/czytnik-kart-ugreen-cm264-usb-3-0-tf-sd-czarny\/#primaryimage\"},\"thumbnailUrl\":\"https:\/\/ironsky.pl\/sklep\/wp-content\/uploads\/2025\/06\/19739_1.jpg\",\"datePublished\":\"2026-04-15T08:05:36+00:00\",\"dateModified\":\"2026-04-15T08:44:25+00:00\",\"description\":\"Czytnik kart UGREEN CM264 USB 3.0 TF\/SD (czarny) - \u2705 sklep z dronami i fachowym doradztwem. \u2705 Tutaj kupisz produkty DJI, Yuneec, Parrot, Syma i wiele innych, a tak\u017ce kursy i licencje na operatora drona.\",\"breadcrumb\":{\"@id\":\"https:\/\/ironsky.pl\/sklep\/produkt\/czytnik-kart-ugreen-cm264-usb-3-0-tf-sd-czarny\/#breadcrumb\"},\"inLanguage\":\"pl-PL\",\"potentialAction\":[{\"@type\":\"ReadAction\",\"target\":[\"https:\/\/ironsky.pl\/sklep\/produkt\/czytnik-kart-ugreen-cm264-usb-3-0-tf-sd-czarny\/\"]}]},{\"@type\":\"ImageObject\",\"inLanguage\":\"pl-PL\",\"@id\":\"https:\/\/ironsky.pl\/sklep\/produkt\/czytnik-kart-ugreen-cm264-usb-3-0-tf-sd-czarny\/#primaryimage\",\"url\":\"https:\/\/ironsky.pl\/sklep\/wp-content\/uploads\/2025\/06\/19739_1.jpg\",\"contentUrl\":\"https:\/\/ironsky.pl\/sklep\/wp-content\/uploads\/2025\/06\/19739_1.jpg\",\"width\":800,\"height\":800},{\"@type\":\"BreadcrumbList\",\"@id\":\"https:\/\/ironsky.pl\/sklep\/produkt\/czytnik-kart-ugreen-cm264-usb-3-0-tf-sd-czarny\/#breadcrumb\",\"itemListElement\":[{\"@type\":\"ListItem\",\"position\":1,\"name\":\"Strona g\u0142\u00f3wna\",\"item\":\"https:\/\/ironsky.pl\/sklep\/\"},{\"@type\":\"ListItem\",\"position\":2,\"name\":\"Wszystkie produkty\",\"item\":\"https:\/\/ironsky.pl\/sklep\/produkty\/\"},{\"@type\":\"ListItem\",\"position\":3,\"name\":\"Czytnik kart UGREEN CM264 USB 3.0 TF\/SD (czarny)\"}]},{\"@type\":\"WebSite\",\"@id\":\"https:\/\/ironsky.pl\/sklep\/#website\",\"url\":\"https:\/\/ironsky.pl\/sklep\/\",\"name\":\"IRONSKY.PL Sklep z Dronami\",\"description\":\"IRONSKY.PL Sklep z Dronami\",\"potentialAction\":[{\"@type\":\"SearchAction\",\"target\":{\"@type\":\"EntryPoint\",\"urlTemplate\":\"https:\/\/ironsky.pl\/sklep\/?s={search_term_string}\"},\"query-input\":{\"@type\":\"PropertyValueSpecification\",\"valueRequired\":true,\"valueName\":\"search_term_string\"}}],\"inLanguage\":\"pl-PL\"}]}<\/script>\n<!-- \/ Yoast SEO plugin. -->","yoast_head_json":{"title":"Czytnik kart UGREEN CM264 USB 3.0 TF\/SD (czarny) - IRONSKY.PL Sklep z Dronami","description":"Czytnik kart UGREEN CM264 USB 3.0 TF\/SD (czarny) - \u2705 sklep z dronami i fachowym doradztwem. \u2705 Tutaj kupisz produkty DJI, Yuneec, Parrot, Syma i wiele innych, a tak\u017ce kursy i licencje na operatora drona.","robots":{"index":"index","follow":"follow","max-snippet":"max-snippet:-1","max-image-preview":"max-image-preview:large","max-video-preview":"max-video-preview:-1"},"canonical":"https:\/\/ironsky.pl\/sklep\/produkt\/czytnik-kart-ugreen-cm264-usb-3-0-tf-sd-czarny\/","og_locale":"pl_PL","og_type":"article","og_title":"Czytnik kart UGREEN CM264 USB 3.0 TF\/SD (czarny) - IRONSKY.PL Sklep z Dronami","og_description":"Czytnik kart UGREEN CM264 USB 3.0 TF\/SD (czarny) - \u2705 sklep z dronami i fachowym doradztwem. \u2705 Tutaj kupisz produkty DJI, Yuneec, Parrot, Syma i wiele innych, a tak\u017ce kursy i licencje na operatora drona.","og_url":"https:\/\/ironsky.pl\/sklep\/produkt\/czytnik-kart-ugreen-cm264-usb-3-0-tf-sd-czarny\/","og_site_name":"IRONSKY.PL Sklep z Dronami","article_modified_time":"2026-04-15T08:44:25+00:00","og_image":[{"width":800,"height":800,"url":"https:\/\/ironsky.pl\/sklep\/wp-content\/uploads\/2025\/06\/19739_1.jpg","type":"image\/jpeg"}],"twitter_card":"summary_large_image","twitter_misc":{"Szacowany czas czytania":"1 minuta"},"schema":{"@context":"https:\/\/schema.org","@graph":[{"@type":"WebPage","@id":"https:\/\/ironsky.pl\/sklep\/produkt\/czytnik-kart-ugreen-cm264-usb-3-0-tf-sd-czarny\/","url":"https:\/\/ironsky.pl\/sklep\/produkt\/czytnik-kart-ugreen-cm264-usb-3-0-tf-sd-czarny\/","name":"Czytnik kart UGREEN CM264 USB 3.0 TF\/SD (czarny) - IRONSKY.PL Sklep z Dronami","isPartOf":{"@id":"https:\/\/ironsky.pl\/sklep\/#website"},"primaryImageOfPage":{"@id":"https:\/\/ironsky.pl\/sklep\/produkt\/czytnik-kart-ugreen-cm264-usb-3-0-tf-sd-czarny\/#primaryimage"},"image":{"@id":"https:\/\/ironsky.pl\/sklep\/produkt\/czytnik-kart-ugreen-cm264-usb-3-0-tf-sd-czarny\/#primaryimage"},"thumbnailUrl":"https:\/\/ironsky.pl\/sklep\/wp-content\/uploads\/2025\/06\/19739_1.jpg","datePublished":"2026-04-15T08:05:36+00:00","dateModified":"2026-04-15T08:44:25+00:00","description":"Czytnik kart UGREEN CM264 USB 3.0 TF\/SD (czarny) - \u2705 sklep z dronami i fachowym doradztwem. \u2705 Tutaj kupisz produkty DJI, Yuneec, Parrot, Syma i wiele innych, a tak\u017ce kursy i licencje na operatora drona.","breadcrumb":{"@id":"https:\/\/ironsky.pl\/sklep\/produkt\/czytnik-kart-ugreen-cm264-usb-3-0-tf-sd-czarny\/#breadcrumb"},"inLanguage":"pl-PL","potentialAction":[{"@type":"ReadAction","target":["https:\/\/ironsky.pl\/sklep\/produkt\/czytnik-kart-ugreen-cm264-usb-3-0-tf-sd-czarny\/"]}]},{"@type":"ImageObject","inLanguage":"pl-PL","@id":"https:\/\/ironsky.pl\/sklep\/produkt\/czytnik-kart-ugreen-cm264-usb-3-0-tf-sd-czarny\/#primaryimage","url":"https:\/\/ironsky.pl\/sklep\/wp-content\/uploads\/2025\/06\/19739_1.jpg","contentUrl":"https:\/\/ironsky.pl\/sklep\/wp-content\/uploads\/2025\/06\/19739_1.jpg","width":800,"height":800},{"@type":"BreadcrumbList","@id":"https:\/\/ironsky.pl\/sklep\/produkt\/czytnik-kart-ugreen-cm264-usb-3-0-tf-sd-czarny\/#breadcrumb","itemListElement":[{"@type":"ListItem","position":1,"name":"Strona g\u0142\u00f3wna","item":"https:\/\/ironsky.pl\/sklep\/"},{"@type":"ListItem","position":2,"name":"Wszystkie produkty","item":"https:\/\/ironsky.pl\/sklep\/produkty\/"},{"@type":"ListItem","position":3,"name":"Czytnik kart UGREEN CM264 USB 3.0 TF\/SD (czarny)"}]},{"@type":"WebSite","@id":"https:\/\/ironsky.pl\/sklep\/#website","url":"https:\/\/ironsky.pl\/sklep\/","name":"IRONSKY.PL Sklep z Dronami","description":"IRONSKY.PL Sklep z Dronami","potentialAction":[{"@type":"SearchAction","target":{"@type":"EntryPoint","urlTemplate":"https:\/\/ironsky.pl\/sklep\/?s={search_term_string}"},"query-input":{"@type":"PropertyValueSpecification","valueRequired":true,"valueName":"search_term_string"}}],"inLanguage":"pl-PL"}]}},"_links":{"self":[{"href":"https:\/\/ironsky.pl\/sklep\/wp-json\/wp\/v2\/product\/55566","targetHints":{"allow":["GET"]}}],"collection":[{"href":"https:\/\/ironsky.pl\/sklep\/wp-json\/wp\/v2\/product"}],"about":[{"href":"https:\/\/ironsky.pl\/sklep\/wp-json\/wp\/v2\/types\/product"}],"replies":[{"embeddable":true,"href":"https:\/\/ironsky.pl\/sklep\/wp-json\/wp\/v2\/comments?post=55566"}],"wp:featuredmedia":[{"embeddable":true,"href":"https:\/\/ironsky.pl\/sklep\/wp-json\/wp\/v2\/media\/41278"}],"wp:attachment":[{"href":"https:\/\/ironsky.pl\/sklep\/wp-json\/wp\/v2\/media?parent=55566"}],"wp:term":[{"taxonomy":"product_brand","embeddable":true,"href":"https:\/\/ironsky.pl\/sklep\/wp-json\/wp\/v2\/product_brand?post=55566"},{"taxonomy":"product_cat","embeddable":true,"href":"https:\/\/ironsky.pl\/sklep\/wp-json\/wp\/v2\/product_cat?post=55566"},{"taxonomy":"product_tag","embeddable":true,"href":"https:\/\/ironsky.pl\/sklep\/wp-json\/wp\/v2\/product_tag?post=55566"}],"curies":[{"name":"wp","href":"https:\/\/api.w.org\/{rel}","templated":true}]}}