{"id":55562,"date":"2026-04-15T10:05:36","date_gmt":"2026-04-15T08:05:36","guid":{"rendered":"https:\/\/ironsky.pl\/sklep\/produkt\/latarka-superfire-c8-h-1200lm-usb-2\/"},"modified":"2026-04-15T10:44:23","modified_gmt":"2026-04-15T08:44:23","slug":"latarka-superfire-c8-h-1200lm-usb-2","status":"publish","type":"product","link":"https:\/\/ironsky.pl\/sklep\/produkt\/latarka-superfire-c8-h-1200lm-usb-2\/","title":{"rendered":"Latarka SUPERFIRE C8-H 1200lm USB"},"content":{"rendered":"<h3>Latarka Superfire C8-H 1200 lm, USB, 250m, 5 tryb\u00f3w<\/h3>\n<p>Latarka Superfire C8-H wyr\u00f3\u017cnia si\u0119 du\u017c\u0105 moc\u0105 15 W, jasno\u015bci\u0105 si\u0119gaj\u0105c\u0105 nawet 1200 lm i zasi\u0119giem do 250 m. Dzi\u0119ki temu doskonale sprawdzi si\u0119 w wielu scenariuszach. Oferuje 5 tryb\u00f3w pracy, a jej obs\u0142uga jest bajecznie prosta. Wygodnie na\u0142adujesz j\u0105 przez kabel USB (Universal Serial Bus, uniwersalne z\u0142\u0105cze do przesy\u0142ania danych i zasilania). Zalet\u0105 latarki jest te\u017c jej wodoodporno\u015b\u0107, kt\u00f3ra pozwala swobodnie jej u\u017cywa\u0107 niemal niezale\u017cnie od warunk\u00f3w.<\/p>\n<p>\n<img decoding=\"async\" src=\"https:\/\/assets.innpro.pl\/14050\/17539\/1.jpg\" border=\"0\" alt=\"czarna latarka pod\u0142\u0105czona kablem do srebrnego laptopa na ciemnym tle\" \/>\n<\/p>\n<h3>Idealne \u017ar\u00f3d\u0142o \u015bwiat\u0142a<\/h3>\n<p>Dzi\u0119ki wysokiej mocy i du\u017cej jasno\u015bci latarka idealnie nadaje si\u0119 do stosowania zar\u00f3wno w domu, jak i poza nim. Z powodzeniem wykorzystasz j\u0105 podczas nocnej w\u0119dr\u00f3wki, wyprawy na ryby, eksplorowania interesuj\u0105cych miejsc czy pracy w warsztacie. Ju\u017c nigdy nie zabraknie Ci \u015bwiat\u0142a &#8211; C8-H rozja\u015bni ka\u017cd\u0105 ciemno\u015b\u0107!<\/p>\n<p>\n<img decoding=\"async\" src=\"https:\/\/assets.innpro.pl\/14050\/17539\/8.jpg\" border=\"0\" alt=\"M\u0119\u017cczyzna z latark\u0105 na \u0142\u0105ce w nocy na tle ciemnych drzew\" \/>\n<\/p>\n<h3>\u015awieci w 5 trybach<\/h3>\n<p>Dostosuj urz\u0105dzenie do aktualnej sytuacji, wybieraj\u0105c spo\u015br\u00f3d dost\u0119pnych 5 tryb\u00f3w pracy. Latarka C8-H mo\u017ce generowa\u0107 mocne, \u015brednie lub s\u0142abe \u015bwiat\u0142o, a tak\u017ce dawa\u0107 efekt stroboskopu. Wykorzystasz j\u0105 r\u00f3wnie\u017c do nadawania sygna\u0142u SOS. Jak zatem wida\u0107, jest doskonale przystosowana do zmiennych potrzeb u\u017cytkownik\u00f3w.<\/p>\n<p>\n<img decoding=\"async\" src=\"https:\/\/assets.innpro.pl\/14050\/17539\/3.jpg\" border=\"0\" alt=\"Ciemny brukowany zau\u0142ek z m\u0119\u017cczyzn\u0105 \u015bwiec\u0105cym latark\u0105\" \/>\n<\/p>\n<h3>Zachwycaj\u0105ca prostota u\u017cytkowania<\/h3>\n<p>Latarka zosta\u0142a wyposa\u017cona w praktyczny przycisk umieszczony na spodzie. Naci\u015bnij go mocniej, aby w\u0142\u0105czy\u0107 lub wy\u0142\u0105czy\u0107 urz\u0105dzenie. Przyci\u015bnij l\u017cej, aby zmieni\u0107 tryb \u015bwiecenia. Korzystanie z niezwyk\u0142ej funkcjonalno\u015bci Superfire C8-H jest, jak si\u0119 okazuje, bajecznie proste!<\/p>\n<p>\n<img decoding=\"async\" src=\"https:\/\/assets.innpro.pl\/14050\/17539\/2.jpg\" border=\"0\" alt=\"czarna latarka z czerwonym przyciskiem na ciemnym tle\" \/>\n<\/p>\n<h3>Nie zaszkodzi jej deszcz<\/h3>\n<p>Urz\u0105dzenie jest wodoodporne, co pozwala stosowa\u0107 je w zr\u00f3\u017cnicowanych warunkach atmosferycznych. Deszcz czy przypadkowe zachlapanie nie stanowi\u0105 dla niego wi\u0119kszego zagro\u017cenia. Korzystaj ze swojej latarki bez najmniejszych nawet obaw &#8211; woda jej niestraszna!<\/p>\n<p>\n<img decoding=\"async\" src=\"https:\/\/assets.innpro.pl\/14050\/17539\/a.jpg\" border=\"0\" alt=\"czarna latarka w strugach deszczu\" \/>\n<\/p>\n<h3>Czas pracy, kt\u00f3ry stwarza wiele mo\u017cliwo\u015bci<\/h3>\n<p>\u0141adowany przez USB-C (Universal Serial Bus typu C, uniwersalne z\u0142\u0105cze do przesy\u0142ania danych i zasilania) akumulator oraz system oszcz\u0119dzania energii zapewniaj\u0105 czas pracy latarki do oko\u0142o 3,5 godziny. Mo\u017cesz wi\u0119c korzysta\u0107 z niej naprawd\u0119 d\u0142ugo. Z jej pomoc\u0105 spokojnie wr\u00f3cisz do domu po zmroku, naprawisz samoch\u00f3d noc\u0105 na poboczu drogi czy odnajdziesz zagubionego w ciemno\u015bci pupila.<\/p>\n<p>\n<img decoding=\"async\" src=\"https:\/\/assets.innpro.pl\/14050\/17539\/C8-H__04.jpg\" border=\"0\" alt=\"czarna latarka trzymana w d\u0142oni i zbli\u017cenie na ko\u0144c\u00f3wk\u0119 latarki z czerwonym przyciskiem\" \/>\n<\/p>\n<h3>Najwa\u017cniejsze s\u0105 Tw\u00f3j komfort i bezpiecze\u0144stwo<\/h3>\n<p>Wa\u017c\u0105ca zaledwie 184 g latarka jest wyj\u0105tkowo kompaktowa i por\u0119czna. Superfire gwarantuje te\u017c bezpiecze\u0144stwo u\u017cytkowania \u2013 urz\u0105dzenie jest chronione mi\u0119dzy innymi przed prze\u0142adowaniem, nadmiernym roz\u0142adowaniem i odwrotnym pod\u0142\u0105czeniem. Do zestawu do\u0142\u0105czono tak\u017ce praktyczn\u0105 smycz, za pomoc\u0105 kt\u00f3rej wygodnie powiesisz latark\u0119 na nadgarstku i zabezpieczysz j\u0105 przed zgubieniem.<\/p>\n<p>\n<img decoding=\"async\" src=\"https:\/\/assets.innpro.pl\/14050\/17539\/2_1.jpg\" border=\"0\" alt=\"czarna latarka na jasnym tle\" \/>\n<\/p>\n<div class=\"table-wrapper\">\n<p>\u00a0<\/p>\n<h3><\/h3>\n<table>\n<tbody>\n<tr>\n<th>Producent <\/th>\n<td>Superfire<\/td>\n<\/tr>\n<tr>\n<th>Model <\/th>\n<td>C8-H<\/td>\n<\/tr>\n<tr>\n<th>\u0179r\u00f3d\u0142o \u015bwiat\u0142a <\/th>\n<td>LED<\/td>\n<\/tr>\n<tr>\n<th>Moc znamionowa <\/th>\n<td>15W<\/td>\n<\/tr>\n<tr>\n<th>Czas pracy <\/th>\n<td>Do 3,5 h<\/td>\n<\/tr>\n<tr>\n<th>Port \u0142adowania<\/th>\n<td>USB-C<\/td>\n<\/tr>\n<tr>\n<th>Jasno\u015b\u0107 <\/th>\n<td>Do 1200 lm<\/td>\n<\/tr>\n<tr>\n<th>Zasi\u0119g<\/th>\n<td>Do 250 m<\/td>\n<\/tr>\n<tr>\n<th>Odporno\u015b\u0107 na upadek <\/th>\n<td>Do 1 m<\/td>\n<\/tr>\n<tr>\n<th>Wymiary <\/th>\n<td>167x45x30 mm<\/td>\n<\/tr>\n<tr>\n<th>Waga <\/th>\n<td>184 g<\/td>\n<\/tr>\n<\/tbody>\n<\/table>\n<\/div>\n","protected":false},"excerpt":{"rendered":"<p>Latarka Superfire C8-H 1200 lm, USB, 250m, 5 tryb\u00f3w Latarka Superfire C8-H wyr\u00f3\u017cnia si\u0119 du\u017c\u0105 moc\u0105 15 W, jasno\u015bci\u0105 si\u0119gaj\u0105c\u0105<\/p>\n","protected":false},"featured_media":55563,"comment_status":"closed","ping_status":"open","template":"","meta":{"_acf_changed":false},"product_brand":[],"product_cat":[5938,5937,5939],"product_tag":[],"class_list":{"0":"post-55562","1":"product","2":"type-product","3":"status-publish","4":"has-post-thumbnail","6":"product_cat-latarki","7":"product_cat-outdoor","8":"product_cat-pozostale-latarki","9":"pa_okres-gwarancji-5754","10":"pa_producent-superfire","12":"first","13":"outofstock","14":"taxable","15":"shipping-taxable","16":"purchasable","17":"product-type-simple"},"acf":[],"yoast_head":"<!-- This site is optimized with the Yoast SEO plugin v27.2 - https:\/\/yoast.com\/product\/yoast-seo-wordpress\/ -->\n<title>Latarka SUPERFIRE C8-H 1200lm USB - IRONSKY.PL Sklep z Dronami<\/title>\n<meta name=\"description\" content=\"Latarka SUPERFIRE C8-H 1200lm USB - \u2705 sklep z dronami i fachowym doradztwem. \u2705 Tutaj kupisz produkty DJI, Yuneec, Parrot, Syma i wiele innych, a tak\u017ce kursy i licencje na operatora drona.\" \/>\n<meta name=\"robots\" content=\"index, follow, max-snippet:-1, max-image-preview:large, max-video-preview:-1\" \/>\n<link rel=\"canonical\" href=\"https:\/\/ironsky.pl\/sklep\/produkt\/latarka-superfire-c8-h-1200lm-usb-2\/\" \/>\n<meta property=\"og:locale\" content=\"pl_PL\" \/>\n<meta property=\"og:type\" content=\"article\" \/>\n<meta property=\"og:title\" content=\"Latarka SUPERFIRE C8-H 1200lm USB - IRONSKY.PL Sklep z Dronami\" \/>\n<meta property=\"og:description\" content=\"Latarka SUPERFIRE C8-H 1200lm USB - \u2705 sklep z dronami i fachowym doradztwem. \u2705 Tutaj kupisz produkty DJI, Yuneec, Parrot, Syma i wiele innych, a tak\u017ce kursy i licencje na operatora drona.\" \/>\n<meta property=\"og:url\" content=\"https:\/\/ironsky.pl\/sklep\/produkt\/latarka-superfire-c8-h-1200lm-usb-2\/\" \/>\n<meta property=\"og:site_name\" content=\"IRONSKY.PL Sklep z Dronami\" \/>\n<meta property=\"article:modified_time\" content=\"2026-04-15T08:44:23+00:00\" \/>\n<meta property=\"og:image\" content=\"https:\/\/ironsky.pl\/sklep\/wp-content\/uploads\/2026\/04\/19693_2.jpg\" \/>\n\t<meta property=\"og:image:width\" content=\"800\" \/>\n\t<meta property=\"og:image:height\" content=\"800\" \/>\n\t<meta property=\"og:image:type\" content=\"image\/jpeg\" \/>\n<meta name=\"twitter:card\" content=\"summary_large_image\" \/>\n<meta name=\"twitter:label1\" content=\"Szacowany czas czytania\" \/>\n\t<meta name=\"twitter:data1\" content=\"2 minuty\" \/>\n<script type=\"application\/ld+json\" class=\"yoast-schema-graph\">{\"@context\":\"https:\/\/schema.org\",\"@graph\":[{\"@type\":\"WebPage\",\"@id\":\"https:\/\/ironsky.pl\/sklep\/produkt\/latarka-superfire-c8-h-1200lm-usb-2\/\",\"url\":\"https:\/\/ironsky.pl\/sklep\/produkt\/latarka-superfire-c8-h-1200lm-usb-2\/\",\"name\":\"Latarka SUPERFIRE C8-H 1200lm USB - IRONSKY.PL Sklep z Dronami\",\"isPartOf\":{\"@id\":\"https:\/\/ironsky.pl\/sklep\/#website\"},\"primaryImageOfPage\":{\"@id\":\"https:\/\/ironsky.pl\/sklep\/produkt\/latarka-superfire-c8-h-1200lm-usb-2\/#primaryimage\"},\"image\":{\"@id\":\"https:\/\/ironsky.pl\/sklep\/produkt\/latarka-superfire-c8-h-1200lm-usb-2\/#primaryimage\"},\"thumbnailUrl\":\"https:\/\/ironsky.pl\/sklep\/wp-content\/uploads\/2026\/04\/19693_2.jpg\",\"datePublished\":\"2026-04-15T08:05:36+00:00\",\"dateModified\":\"2026-04-15T08:44:23+00:00\",\"description\":\"Latarka SUPERFIRE C8-H 1200lm USB - \u2705 sklep z dronami i fachowym doradztwem. \u2705 Tutaj kupisz produkty DJI, Yuneec, Parrot, Syma i wiele innych, a tak\u017ce kursy i licencje na operatora drona.\",\"breadcrumb\":{\"@id\":\"https:\/\/ironsky.pl\/sklep\/produkt\/latarka-superfire-c8-h-1200lm-usb-2\/#breadcrumb\"},\"inLanguage\":\"pl-PL\",\"potentialAction\":[{\"@type\":\"ReadAction\",\"target\":[\"https:\/\/ironsky.pl\/sklep\/produkt\/latarka-superfire-c8-h-1200lm-usb-2\/\"]}]},{\"@type\":\"ImageObject\",\"inLanguage\":\"pl-PL\",\"@id\":\"https:\/\/ironsky.pl\/sklep\/produkt\/latarka-superfire-c8-h-1200lm-usb-2\/#primaryimage\",\"url\":\"https:\/\/ironsky.pl\/sklep\/wp-content\/uploads\/2026\/04\/19693_2.jpg\",\"contentUrl\":\"https:\/\/ironsky.pl\/sklep\/wp-content\/uploads\/2026\/04\/19693_2.jpg\",\"width\":800,\"height\":800},{\"@type\":\"BreadcrumbList\",\"@id\":\"https:\/\/ironsky.pl\/sklep\/produkt\/latarka-superfire-c8-h-1200lm-usb-2\/#breadcrumb\",\"itemListElement\":[{\"@type\":\"ListItem\",\"position\":1,\"name\":\"Strona g\u0142\u00f3wna\",\"item\":\"https:\/\/ironsky.pl\/sklep\/\"},{\"@type\":\"ListItem\",\"position\":2,\"name\":\"Wszystkie produkty\",\"item\":\"https:\/\/ironsky.pl\/sklep\/produkty\/\"},{\"@type\":\"ListItem\",\"position\":3,\"name\":\"Latarka SUPERFIRE C8-H 1200lm USB\"}]},{\"@type\":\"WebSite\",\"@id\":\"https:\/\/ironsky.pl\/sklep\/#website\",\"url\":\"https:\/\/ironsky.pl\/sklep\/\",\"name\":\"IRONSKY.PL Sklep z Dronami\",\"description\":\"IRONSKY.PL Sklep z Dronami\",\"potentialAction\":[{\"@type\":\"SearchAction\",\"target\":{\"@type\":\"EntryPoint\",\"urlTemplate\":\"https:\/\/ironsky.pl\/sklep\/?s={search_term_string}\"},\"query-input\":{\"@type\":\"PropertyValueSpecification\",\"valueRequired\":true,\"valueName\":\"search_term_string\"}}],\"inLanguage\":\"pl-PL\"}]}<\/script>\n<!-- \/ Yoast SEO plugin. -->","yoast_head_json":{"title":"Latarka SUPERFIRE C8-H 1200lm USB - IRONSKY.PL Sklep z Dronami","description":"Latarka SUPERFIRE C8-H 1200lm USB - \u2705 sklep z dronami i fachowym doradztwem. \u2705 Tutaj kupisz produkty DJI, Yuneec, Parrot, Syma i wiele innych, a tak\u017ce kursy i licencje na operatora drona.","robots":{"index":"index","follow":"follow","max-snippet":"max-snippet:-1","max-image-preview":"max-image-preview:large","max-video-preview":"max-video-preview:-1"},"canonical":"https:\/\/ironsky.pl\/sklep\/produkt\/latarka-superfire-c8-h-1200lm-usb-2\/","og_locale":"pl_PL","og_type":"article","og_title":"Latarka SUPERFIRE C8-H 1200lm USB - IRONSKY.PL Sklep z Dronami","og_description":"Latarka SUPERFIRE C8-H 1200lm USB - \u2705 sklep z dronami i fachowym doradztwem. \u2705 Tutaj kupisz produkty DJI, Yuneec, Parrot, Syma i wiele innych, a tak\u017ce kursy i licencje na operatora drona.","og_url":"https:\/\/ironsky.pl\/sklep\/produkt\/latarka-superfire-c8-h-1200lm-usb-2\/","og_site_name":"IRONSKY.PL Sklep z Dronami","article_modified_time":"2026-04-15T08:44:23+00:00","og_image":[{"width":800,"height":800,"url":"https:\/\/ironsky.pl\/sklep\/wp-content\/uploads\/2026\/04\/19693_2.jpg","type":"image\/jpeg"}],"twitter_card":"summary_large_image","twitter_misc":{"Szacowany czas czytania":"2 minuty"},"schema":{"@context":"https:\/\/schema.org","@graph":[{"@type":"WebPage","@id":"https:\/\/ironsky.pl\/sklep\/produkt\/latarka-superfire-c8-h-1200lm-usb-2\/","url":"https:\/\/ironsky.pl\/sklep\/produkt\/latarka-superfire-c8-h-1200lm-usb-2\/","name":"Latarka SUPERFIRE C8-H 1200lm USB - IRONSKY.PL Sklep z Dronami","isPartOf":{"@id":"https:\/\/ironsky.pl\/sklep\/#website"},"primaryImageOfPage":{"@id":"https:\/\/ironsky.pl\/sklep\/produkt\/latarka-superfire-c8-h-1200lm-usb-2\/#primaryimage"},"image":{"@id":"https:\/\/ironsky.pl\/sklep\/produkt\/latarka-superfire-c8-h-1200lm-usb-2\/#primaryimage"},"thumbnailUrl":"https:\/\/ironsky.pl\/sklep\/wp-content\/uploads\/2026\/04\/19693_2.jpg","datePublished":"2026-04-15T08:05:36+00:00","dateModified":"2026-04-15T08:44:23+00:00","description":"Latarka SUPERFIRE C8-H 1200lm USB - \u2705 sklep z dronami i fachowym doradztwem. \u2705 Tutaj kupisz produkty DJI, Yuneec, Parrot, Syma i wiele innych, a tak\u017ce kursy i licencje na operatora drona.","breadcrumb":{"@id":"https:\/\/ironsky.pl\/sklep\/produkt\/latarka-superfire-c8-h-1200lm-usb-2\/#breadcrumb"},"inLanguage":"pl-PL","potentialAction":[{"@type":"ReadAction","target":["https:\/\/ironsky.pl\/sklep\/produkt\/latarka-superfire-c8-h-1200lm-usb-2\/"]}]},{"@type":"ImageObject","inLanguage":"pl-PL","@id":"https:\/\/ironsky.pl\/sklep\/produkt\/latarka-superfire-c8-h-1200lm-usb-2\/#primaryimage","url":"https:\/\/ironsky.pl\/sklep\/wp-content\/uploads\/2026\/04\/19693_2.jpg","contentUrl":"https:\/\/ironsky.pl\/sklep\/wp-content\/uploads\/2026\/04\/19693_2.jpg","width":800,"height":800},{"@type":"BreadcrumbList","@id":"https:\/\/ironsky.pl\/sklep\/produkt\/latarka-superfire-c8-h-1200lm-usb-2\/#breadcrumb","itemListElement":[{"@type":"ListItem","position":1,"name":"Strona g\u0142\u00f3wna","item":"https:\/\/ironsky.pl\/sklep\/"},{"@type":"ListItem","position":2,"name":"Wszystkie produkty","item":"https:\/\/ironsky.pl\/sklep\/produkty\/"},{"@type":"ListItem","position":3,"name":"Latarka SUPERFIRE C8-H 1200lm USB"}]},{"@type":"WebSite","@id":"https:\/\/ironsky.pl\/sklep\/#website","url":"https:\/\/ironsky.pl\/sklep\/","name":"IRONSKY.PL Sklep z Dronami","description":"IRONSKY.PL Sklep z Dronami","potentialAction":[{"@type":"SearchAction","target":{"@type":"EntryPoint","urlTemplate":"https:\/\/ironsky.pl\/sklep\/?s={search_term_string}"},"query-input":{"@type":"PropertyValueSpecification","valueRequired":true,"valueName":"search_term_string"}}],"inLanguage":"pl-PL"}]}},"_links":{"self":[{"href":"https:\/\/ironsky.pl\/sklep\/wp-json\/wp\/v2\/product\/55562","targetHints":{"allow":["GET"]}}],"collection":[{"href":"https:\/\/ironsky.pl\/sklep\/wp-json\/wp\/v2\/product"}],"about":[{"href":"https:\/\/ironsky.pl\/sklep\/wp-json\/wp\/v2\/types\/product"}],"replies":[{"embeddable":true,"href":"https:\/\/ironsky.pl\/sklep\/wp-json\/wp\/v2\/comments?post=55562"}],"wp:featuredmedia":[{"embeddable":true,"href":"https:\/\/ironsky.pl\/sklep\/wp-json\/wp\/v2\/media\/55563"}],"wp:attachment":[{"href":"https:\/\/ironsky.pl\/sklep\/wp-json\/wp\/v2\/media?parent=55562"}],"wp:term":[{"taxonomy":"product_brand","embeddable":true,"href":"https:\/\/ironsky.pl\/sklep\/wp-json\/wp\/v2\/product_brand?post=55562"},{"taxonomy":"product_cat","embeddable":true,"href":"https:\/\/ironsky.pl\/sklep\/wp-json\/wp\/v2\/product_cat?post=55562"},{"taxonomy":"product_tag","embeddable":true,"href":"https:\/\/ironsky.pl\/sklep\/wp-json\/wp\/v2\/product_tag?post=55562"}],"curies":[{"name":"wp","href":"https:\/\/api.w.org\/{rel}","templated":true}]}}