{"id":55561,"date":"2026-04-15T10:05:36","date_gmt":"2026-04-15T08:05:36","guid":{"rendered":"https:\/\/ironsky.pl\/sklep\/produkt\/latarka-superfire-f5-1100lm-usb-2\/"},"modified":"2026-04-15T10:44:23","modified_gmt":"2026-04-15T08:44:23","slug":"latarka-superfire-f5-1100lm-usb-2","status":"publish","type":"product","link":"https:\/\/ironsky.pl\/sklep\/produkt\/latarka-superfire-f5-1100lm-usb-2\/","title":{"rendered":"Latarka SUPERFIRE F5 1100lm USB"},"content":{"rendered":"<h3>Latarka Superfire F5<\/h3>\n<p>Por\u0119czna latarka Superfire F5 zachwyca ogromem mo\u017cliwo\u015bci. Dzi\u0119ki zmiennej ogniskowej sprawdzi si\u0119 niemal w ka\u017cdej sytuacji &#8211; mo\u017ce emitowa\u0107 \u015bwiat\u0142o zar\u00f3wno skupione, jak i rozproszone. \u015awieci z moc\u0105 nawet 10 W, a jej zasi\u0119g dochodzi a\u017c 236 m. To proste w obs\u0142udze i oferuj\u0105ce 5 tryb\u00f3w pracy urz\u0105dzenie jest te\u017c niezwykle lekkie &#8211; wa\u017cy tylko 100 g. Korzystanie z jego niesamowitej funkcjonalno\u015bci okazuje si\u0119 zatem wyj\u0105tkowo komfortowe.<\/p>\n<p><img decoding=\"async\" src=\"https:\/\/b2b.innpro.pl\/data\/include\/cms\/01Superfire\/F5\/1.jpg\"><\/p>\n<h3>\u015awieci wyj\u0105tkowo jasno<\/h3>\n<p>Superfire F5 mo\u017ce generowa\u0107 \u015bwiat\u0142o o jasno\u015bci nawet 1100 lm. Dzi\u0119ki wysokiej mocy oraz du\u017cemu zasi\u0119gowi niemal zawsze zapewni Ci optymalne o\u015bwietlenie. Urz\u0105dzenie zosta\u0142o te\u017c wyposa\u017cone w ultraczyste optyczne szk\u0142o. Wszystko to sk\u0142ada si\u0119 na jego doskona\u0142\u0105 wydajno\u015b\u0107 i sprawia, \u017ce mo\u017cesz cieszy\u0107 si\u0119 jasnym \u015bwiat\u0142em niezale\u017cnie od warunk\u00f3w.<\/p>\n<p><img decoding=\"async\" src=\"https:\/\/b2b.innpro.pl\/data\/include\/cms\/01Superfire\/F5\/2.jpg\"><\/p>\n<h3>Odkryj zalety zmiennej ogniskowej<\/h3>\n<p>Zmienna ogniskowa urz\u0105dzenia pozwala dopasowa\u0107 jego dzia\u0142anie do Twoich potrzeb w okre\u015blonych sytuacjach. Mo\u017cesz dzi\u0119ki niej uzyska\u0107 \u015bwiat\u0142o rozproszone, kt\u00f3re \u015bwietnie sprawdza si\u0119 w ma\u0142ym zasi\u0119gu, lub te\u017c skupione &#8211; idealne na dalszych dystansach. Jej regulacja jest niezwykle intuicyjna &#8211; korzystanie ze zr\u00f3\u017cnicowanych mo\u017cliwo\u015bci latarki jeszcze nigdy nie by\u0142o tak proste!<\/p>\n<p><img decoding=\"async\" src=\"https:\/\/b2b.innpro.pl\/data\/include\/cms\/01Superfire\/F5\/3.jpg\"><\/p>\n<h3>Wybierz tryb \u015bwiecenia odpowiedni dla siebie<\/h3>\n<p>Urz\u0105dzenie mo\u017ce pracowa\u0107 w 5 trybach. Generuje \u015bwiat\u0142o o wysokim, \u015brednim lub niskim nat\u0119\u017ceniu. Masz te\u017c mo\u017cliwo\u015b\u0107 wyboru trybu SOS lub b\u0142ysk. Superfire F5 idealnie sprawdzi si\u0119 zatem w wielu sytuacjach &#8211; r\u00f3wnie\u017c wtedy, gdy potrzebujesz pomocy! Korzystaj\u0105c z niej, nie tylko zapewnisz sobie idealnie dopasowane do warunk\u00f3w o\u015bwietlenie, ale te\u017c nadasz sygna\u0142 alarmowy lub chwilowo o\u015blepisz ewentualnego napastnika. To wszechstronne narz\u0119dzie z pewno\u015bci\u0105 Ci si\u0119 przyda!<\/p>\n<p><img decoding=\"async\" src=\"https:\/\/b2b.innpro.pl\/data\/include\/cms\/01Superfire\/F5\/4.jpg\"><\/p>\n<h3>Woda jej niestraszna<\/h3>\n<p>Dodatkow\u0105 zalet\u0119 latarki stanowi jej wodoodporno\u015b\u0107. Superfire F5 nie zaszkodzi deszcz, wilgo\u0107, przypadkowe zachlapanie, a nawet kr\u00f3tkotrwa\u0142e zanurzenie w wodzie. Mo\u017cesz wi\u0119c bez obaw stosowa\u0107 j\u0105 w\u0142a\u015bciwie zawsze i wsz\u0119dzie. Ta wyj\u0105tkowa latarka z pewno\u015bci\u0105 Ci\u0119 nie zawiedzie. Nie musisz si\u0119 martwi\u0107, \u017ce kontakt z wod\u0105 oka\u017ce si\u0119 dla niej szkodliwy!<\/p>\n<p><img decoding=\"async\" src=\"https:\/\/b2b.innpro.pl\/data\/include\/cms\/01Superfire\/F5\/5.jpg\"><\/p>\n<h3>Komfortowo wykorzystasz j\u0105 w wielu sytuacjach<\/h3>\n<p>Latarka jest niezwykle lekka i por\u0119czna. Doskonale le\u017cy w d\u0142oni i si\u0119 z niej nie wy\u015blizguje. Obs\u0142uga urz\u0105dzenia r\u00f3wnie\u017c jest bajecznie prosta &#8211; aby je w\u0142\u0105czy\u0107, wy\u0142\u0105czy\u0107 lub zmieni\u0107 tryb pracy, wystarczy nacisn\u0105\u0107 umieszczony na spodzie wygodny przycisk. Tak du\u017cy komfort i \u0142atwo\u015b\u0107 u\u017cytkowania sprawiaj\u0105, \u017ce z powodzeniem wykorzystasz F5 w wielu sytuacjach &#8211; na campingu, podczas nocnej w\u0119dr\u00f3wki, w pracy, na rybach, a tak\u017ce w wielu codziennych zastosowaniach.<\/p>\n<p><img decoding=\"async\" src=\"https:\/\/b2b.innpro.pl\/data\/include\/cms\/01Superfire\/F5\/6.jpg\"><\/p>\n<div class=\"table-wrapper\">\n<table>\n<tbody>\n<tr>\n<th>Producent <\/th>\n<td>Superfire<\/td>\n<\/tr>\n<tr>\n<th>Model <\/th>\n<td>F5<\/td>\n<\/tr>\n<tr>\n<th>Jasno\u015b\u0107 <\/th>\n<td>do 1100 lm<\/td>\n<\/tr>\n<tr>\n<th>Zasi\u0119g <\/th>\n<td>do 236 m<\/td>\n<\/tr>\n<tr>\n<th>Odporno\u015b\u0107 na upadek <\/th>\n<td>do 1 m<\/td>\n<\/tr>\n<tr>\n<th>Waga <\/th>\n<td>100 g<\/td>\n<\/tr>\n<tr>\n<th>Wymiary <\/th>\n<td>130x32x25 mm<\/td>\n<\/tr>\n<\/tbody>\n<\/table>\n<\/div>\n","protected":false},"excerpt":{"rendered":"<p>Latarka Superfire F5 Por\u0119czna latarka Superfire F5 zachwyca ogromem mo\u017cliwo\u015bci. Dzi\u0119ki zmiennej ogniskowej sprawdzi si\u0119 niemal w ka\u017cdej sytuacji &#8211;<\/p>\n","protected":false},"featured_media":41259,"comment_status":"closed","ping_status":"open","template":"","meta":{"_acf_changed":false},"product_brand":[],"product_cat":[5938,5937,5939],"product_tag":[],"class_list":{"0":"post-55561","1":"product","2":"type-product","3":"status-publish","4":"has-post-thumbnail","6":"product_cat-latarki","7":"product_cat-outdoor","8":"product_cat-pozostale-latarki","9":"pa_okres-gwarancji-5754","10":"pa_producent-superfire","12":"first","13":"outofstock","14":"taxable","15":"shipping-taxable","16":"purchasable","17":"product-type-simple"},"acf":[],"yoast_head":"<!-- This site is optimized with the Yoast SEO plugin v27.2 - https:\/\/yoast.com\/product\/yoast-seo-wordpress\/ -->\n<title>Latarka SUPERFIRE F5 1100lm USB - IRONSKY.PL Sklep z Dronami<\/title>\n<meta name=\"description\" content=\"Latarka SUPERFIRE F5 1100lm USB - \u2705 sklep z dronami i fachowym doradztwem. \u2705 Tutaj kupisz produkty DJI, Yuneec, Parrot, Syma i wiele innych, a tak\u017ce kursy i licencje na operatora drona.\" \/>\n<meta name=\"robots\" content=\"index, follow, max-snippet:-1, max-image-preview:large, max-video-preview:-1\" \/>\n<link rel=\"canonical\" href=\"https:\/\/ironsky.pl\/sklep\/produkt\/latarka-superfire-f5-1100lm-usb-2\/\" \/>\n<meta property=\"og:locale\" content=\"pl_PL\" \/>\n<meta property=\"og:type\" content=\"article\" \/>\n<meta property=\"og:title\" content=\"Latarka SUPERFIRE F5 1100lm USB - IRONSKY.PL Sklep z Dronami\" \/>\n<meta property=\"og:description\" content=\"Latarka SUPERFIRE F5 1100lm USB - \u2705 sklep z dronami i fachowym doradztwem. \u2705 Tutaj kupisz produkty DJI, Yuneec, Parrot, Syma i wiele innych, a tak\u017ce kursy i licencje na operatora drona.\" \/>\n<meta property=\"og:url\" content=\"https:\/\/ironsky.pl\/sklep\/produkt\/latarka-superfire-f5-1100lm-usb-2\/\" \/>\n<meta property=\"og:site_name\" content=\"IRONSKY.PL Sklep z Dronami\" \/>\n<meta property=\"article:modified_time\" content=\"2026-04-15T08:44:23+00:00\" \/>\n<meta property=\"og:image\" content=\"https:\/\/ironsky.pl\/sklep\/wp-content\/uploads\/2025\/06\/19691_1.jpg\" \/>\n\t<meta property=\"og:image:width\" content=\"800\" \/>\n\t<meta property=\"og:image:height\" content=\"800\" \/>\n\t<meta property=\"og:image:type\" content=\"image\/jpeg\" \/>\n<meta name=\"twitter:card\" content=\"summary_large_image\" \/>\n<meta name=\"twitter:label1\" content=\"Szacowany czas czytania\" \/>\n\t<meta name=\"twitter:data1\" content=\"2 minuty\" \/>\n<script type=\"application\/ld+json\" class=\"yoast-schema-graph\">{\"@context\":\"https:\/\/schema.org\",\"@graph\":[{\"@type\":\"WebPage\",\"@id\":\"https:\/\/ironsky.pl\/sklep\/produkt\/latarka-superfire-f5-1100lm-usb-2\/\",\"url\":\"https:\/\/ironsky.pl\/sklep\/produkt\/latarka-superfire-f5-1100lm-usb-2\/\",\"name\":\"Latarka SUPERFIRE F5 1100lm USB - IRONSKY.PL Sklep z Dronami\",\"isPartOf\":{\"@id\":\"https:\/\/ironsky.pl\/sklep\/#website\"},\"primaryImageOfPage\":{\"@id\":\"https:\/\/ironsky.pl\/sklep\/produkt\/latarka-superfire-f5-1100lm-usb-2\/#primaryimage\"},\"image\":{\"@id\":\"https:\/\/ironsky.pl\/sklep\/produkt\/latarka-superfire-f5-1100lm-usb-2\/#primaryimage\"},\"thumbnailUrl\":\"https:\/\/ironsky.pl\/sklep\/wp-content\/uploads\/2025\/06\/19691_1.jpg\",\"datePublished\":\"2026-04-15T08:05:36+00:00\",\"dateModified\":\"2026-04-15T08:44:23+00:00\",\"description\":\"Latarka SUPERFIRE F5 1100lm USB - \u2705 sklep z dronami i fachowym doradztwem. \u2705 Tutaj kupisz produkty DJI, Yuneec, Parrot, Syma i wiele innych, a tak\u017ce kursy i licencje na operatora drona.\",\"breadcrumb\":{\"@id\":\"https:\/\/ironsky.pl\/sklep\/produkt\/latarka-superfire-f5-1100lm-usb-2\/#breadcrumb\"},\"inLanguage\":\"pl-PL\",\"potentialAction\":[{\"@type\":\"ReadAction\",\"target\":[\"https:\/\/ironsky.pl\/sklep\/produkt\/latarka-superfire-f5-1100lm-usb-2\/\"]}]},{\"@type\":\"ImageObject\",\"inLanguage\":\"pl-PL\",\"@id\":\"https:\/\/ironsky.pl\/sklep\/produkt\/latarka-superfire-f5-1100lm-usb-2\/#primaryimage\",\"url\":\"https:\/\/ironsky.pl\/sklep\/wp-content\/uploads\/2025\/06\/19691_1.jpg\",\"contentUrl\":\"https:\/\/ironsky.pl\/sklep\/wp-content\/uploads\/2025\/06\/19691_1.jpg\",\"width\":800,\"height\":800},{\"@type\":\"BreadcrumbList\",\"@id\":\"https:\/\/ironsky.pl\/sklep\/produkt\/latarka-superfire-f5-1100lm-usb-2\/#breadcrumb\",\"itemListElement\":[{\"@type\":\"ListItem\",\"position\":1,\"name\":\"Strona g\u0142\u00f3wna\",\"item\":\"https:\/\/ironsky.pl\/sklep\/\"},{\"@type\":\"ListItem\",\"position\":2,\"name\":\"Wszystkie produkty\",\"item\":\"https:\/\/ironsky.pl\/sklep\/produkty\/\"},{\"@type\":\"ListItem\",\"position\":3,\"name\":\"Latarka SUPERFIRE F5 1100lm USB\"}]},{\"@type\":\"WebSite\",\"@id\":\"https:\/\/ironsky.pl\/sklep\/#website\",\"url\":\"https:\/\/ironsky.pl\/sklep\/\",\"name\":\"IRONSKY.PL Sklep z Dronami\",\"description\":\"IRONSKY.PL Sklep z Dronami\",\"potentialAction\":[{\"@type\":\"SearchAction\",\"target\":{\"@type\":\"EntryPoint\",\"urlTemplate\":\"https:\/\/ironsky.pl\/sklep\/?s={search_term_string}\"},\"query-input\":{\"@type\":\"PropertyValueSpecification\",\"valueRequired\":true,\"valueName\":\"search_term_string\"}}],\"inLanguage\":\"pl-PL\"}]}<\/script>\n<!-- \/ Yoast SEO plugin. -->","yoast_head_json":{"title":"Latarka SUPERFIRE F5 1100lm USB - IRONSKY.PL Sklep z Dronami","description":"Latarka SUPERFIRE F5 1100lm USB - \u2705 sklep z dronami i fachowym doradztwem. \u2705 Tutaj kupisz produkty DJI, Yuneec, Parrot, Syma i wiele innych, a tak\u017ce kursy i licencje na operatora drona.","robots":{"index":"index","follow":"follow","max-snippet":"max-snippet:-1","max-image-preview":"max-image-preview:large","max-video-preview":"max-video-preview:-1"},"canonical":"https:\/\/ironsky.pl\/sklep\/produkt\/latarka-superfire-f5-1100lm-usb-2\/","og_locale":"pl_PL","og_type":"article","og_title":"Latarka SUPERFIRE F5 1100lm USB - IRONSKY.PL Sklep z Dronami","og_description":"Latarka SUPERFIRE F5 1100lm USB - \u2705 sklep z dronami i fachowym doradztwem. \u2705 Tutaj kupisz produkty DJI, Yuneec, Parrot, Syma i wiele innych, a tak\u017ce kursy i licencje na operatora drona.","og_url":"https:\/\/ironsky.pl\/sklep\/produkt\/latarka-superfire-f5-1100lm-usb-2\/","og_site_name":"IRONSKY.PL Sklep z Dronami","article_modified_time":"2026-04-15T08:44:23+00:00","og_image":[{"width":800,"height":800,"url":"https:\/\/ironsky.pl\/sklep\/wp-content\/uploads\/2025\/06\/19691_1.jpg","type":"image\/jpeg"}],"twitter_card":"summary_large_image","twitter_misc":{"Szacowany czas czytania":"2 minuty"},"schema":{"@context":"https:\/\/schema.org","@graph":[{"@type":"WebPage","@id":"https:\/\/ironsky.pl\/sklep\/produkt\/latarka-superfire-f5-1100lm-usb-2\/","url":"https:\/\/ironsky.pl\/sklep\/produkt\/latarka-superfire-f5-1100lm-usb-2\/","name":"Latarka SUPERFIRE F5 1100lm USB - IRONSKY.PL Sklep z Dronami","isPartOf":{"@id":"https:\/\/ironsky.pl\/sklep\/#website"},"primaryImageOfPage":{"@id":"https:\/\/ironsky.pl\/sklep\/produkt\/latarka-superfire-f5-1100lm-usb-2\/#primaryimage"},"image":{"@id":"https:\/\/ironsky.pl\/sklep\/produkt\/latarka-superfire-f5-1100lm-usb-2\/#primaryimage"},"thumbnailUrl":"https:\/\/ironsky.pl\/sklep\/wp-content\/uploads\/2025\/06\/19691_1.jpg","datePublished":"2026-04-15T08:05:36+00:00","dateModified":"2026-04-15T08:44:23+00:00","description":"Latarka SUPERFIRE F5 1100lm USB - \u2705 sklep z dronami i fachowym doradztwem. \u2705 Tutaj kupisz produkty DJI, Yuneec, Parrot, Syma i wiele innych, a tak\u017ce kursy i licencje na operatora drona.","breadcrumb":{"@id":"https:\/\/ironsky.pl\/sklep\/produkt\/latarka-superfire-f5-1100lm-usb-2\/#breadcrumb"},"inLanguage":"pl-PL","potentialAction":[{"@type":"ReadAction","target":["https:\/\/ironsky.pl\/sklep\/produkt\/latarka-superfire-f5-1100lm-usb-2\/"]}]},{"@type":"ImageObject","inLanguage":"pl-PL","@id":"https:\/\/ironsky.pl\/sklep\/produkt\/latarka-superfire-f5-1100lm-usb-2\/#primaryimage","url":"https:\/\/ironsky.pl\/sklep\/wp-content\/uploads\/2025\/06\/19691_1.jpg","contentUrl":"https:\/\/ironsky.pl\/sklep\/wp-content\/uploads\/2025\/06\/19691_1.jpg","width":800,"height":800},{"@type":"BreadcrumbList","@id":"https:\/\/ironsky.pl\/sklep\/produkt\/latarka-superfire-f5-1100lm-usb-2\/#breadcrumb","itemListElement":[{"@type":"ListItem","position":1,"name":"Strona g\u0142\u00f3wna","item":"https:\/\/ironsky.pl\/sklep\/"},{"@type":"ListItem","position":2,"name":"Wszystkie produkty","item":"https:\/\/ironsky.pl\/sklep\/produkty\/"},{"@type":"ListItem","position":3,"name":"Latarka SUPERFIRE F5 1100lm USB"}]},{"@type":"WebSite","@id":"https:\/\/ironsky.pl\/sklep\/#website","url":"https:\/\/ironsky.pl\/sklep\/","name":"IRONSKY.PL Sklep z Dronami","description":"IRONSKY.PL Sklep z Dronami","potentialAction":[{"@type":"SearchAction","target":{"@type":"EntryPoint","urlTemplate":"https:\/\/ironsky.pl\/sklep\/?s={search_term_string}"},"query-input":{"@type":"PropertyValueSpecification","valueRequired":true,"valueName":"search_term_string"}}],"inLanguage":"pl-PL"}]}},"_links":{"self":[{"href":"https:\/\/ironsky.pl\/sklep\/wp-json\/wp\/v2\/product\/55561","targetHints":{"allow":["GET"]}}],"collection":[{"href":"https:\/\/ironsky.pl\/sklep\/wp-json\/wp\/v2\/product"}],"about":[{"href":"https:\/\/ironsky.pl\/sklep\/wp-json\/wp\/v2\/types\/product"}],"replies":[{"embeddable":true,"href":"https:\/\/ironsky.pl\/sklep\/wp-json\/wp\/v2\/comments?post=55561"}],"wp:featuredmedia":[{"embeddable":true,"href":"https:\/\/ironsky.pl\/sklep\/wp-json\/wp\/v2\/media\/41259"}],"wp:attachment":[{"href":"https:\/\/ironsky.pl\/sklep\/wp-json\/wp\/v2\/media?parent=55561"}],"wp:term":[{"taxonomy":"product_brand","embeddable":true,"href":"https:\/\/ironsky.pl\/sklep\/wp-json\/wp\/v2\/product_brand?post=55561"},{"taxonomy":"product_cat","embeddable":true,"href":"https:\/\/ironsky.pl\/sklep\/wp-json\/wp\/v2\/product_cat?post=55561"},{"taxonomy":"product_tag","embeddable":true,"href":"https:\/\/ironsky.pl\/sklep\/wp-json\/wp\/v2\/product_tag?post=55561"}],"curies":[{"name":"wp","href":"https:\/\/api.w.org\/{rel}","templated":true}]}}