{"id":55560,"date":"2026-04-15T10:05:36","date_gmt":"2026-04-15T08:05:36","guid":{"rendered":"https:\/\/ironsky.pl\/sklep\/produkt\/lampa-kempingowa-uv-superfire-t15-350lm-usb-2\/"},"modified":"2026-04-15T10:44:22","modified_gmt":"2026-04-15T08:44:22","slug":"lampa-kempingowa-uv-superfire-t15-350lm-usb-2","status":"publish","type":"product","link":"https:\/\/ironsky.pl\/sklep\/produkt\/lampa-kempingowa-uv-superfire-t15-350lm-usb-2\/","title":{"rendered":"Lampa kempingowa UV SUPERFIRE T15 350lm USB"},"content":{"rendered":"<h3>Lampa kempingowa UV Superfire T15, 350 lm, USB, 5 tryb\u00f3w, 320 m<\/h3>\n<p>Niewielka i por\u0119czna lampa campingowa Supfire T15 sprawdzi si\u0119 w wielu zastosowaniach &#8211; zar\u00f3wno w domu, jak i poza nim. Dzi\u0119ki 5 trybom \u015bwiecenia mo\u017cesz dostosowa\u0107 j\u0105 do swoich bie\u017c\u0105cych potrzeb. Z kolei \u015bwiat\u0142o UV sprawia, \u017ce to praktyczne urz\u0105dzenie mo\u017ce sta\u0107 si\u0119 Twoim niezawodnym sojusznikiem w walce z komarami. Czas pracy oko\u0142o 300 minut oraz wbudowane w podstaw\u0119 magnesy to dodatkowe zalety tej wyj\u0105tkowej lampy.<\/p>\n<p>\n<img decoding=\"async\" src=\"https:\/\/assets.innpro.pl\/14062\/17552\/1.jpg\" border=\"0\" alt=\"Lampa kempingowa Superfire T15 stoj\u0105ca na bia\u0142ym stoliku na jasnym tle.\" \/>\n<\/p>\n<h3>Mo\u017ce \u015bwieci\u0107 dok\u0142adnie tak, jak chcesz<\/h3>\n<p>Urz\u0105dzenie \u015bwieci na kilka sposob\u00f3w i oferuje a\u017c 5 tryb\u00f3w pracy. Doskonale sprawdzi si\u0119 w roli latarki dzi\u0119ki przedniej lampie o zasi\u0119gu do 320 m. Zapewnia ona mocne, s\u0142abe lub stroboskopowe o\u015bwietlenie. T15 emituje te\u017c r\u00f3wnomierne, boczne \u015bwiat\u0142o. Ono z kolei mo\u017ce by\u0107 mocne lub s\u0142abe. Wszystko to sprawia, \u017ce bez problemu dostosujesz dzia\u0142anie lampy do swoich oczekiwa\u0144. Dzi\u0119ki pi\u0119ciostopniowemu przyciemnianiu mo\u017cesz zaspokoi\u0107 swoje potrzeby w r\u00f3\u017cnych scenariuszach.<\/p>\n<p>\n<img decoding=\"async\" src=\"https:\/\/assets.innpro.pl\/14062\/17552\/6.jpg\" border=\"0\" alt=\"Lampka kempingowa Superfire T15 pod\u0142\u0105czona do zasilania kablem USB, w tle znajduje si\u0119 listwa zasilaj\u0105ca.\" \/>\n<\/p>\n<h3>Wydajny akumulator &#8211; proste \u0142adowanie<\/h3>\n<p>Lampa ma wbudowany akumulator 18650. Zapewnia on nawet do oko\u0142o 300 minut pracy po jednym \u0142adowaniu. Jak na\u0142adowa\u0107 urz\u0105dzenie? To proste &#8211; lampka jest wyposa\u017cona w port \u0142adowania Micro-USB, dzi\u0119ki czemu mo\u017cesz pod\u0142\u0105czy\u0107 j\u0105 do \u0142adowarek, powerbank\u00f3w, komputer\u00f3w czy innych urz\u0105dze\u0144 elektronicznych wyposa\u017conych w z\u0142\u0105cze USB. O statusie \u0142adowania poinformuje Ci\u0119 kolor o\u015bwietlenia &#8211; czerwony oznacza, \u017ce lampa si\u0119 \u0142aduje, a niebieski, \u017ce jest ju\u017c w pe\u0142ni na\u0142adowana.<\/p>\n<p>\n<img decoding=\"async\" src=\"https:\/\/assets.innpro.pl\/14062\/17552\/4.jpg\" border=\"0\" alt=\"Lampka kempingowa Superfire T15 stoj\u0105ca na drewnianym stoliku obok gazety i fili\u017canki. \" \/>\n<\/p>\n<h3>Twoja tajna bro\u0144 przeciwko komarom<\/h3>\n<p>Urz\u0105dzenie zosta\u0142o wyposa\u017cone w lamp\u0119 UV, dzi\u0119ki kt\u00f3rej skutecznie rozprawia si\u0119 z komarami. \u015awiat\u0142o przyci\u0105ga owady, kt\u00f3re nast\u0119pnie gin\u0105 w wyniku kontaktu z sieci\u0105 elektryczn\u0105. Jak wida\u0107, Supfire T15 to nie tylko o\u015bwietlenie &#8211; to r\u00f3wnie\u017c Twoja tajna bro\u0144 w walce z uci\u0105\u017cliwymi insektami! Z pewno\u015bci\u0105 docenisz jej dzia\u0142anie w czasie d\u0142ugich, letnich wieczor\u00f3w, kiedy komary zaatakuj\u0105 ze zdwojon\u0105 si\u0142\u0105.<\/p>\n<p>\n<img decoding=\"async\" src=\"https:\/\/assets.innpro.pl\/14062\/17552\/7.jpg\" border=\"0\" alt=\"Lampa Superfire T15 na granatowym tle, dooko\u0142a znajduj\u0105 si\u0119 grafiki przedstawiaj\u0105ce komary.\" \/>\n<\/p>\n<h3>Wyj\u0105tkowo wygodna w u\u017cytkowaniu<\/h3>\n<p>Ta wa\u017c\u0105ca zaledwie 281 g lampka jest niezwykle kompaktowa i por\u0119czna. Z \u0142atwo\u015bci\u0105 wykorzystasz j\u0105 wsz\u0119dzie tam, gdzie b\u0119dzie Ci potrzebna. U\u0142atwiaj\u0105 to takie elementy konstrukcji urz\u0105dzenia jak specjalny hak, kt\u00f3ry pozwala powiesi\u0107 je w wybranym miejscu. Z kolei magnetyczne elementy w podstawie lampki umo\u017cliwi\u0105 Ci stabilne stawianie jej na okre\u015blonych powierzchniach.<\/p>\n<p>\n<img decoding=\"async\" src=\"https:\/\/assets.innpro.pl\/14062\/17552\/8.jpg\" border=\"0\" alt=\"Lampa kempingowa Superfire T15 zawieszona na drzewie.\" \/>\n<\/p>\n<h3>Wykorzystasz j\u0105 w wielu sytuacjach<\/h3>\n<p>Liczne atuty urz\u0105dzenia sprawiaj\u0105, \u017ce z powodzeniem wykorzystasz je w r\u00f3\u017cnych sytuacjach. Sprawdzi si\u0119 na przyk\u0142ad jako \u017ar\u00f3d\u0142o \u015bwiat\u0142a na campingu, praktyczna lampka do czytania, por\u0119czna latarka, a tak\u017ce skuteczny odstraszacz owad\u00f3w podczas letnich wieczor\u00f3w sp\u0119dzanych na balkonie, przy ognisku czy nad wod\u0105. To Ty decydujesz, jak wykorzystasz T15!<\/p>\n<p>\n<img decoding=\"async\" src=\"https:\/\/assets.innpro.pl\/14062\/17552\/9.jpg\" border=\"0\" alt=\"Lampa Superfire T15 stoj\u0105ca na drewnianej pod\u0142odze emanuj\u0105ca bia\u0142ym \u015bwiat\u0142em.\" \/>\n<\/p>\n<div class=\"table-wrapper\">\n<p>\u00a0<\/p>\n<h3><\/h3>\n<table>\n<tbody>\n<tr>\n<th>Producent <\/th>\n<td>Supfire<\/td>\n<\/tr>\n<tr>\n<th>Model <\/th>\n<td>T15<\/td>\n<\/tr>\n<tr>\n<th>\u0179r\u00f3d\u0142o \u015bwiat\u0142a <\/th>\n<td>LED<\/td>\n<\/tr>\n<tr>\n<th>Jasno\u015b\u0107 <\/th>\n<td>350 lm<\/td>\n<\/tr>\n<tr>\n<th>Zasi\u0119g<\/th>\n<td>320 m<\/td>\n<\/tr>\n<tr>\n<th>Moc znamionowa <\/th>\n<td>5W<\/td>\n<\/tr>\n<tr>\n<th>Czas pracy <\/th>\n<td>4-8 h<\/td>\n<\/tr>\n<tr>\n<th>Materia\u0142 <\/th>\n<td>PC + ABS<\/td>\n<\/tr>\n<tr>\n<th>Waga <\/th>\n<td>281 g<\/td>\n<\/tr>\n<tr>\n<th>Wymiary <\/th>\n<td>135x72x72 mm<\/td>\n<\/tr>\n<tr>\n<th>Tryby<\/th>\n<td>5 tryb\u00f3w<\/td>\n<\/tr>\n<\/tbody>\n<\/table>\n<\/div>\n","protected":false},"excerpt":{"rendered":"<p>Lampa kempingowa UV Superfire T15, 350 lm, USB, 5 tryb\u00f3w, 320 m Niewielka i por\u0119czna lampa campingowa Supfire T15 sprawdzi<\/p>\n","protected":false},"featured_media":41253,"comment_status":"closed","ping_status":"open","template":"","meta":{"_acf_changed":false},"product_brand":[],"product_cat":[5947,5946,5937],"product_tag":[],"class_list":{"0":"post-55560","1":"product","2":"type-product","3":"status-publish","4":"has-post-thumbnail","6":"product_cat-lampy-kempingowe","7":"product_cat-oswietlenie","8":"product_cat-outdoor","9":"pa_okres-gwarancji-5754","10":"pa_producent-superfire","12":"first","13":"outofstock","14":"taxable","15":"shipping-taxable","16":"purchasable","17":"product-type-simple"},"acf":[],"yoast_head":"<!-- This site is optimized with the Yoast SEO plugin v27.2 - https:\/\/yoast.com\/product\/yoast-seo-wordpress\/ -->\n<title>Lampa kempingowa UV SUPERFIRE T15 350lm USB - IRONSKY.PL Sklep z Dronami<\/title>\n<meta name=\"description\" content=\"Lampa kempingowa UV SUPERFIRE T15 350lm USB - \u2705 sklep z dronami i fachowym doradztwem. \u2705 Tutaj kupisz produkty DJI, Yuneec, Parrot, Syma i wiele innych, a tak\u017ce kursy i licencje na operatora drona.\" \/>\n<meta name=\"robots\" content=\"index, follow, max-snippet:-1, max-image-preview:large, max-video-preview:-1\" \/>\n<link rel=\"canonical\" href=\"https:\/\/ironsky.pl\/sklep\/produkt\/lampa-kempingowa-uv-superfire-t15-350lm-usb-2\/\" \/>\n<meta property=\"og:locale\" content=\"pl_PL\" \/>\n<meta property=\"og:type\" content=\"article\" \/>\n<meta property=\"og:title\" content=\"Lampa kempingowa UV SUPERFIRE T15 350lm USB - IRONSKY.PL Sklep z Dronami\" \/>\n<meta property=\"og:description\" content=\"Lampa kempingowa UV SUPERFIRE T15 350lm USB - \u2705 sklep z dronami i fachowym doradztwem. \u2705 Tutaj kupisz produkty DJI, Yuneec, Parrot, Syma i wiele innych, a tak\u017ce kursy i licencje na operatora drona.\" \/>\n<meta property=\"og:url\" content=\"https:\/\/ironsky.pl\/sklep\/produkt\/lampa-kempingowa-uv-superfire-t15-350lm-usb-2\/\" \/>\n<meta property=\"og:site_name\" content=\"IRONSKY.PL Sklep z Dronami\" \/>\n<meta property=\"article:modified_time\" content=\"2026-04-15T08:44:22+00:00\" \/>\n<meta property=\"og:image\" content=\"https:\/\/ironsky.pl\/sklep\/wp-content\/uploads\/2025\/06\/19690_4.jpg\" \/>\n\t<meta property=\"og:image:width\" content=\"800\" \/>\n\t<meta property=\"og:image:height\" content=\"800\" \/>\n\t<meta property=\"og:image:type\" content=\"image\/jpeg\" \/>\n<meta name=\"twitter:card\" content=\"summary_large_image\" \/>\n<meta name=\"twitter:label1\" content=\"Szacowany czas czytania\" \/>\n\t<meta name=\"twitter:data1\" content=\"2 minuty\" \/>\n<script type=\"application\/ld+json\" class=\"yoast-schema-graph\">{\"@context\":\"https:\/\/schema.org\",\"@graph\":[{\"@type\":\"WebPage\",\"@id\":\"https:\/\/ironsky.pl\/sklep\/produkt\/lampa-kempingowa-uv-superfire-t15-350lm-usb-2\/\",\"url\":\"https:\/\/ironsky.pl\/sklep\/produkt\/lampa-kempingowa-uv-superfire-t15-350lm-usb-2\/\",\"name\":\"Lampa kempingowa UV SUPERFIRE T15 350lm USB - IRONSKY.PL Sklep z Dronami\",\"isPartOf\":{\"@id\":\"https:\/\/ironsky.pl\/sklep\/#website\"},\"primaryImageOfPage\":{\"@id\":\"https:\/\/ironsky.pl\/sklep\/produkt\/lampa-kempingowa-uv-superfire-t15-350lm-usb-2\/#primaryimage\"},\"image\":{\"@id\":\"https:\/\/ironsky.pl\/sklep\/produkt\/lampa-kempingowa-uv-superfire-t15-350lm-usb-2\/#primaryimage\"},\"thumbnailUrl\":\"https:\/\/ironsky.pl\/sklep\/wp-content\/uploads\/2025\/06\/19690_4.jpg\",\"datePublished\":\"2026-04-15T08:05:36+00:00\",\"dateModified\":\"2026-04-15T08:44:22+00:00\",\"description\":\"Lampa kempingowa UV SUPERFIRE T15 350lm USB - \u2705 sklep z dronami i fachowym doradztwem. \u2705 Tutaj kupisz produkty DJI, Yuneec, Parrot, Syma i wiele innych, a tak\u017ce kursy i licencje na operatora drona.\",\"breadcrumb\":{\"@id\":\"https:\/\/ironsky.pl\/sklep\/produkt\/lampa-kempingowa-uv-superfire-t15-350lm-usb-2\/#breadcrumb\"},\"inLanguage\":\"pl-PL\",\"potentialAction\":[{\"@type\":\"ReadAction\",\"target\":[\"https:\/\/ironsky.pl\/sklep\/produkt\/lampa-kempingowa-uv-superfire-t15-350lm-usb-2\/\"]}]},{\"@type\":\"ImageObject\",\"inLanguage\":\"pl-PL\",\"@id\":\"https:\/\/ironsky.pl\/sklep\/produkt\/lampa-kempingowa-uv-superfire-t15-350lm-usb-2\/#primaryimage\",\"url\":\"https:\/\/ironsky.pl\/sklep\/wp-content\/uploads\/2025\/06\/19690_4.jpg\",\"contentUrl\":\"https:\/\/ironsky.pl\/sklep\/wp-content\/uploads\/2025\/06\/19690_4.jpg\",\"width\":800,\"height\":800},{\"@type\":\"BreadcrumbList\",\"@id\":\"https:\/\/ironsky.pl\/sklep\/produkt\/lampa-kempingowa-uv-superfire-t15-350lm-usb-2\/#breadcrumb\",\"itemListElement\":[{\"@type\":\"ListItem\",\"position\":1,\"name\":\"Strona g\u0142\u00f3wna\",\"item\":\"https:\/\/ironsky.pl\/sklep\/\"},{\"@type\":\"ListItem\",\"position\":2,\"name\":\"Wszystkie produkty\",\"item\":\"https:\/\/ironsky.pl\/sklep\/produkty\/\"},{\"@type\":\"ListItem\",\"position\":3,\"name\":\"Lampa kempingowa UV SUPERFIRE T15 350lm USB\"}]},{\"@type\":\"WebSite\",\"@id\":\"https:\/\/ironsky.pl\/sklep\/#website\",\"url\":\"https:\/\/ironsky.pl\/sklep\/\",\"name\":\"IRONSKY.PL Sklep z Dronami\",\"description\":\"IRONSKY.PL Sklep z Dronami\",\"potentialAction\":[{\"@type\":\"SearchAction\",\"target\":{\"@type\":\"EntryPoint\",\"urlTemplate\":\"https:\/\/ironsky.pl\/sklep\/?s={search_term_string}\"},\"query-input\":{\"@type\":\"PropertyValueSpecification\",\"valueRequired\":true,\"valueName\":\"search_term_string\"}}],\"inLanguage\":\"pl-PL\"}]}<\/script>\n<!-- \/ Yoast SEO plugin. -->","yoast_head_json":{"title":"Lampa kempingowa UV SUPERFIRE T15 350lm USB - IRONSKY.PL Sklep z Dronami","description":"Lampa kempingowa UV SUPERFIRE T15 350lm USB - \u2705 sklep z dronami i fachowym doradztwem. \u2705 Tutaj kupisz produkty DJI, Yuneec, Parrot, Syma i wiele innych, a tak\u017ce kursy i licencje na operatora drona.","robots":{"index":"index","follow":"follow","max-snippet":"max-snippet:-1","max-image-preview":"max-image-preview:large","max-video-preview":"max-video-preview:-1"},"canonical":"https:\/\/ironsky.pl\/sklep\/produkt\/lampa-kempingowa-uv-superfire-t15-350lm-usb-2\/","og_locale":"pl_PL","og_type":"article","og_title":"Lampa kempingowa UV SUPERFIRE T15 350lm USB - IRONSKY.PL Sklep z Dronami","og_description":"Lampa kempingowa UV SUPERFIRE T15 350lm USB - \u2705 sklep z dronami i fachowym doradztwem. \u2705 Tutaj kupisz produkty DJI, Yuneec, Parrot, Syma i wiele innych, a tak\u017ce kursy i licencje na operatora drona.","og_url":"https:\/\/ironsky.pl\/sklep\/produkt\/lampa-kempingowa-uv-superfire-t15-350lm-usb-2\/","og_site_name":"IRONSKY.PL Sklep z Dronami","article_modified_time":"2026-04-15T08:44:22+00:00","og_image":[{"width":800,"height":800,"url":"https:\/\/ironsky.pl\/sklep\/wp-content\/uploads\/2025\/06\/19690_4.jpg","type":"image\/jpeg"}],"twitter_card":"summary_large_image","twitter_misc":{"Szacowany czas czytania":"2 minuty"},"schema":{"@context":"https:\/\/schema.org","@graph":[{"@type":"WebPage","@id":"https:\/\/ironsky.pl\/sklep\/produkt\/lampa-kempingowa-uv-superfire-t15-350lm-usb-2\/","url":"https:\/\/ironsky.pl\/sklep\/produkt\/lampa-kempingowa-uv-superfire-t15-350lm-usb-2\/","name":"Lampa kempingowa UV SUPERFIRE T15 350lm USB - IRONSKY.PL Sklep z Dronami","isPartOf":{"@id":"https:\/\/ironsky.pl\/sklep\/#website"},"primaryImageOfPage":{"@id":"https:\/\/ironsky.pl\/sklep\/produkt\/lampa-kempingowa-uv-superfire-t15-350lm-usb-2\/#primaryimage"},"image":{"@id":"https:\/\/ironsky.pl\/sklep\/produkt\/lampa-kempingowa-uv-superfire-t15-350lm-usb-2\/#primaryimage"},"thumbnailUrl":"https:\/\/ironsky.pl\/sklep\/wp-content\/uploads\/2025\/06\/19690_4.jpg","datePublished":"2026-04-15T08:05:36+00:00","dateModified":"2026-04-15T08:44:22+00:00","description":"Lampa kempingowa UV SUPERFIRE T15 350lm USB - \u2705 sklep z dronami i fachowym doradztwem. \u2705 Tutaj kupisz produkty DJI, Yuneec, Parrot, Syma i wiele innych, a tak\u017ce kursy i licencje na operatora drona.","breadcrumb":{"@id":"https:\/\/ironsky.pl\/sklep\/produkt\/lampa-kempingowa-uv-superfire-t15-350lm-usb-2\/#breadcrumb"},"inLanguage":"pl-PL","potentialAction":[{"@type":"ReadAction","target":["https:\/\/ironsky.pl\/sklep\/produkt\/lampa-kempingowa-uv-superfire-t15-350lm-usb-2\/"]}]},{"@type":"ImageObject","inLanguage":"pl-PL","@id":"https:\/\/ironsky.pl\/sklep\/produkt\/lampa-kempingowa-uv-superfire-t15-350lm-usb-2\/#primaryimage","url":"https:\/\/ironsky.pl\/sklep\/wp-content\/uploads\/2025\/06\/19690_4.jpg","contentUrl":"https:\/\/ironsky.pl\/sklep\/wp-content\/uploads\/2025\/06\/19690_4.jpg","width":800,"height":800},{"@type":"BreadcrumbList","@id":"https:\/\/ironsky.pl\/sklep\/produkt\/lampa-kempingowa-uv-superfire-t15-350lm-usb-2\/#breadcrumb","itemListElement":[{"@type":"ListItem","position":1,"name":"Strona g\u0142\u00f3wna","item":"https:\/\/ironsky.pl\/sklep\/"},{"@type":"ListItem","position":2,"name":"Wszystkie produkty","item":"https:\/\/ironsky.pl\/sklep\/produkty\/"},{"@type":"ListItem","position":3,"name":"Lampa kempingowa UV SUPERFIRE T15 350lm USB"}]},{"@type":"WebSite","@id":"https:\/\/ironsky.pl\/sklep\/#website","url":"https:\/\/ironsky.pl\/sklep\/","name":"IRONSKY.PL Sklep z Dronami","description":"IRONSKY.PL Sklep z Dronami","potentialAction":[{"@type":"SearchAction","target":{"@type":"EntryPoint","urlTemplate":"https:\/\/ironsky.pl\/sklep\/?s={search_term_string}"},"query-input":{"@type":"PropertyValueSpecification","valueRequired":true,"valueName":"search_term_string"}}],"inLanguage":"pl-PL"}]}},"_links":{"self":[{"href":"https:\/\/ironsky.pl\/sklep\/wp-json\/wp\/v2\/product\/55560","targetHints":{"allow":["GET"]}}],"collection":[{"href":"https:\/\/ironsky.pl\/sklep\/wp-json\/wp\/v2\/product"}],"about":[{"href":"https:\/\/ironsky.pl\/sklep\/wp-json\/wp\/v2\/types\/product"}],"replies":[{"embeddable":true,"href":"https:\/\/ironsky.pl\/sklep\/wp-json\/wp\/v2\/comments?post=55560"}],"wp:featuredmedia":[{"embeddable":true,"href":"https:\/\/ironsky.pl\/sklep\/wp-json\/wp\/v2\/media\/41253"}],"wp:attachment":[{"href":"https:\/\/ironsky.pl\/sklep\/wp-json\/wp\/v2\/media?parent=55560"}],"wp:term":[{"taxonomy":"product_brand","embeddable":true,"href":"https:\/\/ironsky.pl\/sklep\/wp-json\/wp\/v2\/product_brand?post=55560"},{"taxonomy":"product_cat","embeddable":true,"href":"https:\/\/ironsky.pl\/sklep\/wp-json\/wp\/v2\/product_cat?post=55560"},{"taxonomy":"product_tag","embeddable":true,"href":"https:\/\/ironsky.pl\/sklep\/wp-json\/wp\/v2\/product_tag?post=55560"}],"curies":[{"name":"wp","href":"https:\/\/api.w.org\/{rel}","templated":true}]}}