{"id":55559,"date":"2026-04-15T10:05:36","date_gmt":"2026-04-15T08:05:36","guid":{"rendered":"https:\/\/ironsky.pl\/sklep\/produkt\/latarka-superfire-m9-e-strumien-swietlny-900lm-usb\/"},"modified":"2026-04-15T10:05:49","modified_gmt":"2026-04-15T08:05:49","slug":"latarka-superfire-m9-e-strumien-swietlny-900lm-usb","status":"publish","type":"product","link":"https:\/\/ironsky.pl\/sklep\/produkt\/latarka-superfire-m9-e-strumien-swietlny-900lm-usb\/","title":{"rendered":"Latarka SUPERFIRE M9-E strumie\u0144 \u015bwietlny 900lm USB"},"content":{"rendered":"<h3>Latarka szperacz Superfire M9-E \u2013 900 lm, 473 m, 6000 mAh, 5h pracy, powerbank<\/h3>\n<p>Praktyczna latarka Superfire M9-E sprawdzi si\u0119 w wielu zastosowaniach &#8211; nie tylko jako \u017ar\u00f3d\u0142o \u015bwiat\u0142a, ale te\u017c jako powerbank. Wyr\u00f3\u017cnia si\u0119 jasno\u015bci\u0105 nawet 900 lm i zasi\u0119giem do 473 m. Czas pracy do 289 minut stwarza ogromne mo\u017cliwo\u015bci, a stopie\u0144 ochrony IP31 (Ingress Protection 31, stopie\u0144 ochrony przed cia\u0142ami sta\u0142ymi i wod\u0105) pozwala korzysta\u0107 z urz\u0105dzenia nawet w zr\u00f3\u017cnicowanych warunkach. Dodatkowe elementy konstrukcji, takie jak specjalny hak lub ukryte w uchwycie miejsce do przechowywania drobnych przedmiot\u00f3w jeszcze bardziej u\u0142atwiaj\u0105 korzystanie z tego produktu.<\/p>\n<p>\n<img decoding=\"async\" src=\"https:\/\/assets.innpro.pl\/14040\/17529\/1.jpg\" border=\"0\" alt=\"czarna latarka szperacz na szarym tle\" \/>\n<\/p>\n<h3>Jasne \u015bwiat\u0142o &#8211; szeroki zasi\u0119g dzia\u0142ania<\/h3>\n<p>Urz\u0105dzenie zosta\u0142o wyposa\u017cone w chip \u015bwietlny o wysokiej mocy, kt\u00f3ra pozwala mu \u015bwieci\u0107 z imponuj\u0105c\u0105 jasno\u015bci\u0105 do 900 lm. Latarka zaskakuje r\u00f3wnie\u017c zasi\u0119giem dochodz\u0105cym nawet 473 m. Dzi\u0119ki temu \u015bwietnie sprawdzi si\u0119 w wielu sytuacjach &#8211; na campingu, w trakcie nocnej w\u0119dr\u00f3wki czy podczas akcji poszukiwawczej. Niezale\u017cnie od scenariusza, zapewni Ci optymalne o\u015bwietlenie.<\/p>\n<p>\n<img decoding=\"async\" src=\"https:\/\/assets.innpro.pl\/14040\/17529\/2.jpg\" border=\"0\" alt=\"ciemna brukowana ulica i cz\u0142owiek o\u015bwietlaj\u0105cy drog\u0119 latark\u0105\" \/>\n<\/p>\n<h3>\u015awieci tak, jak potrzebujesz<\/h3>\n<p>M9-E mo\u017ce \u015bwieci\u0107 na wiele r\u00f3\u017cnych sposob\u00f3w. Przednia lampa emituje jasne, bia\u0142e \u015bwiat\u0142o. Idealnie nadaje si\u0119 ono do zastosowania na przyk\u0142ad w czasie akcji ratunkowych lub wypraw po zmroku. Urz\u0105dzenie ma tak\u017ce lamp\u0119 boczn\u0105, kt\u00f3ra mo\u017ce \u015bwieci\u0107 na bia\u0142o lub czerwono. Dzi\u0119ki temu sprawdzi si\u0119 te\u017c mi\u0119dzy innymi jako o\u015bwietlenie ostrzegawcze. Stosuj j\u0105, jak chcesz!<\/p>\n<p>\n<img decoding=\"async\" src=\"https:\/\/assets.innpro.pl\/14040\/17529\/3.jpg\" border=\"0\" alt=\"\u0142adowanie smartfona za pomoc\u0105 czarnej latarki\" \/>\n<\/p>\n<h3>To r\u00f3wnie\u017c praktyczny powerbank<\/h3>\n<p>Latarka zosta\u0142a wyposa\u017cona w wydajny akumulator o pojemno\u015bci 6000 mAh i specjalny system oszcz\u0119dzania energii, dzi\u0119ki czemu jej czas pracy wynosi nawet 5 godzin. Do \u0142adowania modelu M9-E s\u0142u\u017cy port micro USB. Urz\u0105dzenie mo\u017ce te\u017c pe\u0142ni\u0107 rol\u0119 powerbanku (5 V \/ 1 A). Dzi\u0119ki temu bez problemu na\u0142adujesz sw\u00f3j telefon niemal w ka\u017cdej sytuacji &#8211; na przyk\u0142ad na campingu lub podczas wyprawy na ryby.<\/p>\n<p>\n<img decoding=\"async\" src=\"https:\/\/assets.innpro.pl\/14040\/17529\/4.jpg\" border=\"0\" alt=\"sp\u00f3d latarki, podp\u00f3rka i hak do powieszenia\" \/>\n<\/p>\n<h3>Lekka, por\u0119czna, wytrzyma\u0142a<\/h3>\n<p>Ta wykonana z tworzywa ABS (Acrylonitrile Butadiene Styrene, wytrzyma\u0142e tworzywo sztuczne) latarka wa\u017cy stosunkowo niewiele &#8211; jedynie 493 g. Mo\u017cesz wi\u0119c komfortowo zabra\u0107 j\u0105 ze sob\u0105 wsz\u0119dzie, gdzie b\u0119dzie Ci potrzebna. Jednocze\u015bnie dzi\u0119ki wykorzystaniu wysoce utwardzanych materia\u0142\u00f3w, urz\u0105dzenie wyr\u00f3\u017cnia si\u0119 wyj\u0105tkow\u0105 wytrzyma\u0142o\u015bci\u0105 &#8211; niestraszny mu nawet upadek z wysoko\u015bci do 1 m! Stosuj je bez obaw &#8211; ryzyko jego uszkodzenia jest naprawd\u0119 niewielkie.<\/p>\n<p>\n<img decoding=\"async\" src=\"https:\/\/assets.innpro.pl\/14040\/17529\/5.jpg\" border=\"0\" alt=\"zbli\u017cenie na reflektor latarki na czarnym tle\" \/>\n<\/p>\n<h3>Jeszcze wi\u0119ksza wygoda stosowania<\/h3>\n<p>Projektuj\u0105c urz\u0105dzenie, zadbano r\u00f3wnie\u017c o u\u0142atwiaj\u0105ce korzystanie z niego detale. Latarka zosta\u0142a wyposa\u017cona w umo\u017cliwiaj\u0105cy powieszenie jej w dowolnym miejscu hak, a tak\u017ce umieszczony na spodzie zawias, kt\u00f3ry pozwala stabilnie postawi\u0107 j\u0105 na poziomej powierzchni. Mo\u017cesz te\u017c nosi\u0107 j\u0105 na ramieniu przy u\u017cyciu dedykowanego paska. Ponadto w uchwycie M9-E znajdziesz sprytnie ukryte miejsce do przechowywania niewielkich przedmiot\u00f3w &#8211; zmie\u015bcisz tam na przyk\u0142ad kabel, zapalniczk\u0119 lub ma\u0142y \u015brubokr\u0119t.<\/p>\n<p>\n<img decoding=\"async\" src=\"https:\/\/assets.innpro.pl\/14040\/17529\/6.jpg\" border=\"0\" alt=\"czarna latarka szperacz na jasnym, szarym tle\" \/>\n<\/p>\n<div class=\"table-wrapper\">\n<p>\u00a0<\/p>\n<h3><\/h3>\n<table>\n<tbody>\n<tr>\n<th>Producent <\/th>\n<td>Superfire<\/td>\n<\/tr>\n<tr>\n<th>Model <\/th>\n<td>M9-E<\/td>\n<\/tr>\n<tr>\n<th>\u0179r\u00f3d\u0142o \u015bwiat\u0142a <\/th>\n<td>SST-40-N4<\/td>\n<\/tr>\n<tr>\n<th>Zasi\u0119g <\/th>\n<td>do 473 m<\/td>\n<\/tr>\n<tr>\n<th>Jasno\u015b\u0107 <\/th>\n<td>do 900 lm<\/td>\n<\/tr>\n<tr>\n<th>Waga <\/th>\n<td>493 g<\/td>\n<\/tr>\n<tr>\n<th>Wymiary <\/th>\n<td>200x95x94x140 mm<\/td>\n<\/tr>\n<tr>\n<th>Pojemno\u015b\u0107 akumulatora<\/th>\n<td>6000 mAh<\/td>\n<\/tr>\n<tr>\n<th>Czas pracy <\/th>\n<td>do 5 godzin<\/td>\n<\/tr>\n<tr>\n<th>Czas \u0142adowania <\/th>\n<td>ok. 609 minut<\/td>\n<\/tr>\n<tr>\n<th>Stopie\u0144 ochrony <\/th>\n<td>IP31<\/td>\n<\/tr>\n<tr>\n<th>Odporno\u015b\u0107 na upadek <\/th>\n<td>do 1 m<\/td>\n<\/tr>\n<tr>\n<th>Materia\u0142 <\/th>\n<td>ABS<\/td>\n<\/tr>\n<\/tbody>\n<\/table>\n<\/div>\n","protected":false},"excerpt":{"rendered":"<p>Latarka szperacz Superfire M9-E \u2013 900 lm, 473 m, 6000 mAh, 5h pracy, powerbank Praktyczna latarka Superfire M9-E sprawdzi si\u0119<\/p>\n","protected":false},"featured_media":41249,"comment_status":"closed","ping_status":"open","template":"","meta":{"_acf_changed":false},"product_brand":[],"product_cat":[5938,5937,5939],"product_tag":[],"class_list":{"0":"post-55559","1":"product","2":"type-product","3":"status-publish","4":"has-post-thumbnail","6":"product_cat-latarki","7":"product_cat-outdoor","8":"product_cat-pozostale-latarki","9":"pa_okres-gwarancji-5754","10":"pa_producent-superfire","12":"first","13":"outofstock","14":"taxable","15":"shipping-taxable","16":"purchasable","17":"product-type-simple"},"acf":[],"yoast_head":"<!-- This site is optimized with the Yoast SEO plugin v27.2 - https:\/\/yoast.com\/product\/yoast-seo-wordpress\/ -->\n<title>Latarka SUPERFIRE M9-E strumie\u0144 \u015bwietlny 900lm USB - IRONSKY.PL Sklep z Dronami<\/title>\n<meta name=\"description\" content=\"Latarka SUPERFIRE M9-E strumie\u0144 \u015bwietlny 900lm USB - \u2705 sklep z dronami i fachowym doradztwem. \u2705 Tutaj kupisz produkty DJI, Yuneec, Parrot, Syma i wiele innych, a tak\u017ce kursy i licencje na operatora drona.\" \/>\n<meta name=\"robots\" content=\"index, follow, max-snippet:-1, max-image-preview:large, max-video-preview:-1\" \/>\n<link rel=\"canonical\" href=\"https:\/\/ironsky.pl\/sklep\/produkt\/latarka-superfire-m9-e-strumien-swietlny-900lm-usb\/\" \/>\n<meta property=\"og:locale\" content=\"pl_PL\" \/>\n<meta property=\"og:type\" content=\"article\" \/>\n<meta property=\"og:title\" content=\"Latarka SUPERFIRE M9-E strumie\u0144 \u015bwietlny 900lm USB - IRONSKY.PL Sklep z Dronami\" \/>\n<meta property=\"og:description\" content=\"Latarka SUPERFIRE M9-E strumie\u0144 \u015bwietlny 900lm USB - \u2705 sklep z dronami i fachowym doradztwem. \u2705 Tutaj kupisz produkty DJI, Yuneec, Parrot, Syma i wiele innych, a tak\u017ce kursy i licencje na operatora drona.\" \/>\n<meta property=\"og:url\" content=\"https:\/\/ironsky.pl\/sklep\/produkt\/latarka-superfire-m9-e-strumien-swietlny-900lm-usb\/\" \/>\n<meta property=\"og:site_name\" content=\"IRONSKY.PL Sklep z Dronami\" \/>\n<meta property=\"article:modified_time\" content=\"2026-04-15T08:05:49+00:00\" \/>\n<meta property=\"og:image\" content=\"https:\/\/ironsky.pl\/sklep\/wp-content\/uploads\/2025\/06\/19689_3.jpg\" \/>\n\t<meta property=\"og:image:width\" content=\"800\" \/>\n\t<meta property=\"og:image:height\" content=\"800\" \/>\n\t<meta property=\"og:image:type\" content=\"image\/jpeg\" \/>\n<meta name=\"twitter:card\" content=\"summary_large_image\" \/>\n<meta name=\"twitter:label1\" content=\"Szacowany czas czytania\" \/>\n\t<meta name=\"twitter:data1\" content=\"3 minuty\" \/>\n<script type=\"application\/ld+json\" class=\"yoast-schema-graph\">{\"@context\":\"https:\/\/schema.org\",\"@graph\":[{\"@type\":\"WebPage\",\"@id\":\"https:\/\/ironsky.pl\/sklep\/produkt\/latarka-superfire-m9-e-strumien-swietlny-900lm-usb\/\",\"url\":\"https:\/\/ironsky.pl\/sklep\/produkt\/latarka-superfire-m9-e-strumien-swietlny-900lm-usb\/\",\"name\":\"Latarka SUPERFIRE M9-E strumie\u0144 \u015bwietlny 900lm USB - IRONSKY.PL Sklep z Dronami\",\"isPartOf\":{\"@id\":\"https:\/\/ironsky.pl\/sklep\/#website\"},\"primaryImageOfPage\":{\"@id\":\"https:\/\/ironsky.pl\/sklep\/produkt\/latarka-superfire-m9-e-strumien-swietlny-900lm-usb\/#primaryimage\"},\"image\":{\"@id\":\"https:\/\/ironsky.pl\/sklep\/produkt\/latarka-superfire-m9-e-strumien-swietlny-900lm-usb\/#primaryimage\"},\"thumbnailUrl\":\"https:\/\/ironsky.pl\/sklep\/wp-content\/uploads\/2025\/06\/19689_3.jpg\",\"datePublished\":\"2026-04-15T08:05:36+00:00\",\"dateModified\":\"2026-04-15T08:05:49+00:00\",\"description\":\"Latarka SUPERFIRE M9-E strumie\u0144 \u015bwietlny 900lm USB - \u2705 sklep z dronami i fachowym doradztwem. \u2705 Tutaj kupisz produkty DJI, Yuneec, Parrot, Syma i wiele innych, a tak\u017ce kursy i licencje na operatora drona.\",\"breadcrumb\":{\"@id\":\"https:\/\/ironsky.pl\/sklep\/produkt\/latarka-superfire-m9-e-strumien-swietlny-900lm-usb\/#breadcrumb\"},\"inLanguage\":\"pl-PL\",\"potentialAction\":[{\"@type\":\"ReadAction\",\"target\":[\"https:\/\/ironsky.pl\/sklep\/produkt\/latarka-superfire-m9-e-strumien-swietlny-900lm-usb\/\"]}]},{\"@type\":\"ImageObject\",\"inLanguage\":\"pl-PL\",\"@id\":\"https:\/\/ironsky.pl\/sklep\/produkt\/latarka-superfire-m9-e-strumien-swietlny-900lm-usb\/#primaryimage\",\"url\":\"https:\/\/ironsky.pl\/sklep\/wp-content\/uploads\/2025\/06\/19689_3.jpg\",\"contentUrl\":\"https:\/\/ironsky.pl\/sklep\/wp-content\/uploads\/2025\/06\/19689_3.jpg\",\"width\":800,\"height\":800},{\"@type\":\"BreadcrumbList\",\"@id\":\"https:\/\/ironsky.pl\/sklep\/produkt\/latarka-superfire-m9-e-strumien-swietlny-900lm-usb\/#breadcrumb\",\"itemListElement\":[{\"@type\":\"ListItem\",\"position\":1,\"name\":\"Strona g\u0142\u00f3wna\",\"item\":\"https:\/\/ironsky.pl\/sklep\/\"},{\"@type\":\"ListItem\",\"position\":2,\"name\":\"Wszystkie produkty\",\"item\":\"https:\/\/ironsky.pl\/sklep\/produkty\/\"},{\"@type\":\"ListItem\",\"position\":3,\"name\":\"Latarka SUPERFIRE M9-E strumie\u0144 \u015bwietlny 900lm USB\"}]},{\"@type\":\"WebSite\",\"@id\":\"https:\/\/ironsky.pl\/sklep\/#website\",\"url\":\"https:\/\/ironsky.pl\/sklep\/\",\"name\":\"IRONSKY.PL Sklep z Dronami\",\"description\":\"IRONSKY.PL Sklep z Dronami\",\"potentialAction\":[{\"@type\":\"SearchAction\",\"target\":{\"@type\":\"EntryPoint\",\"urlTemplate\":\"https:\/\/ironsky.pl\/sklep\/?s={search_term_string}\"},\"query-input\":{\"@type\":\"PropertyValueSpecification\",\"valueRequired\":true,\"valueName\":\"search_term_string\"}}],\"inLanguage\":\"pl-PL\"}]}<\/script>\n<!-- \/ Yoast SEO plugin. -->","yoast_head_json":{"title":"Latarka SUPERFIRE M9-E strumie\u0144 \u015bwietlny 900lm USB - IRONSKY.PL Sklep z Dronami","description":"Latarka SUPERFIRE M9-E strumie\u0144 \u015bwietlny 900lm USB - \u2705 sklep z dronami i fachowym doradztwem. \u2705 Tutaj kupisz produkty DJI, Yuneec, Parrot, Syma i wiele innych, a tak\u017ce kursy i licencje na operatora drona.","robots":{"index":"index","follow":"follow","max-snippet":"max-snippet:-1","max-image-preview":"max-image-preview:large","max-video-preview":"max-video-preview:-1"},"canonical":"https:\/\/ironsky.pl\/sklep\/produkt\/latarka-superfire-m9-e-strumien-swietlny-900lm-usb\/","og_locale":"pl_PL","og_type":"article","og_title":"Latarka SUPERFIRE M9-E strumie\u0144 \u015bwietlny 900lm USB - IRONSKY.PL Sklep z Dronami","og_description":"Latarka SUPERFIRE M9-E strumie\u0144 \u015bwietlny 900lm USB - \u2705 sklep z dronami i fachowym doradztwem. \u2705 Tutaj kupisz produkty DJI, Yuneec, Parrot, Syma i wiele innych, a tak\u017ce kursy i licencje na operatora drona.","og_url":"https:\/\/ironsky.pl\/sklep\/produkt\/latarka-superfire-m9-e-strumien-swietlny-900lm-usb\/","og_site_name":"IRONSKY.PL Sklep z Dronami","article_modified_time":"2026-04-15T08:05:49+00:00","og_image":[{"width":800,"height":800,"url":"https:\/\/ironsky.pl\/sklep\/wp-content\/uploads\/2025\/06\/19689_3.jpg","type":"image\/jpeg"}],"twitter_card":"summary_large_image","twitter_misc":{"Szacowany czas czytania":"3 minuty"},"schema":{"@context":"https:\/\/schema.org","@graph":[{"@type":"WebPage","@id":"https:\/\/ironsky.pl\/sklep\/produkt\/latarka-superfire-m9-e-strumien-swietlny-900lm-usb\/","url":"https:\/\/ironsky.pl\/sklep\/produkt\/latarka-superfire-m9-e-strumien-swietlny-900lm-usb\/","name":"Latarka SUPERFIRE M9-E strumie\u0144 \u015bwietlny 900lm USB - IRONSKY.PL Sklep z Dronami","isPartOf":{"@id":"https:\/\/ironsky.pl\/sklep\/#website"},"primaryImageOfPage":{"@id":"https:\/\/ironsky.pl\/sklep\/produkt\/latarka-superfire-m9-e-strumien-swietlny-900lm-usb\/#primaryimage"},"image":{"@id":"https:\/\/ironsky.pl\/sklep\/produkt\/latarka-superfire-m9-e-strumien-swietlny-900lm-usb\/#primaryimage"},"thumbnailUrl":"https:\/\/ironsky.pl\/sklep\/wp-content\/uploads\/2025\/06\/19689_3.jpg","datePublished":"2026-04-15T08:05:36+00:00","dateModified":"2026-04-15T08:05:49+00:00","description":"Latarka SUPERFIRE M9-E strumie\u0144 \u015bwietlny 900lm USB - \u2705 sklep z dronami i fachowym doradztwem. \u2705 Tutaj kupisz produkty DJI, Yuneec, Parrot, Syma i wiele innych, a tak\u017ce kursy i licencje na operatora drona.","breadcrumb":{"@id":"https:\/\/ironsky.pl\/sklep\/produkt\/latarka-superfire-m9-e-strumien-swietlny-900lm-usb\/#breadcrumb"},"inLanguage":"pl-PL","potentialAction":[{"@type":"ReadAction","target":["https:\/\/ironsky.pl\/sklep\/produkt\/latarka-superfire-m9-e-strumien-swietlny-900lm-usb\/"]}]},{"@type":"ImageObject","inLanguage":"pl-PL","@id":"https:\/\/ironsky.pl\/sklep\/produkt\/latarka-superfire-m9-e-strumien-swietlny-900lm-usb\/#primaryimage","url":"https:\/\/ironsky.pl\/sklep\/wp-content\/uploads\/2025\/06\/19689_3.jpg","contentUrl":"https:\/\/ironsky.pl\/sklep\/wp-content\/uploads\/2025\/06\/19689_3.jpg","width":800,"height":800},{"@type":"BreadcrumbList","@id":"https:\/\/ironsky.pl\/sklep\/produkt\/latarka-superfire-m9-e-strumien-swietlny-900lm-usb\/#breadcrumb","itemListElement":[{"@type":"ListItem","position":1,"name":"Strona g\u0142\u00f3wna","item":"https:\/\/ironsky.pl\/sklep\/"},{"@type":"ListItem","position":2,"name":"Wszystkie produkty","item":"https:\/\/ironsky.pl\/sklep\/produkty\/"},{"@type":"ListItem","position":3,"name":"Latarka SUPERFIRE M9-E strumie\u0144 \u015bwietlny 900lm USB"}]},{"@type":"WebSite","@id":"https:\/\/ironsky.pl\/sklep\/#website","url":"https:\/\/ironsky.pl\/sklep\/","name":"IRONSKY.PL Sklep z Dronami","description":"IRONSKY.PL Sklep z Dronami","potentialAction":[{"@type":"SearchAction","target":{"@type":"EntryPoint","urlTemplate":"https:\/\/ironsky.pl\/sklep\/?s={search_term_string}"},"query-input":{"@type":"PropertyValueSpecification","valueRequired":true,"valueName":"search_term_string"}}],"inLanguage":"pl-PL"}]}},"_links":{"self":[{"href":"https:\/\/ironsky.pl\/sklep\/wp-json\/wp\/v2\/product\/55559","targetHints":{"allow":["GET"]}}],"collection":[{"href":"https:\/\/ironsky.pl\/sklep\/wp-json\/wp\/v2\/product"}],"about":[{"href":"https:\/\/ironsky.pl\/sklep\/wp-json\/wp\/v2\/types\/product"}],"replies":[{"embeddable":true,"href":"https:\/\/ironsky.pl\/sklep\/wp-json\/wp\/v2\/comments?post=55559"}],"wp:featuredmedia":[{"embeddable":true,"href":"https:\/\/ironsky.pl\/sklep\/wp-json\/wp\/v2\/media\/41249"}],"wp:attachment":[{"href":"https:\/\/ironsky.pl\/sklep\/wp-json\/wp\/v2\/media?parent=55559"}],"wp:term":[{"taxonomy":"product_brand","embeddable":true,"href":"https:\/\/ironsky.pl\/sklep\/wp-json\/wp\/v2\/product_brand?post=55559"},{"taxonomy":"product_cat","embeddable":true,"href":"https:\/\/ironsky.pl\/sklep\/wp-json\/wp\/v2\/product_cat?post=55559"},{"taxonomy":"product_tag","embeddable":true,"href":"https:\/\/ironsky.pl\/sklep\/wp-json\/wp\/v2\/product_tag?post=55559"}],"curies":[{"name":"wp","href":"https:\/\/api.w.org\/{rel}","templated":true}]}}